{"id":6253,"date":"2023-09-17T05:45:45","date_gmt":"2023-09-17T03:45:45","guid":{"rendered":"https:\/\/rotary.fi\/d1430\/?page_id=6253"},"modified":"2023-09-17T06:07:47","modified_gmt":"2023-09-17T04:07:47","slug":"piirin-kevatkokoukset","status":"publish","type":"page","link":"https:\/\/rotary.fi\/d1430\/piirin-kevatkokoukset\/","title":{"rendered":"Piirin kev\u00e4tkokousten materiaali"},"content":{"rendered":"<p>[et_pb_section fb_built=&#8221;1&#8243; admin_label=&#8221;section&#8221; _builder_version=&#8221;4.16&#8243; global_colors_info=&#8221;{}&#8221;][et_pb_row admin_label=&#8221;row&#8221; _builder_version=&#8221;4.22.1&#8243; background_size=&#8221;initial&#8221; background_position=&#8221;top_left&#8221; background_repeat=&#8221;repeat&#8221; min_height=&#8221;150px&#8221; height=&#8221;178px&#8221; max_height=&#8221;169px&#8221; custom_padding=&#8221;||0px|||&#8221; global_colors_info=&#8221;{}&#8221;][et_pb_column type=&#8221;4_4&#8243; _builder_version=&#8221;4.16&#8243; custom_padding=&#8221;|||&#8221; global_colors_info=&#8221;{}&#8221; custom_padding__hover=&#8221;|||&#8221;][et_pb_text _builder_version=&#8221;4.22.1&#8243; _module_preset=&#8221;default&#8221; global_colors_info=&#8221;{}&#8221;]<\/p>\n<h2 style=\"text-align: center\">Kev\u00e4tkokousten materiaali<\/h2>\n<p>[\/et_pb_text][et_pb_text _builder_version=&#8221;4.22.1&#8243; _module_preset=&#8221;default&#8221; global_colors_info=&#8221;{}&#8221;]<\/p>\n<h5>T\u00e4\u00e4\u00e4lt\u00e4 l\u00f6yd\u00e4t kuluvan vuoden kev\u00e4tkokousten ja seminaarien materiaalit. Aiempien vuosien materiaalit ovat omien tapahtumalinkkien takana.<\/h5>\n<p>&nbsp;<\/p>\n<p>[\/et_pb_text][\/et_pb_column][\/et_pb_row][et_pb_row _builder_version=&#8221;4.22.1&#8243; _module_preset=&#8221;default&#8221; global_colors_info=&#8221;{}&#8221;][et_pb_column type=&#8221;4_4&#8243; _builder_version=&#8221;4.22.1&#8243; _module_preset=&#8221;default&#8221; global_colors_info=&#8221;{}&#8221;][et_pb_text _builder_version=&#8221;4.22.1&#8243; _module_preset=&#8221;default&#8221; hover_enabled=&#8221;0&#8243; global_colors_info=&#8221;{}&#8221; sticky_enabled=&#8221;0&#8243;]<\/p>\n<h6>Piirikonferenssi 2023 Savonlinna 13.05.23<\/h6>\n<p><span style=\"font-size: large\"><a href=\"https:\/\/rotary.fi\/d1430\/wp-content\/uploads\/sites\/175\/2023\/04\/Piirikonferenssiohjelma-13.5.20235724.pdf\">Piirikonferenssiohjelma,\u00a0<\/a><\/span><span style=\"font-size: large\"><a href=\"https:\/\/drive.google.com\/file\/d\/1wrauI-W82HKWwtpV_8EzYUXgZdiJw0e9\/view?usp=share_link\" target=\"_blank\" rel=\"noopener\">Vaihto-opiskelijoiden ohjelma<\/a><\/span><\/p>\n<p><span style=\"font-size: large\">Linkki Tapahtuman <a href=\"https:\/\/rotary.fi\/d1430\/events\/piirikonferenssi-2023-savonlinna-la-13-05-23-klo-9-spahotel-casino\/\">sivulle.<\/a><\/span><\/p>\n<p><strong><span style=\"font-size: large\"><\/span><\/strong><\/p>\n<p>[\/et_pb_text][et_pb_text _builder_version=&#8221;4.22.1&#8243; _module_preset=&#8221;default&#8221; hover_enabled=&#8221;0&#8243; global_colors_info=&#8221;{}&#8221; sticky_enabled=&#8221;0&#8243;]<\/p>\n<h6>Piirineuvottelu\u00a0 19.03.2023 Varkaus<\/h6>\n<table style=\"width: 100%;border-collapse: collapse;border-style: solid\" border=\"1\">\n<tbody>\n<tr>\n<td style=\"width: 50%\"><strong><a href=\"https:\/\/drive.google.com\/file\/d\/1BNllSMCHxnzen0YZs1aGtPlObB3cNdn3\/view?usp=share_link\" target=\"_blank\" rel=\"noopener\">Piirineuvottelu kutsu asialista ja valtakirja<\/a><\/strong><\/td>\n<td style=\"width: 50%\"><\/td>\n<\/tr>\n<tr>\n<td style=\"width: 50%\"><strong><a href=\"https:\/\/rotary.fi\/d1430\/wp-content\/uploads\/sites\/175\/2023\/08\/Kauden_2023\u20132024_Toimintasuunnitelma_piiri_1430-1.pdf\">Kauden 2023\u20132024 Toimintasuunnitelma<\/a><\/strong><\/td>\n<td style=\"width: 50%\"><strong><a href=\"https:\/\/rotary.fi\/d1430\/wp-content\/uploads\/sites\/175\/2023\/02\/LIITE-1-Piirin-1430-Talousarvio-2023-2024.pdf\">LIITE 1 Piirin 1430 Talousarvio 2023-2024<\/a><\/strong><\/td>\n<\/tr>\n<tr>\n<td style=\"width: 50%\"><a href=\"https:\/\/rotary.fi\/d1430\/wp-content\/uploads\/sites\/175\/2023\/02\/LIITE-2-Piirin-1430-talousohjesaanto.pdf\"><strong>LIITE 2 Piirin 1430 talousohjesa\u0308a\u0308nto\u0308<\/strong><\/a><\/td>\n<td style=\"width: 50%\"><strong><a href=\"https:\/\/rotary.fi\/d1430\/wp-content\/uploads\/sites\/175\/2023\/02\/LIITE_3_Piirin_1430_Saatiokomitean_toimintaohje.pdf\">LIITE_3_Piirin_1430_S\u00e4\u00e4ti\u00f6komitean_toimintaohje<\/a><\/strong><\/td>\n<\/tr>\n<tr>\n<td style=\"width: 50%\"><strong><a href=\"https:\/\/rotary.fi\/d1430\/wp-content\/uploads\/sites\/175\/2023\/08\/Liite_4_Piirin_1430_Organisaatio_ja_tehtavat_2023-2024.pdf\">Liite_4_Piirin_1430_Organisaatio_ja_teht\u00e4v\u00e4t_2023-2024<\/a><\/strong><\/td>\n<td style=\"width: 50%\"><a href=\"https:\/\/rotary.fi\/d1430\/wp-content\/uploads\/sites\/175\/2023\/02\/LIITE_5_Piirin_toimihenkiloiden_tehtava_ja_toimenkuvaukset.pdf\"><strong>LIITE_5_Piirin 1430 Toimihenkil\u00f6iden_teht\u00e4v\u00e4_ja_toimenkuvaukset<\/strong><\/a><\/td>\n<\/tr>\n<tr>\n<td style=\"width: 50%\"><strong><a href=\"https:\/\/rotary.fi\/d1430\/wp-content\/uploads\/sites\/175\/2023\/02\/LIITE-6-Piirin-1430-Toimintasuunnitelmataulukko-2023-2024.pdf\">LIITE 6 Piirin 1430 Toimintasuunnitelmataulukko 2023-2024<\/a><\/strong><\/td>\n<td style=\"width: 50%\"><strong><a href=\"https:\/\/rotary.fi\/d1430\/wp-content\/uploads\/sites\/175\/2023\/02\/Talouskomitean-lausunto.pdf\">LIITE\u00a0 7\u00a0 Talouskomitean lausunto<\/a><\/strong><\/td>\n<\/tr>\n<\/tbody>\n<\/table>\n<div id=\"content-area\" class=\"clearfix\">\n<div id=\"left-area\">\n<article id=\"post-5474\" class=\"et_pb_post post-5474 event type-event status-publish hentry\">\n<div class=\"entry-content\">\n<div class=\"em em-view-container\" id=\"em-view-6\" data-view=\"event\">\n<div class=\"em pixelbones em-item em-item-single em-event em-event-single em-event-14411 size-large\" id=\"em-event-6\" data-view-id=\"6\">\n<p>\u00a0<strong><a href=\"https:\/\/rotary.fi\/d1430\/wp-content\/uploads\/sites\/175\/2023\/02\/Talouskomitean-lausunto.pdf\"><\/a><\/strong><\/p>\n<\/div>\n<\/div>\n<\/div>\n<\/article>\n<\/div>\n<\/div>\n<p>[\/et_pb_text][\/et_pb_column][\/et_pb_row][\/et_pb_section]<\/p>\n","protected":false},"excerpt":{"rendered":"<p>Kev\u00e4tkokousten materiaaliT\u00e4\u00e4\u00e4lt\u00e4 l\u00f6yd\u00e4t kuluvan vuoden kev\u00e4tkokousten ja seminaarien materiaalit. Aiempien vuosien materiaalit ovat omien tapahtumalinkkien takana. &nbsp;Piirikonferenssi 2023 Savonlinna 13.05.23 Piirikonferenssiohjelma,\u00a0Vaihto-opiskelijoiden ohjelma Linkki Tapahtuman sivulle. Piirineuvottelu\u00a0 19.03.2023 Varkaus Piirineuvottelu kutsu asialista ja valtakirja Kauden 2023\u20132024 Toimintasuunnitelma LIITE 1 Piirin 1430 Talousarvio 2023-2024 LIITE 2 Piirin 1430 talousohjesa\u0308a\u0308nto\u0308 LIITE_3_Piirin_1430_S\u00e4\u00e4ti\u00f6komitean_toimintaohje Liite_4_Piirin_1430_Organisaatio_ja_teht\u00e4v\u00e4t_2023-2024 LIITE_5_Piirin 1430 Toimihenkil\u00f6iden_teht\u00e4v\u00e4_ja_toimenkuvaukset LIITE 6 Piirin [&hellip;]<\/p>\n","protected":false},"author":185,"featured_media":0,"parent":0,"menu_order":0,"comment_status":"closed","ping_status":"closed","template":"","meta":{"_acf_changed":false,"_et_pb_use_builder":"on","_et_pb_old_content":"<h5>Rotarypiirimme\u00a0 vanhat koulutusaineistot l\u00f6ytyv\u00e4t kunkin piirin tapahtuman, PETS, syysseminaari, s\u00e4\u00e4ti\u00f6seminnaari ym. kohdalta\u00a0 nettisivujen ajankohtaista osiosta.<\/h5>\r\n<h5>T\u00e4h\u00e4n uuteen piirin koulutusosioon\u00a0 lis\u00e4ilemme\u00a0 jatkossa aiheen mukaan\u00a0 uusia\u00a0 koulutusaineistoja .\u00a0 Osassa koulutusaineistoa on videokoulutus ja siihen liittyv\u00e4t diat. Helpointa on katsoa videoklippi ja kopioida diat omalle koneelle ja tehd\u00e4 sill\u00e4 esim.\u00a0 MY-rotary tunnukset<\/h5>\r\n<a href=\"https:\/\/rotary.fi\/d1430\/wp-content\/uploads\/sites\/175\/2022\/02\/Jasentietojarjestelma-My-rotary-viim-pakattu_1.pdf\">J\u00e4sentietoj\u00e4rjestelm\u00e4 My-rotary\u00a0<\/a>\u00a0\u00a0<a href=\"https:\/\/rotary.fi\/d1430\/wp-content\/uploads\/sites\/175\/2022\/02\/Klubin-tavoitteet-ja-Kunniamaininta-2022-2023-ET.pdf\">Klubin tavoitteet ja Kunniamaininta 2022-2023<\/a>\r\n\r\n<a href=\"https:\/\/rotary.fi\/d1430\/wp-content\/uploads\/sites\/175\/2022\/06\/MD1385-1430-Crisis-Management-Plan-202216052.pdf\">Nuorisovaihto: Klubin nuorisovaihtotiimin j\u00e4senten RI:n vaatima koulutus: Crisis Management Plan 2022-2023<\/a>\r\n\r\n<a href=\"https:\/\/rotary.fi\/d1430\/wp-content\/uploads\/sites\/175\/2021\/04\/Miten-teen-klubilleni-logon.pdf\">Miten teen klubilleni logon diaesitys<\/a>\r\n\r\n<a href=\"https:\/\/youtu.be\/2mkefxLBPHY\">Miten teen klubilleni uuden logon video<\/a>\r\n\r\n<a href=\"https:\/\/youtu.be\/mSWacAp7LPs\">MY-rotary- omat tiedot ja klubien tavoitteiden asetanta video<\/a>\r\n\r\n<a href=\"https:\/\/rotary.fi\/d1430\/wp-content\/uploads\/sites\/175\/2021\/03\/Esitys-07.04.21-Piiri-D-1410-MY-rotary.pdf\">MY-rotary omat tiedot klubin tavoitteet diaesitys<\/a>\r\n\r\n<a href=\"https:\/\/youtu.be\/WGTc5dE-EDQ\">Miten teen tunnukset My-rotaryyn video<\/a>\r\n\r\n<a href=\"https:\/\/rotary.fi\/d1430\/wp-content\/uploads\/sites\/175\/2021\/04\/Rotary_graafinen_ohjeisto_tiivistelma.docx\">Rotary graafinen ohje tiivistelm\u00e4 ohje<\/a>\r\n\r\n<a href=\"https:\/\/rotary.fi\/d1430\/wp-content\/uploads\/sites\/175\/2021\/01\/Sosiaalisen-median-kanavat-lyhyesti_verkkomatrikkeliin236911.pdf\">Sosiaalisen median kanavat lyhyesti ohje<\/a>\r\n\r\n<a href=\"https:\/\/rotary.fi\/d1430\/wp-content\/uploads\/sites\/175\/2021\/01\/Rotaryn-Facebook-viestinta%CC%88ohjeet228864.docx\">Rotaryn Facebook-viestinta\u0308 ohje<\/a>\r\n\r\n<a href=\"https:\/\/rotary.fi\/d1430\/wp-content\/uploads\/sites\/175\/2021\/11\/Rotarysaation-KASIKIRJA.pdf\">Rotarys\u00e4\u00e4ti\u00f6n k\u00e4sikirja<\/a>\r\n\r\n<a href=\"https:\/\/acrobat.adobe.com\/link\/review?uri=urn:aaid:scds:US:056ed1c6-74f0-3b13-9ee2-bf3d3a7b25e7\">J\u00e4senkehityksen vahvistaminen -hyv\u00e4 opas klubeille ja Rotareille<\/a>\r\n\r\n<a href=\"https:\/\/acrobat.adobe.com\/link\/track?uri=urn:aaid:scds:US:fae6ee9a-60c4-34d1-940a-61845e8e554d\">Perustietoa Rotarysta<\/a>\r\n\r\n\u00a0\r\n\r\n\u00a0","_et_gb_content_width":"","footnotes":""},"class_list":["post-6253","page","type-page","status-publish","hentry"],"acf":[],"yoast_head":"<!-- This site is optimized with the Yoast SEO plugin v27.0 - https:\/\/yoast.com\/product\/yoast-seo-wordpress\/ -->\n<title>Piirin kev\u00e4tkokousten materiaali - Piiri 1430<\/title>\n<meta name=\"robots\" content=\"index, follow, max-snippet:-1, max-image-preview:large, max-video-preview:-1\" \/>\n<link rel=\"canonical\" href=\"https:\/\/rotary.fi\/d1430\/piirin-kevatkokoukset\/\" \/>\n<meta property=\"og:locale\" content=\"fi_FI\" \/>\n<meta property=\"og:type\" content=\"article\" \/>\n<meta property=\"og:title\" content=\"Piirin kev\u00e4tkokousten materiaali - Piiri 1430\" \/>\n<meta property=\"og:description\" content=\"Kev\u00e4tkokousten materiaaliT\u00e4\u00e4\u00e4lt\u00e4 l\u00f6yd\u00e4t kuluvan vuoden kev\u00e4tkokousten ja seminaarien materiaalit. Aiempien vuosien materiaalit ovat omien tapahtumalinkkien takana. &nbsp;Piirikonferenssi 2023 Savonlinna 13.05.23 Piirikonferenssiohjelma,\u00a0Vaihto-opiskelijoiden ohjelma Linkki Tapahtuman sivulle. Piirineuvottelu\u00a0 19.03.2023 Varkaus Piirineuvottelu kutsu asialista ja valtakirja Kauden 2023\u20132024 Toimintasuunnitelma LIITE 1 Piirin 1430 Talousarvio 2023-2024 LIITE 2 Piirin 1430 talousohjesa\u0308a\u0308nto\u0308 LIITE_3_Piirin_1430_S\u00e4\u00e4ti\u00f6komitean_toimintaohje Liite_4_Piirin_1430_Organisaatio_ja_teht\u00e4v\u00e4t_2023-2024 LIITE_5_Piirin 1430 Toimihenkil\u00f6iden_teht\u00e4v\u00e4_ja_toimenkuvaukset LIITE 6 Piirin [&hellip;]\" \/>\n<meta property=\"og:url\" content=\"https:\/\/rotary.fi\/d1430\/piirin-kevatkokoukset\/\" \/>\n<meta property=\"og:site_name\" content=\"Piiri 1430\" \/>\n<meta property=\"article:publisher\" content=\"https:\/\/www.facebook.com\/rotary\/\" \/>\n<meta property=\"article:modified_time\" content=\"2023-09-17T04:07:47+00:00\" \/>\n<meta name=\"twitter:card\" content=\"summary_large_image\" \/>\n<meta name=\"twitter:label1\" content=\"Arvioitu lukuaika\" \/>\n\t<meta name=\"twitter:data1\" content=\"1 minuutti\" \/>\n<script type=\"application\/ld+json\" class=\"yoast-schema-graph\">{\"@context\":\"https:\/\/schema.org\",\"@graph\":[{\"@type\":\"WebPage\",\"@id\":\"https:\/\/rotary.fi\/d1430\/piirin-kevatkokoukset\/\",\"url\":\"https:\/\/rotary.fi\/d1430\/piirin-kevatkokoukset\/\",\"name\":\"Piirin kev\u00e4tkokousten materiaali - Piiri 1430\",\"isPartOf\":{\"@id\":\"https:\/\/rotary.fi\/d1430\/#website\"},\"datePublished\":\"2023-09-17T03:45:45+00:00\",\"dateModified\":\"2023-09-17T04:07:47+00:00\",\"breadcrumb\":{\"@id\":\"https:\/\/rotary.fi\/d1430\/piirin-kevatkokoukset\/#breadcrumb\"},\"inLanguage\":\"fi\",\"potentialAction\":[{\"@type\":\"ReadAction\",\"target\":[\"https:\/\/rotary.fi\/d1430\/piirin-kevatkokoukset\/\"]}]},{\"@type\":\"BreadcrumbList\",\"@id\":\"https:\/\/rotary.fi\/d1430\/piirin-kevatkokoukset\/#breadcrumb\",\"itemListElement\":[{\"@type\":\"ListItem\",\"position\":1,\"name\":\"Home\",\"item\":\"https:\/\/rotary.fi\/d1430\/\"},{\"@type\":\"ListItem\",\"position\":2,\"name\":\"Piirin kev\u00e4tkokousten materiaali\"}]},{\"@type\":\"WebSite\",\"@id\":\"https:\/\/rotary.fi\/d1430\/#website\",\"url\":\"https:\/\/rotary.fi\/d1430\/\",\"name\":\"Piiri 1430\",\"description\":\"Suomen Rotary\",\"potentialAction\":[{\"@type\":\"SearchAction\",\"target\":{\"@type\":\"EntryPoint\",\"urlTemplate\":\"https:\/\/rotary.fi\/d1430\/?s={search_term_string}\"},\"query-input\":{\"@type\":\"PropertyValueSpecification\",\"valueRequired\":true,\"valueName\":\"search_term_string\"}}],\"inLanguage\":\"fi\"}]}<\/script>\n<!-- \/ Yoast SEO plugin. -->","yoast_head_json":{"title":"Piirin kev\u00e4tkokousten materiaali - Piiri 1430","robots":{"index":"index","follow":"follow","max-snippet":"max-snippet:-1","max-image-preview":"max-image-preview:large","max-video-preview":"max-video-preview:-1"},"canonical":"https:\/\/rotary.fi\/d1430\/piirin-kevatkokoukset\/","og_locale":"fi_FI","og_type":"article","og_title":"Piirin kev\u00e4tkokousten materiaali - Piiri 1430","og_description":"Kev\u00e4tkokousten materiaaliT\u00e4\u00e4\u00e4lt\u00e4 l\u00f6yd\u00e4t kuluvan vuoden kev\u00e4tkokousten ja seminaarien materiaalit. Aiempien vuosien materiaalit ovat omien tapahtumalinkkien takana. &nbsp;Piirikonferenssi 2023 Savonlinna 13.05.23 Piirikonferenssiohjelma,\u00a0Vaihto-opiskelijoiden ohjelma Linkki Tapahtuman sivulle. Piirineuvottelu\u00a0 19.03.2023 Varkaus Piirineuvottelu kutsu asialista ja valtakirja Kauden 2023\u20132024 Toimintasuunnitelma LIITE 1 Piirin 1430 Talousarvio 2023-2024 LIITE 2 Piirin 1430 talousohjesa\u0308a\u0308nto\u0308 LIITE_3_Piirin_1430_S\u00e4\u00e4ti\u00f6komitean_toimintaohje Liite_4_Piirin_1430_Organisaatio_ja_teht\u00e4v\u00e4t_2023-2024 LIITE_5_Piirin 1430 Toimihenkil\u00f6iden_teht\u00e4v\u00e4_ja_toimenkuvaukset LIITE 6 Piirin [&hellip;]","og_url":"https:\/\/rotary.fi\/d1430\/piirin-kevatkokoukset\/","og_site_name":"Piiri 1430","article_publisher":"https:\/\/www.facebook.com\/rotary\/","article_modified_time":"2023-09-17T04:07:47+00:00","twitter_card":"summary_large_image","twitter_misc":{"Arvioitu lukuaika":"1 minuutti"},"schema":{"@context":"https:\/\/schema.org","@graph":[{"@type":"WebPage","@id":"https:\/\/rotary.fi\/d1430\/piirin-kevatkokoukset\/","url":"https:\/\/rotary.fi\/d1430\/piirin-kevatkokoukset\/","name":"Piirin kev\u00e4tkokousten materiaali - Piiri 1430","isPartOf":{"@id":"https:\/\/rotary.fi\/d1430\/#website"},"datePublished":"2023-09-17T03:45:45+00:00","dateModified":"2023-09-17T04:07:47+00:00","breadcrumb":{"@id":"https:\/\/rotary.fi\/d1430\/piirin-kevatkokoukset\/#breadcrumb"},"inLanguage":"fi","potentialAction":[{"@type":"ReadAction","target":["https:\/\/rotary.fi\/d1430\/piirin-kevatkokoukset\/"]}]},{"@type":"BreadcrumbList","@id":"https:\/\/rotary.fi\/d1430\/piirin-kevatkokoukset\/#breadcrumb","itemListElement":[{"@type":"ListItem","position":1,"name":"Home","item":"https:\/\/rotary.fi\/d1430\/"},{"@type":"ListItem","position":2,"name":"Piirin kev\u00e4tkokousten materiaali"}]},{"@type":"WebSite","@id":"https:\/\/rotary.fi\/d1430\/#website","url":"https:\/\/rotary.fi\/d1430\/","name":"Piiri 1430","description":"Suomen Rotary","potentialAction":[{"@type":"SearchAction","target":{"@type":"EntryPoint","urlTemplate":"https:\/\/rotary.fi\/d1430\/?s={search_term_string}"},"query-input":{"@type":"PropertyValueSpecification","valueRequired":true,"valueName":"search_term_string"}}],"inLanguage":"fi"}]}},"lang":"fi","translations":{"fi":6253},"pll_sync_post":[],"_links":{"self":[{"href":"https:\/\/rotary.fi\/d1430\/wp-json\/wp\/v2\/pages\/6253","targetHints":{"allow":["GET"]}}],"collection":[{"href":"https:\/\/rotary.fi\/d1430\/wp-json\/wp\/v2\/pages"}],"about":[{"href":"https:\/\/rotary.fi\/d1430\/wp-json\/wp\/v2\/types\/page"}],"author":[{"embeddable":true,"href":"https:\/\/rotary.fi\/d1430\/wp-json\/wp\/v2\/users\/185"}],"replies":[{"embeddable":true,"href":"https:\/\/rotary.fi\/d1430\/wp-json\/wp\/v2\/comments?post=6253"}],"version-history":[{"count":4,"href":"https:\/\/rotary.fi\/d1430\/wp-json\/wp\/v2\/pages\/6253\/revisions"}],"predecessor-version":[{"id":6261,"href":"https:\/\/rotary.fi\/d1430\/wp-json\/wp\/v2\/pages\/6253\/revisions\/6261"}],"wp:attachment":[{"href":"https:\/\/rotary.fi\/d1430\/wp-json\/wp\/v2\/media?parent=6253"}],"curies":[{"name":"wp","href":"https:\/\/api.w.org\/{rel}","templated":true}]}}