{"id":6239,"date":"2023-09-17T05:19:47","date_gmt":"2023-09-17T03:19:47","guid":{"rendered":"https:\/\/rotary.fi\/d1430\/?page_id=6239"},"modified":"2024-11-02T13:35:55","modified_gmt":"2024-11-02T11:35:55","slug":"piirin-syyskokoukset","status":"publish","type":"page","link":"https:\/\/rotary.fi\/d1430\/piirin-syyskokoukset\/","title":{"rendered":"Piirin syyskokousten ja syysseminaarien materiaali"},"content":{"rendered":"<p>[et_pb_section fb_built=&#8221;1&#8243; admin_label=&#8221;section&#8221; _builder_version=&#8221;4.16&#8243; global_colors_info=&#8221;{}&#8221;][et_pb_row admin_label=&#8221;row&#8221; _builder_version=&#8221;4.22.1&#8243; background_size=&#8221;initial&#8221; background_position=&#8221;top_left&#8221; background_repeat=&#8221;repeat&#8221; min_height=&#8221;150px&#8221; height=&#8221;178px&#8221; max_height=&#8221;169px&#8221; custom_padding=&#8221;||0px|||&#8221; global_colors_info=&#8221;{}&#8221;][et_pb_column type=&#8221;4_4&#8243; _builder_version=&#8221;4.16&#8243; custom_padding=&#8221;|||&#8221; global_colors_info=&#8221;{}&#8221; custom_padding__hover=&#8221;|||&#8221;][et_pb_text _builder_version=&#8221;4.27.0&#8243; _module_preset=&#8221;default&#8221; global_colors_info=&#8221;{}&#8221;]<\/p>\n<h2 style=\"text-align: center\">Syysseminaarien ja kokousten materiaali<\/h2>\n<p>[\/et_pb_text][et_pb_text _builder_version=&#8221;4.27.0&#8243; _module_preset=&#8221;default&#8221; global_colors_info=&#8221;{}&#8221;]<\/p>\n<p>T\u00e4\u00e4\u00e4lt\u00e4 l\u00f6yd\u00e4t kuluvan vuoden syyskokousten ja seminaarien materiaalit. Aiempien vuosien materiaalit ovat omien tapahtumalinkkien takana.<\/p>\n<p>&nbsp;<\/p>\n<p>[\/et_pb_text][\/et_pb_column][\/et_pb_row][et_pb_row admin_label=&#8221;Rivi&#8221; _builder_version=&#8221;4.22.1&#8243; _module_preset=&#8221;default&#8221; global_colors_info=&#8221;{}&#8221;][et_pb_column type=&#8221;4_4&#8243; _builder_version=&#8221;4.22.1&#8243; _module_preset=&#8221;default&#8221; global_colors_info=&#8221;{}&#8221;][et_pb_text admin_label=&#8221;Teksti&#8221; _builder_version=&#8221;4.27.0&#8243; _module_preset=&#8221;default&#8221; global_colors_info=&#8221;{}&#8221;]<\/p>\n<h5>Syysseminaari ja syyskokous Lepp\u00e4virralla 26.10.24<\/h5>\n<p><strong>Syysseminaarin esitykset:\u00a0 <\/strong><strong>\u00a0 \u00a0<\/strong><\/p>\n<p>Tiina Sj\u00f6lund RPIC\u00a0 \u00a0 \u00a0 \u00a0 \u00a0 \u00a0 \u00a0 \u00a0 \u00a0 \u00a0 \u00a0 <a href=\"https:\/\/drive.google.com\/file\/d\/1rni4g-6BxOeGmSIphGh87xO2hndIbMsv\/view?usp=sharing\">\u00a0Kerro oma rotarytarina<\/a><\/p>\n<p>Pekka Intke PDG\u00a0 \u00a0 \u00a0 \u00a0 \u00a0 \u00a0 \u00a0 \u00a0 \u00a0 \u00a0 \u00a0 \u00a0 \u00a0<a href=\"https:\/\/drive.google.com\/file\/d\/1_NAeFpQXRoV2zAfMTfoAW5fJ5EANCOgh\/view?usp=sharing\">Klubin visio paperilta toimivaksi<\/a><\/p>\n<p>Mikko Heikkil\u00e4 PDG\u00a0 \u00a0 \u00a0 \u00a0 \u00a0 \u00a0 \u00a0 \u00a0 \u00a0 \u00a0 <a href=\"https:\/\/drive.google.com\/file\/d\/1tCvKqw9HCi4PfSd8TxZSCkcwjTw67dh-\/view?usp=sharing\">Rotary Internationalin s\u00e4\u00e4nt\u00f6viidakko<\/a><\/p>\n<p>Lairi Muona\u00a0 \u00a0 \u00a0 \u00a0 \u00a0 \u00a0 \u00a0 \u00a0 \u00a0 \u00a0 \u00a0 \u00a0 \u00a0 \u00a0 \u00a0 \u00a0 \u00a0 <a href=\"https:\/\/drive.google.com\/file\/d\/19Mto2AWo0IAjWrPSBLJCfM4pw_vNsGiq\/view?usp=sharing\">Meid\u00e4n s\u00e4\u00e4ti\u00f6<\/a><\/p>\n<p>Jarmo Ruti\u00a0 \u00a0 \u00a0 \u00a0 \u00a0 \u00a0 \u00a0 \u00a0 \u00a0 \u00a0 \u00a0 \u00a0 \u00a0 \u00a0 \u00a0 \u00a0 \u00a0 \u00a0 <a href=\"https:\/\/drive.google.com\/file\/d\/11D_azge2aofXka2Tgja2Qr3FhKn181by\/view?usp=sharing\">My Rotary<\/a><\/p>\n<p><a href=\"https:\/\/drive.google.com\/file\/d\/1CLOffVMOwJN1r7vgYFls7K4kzvooCF2i\/view?usp=sharing\">\u00a0 \u00a0 \u00a0 \u00a0 \u00a0 \u00a0 \u00a0 \u00a0 \u00a0 \u00a0 \u00a0 \u00a0 \u00a0 \u00a0 \u00a0 \u00a0 \u00a0 \u00a0 \u00a0 \u00a0 \u00a0 \u00a0 \u00a0 \u00a0 \u00a0 \u00a0 \u00a0 \u00a0Miten teen tunnukset My Rotaryyn<\/a><\/p>\n<p>&nbsp;<\/p>\n<p>&nbsp;<\/p>\n<p>&nbsp;<\/p>\n<p>&nbsp;<\/p>\n<p>&nbsp;<\/p>\n<p>&nbsp;<\/p>\n<p>&nbsp;<\/p>\n<p>&nbsp;<\/p>\n<p>[\/et_pb_text][et_pb_text admin_label=&#8221;Teksti&#8221; _builder_version=&#8221;4.27.0&#8243; _module_preset=&#8221;default&#8221; global_colors_info=&#8221;{}&#8221;]<\/p>\n<h5>Syyskokous ja Seminaari 8.10.2023 Villa Hallman Kuopio<\/h5>\n<p>RI Presidentin R. Gordon R. Mclnallyn <a href=\"https:\/\/1drv.ms\/v\/s!Ahg_qgR2w2rStCZV6ltnL6fckwLF?e=DfNa0H\">videotervehdys<\/a> (onedrive). Mik\u00e4li video ei n\u00e4y niin voit katsoa sen my\u00f6s <a href=\"https:\/\/www.dropbox.com\/scl\/fi\/e9rdc07kbb1ax42urshdz\/2023_054_McInally_DistConf_EN_Subs.mp4?rlkey=kgcl4eltdcjmvqsj7lal2on4o&amp;dl=0AadyUZ0TACAyJAJICKp%2Fview%3Fusp%3Ddrive_link\">t\u00e4m\u00e4n<\/a> dropbox linkin takaa.<\/p>\n<p><strong><span style=\"font-size: large\"><a href=\"https:\/\/rotary.fi\/d1430\/wp-content\/uploads\/sites\/175\/2023\/09\/Syysseminaari-ja-syyskokouskutsu-8.10.2023.pdf\">K<\/a><\/span><\/strong><span style=\"font-size: large\"><a href=\"https:\/\/rotary.fi\/d1430\/wp-content\/uploads\/sites\/175\/2023\/09\/Syysseminaari-ja-syyskokouskutsu-8.10.2023.pdf\">utsu<\/a><\/span><span style=\"color: #f7a81b\">,<\/span> <span style=\"font-size: large\"><a href=\"https:\/\/rotary.fi\/d1430\/wp-content\/uploads\/sites\/175\/2023\/09\/Syyskokous-8.10.2023.pdf\">Esityslista<\/a><\/span><\/p>\n<p><span style=\"font-size: large\">Koulutusmateriaali Pekka Intke J\u00e4senhankinnan ja klubitoiminnan vahvistaminen kaudella 2023-2024:<\/span><\/p>\n<p><a href=\"https:\/\/rotary.fi\/d1430\/wp-content\/uploads\/sites\/175\/2023\/10\/ROTARYPIIRI_1430_SYYSSEMINAARI_2023_KOONNOS_JASENYYDEN_JA_KLUBITOIMINNAN_VAHVISTAMINEN.pdf\"><span style=\"font-size: large\">Tiivistelm\u00e4<\/span><\/a><\/p>\n<p><a href=\"https:\/\/rotary.fi\/d1430\/wp-content\/uploads\/sites\/175\/2023\/10\/Koonnos_syysseminaarin_tyoryhmien_mietteista_liittyen_jasennyden_ja_klubitoiminnan_vahvistamiseen-1.pdf\"><span style=\"font-size: large\">Ty\u00f6ryhmien esitykset aiheesta<\/span><\/a><\/p>\n<p><span style=\"font-size: large\">Koulutusmateriaali Antti Ihalainen sis\u00e4inen ja ulkoinen viestint\u00e4:<\/span><\/p>\n<p><a href=\"https:\/\/rotary.fi\/d1430\/wp-content\/uploads\/sites\/175\/2023\/10\/viestinta-presentaatio.pdf\"><span style=\"font-size: large\">Esitysmateriaali<\/span><\/a><\/p>\n<p><a href=\"https:\/\/rotary.fi\/d1430\/wp-content\/uploads\/sites\/175\/2023\/10\/viestinta-presentaatio-ryhmatyot_yhteeenveto.pdf\"><span style=\"font-size: large\">Ty\u00f6ryhmien esitykset<\/span><\/a><\/p>\n<p><span style=\"font-size: large\"><a href=\"https:\/\/rotary.fi\/d1430\/wp-content\/uploads\/sites\/175\/2023\/10\/klubi-tapahtuman-luominen.pdf\">Ohjeet<\/a>. Miten teen klubin nettisivuille tapahtuman joka n\u00e4kyy my\u00f6s piirin nettisivuilla.<\/span><\/p>\n<p>&nbsp;<\/p>\n<p>&nbsp;<\/p>\n<p>[\/et_pb_text][et_pb_text _builder_version=&#8221;4.27.0&#8243; _module_preset=&#8221;default&#8221; global_colors_info=&#8221;{}&#8221;]<\/p>\n<h5>Syyskokous ja Seminaari 29.10.2022-30.10.2022 Rantasalmi Kuus-Hukkala<\/h5>\n<p><span style=\"font-size: large\">Tapahtuman materiaalit l\u00f6yd\u00e4t<strong> <a href=\"https:\/\/rotary.fi\/d1430\/events\/rotarypiirimme-syysseminaari-ja-syyskokous-la-29-10-su-30-10-rantasalmi-kuus-hukkala\/\">oheisen<\/a><\/strong> linkin takaa.<\/span><\/p>\n<p>[\/et_pb_text][\/et_pb_column][\/et_pb_row][\/et_pb_section]<\/p>\n","protected":false},"excerpt":{"rendered":"<p>Syysseminaarien ja kokousten materiaaliT\u00e4\u00e4\u00e4lt\u00e4 l\u00f6yd\u00e4t kuluvan vuoden syyskokousten ja seminaarien materiaalit. Aiempien vuosien materiaalit ovat omien tapahtumalinkkien takana. &nbsp;Syysseminaari ja syyskokous Lepp\u00e4virralla 26.10.24 Syysseminaarin esitykset:\u00a0 \u00a0 \u00a0 Tiina Sj\u00f6lund RPIC\u00a0 \u00a0 \u00a0 \u00a0 \u00a0 \u00a0 \u00a0 \u00a0 \u00a0 \u00a0 \u00a0 \u00a0Kerro oma rotarytarina Pekka Intke PDG\u00a0 \u00a0 \u00a0 \u00a0 \u00a0 \u00a0 \u00a0 \u00a0 \u00a0 \u00a0 [&hellip;]<\/p>\n","protected":false},"author":185,"featured_media":0,"parent":0,"menu_order":0,"comment_status":"closed","ping_status":"closed","template":"","meta":{"_acf_changed":false,"_et_pb_use_builder":"on","_et_pb_old_content":"<h5>Rotarypiirimme\u00a0 vanhat koulutusaineistot l\u00f6ytyv\u00e4t kunkin piirin tapahtuman, PETS, syysseminaari, s\u00e4\u00e4ti\u00f6seminnaari ym. kohdalta\u00a0 nettisivujen ajankohtaista osiosta.<\/h5>\r\n<h5>T\u00e4h\u00e4n uuteen piirin koulutusosioon\u00a0 lis\u00e4ilemme\u00a0 jatkossa aiheen mukaan\u00a0 uusia\u00a0 koulutusaineistoja .\u00a0 Osassa koulutusaineistoa on videokoulutus ja siihen liittyv\u00e4t diat. Helpointa on katsoa videoklippi ja kopioida diat omalle koneelle ja tehd\u00e4 sill\u00e4 esim.\u00a0 MY-rotary tunnukset<\/h5>\r\n<a href=\"https:\/\/rotary.fi\/d1430\/wp-content\/uploads\/sites\/175\/2022\/02\/Jasentietojarjestelma-My-rotary-viim-pakattu_1.pdf\">J\u00e4sentietoj\u00e4rjestelm\u00e4 My-rotary\u00a0<\/a>\u00a0\u00a0<a href=\"https:\/\/rotary.fi\/d1430\/wp-content\/uploads\/sites\/175\/2022\/02\/Klubin-tavoitteet-ja-Kunniamaininta-2022-2023-ET.pdf\">Klubin tavoitteet ja Kunniamaininta 2022-2023<\/a>\r\n\r\n<a href=\"https:\/\/rotary.fi\/d1430\/wp-content\/uploads\/sites\/175\/2022\/06\/MD1385-1430-Crisis-Management-Plan-202216052.pdf\">Nuorisovaihto: Klubin nuorisovaihtotiimin j\u00e4senten RI:n vaatima koulutus: Crisis Management Plan 2022-2023<\/a>\r\n\r\n<a href=\"https:\/\/rotary.fi\/d1430\/wp-content\/uploads\/sites\/175\/2021\/04\/Miten-teen-klubilleni-logon.pdf\">Miten teen klubilleni logon diaesitys<\/a>\r\n\r\n<a href=\"https:\/\/youtu.be\/2mkefxLBPHY\">Miten teen klubilleni uuden logon video<\/a>\r\n\r\n<a href=\"https:\/\/youtu.be\/mSWacAp7LPs\">MY-rotary- omat tiedot ja klubien tavoitteiden asetanta video<\/a>\r\n\r\n<a href=\"https:\/\/rotary.fi\/d1430\/wp-content\/uploads\/sites\/175\/2021\/03\/Esitys-07.04.21-Piiri-D-1410-MY-rotary.pdf\">MY-rotary omat tiedot klubin tavoitteet diaesitys<\/a>\r\n\r\n<a href=\"https:\/\/youtu.be\/WGTc5dE-EDQ\">Miten teen tunnukset My-rotaryyn video<\/a>\r\n\r\n<a href=\"https:\/\/rotary.fi\/d1430\/wp-content\/uploads\/sites\/175\/2021\/04\/Rotary_graafinen_ohjeisto_tiivistelma.docx\">Rotary graafinen ohje tiivistelm\u00e4 ohje<\/a>\r\n\r\n<a href=\"https:\/\/rotary.fi\/d1430\/wp-content\/uploads\/sites\/175\/2021\/01\/Sosiaalisen-median-kanavat-lyhyesti_verkkomatrikkeliin236911.pdf\">Sosiaalisen median kanavat lyhyesti ohje<\/a>\r\n\r\n<a href=\"https:\/\/rotary.fi\/d1430\/wp-content\/uploads\/sites\/175\/2021\/01\/Rotaryn-Facebook-viestinta%CC%88ohjeet228864.docx\">Rotaryn Facebook-viestinta\u0308 ohje<\/a>\r\n\r\n<a href=\"https:\/\/rotary.fi\/d1430\/wp-content\/uploads\/sites\/175\/2021\/11\/Rotarysaation-KASIKIRJA.pdf\">Rotarys\u00e4\u00e4ti\u00f6n k\u00e4sikirja<\/a>\r\n\r\n<a href=\"https:\/\/acrobat.adobe.com\/link\/review?uri=urn:aaid:scds:US:056ed1c6-74f0-3b13-9ee2-bf3d3a7b25e7\">J\u00e4senkehityksen vahvistaminen -hyv\u00e4 opas klubeille ja Rotareille<\/a>\r\n\r\n<a href=\"https:\/\/acrobat.adobe.com\/link\/track?uri=urn:aaid:scds:US:fae6ee9a-60c4-34d1-940a-61845e8e554d\">Perustietoa Rotarysta<\/a>\r\n\r\n\u00a0\r\n\r\n\u00a0","_et_gb_content_width":"","footnotes":""},"class_list":["post-6239","page","type-page","status-publish","hentry"],"acf":[],"yoast_head":"<!-- This site is optimized with the Yoast SEO plugin v27.0 - https:\/\/yoast.com\/product\/yoast-seo-wordpress\/ -->\n<title>Piirin syyskokousten ja syysseminaarien materiaali - Piiri 1430<\/title>\n<meta name=\"robots\" content=\"index, follow, max-snippet:-1, max-image-preview:large, max-video-preview:-1\" \/>\n<link rel=\"canonical\" href=\"https:\/\/rotary.fi\/d1430\/piirin-syyskokoukset\/\" \/>\n<meta property=\"og:locale\" content=\"fi_FI\" \/>\n<meta property=\"og:type\" content=\"article\" \/>\n<meta property=\"og:title\" content=\"Piirin syyskokousten ja syysseminaarien materiaali - Piiri 1430\" \/>\n<meta property=\"og:description\" content=\"Syysseminaarien ja kokousten materiaaliT\u00e4\u00e4\u00e4lt\u00e4 l\u00f6yd\u00e4t kuluvan vuoden syyskokousten ja seminaarien materiaalit. Aiempien vuosien materiaalit ovat omien tapahtumalinkkien takana. &nbsp;Syysseminaari ja syyskokous Lepp\u00e4virralla 26.10.24 Syysseminaarin esitykset:\u00a0 \u00a0 \u00a0 Tiina Sj\u00f6lund RPIC\u00a0 \u00a0 \u00a0 \u00a0 \u00a0 \u00a0 \u00a0 \u00a0 \u00a0 \u00a0 \u00a0 \u00a0Kerro oma rotarytarina Pekka Intke PDG\u00a0 \u00a0 \u00a0 \u00a0 \u00a0 \u00a0 \u00a0 \u00a0 \u00a0 \u00a0 [&hellip;]\" \/>\n<meta property=\"og:url\" content=\"https:\/\/rotary.fi\/d1430\/piirin-syyskokoukset\/\" \/>\n<meta property=\"og:site_name\" content=\"Piiri 1430\" \/>\n<meta property=\"article:publisher\" content=\"https:\/\/www.facebook.com\/rotary\/\" \/>\n<meta property=\"article:modified_time\" content=\"2024-11-02T11:35:55+00:00\" \/>\n<meta name=\"twitter:card\" content=\"summary_large_image\" \/>\n<meta name=\"twitter:label1\" content=\"Arvioitu lukuaika\" \/>\n\t<meta name=\"twitter:data1\" content=\"2 minuuttia\" \/>\n<script type=\"application\/ld+json\" class=\"yoast-schema-graph\">{\"@context\":\"https:\/\/schema.org\",\"@graph\":[{\"@type\":\"WebPage\",\"@id\":\"https:\/\/rotary.fi\/d1430\/piirin-syyskokoukset\/\",\"url\":\"https:\/\/rotary.fi\/d1430\/piirin-syyskokoukset\/\",\"name\":\"Piirin syyskokousten ja syysseminaarien materiaali - Piiri 1430\",\"isPartOf\":{\"@id\":\"https:\/\/rotary.fi\/d1430\/#website\"},\"datePublished\":\"2023-09-17T03:19:47+00:00\",\"dateModified\":\"2024-11-02T11:35:55+00:00\",\"breadcrumb\":{\"@id\":\"https:\/\/rotary.fi\/d1430\/piirin-syyskokoukset\/#breadcrumb\"},\"inLanguage\":\"fi\",\"potentialAction\":[{\"@type\":\"ReadAction\",\"target\":[\"https:\/\/rotary.fi\/d1430\/piirin-syyskokoukset\/\"]}]},{\"@type\":\"BreadcrumbList\",\"@id\":\"https:\/\/rotary.fi\/d1430\/piirin-syyskokoukset\/#breadcrumb\",\"itemListElement\":[{\"@type\":\"ListItem\",\"position\":1,\"name\":\"Home\",\"item\":\"https:\/\/rotary.fi\/d1430\/\"},{\"@type\":\"ListItem\",\"position\":2,\"name\":\"Piirin syyskokousten ja syysseminaarien materiaali\"}]},{\"@type\":\"WebSite\",\"@id\":\"https:\/\/rotary.fi\/d1430\/#website\",\"url\":\"https:\/\/rotary.fi\/d1430\/\",\"name\":\"Piiri 1430\",\"description\":\"Suomen Rotary\",\"potentialAction\":[{\"@type\":\"SearchAction\",\"target\":{\"@type\":\"EntryPoint\",\"urlTemplate\":\"https:\/\/rotary.fi\/d1430\/?s={search_term_string}\"},\"query-input\":{\"@type\":\"PropertyValueSpecification\",\"valueRequired\":true,\"valueName\":\"search_term_string\"}}],\"inLanguage\":\"fi\"}]}<\/script>\n<!-- \/ Yoast SEO plugin. -->","yoast_head_json":{"title":"Piirin syyskokousten ja syysseminaarien materiaali - Piiri 1430","robots":{"index":"index","follow":"follow","max-snippet":"max-snippet:-1","max-image-preview":"max-image-preview:large","max-video-preview":"max-video-preview:-1"},"canonical":"https:\/\/rotary.fi\/d1430\/piirin-syyskokoukset\/","og_locale":"fi_FI","og_type":"article","og_title":"Piirin syyskokousten ja syysseminaarien materiaali - Piiri 1430","og_description":"Syysseminaarien ja kokousten materiaaliT\u00e4\u00e4\u00e4lt\u00e4 l\u00f6yd\u00e4t kuluvan vuoden syyskokousten ja seminaarien materiaalit. Aiempien vuosien materiaalit ovat omien tapahtumalinkkien takana. &nbsp;Syysseminaari ja syyskokous Lepp\u00e4virralla 26.10.24 Syysseminaarin esitykset:\u00a0 \u00a0 \u00a0 Tiina Sj\u00f6lund RPIC\u00a0 \u00a0 \u00a0 \u00a0 \u00a0 \u00a0 \u00a0 \u00a0 \u00a0 \u00a0 \u00a0 \u00a0Kerro oma rotarytarina Pekka Intke PDG\u00a0 \u00a0 \u00a0 \u00a0 \u00a0 \u00a0 \u00a0 \u00a0 \u00a0 \u00a0 [&hellip;]","og_url":"https:\/\/rotary.fi\/d1430\/piirin-syyskokoukset\/","og_site_name":"Piiri 1430","article_publisher":"https:\/\/www.facebook.com\/rotary\/","article_modified_time":"2024-11-02T11:35:55+00:00","twitter_card":"summary_large_image","twitter_misc":{"Arvioitu lukuaika":"2 minuuttia"},"schema":{"@context":"https:\/\/schema.org","@graph":[{"@type":"WebPage","@id":"https:\/\/rotary.fi\/d1430\/piirin-syyskokoukset\/","url":"https:\/\/rotary.fi\/d1430\/piirin-syyskokoukset\/","name":"Piirin syyskokousten ja syysseminaarien materiaali - Piiri 1430","isPartOf":{"@id":"https:\/\/rotary.fi\/d1430\/#website"},"datePublished":"2023-09-17T03:19:47+00:00","dateModified":"2024-11-02T11:35:55+00:00","breadcrumb":{"@id":"https:\/\/rotary.fi\/d1430\/piirin-syyskokoukset\/#breadcrumb"},"inLanguage":"fi","potentialAction":[{"@type":"ReadAction","target":["https:\/\/rotary.fi\/d1430\/piirin-syyskokoukset\/"]}]},{"@type":"BreadcrumbList","@id":"https:\/\/rotary.fi\/d1430\/piirin-syyskokoukset\/#breadcrumb","itemListElement":[{"@type":"ListItem","position":1,"name":"Home","item":"https:\/\/rotary.fi\/d1430\/"},{"@type":"ListItem","position":2,"name":"Piirin syyskokousten ja syysseminaarien materiaali"}]},{"@type":"WebSite","@id":"https:\/\/rotary.fi\/d1430\/#website","url":"https:\/\/rotary.fi\/d1430\/","name":"Piiri 1430","description":"Suomen Rotary","potentialAction":[{"@type":"SearchAction","target":{"@type":"EntryPoint","urlTemplate":"https:\/\/rotary.fi\/d1430\/?s={search_term_string}"},"query-input":{"@type":"PropertyValueSpecification","valueRequired":true,"valueName":"search_term_string"}}],"inLanguage":"fi"}]}},"lang":"fi","translations":{"fi":6239},"pll_sync_post":[],"_links":{"self":[{"href":"https:\/\/rotary.fi\/d1430\/wp-json\/wp\/v2\/pages\/6239","targetHints":{"allow":["GET"]}}],"collection":[{"href":"https:\/\/rotary.fi\/d1430\/wp-json\/wp\/v2\/pages"}],"about":[{"href":"https:\/\/rotary.fi\/d1430\/wp-json\/wp\/v2\/types\/page"}],"author":[{"embeddable":true,"href":"https:\/\/rotary.fi\/d1430\/wp-json\/wp\/v2\/users\/185"}],"replies":[{"embeddable":true,"href":"https:\/\/rotary.fi\/d1430\/wp-json\/wp\/v2\/comments?post=6239"}],"version-history":[{"count":9,"href":"https:\/\/rotary.fi\/d1430\/wp-json\/wp\/v2\/pages\/6239\/revisions"}],"predecessor-version":[{"id":7288,"href":"https:\/\/rotary.fi\/d1430\/wp-json\/wp\/v2\/pages\/6239\/revisions\/7288"}],"wp:attachment":[{"href":"https:\/\/rotary.fi\/d1430\/wp-json\/wp\/v2\/media?parent=6239"}],"curies":[{"name":"wp","href":"https:\/\/api.w.org\/{rel}","templated":true}]}}