{"id":5384,"date":"2023-01-30T08:27:49","date_gmt":"2023-01-30T06:27:49","guid":{"rendered":"https:\/\/rotary.fi\/d1430\/?page_id=5384"},"modified":"2026-02-02T18:14:01","modified_gmt":"2026-02-02T16:14:01","slug":"prepets-2023-tuleva-rotaryvuosi-2023-2024-kansainvalinen-rotary","status":"publish","type":"page","link":"https:\/\/rotary.fi\/d1430\/ajankohtaista\/prepets-2023-tuleva-rotaryvuosi-2023-2024-kansainvalinen-rotary\/","title":{"rendered":"PrePets 2023 Tuleva Rotaryvuosi 2023-2024  &#8211; Kansainv\u00e4linen Rotary"},"content":{"rendered":"<p>[et_pb_section fb_built=&#8221;1&#8243; _builder_version=&#8221;4.16&#8243; global_colors_info=&#8221;{}&#8221;][et_pb_row _builder_version=&#8221;4.16&#8243; background_size=&#8221;initial&#8221; background_position=&#8221;top_left&#8221; background_repeat=&#8221;repeat&#8221; global_colors_info=&#8221;{}&#8221;][et_pb_column type=&#8221;4_4&#8243; _builder_version=&#8221;4.16&#8243; custom_padding=&#8221;|||&#8221; global_colors_info=&#8221;{}&#8221; custom_padding__hover=&#8221;|||&#8221;][et_pb_text _builder_version=&#8221;4.27.0&#8243; background_size=&#8221;initial&#8221; background_position=&#8221;top_left&#8221; background_repeat=&#8221;repeat&#8221; custom_margin=&#8221;0px|||0px|false|false&#8221; custom_padding=&#8221;30px|||30px|false|false&#8221; border_radii=&#8221;off||||&#8221; box_shadow_style=&#8221;preset6&#8243; global_colors_info=&#8221;{}&#8221;]<\/p>\n<h4>Piirin D1430 PETS koulutus 24.03.2024 Hamina<\/h4>\n<p>&nbsp;<\/p>\n<h6>Avaus, DGE Paavo R\u00f6nkk\u00f6<\/h6>\n<h6>Rotaryvuosi 2024\u20132025, DGE Paavo R\u00f6nkk\u00f6<\/h6>\n<p>&nbsp;<\/p>\n<p>Maria Lammi\u00a0<a href=\"https:\/\/rotary.fi\/d1430\/wp-content\/uploads\/sites\/175\/2024\/03\/1.-PETS-Nuorisovaihto-Maria-Lammi.pdf\">PETS Nuorisovaihto\u00a0<\/a><\/p>\n<p>Venanzie Rizzi\u00a0<a href=\"https:\/\/rotary.fi\/d1430\/wp-content\/uploads\/sites\/175\/2024\/03\/2.-PETS-Action-Plan-Venanzie-Rizzi.pdf\">PETS Action Plan<\/a><\/p>\n<p>Venanzie Rizzi\u00a0<a href=\"https:\/\/rotary.fi\/d1430\/wp-content\/uploads\/sites\/175\/2024\/03\/2.1-PETS-HAMINAN-WORKSHOP-TULOKSET.pdf\">PETS Haminan workshop tulokset<\/a><\/p>\n<p>Paavo R\u00f6nkk\u00f6\u00a0<a href=\"https:\/\/rotary.fi\/d1430\/wp-content\/uploads\/sites\/175\/2024\/03\/3.-PETS-Satelliittiklubi-Paavo-Ronkko.pdf\">PETS Satelliittiklubi<\/a><\/p>\n<p>Ilkka Pehkonen <a href=\"https:\/\/rotary.fi\/d1430\/wp-content\/uploads\/sites\/175\/2024\/03\/ilkka-esitys-pets-2024-final.pdf\">Rotary yst\u00e4vyysvaihto Kolkatassa<\/a><\/p>\n<p>Markku Ranin.\u00a0<a href=\"https:\/\/rotary.fi\/d1430\/wp-content\/uploads\/sites\/175\/2024\/03\/4.-PETS-Vesiprojekti-Mikkelin-malli-Markku-Ranin.pdf\">PETS Vesiprojekti Mikkelin malli<\/a><\/p>\n<p>Markku Myllykangas.\u00a0<a href=\"https:\/\/rotary.fi\/d1430\/wp-content\/uploads\/sites\/175\/2024\/03\/5.-PETS-Haminan-rk-jasenhankinta-Markku-Myllykangas.pdf\">PETS Haminan rk j\u00e4senhankinta<\/a><\/p>\n<p>Maire Huopalainen.\u00a0<a href=\"https:\/\/rotary.fi\/d1430\/wp-content\/uploads\/sites\/175\/2024\/03\/6.-PETS-Paul-Harris-Society-Maire-Huopalainen.pdf\">PETS Paul Harris Society<\/a><\/p>\n<p>Lauri Muona.\u00a0<a href=\"https:\/\/rotary.fi\/d1430\/wp-content\/uploads\/sites\/175\/2024\/03\/7.-PETS-PHF-pisteiden-siirto-Lauri-Muona.pdf\">PETS PHF pisteiden siirto<\/a><\/p>\n<p>Maire Huopalainen.\u00a0<a href=\"https:\/\/rotary.fi\/d1430\/wp-content\/uploads\/sites\/175\/2024\/03\/8.-PETS-PolioPlus-Society-Maire-Huopalainen.pdf\">PETS PolioPlus Society<\/a><\/p>\n<p>&nbsp;<\/p>\n<p>[\/et_pb_text][et_pb_text _builder_version=&#8221;4.27.0&#8243; background_size=&#8221;initial&#8221; background_position=&#8221;top_left&#8221; background_repeat=&#8221;repeat&#8221; custom_margin=&#8221;0px|||0px|false|false&#8221; custom_padding=&#8221;30px|||30px|false|false&#8221; border_radii=&#8221;off||||&#8221; box_shadow_style=&#8221;preset6&#8243; global_colors_info=&#8221;{}&#8221;]<\/p>\n<h4>Piirin D1430 PrePets koulutus osa 1. 04.02.2024<\/h4>\n<p>Nauhoite koko koulutuksesta l\u00f6ytyy <a href=\"https:\/\/us06web.zoom.us\/rec\/share\/YIIbaCXL6tgNyJlyXneNESgDyvwYf2alQjCl16YeVrTYKeCiCYmo6HCrILf7sKmv.ez1nR_U1cFA9H5Au%20Passcode: PrePETS-koulutus2024\">t\u00e4\u00e4lt\u00e4<\/a>. (Nauhoitteen salasana on PrePETS-koulutus2024).<\/p>\n<h5>Avaus, DG Raimo Hallman<\/h5>\n<h5>\u00a0<\/h5>\n<h5>Rotaryvuosi 2024\u20132025, DGE Paavo R\u00f6nkk\u00f6<\/h5>\n<p>Esitysmateriaali <a href=\"https:\/\/rotary.fi\/d1430\/wp-content\/uploads\/sites\/175\/2024\/02\/PrePETS-1-2024.pdf\">PrePETS 1 2024<\/a>.<\/p>\n<ul>\n<li>vuositeema<\/li>\n<li>tavoitteet<\/li>\n<li>toiminta<\/li>\n<li>piirin toiminta-ajatus<\/li>\n<\/ul>\n<h5>MyRotary, DGE Paavo R\u00f6nkk\u00f6<\/h5>\n<p>Esitysmateriaali <a href=\"https:\/\/rotary.fi\/d1430\/wp-content\/uploads\/sites\/175\/2024\/02\/MyRotary2024.pdf\">MyRotary 2024<\/a>.<\/p>\n<ul>\n<li>Tunnukset, kirjautuminen<\/li>\n<li>Show case<\/li>\n<li>Learning Center<\/li>\n<\/ul>\n<h5>Rotary brandi, DGE Paavo R\u00f6nkk\u00f6<\/h5>\n<ul>\n<li>Mik\u00e4 ihmeen brandi?<\/li>\n<li>Mist\u00e4 l\u00f6ytyy?<\/li>\n<li>Kuinka k\u00e4ytet\u00e4\u00e4n oikein?<\/li>\n<\/ul>\n<h5>S\u00e4\u00e4ti\u00f6, DRFC Lauri Muona<\/h5>\n<p>Esitysmateriaali <a href=\"https:\/\/rotary.fi\/d1430\/wp-content\/uploads\/sites\/175\/2024\/02\/Saatio-Lauri-Muona.pdf\">S\u00e4\u00e4ti\u00f6 Lauri Muona<\/a>.<\/p>\n<ul>\n<li>Lahjoitukset<\/li>\n<li>Apurahat<\/li>\n<li>tulokset<\/li>\n<\/ul>\n<p>[\/et_pb_text][et_pb_text _builder_version=&#8221;4.22.1&#8243; background_size=&#8221;initial&#8221; background_position=&#8221;top_left&#8221; background_repeat=&#8221;repeat&#8221; custom_margin=&#8221;0px|||0px|false|false&#8221; custom_padding=&#8221;30px|||30px|false|false&#8221; border_radii=&#8221;off||||&#8221; box_shadow_style=&#8221;preset6&#8243; global_colors_info=&#8221;{}&#8221;]<\/p>\n<h4>Piirin D1430 PrePets koulutus osa 2. 18.02.2024<\/h4>\n<p>Nauhoite koko koulutuksesta l\u00f6ytyy <a href=\"https:\/\/us06web.zoom.us\/rec\/share\/7P8y4PaPy0lyhGCFJXo1CCgl0vVxVILtvym7quYpN6uMEmvY8RtLiwn7hVq_cJnh.NoGDTYymGbnwOO54?startTime=1708268593000 Passcode: PrePETS-koulutus2024\">t\u00e4\u00e4lt\u00e4<\/a>. (Nauhoitteen salasana on PrePETS-koulutus2024).<\/p>\n<h5>Avaus DGE Paavo R\u00f6nkk\u00f6<\/h5>\n<h5>Mist\u00e4 tieto l\u00f6ytyy ja Rotary Brandi, DGE Paavo R\u00f6nkk\u00f6<\/h5>\n<p>Esitysmateriaali <a href=\"https:\/\/rotary.fi\/d1430\/wp-content\/uploads\/sites\/175\/2024\/02\/Mista-tieto-loytyy-ja-Rotary-brandi.pdf\" rel=\"attachment wp-att-6769\">Mist\u00e4 tieto l\u00f6ytyy ja Rotary br\u00e4ndi<\/a><\/p>\n<h5>Presidentin ja sihteerin teht\u00e4v\u00e4t, DGE Paavo R\u00f6nkk\u00f6<\/h5>\n<p>Esitysmateriaali <a href=\"https:\/\/rotary.fi\/d1430\/wp-content\/uploads\/sites\/175\/2024\/02\/Presidentti-ja-sihteeri.pdf\" rel=\"attachment wp-att-6770\">Presidentti ja sihteeri<\/a><a href=\"https:\/\/rotary.fi\/d1430\/wp-content\/uploads\/sites\/175\/2024\/02\/MyRotary2024.pdf\"><\/a><\/p>\n<h5>Rahastonhoitajan teht\u00e4v\u00e4t Osmo Siira<\/h5>\n<p>Esitysmateriaali <a href=\"https:\/\/rotary.fi\/d1430\/wp-content\/uploads\/sites\/175\/2024\/02\/Rahastonhoitaja.pdf\" rel=\"attachment wp-att-6771\">Rahastonhoitaja<\/a><\/p>\n<h5>Nuorisovaihto Maria Lammi<\/h5>\n<p>Esitysmateriaali <a href=\"https:\/\/rotary.fi\/d1430\/wp-content\/uploads\/sites\/175\/2024\/02\/Rotary-nuorisovaihto.pdf\" rel=\"attachment wp-att-6772\">Rotary nuorisovaihto<\/a><a href=\"https:\/\/rotary.fi\/d1430\/wp-content\/uploads\/sites\/175\/2024\/02\/Saatio-Lauri-Muona.pdf\"><\/a><\/p>\n<p>&nbsp;<\/p>\n<p>[\/et_pb_text][et_pb_text admin_label=&#8221;Teksti&#8221; _builder_version=&#8221;4.27.0&#8243; background_size=&#8221;initial&#8221; background_position=&#8221;top_left&#8221; background_repeat=&#8221;repeat&#8221; custom_padding=&#8221;30px|||30px|false|false&#8221; box_shadow_style=&#8221;preset6&#8243; global_colors_info=&#8221;{}&#8221;]<\/p>\n<h4>22.01.23 PrePets 2023 I\u00a0 Tuleva rotaryvuosi ja Kansainv\u00e4linen Rotary tilaisuuden diaesitykset ja nauhoite:<\/h4>\n<p>&nbsp;<\/p>\n<h5><strong>Diaesitys DGE Raimo Hallman<br \/><\/strong><\/h5>\n<p><a href=\"https:\/\/drive.google.com\/file\/d\/16fFMEuBsx7JOzuTvwjM8PTkKhE56Z0q0\/view?usp=share_link\" target=\"_blank\" rel=\"noopener\">Tuleva rotaryvuosi 2023-2024<\/a><\/p>\n<h5>\u00a0<\/h5>\n<h5><strong>Diaesitys PDG Vesa Martikkala<\/strong><\/h5>\n<p><a href=\"https:\/\/docs.google.com\/presentation\/d\/15qjKEPf7w6N3vytQ9i0KLRVY_xckhI49\/edit?usp=share_link&amp;ouid=116064211780104916946&amp;rtpof=true&amp;sd=true\">Kansainv\u00e4linen rotary<\/a><\/p>\n<p>Nauhoite koulutuksesta &#8211;<a href=\"https:\/\/youtu.be\/v_2SBdBCmB4\">klikkaa<\/a><\/p>\n<h4>\u00a0<\/h4>\n<h4>29.01.23 PrePets 2023 II\u00a0 J\u00e4senyys ja j\u00e4senyyden kehitt\u00e4minen tilaisuuden diaesitykset ja nauhoite:<\/h4>\n<h5><strong>Diaesitys\u00a0 PDG Pekka Intke<\/strong><\/h5>\n<p><a href=\"https:\/\/drive.google.com\/file\/d\/17Y9-rpXsrZINLgQs-OdQbY2hDx54yDtA\/view?usp=share_link\" target=\"_blank\" rel=\"noopener\">Klubin j\u00e4senkehityksen vahvistaminen ja klubitoiminnan kehitt\u00e4minen<\/a><\/p>\n<p><a href=\"https:\/\/drive.google.com\/file\/d\/15xJX7bPF6vnmT5FaaGn6SpbQV4nG9kMv\/view?usp=share_link\" target=\"_blank\" rel=\"noopener\">Johda klubiasi J\u00e4senyyskomitea 2016-2019<\/a><\/p>\n<p><a href=\"https:\/\/docs.google.com\/document\/d\/1IYKZq-oKxcp5K0Vn3KazAoBAuZNTg-pI\/edit?usp=share_link&amp;ouid=116064211780104916946&amp;rtpof=true&amp;sd=true\" target=\"_blank\" rel=\"noopener\">L\u00f6yd\u00e4 uudet j\u00e4senet<\/a><\/p>\n<h5>\u00a0<\/h5>\n<h5><strong>Diaesitys PDG Teijo R\u00e4s\u00e4nen<\/strong><\/h5>\n<p><a href=\"https:\/\/docs.google.com\/presentation\/d\/1DO8Yvg3hTEoBlfHPEB4jII3gF-oZg4F4\/edit?usp=share_link&amp;ouid=116064211780104916946&amp;rtpof=true&amp;sd=true\" target=\"_blank\" rel=\"noopener\">Klubitoiminna kehitt\u00e4mionen, klubimuodot, koulutus<\/a><\/p>\n<p><a href=\"https:\/\/drive.google.com\/file\/d\/18yM9fkIRrrYqCzCspxqFKs9SH_9bo_Zs\/view?usp=share_link\" target=\"_blank\" rel=\"noopener\">Uusien j\u00e4senten hankinta rotaryklubiin<\/a><\/p>\n<p><a href=\"https:\/\/docs.google.com\/document\/d\/1VKlLyiQgTJzuJCaly_n2bydjCpqzWUqo\/edit?usp=share_link&amp;ouid=116064211780104916946&amp;rtpof=true&amp;sd=true\" target=\"_blank\" rel=\"noopener\">Klubimme Green Gard<\/a><\/p>\n<h5>\u00a0<\/h5>\n<h5><strong>Diaesitys DG Maire Huopalainen<\/strong><\/h5>\n<p><a href=\"https:\/\/drive.google.com\/file\/d\/1jodl3xKYW-mkTc-bOfn8gX19fZqlBgPO\/view?usp=share_link\" target=\"_blank\" rel=\"noopener\">J\u00e4sentiedot ja niiden merkitys<\/a><\/p>\n<p>Nauhoite koulutuksesta &#8211; <a href=\"https:\/\/youtu.be\/jEosJ_GaOnE\">klikkaa<\/a><\/p>\n<p>&nbsp;<\/p>\n<p>[\/et_pb_text][\/et_pb_column][\/et_pb_row][\/et_pb_section]<\/p>\n","protected":false},"excerpt":{"rendered":"<p>Piirin D1430 PETS koulutus 24.03.2024 Hamina &nbsp; Avaus, DGE Paavo R\u00f6nkk\u00f6 Rotaryvuosi 2024\u20132025, DGE Paavo R\u00f6nkk\u00f6 &nbsp; Maria Lammi\u00a0PETS Nuorisovaihto\u00a0 Venanzie Rizzi\u00a0PETS Action Plan Venanzie Rizzi\u00a0PETS Haminan workshop tulokset Paavo R\u00f6nkk\u00f6\u00a0PETS Satelliittiklubi Ilkka Pehkonen Rotary yst\u00e4vyysvaihto Kolkatassa Markku Ranin.\u00a0PETS Vesiprojekti Mikkelin malli Markku Myllykangas.\u00a0PETS Haminan rk j\u00e4senhankinta Maire Huopalainen.\u00a0PETS Paul Harris Society Lauri Muona.\u00a0PETS PHF [&hellip;]<\/p>\n","protected":false},"author":35,"featured_media":0,"parent":676,"menu_order":0,"comment_status":"closed","ping_status":"closed","template":"","meta":{"_acf_changed":false,"_et_pb_use_builder":"on","_et_pb_old_content":"<h3><strong>22.01.23 PrePets 2023 I\u00a0 Tuleva rotaryvuosi ja Kansainv\u00e4linen Rotary tilaisuuden diaesitykset ja nauhoite:<\/strong><\/h3><p><strong>Diaesitys DGE Raimo Hallman<\/strong><\/p><p><a href=\"https:\/\/drive.google.com\/file\/d\/16fFMEuBsx7JOzuTvwjM8PTkKhE56Z0q0\/view?usp=share_link\" target=\"_blank\" rel=\"noopener\">Tuleva rotaryvuosi 2023-2024<\/a><\/p><p><strong>Diaesitys PDG Vesa Martikkala<\/strong><\/p><p><a href=\"https:\/\/docs.google.com\/presentation\/d\/15qjKEPf7w6N3vytQ9i0KLRVY_xckhI49\/edit?usp=share_link&ouid=116064211780104916946&rtpof=true&sd=true\">Kansainv\u00e4linen rotary<\/a><\/p><p><strong>Nauhoite koulutuksesta -klikkaa<\/strong><\/p><p>https:\/\/youtu.be\/v_2SBdBCmB4<\/p>","_et_gb_content_width":"","footnotes":""},"class_list":["post-5384","page","type-page","status-publish","hentry"],"acf":[],"yoast_head":"<!-- This site is optimized with the Yoast SEO plugin v27.0 - https:\/\/yoast.com\/product\/yoast-seo-wordpress\/ -->\n<title>PrePets 2023 Tuleva Rotaryvuosi 2023-2024 - Kansainv\u00e4linen Rotary - Piiri 1430<\/title>\n<meta name=\"robots\" content=\"index, follow, max-snippet:-1, max-image-preview:large, max-video-preview:-1\" \/>\n<link rel=\"canonical\" href=\"https:\/\/rotary.fi\/d1430\/ajankohtaista\/prepets-2023-tuleva-rotaryvuosi-2023-2024-kansainvalinen-rotary\/\" \/>\n<meta property=\"og:locale\" content=\"fi_FI\" \/>\n<meta property=\"og:type\" content=\"article\" \/>\n<meta property=\"og:title\" content=\"PrePets 2023 Tuleva Rotaryvuosi 2023-2024 - Kansainv\u00e4linen Rotary - Piiri 1430\" \/>\n<meta property=\"og:description\" content=\"Piirin D1430 PETS koulutus 24.03.2024 Hamina &nbsp; Avaus, DGE Paavo R\u00f6nkk\u00f6 Rotaryvuosi 2024\u20132025, DGE Paavo R\u00f6nkk\u00f6 &nbsp; Maria Lammi\u00a0PETS Nuorisovaihto\u00a0 Venanzie Rizzi\u00a0PETS Action Plan Venanzie Rizzi\u00a0PETS Haminan workshop tulokset Paavo R\u00f6nkk\u00f6\u00a0PETS Satelliittiklubi Ilkka Pehkonen Rotary yst\u00e4vyysvaihto Kolkatassa Markku Ranin.\u00a0PETS Vesiprojekti Mikkelin malli Markku Myllykangas.\u00a0PETS Haminan rk j\u00e4senhankinta Maire Huopalainen.\u00a0PETS Paul Harris Society Lauri Muona.\u00a0PETS PHF [&hellip;]\" \/>\n<meta property=\"og:url\" content=\"https:\/\/rotary.fi\/d1430\/ajankohtaista\/prepets-2023-tuleva-rotaryvuosi-2023-2024-kansainvalinen-rotary\/\" \/>\n<meta property=\"og:site_name\" content=\"Piiri 1430\" \/>\n<meta property=\"article:publisher\" content=\"https:\/\/www.facebook.com\/rotary\/\" \/>\n<meta property=\"article:modified_time\" content=\"2026-02-02T16:14:01+00:00\" \/>\n<meta name=\"twitter:card\" content=\"summary_large_image\" \/>\n<meta name=\"twitter:label1\" content=\"Arvioitu lukuaika\" \/>\n\t<meta name=\"twitter:data1\" content=\"2 minuuttia\" \/>\n<script type=\"application\/ld+json\" class=\"yoast-schema-graph\">{\"@context\":\"https:\/\/schema.org\",\"@graph\":[{\"@type\":\"WebPage\",\"@id\":\"https:\/\/rotary.fi\/d1430\/ajankohtaista\/prepets-2023-tuleva-rotaryvuosi-2023-2024-kansainvalinen-rotary\/\",\"url\":\"https:\/\/rotary.fi\/d1430\/ajankohtaista\/prepets-2023-tuleva-rotaryvuosi-2023-2024-kansainvalinen-rotary\/\",\"name\":\"PrePets 2023 Tuleva Rotaryvuosi 2023-2024 - Kansainv\u00e4linen Rotary - Piiri 1430\",\"isPartOf\":{\"@id\":\"https:\/\/rotary.fi\/d1430\/#website\"},\"datePublished\":\"2023-01-30T06:27:49+00:00\",\"dateModified\":\"2026-02-02T16:14:01+00:00\",\"breadcrumb\":{\"@id\":\"https:\/\/rotary.fi\/d1430\/ajankohtaista\/prepets-2023-tuleva-rotaryvuosi-2023-2024-kansainvalinen-rotary\/#breadcrumb\"},\"inLanguage\":\"fi\",\"potentialAction\":[{\"@type\":\"ReadAction\",\"target\":[\"https:\/\/rotary.fi\/d1430\/ajankohtaista\/prepets-2023-tuleva-rotaryvuosi-2023-2024-kansainvalinen-rotary\/\"]}]},{\"@type\":\"BreadcrumbList\",\"@id\":\"https:\/\/rotary.fi\/d1430\/ajankohtaista\/prepets-2023-tuleva-rotaryvuosi-2023-2024-kansainvalinen-rotary\/#breadcrumb\",\"itemListElement\":[{\"@type\":\"ListItem\",\"position\":1,\"name\":\"Home\",\"item\":\"https:\/\/rotary.fi\/d1430\/\"},{\"@type\":\"ListItem\",\"position\":2,\"name\":\"Ajankohtaista\",\"item\":\"https:\/\/rotary.fi\/d1430\/ajankohtaista\/\"},{\"@type\":\"ListItem\",\"position\":3,\"name\":\"PrePets 2023 Tuleva Rotaryvuosi 2023-2024 &#8211; Kansainv\u00e4linen Rotary\"}]},{\"@type\":\"WebSite\",\"@id\":\"https:\/\/rotary.fi\/d1430\/#website\",\"url\":\"https:\/\/rotary.fi\/d1430\/\",\"name\":\"Piiri 1430\",\"description\":\"Suomen Rotary\",\"potentialAction\":[{\"@type\":\"SearchAction\",\"target\":{\"@type\":\"EntryPoint\",\"urlTemplate\":\"https:\/\/rotary.fi\/d1430\/?s={search_term_string}\"},\"query-input\":{\"@type\":\"PropertyValueSpecification\",\"valueRequired\":true,\"valueName\":\"search_term_string\"}}],\"inLanguage\":\"fi\"}]}<\/script>\n<!-- \/ Yoast SEO plugin. -->","yoast_head_json":{"title":"PrePets 2023 Tuleva Rotaryvuosi 2023-2024 - Kansainv\u00e4linen Rotary - Piiri 1430","robots":{"index":"index","follow":"follow","max-snippet":"max-snippet:-1","max-image-preview":"max-image-preview:large","max-video-preview":"max-video-preview:-1"},"canonical":"https:\/\/rotary.fi\/d1430\/ajankohtaista\/prepets-2023-tuleva-rotaryvuosi-2023-2024-kansainvalinen-rotary\/","og_locale":"fi_FI","og_type":"article","og_title":"PrePets 2023 Tuleva Rotaryvuosi 2023-2024 - Kansainv\u00e4linen Rotary - Piiri 1430","og_description":"Piirin D1430 PETS koulutus 24.03.2024 Hamina &nbsp; Avaus, DGE Paavo R\u00f6nkk\u00f6 Rotaryvuosi 2024\u20132025, DGE Paavo R\u00f6nkk\u00f6 &nbsp; Maria Lammi\u00a0PETS Nuorisovaihto\u00a0 Venanzie Rizzi\u00a0PETS Action Plan Venanzie Rizzi\u00a0PETS Haminan workshop tulokset Paavo R\u00f6nkk\u00f6\u00a0PETS Satelliittiklubi Ilkka Pehkonen Rotary yst\u00e4vyysvaihto Kolkatassa Markku Ranin.\u00a0PETS Vesiprojekti Mikkelin malli Markku Myllykangas.\u00a0PETS Haminan rk j\u00e4senhankinta Maire Huopalainen.\u00a0PETS Paul Harris Society Lauri Muona.\u00a0PETS PHF [&hellip;]","og_url":"https:\/\/rotary.fi\/d1430\/ajankohtaista\/prepets-2023-tuleva-rotaryvuosi-2023-2024-kansainvalinen-rotary\/","og_site_name":"Piiri 1430","article_publisher":"https:\/\/www.facebook.com\/rotary\/","article_modified_time":"2026-02-02T16:14:01+00:00","twitter_card":"summary_large_image","twitter_misc":{"Arvioitu lukuaika":"2 minuuttia"},"schema":{"@context":"https:\/\/schema.org","@graph":[{"@type":"WebPage","@id":"https:\/\/rotary.fi\/d1430\/ajankohtaista\/prepets-2023-tuleva-rotaryvuosi-2023-2024-kansainvalinen-rotary\/","url":"https:\/\/rotary.fi\/d1430\/ajankohtaista\/prepets-2023-tuleva-rotaryvuosi-2023-2024-kansainvalinen-rotary\/","name":"PrePets 2023 Tuleva Rotaryvuosi 2023-2024 - Kansainv\u00e4linen Rotary - Piiri 1430","isPartOf":{"@id":"https:\/\/rotary.fi\/d1430\/#website"},"datePublished":"2023-01-30T06:27:49+00:00","dateModified":"2026-02-02T16:14:01+00:00","breadcrumb":{"@id":"https:\/\/rotary.fi\/d1430\/ajankohtaista\/prepets-2023-tuleva-rotaryvuosi-2023-2024-kansainvalinen-rotary\/#breadcrumb"},"inLanguage":"fi","potentialAction":[{"@type":"ReadAction","target":["https:\/\/rotary.fi\/d1430\/ajankohtaista\/prepets-2023-tuleva-rotaryvuosi-2023-2024-kansainvalinen-rotary\/"]}]},{"@type":"BreadcrumbList","@id":"https:\/\/rotary.fi\/d1430\/ajankohtaista\/prepets-2023-tuleva-rotaryvuosi-2023-2024-kansainvalinen-rotary\/#breadcrumb","itemListElement":[{"@type":"ListItem","position":1,"name":"Home","item":"https:\/\/rotary.fi\/d1430\/"},{"@type":"ListItem","position":2,"name":"Ajankohtaista","item":"https:\/\/rotary.fi\/d1430\/ajankohtaista\/"},{"@type":"ListItem","position":3,"name":"PrePets 2023 Tuleva Rotaryvuosi 2023-2024 &#8211; Kansainv\u00e4linen Rotary"}]},{"@type":"WebSite","@id":"https:\/\/rotary.fi\/d1430\/#website","url":"https:\/\/rotary.fi\/d1430\/","name":"Piiri 1430","description":"Suomen Rotary","potentialAction":[{"@type":"SearchAction","target":{"@type":"EntryPoint","urlTemplate":"https:\/\/rotary.fi\/d1430\/?s={search_term_string}"},"query-input":{"@type":"PropertyValueSpecification","valueRequired":true,"valueName":"search_term_string"}}],"inLanguage":"fi"}]}},"lang":"fi","translations":{"fi":5384},"pll_sync_post":[],"_links":{"self":[{"href":"https:\/\/rotary.fi\/d1430\/wp-json\/wp\/v2\/pages\/5384","targetHints":{"allow":["GET"]}}],"collection":[{"href":"https:\/\/rotary.fi\/d1430\/wp-json\/wp\/v2\/pages"}],"about":[{"href":"https:\/\/rotary.fi\/d1430\/wp-json\/wp\/v2\/types\/page"}],"author":[{"embeddable":true,"href":"https:\/\/rotary.fi\/d1430\/wp-json\/wp\/v2\/users\/35"}],"replies":[{"embeddable":true,"href":"https:\/\/rotary.fi\/d1430\/wp-json\/wp\/v2\/comments?post=5384"}],"version-history":[{"count":10,"href":"https:\/\/rotary.fi\/d1430\/wp-json\/wp\/v2\/pages\/5384\/revisions"}],"predecessor-version":[{"id":7758,"href":"https:\/\/rotary.fi\/d1430\/wp-json\/wp\/v2\/pages\/5384\/revisions\/7758"}],"up":[{"embeddable":true,"href":"https:\/\/rotary.fi\/d1430\/wp-json\/wp\/v2\/pages\/676"}],"wp:attachment":[{"href":"https:\/\/rotary.fi\/d1430\/wp-json\/wp\/v2\/media?parent=5384"}],"curies":[{"name":"wp","href":"https:\/\/api.w.org\/{rel}","templated":true}]}}