{"id":5109,"date":"2022-09-19T08:31:04","date_gmt":"2022-09-19T06:31:04","guid":{"rendered":"https:\/\/rotary.fi\/d1430\/?page_id=5109"},"modified":"2023-10-02T12:26:18","modified_gmt":"2023-10-02T10:26:18","slug":"rli-koulutus","status":"publish","type":"page","link":"https:\/\/rotary.fi\/d1430\/rli-koulutus\/","title":{"rendered":"RLI koulutus"},"content":{"rendered":"<p>[et_pb_section fb_built=&#8221;1&#8243; _builder_version=&#8221;4.16&#8243; global_colors_info=&#8221;{}&#8221;][et_pb_row _builder_version=&#8221;4.16&#8243; background_size=&#8221;initial&#8221; background_position=&#8221;top_left&#8221; background_repeat=&#8221;repeat&#8221; global_colors_info=&#8221;{}&#8221;][et_pb_column type=&#8221;4_4&#8243; _builder_version=&#8221;4.16&#8243; custom_padding=&#8221;|||&#8221; global_colors_info=&#8221;{}&#8221; custom_padding__hover=&#8221;|||&#8221;][et_pb_text admin_label=&#8221;Teksti&#8221; _builder_version=&#8221;4.22.1&#8243; background_size=&#8221;initial&#8221; background_position=&#8221;top_left&#8221; background_repeat=&#8221;repeat&#8221; hover_enabled=&#8221;0&#8243; global_colors_info=&#8221;{}&#8221; sticky_enabled=&#8221;0&#8243;]<\/p>\n<h6>RLI Koulutus osa 1 lauantaina 11.11.2023 Lappeenranta<\/h6>\n<p>Lis\u00e4tietoa koulutuksesta l\u00f6yd\u00e4t <a href=\"https:\/\/rotary.fi\/d1430\/wp-content\/uploads\/sites\/175\/2023\/10\/RLI-1-11.11.2023.pdf\">t\u00e4m\u00e4n linkin<\/a> takaa.<\/p>\n<h6><\/h6>\n<h6>Yleist\u00e4 tietoa RLI koulutuksesta<\/h6>\n<p><a href=\"http:\/\/sites.google.com\/rotaryfinland.org\/koulutus\/rli-rotary-leadership-institute\">sites.google.com\/rotaryfinland.org\/koulutus\/rli-rotary-leadership-institute<\/a><\/p>\n<h6>Piirimme RLI koulutus Imatralla 17.06. ja 18.06.23<\/h6>\n<p><a href=\"https:\/\/drive.google.com\/file\/d\/17G2rHppWHwrBfOS6m4iEV53KwM8yaMzm\/view\">https:\/\/drive.google.com\/file\/d\/17G2rHppWHwrBfOS6m4iEV53KwM8yaMzm\/view<\/a><\/p>\n<p>[\/et_pb_text][\/et_pb_column][\/et_pb_row][\/et_pb_section]<\/p>\n","protected":false},"excerpt":{"rendered":"<p>RLI Koulutus osa 1 lauantaina 11.11.2023 Lappeenranta Lis\u00e4tietoa koulutuksesta l\u00f6yd\u00e4t t\u00e4m\u00e4n linkin takaa. Yleist\u00e4 tietoa RLI koulutuksesta sites.google.com\/rotaryfinland.org\/koulutus\/rli-rotary-leadership-institute Piirimme RLI koulutus Imatralla 17.06. ja 18.06.23 https:\/\/drive.google.com\/file\/d\/17G2rHppWHwrBfOS6m4iEV53KwM8yaMzm\/view<\/p>\n","protected":false},"author":35,"featured_media":0,"parent":0,"menu_order":0,"comment_status":"closed","ping_status":"closed","template":"","meta":{"_acf_changed":false,"_et_pb_use_builder":"on","_et_pb_old_content":"<p>\u00a0<\/p><p>\u00a0<\/p><p>Tieetoa RLI koulutuksesta<\/p><p><a href=\"http:\/\/sites.google.com\/rotaryfinland.org\/koulutus\/rli-rotary-leadership-institute\">sites.google.com\/rotaryfinland.org\/koulutus\/rli-rotary-leadership-institute<\/a><\/p><p>Piirimme RLI koulutus Imatralla 17.06. ja 18.06.23<\/p><p><a href=\"https:\/\/drive.google.com\/file\/d\/17G2rHppWHwrBfOS6m4iEV53KwM8yaMzm\/view\">https:\/\/drive.google.com\/file\/d\/17G2rHppWHwrBfOS6m4iEV53KwM8yaMzm\/view<\/a><\/p>","_et_gb_content_width":"","footnotes":""},"class_list":["post-5109","page","type-page","status-publish","hentry"],"acf":[],"yoast_head":"<!-- This site is optimized with the Yoast SEO plugin v27.4 - https:\/\/yoast.com\/product\/yoast-seo-wordpress\/ -->\n<title>RLI koulutus - Piiri 1430<\/title>\n<meta name=\"robots\" content=\"index, follow, max-snippet:-1, max-image-preview:large, max-video-preview:-1\" \/>\n<link rel=\"canonical\" href=\"https:\/\/rotary.fi\/d1430\/rli-koulutus\/\" \/>\n<meta property=\"og:locale\" content=\"fi_FI\" \/>\n<meta property=\"og:type\" content=\"article\" \/>\n<meta property=\"og:title\" content=\"RLI koulutus - Piiri 1430\" \/>\n<meta property=\"og:description\" content=\"RLI Koulutus osa 1 lauantaina 11.11.2023 Lappeenranta Lis\u00e4tietoa koulutuksesta l\u00f6yd\u00e4t t\u00e4m\u00e4n linkin takaa. Yleist\u00e4 tietoa RLI koulutuksesta sites.google.com\/rotaryfinland.org\/koulutus\/rli-rotary-leadership-institute Piirimme RLI koulutus Imatralla 17.06. ja 18.06.23 https:\/\/drive.google.com\/file\/d\/17G2rHppWHwrBfOS6m4iEV53KwM8yaMzm\/view\" \/>\n<meta property=\"og:url\" content=\"https:\/\/rotary.fi\/d1430\/rli-koulutus\/\" \/>\n<meta property=\"og:site_name\" content=\"Piiri 1430\" \/>\n<meta property=\"article:publisher\" content=\"https:\/\/www.facebook.com\/rotary\/\" \/>\n<meta property=\"article:modified_time\" content=\"2023-10-02T10:26:18+00:00\" \/>\n<meta name=\"twitter:card\" content=\"summary_large_image\" \/>\n<meta name=\"twitter:label1\" content=\"Arvioitu lukuaika\" \/>\n\t<meta name=\"twitter:data1\" content=\"1 minuutti\" \/>\n<script type=\"application\/ld+json\" class=\"yoast-schema-graph\">{\"@context\":\"https:\\\/\\\/schema.org\",\"@graph\":[{\"@type\":\"WebPage\",\"@id\":\"https:\\\/\\\/rotary.fi\\\/d1430\\\/rli-koulutus\\\/\",\"url\":\"https:\\\/\\\/rotary.fi\\\/d1430\\\/rli-koulutus\\\/\",\"name\":\"RLI koulutus - Piiri 1430\",\"isPartOf\":{\"@id\":\"https:\\\/\\\/rotary.fi\\\/d1430\\\/#website\"},\"datePublished\":\"2022-09-19T06:31:04+00:00\",\"dateModified\":\"2023-10-02T10:26:18+00:00\",\"breadcrumb\":{\"@id\":\"https:\\\/\\\/rotary.fi\\\/d1430\\\/rli-koulutus\\\/#breadcrumb\"},\"inLanguage\":\"fi\",\"potentialAction\":[{\"@type\":\"ReadAction\",\"target\":[\"https:\\\/\\\/rotary.fi\\\/d1430\\\/rli-koulutus\\\/\"]}]},{\"@type\":\"BreadcrumbList\",\"@id\":\"https:\\\/\\\/rotary.fi\\\/d1430\\\/rli-koulutus\\\/#breadcrumb\",\"itemListElement\":[{\"@type\":\"ListItem\",\"position\":1,\"name\":\"Home\",\"item\":\"https:\\\/\\\/rotary.fi\\\/d1430\\\/\"},{\"@type\":\"ListItem\",\"position\":2,\"name\":\"RLI koulutus\"}]},{\"@type\":\"WebSite\",\"@id\":\"https:\\\/\\\/rotary.fi\\\/d1430\\\/#website\",\"url\":\"https:\\\/\\\/rotary.fi\\\/d1430\\\/\",\"name\":\"Piiri 1430\",\"description\":\"Suomen Rotary\",\"potentialAction\":[{\"@type\":\"SearchAction\",\"target\":{\"@type\":\"EntryPoint\",\"urlTemplate\":\"https:\\\/\\\/rotary.fi\\\/d1430\\\/?s={search_term_string}\"},\"query-input\":{\"@type\":\"PropertyValueSpecification\",\"valueRequired\":true,\"valueName\":\"search_term_string\"}}],\"inLanguage\":\"fi\"}]}<\/script>\n<!-- \/ Yoast SEO plugin. -->","yoast_head_json":{"title":"RLI koulutus - Piiri 1430","robots":{"index":"index","follow":"follow","max-snippet":"max-snippet:-1","max-image-preview":"max-image-preview:large","max-video-preview":"max-video-preview:-1"},"canonical":"https:\/\/rotary.fi\/d1430\/rli-koulutus\/","og_locale":"fi_FI","og_type":"article","og_title":"RLI koulutus - Piiri 1430","og_description":"RLI Koulutus osa 1 lauantaina 11.11.2023 Lappeenranta Lis\u00e4tietoa koulutuksesta l\u00f6yd\u00e4t t\u00e4m\u00e4n linkin takaa. Yleist\u00e4 tietoa RLI koulutuksesta sites.google.com\/rotaryfinland.org\/koulutus\/rli-rotary-leadership-institute Piirimme RLI koulutus Imatralla 17.06. ja 18.06.23 https:\/\/drive.google.com\/file\/d\/17G2rHppWHwrBfOS6m4iEV53KwM8yaMzm\/view","og_url":"https:\/\/rotary.fi\/d1430\/rli-koulutus\/","og_site_name":"Piiri 1430","article_publisher":"https:\/\/www.facebook.com\/rotary\/","article_modified_time":"2023-10-02T10:26:18+00:00","twitter_card":"summary_large_image","twitter_misc":{"Arvioitu lukuaika":"1 minuutti"},"schema":{"@context":"https:\/\/schema.org","@graph":[{"@type":"WebPage","@id":"https:\/\/rotary.fi\/d1430\/rli-koulutus\/","url":"https:\/\/rotary.fi\/d1430\/rli-koulutus\/","name":"RLI koulutus - Piiri 1430","isPartOf":{"@id":"https:\/\/rotary.fi\/d1430\/#website"},"datePublished":"2022-09-19T06:31:04+00:00","dateModified":"2023-10-02T10:26:18+00:00","breadcrumb":{"@id":"https:\/\/rotary.fi\/d1430\/rli-koulutus\/#breadcrumb"},"inLanguage":"fi","potentialAction":[{"@type":"ReadAction","target":["https:\/\/rotary.fi\/d1430\/rli-koulutus\/"]}]},{"@type":"BreadcrumbList","@id":"https:\/\/rotary.fi\/d1430\/rli-koulutus\/#breadcrumb","itemListElement":[{"@type":"ListItem","position":1,"name":"Home","item":"https:\/\/rotary.fi\/d1430\/"},{"@type":"ListItem","position":2,"name":"RLI koulutus"}]},{"@type":"WebSite","@id":"https:\/\/rotary.fi\/d1430\/#website","url":"https:\/\/rotary.fi\/d1430\/","name":"Piiri 1430","description":"Suomen Rotary","potentialAction":[{"@type":"SearchAction","target":{"@type":"EntryPoint","urlTemplate":"https:\/\/rotary.fi\/d1430\/?s={search_term_string}"},"query-input":{"@type":"PropertyValueSpecification","valueRequired":true,"valueName":"search_term_string"}}],"inLanguage":"fi"}]}},"lang":"fi","translations":{"fi":5109},"pll_sync_post":[],"_links":{"self":[{"href":"https:\/\/rotary.fi\/d1430\/wp-json\/wp\/v2\/pages\/5109","targetHints":{"allow":["GET"]}}],"collection":[{"href":"https:\/\/rotary.fi\/d1430\/wp-json\/wp\/v2\/pages"}],"about":[{"href":"https:\/\/rotary.fi\/d1430\/wp-json\/wp\/v2\/types\/page"}],"author":[{"embeddable":true,"href":"https:\/\/rotary.fi\/d1430\/wp-json\/wp\/v2\/users\/35"}],"replies":[{"embeddable":true,"href":"https:\/\/rotary.fi\/d1430\/wp-json\/wp\/v2\/comments?post=5109"}],"version-history":[{"count":5,"href":"https:\/\/rotary.fi\/d1430\/wp-json\/wp\/v2\/pages\/5109\/revisions"}],"predecessor-version":[{"id":6332,"href":"https:\/\/rotary.fi\/d1430\/wp-json\/wp\/v2\/pages\/5109\/revisions\/6332"}],"wp:attachment":[{"href":"https:\/\/rotary.fi\/d1430\/wp-json\/wp\/v2\/media?parent=5109"}],"curies":[{"name":"wp","href":"https:\/\/api.w.org\/{rel}","templated":true}]}}