{"id":5088,"date":"2022-09-18T10:03:18","date_gmt":"2022-09-18T08:03:18","guid":{"rendered":"https:\/\/rotary.fi\/d1430\/?page_id=5088"},"modified":"2025-09-26T12:59:52","modified_gmt":"2025-09-26T10:59:52","slug":"jasentietojarjestelma-ja-my-rotary","status":"publish","type":"page","link":"https:\/\/rotary.fi\/d1430\/jasentietojarjestelma-ja-my-rotary\/","title":{"rendered":"J\u00e4sentietoj\u00e4rjestelm\u00e4 ja MY-rotary"},"content":{"rendered":"<p>[et_pb_section fb_built=&#8221;1&#8243; _builder_version=&#8221;4.16&#8243; global_colors_info=&#8221;{}&#8221;][et_pb_row _builder_version=&#8221;4.16&#8243; background_size=&#8221;initial&#8221; background_position=&#8221;top_left&#8221; background_repeat=&#8221;repeat&#8221; global_colors_info=&#8221;{}&#8221;][et_pb_column type=&#8221;4_4&#8243; _builder_version=&#8221;4.16&#8243; custom_padding=&#8221;|||&#8221; global_colors_info=&#8221;{}&#8221; custom_padding__hover=&#8221;|||&#8221;][et_pb_text _builder_version=&#8221;4.27.4&#8243; _module_preset=&#8221;default&#8221; background_size=&#8221;initial&#8221; background_position=&#8221;top_left&#8221; background_repeat=&#8221;repeat&#8221; custom_margin=&#8221;0px|||0px|false|false&#8221; custom_padding=&#8221;30px|||30px|false|false&#8221; hover_enabled=&#8221;0&#8243; border_radii=&#8221;off||||&#8221; box_shadow_style=&#8221;preset6&#8243; global_colors_info=&#8221;{}&#8221; sticky_enabled=&#8221;0&#8243; admin_label=&#8221;Teksti&#8221;]<\/p>\n<h4><strong>J\u00e4sentietoj\u00e4rjestelm\u00e4<\/strong><\/h4>\n<p><strong>J\u00e4sentietoj\u00e4rjestelm\u00e4n uusi versio 01.10.2025<\/strong><\/p>\n<p><a href=\"https:\/\/rotary.fi\/d1430\/wp-content\/uploads\/sites\/175\/2025\/09\/Jasentietojarjestelman-uusi-versio.pdf\" rel=\"attachment wp-att-7599\">J\u00e4sentietoj\u00e4rjestelm\u00e4n uusi versio<\/a><\/p>\n<p><a href=\"https:\/\/rotary.fi\/d1430\/wp-content\/uploads\/sites\/175\/2025\/09\/Jasentietojarjestelman-uusi-versio-ohje.pptx\" rel=\"attachment wp-att-7600\">J\u00e4sentietoj\u00e4rjestelm\u00e4n uusi versio ohje<\/a><\/p>\n<p><strong>J\u00e4sentietoj\u00e4rjestelm\u00e4n k\u00e4ytt\u00f6koulutus et\u00e4n\u00e4 5.2.2024<\/strong> <a href=\"https:\/\/youtu.be\/r6ZGPaebIoM\">opastusvideo<span style=\"color: #263b4c\">.<\/span><\/a><\/p>\n<p><a href=\"https:\/\/www.dropbox.com\/s\/cq8pbqfo5mu52zn\/2022-J%C3%A4sentietoj%C3%A4rjestelm%C3%A4n%20k%C3%A4ytt%C3%B6ohje.pdf?dl=0\" target=\"_blank\" rel=\"noopener\">J\u00e4sentietoj\u00e4rjestelm\u00e4n k\u00e4ytt\u00f6ohje<\/a><\/p>\n<h4>\u00a0<\/h4>\n<h4><strong>MY-Rotary<\/strong><\/h4>\n<p>Koulutusmateriaali 2024 PrePETS koulutuksesta <a href=\"https:\/\/rotary.fi\/d1430\/wp-content\/uploads\/sites\/175\/2024\/02\/MyRotary2024.pdf\">MyRotary 2024<\/a>.<\/p>\n<p><a href=\"https:\/\/rotary.fi\/d1430\/wp-content\/uploads\/sites\/175\/2023\/10\/Klubin-tavoitteet-ja-Kunniamaininta-2023-2024-ET.pdf\" rel=\"attachment wp-att-6321\">Klubin tavoitteet ja Kunniamaininta 2023-2024 ET<\/a><\/p>\n<p>&nbsp;<\/p>\n<p>[\/et_pb_text][\/et_pb_column][\/et_pb_row][\/et_pb_section]<\/p>\n","protected":false},"excerpt":{"rendered":"<p>J\u00e4sentietoj\u00e4rjestelm\u00e4 J\u00e4sentietoj\u00e4rjestelm\u00e4n uusi versio 01.10.2025 J\u00e4sentietoj\u00e4rjestelm\u00e4n uusi versio J\u00e4sentietoj\u00e4rjestelm\u00e4n uusi versio ohje J\u00e4sentietoj\u00e4rjestelm\u00e4n k\u00e4ytt\u00f6koulutus et\u00e4n\u00e4 5.2.2024 opastusvideo. J\u00e4sentietoj\u00e4rjestelm\u00e4n k\u00e4ytt\u00f6ohje \u00a0 MY-Rotary Koulutusmateriaali 2024 PrePETS koulutuksesta MyRotary 2024. Klubin tavoitteet ja Kunniamaininta 2023-2024 ET &nbsp;<\/p>\n","protected":false},"author":35,"featured_media":0,"parent":0,"menu_order":0,"comment_status":"closed","ping_status":"closed","template":"","meta":{"_acf_changed":false,"_et_pb_use_builder":"on","_et_pb_old_content":"<p><strong>J\u00e4sentietoj\u00e4rjestelm\u00e4<\/strong><\/p><p><a href=\"https:\/\/www.dropbox.com\/s\/cq8pbqfo5mu52zn\/2022-J%C3%A4sentietoj%C3%A4rjestelm%C3%A4n%20k%C3%A4ytt%C3%B6ohje.pdf?dl=0\" target=\"_blank\" rel=\"noopener\">J\u00e4sentietoj\u00e4rjestelm\u00e4n k\u00e4ytt\u00f6ohje<\/a><\/p><p><a href=\"https:\/\/www.dropbox.com\/s\/h53ymyo26zgwklb\/J%C3%A4sentietoj%C3%A4rjestelm%C3%A4%20ja%20Myrotary%2022-23%20Ellen%20Turunen.pdf?dl=0\" target=\"_blank\" rel=\"noopener\">J\u00e4sentietoj\u00e4rjestelm\u00e4 ja My-rotary 22-23 Ellen Turunen<\/a><\/p><p><strong>MY-Rotary<\/strong><\/p><p><a href=\"https:\/\/rotary.fi\/d1430\/wp-content\/uploads\/sites\/175\/2022\/11\/Klubin-tavoitteet-ja-kunniamaininta-22-23-Ellen-Turunen.pdf\">Klubin tavoitteet ja kunniamaininta 22-23 Ellen Turunen<\/a><\/p><p>\u00a0<\/p>","_et_gb_content_width":"","footnotes":""},"class_list":["post-5088","page","type-page","status-publish","hentry"],"acf":[],"yoast_head":"<!-- This site is optimized with the Yoast SEO plugin v27.0 - https:\/\/yoast.com\/product\/yoast-seo-wordpress\/ -->\n<title>J\u00e4sentietoj\u00e4rjestelm\u00e4 ja MY-rotary - Piiri 1430<\/title>\n<meta name=\"robots\" content=\"index, follow, max-snippet:-1, max-image-preview:large, max-video-preview:-1\" \/>\n<link rel=\"canonical\" href=\"https:\/\/rotary.fi\/d1430\/jasentietojarjestelma-ja-my-rotary\/\" \/>\n<meta property=\"og:locale\" content=\"fi_FI\" \/>\n<meta property=\"og:type\" content=\"article\" \/>\n<meta property=\"og:title\" content=\"J\u00e4sentietoj\u00e4rjestelm\u00e4 ja MY-rotary - Piiri 1430\" \/>\n<meta property=\"og:description\" content=\"J\u00e4sentietoj\u00e4rjestelm\u00e4 J\u00e4sentietoj\u00e4rjestelm\u00e4n uusi versio 01.10.2025 J\u00e4sentietoj\u00e4rjestelm\u00e4n uusi versio J\u00e4sentietoj\u00e4rjestelm\u00e4n uusi versio ohje J\u00e4sentietoj\u00e4rjestelm\u00e4n k\u00e4ytt\u00f6koulutus et\u00e4n\u00e4 5.2.2024 opastusvideo. J\u00e4sentietoj\u00e4rjestelm\u00e4n k\u00e4ytt\u00f6ohje \u00a0 MY-Rotary Koulutusmateriaali 2024 PrePETS koulutuksesta MyRotary 2024. Klubin tavoitteet ja Kunniamaininta 2023-2024 ET &nbsp;\" \/>\n<meta property=\"og:url\" content=\"https:\/\/rotary.fi\/d1430\/jasentietojarjestelma-ja-my-rotary\/\" \/>\n<meta property=\"og:site_name\" content=\"Piiri 1430\" \/>\n<meta property=\"article:publisher\" content=\"https:\/\/www.facebook.com\/rotary\/\" \/>\n<meta property=\"article:modified_time\" content=\"2025-09-26T10:59:52+00:00\" \/>\n<meta name=\"twitter:card\" content=\"summary_large_image\" \/>\n<script type=\"application\/ld+json\" class=\"yoast-schema-graph\">{\"@context\":\"https:\/\/schema.org\",\"@graph\":[{\"@type\":\"WebPage\",\"@id\":\"https:\/\/rotary.fi\/d1430\/jasentietojarjestelma-ja-my-rotary\/\",\"url\":\"https:\/\/rotary.fi\/d1430\/jasentietojarjestelma-ja-my-rotary\/\",\"name\":\"J\u00e4sentietoj\u00e4rjestelm\u00e4 ja MY-rotary - Piiri 1430\",\"isPartOf\":{\"@id\":\"https:\/\/rotary.fi\/d1430\/#website\"},\"datePublished\":\"2022-09-18T08:03:18+00:00\",\"dateModified\":\"2025-09-26T10:59:52+00:00\",\"breadcrumb\":{\"@id\":\"https:\/\/rotary.fi\/d1430\/jasentietojarjestelma-ja-my-rotary\/#breadcrumb\"},\"inLanguage\":\"fi\",\"potentialAction\":[{\"@type\":\"ReadAction\",\"target\":[\"https:\/\/rotary.fi\/d1430\/jasentietojarjestelma-ja-my-rotary\/\"]}]},{\"@type\":\"BreadcrumbList\",\"@id\":\"https:\/\/rotary.fi\/d1430\/jasentietojarjestelma-ja-my-rotary\/#breadcrumb\",\"itemListElement\":[{\"@type\":\"ListItem\",\"position\":1,\"name\":\"Home\",\"item\":\"https:\/\/rotary.fi\/d1430\/\"},{\"@type\":\"ListItem\",\"position\":2,\"name\":\"J\u00e4sentietoj\u00e4rjestelm\u00e4 ja MY-rotary\"}]},{\"@type\":\"WebSite\",\"@id\":\"https:\/\/rotary.fi\/d1430\/#website\",\"url\":\"https:\/\/rotary.fi\/d1430\/\",\"name\":\"Piiri 1430\",\"description\":\"Suomen Rotary\",\"potentialAction\":[{\"@type\":\"SearchAction\",\"target\":{\"@type\":\"EntryPoint\",\"urlTemplate\":\"https:\/\/rotary.fi\/d1430\/?s={search_term_string}\"},\"query-input\":{\"@type\":\"PropertyValueSpecification\",\"valueRequired\":true,\"valueName\":\"search_term_string\"}}],\"inLanguage\":\"fi\"}]}<\/script>\n<!-- \/ Yoast SEO plugin. -->","yoast_head_json":{"title":"J\u00e4sentietoj\u00e4rjestelm\u00e4 ja MY-rotary - Piiri 1430","robots":{"index":"index","follow":"follow","max-snippet":"max-snippet:-1","max-image-preview":"max-image-preview:large","max-video-preview":"max-video-preview:-1"},"canonical":"https:\/\/rotary.fi\/d1430\/jasentietojarjestelma-ja-my-rotary\/","og_locale":"fi_FI","og_type":"article","og_title":"J\u00e4sentietoj\u00e4rjestelm\u00e4 ja MY-rotary - Piiri 1430","og_description":"J\u00e4sentietoj\u00e4rjestelm\u00e4 J\u00e4sentietoj\u00e4rjestelm\u00e4n uusi versio 01.10.2025 J\u00e4sentietoj\u00e4rjestelm\u00e4n uusi versio J\u00e4sentietoj\u00e4rjestelm\u00e4n uusi versio ohje J\u00e4sentietoj\u00e4rjestelm\u00e4n k\u00e4ytt\u00f6koulutus et\u00e4n\u00e4 5.2.2024 opastusvideo. J\u00e4sentietoj\u00e4rjestelm\u00e4n k\u00e4ytt\u00f6ohje \u00a0 MY-Rotary Koulutusmateriaali 2024 PrePETS koulutuksesta MyRotary 2024. Klubin tavoitteet ja Kunniamaininta 2023-2024 ET &nbsp;","og_url":"https:\/\/rotary.fi\/d1430\/jasentietojarjestelma-ja-my-rotary\/","og_site_name":"Piiri 1430","article_publisher":"https:\/\/www.facebook.com\/rotary\/","article_modified_time":"2025-09-26T10:59:52+00:00","twitter_card":"summary_large_image","schema":{"@context":"https:\/\/schema.org","@graph":[{"@type":"WebPage","@id":"https:\/\/rotary.fi\/d1430\/jasentietojarjestelma-ja-my-rotary\/","url":"https:\/\/rotary.fi\/d1430\/jasentietojarjestelma-ja-my-rotary\/","name":"J\u00e4sentietoj\u00e4rjestelm\u00e4 ja MY-rotary - Piiri 1430","isPartOf":{"@id":"https:\/\/rotary.fi\/d1430\/#website"},"datePublished":"2022-09-18T08:03:18+00:00","dateModified":"2025-09-26T10:59:52+00:00","breadcrumb":{"@id":"https:\/\/rotary.fi\/d1430\/jasentietojarjestelma-ja-my-rotary\/#breadcrumb"},"inLanguage":"fi","potentialAction":[{"@type":"ReadAction","target":["https:\/\/rotary.fi\/d1430\/jasentietojarjestelma-ja-my-rotary\/"]}]},{"@type":"BreadcrumbList","@id":"https:\/\/rotary.fi\/d1430\/jasentietojarjestelma-ja-my-rotary\/#breadcrumb","itemListElement":[{"@type":"ListItem","position":1,"name":"Home","item":"https:\/\/rotary.fi\/d1430\/"},{"@type":"ListItem","position":2,"name":"J\u00e4sentietoj\u00e4rjestelm\u00e4 ja MY-rotary"}]},{"@type":"WebSite","@id":"https:\/\/rotary.fi\/d1430\/#website","url":"https:\/\/rotary.fi\/d1430\/","name":"Piiri 1430","description":"Suomen Rotary","potentialAction":[{"@type":"SearchAction","target":{"@type":"EntryPoint","urlTemplate":"https:\/\/rotary.fi\/d1430\/?s={search_term_string}"},"query-input":{"@type":"PropertyValueSpecification","valueRequired":true,"valueName":"search_term_string"}}],"inLanguage":"fi"}]}},"lang":"fi","translations":{"fi":5088},"pll_sync_post":[],"_links":{"self":[{"href":"https:\/\/rotary.fi\/d1430\/wp-json\/wp\/v2\/pages\/5088","targetHints":{"allow":["GET"]}}],"collection":[{"href":"https:\/\/rotary.fi\/d1430\/wp-json\/wp\/v2\/pages"}],"about":[{"href":"https:\/\/rotary.fi\/d1430\/wp-json\/wp\/v2\/types\/page"}],"author":[{"embeddable":true,"href":"https:\/\/rotary.fi\/d1430\/wp-json\/wp\/v2\/users\/35"}],"replies":[{"embeddable":true,"href":"https:\/\/rotary.fi\/d1430\/wp-json\/wp\/v2\/comments?post=5088"}],"version-history":[{"count":9,"href":"https:\/\/rotary.fi\/d1430\/wp-json\/wp\/v2\/pages\/5088\/revisions"}],"predecessor-version":[{"id":7601,"href":"https:\/\/rotary.fi\/d1430\/wp-json\/wp\/v2\/pages\/5088\/revisions\/7601"}],"wp:attachment":[{"href":"https:\/\/rotary.fi\/d1430\/wp-json\/wp\/v2\/media?parent=5088"}],"curies":[{"name":"wp","href":"https:\/\/api.w.org\/{rel}","templated":true}]}}