{"id":5086,"date":"2022-09-18T10:02:32","date_gmt":"2022-09-18T08:02:32","guid":{"rendered":"https:\/\/rotary.fi\/d1430\/?page_id=5086"},"modified":"2024-07-09T13:02:22","modified_gmt":"2024-07-09T11:02:22","slug":"nuorisovaihto","status":"publish","type":"page","link":"https:\/\/rotary.fi\/d1430\/nuorisovaihto\/","title":{"rendered":"Nuorisovaihto"},"content":{"rendered":"<p>[et_pb_section fb_built=&#8221;1&#8243; admin_label=&#8221;section&#8221; _builder_version=&#8221;4.16&#8243; global_colors_info=&#8221;{}&#8221;][et_pb_row admin_label=&#8221;row&#8221; _builder_version=&#8221;4.16&#8243; background_size=&#8221;initial&#8221; background_position=&#8221;top_left&#8221; background_repeat=&#8221;repeat&#8221; global_colors_info=&#8221;{}&#8221;][et_pb_column type=&#8221;4_4&#8243; _builder_version=&#8221;4.16&#8243; custom_padding=&#8221;|||&#8221; global_colors_info=&#8221;{}&#8221; custom_padding__hover=&#8221;|||&#8221;][et_pb_text admin_label=&#8221;Text&#8221; _builder_version=&#8221;4.22.1&#8243; background_size=&#8221;initial&#8221; background_position=&#8221;top_left&#8221; background_repeat=&#8221;repeat&#8221; global_colors_info=&#8221;{}&#8221;]<\/p>\n<h2 style=\"text-align: center\">Nuorisovaihto koulutus- ja muuta materiaalia<\/h2>\n<p>[\/et_pb_text][\/et_pb_column][\/et_pb_row][et_pb_row admin_label=&#8221;row&#8221; _builder_version=&#8221;4.22.1&#8243; background_size=&#8221;initial&#8221; background_position=&#8221;top_left&#8221; background_repeat=&#8221;repeat&#8221; min_height=&#8221;103px&#8221; height=&#8221;100px&#8221; max_height=&#8221;100px&#8221; global_colors_info=&#8221;{}&#8221;][et_pb_column type=&#8221;4_4&#8243; _builder_version=&#8221;4.16&#8243; custom_padding=&#8221;|||&#8221; global_colors_info=&#8221;{}&#8221; custom_padding__hover=&#8221;|||&#8221;][et_pb_text admin_label=&#8221;Text&#8221; _builder_version=&#8221;4.25.2&#8243; text_line_height=&#8221;1em&#8221; background_size=&#8221;initial&#8221; background_position=&#8221;top_left&#8221; background_repeat=&#8221;repeat&#8221; global_colors_info=&#8221;{}&#8221;]<\/p>\n<p>T\u00e4st\u00e4 osiosta l\u00f6yd\u00e4t piirimme nuorisovaihtoon liittyv\u00e4\u00e4 materiaalia ja dokumentteja. Huomaa ett\u00e4 paljon asiaan liittyv\u00e4\u00e4 lis\u00e4tietoa l\u00f6yd\u00e4t <a href=\"https:\/\/rye.fi\/\">vaihtoon ulkomaille Rotaryn kautta<\/a> sivuilta.<\/p>\n<p>Piirimme 1430 Nuorisopalvelukomitean puheenjohtaja on <strong>Maria Lammi<\/strong>. H\u00e4net tavoittaa kaikissa nuorisovaihtoon liittyviss\u00e4 asioissa:<\/p>\n<p><strong>Mobile<\/strong> +358-50-3764 208<\/p>\n<p><strong>E-mail:<\/strong> maria.lammi.rye@gmail.com<\/p>\n<p>[\/et_pb_text][\/et_pb_column][\/et_pb_row][et_pb_row admin_label=&#8221;row&#8221; _builder_version=&#8221;4.16&#8243; background_size=&#8221;initial&#8221; background_position=&#8221;top_left&#8221; background_repeat=&#8221;repeat&#8221; global_colors_info=&#8221;{}&#8221;][et_pb_column type=&#8221;4_4&#8243; _builder_version=&#8221;4.16&#8243; custom_padding=&#8221;|||&#8221; global_colors_info=&#8221;{}&#8221; custom_padding__hover=&#8221;|||&#8221;][et_pb_text admin_label=&#8221;Text&#8221; _builder_version=&#8221;4.22.1&#8243; background_size=&#8221;initial&#8221; background_position=&#8221;top_left&#8221; background_repeat=&#8221;repeat&#8221; global_colors_info=&#8221;{}&#8221;]<\/p>\n<p>Kiuruvedelle saapui kaksi ulkomaista vaihto-oppilasta ja sielt\u00e4 puolestaan l\u00e4hti kaksi kiuruvetist\u00e4 nuorta maailmalle. <a href=\"https:\/\/rotary.fi\/d1430\/wp-content\/uploads\/sites\/175\/2023\/09\/kiuruvesi-lehti-compressed.pdf\">Kiuruvesi lehden artikkeli<\/a> vaihtovuodesta tuhat kokemusta rikkaampana.<\/p>\n<p>&nbsp;<\/p>\n<p>[\/et_pb_text][et_pb_text admin_label=&#8221;Text&#8221; _builder_version=&#8221;4.25.2&#8243; background_size=&#8221;initial&#8221; background_position=&#8221;top_left&#8221; background_repeat=&#8221;repeat&#8221; global_colors_info=&#8221;{}&#8221;]<\/p>\n<h6>Piirin D1430 Nuorisovaihdon OB2-koulutus Lepp\u00e4virralla 16.3.2024.<\/h6>\n<p><img loading=\"lazy\" decoding=\"async\" src=\"https:\/\/rotary.fi\/d1430\/wp-content\/uploads\/sites\/175\/2024\/03\/img-20240316-wa0014-1024x768.jpg\" width=\"1024\" height=\"768\" alt=\"\" class=\"wp-image-6868 alignnone size-large\" style=\"margin-left: auto;margin-right: auto\" srcset=\"https:\/\/rotary.fi\/d1430\/wp-content\/uploads\/sites\/175\/2024\/03\/img-20240316-wa0014-980x735.jpg 980w, https:\/\/rotary.fi\/d1430\/wp-content\/uploads\/sites\/175\/2024\/03\/img-20240316-wa0014-480x360.jpg 480w\" sizes=\"(min-width: 0px) and (max-width: 480px) 480px, (min-width: 481px) and (max-width: 980px) 980px, (min-width: 981px) 1024px, 100vw\" \/><\/p>\n<p>Piirin D1430 Nuorisovaihdon OB2-koulutus pidettiin Lepp\u00e4virralla inspiroivassa ja keskustelevassa hengess\u00e4. Paikalla oli 60 osallistujaa: 11 vuosivaihtoon, 6 kes\u00e4- ja 3 leirivaihtoon l\u00e4htij\u00e4\u00e4 huoltajineen sek\u00e4 Rotexit Heta Holm, Emmi Hiltunen ja Aada Nurminen!<\/p>\n<p>Lis\u00e4ksi klubien NV-vastaavat kouluttautuivat piirin NV-tiimin johdolla. Kiitos Lepp\u00e4virran j\u00e4rjestelyist\u00e4 Lepp\u00e4virran RK:n Sari ja Antti Ihalainen, joka hoiti ansiokkaasti et\u00e4yhteytt\u00e4.<\/p>\n<p>Lahden OB3-koulutus j\u00e4rjestettiin lauantaina 27.4.2024 joka on tarkoitettu vuosi- ja kes\u00e4vaihtoon l\u00e4htij\u00f6ille.<\/p>\n<p><a href=\"https:\/\/rotary.fi\/d1430\/wp-content\/uploads\/sites\/175\/2024\/03\/20240316-152744.jpg\"><img loading=\"lazy\" decoding=\"async\" src=\"https:\/\/rotary.fi\/d1430\/wp-content\/uploads\/sites\/175\/2024\/03\/20240316-152744-1024x576.jpg\" width=\"1024\" height=\"576\" alt=\"\" class=\"wp-image-6869 aligncenter size-large\" srcset=\"https:\/\/rotary.fi\/d1430\/wp-content\/uploads\/sites\/175\/2024\/03\/20240316-152744-980x551.jpg 980w, https:\/\/rotary.fi\/d1430\/wp-content\/uploads\/sites\/175\/2024\/03\/20240316-152744-480x270.jpg 480w\" sizes=\"(min-width: 0px) and (max-width: 480px) 480px, (min-width: 481px) and (max-width: 980px) 980px, (min-width: 981px) 1024px, 100vw\" \/><\/a><\/p>\n<p>&nbsp;<\/p>\n<p><a href=\"https:\/\/rotary.fi\/d1430\/wp-content\/uploads\/sites\/175\/2024\/03\/20240316-152814.jpg\"><img loading=\"lazy\" decoding=\"async\" src=\"https:\/\/rotary.fi\/d1430\/wp-content\/uploads\/sites\/175\/2024\/03\/20240316-152814-751x1024.jpg\" width=\"751\" height=\"1024\" alt=\"\" class=\"wp-image-6870 aligncenter size-large\" \/><\/a><\/p>\n<p>&nbsp;<\/p>\n<p>[\/et_pb_text][et_pb_text admin_label=&#8221;Text&#8221; _builder_version=&#8221;4.22.1&#8243; background_size=&#8221;initial&#8221; background_position=&#8221;top_left&#8221; background_repeat=&#8221;repeat&#8221; global_colors_info=&#8221;{}&#8221;]<\/p>\n<h6>Piirimme D1430 nuorisovaihtokomitea j\u00e4rjesti leirin IB- ja Rebound -vaihto-opiskelijoille Imatran Kylpyl\u00e4ss\u00e4 pe-su 15.-17.9. 2023.<\/h6>\n<p>Ohessa materiaali.<\/p>\n<p>Nuorisopalvelukomitean puheenjohtajan Virve Erosen koulutusmateriaali <a href=\"https:\/\/rotary.fi\/d1430\/wp-content\/uploads\/sites\/175\/2023\/09\/NVesitys-Imatra-160923.pdf\">NV-esitys-Imatra<\/a>.<\/p>\n<p>Malliesimerkki vaihto-oppilaan aktiviteettien ja aikataulujen suunnittelusta (word dokumentti jota voi k\u00e4ytt\u00e4\u00e4 klubin oman vaihtarin aikataulujen ja sis\u00e4ll\u00f6n suunnittelussa) <a href=\"https:\/\/rotary.fi\/d1430\/wp-content\/uploads\/sites\/175\/2023\/09\/Vaihtarin-2023_24-aikataulu-ja-sisaltoja.docx\" rel=\"attachment wp-att-6304\">Vaihtarin 2023_24 aikataulu ja sis\u00e4lt\u00f6j\u00e4<\/a><\/p>\n<p>[\/et_pb_text][\/et_pb_column][\/et_pb_row][et_pb_row admin_label=&#8221;row&#8221; _builder_version=&#8221;4.16&#8243; background_size=&#8221;initial&#8221; background_position=&#8221;top_left&#8221; background_repeat=&#8221;repeat&#8221; global_colors_info=&#8221;{}&#8221;][et_pb_column type=&#8221;4_4&#8243; _builder_version=&#8221;4.16&#8243; custom_padding=&#8221;|||&#8221; global_colors_info=&#8221;{}&#8221; custom_padding__hover=&#8221;|||&#8221;][et_pb_text admin_label=&#8221;Text&#8221; _builder_version=&#8221;4.22.1&#8243; background_size=&#8221;initial&#8221; background_position=&#8221;top_left&#8221; background_repeat=&#8221;repeat&#8221; global_colors_info=&#8221;{}&#8221;]<\/p>\n<h3 style=\"text-align: center\">Edellisten vuosien koulutusmateriaali<\/h3>\n<p>[\/et_pb_text][\/et_pb_column][\/et_pb_row][et_pb_row admin_label=&#8221;row&#8221; _builder_version=&#8221;4.16&#8243; background_size=&#8221;initial&#8221; background_position=&#8221;top_left&#8221; background_repeat=&#8221;repeat&#8221; global_colors_info=&#8221;{}&#8221;][et_pb_column type=&#8221;4_4&#8243; _builder_version=&#8221;4.16&#8243; custom_padding=&#8221;|||&#8221; global_colors_info=&#8221;{}&#8221; custom_padding__hover=&#8221;|||&#8221;][et_pb_text admin_label=&#8221;Text&#8221; _builder_version=&#8221;4.16&#8243; background_size=&#8221;initial&#8221; background_position=&#8221;top_left&#8221; background_repeat=&#8221;repeat&#8221; global_colors_info=&#8221;{}&#8221;]<a href=\"https:\/\/rotary.fi\/d1430\/wp-content\/uploads\/sites\/175\/2022\/09\/NVAkoulutus-syksy22.pdf\">Nuorisovaihto koulutus syksy\u00a0 2022<\/a>[\/et_pb_text][\/et_pb_column][\/et_pb_row][\/et_pb_section]<\/p>\n","protected":false},"excerpt":{"rendered":"<p>Nuorisovaihto koulutus- ja muuta materiaaliaT\u00e4st\u00e4 osiosta l\u00f6yd\u00e4t piirimme nuorisovaihtoon liittyv\u00e4\u00e4 materiaalia ja dokumentteja. Huomaa ett\u00e4 paljon asiaan liittyv\u00e4\u00e4 lis\u00e4tietoa l\u00f6yd\u00e4t vaihtoon ulkomaille Rotaryn kautta sivuilta. Piirimme 1430 Nuorisopalvelukomitean puheenjohtaja on Maria Lammi. H\u00e4net tavoittaa kaikissa nuorisovaihtoon liittyviss\u00e4 asioissa: Mobile +358-50-3764 208 E-mail: maria.lammi.rye@gmail.comKiuruvedelle saapui kaksi ulkomaista vaihto-oppilasta ja sielt\u00e4 puolestaan l\u00e4hti kaksi kiuruvetist\u00e4 nuorta maailmalle. [&hellip;]<\/p>\n","protected":false},"author":35,"featured_media":0,"parent":0,"menu_order":0,"comment_status":"closed","ping_status":"closed","template":"","meta":{"_acf_changed":false,"_et_pb_use_builder":"on","_et_pb_old_content":"<a href=\"https:\/\/rotary.fi\/d1430\/wp-content\/uploads\/sites\/175\/2022\/09\/NVAkoulutus-syksy22.pdf\">Nuorisovaihto koulutus syksy\u00a0 2022<\/a>","_et_gb_content_width":"","footnotes":""},"class_list":["post-5086","page","type-page","status-publish","hentry"],"acf":[],"yoast_head":"<!-- This site is optimized with the Yoast SEO plugin v27.0 - https:\/\/yoast.com\/product\/yoast-seo-wordpress\/ -->\n<title>Nuorisovaihto - Piiri 1430<\/title>\n<meta name=\"robots\" content=\"index, follow, max-snippet:-1, max-image-preview:large, max-video-preview:-1\" \/>\n<link rel=\"canonical\" href=\"https:\/\/rotary.fi\/d1430\/nuorisovaihto\/\" \/>\n<meta property=\"og:locale\" content=\"fi_FI\" \/>\n<meta property=\"og:type\" content=\"article\" \/>\n<meta property=\"og:title\" content=\"Nuorisovaihto - Piiri 1430\" \/>\n<meta property=\"og:description\" content=\"Nuorisovaihto koulutus- ja muuta materiaaliaT\u00e4st\u00e4 osiosta l\u00f6yd\u00e4t piirimme nuorisovaihtoon liittyv\u00e4\u00e4 materiaalia ja dokumentteja. Huomaa ett\u00e4 paljon asiaan liittyv\u00e4\u00e4 lis\u00e4tietoa l\u00f6yd\u00e4t vaihtoon ulkomaille Rotaryn kautta sivuilta. Piirimme 1430 Nuorisopalvelukomitean puheenjohtaja on Maria Lammi. H\u00e4net tavoittaa kaikissa nuorisovaihtoon liittyviss\u00e4 asioissa: Mobile +358-50-3764 208 E-mail: maria.lammi.rye@gmail.comKiuruvedelle saapui kaksi ulkomaista vaihto-oppilasta ja sielt\u00e4 puolestaan l\u00e4hti kaksi kiuruvetist\u00e4 nuorta maailmalle. [&hellip;]\" \/>\n<meta property=\"og:url\" content=\"https:\/\/rotary.fi\/d1430\/nuorisovaihto\/\" \/>\n<meta property=\"og:site_name\" content=\"Piiri 1430\" \/>\n<meta property=\"article:publisher\" content=\"https:\/\/www.facebook.com\/rotary\/\" \/>\n<meta property=\"article:modified_time\" content=\"2024-07-09T11:02:22+00:00\" \/>\n<meta property=\"og:image\" content=\"https:\/\/rotary.fi\/d1430\/wp-content\/uploads\/sites\/175\/2024\/03\/img-20240316-wa0014-1024x768.jpg\" \/>\n<meta name=\"twitter:card\" content=\"summary_large_image\" \/>\n<meta name=\"twitter:label1\" content=\"Arvioitu lukuaika\" \/>\n\t<meta name=\"twitter:data1\" content=\"1 minuutti\" \/>\n<script type=\"application\/ld+json\" class=\"yoast-schema-graph\">{\"@context\":\"https:\/\/schema.org\",\"@graph\":[{\"@type\":\"WebPage\",\"@id\":\"https:\/\/rotary.fi\/d1430\/nuorisovaihto\/\",\"url\":\"https:\/\/rotary.fi\/d1430\/nuorisovaihto\/\",\"name\":\"Nuorisovaihto - Piiri 1430\",\"isPartOf\":{\"@id\":\"https:\/\/rotary.fi\/d1430\/#website\"},\"primaryImageOfPage\":{\"@id\":\"https:\/\/rotary.fi\/d1430\/nuorisovaihto\/#primaryimage\"},\"image\":{\"@id\":\"https:\/\/rotary.fi\/d1430\/nuorisovaihto\/#primaryimage\"},\"thumbnailUrl\":\"https:\/\/rotary.fi\/d1430\/wp-content\/uploads\/sites\/175\/2024\/03\/img-20240316-wa0014-1024x768.jpg\",\"datePublished\":\"2022-09-18T08:02:32+00:00\",\"dateModified\":\"2024-07-09T11:02:22+00:00\",\"breadcrumb\":{\"@id\":\"https:\/\/rotary.fi\/d1430\/nuorisovaihto\/#breadcrumb\"},\"inLanguage\":\"fi\",\"potentialAction\":[{\"@type\":\"ReadAction\",\"target\":[\"https:\/\/rotary.fi\/d1430\/nuorisovaihto\/\"]}]},{\"@type\":\"ImageObject\",\"inLanguage\":\"fi\",\"@id\":\"https:\/\/rotary.fi\/d1430\/nuorisovaihto\/#primaryimage\",\"url\":\"https:\/\/rotary.fi\/d1430\/wp-content\/uploads\/sites\/175\/2024\/03\/img-20240316-wa0014.jpg\",\"contentUrl\":\"https:\/\/rotary.fi\/d1430\/wp-content\/uploads\/sites\/175\/2024\/03\/img-20240316-wa0014.jpg\",\"width\":2048,\"height\":1536},{\"@type\":\"BreadcrumbList\",\"@id\":\"https:\/\/rotary.fi\/d1430\/nuorisovaihto\/#breadcrumb\",\"itemListElement\":[{\"@type\":\"ListItem\",\"position\":1,\"name\":\"Home\",\"item\":\"https:\/\/rotary.fi\/d1430\/\"},{\"@type\":\"ListItem\",\"position\":2,\"name\":\"Nuorisovaihto\"}]},{\"@type\":\"WebSite\",\"@id\":\"https:\/\/rotary.fi\/d1430\/#website\",\"url\":\"https:\/\/rotary.fi\/d1430\/\",\"name\":\"Piiri 1430\",\"description\":\"Suomen Rotary\",\"potentialAction\":[{\"@type\":\"SearchAction\",\"target\":{\"@type\":\"EntryPoint\",\"urlTemplate\":\"https:\/\/rotary.fi\/d1430\/?s={search_term_string}\"},\"query-input\":{\"@type\":\"PropertyValueSpecification\",\"valueRequired\":true,\"valueName\":\"search_term_string\"}}],\"inLanguage\":\"fi\"}]}<\/script>\n<!-- \/ Yoast SEO plugin. -->","yoast_head_json":{"title":"Nuorisovaihto - Piiri 1430","robots":{"index":"index","follow":"follow","max-snippet":"max-snippet:-1","max-image-preview":"max-image-preview:large","max-video-preview":"max-video-preview:-1"},"canonical":"https:\/\/rotary.fi\/d1430\/nuorisovaihto\/","og_locale":"fi_FI","og_type":"article","og_title":"Nuorisovaihto - Piiri 1430","og_description":"Nuorisovaihto koulutus- ja muuta materiaaliaT\u00e4st\u00e4 osiosta l\u00f6yd\u00e4t piirimme nuorisovaihtoon liittyv\u00e4\u00e4 materiaalia ja dokumentteja. Huomaa ett\u00e4 paljon asiaan liittyv\u00e4\u00e4 lis\u00e4tietoa l\u00f6yd\u00e4t vaihtoon ulkomaille Rotaryn kautta sivuilta. Piirimme 1430 Nuorisopalvelukomitean puheenjohtaja on Maria Lammi. H\u00e4net tavoittaa kaikissa nuorisovaihtoon liittyviss\u00e4 asioissa: Mobile +358-50-3764 208 E-mail: maria.lammi.rye@gmail.comKiuruvedelle saapui kaksi ulkomaista vaihto-oppilasta ja sielt\u00e4 puolestaan l\u00e4hti kaksi kiuruvetist\u00e4 nuorta maailmalle. [&hellip;]","og_url":"https:\/\/rotary.fi\/d1430\/nuorisovaihto\/","og_site_name":"Piiri 1430","article_publisher":"https:\/\/www.facebook.com\/rotary\/","article_modified_time":"2024-07-09T11:02:22+00:00","og_image":[{"url":"https:\/\/rotary.fi\/d1430\/wp-content\/uploads\/sites\/175\/2024\/03\/img-20240316-wa0014-1024x768.jpg","type":"","width":"","height":""}],"twitter_card":"summary_large_image","twitter_misc":{"Arvioitu lukuaika":"1 minuutti"},"schema":{"@context":"https:\/\/schema.org","@graph":[{"@type":"WebPage","@id":"https:\/\/rotary.fi\/d1430\/nuorisovaihto\/","url":"https:\/\/rotary.fi\/d1430\/nuorisovaihto\/","name":"Nuorisovaihto - Piiri 1430","isPartOf":{"@id":"https:\/\/rotary.fi\/d1430\/#website"},"primaryImageOfPage":{"@id":"https:\/\/rotary.fi\/d1430\/nuorisovaihto\/#primaryimage"},"image":{"@id":"https:\/\/rotary.fi\/d1430\/nuorisovaihto\/#primaryimage"},"thumbnailUrl":"https:\/\/rotary.fi\/d1430\/wp-content\/uploads\/sites\/175\/2024\/03\/img-20240316-wa0014-1024x768.jpg","datePublished":"2022-09-18T08:02:32+00:00","dateModified":"2024-07-09T11:02:22+00:00","breadcrumb":{"@id":"https:\/\/rotary.fi\/d1430\/nuorisovaihto\/#breadcrumb"},"inLanguage":"fi","potentialAction":[{"@type":"ReadAction","target":["https:\/\/rotary.fi\/d1430\/nuorisovaihto\/"]}]},{"@type":"ImageObject","inLanguage":"fi","@id":"https:\/\/rotary.fi\/d1430\/nuorisovaihto\/#primaryimage","url":"https:\/\/rotary.fi\/d1430\/wp-content\/uploads\/sites\/175\/2024\/03\/img-20240316-wa0014.jpg","contentUrl":"https:\/\/rotary.fi\/d1430\/wp-content\/uploads\/sites\/175\/2024\/03\/img-20240316-wa0014.jpg","width":2048,"height":1536},{"@type":"BreadcrumbList","@id":"https:\/\/rotary.fi\/d1430\/nuorisovaihto\/#breadcrumb","itemListElement":[{"@type":"ListItem","position":1,"name":"Home","item":"https:\/\/rotary.fi\/d1430\/"},{"@type":"ListItem","position":2,"name":"Nuorisovaihto"}]},{"@type":"WebSite","@id":"https:\/\/rotary.fi\/d1430\/#website","url":"https:\/\/rotary.fi\/d1430\/","name":"Piiri 1430","description":"Suomen Rotary","potentialAction":[{"@type":"SearchAction","target":{"@type":"EntryPoint","urlTemplate":"https:\/\/rotary.fi\/d1430\/?s={search_term_string}"},"query-input":{"@type":"PropertyValueSpecification","valueRequired":true,"valueName":"search_term_string"}}],"inLanguage":"fi"}]}},"lang":"fi","translations":{"fi":5086},"pll_sync_post":[],"_links":{"self":[{"href":"https:\/\/rotary.fi\/d1430\/wp-json\/wp\/v2\/pages\/5086","targetHints":{"allow":["GET"]}}],"collection":[{"href":"https:\/\/rotary.fi\/d1430\/wp-json\/wp\/v2\/pages"}],"about":[{"href":"https:\/\/rotary.fi\/d1430\/wp-json\/wp\/v2\/types\/page"}],"author":[{"embeddable":true,"href":"https:\/\/rotary.fi\/d1430\/wp-json\/wp\/v2\/users\/35"}],"replies":[{"embeddable":true,"href":"https:\/\/rotary.fi\/d1430\/wp-json\/wp\/v2\/comments?post=5086"}],"version-history":[{"count":10,"href":"https:\/\/rotary.fi\/d1430\/wp-json\/wp\/v2\/pages\/5086\/revisions"}],"predecessor-version":[{"id":7219,"href":"https:\/\/rotary.fi\/d1430\/wp-json\/wp\/v2\/pages\/5086\/revisions\/7219"}],"wp:attachment":[{"href":"https:\/\/rotary.fi\/d1430\/wp-json\/wp\/v2\/media?parent=5086"}],"curies":[{"name":"wp","href":"https:\/\/api.w.org\/{rel}","templated":true}]}}