{"id":5076,"date":"2022-09-18T09:40:54","date_gmt":"2022-09-18T07:40:54","guid":{"rendered":"https:\/\/rotary.fi\/d1430\/?page_id=5076"},"modified":"2024-05-27T18:06:33","modified_gmt":"2024-05-27T16:06:33","slug":"piirin-koulutus","status":"publish","type":"page","link":"https:\/\/rotary.fi\/d1430\/piirin-koulutus\/","title":{"rendered":"Piirin koulutus"},"content":{"rendered":"<p>[et_pb_section fb_built=&#8221;1&#8243; admin_label=&#8221;section&#8221; _builder_version=&#8221;4.16&#8243; global_colors_info=&#8221;{}&#8221;][et_pb_row admin_label=&#8221;row&#8221; _builder_version=&#8221;4.22.1&#8243; background_size=&#8221;initial&#8221; background_position=&#8221;top_left&#8221; background_repeat=&#8221;repeat&#8221; min_height=&#8221;150px&#8221; height=&#8221;178px&#8221; max_height=&#8221;169px&#8221; custom_padding=&#8221;||0px|||&#8221; global_colors_info=&#8221;{}&#8221;][et_pb_column type=&#8221;4_4&#8243; _builder_version=&#8221;4.16&#8243; custom_padding=&#8221;|||&#8221; global_colors_info=&#8221;{}&#8221; custom_padding__hover=&#8221;|||&#8221;][et_pb_text _builder_version=&#8221;4.22.1&#8243; _module_preset=&#8221;default&#8221; global_colors_info=&#8221;{}&#8221;]<\/p>\n<h2 style=\"text-align: center\">Yleinen koulutusmateriaali<\/h2>\n<p>[\/et_pb_text][et_pb_text _builder_version=&#8221;4.22.1&#8243; _module_preset=&#8221;default&#8221; global_colors_info=&#8221;{}&#8221;]<\/p>\n<p><span style=\"font-size: large\">T\u00e4m\u00e4 osio sis\u00e4lt\u00e4\u00e4 sek\u00e4 yleisi\u00e4 koulutusmateriaaleja ett\u00e4 t\u00e4\u00e4lt\u00e4 l\u00f6ytyv\u00e4t my\u00f6s piirin syys- ja kev\u00e4kokousten materiaalit (vuodesta 2023 alkaen).<\/span><\/p>\n<p><span style=\"font-size: large\">Rotary Learning Center kurssiluettelo l\u00f6ytyy ohesta <a href=\"https:\/\/rotary.fi\/d1430\/wp-content\/uploads\/sites\/175\/2023\/11\/learning-center-course-catalog-en-2023.pdf\" rel=\"attachment wp-att-6475\">learning-center-course-catalog-en 2023<\/a>.<\/span><span style=\"color: #0000ff\"><\/span><\/p>\n<p>[\/et_pb_text][\/et_pb_column][\/et_pb_row][et_pb_row column_structure=&#8221;1_2,1_2&#8243; admin_label=&#8221;row&#8221; _builder_version=&#8221;4.22.1&#8243; background_size=&#8221;initial&#8221; background_position=&#8221;top_left&#8221; background_repeat=&#8221;repeat&#8221; min_height=&#8221;302px&#8221; height=&#8221;306px&#8221; max_height=&#8221;309px&#8221; custom_padding=&#8221;||0px|||&#8221; global_colors_info=&#8221;{}&#8221;][et_pb_column type=&#8221;1_2&#8243; _builder_version=&#8221;4.16&#8243; custom_padding=&#8221;|||&#8221; global_colors_info=&#8221;{}&#8221; custom_padding__hover=&#8221;|||&#8221;][et_pb_button button_url=&#8221;https:\/\/rotary.fi\/d1430\/piirin-syyskokoukset\/&#8221; button_text=&#8221;Piirin syyskokousten ja seminaarien materiaalit&#8221; button_alignment=&#8221;center&#8221; _builder_version=&#8221;4.22.1&#8243; _module_preset=&#8221;default&#8221; global_colors_info=&#8221;{}&#8221;][\/et_pb_button][et_pb_button button_url=&#8221;https:\/\/sites.google.com\/rotaryfinland.org\/koulutus\/etusivu&#8221; button_text=&#8221;Suomen ja Viron rotarypalvelun koulutussivut&#8221; button_alignment=&#8221;center&#8221; _builder_version=&#8221;4.22.1&#8243; _module_preset=&#8221;default&#8221; global_colors_info=&#8221;{}&#8221;][\/et_pb_button][et_pb_button button_url=&#8221;https:\/\/rotary.fi\/d1430\/my-rotary\/&#8221; button_text=&#8221;J\u00e4sentietoj\u00e4rjestelm\u00e4 ja MY-Rotary&#8221; button_alignment=&#8221;center&#8221; _builder_version=&#8221;4.22.1&#8243; _module_preset=&#8221;default&#8221; global_colors_info=&#8221;{}&#8221;][\/et_pb_button][et_pb_button button_url=&#8221;https:\/\/rotary.fi\/d1430\/rotarysaatio\/&#8221; button_text=&#8221;Rotarys\u00e4\u00e4ti\u00f6&#8221; button_alignment=&#8221;center&#8221; _builder_version=&#8221;4.22.1&#8243; _module_preset=&#8221;default&#8221; global_colors_info=&#8221;{}&#8221;][\/et_pb_button][\/et_pb_column][et_pb_column type=&#8221;1_2&#8243; _builder_version=&#8221;4.16&#8243; custom_padding=&#8221;|||&#8221; global_colors_info=&#8221;{}&#8221; custom_padding__hover=&#8221;|||&#8221;][et_pb_button button_url=&#8221;https:\/\/rotary.fi\/d1430\/piirin-kevatkokoukset\/&#8221; button_text=&#8221;Piirin kev\u00e4tkokousten materiaalit&#8221; _builder_version=&#8221;4.22.1&#8243; _module_preset=&#8221;default&#8221; global_colors_info=&#8221;{}&#8221;][\/et_pb_button][et_pb_button button_url=&#8221;https:\/\/rotary.fi\/d1430\/piirikonferenssit\/&#8221; button_text=&#8221;Piirikonferenssit&#8221; _builder_version=&#8221;4.25.1&#8243; _module_preset=&#8221;default&#8221; hover_enabled=&#8221;0&#8243; global_colors_info=&#8221;{}&#8221; sticky_enabled=&#8221;0&#8243;][\/et_pb_button][et_pb_button button_url=&#8221;https:\/\/rotary.fi\/d1430\/prepets-2023-tuleva-rotaryvuosi-2023-2024-kansainvalinen-rotary\/&#8221; button_text=&#8221;PETS ja Pre-Pets materiaali&#8221; _builder_version=&#8221;4.22.1&#8243; _module_preset=&#8221;default&#8221; global_colors_info=&#8221;{}&#8221;][\/et_pb_button][et_pb_button button_url=&#8221;https:\/\/rotary.fi\/d1430\/nuorisovaihto\/&#8221; button_text=&#8221;Nuorisovaihto&#8221; _builder_version=&#8221;4.22.1&#8243; _module_preset=&#8221;default&#8221; global_colors_info=&#8221;{}&#8221;][\/et_pb_button][et_pb_button button_url=&#8221;https:\/\/rotary.fi\/d1430\/koulutusaineistoa\/&#8221; button_text=&#8221;Muuta koulutusaineistoa&#8221; _builder_version=&#8221;4.22.1&#8243; _module_preset=&#8221;default&#8221; global_colors_info=&#8221;{}&#8221;][\/et_pb_button][\/et_pb_column][\/et_pb_row][\/et_pb_section]<\/p>\n","protected":false},"excerpt":{"rendered":"<p>Yleinen koulutusmateriaaliT\u00e4m\u00e4 osio sis\u00e4lt\u00e4\u00e4 sek\u00e4 yleisi\u00e4 koulutusmateriaaleja ett\u00e4 t\u00e4\u00e4lt\u00e4 l\u00f6ytyv\u00e4t my\u00f6s piirin syys- ja kev\u00e4kokousten materiaalit (vuodesta 2023 alkaen). Rotary Learning Center kurssiluettelo l\u00f6ytyy ohesta learning-center-course-catalog-en 2023.<\/p>\n","protected":false},"author":35,"featured_media":0,"parent":0,"menu_order":0,"comment_status":"closed","ping_status":"closed","template":"","meta":{"_acf_changed":false,"_et_pb_use_builder":"on","_et_pb_old_content":"<h5>Rotarypiirimme\u00a0 vanhat koulutusaineistot l\u00f6ytyv\u00e4t kunkin piirin tapahtuman, PETS, syysseminaari, s\u00e4\u00e4ti\u00f6seminnaari ym. kohdalta\u00a0 nettisivujen ajankohtaista osiosta.<\/h5>\r\n<h5>T\u00e4h\u00e4n uuteen piirin koulutusosioon\u00a0 lis\u00e4ilemme\u00a0 jatkossa aiheen mukaan\u00a0 uusia\u00a0 koulutusaineistoja .\u00a0 Osassa koulutusaineistoa on videokoulutus ja siihen liittyv\u00e4t diat. Helpointa on katsoa videoklippi ja kopioida diat omalle koneelle ja tehd\u00e4 sill\u00e4 esim.\u00a0 MY-rotary tunnukset<\/h5>\r\n<a href=\"https:\/\/rotary.fi\/d1430\/wp-content\/uploads\/sites\/175\/2022\/02\/Jasentietojarjestelma-My-rotary-viim-pakattu_1.pdf\">J\u00e4sentietoj\u00e4rjestelm\u00e4 My-rotary\u00a0<\/a>\u00a0\u00a0<a href=\"https:\/\/rotary.fi\/d1430\/wp-content\/uploads\/sites\/175\/2022\/02\/Klubin-tavoitteet-ja-Kunniamaininta-2022-2023-ET.pdf\">Klubin tavoitteet ja Kunniamaininta 2022-2023<\/a>\r\n\r\n<a href=\"https:\/\/rotary.fi\/d1430\/wp-content\/uploads\/sites\/175\/2022\/06\/MD1385-1430-Crisis-Management-Plan-202216052.pdf\">Nuorisovaihto: Klubin nuorisovaihtotiimin j\u00e4senten RI:n vaatima koulutus: Crisis Management Plan 2022-2023<\/a>\r\n\r\n<a href=\"https:\/\/rotary.fi\/d1430\/wp-content\/uploads\/sites\/175\/2021\/04\/Miten-teen-klubilleni-logon.pdf\">Miten teen klubilleni logon diaesitys<\/a>\r\n\r\n<a href=\"https:\/\/youtu.be\/2mkefxLBPHY\">Miten teen klubilleni uuden logon video<\/a>\r\n\r\n<a href=\"https:\/\/youtu.be\/mSWacAp7LPs\">MY-rotary- omat tiedot ja klubien tavoitteiden asetanta video<\/a>\r\n\r\n<a href=\"https:\/\/rotary.fi\/d1430\/wp-content\/uploads\/sites\/175\/2021\/03\/Esitys-07.04.21-Piiri-D-1410-MY-rotary.pdf\">MY-rotary omat tiedot klubin tavoitteet diaesitys<\/a>\r\n\r\n<a href=\"https:\/\/youtu.be\/WGTc5dE-EDQ\">Miten teen tunnukset My-rotaryyn video<\/a>\r\n\r\n<a href=\"https:\/\/rotary.fi\/d1430\/wp-content\/uploads\/sites\/175\/2021\/04\/Rotary_graafinen_ohjeisto_tiivistelma.docx\">Rotary graafinen ohje tiivistelm\u00e4 ohje<\/a>\r\n\r\n<a href=\"https:\/\/rotary.fi\/d1430\/wp-content\/uploads\/sites\/175\/2021\/01\/Sosiaalisen-median-kanavat-lyhyesti_verkkomatrikkeliin236911.pdf\">Sosiaalisen median kanavat lyhyesti ohje<\/a>\r\n\r\n<a href=\"https:\/\/rotary.fi\/d1430\/wp-content\/uploads\/sites\/175\/2021\/01\/Rotaryn-Facebook-viestinta%CC%88ohjeet228864.docx\">Rotaryn Facebook-viestinta\u0308 ohje<\/a>\r\n\r\n<a href=\"https:\/\/rotary.fi\/d1430\/wp-content\/uploads\/sites\/175\/2021\/11\/Rotarysaation-KASIKIRJA.pdf\">Rotarys\u00e4\u00e4ti\u00f6n k\u00e4sikirja<\/a>\r\n\r\n<a href=\"https:\/\/acrobat.adobe.com\/link\/review?uri=urn:aaid:scds:US:056ed1c6-74f0-3b13-9ee2-bf3d3a7b25e7\">J\u00e4senkehityksen vahvistaminen -hyv\u00e4 opas klubeille ja Rotareille<\/a>\r\n\r\n<a href=\"https:\/\/acrobat.adobe.com\/link\/track?uri=urn:aaid:scds:US:fae6ee9a-60c4-34d1-940a-61845e8e554d\">Perustietoa Rotarysta<\/a>\r\n\r\n&nbsp;\r\n\r\n&nbsp;","_et_gb_content_width":"","footnotes":""},"class_list":["post-5076","page","type-page","status-publish","hentry"],"acf":[],"yoast_head":"<!-- This site is optimized with the Yoast SEO plugin v27.0 - https:\/\/yoast.com\/product\/yoast-seo-wordpress\/ -->\n<title>Piirin koulutus - Piiri 1430<\/title>\n<meta name=\"robots\" content=\"index, follow, max-snippet:-1, max-image-preview:large, max-video-preview:-1\" \/>\n<link rel=\"canonical\" href=\"https:\/\/rotary.fi\/d1430\/piirin-koulutus\/\" \/>\n<meta property=\"og:locale\" content=\"fi_FI\" \/>\n<meta property=\"og:type\" content=\"article\" \/>\n<meta property=\"og:title\" content=\"Piirin koulutus - Piiri 1430\" \/>\n<meta property=\"og:description\" content=\"Yleinen koulutusmateriaaliT\u00e4m\u00e4 osio sis\u00e4lt\u00e4\u00e4 sek\u00e4 yleisi\u00e4 koulutusmateriaaleja ett\u00e4 t\u00e4\u00e4lt\u00e4 l\u00f6ytyv\u00e4t my\u00f6s piirin syys- ja kev\u00e4kokousten materiaalit (vuodesta 2023 alkaen). Rotary Learning Center kurssiluettelo l\u00f6ytyy ohesta learning-center-course-catalog-en 2023.\" \/>\n<meta property=\"og:url\" content=\"https:\/\/rotary.fi\/d1430\/piirin-koulutus\/\" \/>\n<meta property=\"og:site_name\" content=\"Piiri 1430\" \/>\n<meta property=\"article:publisher\" content=\"https:\/\/www.facebook.com\/rotary\/\" \/>\n<meta property=\"article:modified_time\" content=\"2024-05-27T16:06:33+00:00\" \/>\n<meta name=\"twitter:card\" content=\"summary_large_image\" \/>\n<meta name=\"twitter:label1\" content=\"Arvioitu lukuaika\" \/>\n\t<meta name=\"twitter:data1\" content=\"1 minuutti\" \/>\n<script type=\"application\/ld+json\" class=\"yoast-schema-graph\">{\"@context\":\"https:\/\/schema.org\",\"@graph\":[{\"@type\":\"WebPage\",\"@id\":\"https:\/\/rotary.fi\/d1430\/piirin-koulutus\/\",\"url\":\"https:\/\/rotary.fi\/d1430\/piirin-koulutus\/\",\"name\":\"Piirin koulutus - Piiri 1430\",\"isPartOf\":{\"@id\":\"https:\/\/rotary.fi\/d1430\/#website\"},\"datePublished\":\"2022-09-18T07:40:54+00:00\",\"dateModified\":\"2024-05-27T16:06:33+00:00\",\"breadcrumb\":{\"@id\":\"https:\/\/rotary.fi\/d1430\/piirin-koulutus\/#breadcrumb\"},\"inLanguage\":\"fi\",\"potentialAction\":[{\"@type\":\"ReadAction\",\"target\":[\"https:\/\/rotary.fi\/d1430\/piirin-koulutus\/\"]}]},{\"@type\":\"BreadcrumbList\",\"@id\":\"https:\/\/rotary.fi\/d1430\/piirin-koulutus\/#breadcrumb\",\"itemListElement\":[{\"@type\":\"ListItem\",\"position\":1,\"name\":\"Home\",\"item\":\"https:\/\/rotary.fi\/d1430\/\"},{\"@type\":\"ListItem\",\"position\":2,\"name\":\"Piirin koulutus\"}]},{\"@type\":\"WebSite\",\"@id\":\"https:\/\/rotary.fi\/d1430\/#website\",\"url\":\"https:\/\/rotary.fi\/d1430\/\",\"name\":\"Piiri 1430\",\"description\":\"Suomen Rotary\",\"potentialAction\":[{\"@type\":\"SearchAction\",\"target\":{\"@type\":\"EntryPoint\",\"urlTemplate\":\"https:\/\/rotary.fi\/d1430\/?s={search_term_string}\"},\"query-input\":{\"@type\":\"PropertyValueSpecification\",\"valueRequired\":true,\"valueName\":\"search_term_string\"}}],\"inLanguage\":\"fi\"}]}<\/script>\n<!-- \/ Yoast SEO plugin. -->","yoast_head_json":{"title":"Piirin koulutus - Piiri 1430","robots":{"index":"index","follow":"follow","max-snippet":"max-snippet:-1","max-image-preview":"max-image-preview:large","max-video-preview":"max-video-preview:-1"},"canonical":"https:\/\/rotary.fi\/d1430\/piirin-koulutus\/","og_locale":"fi_FI","og_type":"article","og_title":"Piirin koulutus - Piiri 1430","og_description":"Yleinen koulutusmateriaaliT\u00e4m\u00e4 osio sis\u00e4lt\u00e4\u00e4 sek\u00e4 yleisi\u00e4 koulutusmateriaaleja ett\u00e4 t\u00e4\u00e4lt\u00e4 l\u00f6ytyv\u00e4t my\u00f6s piirin syys- ja kev\u00e4kokousten materiaalit (vuodesta 2023 alkaen). Rotary Learning Center kurssiluettelo l\u00f6ytyy ohesta learning-center-course-catalog-en 2023.","og_url":"https:\/\/rotary.fi\/d1430\/piirin-koulutus\/","og_site_name":"Piiri 1430","article_publisher":"https:\/\/www.facebook.com\/rotary\/","article_modified_time":"2024-05-27T16:06:33+00:00","twitter_card":"summary_large_image","twitter_misc":{"Arvioitu lukuaika":"1 minuutti"},"schema":{"@context":"https:\/\/schema.org","@graph":[{"@type":"WebPage","@id":"https:\/\/rotary.fi\/d1430\/piirin-koulutus\/","url":"https:\/\/rotary.fi\/d1430\/piirin-koulutus\/","name":"Piirin koulutus - Piiri 1430","isPartOf":{"@id":"https:\/\/rotary.fi\/d1430\/#website"},"datePublished":"2022-09-18T07:40:54+00:00","dateModified":"2024-05-27T16:06:33+00:00","breadcrumb":{"@id":"https:\/\/rotary.fi\/d1430\/piirin-koulutus\/#breadcrumb"},"inLanguage":"fi","potentialAction":[{"@type":"ReadAction","target":["https:\/\/rotary.fi\/d1430\/piirin-koulutus\/"]}]},{"@type":"BreadcrumbList","@id":"https:\/\/rotary.fi\/d1430\/piirin-koulutus\/#breadcrumb","itemListElement":[{"@type":"ListItem","position":1,"name":"Home","item":"https:\/\/rotary.fi\/d1430\/"},{"@type":"ListItem","position":2,"name":"Piirin koulutus"}]},{"@type":"WebSite","@id":"https:\/\/rotary.fi\/d1430\/#website","url":"https:\/\/rotary.fi\/d1430\/","name":"Piiri 1430","description":"Suomen Rotary","potentialAction":[{"@type":"SearchAction","target":{"@type":"EntryPoint","urlTemplate":"https:\/\/rotary.fi\/d1430\/?s={search_term_string}"},"query-input":{"@type":"PropertyValueSpecification","valueRequired":true,"valueName":"search_term_string"}}],"inLanguage":"fi"}]}},"lang":"fi","translations":{"fi":5076},"pll_sync_post":[],"_links":{"self":[{"href":"https:\/\/rotary.fi\/d1430\/wp-json\/wp\/v2\/pages\/5076","targetHints":{"allow":["GET"]}}],"collection":[{"href":"https:\/\/rotary.fi\/d1430\/wp-json\/wp\/v2\/pages"}],"about":[{"href":"https:\/\/rotary.fi\/d1430\/wp-json\/wp\/v2\/types\/page"}],"author":[{"embeddable":true,"href":"https:\/\/rotary.fi\/d1430\/wp-json\/wp\/v2\/users\/35"}],"replies":[{"embeddable":true,"href":"https:\/\/rotary.fi\/d1430\/wp-json\/wp\/v2\/comments?post=5076"}],"version-history":[{"count":10,"href":"https:\/\/rotary.fi\/d1430\/wp-json\/wp\/v2\/pages\/5076\/revisions"}],"predecessor-version":[{"id":7010,"href":"https:\/\/rotary.fi\/d1430\/wp-json\/wp\/v2\/pages\/5076\/revisions\/7010"}],"wp:attachment":[{"href":"https:\/\/rotary.fi\/d1430\/wp-json\/wp\/v2\/media?parent=5076"}],"curies":[{"name":"wp","href":"https:\/\/api.w.org\/{rel}","templated":true}]}}