{"id":497,"date":"2018-04-06T14:48:45","date_gmt":"2018-04-06T12:48:45","guid":{"rendered":"http:\/\/rotary.fi\/piirisivusto\/?page_id=497"},"modified":"2024-06-18T11:02:03","modified_gmt":"2024-06-18T09:02:03","slug":"nuorisovaihto","status":"publish","type":"page","link":"https:\/\/rotary.fi\/d1430\/mita-teemme\/nuorisovaihto\/","title":{"rendered":"Nuorisovaihto"},"content":{"rendered":"<p>[et_pb_section fb_built=&#8221;1&#8243; module_class=&#8221;jumbotron-page&#8221; _builder_version=&#8221;4.16&#8243; background_image=&#8221;https:\/\/rotary.fi\/piirisivusto\/wp-content\/uploads\/sites\/175\/2019\/03\/rotary_klubit_alasivu_paakuva_8.jpg&#8221; global_colors_info=&#8221;{}&#8221;][et_pb_row module_class=&#8221; et_pb_row_fullwidth&#8221; _builder_version=&#8221;4.16&#8243; width=&#8221;89%&#8221; width_tablet=&#8221;80%&#8221; width_phone=&#8221;&#8221; width_last_edited=&#8221;on|desktop&#8221; max_width=&#8221;89%&#8221; max_width_tablet=&#8221;80%&#8221; max_width_phone=&#8221;&#8221; max_width_last_edited=&#8221;on|desktop&#8221; make_fullwidth=&#8221;on&#8221; global_colors_info=&#8221;{}&#8221;][et_pb_column type=&#8221;4_4&#8243; _builder_version=&#8221;4.16&#8243; custom_padding=&#8221;|||&#8221; global_colors_info=&#8221;{}&#8221; custom_padding__hover=&#8221;|||&#8221;][et_pb_text admin_label=&#8221;Nuorisovaihto -otsikko&#8221; _builder_version=&#8221;4.16&#8243; text_orientation=&#8221;center&#8221; background_layout=&#8221;dark&#8221; global_colors_info=&#8221;{}&#8221;]<\/p>\n<h1>Nuorisovaihto<\/h1>\n<p>[\/et_pb_text][\/et_pb_column][\/et_pb_row][\/et_pb_section][et_pb_section fb_built=&#8221;1&#8243; module_class=&#8221;sisaltoalue_perus&#8221; _builder_version=&#8221;4.16&#8243; custom_margin=&#8221;||40px|&#8221; global_colors_info=&#8221;{}&#8221;][et_pb_row custom_padding_last_edited=&#8221;on|phone&#8221; _builder_version=&#8221;4.16&#8243; width=&#8221;77.9%&#8221; custom_padding_tablet=&#8221;&#8221; custom_padding_phone=&#8221;&#8221; global_colors_info=&#8221;{}&#8221;][et_pb_column type=&#8221;4_4&#8243; _builder_version=&#8221;4.16&#8243; custom_padding=&#8221;|||&#8221; global_colors_info=&#8221;{}&#8221; custom_padding__hover=&#8221;|||&#8221;][et_pb_text admin_label=&#8221;Ulkomaille kouluvuodeksi, kes\u00e4ksi vai muutaman viikon teemaleirille? -otsikko&#8221; _builder_version=&#8221;4.16&#8243; text_orientation=&#8221;center&#8221; global_colors_info=&#8221;{}&#8221;]<\/p>\n<h1>Nuorisovaihto<\/h1>\n<p>[\/et_pb_text][et_pb_text _builder_version=&#8221;4.25.2&#8243; min_height=&#8221;625.4px&#8221; custom_padding=&#8221;0px||0px|||&#8221; hover_enabled=&#8221;0&#8243; global_colors_info=&#8221;{}&#8221; sticky_enabled=&#8221;0&#8243;]<\/p>\n<p>Suomen Rotarypalvelun nuorisovaihdon monipiiriorganisaatio j\u00e4rjest\u00e4\u00e4 Suomen Rotaryn nuorisovaihtotoiminnan. Vuosittain piirist\u00e4mme l\u00e4htee lukuisia nuoria vaihtoon ja vastaavasti nuoria saapuu maahamme eri puolilta maapalloa. Nuorisovaihto on palvelutoimintamme n\u00e4kyvin toimintamuoto.<\/p>\n<p>Kaudelle 2019 \u2013 2020 Suomesta on hakeutunut vuosivaihtoon 140 nuorta, kes\u00e4vaihtoon 60 nuorta ja kansainv\u00e4liseen leirivaihtoon 60 nuorta. Suosittujen Yhdysvaltojen, Kanadan ja Australian rinnalle on vahvasti noussut Eurooppa eri maineen, my\u00f6s Latinalainen Amerikka ja Kaukoit\u00e4 kiinnostavat. Koronaepidemian vuoksi nuorisovaihtoa ei ollut rotaryvuonna 2020 -2021.<br \/>Piiriss\u00e4mme my\u00f6s j\u00e4rjestet\u00e4\u00e4n eri teemoihin keskittyvi\u00e4 leirivaihtoja. Kiteen Rotaryklubin j\u00e4rjest\u00e4m\u00e4n Music and photograhpy 2018 -kes\u00e4leirill\u00e4 nuoret viettiv\u00e4t Suomessa kaksi viikkoa. He asuivat ensimm\u00e4isen viikon Kiteen Kansanopistolla. Ohjelmaan kuului monipuolisesti musikin opiskelua, nauhoituksia ja osallistuminen Kimaf-tapahtuman konsertteihin, sek\u00e4 v\u00e4lill\u00e4 valokuvausta. Teimme retki\u00e4 Kiteen ymp\u00e4rist\u00f6\u00f6n ja Kolille. Leiriviikko huipentui leiril\u00e4isten j\u00e4rjest\u00e4m\u00e4\u00e4n konserttiin ja valokuvan\u00e4yttelyyn. Toisen viikon perhemajoituksessa nuoret tutustuivat suomalaiseen arkeen. Suomalainen tapa asua ja el\u00e4\u00e4 yhdistyi Kiteen nuorisoleirill\u00e4 luontevan rotarymaisesti kansainv\u00e4liseen yhdess\u00e4oloon ja is\u00e4nt\u00e4perheet kiitett\u00e4v\u00e4sti esitteliv\u00e4t Keski-Karjalaa, Savonlinnaa ja Joensuuta.<\/p>\n<p>Lue lis\u00e4\u00e4 nuorisopalvelusta ja Rotaryn <a href=\"https:\/\/rye.fi\/\" target=\"_blank\" rel=\"noopener noreferrer\"><strong>nuorisovaihdosta<\/strong><\/a><\/p>\n<p>Rotex-toiminta yhdist\u00e4\u00e4 entisi\u00e4 vuosivaihto-oppilaita. Rotexit auttavat monipiiri\u00e4 ja piirej\u00e4 l\u00e4htevien vaihto-oppilaiden opastamisessa ja saapuvien tukihenkil\u00f6in\u00e4. He voivat toimia my\u00f6s tutoreina kes\u00e4leireill\u00e4, nuorisovaihdon j\u00e4rjest\u00e4mill\u00e4 matkoilla ja saapuvien oppilaiden orientaatioleireill\u00e4. Rotex toimii Suomen Rotarypalvelun nuorisovaihdon monipiiriorganisaation alaisuudessa ja rotexit noudattavat Rotaryn s\u00e4\u00e4nt\u00f6j\u00e4.<\/p>\n<h5>Ota yhteytt\u00e4<\/h5>\n<p>Piirimme D 1430 nuorisovaihtotoimintaa koordinoi<\/p>\n<p><b>Maria Lammi<\/b>,<span> Kouvola<\/span><span> <\/span><br \/><strong>Mobile<\/strong> +358-50-3764 208<br \/><strong>E-mail:<\/strong> maria.lammi.rye(\u00e4t)gmail.com<\/p>\n<p>[\/et_pb_text][\/et_pb_column][\/et_pb_row][\/et_pb_section]<\/p>\n","protected":false},"excerpt":{"rendered":"<p>Nuorisovaihto Nuorisovaihto Suomen Rotarypalvelun nuorisovaihdon monipiiriorganisaatio j\u00e4rjest\u00e4\u00e4 Suomen Rotaryn nuorisovaihtotoiminnan. Vuosittain piirist\u00e4mme l\u00e4htee lukuisia nuoria vaihtoon ja vastaavasti nuoria saapuu maahamme eri puolilta maapalloa. Nuorisovaihto on palvelutoimintamme n\u00e4kyvin toimintamuoto. Kaudelle 2019 \u2013 2020 Suomesta on hakeutunut vuosivaihtoon 140 nuorta, kes\u00e4vaihtoon 60 nuorta ja kansainv\u00e4liseen leirivaihtoon 60 nuorta. Suosittujen Yhdysvaltojen, Kanadan ja Australian rinnalle on vahvasti [&hellip;]<\/p>\n","protected":false},"author":1,"featured_media":0,"parent":656,"menu_order":2,"comment_status":"closed","ping_status":"closed","template":"","meta":{"_acf_changed":false,"_et_pb_use_builder":"on","_et_pb_old_content":"","_et_gb_content_width":"","footnotes":""},"class_list":["post-497","page","type-page","status-publish","hentry"],"acf":[],"yoast_head":"<!-- This site is optimized with the Yoast SEO plugin v27.0 - https:\/\/yoast.com\/product\/yoast-seo-wordpress\/ -->\n<title>Nuorisovaihto - Piiri 1430<\/title>\n<meta name=\"robots\" content=\"index, follow, max-snippet:-1, max-image-preview:large, max-video-preview:-1\" \/>\n<link rel=\"canonical\" href=\"https:\/\/rotary.fi\/d1430\/mita-teemme\/nuorisovaihto\/\" \/>\n<meta property=\"og:locale\" content=\"fi_FI\" \/>\n<meta property=\"og:type\" content=\"article\" \/>\n<meta property=\"og:title\" content=\"Nuorisovaihto - Piiri 1430\" \/>\n<meta property=\"og:description\" content=\"Nuorisovaihto Nuorisovaihto Suomen Rotarypalvelun nuorisovaihdon monipiiriorganisaatio j\u00e4rjest\u00e4\u00e4 Suomen Rotaryn nuorisovaihtotoiminnan. Vuosittain piirist\u00e4mme l\u00e4htee lukuisia nuoria vaihtoon ja vastaavasti nuoria saapuu maahamme eri puolilta maapalloa. Nuorisovaihto on palvelutoimintamme n\u00e4kyvin toimintamuoto. Kaudelle 2019 \u2013 2020 Suomesta on hakeutunut vuosivaihtoon 140 nuorta, kes\u00e4vaihtoon 60 nuorta ja kansainv\u00e4liseen leirivaihtoon 60 nuorta. Suosittujen Yhdysvaltojen, Kanadan ja Australian rinnalle on vahvasti [&hellip;]\" \/>\n<meta property=\"og:url\" content=\"https:\/\/rotary.fi\/d1430\/mita-teemme\/nuorisovaihto\/\" \/>\n<meta property=\"og:site_name\" content=\"Piiri 1430\" \/>\n<meta property=\"article:publisher\" content=\"https:\/\/www.facebook.com\/rotary\/\" \/>\n<meta property=\"article:modified_time\" content=\"2024-06-18T09:02:03+00:00\" \/>\n<meta name=\"twitter:card\" content=\"summary_large_image\" \/>\n<meta name=\"twitter:label1\" content=\"Arvioitu lukuaika\" \/>\n\t<meta name=\"twitter:data1\" content=\"2 minuuttia\" \/>\n<script type=\"application\/ld+json\" class=\"yoast-schema-graph\">{\"@context\":\"https:\/\/schema.org\",\"@graph\":[{\"@type\":\"WebPage\",\"@id\":\"https:\/\/rotary.fi\/d1430\/mita-teemme\/nuorisovaihto\/\",\"url\":\"https:\/\/rotary.fi\/d1430\/mita-teemme\/nuorisovaihto\/\",\"name\":\"Nuorisovaihto - Piiri 1430\",\"isPartOf\":{\"@id\":\"https:\/\/rotary.fi\/d1430\/#website\"},\"datePublished\":\"2018-04-06T12:48:45+00:00\",\"dateModified\":\"2024-06-18T09:02:03+00:00\",\"breadcrumb\":{\"@id\":\"https:\/\/rotary.fi\/d1430\/mita-teemme\/nuorisovaihto\/#breadcrumb\"},\"inLanguage\":\"fi\",\"potentialAction\":[{\"@type\":\"ReadAction\",\"target\":[\"https:\/\/rotary.fi\/d1430\/mita-teemme\/nuorisovaihto\/\"]}]},{\"@type\":\"BreadcrumbList\",\"@id\":\"https:\/\/rotary.fi\/d1430\/mita-teemme\/nuorisovaihto\/#breadcrumb\",\"itemListElement\":[{\"@type\":\"ListItem\",\"position\":1,\"name\":\"Home\",\"item\":\"https:\/\/rotary.fi\/d1430\/\"},{\"@type\":\"ListItem\",\"position\":2,\"name\":\"Mit\u00e4 teemme\",\"item\":\"https:\/\/rotary.fi\/d1430\/mita-teemme\/\"},{\"@type\":\"ListItem\",\"position\":3,\"name\":\"Nuorisovaihto\"}]},{\"@type\":\"WebSite\",\"@id\":\"https:\/\/rotary.fi\/d1430\/#website\",\"url\":\"https:\/\/rotary.fi\/d1430\/\",\"name\":\"Piiri 1430\",\"description\":\"Suomen Rotary\",\"potentialAction\":[{\"@type\":\"SearchAction\",\"target\":{\"@type\":\"EntryPoint\",\"urlTemplate\":\"https:\/\/rotary.fi\/d1430\/?s={search_term_string}\"},\"query-input\":{\"@type\":\"PropertyValueSpecification\",\"valueRequired\":true,\"valueName\":\"search_term_string\"}}],\"inLanguage\":\"fi\"}]}<\/script>\n<!-- \/ Yoast SEO plugin. -->","yoast_head_json":{"title":"Nuorisovaihto - Piiri 1430","robots":{"index":"index","follow":"follow","max-snippet":"max-snippet:-1","max-image-preview":"max-image-preview:large","max-video-preview":"max-video-preview:-1"},"canonical":"https:\/\/rotary.fi\/d1430\/mita-teemme\/nuorisovaihto\/","og_locale":"fi_FI","og_type":"article","og_title":"Nuorisovaihto - Piiri 1430","og_description":"Nuorisovaihto Nuorisovaihto Suomen Rotarypalvelun nuorisovaihdon monipiiriorganisaatio j\u00e4rjest\u00e4\u00e4 Suomen Rotaryn nuorisovaihtotoiminnan. Vuosittain piirist\u00e4mme l\u00e4htee lukuisia nuoria vaihtoon ja vastaavasti nuoria saapuu maahamme eri puolilta maapalloa. Nuorisovaihto on palvelutoimintamme n\u00e4kyvin toimintamuoto. Kaudelle 2019 \u2013 2020 Suomesta on hakeutunut vuosivaihtoon 140 nuorta, kes\u00e4vaihtoon 60 nuorta ja kansainv\u00e4liseen leirivaihtoon 60 nuorta. Suosittujen Yhdysvaltojen, Kanadan ja Australian rinnalle on vahvasti [&hellip;]","og_url":"https:\/\/rotary.fi\/d1430\/mita-teemme\/nuorisovaihto\/","og_site_name":"Piiri 1430","article_publisher":"https:\/\/www.facebook.com\/rotary\/","article_modified_time":"2024-06-18T09:02:03+00:00","twitter_card":"summary_large_image","twitter_misc":{"Arvioitu lukuaika":"2 minuuttia"},"schema":{"@context":"https:\/\/schema.org","@graph":[{"@type":"WebPage","@id":"https:\/\/rotary.fi\/d1430\/mita-teemme\/nuorisovaihto\/","url":"https:\/\/rotary.fi\/d1430\/mita-teemme\/nuorisovaihto\/","name":"Nuorisovaihto - Piiri 1430","isPartOf":{"@id":"https:\/\/rotary.fi\/d1430\/#website"},"datePublished":"2018-04-06T12:48:45+00:00","dateModified":"2024-06-18T09:02:03+00:00","breadcrumb":{"@id":"https:\/\/rotary.fi\/d1430\/mita-teemme\/nuorisovaihto\/#breadcrumb"},"inLanguage":"fi","potentialAction":[{"@type":"ReadAction","target":["https:\/\/rotary.fi\/d1430\/mita-teemme\/nuorisovaihto\/"]}]},{"@type":"BreadcrumbList","@id":"https:\/\/rotary.fi\/d1430\/mita-teemme\/nuorisovaihto\/#breadcrumb","itemListElement":[{"@type":"ListItem","position":1,"name":"Home","item":"https:\/\/rotary.fi\/d1430\/"},{"@type":"ListItem","position":2,"name":"Mit\u00e4 teemme","item":"https:\/\/rotary.fi\/d1430\/mita-teemme\/"},{"@type":"ListItem","position":3,"name":"Nuorisovaihto"}]},{"@type":"WebSite","@id":"https:\/\/rotary.fi\/d1430\/#website","url":"https:\/\/rotary.fi\/d1430\/","name":"Piiri 1430","description":"Suomen Rotary","potentialAction":[{"@type":"SearchAction","target":{"@type":"EntryPoint","urlTemplate":"https:\/\/rotary.fi\/d1430\/?s={search_term_string}"},"query-input":{"@type":"PropertyValueSpecification","valueRequired":true,"valueName":"search_term_string"}}],"inLanguage":"fi"}]}},"lang":"fi","translations":{"fi":497},"pll_sync_post":[],"_links":{"self":[{"href":"https:\/\/rotary.fi\/d1430\/wp-json\/wp\/v2\/pages\/497","targetHints":{"allow":["GET"]}}],"collection":[{"href":"https:\/\/rotary.fi\/d1430\/wp-json\/wp\/v2\/pages"}],"about":[{"href":"https:\/\/rotary.fi\/d1430\/wp-json\/wp\/v2\/types\/page"}],"author":[{"embeddable":true,"href":"https:\/\/rotary.fi\/d1430\/wp-json\/wp\/v2\/users\/1"}],"replies":[{"embeddable":true,"href":"https:\/\/rotary.fi\/d1430\/wp-json\/wp\/v2\/comments?post=497"}],"version-history":[{"count":10,"href":"https:\/\/rotary.fi\/d1430\/wp-json\/wp\/v2\/pages\/497\/revisions"}],"predecessor-version":[{"id":7018,"href":"https:\/\/rotary.fi\/d1430\/wp-json\/wp\/v2\/pages\/497\/revisions\/7018"}],"up":[{"embeddable":true,"href":"https:\/\/rotary.fi\/d1430\/wp-json\/wp\/v2\/pages\/656"}],"wp:attachment":[{"href":"https:\/\/rotary.fi\/d1430\/wp-json\/wp\/v2\/media?parent=497"}],"curies":[{"name":"wp","href":"https:\/\/api.w.org\/{rel}","templated":true}]}}