{"id":2322,"date":"2019-05-02T13:58:17","date_gmt":"2019-05-02T11:58:17","guid":{"rendered":"https:\/\/rotary.fi\/piirisivusto\/?page_id=2322"},"modified":"2024-04-06T07:42:51","modified_gmt":"2024-04-06T05:42:51","slug":"rotary-global-rewards","status":"publish","type":"page","link":"https:\/\/rotary.fi\/d1430\/rotary-global-rewards\/","title":{"rendered":"Rotary Global Rewards"},"content":{"rendered":"<p>[et_pb_section fb_built=&#8221;1&#8243; module_class=&#8221;jumbotron-page&#8221; _builder_version=&#8221;4.16&#8243; background_image=&#8221;https:\/\/rotary.fi\/piirisivusto\/wp-content\/uploads\/sites\/175\/2019\/03\/rotary_piiri_alasivu_paakuva3.jpg&#8221; inner_width_tablet=&#8221;50px&#8221; inner_max_width_tablet=&#8221;50px&#8221; z_index_tablet=&#8221;500&#8243; global_colors_info=&#8221;{}&#8221;][et_pb_row module_class=&#8221; et_pb_row_fullwidth et_pb_row_fullwidth et_pb_row_fullwidth et_pb_row_fullwidth&#8221; _builder_version=&#8221;4.16&#8243; width=&#8221;89%&#8221; width_tablet=&#8221;80%&#8221; width_phone=&#8221;&#8221; width_last_edited=&#8221;on|desktop&#8221; max_width=&#8221;89%&#8221; max_width_tablet=&#8221;80%&#8221; max_width_phone=&#8221;&#8221; max_width_last_edited=&#8221;on|desktop&#8221; make_fullwidth=&#8221;on&#8221; global_colors_info=&#8221;{}&#8221;][et_pb_column type=&#8221;4_4&#8243; _builder_version=&#8221;4.16&#8243; custom_padding=&#8221;|||&#8221; global_colors_info=&#8221;{}&#8221; custom_padding__hover=&#8221;|||&#8221;][et_pb_text admin_label=&#8221;Rotary Global Rewards -otsikko&#8221; _builder_version=&#8221;4.16&#8243; text_orientation=&#8221;center&#8221; background_layout=&#8221;dark&#8221; z_index_tablet=&#8221;500&#8243; global_colors_info=&#8221;{}&#8221;][\/et_pb_text][\/et_pb_column][\/et_pb_row][\/et_pb_section][et_pb_section fb_built=&#8221;1&#8243; module_class=&#8221;sisaltoalue_perus&#8221; _builder_version=&#8221;4.16&#8243; background_size=&#8221;initial&#8221; background_position=&#8221;top_left&#8221; background_repeat=&#8221;repeat&#8221; global_colors_info=&#8221;{}&#8221;][et_pb_row _builder_version=&#8221;4.22.1&#8243; _module_preset=&#8221;default&#8221; global_colors_info=&#8221;{}&#8221;][et_pb_column type=&#8221;4_4&#8243; _builder_version=&#8221;4.22.1&#8243; _module_preset=&#8221;default&#8221; global_colors_info=&#8221;{}&#8221;][et_pb_text _builder_version=&#8221;4.22.1&#8243; _module_preset=&#8221;default&#8221; global_colors_info=&#8221;{}&#8221;]<\/p>\n<h1 style=\"text-align: center\"><strong>ROTAKIDS<\/strong><\/h1>\n<p>[\/et_pb_text][\/et_pb_column][\/et_pb_row][et_pb_row _builder_version=&#8221;4.22.1&#8243; _module_preset=&#8221;default&#8221; global_colors_info=&#8221;{}&#8221;][et_pb_column type=&#8221;4_4&#8243; _builder_version=&#8221;4.22.1&#8243; _module_preset=&#8221;default&#8221; global_colors_info=&#8221;{}&#8221;][et_pb_text _builder_version=&#8221;4.22.1&#8243; _module_preset=&#8221;default&#8221; hover_enabled=&#8221;0&#8243; global_colors_info=&#8221;{}&#8221; sticky_enabled=&#8221;0&#8243;]<\/p>\n<p><a href=\"https:\/\/rotary.fi\/d1430\/wp-content\/uploads\/sites\/175\/2024\/02\/rotakids-1.jpg\"><\/a><a href=\"https:\/\/rotary.fi\/d1430\/wp-content\/uploads\/sites\/175\/2024\/01\/rotakids.jpg\"><img loading=\"lazy\" decoding=\"async\" src=\"https:\/\/rotary.fi\/d1430\/wp-content\/uploads\/sites\/175\/2024\/01\/rotakids.jpg\" width=\"671\" height=\"278\" alt=\"\" class=\"wp-image-6645 aligncenter size-full\" srcset=\"https:\/\/rotary.fi\/d1430\/wp-content\/uploads\/sites\/175\/2024\/01\/rotakids.jpg 671w, https:\/\/rotary.fi\/d1430\/wp-content\/uploads\/sites\/175\/2024\/01\/rotakids-480x199.jpg 480w\" sizes=\"(min-width: 0px) and (max-width: 480px) 480px, (min-width: 481px) 671px, 100vw\" \/><\/a><\/p>\n<p>Rotaryklubit ymp\u00e4ri maailmaa j\u00e4rjest\u00e4v\u00e4t toimintaa alle 12-vuotiaille lapsille. Toimintaa kutsutaan yleisimmin nimill\u00e4 Earlyact ja RotaKids.<\/p>\n<p>Lapsille suunnatun toiminnan periaatteina on j\u00e4rjest\u00e4\u00e4 lapsille Rotaryn arvojen mukaista toimintaa ja antaa lapsille mahdollisuus vaikuttaa ja tehd\u00e4 hyv\u00e4\u00e4 omassa yhteis\u00f6ss\u00e4\u00e4n. Samalla opitaan arvostamaan toisia ihmisi\u00e4 ja luontoa.<\/p>\n<p>Lapsille suunnatussa toiminnassa toteutuvat Rotaryn perusajatukset: yst\u00e4vyys, kiusaamisen ehk\u00e4iseminen, sosiaaliset suhteet, aktiivinen kansalaisuus, rauha ja kulttuurien moninaisuus, ymp\u00e4rist\u00f6ty\u00f6 ja luonnon monimuotoisuuden s\u00e4ilytt\u00e4minen, hyv\u00e4 el\u00e4m\u00e4.<\/p>\n<p>Toiminta suunnitellaan yhdess\u00e4 lasten kanssa ja projekteja tehd\u00e4\u00e4n heit\u00e4 kiinnostavista aiheista.<\/p>\n<p>RotaKids koulutusmateriaali 12.3.2024 l\u00f6ytyy <a href=\"https:\/\/rotary.fi\/d1430\/wp-content\/uploads\/sites\/175\/2024\/04\/ROTAKIDS-koulutus-12.3.2024-compressed.pdf\">t\u00e4\u00e4lt\u00e4<\/a>.<\/p>\n<p>Kirje aiheesta klubien Presidenteille ja tulevan kauden Presidenteille. <a href=\"https:\/\/rotary.fi\/d1430\/wp-content\/uploads\/sites\/175\/2024\/01\/Kirje-klubien-Presidenteille-5_2023.pdf\" rel=\"attachment wp-att-6630\">Kirje-klubien-Presidenteille-5_2023<\/a>. Syksyll\u00e4 j\u00e4rjestett\u00e4v\u00e4n Patikkapolku tapahtuman tavoitteena on levitt\u00e4\u00e4 Rotarytietoutta ja lis\u00e4t\u00e4 klubien v\u00e4list\u00e4 yhteisty\u00f6t\u00e4. Samalla innostetaan perheit\u00e4 liikkumaan yhdess\u00e4 ja toteuttamaan ymp\u00e4rist\u00f6kasvatusta.<\/p>\n<p>Lis\u00e4\u00e4 tietoa RotaKids Patikkapolusta l\u00f6yd\u00e4t <a href=\"https:\/\/sites.google.com\/rotaryfinland.org\/rotakids\/patikkapolku\">t\u00e4st\u00e4 linkist\u00e4<\/a>.<\/p>\n<p>&nbsp;<\/p>\n<h5 style=\"text-align: center\">Rotakids lukuviikko<\/h5>\n<p><a href=\"https:\/\/rotary.fi\/d1430\/wp-content\/uploads\/sites\/175\/2024\/02\/rotakids-1.jpg\"><img loading=\"lazy\" decoding=\"async\" src=\"https:\/\/rotary.fi\/d1430\/wp-content\/uploads\/sites\/175\/2024\/02\/rotakids-1.jpg\" width=\"735\" height=\"231\" alt=\"\" class=\"wp-image-6706 aligncenter size-full\" srcset=\"https:\/\/rotary.fi\/d1430\/wp-content\/uploads\/sites\/175\/2024\/02\/rotakids-1.jpg 735w, https:\/\/rotary.fi\/d1430\/wp-content\/uploads\/sites\/175\/2024\/02\/rotakids-1-480x151.jpg 480w\" sizes=\"(min-width: 0px) and (max-width: 480px) 480px, (min-width: 481px) 735px, 100vw\" \/><\/a><\/p>\n<p>Lukuviikko on vuosittainen valtakunnallinen lukutaidon teemaviikko. Rotaryklubien toivotaan osallistuvan lukuviikkoon j\u00e4rjest\u00e4m\u00e4ll\u00e4 esi- ja alakouluik\u00e4isille sopivaa, lukivalmiuksia ja lukutaitoa kehitt\u00e4v\u00e4\u00e4 ohjelmaa 22.\u201328.4.2024.<\/p>\n<p>Lukuviikon teema vuonna 2024 on kohtaaminen. Lukukokemusten my\u00f6t\u00e4 maailmat kohtaavat, opimme uutta ja ymm\u00e4rrys, solidaarisuus ja empatia kasvavat. Ihmisten kohtaaminen voi tapahtua niin fyysisess\u00e4 ymp\u00e4rist\u00f6ss\u00e4 kuin virtuaalisestikin; esimerkiksi kirjastoissa, kouluissa,verkossa tai sosiaalisessa mediassa. Tapahtuma voi olla esimerkiksi vaihto-oppilaan vet\u00e4m\u00e4 satutunti kirjastossa, lukupiiri koulussa tai vaikka satumummon tai -papan vet\u00e4m\u00e4 lukutuokio p\u00e4iv\u00e4kodissa.<\/p>\n<p>Tapahtumien suunnitteluun voi hy\u00f6dynt\u00e4\u00e4 saatavilla olevia RotaKids-lukuviikon materiaaleja. Tapahtuman suunnittelua varten l\u00f6ytyy julistepohja, kirjalistoja alakouluik\u00e4isille sopivista kirjoista eri kielill\u00e4, sek\u00e4 Kivaa lukemista Kidseille -teht\u00e4v\u00e4.<\/p>\n<p>Ohessa dokumentteja joita klubit voivat k\u00e4ytt\u00e4\u00e4 t\u00e4m\u00e4n tapahtuman markkinoinnissa. N\u00e4m\u00e4 dokumentit ovat vapaasti hy\u00f6dynnett\u00e4viss\u00e4. Huomaa esiteohje ja esite on Powerpoint muotoinen esitepohja josta klubi voi muokata sopivan esitteen omaan k\u00e4ytt\u00f6\u00f6n.<\/p>\n<ul>\n<li><a href=\"https:\/\/rotary.fi\/d1430\/wp-content\/uploads\/sites\/175\/2024\/02\/RotaKids-lukuviikko.pdf\">RotaKids-lukuviikko<\/a><\/li>\n<li><a href=\"https:\/\/rotary.fi\/d1430\/wp-content\/uploads\/sites\/175\/2024\/02\/KIVAA-LUKEMISTA-KIDSEILLE.pdf\">Kivaa lukemista kidseille<\/a><\/li>\n<li><a href=\"https:\/\/rotary.fi\/d1430\/wp-content\/uploads\/sites\/175\/2024\/02\/Lukuviikko-ja-linkit.pdf\">Lukuviikko ja linkit<\/a><\/li>\n<li><a href=\"https:\/\/rotary.fi\/d1430\/wp-content\/uploads\/sites\/175\/2024\/02\/Esiteohje-ja-esite.pptx\">Esiteohje ja esite<\/a><\/li>\n<\/ul>\n<p>Lue lis\u00e4\u00e4 lukuviikosta <a href=\"https:\/\/sites.google.com\/rotaryfinland.org\/rotakids\/rotakids-lukuviikko?authuser=0\">oheisen linkin<\/a> kautta.<\/p>\n<p>&nbsp;<\/p>\n<p>&nbsp;<\/p>\n<p style=\"text-align: center\"><a href=\"https:\/\/rotary.fi\/d1430\/wp-content\/uploads\/sites\/175\/2024\/01\/rotarkids.jpg\"><\/a><\/p>\n<p>[\/et_pb_text][\/et_pb_column][\/et_pb_row][\/et_pb_section]<\/p>\n","protected":false},"excerpt":{"rendered":"<p>ROTAKIDS Rotaryklubit ymp\u00e4ri maailmaa j\u00e4rjest\u00e4v\u00e4t toimintaa alle 12-vuotiaille lapsille. Toimintaa kutsutaan yleisimmin nimill\u00e4 Earlyact ja RotaKids. Lapsille suunnatun toiminnan periaatteina on j\u00e4rjest\u00e4\u00e4 lapsille Rotaryn arvojen mukaista toimintaa ja antaa lapsille mahdollisuus vaikuttaa ja tehd\u00e4 hyv\u00e4\u00e4 omassa yhteis\u00f6ss\u00e4\u00e4n. Samalla opitaan arvostamaan toisia ihmisi\u00e4 ja luontoa. Lapsille suunnatussa toiminnassa toteutuvat Rotaryn perusajatukset: yst\u00e4vyys, kiusaamisen ehk\u00e4iseminen, sosiaaliset suhteet, [&hellip;]<\/p>\n","protected":false},"author":1,"featured_media":0,"parent":0,"menu_order":1,"comment_status":"closed","ping_status":"closed","template":"","meta":{"_acf_changed":false,"_et_pb_use_builder":"on","_et_pb_old_content":"","_et_gb_content_width":"","footnotes":""},"class_list":["post-2322","page","type-page","status-publish","hentry"],"acf":[],"yoast_head":"<!-- This site is optimized with the Yoast SEO plugin v27.0 - https:\/\/yoast.com\/product\/yoast-seo-wordpress\/ -->\n<title>Rotary Global Rewards - Piiri 1430<\/title>\n<meta name=\"robots\" content=\"index, follow, max-snippet:-1, max-image-preview:large, max-video-preview:-1\" \/>\n<link rel=\"canonical\" href=\"https:\/\/rotary.fi\/d1430\/rotary-global-rewards\/\" \/>\n<meta property=\"og:locale\" content=\"fi_FI\" \/>\n<meta property=\"og:type\" content=\"article\" \/>\n<meta property=\"og:title\" content=\"Rotary Global Rewards - Piiri 1430\" \/>\n<meta property=\"og:description\" content=\"ROTAKIDS Rotaryklubit ymp\u00e4ri maailmaa j\u00e4rjest\u00e4v\u00e4t toimintaa alle 12-vuotiaille lapsille. Toimintaa kutsutaan yleisimmin nimill\u00e4 Earlyact ja RotaKids. Lapsille suunnatun toiminnan periaatteina on j\u00e4rjest\u00e4\u00e4 lapsille Rotaryn arvojen mukaista toimintaa ja antaa lapsille mahdollisuus vaikuttaa ja tehd\u00e4 hyv\u00e4\u00e4 omassa yhteis\u00f6ss\u00e4\u00e4n. Samalla opitaan arvostamaan toisia ihmisi\u00e4 ja luontoa. Lapsille suunnatussa toiminnassa toteutuvat Rotaryn perusajatukset: yst\u00e4vyys, kiusaamisen ehk\u00e4iseminen, sosiaaliset suhteet, [&hellip;]\" \/>\n<meta property=\"og:url\" content=\"https:\/\/rotary.fi\/d1430\/rotary-global-rewards\/\" \/>\n<meta property=\"og:site_name\" content=\"Piiri 1430\" \/>\n<meta property=\"article:publisher\" content=\"https:\/\/www.facebook.com\/rotary\/\" \/>\n<meta property=\"article:modified_time\" content=\"2024-04-06T05:42:51+00:00\" \/>\n<meta property=\"og:image\" content=\"https:\/\/rotary.fi\/d1430\/wp-content\/uploads\/sites\/175\/2024\/01\/rotakids.jpg\" \/>\n<meta name=\"twitter:card\" content=\"summary_large_image\" \/>\n<meta name=\"twitter:label1\" content=\"Arvioitu lukuaika\" \/>\n\t<meta name=\"twitter:data1\" content=\"3 minuuttia\" \/>\n<script type=\"application\/ld+json\" class=\"yoast-schema-graph\">{\"@context\":\"https:\/\/schema.org\",\"@graph\":[{\"@type\":\"WebPage\",\"@id\":\"https:\/\/rotary.fi\/d1430\/rotary-global-rewards\/\",\"url\":\"https:\/\/rotary.fi\/d1430\/rotary-global-rewards\/\",\"name\":\"Rotary Global Rewards - Piiri 1430\",\"isPartOf\":{\"@id\":\"https:\/\/rotary.fi\/d1430\/#website\"},\"primaryImageOfPage\":{\"@id\":\"https:\/\/rotary.fi\/d1430\/rotary-global-rewards\/#primaryimage\"},\"image\":{\"@id\":\"https:\/\/rotary.fi\/d1430\/rotary-global-rewards\/#primaryimage\"},\"thumbnailUrl\":\"https:\/\/rotary.fi\/d1430\/wp-content\/uploads\/sites\/175\/2024\/01\/rotakids.jpg\",\"datePublished\":\"2019-05-02T11:58:17+00:00\",\"dateModified\":\"2024-04-06T05:42:51+00:00\",\"breadcrumb\":{\"@id\":\"https:\/\/rotary.fi\/d1430\/rotary-global-rewards\/#breadcrumb\"},\"inLanguage\":\"fi\",\"potentialAction\":[{\"@type\":\"ReadAction\",\"target\":[\"https:\/\/rotary.fi\/d1430\/rotary-global-rewards\/\"]}]},{\"@type\":\"ImageObject\",\"inLanguage\":\"fi\",\"@id\":\"https:\/\/rotary.fi\/d1430\/rotary-global-rewards\/#primaryimage\",\"url\":\"https:\/\/rotary.fi\/d1430\/wp-content\/uploads\/sites\/175\/2024\/01\/rotakids.jpg\",\"contentUrl\":\"https:\/\/rotary.fi\/d1430\/wp-content\/uploads\/sites\/175\/2024\/01\/rotakids.jpg\"},{\"@type\":\"BreadcrumbList\",\"@id\":\"https:\/\/rotary.fi\/d1430\/rotary-global-rewards\/#breadcrumb\",\"itemListElement\":[{\"@type\":\"ListItem\",\"position\":1,\"name\":\"Home\",\"item\":\"https:\/\/rotary.fi\/d1430\/\"},{\"@type\":\"ListItem\",\"position\":2,\"name\":\"Rotary Global Rewards\"}]},{\"@type\":\"WebSite\",\"@id\":\"https:\/\/rotary.fi\/d1430\/#website\",\"url\":\"https:\/\/rotary.fi\/d1430\/\",\"name\":\"Piiri 1430\",\"description\":\"Suomen Rotary\",\"potentialAction\":[{\"@type\":\"SearchAction\",\"target\":{\"@type\":\"EntryPoint\",\"urlTemplate\":\"https:\/\/rotary.fi\/d1430\/?s={search_term_string}\"},\"query-input\":{\"@type\":\"PropertyValueSpecification\",\"valueRequired\":true,\"valueName\":\"search_term_string\"}}],\"inLanguage\":\"fi\"}]}<\/script>\n<!-- \/ Yoast SEO plugin. -->","yoast_head_json":{"title":"Rotary Global Rewards - Piiri 1430","robots":{"index":"index","follow":"follow","max-snippet":"max-snippet:-1","max-image-preview":"max-image-preview:large","max-video-preview":"max-video-preview:-1"},"canonical":"https:\/\/rotary.fi\/d1430\/rotary-global-rewards\/","og_locale":"fi_FI","og_type":"article","og_title":"Rotary Global Rewards - Piiri 1430","og_description":"ROTAKIDS Rotaryklubit ymp\u00e4ri maailmaa j\u00e4rjest\u00e4v\u00e4t toimintaa alle 12-vuotiaille lapsille. Toimintaa kutsutaan yleisimmin nimill\u00e4 Earlyact ja RotaKids. Lapsille suunnatun toiminnan periaatteina on j\u00e4rjest\u00e4\u00e4 lapsille Rotaryn arvojen mukaista toimintaa ja antaa lapsille mahdollisuus vaikuttaa ja tehd\u00e4 hyv\u00e4\u00e4 omassa yhteis\u00f6ss\u00e4\u00e4n. Samalla opitaan arvostamaan toisia ihmisi\u00e4 ja luontoa. Lapsille suunnatussa toiminnassa toteutuvat Rotaryn perusajatukset: yst\u00e4vyys, kiusaamisen ehk\u00e4iseminen, sosiaaliset suhteet, [&hellip;]","og_url":"https:\/\/rotary.fi\/d1430\/rotary-global-rewards\/","og_site_name":"Piiri 1430","article_publisher":"https:\/\/www.facebook.com\/rotary\/","article_modified_time":"2024-04-06T05:42:51+00:00","og_image":[{"url":"https:\/\/rotary.fi\/d1430\/wp-content\/uploads\/sites\/175\/2024\/01\/rotakids.jpg","type":"","width":"","height":""}],"twitter_card":"summary_large_image","twitter_misc":{"Arvioitu lukuaika":"3 minuuttia"},"schema":{"@context":"https:\/\/schema.org","@graph":[{"@type":"WebPage","@id":"https:\/\/rotary.fi\/d1430\/rotary-global-rewards\/","url":"https:\/\/rotary.fi\/d1430\/rotary-global-rewards\/","name":"Rotary Global Rewards - Piiri 1430","isPartOf":{"@id":"https:\/\/rotary.fi\/d1430\/#website"},"primaryImageOfPage":{"@id":"https:\/\/rotary.fi\/d1430\/rotary-global-rewards\/#primaryimage"},"image":{"@id":"https:\/\/rotary.fi\/d1430\/rotary-global-rewards\/#primaryimage"},"thumbnailUrl":"https:\/\/rotary.fi\/d1430\/wp-content\/uploads\/sites\/175\/2024\/01\/rotakids.jpg","datePublished":"2019-05-02T11:58:17+00:00","dateModified":"2024-04-06T05:42:51+00:00","breadcrumb":{"@id":"https:\/\/rotary.fi\/d1430\/rotary-global-rewards\/#breadcrumb"},"inLanguage":"fi","potentialAction":[{"@type":"ReadAction","target":["https:\/\/rotary.fi\/d1430\/rotary-global-rewards\/"]}]},{"@type":"ImageObject","inLanguage":"fi","@id":"https:\/\/rotary.fi\/d1430\/rotary-global-rewards\/#primaryimage","url":"https:\/\/rotary.fi\/d1430\/wp-content\/uploads\/sites\/175\/2024\/01\/rotakids.jpg","contentUrl":"https:\/\/rotary.fi\/d1430\/wp-content\/uploads\/sites\/175\/2024\/01\/rotakids.jpg"},{"@type":"BreadcrumbList","@id":"https:\/\/rotary.fi\/d1430\/rotary-global-rewards\/#breadcrumb","itemListElement":[{"@type":"ListItem","position":1,"name":"Home","item":"https:\/\/rotary.fi\/d1430\/"},{"@type":"ListItem","position":2,"name":"Rotary Global Rewards"}]},{"@type":"WebSite","@id":"https:\/\/rotary.fi\/d1430\/#website","url":"https:\/\/rotary.fi\/d1430\/","name":"Piiri 1430","description":"Suomen Rotary","potentialAction":[{"@type":"SearchAction","target":{"@type":"EntryPoint","urlTemplate":"https:\/\/rotary.fi\/d1430\/?s={search_term_string}"},"query-input":{"@type":"PropertyValueSpecification","valueRequired":true,"valueName":"search_term_string"}}],"inLanguage":"fi"}]}},"lang":"fi","translations":{"fi":2322},"pll_sync_post":[],"_links":{"self":[{"href":"https:\/\/rotary.fi\/d1430\/wp-json\/wp\/v2\/pages\/2322","targetHints":{"allow":["GET"]}}],"collection":[{"href":"https:\/\/rotary.fi\/d1430\/wp-json\/wp\/v2\/pages"}],"about":[{"href":"https:\/\/rotary.fi\/d1430\/wp-json\/wp\/v2\/types\/page"}],"author":[{"embeddable":true,"href":"https:\/\/rotary.fi\/d1430\/wp-json\/wp\/v2\/users\/1"}],"replies":[{"embeddable":true,"href":"https:\/\/rotary.fi\/d1430\/wp-json\/wp\/v2\/comments?post=2322"}],"version-history":[{"count":10,"href":"https:\/\/rotary.fi\/d1430\/wp-json\/wp\/v2\/pages\/2322\/revisions"}],"predecessor-version":[{"id":6934,"href":"https:\/\/rotary.fi\/d1430\/wp-json\/wp\/v2\/pages\/2322\/revisions\/6934"}],"wp:attachment":[{"href":"https:\/\/rotary.fi\/d1430\/wp-json\/wp\/v2\/media?parent=2322"}],"curies":[{"name":"wp","href":"https:\/\/api.w.org\/{rel}","templated":true}]}}