{"id":2167,"date":"2019-03-15T13:13:14","date_gmt":"2019-03-15T11:13:14","guid":{"rendered":"https:\/\/rotary.fi\/piirisivusto\/?page_id=2167"},"modified":"2026-02-09T15:34:44","modified_gmt":"2026-02-09T13:34:44","slug":"kumppanit","status":"publish","type":"page","link":"https:\/\/rotary.fi\/d1430\/mita-teemme\/yhteistyo\/kumppanit\/","title":{"rendered":"Kumppanit"},"content":{"rendered":"<p>[et_pb_section fb_built=&#8221;1&#8243; module_class=&#8221;jumbotron-page&#8221; _builder_version=&#8221;4.16&#8243; background_image=&#8221;https:\/\/rotary.fi\/piirisivusto\/wp-content\/uploads\/sites\/175\/2018\/02\/paakuva-sisasivu1.jpg&#8221; global_colors_info=&#8221;{}&#8221;][et_pb_row module_class=&#8221; et_pb_row_fullwidth&#8221; _builder_version=&#8221;4.16&#8243; width=&#8221;89%&#8221; width_tablet=&#8221;80%&#8221; width_phone=&#8221;&#8221; width_last_edited=&#8221;on|desktop&#8221; max_width=&#8221;89%&#8221; max_width_tablet=&#8221;80%&#8221; max_width_phone=&#8221;&#8221; max_width_last_edited=&#8221;on|desktop&#8221; make_fullwidth=&#8221;on&#8221; global_colors_info=&#8221;{}&#8221;][et_pb_column type=&#8221;4_4&#8243; _builder_version=&#8221;4.16&#8243; custom_padding=&#8221;|||&#8221; global_colors_info=&#8221;{}&#8221; custom_padding__hover=&#8221;|||&#8221;][et_pb_text admin_label=&#8221;P\u00e4\u00e4otsikko kuvan p\u00e4\u00e4ll\u00e4&#8221; _builder_version=&#8221;4.16&#8243; text_orientation=&#8221;center&#8221; background_layout=&#8221;dark&#8221; locked=&#8221;off&#8221; collapsed=&#8221;off&#8221; global_colors_info=&#8221;{}&#8221;]<\/p>\n<h1>Kumppanit<\/h1>\n<p>[\/et_pb_text][\/et_pb_column][\/et_pb_row][\/et_pb_section][et_pb_section fb_built=&#8221;1&#8243; _builder_version=&#8221;4.16&#8243; custom_margin=&#8221;||40px|&#8221; global_colors_info=&#8221;{}&#8221;][et_pb_row custom_padding_last_edited=&#8221;on|phone&#8221; _builder_version=&#8221;4.16&#8243; custom_padding_tablet=&#8221;&#8221; custom_padding_phone=&#8221;&#8221; global_colors_info=&#8221;{}&#8221;][et_pb_column type=&#8221;4_4&#8243; _builder_version=&#8221;4.16&#8243; custom_padding=&#8221;|||&#8221; global_colors_info=&#8221;{}&#8221; custom_padding__hover=&#8221;|||&#8221;][et_pb_text admin_label=&#8221;P\u00e4\u00e4otsikko ennen sis\u00e4lt\u00f6\u00e4&#8221; _builder_version=&#8221;4.16&#8243; text_orientation=&#8221;center&#8221; global_colors_info=&#8221;{}&#8221;]<\/p>\n<h1>Kumppanit<\/h1>\n<p>[\/et_pb_text][et_pb_text _builder_version=&#8221;4.16&#8243; global_colors_info=&#8221;{}&#8221;]<\/p>\n<h4><\/h4>\n<p><img loading=\"lazy\" decoding=\"async\" src=\"https:\/\/rotary.fi\/d1430\/wp-content\/uploads\/sites\/175\/2020\/01\/shelterbox-2-300x200.jpg\" width=\"300\" height=\"200\" alt=\"\" class=\"wp-image-3696 alignnone size-medium\" \/><img loading=\"lazy\" decoding=\"async\" src=\"https:\/\/rotary.fi\/d1430\/wp-content\/uploads\/sites\/175\/2020\/01\/shelterbox-logo2-300x300.png\" width=\"198\" height=\"198\" alt=\"\" class=\"wp-image-3697 alignnone size-medium\" \/><img loading=\"lazy\" decoding=\"async\" src=\"https:\/\/rotary.fi\/d1430\/wp-content\/uploads\/sites\/175\/2020\/01\/shelterboxkuva1-300x200.jpg\" width=\"295\" height=\"196\" alt=\"\" class=\"wp-image-3695 alignnone size-medium\" \/><\/p>\n<p>Joka vuosi sadat ja tuhannet ihmiset ymp\u00e4ri maailman menett\u00e4v\u00e4t kaiken, kun maanj\u00e4ristys, py\u00f6rremyrsky, tulva tai sota iskee. Ilman omaa syyt\u00e4\u00e4n ja usein ilman mit\u00e4\u00e4n ennakkovaroitusta he menett\u00e4v\u00e4t kotinsa, omaisuuteensa ja toimeen tulonsa.\u00a0 ShelterBox on rotareiden perustama ja tukema avustusj\u00e4rjest\u00f6, joka hoitaa nopeasti h\u00e4t\u00e4suojan\u00a0 ja v\u00e4ltt\u00e4m\u00e4tt\u00f6mat tarvikkeet paikan p\u00e4\u00e4lle n\u00e4ille perheille.<\/p>\n<p>Yhdess\u00e4 ShelterBoxissa on suoja ja v\u00e4ltt\u00e4m\u00e4tt\u00f6m\u00e4t tarvikkeet jopa 8-10 henkiselle perheelle. ShelBox toimii kriisialueilla yhdess\u00e4 Punaisen Ristin, YK:n ja muiden avustusj\u00e4rjest\u00f6jen kanssa.\u00a0 Koulutetut ShelterBox- valmiustiimin j\u00e4senet huolehtivat\u00a0 ysein yhdess\u00e4 paikallisten rotarien kanssa avun toimittamisesta perille ja opastavat sen pystytt\u00e4misesss\u00e4 ja k\u00e4yt\u00f6ss\u00e4.\u00a0 ShelterBoxin toiminta perustuu vapaaehtoisuuteen ja se rahoitetaan lahjoituksin saatavilla varoilla. Piiirmme klubit ja rotarit tukevat ShelterBoxia ja esittelemme sit\u00e4\u00a0 ja rotatytoimintaa usein piirimme alueen eri tapahtumissa. Tervetuloa tutustumaan ja tukemaan!<\/p>\n<p>Lis\u00e4\u00e4 tietoa l\u00f6yd\u00e4t klikkaamalla t\u00e4\u00e4lt\u00e4<\/p>\n<h4><a href=\"https:\/\/www.shelterboxtuki.fi\/\">Shelterboxtuki<\/a><\/h4>\n<p>&nbsp;<\/p>\n<h4>Yhteyshenkil\u00f6\u00a0<\/h4>\n<p>Piirin 1430 ShelterBox vastaava\u00a0<br \/>Markku Ranin Mikkeli-Naisvuori Rotaryklubi\u00a0 \u00a0 \u00a0 \u00a0 \u00a0 \u00a0 \u00a0 \u00a0 \u00a0 \u00a0 \u00a0 \u00a0 \u00a0 \u00a0 \u00a0 \u00a0 \u00a0 \u00a0 \u00a0 \u00a0 \u00a0 \u00a0 \u00a0 \u00a0 \u00a0 \u00a0 \u00a0 \u00a0 \u00a0 \u00a0 \u00a0 \u00a0 \u00a0 \u00a0 \u00a0 \u00a0 \u00a0 \u00a0 \u00a0 \u00a0 \u00a0 \u00a0 \u00a0 \u00a0 \u00a0 \u00a0 \u00a0 \u00a0 \u00a0 \u00a0 \u00a0 \u00a0 \u00a0 \u00a0 \u00a0 \u00a0 \u00a0 \u00a0 \u00a0 \u00a0 \u00a0 \u00a0 \u00a0 \u00a0 \u00a0 \u00a0 \u00a0 \u00a0 \u00a0 \u00a0 \u00a0 \u00a0 \u00a0 \u00a0 \u00a0 \u00a0 \u00a0 \u00a0 \u00a0 \u00a0 \u00a0 \u00a0 \u00a0 \u00a0 \u00a0 \u00a0 \u00a0 \u00a0 \u00a0 \u00a0 E-mail: markku.ranin (\u00e4t) gmail.com<a href=\"markku.ranin@gmail.com\">\u00a0 \u00a0 \u00a0<\/a>\u00a0 \u00a0 \u00a0 \u00a0 \u00a0 \u00a0 \u00a0 \u00a0 \u00a0 \u00a0 \u00a0 \u00a0 \u00a0 \u00a0 \u00a0 \u00a0 \u00a0 \u00a0 \u00a0 \u00a0 \u00a0 \u00a0 \u00a0 \u00a0 \u00a0 \u00a0 \u00a0 \u00a0 \u00a0 \u00a0 \u00a0 \u00a0 \u00a0 \u00a0 \u00a0 \u00a0 \u00a0 \u00a0 \u00a0 \u00a0 \u00a0 \u00a0 \u00a0 \u00a0 \u00a0 \u00a0 \u00a0 \u00a0 \u00a0 \u00a0 \u00a0 \u00a0 \u00a0 \u00a0 \u00a0 \u00a0 \u00a0 \u00a0 \u00a0 \u00a0 \u00a0 \u00a0 \u00a0 \u00a0 \u00a0 \u00a0 \u00a0 \u00a0 \u00a0 \u00a0 \u00a0 \u00a0 \u00a0 \u00a0 \u00a0 \u00a0 \u00a0 \u00a0 \u00a0 \u00a0 \u00a0 \u00a0 \u00a0 \u00a0 \u00a0 \u00a0 \u00a0 \u00a0 \u00a0 \u00a0 \u00a0 \u00a0 \u00a0 \u00a0 \u00a0 Puh. +358 505511828\u00a0 \u00a0 \u00a0 \u00a0 \u00a0 \u00a0 \u00a0 \u00a0 \u00a0 \u00a0 \u00a0 \u00a0 \u00a0 \u00a0 \u00a0 \u00a0 \u00a0 \u00a0 \u00a0 \u00a0 \u00a0 \u00a0 \u00a0 \u00a0 \u00a0 \u00a0 \u00a0 \u00a0 \u00a0 \u00a0 \u00a0 \u00a0 \u00a0 \u00a0 \u00a0 \u00a0 \u00a0 \u00a0 \u00a0 \u00a0 \u00a0 \u00a0 \u00a0 \u00a0 \u00a0 \u00a0 \u00a0 \u00a0 \u00a0 \u00a0 \u00a0 \u00a0 \u00a0 \u00a0 \u00a0 \u00a0 \u00a0 \u00a0 \u00a0 \u00a0\u00a0<\/p>\n<p>&nbsp;<\/p>\n<p>&nbsp;<\/p>\n<p>[\/et_pb_text][et_pb_text _builder_version=&#8221;4.27.4&#8243; _module_preset=&#8221;default&#8221; global_colors_info=&#8221;{}&#8221;]<\/p>\n<p>Yksinkertainen tapa tukea katastrofiapuamme on hankkia hauska koko perheen <strong>Muistipeli<\/strong>. Saatavilla 30\u20ac hintaan <a href=\"https:\/\/holvi.com\/shop\/ShelterBox\/product\/33f16a7078298dea5d61f9b22d6a781a\/\">verkkokaupastamme<\/a><\/p>\n<p>[\/et_pb_text][et_pb_image src=&#8221;https:\/\/rotary.fi\/d1430\/wp-content\/uploads\/sites\/175\/2026\/02\/img-0555.jpg&#8221; title_text=&#8221;IMG_0555&#8243; _builder_version=&#8221;4.27.4&#8243; _module_preset=&#8221;default&#8221; width=&#8221;78%&#8221; max_width=&#8221;79%&#8221; hover_enabled=&#8221;0&#8243; global_colors_info=&#8221;{}&#8221; align=&#8221;center&#8221; sticky_enabled=&#8221;0&#8243;][\/et_pb_image][\/et_pb_column][\/et_pb_row][\/et_pb_section]<\/p>\n","protected":false},"excerpt":{"rendered":"<p>Kumppanit Kumppanit Joka vuosi sadat ja tuhannet ihmiset ymp\u00e4ri maailman menett\u00e4v\u00e4t kaiken, kun maanj\u00e4ristys, py\u00f6rremyrsky, tulva tai sota iskee. Ilman omaa syyt\u00e4\u00e4n ja usein ilman mit\u00e4\u00e4n ennakkovaroitusta he menett\u00e4v\u00e4t kotinsa, omaisuuteensa ja toimeen tulonsa.\u00a0 ShelterBox on rotareiden perustama ja tukema avustusj\u00e4rjest\u00f6, joka hoitaa nopeasti h\u00e4t\u00e4suojan\u00a0 ja v\u00e4ltt\u00e4m\u00e4tt\u00f6mat tarvikkeet paikan p\u00e4\u00e4lle n\u00e4ille perheille. Yhdess\u00e4 ShelterBoxissa on [&hellip;]<\/p>\n","protected":false},"author":1,"featured_media":0,"parent":2044,"menu_order":1,"comment_status":"closed","ping_status":"closed","template":"","meta":{"_acf_changed":false,"_et_pb_use_builder":"on","_et_pb_old_content":"","_et_gb_content_width":"","footnotes":""},"class_list":["post-2167","page","type-page","status-publish","hentry"],"acf":[],"yoast_head":"<!-- This site is optimized with the Yoast SEO plugin v27.4 - https:\/\/yoast.com\/product\/yoast-seo-wordpress\/ -->\n<title>Kumppanit - Piiri 1430<\/title>\n<meta name=\"robots\" content=\"index, follow, max-snippet:-1, max-image-preview:large, max-video-preview:-1\" \/>\n<link rel=\"canonical\" href=\"https:\/\/rotary.fi\/d1430\/mita-teemme\/yhteistyo\/kumppanit\/\" \/>\n<meta property=\"og:locale\" content=\"fi_FI\" \/>\n<meta property=\"og:type\" content=\"article\" \/>\n<meta property=\"og:title\" content=\"Kumppanit - Piiri 1430\" \/>\n<meta property=\"og:description\" content=\"Kumppanit Kumppanit Joka vuosi sadat ja tuhannet ihmiset ymp\u00e4ri maailman menett\u00e4v\u00e4t kaiken, kun maanj\u00e4ristys, py\u00f6rremyrsky, tulva tai sota iskee. Ilman omaa syyt\u00e4\u00e4n ja usein ilman mit\u00e4\u00e4n ennakkovaroitusta he menett\u00e4v\u00e4t kotinsa, omaisuuteensa ja toimeen tulonsa.\u00a0 ShelterBox on rotareiden perustama ja tukema avustusj\u00e4rjest\u00f6, joka hoitaa nopeasti h\u00e4t\u00e4suojan\u00a0 ja v\u00e4ltt\u00e4m\u00e4tt\u00f6mat tarvikkeet paikan p\u00e4\u00e4lle n\u00e4ille perheille. Yhdess\u00e4 ShelterBoxissa on [&hellip;]\" \/>\n<meta property=\"og:url\" content=\"https:\/\/rotary.fi\/d1430\/mita-teemme\/yhteistyo\/kumppanit\/\" \/>\n<meta property=\"og:site_name\" content=\"Piiri 1430\" \/>\n<meta property=\"article:publisher\" content=\"https:\/\/www.facebook.com\/rotary\/\" \/>\n<meta property=\"article:modified_time\" content=\"2026-02-09T13:34:44+00:00\" \/>\n<meta property=\"og:image\" content=\"https:\/\/rotary.fi\/d1430\/wp-content\/uploads\/sites\/175\/2020\/01\/shelterbox-2.jpg\" \/>\n\t<meta property=\"og:image:width\" content=\"600\" \/>\n\t<meta property=\"og:image:height\" content=\"400\" \/>\n\t<meta property=\"og:image:type\" content=\"image\/jpeg\" \/>\n<meta name=\"twitter:card\" content=\"summary_large_image\" \/>\n<meta name=\"twitter:label1\" content=\"Arvioitu lukuaika\" \/>\n\t<meta name=\"twitter:data1\" content=\"3 minuuttia\" \/>\n<script type=\"application\/ld+json\" class=\"yoast-schema-graph\">{\"@context\":\"https:\\\/\\\/schema.org\",\"@graph\":[{\"@type\":\"WebPage\",\"@id\":\"https:\\\/\\\/rotary.fi\\\/d1430\\\/mita-teemme\\\/yhteistyo\\\/kumppanit\\\/\",\"url\":\"https:\\\/\\\/rotary.fi\\\/d1430\\\/mita-teemme\\\/yhteistyo\\\/kumppanit\\\/\",\"name\":\"Kumppanit - Piiri 1430\",\"isPartOf\":{\"@id\":\"https:\\\/\\\/rotary.fi\\\/d1430\\\/#website\"},\"primaryImageOfPage\":{\"@id\":\"https:\\\/\\\/rotary.fi\\\/d1430\\\/mita-teemme\\\/yhteistyo\\\/kumppanit\\\/#primaryimage\"},\"image\":{\"@id\":\"https:\\\/\\\/rotary.fi\\\/d1430\\\/mita-teemme\\\/yhteistyo\\\/kumppanit\\\/#primaryimage\"},\"thumbnailUrl\":\"https:\\\/\\\/rotary.fi\\\/d1430\\\/wp-content\\\/uploads\\\/sites\\\/175\\\/2020\\\/01\\\/shelterbox-2-300x200.jpg\",\"datePublished\":\"2019-03-15T11:13:14+00:00\",\"dateModified\":\"2026-02-09T13:34:44+00:00\",\"breadcrumb\":{\"@id\":\"https:\\\/\\\/rotary.fi\\\/d1430\\\/mita-teemme\\\/yhteistyo\\\/kumppanit\\\/#breadcrumb\"},\"inLanguage\":\"fi\",\"potentialAction\":[{\"@type\":\"ReadAction\",\"target\":[\"https:\\\/\\\/rotary.fi\\\/d1430\\\/mita-teemme\\\/yhteistyo\\\/kumppanit\\\/\"]}]},{\"@type\":\"ImageObject\",\"inLanguage\":\"fi\",\"@id\":\"https:\\\/\\\/rotary.fi\\\/d1430\\\/mita-teemme\\\/yhteistyo\\\/kumppanit\\\/#primaryimage\",\"url\":\"https:\\\/\\\/rotary.fi\\\/d1430\\\/wp-content\\\/uploads\\\/sites\\\/175\\\/2020\\\/01\\\/shelterbox-2.jpg\",\"contentUrl\":\"https:\\\/\\\/rotary.fi\\\/d1430\\\/wp-content\\\/uploads\\\/sites\\\/175\\\/2020\\\/01\\\/shelterbox-2.jpg\",\"width\":600,\"height\":400},{\"@type\":\"BreadcrumbList\",\"@id\":\"https:\\\/\\\/rotary.fi\\\/d1430\\\/mita-teemme\\\/yhteistyo\\\/kumppanit\\\/#breadcrumb\",\"itemListElement\":[{\"@type\":\"ListItem\",\"position\":1,\"name\":\"Home\",\"item\":\"https:\\\/\\\/rotary.fi\\\/d1430\\\/\"},{\"@type\":\"ListItem\",\"position\":2,\"name\":\"Mit\u00e4 teemme\",\"item\":\"https:\\\/\\\/rotary.fi\\\/d1430\\\/mita-teemme\\\/\"},{\"@type\":\"ListItem\",\"position\":3,\"name\":\"Yhteisty\u00f6\",\"item\":\"https:\\\/\\\/rotary.fi\\\/d1430\\\/mita-teemme\\\/yhteistyo\\\/\"},{\"@type\":\"ListItem\",\"position\":4,\"name\":\"Kumppanit\"}]},{\"@type\":\"WebSite\",\"@id\":\"https:\\\/\\\/rotary.fi\\\/d1430\\\/#website\",\"url\":\"https:\\\/\\\/rotary.fi\\\/d1430\\\/\",\"name\":\"Piiri 1430\",\"description\":\"Suomen Rotary\",\"potentialAction\":[{\"@type\":\"SearchAction\",\"target\":{\"@type\":\"EntryPoint\",\"urlTemplate\":\"https:\\\/\\\/rotary.fi\\\/d1430\\\/?s={search_term_string}\"},\"query-input\":{\"@type\":\"PropertyValueSpecification\",\"valueRequired\":true,\"valueName\":\"search_term_string\"}}],\"inLanguage\":\"fi\"}]}<\/script>\n<!-- \/ Yoast SEO plugin. -->","yoast_head_json":{"title":"Kumppanit - Piiri 1430","robots":{"index":"index","follow":"follow","max-snippet":"max-snippet:-1","max-image-preview":"max-image-preview:large","max-video-preview":"max-video-preview:-1"},"canonical":"https:\/\/rotary.fi\/d1430\/mita-teemme\/yhteistyo\/kumppanit\/","og_locale":"fi_FI","og_type":"article","og_title":"Kumppanit - Piiri 1430","og_description":"Kumppanit Kumppanit Joka vuosi sadat ja tuhannet ihmiset ymp\u00e4ri maailman menett\u00e4v\u00e4t kaiken, kun maanj\u00e4ristys, py\u00f6rremyrsky, tulva tai sota iskee. Ilman omaa syyt\u00e4\u00e4n ja usein ilman mit\u00e4\u00e4n ennakkovaroitusta he menett\u00e4v\u00e4t kotinsa, omaisuuteensa ja toimeen tulonsa.\u00a0 ShelterBox on rotareiden perustama ja tukema avustusj\u00e4rjest\u00f6, joka hoitaa nopeasti h\u00e4t\u00e4suojan\u00a0 ja v\u00e4ltt\u00e4m\u00e4tt\u00f6mat tarvikkeet paikan p\u00e4\u00e4lle n\u00e4ille perheille. Yhdess\u00e4 ShelterBoxissa on [&hellip;]","og_url":"https:\/\/rotary.fi\/d1430\/mita-teemme\/yhteistyo\/kumppanit\/","og_site_name":"Piiri 1430","article_publisher":"https:\/\/www.facebook.com\/rotary\/","article_modified_time":"2026-02-09T13:34:44+00:00","og_image":[{"width":600,"height":400,"url":"https:\/\/rotary.fi\/d1430\/wp-content\/uploads\/sites\/175\/2020\/01\/shelterbox-2.jpg","type":"image\/jpeg"}],"twitter_card":"summary_large_image","twitter_misc":{"Arvioitu lukuaika":"3 minuuttia"},"schema":{"@context":"https:\/\/schema.org","@graph":[{"@type":"WebPage","@id":"https:\/\/rotary.fi\/d1430\/mita-teemme\/yhteistyo\/kumppanit\/","url":"https:\/\/rotary.fi\/d1430\/mita-teemme\/yhteistyo\/kumppanit\/","name":"Kumppanit - Piiri 1430","isPartOf":{"@id":"https:\/\/rotary.fi\/d1430\/#website"},"primaryImageOfPage":{"@id":"https:\/\/rotary.fi\/d1430\/mita-teemme\/yhteistyo\/kumppanit\/#primaryimage"},"image":{"@id":"https:\/\/rotary.fi\/d1430\/mita-teemme\/yhteistyo\/kumppanit\/#primaryimage"},"thumbnailUrl":"https:\/\/rotary.fi\/d1430\/wp-content\/uploads\/sites\/175\/2020\/01\/shelterbox-2-300x200.jpg","datePublished":"2019-03-15T11:13:14+00:00","dateModified":"2026-02-09T13:34:44+00:00","breadcrumb":{"@id":"https:\/\/rotary.fi\/d1430\/mita-teemme\/yhteistyo\/kumppanit\/#breadcrumb"},"inLanguage":"fi","potentialAction":[{"@type":"ReadAction","target":["https:\/\/rotary.fi\/d1430\/mita-teemme\/yhteistyo\/kumppanit\/"]}]},{"@type":"ImageObject","inLanguage":"fi","@id":"https:\/\/rotary.fi\/d1430\/mita-teemme\/yhteistyo\/kumppanit\/#primaryimage","url":"https:\/\/rotary.fi\/d1430\/wp-content\/uploads\/sites\/175\/2020\/01\/shelterbox-2.jpg","contentUrl":"https:\/\/rotary.fi\/d1430\/wp-content\/uploads\/sites\/175\/2020\/01\/shelterbox-2.jpg","width":600,"height":400},{"@type":"BreadcrumbList","@id":"https:\/\/rotary.fi\/d1430\/mita-teemme\/yhteistyo\/kumppanit\/#breadcrumb","itemListElement":[{"@type":"ListItem","position":1,"name":"Home","item":"https:\/\/rotary.fi\/d1430\/"},{"@type":"ListItem","position":2,"name":"Mit\u00e4 teemme","item":"https:\/\/rotary.fi\/d1430\/mita-teemme\/"},{"@type":"ListItem","position":3,"name":"Yhteisty\u00f6","item":"https:\/\/rotary.fi\/d1430\/mita-teemme\/yhteistyo\/"},{"@type":"ListItem","position":4,"name":"Kumppanit"}]},{"@type":"WebSite","@id":"https:\/\/rotary.fi\/d1430\/#website","url":"https:\/\/rotary.fi\/d1430\/","name":"Piiri 1430","description":"Suomen Rotary","potentialAction":[{"@type":"SearchAction","target":{"@type":"EntryPoint","urlTemplate":"https:\/\/rotary.fi\/d1430\/?s={search_term_string}"},"query-input":{"@type":"PropertyValueSpecification","valueRequired":true,"valueName":"search_term_string"}}],"inLanguage":"fi"}]}},"lang":"fi","translations":{"fi":2167},"pll_sync_post":[],"_links":{"self":[{"href":"https:\/\/rotary.fi\/d1430\/wp-json\/wp\/v2\/pages\/2167","targetHints":{"allow":["GET"]}}],"collection":[{"href":"https:\/\/rotary.fi\/d1430\/wp-json\/wp\/v2\/pages"}],"about":[{"href":"https:\/\/rotary.fi\/d1430\/wp-json\/wp\/v2\/types\/page"}],"author":[{"embeddable":true,"href":"https:\/\/rotary.fi\/d1430\/wp-json\/wp\/v2\/users\/1"}],"replies":[{"embeddable":true,"href":"https:\/\/rotary.fi\/d1430\/wp-json\/wp\/v2\/comments?post=2167"}],"version-history":[{"count":11,"href":"https:\/\/rotary.fi\/d1430\/wp-json\/wp\/v2\/pages\/2167\/revisions"}],"predecessor-version":[{"id":7827,"href":"https:\/\/rotary.fi\/d1430\/wp-json\/wp\/v2\/pages\/2167\/revisions\/7827"}],"up":[{"embeddable":true,"href":"https:\/\/rotary.fi\/d1430\/wp-json\/wp\/v2\/pages\/2044"}],"wp:attachment":[{"href":"https:\/\/rotary.fi\/d1430\/wp-json\/wp\/v2\/media?parent=2167"}],"curies":[{"name":"wp","href":"https:\/\/api.w.org\/{rel}","templated":true}]}}