{"id":2041,"date":"2018-08-27T10:22:30","date_gmt":"2018-08-27T08:22:30","guid":{"rendered":"https:\/\/rotary.fi\/piirisivusto\/?page_id=2041"},"modified":"2025-07-04T08:36:04","modified_gmt":"2025-07-04T06:36:04","slug":"rotarysaatio","status":"publish","type":"page","link":"https:\/\/rotary.fi\/d1430\/mita-teemme\/rotarysaatio\/","title":{"rendered":"Rotarys\u00e4\u00e4ti\u00f6"},"content":{"rendered":"<p>[et_pb_section fb_built=&#8221;1&#8243; module_class=&#8221;jumbotron-page&#8221; _builder_version=&#8221;4.16&#8243; background_image=&#8221;https:\/\/rotary.fi\/piirisivusto\/wp-content\/uploads\/sites\/175\/2019\/03\/rotary_klubit_alasivu_paakuva_12.jpg&#8221; global_colors_info=&#8221;{}&#8221;][et_pb_row module_class=&#8221; et_pb_row_fullwidth&#8221; _builder_version=&#8221;4.16&#8243; width=&#8221;89%&#8221; width_tablet=&#8221;80%&#8221; width_phone=&#8221;&#8221; width_last_edited=&#8221;on|desktop&#8221; max_width=&#8221;89%&#8221; max_width_tablet=&#8221;80%&#8221; max_width_phone=&#8221;&#8221; max_width_last_edited=&#8221;on|desktop&#8221; make_fullwidth=&#8221;on&#8221; global_colors_info=&#8221;{}&#8221;][et_pb_column type=&#8221;4_4&#8243; _builder_version=&#8221;4.16&#8243; custom_padding=&#8221;|||&#8221; global_colors_info=&#8221;{}&#8221; custom_padding__hover=&#8221;|||&#8221;][et_pb_text admin_label=&#8221;P\u00e4\u00e4otsikko kuvan p\u00e4\u00e4ll\u00e4&#8221; _builder_version=&#8221;4.16&#8243; text_orientation=&#8221;center&#8221; background_layout=&#8221;dark&#8221; locked=&#8221;off&#8221; collapsed=&#8221;off&#8221; global_colors_info=&#8221;{}&#8221;]<\/p>\n<h1>Rotarys\u00e4\u00e4ti\u00f6<\/h1>\n<p>[\/et_pb_text][\/et_pb_column][\/et_pb_row][\/et_pb_section][et_pb_section fb_built=&#8221;1&#8243; module_class=&#8221;sisaltoalue_perus&#8221; _builder_version=&#8221;4.16&#8243; custom_margin=&#8221;||40px|&#8221; global_colors_info=&#8221;{}&#8221;][et_pb_row custom_padding_last_edited=&#8221;on|phone&#8221; _builder_version=&#8221;4.16&#8243; custom_padding_tablet=&#8221;&#8221; custom_padding_phone=&#8221;&#8221; global_colors_info=&#8221;{}&#8221;][et_pb_column type=&#8221;4_4&#8243; _builder_version=&#8221;4.16&#8243; custom_padding=&#8221;|||&#8221; global_colors_info=&#8221;{}&#8221; custom_padding__hover=&#8221;|||&#8221;][et_pb_text admin_label=&#8221;P\u00e4\u00e4otsikko ennen sis\u00e4lt\u00f6\u00e4&#8221; _builder_version=&#8221;4.16&#8243; text_orientation=&#8221;center&#8221; global_colors_info=&#8221;{}&#8221;]<\/p>\n<h1>Rotarys\u00e4\u00e4ti\u00f6<\/h1>\n<p>[\/et_pb_text][et_pb_text _builder_version=&#8221;4.16&#8243; global_colors_info=&#8221;{}&#8221;]<\/p>\n<p>Rotarien ja rotaryklubien lahjoitukset hyv\u00e4ntekemiseen ohjataan Rotarys\u00e4\u00e4ti\u00f6n kautta apua tarvitseville niin l\u00e4helle kuin kauaskin. S\u00e4\u00e4ti\u00f6n apurahamallien avulla rotarit voivat auttaa ihmisi\u00e4 omassa elinpiiriss\u00e4\u00e4n ja maailmanlaajuisesti \u2013 vied\u00e4 apunsa sinnekin, miss\u00e4 h\u00e4t\u00e4 ja tarve on suurin.<\/p>\n<p>Rotarypiirin avustustoimintaa koordinoi rotarys\u00e4\u00e4ti\u00f6komitea. S\u00e4\u00e4ti\u00f6komitea kannustaa, kouluttaa ja avustaa rotareita piirins\u00e4 alueella tapahtuvassa varainhankinnassa ja avustustoiminnassa. Keskeisimm\u00e4t rotarys\u00e4\u00e4ti\u00f6n avustustoiminnan muodot ovat piiriapurahojen vuosittainen valmistelu, avustettavien klubihankkeiden valinnat ja maksatusten raportointi Rotarys\u00e4\u00e4ti\u00f6lle. <br \/>Piiriapurahaprosessin lis\u00e4ksi rotarys\u00e4\u00e4ti\u00f6komitea avustaa klubeja ja rotareita Poliorahaston avustusten ker\u00e4\u00e4misess\u00e4. Lahjarahastoon teht\u00e4v\u00e4t suuremmat lahjoitukset ja testamentit vaativat usein s\u00e4\u00e4ti\u00f6komitean asiantuntemusta.<\/p>\n<p>Rotarys\u00e4\u00e4ti\u00f6lle teht\u00e4vist\u00e4 lahjoituksista jaetaan rotareille my\u00f6s tunnustuksia. Tunnetuin tunnustuksista on Paul Harris Fellow -mitali. Piirin rotarys\u00e4\u00e4ti\u00f6komitea tilaa n\u00e4m\u00e4 tunnustukset aluetoimistosta Z\u00fcrichiss\u00e4.<\/p>\n<p>Suuremmista kansainv\u00e4lisist\u00e4 avustuksista \u2013 Global Grant -hankkeista \u2013 kerrotaan kansainv\u00e4listen projektien osiossa.<\/p>\n<h4>Ota yhteytt\u00e4:<\/h4>\n<p><b>Pirkko Vasko\u00a0 \u00a0 <\/b>Varkaus<br \/>Puh\u00a0 +358 405717711<br \/>E-mail: pirkko.vasko (\u00e4t) fimnet.fi<a href=\"pirkko.vasko@fimnet.fi\">\u00a0 \u00a0<\/a> \u00a0 \u00a0 \u00a0 \u00a0 \u00a0 \u00a0 \u00a0 \u00a0 \u00a0 \u00a0 \u00a0 \u00a0 \u00a0 \u00a0 \u00a0 \u00a0 \u00a0 \u00a0 \u00a0 \u00a0 \u00a0 \u00a0 \u00a0 \u00a0 \u00a0 \u00a0 \u00a0 \u00a0 \u00a0 \u00a0 \u00a0 \u00a0 \u00a0 \u00a0 \u00a0 \u00a0 \u00a0 \u00a0 \u00a0 \u00a0 \u00a0 \u00a0 \u00a0 \u00a0 \u00a0 \u00a0 \u00a0 \u00a0 \u00a0 \u00a0 \u00a0 \u00a0 \u00a0 \u00a0 \u00a0 \u00a0 \u00a0 \u00a0 \u00a0 \u00a0 \u00a0 \u00a0 \u00a0 \u00a0 \u00a0 \u00a0 \u00a0 \u00a0 \u00a0 \u00a0 \u00a0 \u00a0 \u00a0 \u00a0 \u00a0 \u00a0 \u00a0 \u00a0 \u00a0 \u00a0 \u00a0 \u00a0 \u00a0 \u00a0 \u00a0 \u00a0 \u00a0 \u00a0 \u00a0 \u00a0 \u00a0 \u00a0 \u00a0 \u00a0 \u00a0 \u00a0 Piirin rotarys\u00e4\u00e4ti\u00f6komitean puheenjohtaja\u00a0\u00a0<\/p>\n<p>[\/et_pb_text][et_pb_button button_url=&#8221;https:\/\/www.rotary.org\/en\/about-rotary\/rotary-foundation&#8221; url_new_window=&#8221;on&#8221; button_text=&#8221;Lue lis\u00e4\u00e4&#8221; _builder_version=&#8221;4.16&#8243; global_colors_info=&#8221;{}&#8221;][\/et_pb_button][et_pb_text admin_label=&#8221;P\u00e4\u00e4otsikko ennen sis\u00e4lt\u00f6\u00e4&#8221; _builder_version=&#8221;4.22.1&#8243; text_orientation=&#8221;center&#8221; global_colors_info=&#8221;{}&#8221;]<\/p>\n<h2>RI tilinp\u00e4\u00e4t\u00f6s 2022-2023<\/h2>\n<p>[\/et_pb_text][et_pb_text _builder_version=&#8221;4.22.1&#8243; global_colors_info=&#8221;{}&#8221;]<\/p>\n<p>Oheisessa dokumentissa <a href=\"https:\/\/rotary.fi\/d1430\/wp-content\/uploads\/sites\/175\/2024\/02\/OTTEITA_ROTARY_INTERNATIONALIN__TILINPAATOKSESTA_2022.pdf\">OTTEITA_ROTARY_INTERNATIONALIN__TILINP\u00c4\u00c4T\u00d6KSEST\u00c4_2022<\/a> on otteita Rotary Internationalin tilinp\u00e4\u00e4t\u00f6ksest\u00e4 2022-2023. Rotarys\u00e4\u00e4ti\u00f6 perusti rahastoja auttaakseen Pakistanin tulvista, Ukrainan sodasta sek\u00e4 Turkin ja Syyrian maanj\u00e4ristyksist\u00e4 k\u00e4rsineit\u00e4. Kaiken kaikkiaan Rotarys\u00e4\u00e4ti\u00f6 14,8 miljoonan dollarin edest\u00e4 katastrofiapurahoitusta auttamaan luonnonkatastrofien ja konfliktien j\u00e4lkeen.<\/p>\n<p><a href=\"https:\/\/rotary.fi\/d1430\/wp-content\/uploads\/sites\/175\/2024\/02\/grant-summary.jpg\"><img loading=\"lazy\" decoding=\"async\" src=\"https:\/\/rotary.fi\/d1430\/wp-content\/uploads\/sites\/175\/2024\/02\/grant-summary-1024x336.jpg\" width=\"1024\" height=\"336\" alt=\"\" class=\"wp-image-6691 alignleft size-large\" srcset=\"https:\/\/rotary.fi\/d1430\/wp-content\/uploads\/sites\/175\/2024\/02\/grant-summary-1024x336.jpg 1024w, https:\/\/rotary.fi\/d1430\/wp-content\/uploads\/sites\/175\/2024\/02\/grant-summary-980x322.jpg 980w, https:\/\/rotary.fi\/d1430\/wp-content\/uploads\/sites\/175\/2024\/02\/grant-summary-480x158.jpg 480w\" sizes=\"(min-width: 0px) and (max-width: 480px) 480px, (min-width: 481px) and (max-width: 980px) 980px, (min-width: 981px) 1024px, 100vw\" \/><\/a><a href=\"https:\/\/rotary.fi\/d1430\/wp-content\/uploads\/sites\/175\/2024\/02\/global-grants-2.jpg\"><\/a><\/p>\n<p>&nbsp;<\/p>\n<p>&nbsp;<\/p>\n<p>&nbsp;<\/p>\n<p>&nbsp;<\/p>\n<p>&nbsp;<\/p>\n<p>&nbsp;<\/p>\n<p>&nbsp;<\/p>\n<p>&nbsp;<\/p>\n<p>&nbsp;<\/p>\n<p><a href=\"https:\/\/rotary.fi\/d1430\/wp-content\/uploads\/sites\/175\/2024\/02\/global-grants-2.jpg\"><img loading=\"lazy\" decoding=\"async\" src=\"https:\/\/rotary.fi\/d1430\/wp-content\/uploads\/sites\/175\/2024\/02\/global-grants-2.jpg\" width=\"797\" height=\"822\" alt=\"\" class=\"wp-image-6693 alignleft size-full\" style=\"margin-left: auto;margin-right: auto\" srcset=\"https:\/\/rotary.fi\/d1430\/wp-content\/uploads\/sites\/175\/2024\/02\/global-grants-2.jpg 797w, https:\/\/rotary.fi\/d1430\/wp-content\/uploads\/sites\/175\/2024\/02\/global-grants-2-480x495.jpg 480w\" sizes=\"(min-width: 0px) and (max-width: 480px) 480px, (min-width: 481px) 797px, 100vw\" \/><\/a><\/p>\n<p>&nbsp;<\/p>\n<p>&nbsp;<\/p>\n<p>&nbsp;<\/p>\n<p>&nbsp;<\/p>\n<p>&nbsp;<\/p>\n<p>&nbsp;<\/p>\n<p>&nbsp;<\/p>\n<p>&nbsp;<\/p>\n<p>&nbsp;<\/p>\n<p>&nbsp;<\/p>\n<p>&nbsp;<\/p>\n<p>&nbsp;<\/p>\n<p>&nbsp;<\/p>\n<p>&nbsp;<\/p>\n<p>&nbsp;<\/p>\n<p>&nbsp;<\/p>\n<p>&nbsp;<\/p>\n<p>&nbsp;<\/p>\n<p>&nbsp;<\/p>\n<p>&nbsp;<\/p>\n<p>&nbsp;<\/p>\n<p><a href=\"https:\/\/rotary.fi\/d1430\/wp-content\/uploads\/sites\/175\/2024\/02\/global-grants-1.jpg\"><img loading=\"lazy\" decoding=\"async\" src=\"https:\/\/rotary.fi\/d1430\/wp-content\/uploads\/sites\/175\/2024\/02\/global-grants-1.jpg\" width=\"794\" height=\"821\" alt=\"\" class=\"wp-image-6692 alignleft size-full\" style=\"margin-left: auto;margin-right: auto\" srcset=\"https:\/\/rotary.fi\/d1430\/wp-content\/uploads\/sites\/175\/2024\/02\/global-grants-1.jpg 794w, https:\/\/rotary.fi\/d1430\/wp-content\/uploads\/sites\/175\/2024\/02\/global-grants-1-480x496.jpg 480w\" sizes=\"(min-width: 0px) and (max-width: 480px) 480px, (min-width: 481px) 794px, 100vw\" \/><\/a><\/p>\n<p>&nbsp;<\/p>\n<p>[\/et_pb_text][\/et_pb_column][\/et_pb_row][\/et_pb_section]<\/p>\n","protected":false},"excerpt":{"rendered":"<p>Rotarys\u00e4\u00e4ti\u00f6 Rotarys\u00e4\u00e4ti\u00f6 Rotarien ja rotaryklubien lahjoitukset hyv\u00e4ntekemiseen ohjataan Rotarys\u00e4\u00e4ti\u00f6n kautta apua tarvitseville niin l\u00e4helle kuin kauaskin. S\u00e4\u00e4ti\u00f6n apurahamallien avulla rotarit voivat auttaa ihmisi\u00e4 omassa elinpiiriss\u00e4\u00e4n ja maailmanlaajuisesti \u2013 vied\u00e4 apunsa sinnekin, miss\u00e4 h\u00e4t\u00e4 ja tarve on suurin. Rotarypiirin avustustoimintaa koordinoi rotarys\u00e4\u00e4ti\u00f6komitea. S\u00e4\u00e4ti\u00f6komitea kannustaa, kouluttaa ja avustaa rotareita piirins\u00e4 alueella tapahtuvassa varainhankinnassa ja avustustoiminnassa. Keskeisimm\u00e4t rotarys\u00e4\u00e4ti\u00f6n [&hellip;]<\/p>\n","protected":false},"author":1,"featured_media":0,"parent":656,"menu_order":7,"comment_status":"closed","ping_status":"closed","template":"","meta":{"_acf_changed":false,"_et_pb_use_builder":"on","_et_pb_old_content":"","_et_gb_content_width":"","footnotes":""},"class_list":["post-2041","page","type-page","status-publish","hentry"],"acf":[],"yoast_head":"<!-- This site is optimized with the Yoast SEO plugin v27.0 - https:\/\/yoast.com\/product\/yoast-seo-wordpress\/ -->\n<title>Rotarys\u00e4\u00e4ti\u00f6 - Piiri 1430<\/title>\n<meta name=\"robots\" content=\"index, follow, max-snippet:-1, max-image-preview:large, max-video-preview:-1\" \/>\n<link rel=\"canonical\" href=\"https:\/\/rotary.fi\/d1430\/mita-teemme\/rotarysaatio\/\" \/>\n<meta property=\"og:locale\" content=\"fi_FI\" \/>\n<meta property=\"og:type\" content=\"article\" \/>\n<meta property=\"og:title\" content=\"Rotarys\u00e4\u00e4ti\u00f6 - Piiri 1430\" \/>\n<meta property=\"og:description\" content=\"Rotarys\u00e4\u00e4ti\u00f6 Rotarys\u00e4\u00e4ti\u00f6 Rotarien ja rotaryklubien lahjoitukset hyv\u00e4ntekemiseen ohjataan Rotarys\u00e4\u00e4ti\u00f6n kautta apua tarvitseville niin l\u00e4helle kuin kauaskin. S\u00e4\u00e4ti\u00f6n apurahamallien avulla rotarit voivat auttaa ihmisi\u00e4 omassa elinpiiriss\u00e4\u00e4n ja maailmanlaajuisesti \u2013 vied\u00e4 apunsa sinnekin, miss\u00e4 h\u00e4t\u00e4 ja tarve on suurin. Rotarypiirin avustustoimintaa koordinoi rotarys\u00e4\u00e4ti\u00f6komitea. S\u00e4\u00e4ti\u00f6komitea kannustaa, kouluttaa ja avustaa rotareita piirins\u00e4 alueella tapahtuvassa varainhankinnassa ja avustustoiminnassa. Keskeisimm\u00e4t rotarys\u00e4\u00e4ti\u00f6n [&hellip;]\" \/>\n<meta property=\"og:url\" content=\"https:\/\/rotary.fi\/d1430\/mita-teemme\/rotarysaatio\/\" \/>\n<meta property=\"og:site_name\" content=\"Piiri 1430\" \/>\n<meta property=\"article:publisher\" content=\"https:\/\/www.facebook.com\/rotary\/\" \/>\n<meta property=\"article:modified_time\" content=\"2025-07-04T06:36:04+00:00\" \/>\n<meta property=\"og:image\" content=\"https:\/\/rotary.fi\/d1430\/wp-content\/uploads\/sites\/175\/2024\/02\/grant-summary.jpg\" \/>\n\t<meta property=\"og:image:width\" content=\"1197\" \/>\n\t<meta property=\"og:image:height\" content=\"393\" \/>\n\t<meta property=\"og:image:type\" content=\"image\/jpeg\" \/>\n<meta name=\"twitter:card\" content=\"summary_large_image\" \/>\n<meta name=\"twitter:label1\" content=\"Arvioitu lukuaika\" \/>\n\t<meta name=\"twitter:data1\" content=\"3 minuuttia\" \/>\n<script type=\"application\/ld+json\" class=\"yoast-schema-graph\">{\"@context\":\"https:\/\/schema.org\",\"@graph\":[{\"@type\":\"WebPage\",\"@id\":\"https:\/\/rotary.fi\/d1430\/mita-teemme\/rotarysaatio\/\",\"url\":\"https:\/\/rotary.fi\/d1430\/mita-teemme\/rotarysaatio\/\",\"name\":\"Rotarys\u00e4\u00e4ti\u00f6 - Piiri 1430\",\"isPartOf\":{\"@id\":\"https:\/\/rotary.fi\/d1430\/#website\"},\"primaryImageOfPage\":{\"@id\":\"https:\/\/rotary.fi\/d1430\/mita-teemme\/rotarysaatio\/#primaryimage\"},\"image\":{\"@id\":\"https:\/\/rotary.fi\/d1430\/mita-teemme\/rotarysaatio\/#primaryimage\"},\"thumbnailUrl\":\"https:\/\/rotary.fi\/d1430\/wp-content\/uploads\/sites\/175\/2024\/02\/grant-summary-1024x336.jpg\",\"datePublished\":\"2018-08-27T08:22:30+00:00\",\"dateModified\":\"2025-07-04T06:36:04+00:00\",\"breadcrumb\":{\"@id\":\"https:\/\/rotary.fi\/d1430\/mita-teemme\/rotarysaatio\/#breadcrumb\"},\"inLanguage\":\"fi\",\"potentialAction\":[{\"@type\":\"ReadAction\",\"target\":[\"https:\/\/rotary.fi\/d1430\/mita-teemme\/rotarysaatio\/\"]}]},{\"@type\":\"ImageObject\",\"inLanguage\":\"fi\",\"@id\":\"https:\/\/rotary.fi\/d1430\/mita-teemme\/rotarysaatio\/#primaryimage\",\"url\":\"https:\/\/rotary.fi\/d1430\/wp-content\/uploads\/sites\/175\/2024\/02\/grant-summary.jpg\",\"contentUrl\":\"https:\/\/rotary.fi\/d1430\/wp-content\/uploads\/sites\/175\/2024\/02\/grant-summary.jpg\",\"width\":1197,\"height\":393},{\"@type\":\"BreadcrumbList\",\"@id\":\"https:\/\/rotary.fi\/d1430\/mita-teemme\/rotarysaatio\/#breadcrumb\",\"itemListElement\":[{\"@type\":\"ListItem\",\"position\":1,\"name\":\"Home\",\"item\":\"https:\/\/rotary.fi\/d1430\/\"},{\"@type\":\"ListItem\",\"position\":2,\"name\":\"Mit\u00e4 teemme\",\"item\":\"https:\/\/rotary.fi\/d1430\/mita-teemme\/\"},{\"@type\":\"ListItem\",\"position\":3,\"name\":\"Rotarys\u00e4\u00e4ti\u00f6\"}]},{\"@type\":\"WebSite\",\"@id\":\"https:\/\/rotary.fi\/d1430\/#website\",\"url\":\"https:\/\/rotary.fi\/d1430\/\",\"name\":\"Piiri 1430\",\"description\":\"Suomen Rotary\",\"potentialAction\":[{\"@type\":\"SearchAction\",\"target\":{\"@type\":\"EntryPoint\",\"urlTemplate\":\"https:\/\/rotary.fi\/d1430\/?s={search_term_string}\"},\"query-input\":{\"@type\":\"PropertyValueSpecification\",\"valueRequired\":true,\"valueName\":\"search_term_string\"}}],\"inLanguage\":\"fi\"}]}<\/script>\n<!-- \/ Yoast SEO plugin. -->","yoast_head_json":{"title":"Rotarys\u00e4\u00e4ti\u00f6 - Piiri 1430","robots":{"index":"index","follow":"follow","max-snippet":"max-snippet:-1","max-image-preview":"max-image-preview:large","max-video-preview":"max-video-preview:-1"},"canonical":"https:\/\/rotary.fi\/d1430\/mita-teemme\/rotarysaatio\/","og_locale":"fi_FI","og_type":"article","og_title":"Rotarys\u00e4\u00e4ti\u00f6 - Piiri 1430","og_description":"Rotarys\u00e4\u00e4ti\u00f6 Rotarys\u00e4\u00e4ti\u00f6 Rotarien ja rotaryklubien lahjoitukset hyv\u00e4ntekemiseen ohjataan Rotarys\u00e4\u00e4ti\u00f6n kautta apua tarvitseville niin l\u00e4helle kuin kauaskin. S\u00e4\u00e4ti\u00f6n apurahamallien avulla rotarit voivat auttaa ihmisi\u00e4 omassa elinpiiriss\u00e4\u00e4n ja maailmanlaajuisesti \u2013 vied\u00e4 apunsa sinnekin, miss\u00e4 h\u00e4t\u00e4 ja tarve on suurin. Rotarypiirin avustustoimintaa koordinoi rotarys\u00e4\u00e4ti\u00f6komitea. S\u00e4\u00e4ti\u00f6komitea kannustaa, kouluttaa ja avustaa rotareita piirins\u00e4 alueella tapahtuvassa varainhankinnassa ja avustustoiminnassa. Keskeisimm\u00e4t rotarys\u00e4\u00e4ti\u00f6n [&hellip;]","og_url":"https:\/\/rotary.fi\/d1430\/mita-teemme\/rotarysaatio\/","og_site_name":"Piiri 1430","article_publisher":"https:\/\/www.facebook.com\/rotary\/","article_modified_time":"2025-07-04T06:36:04+00:00","og_image":[{"width":1197,"height":393,"url":"https:\/\/rotary.fi\/d1430\/wp-content\/uploads\/sites\/175\/2024\/02\/grant-summary.jpg","type":"image\/jpeg"}],"twitter_card":"summary_large_image","twitter_misc":{"Arvioitu lukuaika":"3 minuuttia"},"schema":{"@context":"https:\/\/schema.org","@graph":[{"@type":"WebPage","@id":"https:\/\/rotary.fi\/d1430\/mita-teemme\/rotarysaatio\/","url":"https:\/\/rotary.fi\/d1430\/mita-teemme\/rotarysaatio\/","name":"Rotarys\u00e4\u00e4ti\u00f6 - Piiri 1430","isPartOf":{"@id":"https:\/\/rotary.fi\/d1430\/#website"},"primaryImageOfPage":{"@id":"https:\/\/rotary.fi\/d1430\/mita-teemme\/rotarysaatio\/#primaryimage"},"image":{"@id":"https:\/\/rotary.fi\/d1430\/mita-teemme\/rotarysaatio\/#primaryimage"},"thumbnailUrl":"https:\/\/rotary.fi\/d1430\/wp-content\/uploads\/sites\/175\/2024\/02\/grant-summary-1024x336.jpg","datePublished":"2018-08-27T08:22:30+00:00","dateModified":"2025-07-04T06:36:04+00:00","breadcrumb":{"@id":"https:\/\/rotary.fi\/d1430\/mita-teemme\/rotarysaatio\/#breadcrumb"},"inLanguage":"fi","potentialAction":[{"@type":"ReadAction","target":["https:\/\/rotary.fi\/d1430\/mita-teemme\/rotarysaatio\/"]}]},{"@type":"ImageObject","inLanguage":"fi","@id":"https:\/\/rotary.fi\/d1430\/mita-teemme\/rotarysaatio\/#primaryimage","url":"https:\/\/rotary.fi\/d1430\/wp-content\/uploads\/sites\/175\/2024\/02\/grant-summary.jpg","contentUrl":"https:\/\/rotary.fi\/d1430\/wp-content\/uploads\/sites\/175\/2024\/02\/grant-summary.jpg","width":1197,"height":393},{"@type":"BreadcrumbList","@id":"https:\/\/rotary.fi\/d1430\/mita-teemme\/rotarysaatio\/#breadcrumb","itemListElement":[{"@type":"ListItem","position":1,"name":"Home","item":"https:\/\/rotary.fi\/d1430\/"},{"@type":"ListItem","position":2,"name":"Mit\u00e4 teemme","item":"https:\/\/rotary.fi\/d1430\/mita-teemme\/"},{"@type":"ListItem","position":3,"name":"Rotarys\u00e4\u00e4ti\u00f6"}]},{"@type":"WebSite","@id":"https:\/\/rotary.fi\/d1430\/#website","url":"https:\/\/rotary.fi\/d1430\/","name":"Piiri 1430","description":"Suomen Rotary","potentialAction":[{"@type":"SearchAction","target":{"@type":"EntryPoint","urlTemplate":"https:\/\/rotary.fi\/d1430\/?s={search_term_string}"},"query-input":{"@type":"PropertyValueSpecification","valueRequired":true,"valueName":"search_term_string"}}],"inLanguage":"fi"}]}},"lang":"fi","translations":{"fi":2041},"pll_sync_post":[],"_links":{"self":[{"href":"https:\/\/rotary.fi\/d1430\/wp-json\/wp\/v2\/pages\/2041","targetHints":{"allow":["GET"]}}],"collection":[{"href":"https:\/\/rotary.fi\/d1430\/wp-json\/wp\/v2\/pages"}],"about":[{"href":"https:\/\/rotary.fi\/d1430\/wp-json\/wp\/v2\/types\/page"}],"author":[{"embeddable":true,"href":"https:\/\/rotary.fi\/d1430\/wp-json\/wp\/v2\/users\/1"}],"replies":[{"embeddable":true,"href":"https:\/\/rotary.fi\/d1430\/wp-json\/wp\/v2\/comments?post=2041"}],"version-history":[{"count":10,"href":"https:\/\/rotary.fi\/d1430\/wp-json\/wp\/v2\/pages\/2041\/revisions"}],"predecessor-version":[{"id":7526,"href":"https:\/\/rotary.fi\/d1430\/wp-json\/wp\/v2\/pages\/2041\/revisions\/7526"}],"up":[{"embeddable":true,"href":"https:\/\/rotary.fi\/d1430\/wp-json\/wp\/v2\/pages\/656"}],"wp:attachment":[{"href":"https:\/\/rotary.fi\/d1430\/wp-json\/wp\/v2\/media?parent=2041"}],"curies":[{"name":"wp","href":"https:\/\/api.w.org\/{rel}","templated":true}]}}