{"id":2024,"date":"2018-08-27T09:48:38","date_gmt":"2018-08-27T07:48:38","guid":{"rendered":"https:\/\/rotary.fi\/piirisivusto\/?page_id=2024"},"modified":"2026-02-09T12:16:44","modified_gmt":"2026-02-09T10:16:44","slug":"piirin-klubit","status":"publish","type":"page","link":"https:\/\/rotary.fi\/d1430\/rotarypiiri-1430\/piirin-klubit\/","title":{"rendered":"Piirin klubit"},"content":{"rendered":"<p>[et_pb_section fb_built=&#8221;1&#8243; module_class=&#8221;jumbotron-page&#8221; _builder_version=&#8221;4.16&#8243; background_image=&#8221;https:\/\/rotary.fi\/piirisivusto\/wp-content\/uploads\/sites\/175\/2019\/03\/rotary_piiri_alasivu_paakuva1.jpg&#8221; global_colors_info=&#8221;{}&#8221;][et_pb_row module_class=&#8221; et_pb_row_fullwidth et_pb_row_fullwidth et_pb_row_fullwidth et_pb_row_fullwidth et_pb_row_fullwidth et_pb_row_fullwidth&#8221; _builder_version=&#8221;4.16&#8243; width=&#8221;89%&#8221; width_tablet=&#8221;80%&#8221; width_phone=&#8221;&#8221; width_last_edited=&#8221;on|desktop&#8221; max_width=&#8221;89%&#8221; max_width_tablet=&#8221;80%&#8221; max_width_phone=&#8221;&#8221; max_width_last_edited=&#8221;on|desktop&#8221; make_fullwidth=&#8221;on&#8221; global_colors_info=&#8221;{}&#8221;][et_pb_column type=&#8221;4_4&#8243; _builder_version=&#8221;4.16&#8243; custom_padding=&#8221;|||&#8221; global_colors_info=&#8221;{}&#8221; custom_padding__hover=&#8221;|||&#8221;][et_pb_text admin_label=&#8221;P\u00e4\u00e4otsikko kuvan p\u00e4\u00e4ll\u00e4&#8221; _builder_version=&#8221;4.16&#8243; text_orientation=&#8221;center&#8221; background_layout=&#8221;dark&#8221; locked=&#8221;off&#8221; collapsed=&#8221;off&#8221; global_colors_info=&#8221;{}&#8221;]<\/p>\n<h1 style=\"text-align: center\">Piirin klubit ja Suomen muut rotarypiirit<\/h1>\n<p>[\/et_pb_text][\/et_pb_column][\/et_pb_row][\/et_pb_section][et_pb_section fb_built=&#8221;1&#8243; module_class=&#8221;sisaltoalue_perus&#8221; _builder_version=&#8221;4.16&#8243; custom_margin=&#8221;||40px|&#8221; global_colors_info=&#8221;{}&#8221;][et_pb_row _builder_version=&#8221;4.21.0&#8243; _module_preset=&#8221;default&#8221; global_colors_info=&#8221;{}&#8221;][et_pb_column type=&#8221;4_4&#8243; _builder_version=&#8221;4.21.0&#8243; _module_preset=&#8221;default&#8221; global_colors_info=&#8221;{}&#8221;][et_pb_text admin_label=&#8221;Teksti&#8221; _builder_version=&#8221;4.27.4&#8243; _module_preset=&#8221;default&#8221; max_width=&#8221;85%&#8221; custom_margin=&#8221;|-26px||||&#8221; custom_padding=&#8221;|0px||||&#8221; global_colors_info=&#8221;{}&#8221;]<\/p>\n<p>Rotarypiiriss\u00e4mme on 30 rotaryklubia. Klubien kokoontumisajat ja paikat l\u00f6yd\u00e4t yll\u00e4 olevalla Club Finderill\u00e4. Sill\u00e4 l\u00f6ytyy my\u00f6s kaikkien Suomen ja maailman rotaryklubien yhteystiedot. Suurin osa alla olevista piirimme klubeista on linkitetty klubin nettisivuille ja ne\u00a0 avautuvat klikkamalla klubin nime\u00e4. Suomen Rotarypiirien sivut l\u00f6ytyv\u00e4t alta klikkaamalla piirin nime\u00e4.<\/p>\n<p>Piiriss\u00e4 on my\u00f6s aloittanut englanninkielinen nettiklubi LAKE SAIMAA INTERNATIONAL SATELLITE CLUB OF MIKKELI NAISVUORI ROTARY CLUB, joka kokoontuu internetiss\u00e4 joka toinen torstaisin klo 19. Tapaamisiin voi osallistua kuka tahansa Suomessa tai ulkomailla. Klubin sivut l\u00f6ytyv\u00e4t <a href=\"https:\/\/www.linkedin.com\/company\/rotary-satellite-club-of-mikkeli-naisvuori-lake-saimaa-international-finland\/posts\/?feedView=all\">Linked-Iniss\u00e4<\/a>.\u00a0<\/p>\n<p>&nbsp;<\/p>\n<p>[\/et_pb_text][\/et_pb_column][\/et_pb_row][et_pb_row column_structure=&#8221;1_2,1_2&#8243; _builder_version=&#8221;4.21.0&#8243; _module_preset=&#8221;default&#8221; max_width=&#8221;902px&#8221; global_colors_info=&#8221;{}&#8221;][et_pb_column type=&#8221;1_2&#8243; _builder_version=&#8221;4.21.0&#8243; _module_preset=&#8221;default&#8221; global_colors_info=&#8221;{}&#8221;][et_pb_text _builder_version=&#8221;4.27.4&#8243; _module_preset=&#8221;default&#8221; text_line_height=&#8221;1em&#8221; global_colors_info=&#8221;{}&#8221;]<\/p>\n<p>Elim\u00e4en Rotaryklubi<\/p>\n<p><a href=\"https:\/\/rotary.fi\/hamina\/\">Haminan Rotaryklubi <\/a><\/p>\n<p><a href=\"https:\/\/iisalmenrotaryklubi.fi\/\">Iisalmen Rotariklubi<\/a><\/p>\n<p><a href=\"https:\/\/rotary.fi\/imatra\/\">Imatran Rotaryklubi\u00a0<\/a><\/p>\n<p><a href=\"https:\/\/rotary.fi\/joensuuetelainen\/\">Joensuu Etel\u00e4inen Rotaryklubi<\/a><\/p>\n<p><a href=\"https:\/\/rotary.fi\/joutseno\/\">Joutsenon Rotaryklubi <\/a><\/p>\n<p><a href=\"https:\/\/juva.rotary.fi\/\">Juvan Rotaryklubi<\/a><\/p>\n<p><a href=\"https:\/\/rotary.fi\/karhula\/\">Karhulan Rotaryklubi<\/a><\/p>\n<p><a href=\"https:\/\/rotary.fi\/kitee\">Kiteen Rotaryklubi<\/a><\/p>\n<p><a href=\"https:\/\/rotary.fi\/kiuruvesi\/\">Kiuruveden Rotaryklubi<\/a><\/p>\n<p><a href=\"https:\/\/rotary.fi\/kotka-langinkoski\/\">Kotka-Langinkoski Rotaryklubi <\/a><\/p>\n<p><a href=\"https:\/\/rotary.fi\/kotkaruotsinsalmi\/\">Kotka-Ruotsinsalmi Rotaryklubi<\/a><\/p>\n<p><a style=\"font-size: 16px\" href=\"https:\/\/rotary.fi\/kouvola\/\">Kouvolan Rotaryklubi\u00a0<\/a><\/p>\n<p><a style=\"font-size: 16px\" href=\"https:\/\/kuopionrotaryklubi.fi\/\">Kuopion ja Puijon Rotaryklubi<\/a><\/p>\n<p><a style=\"font-size: 16px\" href=\"https:\/\/rotary.fi\/kuopiokallavesi\/\">Kuopio-Kallavesi Rotaryklubi<\/a><\/p>\n<p><a style=\"font-size: 16px\" href=\"http:\/\/huomenklubi.fi\/index.html\">Kuopio Huomenklubi<\/a><\/p>\n<p><a style=\"font-size: 16px\" href=\"http:\/\/veljmies.org\/\">Kuopio Veljmies Rotaryklubi <\/a><span style=\"font-size: 16px\">\u00a0 \u00a0 \u00a0<\/span><\/p>\n<p>[\/et_pb_text][\/et_pb_column][et_pb_column type=&#8221;1_2&#8243; _builder_version=&#8221;4.21.0&#8243; _module_preset=&#8221;default&#8221; global_colors_info=&#8221;{}&#8221;][et_pb_text _builder_version=&#8221;4.27.4&#8243; _module_preset=&#8221;default&#8221; text_line_height=&#8221;1em&#8221; global_colors_info=&#8221;{}&#8221;]<\/p>\n<p><a style=\"font-size: 16px\" href=\"https:\/\/rotary.fi\/kuusankoski\/\">Kuusankosken Rotaryklubi<\/a><\/p>\n<p><a style=\"font-size: 16px\" href=\"https:\/\/rotary.fi\/lappeenrantasaimaa\/\">Lappeenranta-Saimaa Rotarykl<\/a><a href=\"https:\/\/rotary.fi\/lappeenrantasaimaa\/\">ubi\u00a0<\/a><\/p>\n<p><span style=\"font-size: 16px\"> <a href=\"https:\/\/rotary.fi\/leppavirta\/\">Lepp<\/a><\/span><a href=\"https:\/\/rotary.fi\/leppavirta\/\"><span style=\"font-size: 16px\">\u00e4virran rotaryklubi<\/span><\/a><\/p>\n<p><span style=\"font-size: 16px\"><a href=\"https:\/\/rotary.fi\/lieksa\/\">Lieksan Rotaryklubi<\/a><\/span><\/p>\n<p><span style=\"font-size: 16px\"> <a href=\"https:\/\/rotary.fi\/mikkelinaisvuori\/\">Mikkeli-Naisvuori Rotaryklubi<\/a><\/span><\/p>\n<p><span style=\"font-size: 16px\"><a href=\"https:\/\/rotary.fi\/mikkeli\/\">Mikkelin Rotaryklubi<\/a><\/span><\/p>\n<p><span style=\"font-size: 16px\"> <a href=\"https:\/\/rotary.fi\/outokumpu\/\">Outokummun Rotaryklubi<\/a><\/span><\/p>\n<p><span style=\"font-size: 16px\"> <a href=\"https:\/\/sites.google.com\/site\/parikkalarc\/\">Parikkala-Simpelej\u00e4rvi Rotaryklubi<\/a><\/span><\/p>\n<p><a href=\"https:\/\/rotary.fi\/rantasalmi\/\">Rantasalmen Rotaryklubi<\/a><\/p>\n<p><span style=\"font-size: 16px\"><a href=\"https:\/\/rotary.fi\/ristiina\/\">Ristiinan Rotaryklubi\u00a0<\/a><\/span><\/p>\n<p><a style=\"font-size: 16px\" href=\"https:\/\/rotary.fi\/savonlinnanrotaryklubi\/\">Savonlinnan Rotaryklubi<\/a><\/p>\n<p><a style=\"font-size: 16px\" href=\"https:\/\/rotary.fi\/warkaus\/\">Warkauden Rotaryklubi<\/a><\/p>\n<p>&nbsp;<\/p>\n<p><b>Muut Rotarypiirit<\/b><\/p>\n<p><a href=\"https:\/\/rotary.fi\/d1390\/\" target=\"_blank\" rel=\"noopener noreferrer\">Piiri 1390<\/a><\/p>\n<p><a href=\"https:\/\/rotary.fi\/d1385\/\" target=\"_blank\" rel=\"noopener noreferrer\">Piiri 1385<\/a><\/p>\n<p><a href=\"https:\/\/rotary.fi\/d1410\/\">Piiri 1410 <\/a><\/p>\n<p><a href=\"https:\/\/rotary.fi\/d1420\/\" target=\"_blank\" rel=\"noopener noreferrer\">Piiri 1420<\/a><\/p>\n<p>&nbsp;<\/p>\n<p>[\/et_pb_text][\/et_pb_column][\/et_pb_row][\/et_pb_section]<\/p>\n","protected":false},"excerpt":{"rendered":"<p>Piirin klubit ja Suomen muut rotarypiiritRotarypiiriss\u00e4mme on 30 rotaryklubia. Klubien kokoontumisajat ja paikat l\u00f6yd\u00e4t yll\u00e4 olevalla Club Finderill\u00e4. Sill\u00e4 l\u00f6ytyy my\u00f6s kaikkien Suomen ja maailman rotaryklubien yhteystiedot. Suurin osa alla olevista piirimme klubeista on linkitetty klubin nettisivuille ja ne\u00a0 avautuvat klikkamalla klubin nime\u00e4. Suomen Rotarypiirien sivut l\u00f6ytyv\u00e4t alta klikkaamalla piirin nime\u00e4. Piiriss\u00e4 on my\u00f6s aloittanut [&hellip;]<\/p>\n","protected":false},"author":1,"featured_media":0,"parent":2017,"menu_order":2,"comment_status":"closed","ping_status":"closed","template":"","meta":{"_acf_changed":false,"_et_pb_use_builder":"on","_et_pb_old_content":"","_et_gb_content_width":"","footnotes":""},"class_list":["post-2024","page","type-page","status-publish","hentry"],"acf":[],"yoast_head":"<!-- This site is optimized with the Yoast SEO plugin v27.0 - https:\/\/yoast.com\/product\/yoast-seo-wordpress\/ -->\n<title>Piirin klubit - Piiri 1430<\/title>\n<meta name=\"robots\" content=\"index, follow, max-snippet:-1, max-image-preview:large, max-video-preview:-1\" \/>\n<link rel=\"canonical\" href=\"https:\/\/rotary.fi\/d1430\/rotarypiiri-1430\/piirin-klubit\/\" \/>\n<meta property=\"og:locale\" content=\"fi_FI\" \/>\n<meta property=\"og:type\" content=\"article\" \/>\n<meta property=\"og:title\" content=\"Piirin klubit - Piiri 1430\" \/>\n<meta property=\"og:description\" content=\"Piirin klubit ja Suomen muut rotarypiiritRotarypiiriss\u00e4mme on 30 rotaryklubia. Klubien kokoontumisajat ja paikat l\u00f6yd\u00e4t yll\u00e4 olevalla Club Finderill\u00e4. Sill\u00e4 l\u00f6ytyy my\u00f6s kaikkien Suomen ja maailman rotaryklubien yhteystiedot. Suurin osa alla olevista piirimme klubeista on linkitetty klubin nettisivuille ja ne\u00a0 avautuvat klikkamalla klubin nime\u00e4. Suomen Rotarypiirien sivut l\u00f6ytyv\u00e4t alta klikkaamalla piirin nime\u00e4. Piiriss\u00e4 on my\u00f6s aloittanut [&hellip;]\" \/>\n<meta property=\"og:url\" content=\"https:\/\/rotary.fi\/d1430\/rotarypiiri-1430\/piirin-klubit\/\" \/>\n<meta property=\"og:site_name\" content=\"Piiri 1430\" \/>\n<meta property=\"article:publisher\" content=\"https:\/\/www.facebook.com\/rotary\/\" \/>\n<meta property=\"article:modified_time\" content=\"2026-02-09T10:16:44+00:00\" \/>\n<meta name=\"twitter:card\" content=\"summary_large_image\" \/>\n<meta name=\"twitter:label1\" content=\"Arvioitu lukuaika\" \/>\n\t<meta name=\"twitter:data1\" content=\"1 minuutti\" \/>\n<script type=\"application\/ld+json\" class=\"yoast-schema-graph\">{\"@context\":\"https:\/\/schema.org\",\"@graph\":[{\"@type\":\"WebPage\",\"@id\":\"https:\/\/rotary.fi\/d1430\/rotarypiiri-1430\/piirin-klubit\/\",\"url\":\"https:\/\/rotary.fi\/d1430\/rotarypiiri-1430\/piirin-klubit\/\",\"name\":\"Piirin klubit - Piiri 1430\",\"isPartOf\":{\"@id\":\"https:\/\/rotary.fi\/d1430\/#website\"},\"datePublished\":\"2018-08-27T07:48:38+00:00\",\"dateModified\":\"2026-02-09T10:16:44+00:00\",\"breadcrumb\":{\"@id\":\"https:\/\/rotary.fi\/d1430\/rotarypiiri-1430\/piirin-klubit\/#breadcrumb\"},\"inLanguage\":\"fi\",\"potentialAction\":[{\"@type\":\"ReadAction\",\"target\":[\"https:\/\/rotary.fi\/d1430\/rotarypiiri-1430\/piirin-klubit\/\"]}]},{\"@type\":\"BreadcrumbList\",\"@id\":\"https:\/\/rotary.fi\/d1430\/rotarypiiri-1430\/piirin-klubit\/#breadcrumb\",\"itemListElement\":[{\"@type\":\"ListItem\",\"position\":1,\"name\":\"Home\",\"item\":\"https:\/\/rotary.fi\/d1430\/\"},{\"@type\":\"ListItem\",\"position\":2,\"name\":\"Rotarypiiri 1430\",\"item\":\"https:\/\/rotary.fi\/d1430\/rotarypiiri-1430\/\"},{\"@type\":\"ListItem\",\"position\":3,\"name\":\"Piirin klubit\"}]},{\"@type\":\"WebSite\",\"@id\":\"https:\/\/rotary.fi\/d1430\/#website\",\"url\":\"https:\/\/rotary.fi\/d1430\/\",\"name\":\"Piiri 1430\",\"description\":\"Suomen Rotary\",\"potentialAction\":[{\"@type\":\"SearchAction\",\"target\":{\"@type\":\"EntryPoint\",\"urlTemplate\":\"https:\/\/rotary.fi\/d1430\/?s={search_term_string}\"},\"query-input\":{\"@type\":\"PropertyValueSpecification\",\"valueRequired\":true,\"valueName\":\"search_term_string\"}}],\"inLanguage\":\"fi\"}]}<\/script>\n<!-- \/ Yoast SEO plugin. -->","yoast_head_json":{"title":"Piirin klubit - Piiri 1430","robots":{"index":"index","follow":"follow","max-snippet":"max-snippet:-1","max-image-preview":"max-image-preview:large","max-video-preview":"max-video-preview:-1"},"canonical":"https:\/\/rotary.fi\/d1430\/rotarypiiri-1430\/piirin-klubit\/","og_locale":"fi_FI","og_type":"article","og_title":"Piirin klubit - Piiri 1430","og_description":"Piirin klubit ja Suomen muut rotarypiiritRotarypiiriss\u00e4mme on 30 rotaryklubia. Klubien kokoontumisajat ja paikat l\u00f6yd\u00e4t yll\u00e4 olevalla Club Finderill\u00e4. Sill\u00e4 l\u00f6ytyy my\u00f6s kaikkien Suomen ja maailman rotaryklubien yhteystiedot. Suurin osa alla olevista piirimme klubeista on linkitetty klubin nettisivuille ja ne\u00a0 avautuvat klikkamalla klubin nime\u00e4. Suomen Rotarypiirien sivut l\u00f6ytyv\u00e4t alta klikkaamalla piirin nime\u00e4. Piiriss\u00e4 on my\u00f6s aloittanut [&hellip;]","og_url":"https:\/\/rotary.fi\/d1430\/rotarypiiri-1430\/piirin-klubit\/","og_site_name":"Piiri 1430","article_publisher":"https:\/\/www.facebook.com\/rotary\/","article_modified_time":"2026-02-09T10:16:44+00:00","twitter_card":"summary_large_image","twitter_misc":{"Arvioitu lukuaika":"1 minuutti"},"schema":{"@context":"https:\/\/schema.org","@graph":[{"@type":"WebPage","@id":"https:\/\/rotary.fi\/d1430\/rotarypiiri-1430\/piirin-klubit\/","url":"https:\/\/rotary.fi\/d1430\/rotarypiiri-1430\/piirin-klubit\/","name":"Piirin klubit - Piiri 1430","isPartOf":{"@id":"https:\/\/rotary.fi\/d1430\/#website"},"datePublished":"2018-08-27T07:48:38+00:00","dateModified":"2026-02-09T10:16:44+00:00","breadcrumb":{"@id":"https:\/\/rotary.fi\/d1430\/rotarypiiri-1430\/piirin-klubit\/#breadcrumb"},"inLanguage":"fi","potentialAction":[{"@type":"ReadAction","target":["https:\/\/rotary.fi\/d1430\/rotarypiiri-1430\/piirin-klubit\/"]}]},{"@type":"BreadcrumbList","@id":"https:\/\/rotary.fi\/d1430\/rotarypiiri-1430\/piirin-klubit\/#breadcrumb","itemListElement":[{"@type":"ListItem","position":1,"name":"Home","item":"https:\/\/rotary.fi\/d1430\/"},{"@type":"ListItem","position":2,"name":"Rotarypiiri 1430","item":"https:\/\/rotary.fi\/d1430\/rotarypiiri-1430\/"},{"@type":"ListItem","position":3,"name":"Piirin klubit"}]},{"@type":"WebSite","@id":"https:\/\/rotary.fi\/d1430\/#website","url":"https:\/\/rotary.fi\/d1430\/","name":"Piiri 1430","description":"Suomen Rotary","potentialAction":[{"@type":"SearchAction","target":{"@type":"EntryPoint","urlTemplate":"https:\/\/rotary.fi\/d1430\/?s={search_term_string}"},"query-input":{"@type":"PropertyValueSpecification","valueRequired":true,"valueName":"search_term_string"}}],"inLanguage":"fi"}]}},"lang":"fi","translations":{"fi":2024},"pll_sync_post":[],"_links":{"self":[{"href":"https:\/\/rotary.fi\/d1430\/wp-json\/wp\/v2\/pages\/2024","targetHints":{"allow":["GET"]}}],"collection":[{"href":"https:\/\/rotary.fi\/d1430\/wp-json\/wp\/v2\/pages"}],"about":[{"href":"https:\/\/rotary.fi\/d1430\/wp-json\/wp\/v2\/types\/page"}],"author":[{"embeddable":true,"href":"https:\/\/rotary.fi\/d1430\/wp-json\/wp\/v2\/users\/1"}],"replies":[{"embeddable":true,"href":"https:\/\/rotary.fi\/d1430\/wp-json\/wp\/v2\/comments?post=2024"}],"version-history":[{"count":9,"href":"https:\/\/rotary.fi\/d1430\/wp-json\/wp\/v2\/pages\/2024\/revisions"}],"predecessor-version":[{"id":7776,"href":"https:\/\/rotary.fi\/d1430\/wp-json\/wp\/v2\/pages\/2024\/revisions\/7776"}],"up":[{"embeddable":true,"href":"https:\/\/rotary.fi\/d1430\/wp-json\/wp\/v2\/pages\/2017"}],"wp:attachment":[{"href":"https:\/\/rotary.fi\/d1430\/wp-json\/wp\/v2\/media?parent=2024"}],"curies":[{"name":"wp","href":"https:\/\/api.w.org\/{rel}","templated":true}]}}