{"id":2017,"date":"2018-08-27T09:29:56","date_gmt":"2018-08-27T07:29:56","guid":{"rendered":"https:\/\/rotary.fi\/piirisivusto\/?page_id=2017"},"modified":"2026-02-09T12:44:35","modified_gmt":"2026-02-09T10:44:35","slug":"rotarypiiri-1430","status":"publish","type":"page","link":"https:\/\/rotary.fi\/d1430\/rotarypiiri-1430\/","title":{"rendered":"Rotarypiiri 1430"},"content":{"rendered":"<p>[et_pb_section fb_built=&#8221;1&#8243; module_class=&#8221;jumbotron-page&#8221; _builder_version=&#8221;4.16&#8243; background_image=&#8221;https:\/\/rotary.fi\/piirisivusto\/wp-content\/uploads\/sites\/175\/2018\/02\/paakuva-sisasivu1.jpg&#8221; global_colors_info=&#8221;{}&#8221;][et_pb_row module_class=&#8221; et_pb_row_fullwidth et_pb_row_fullwidth et_pb_row_fullwidth et_pb_row_fullwidth et_pb_row_fullwidth&#8221; _builder_version=&#8221;4.16&#8243; width=&#8221;89%&#8221; width_tablet=&#8221;80%&#8221; width_phone=&#8221;&#8221; width_last_edited=&#8221;on|desktop&#8221; max_width=&#8221;89%&#8221; max_width_tablet=&#8221;80%&#8221; max_width_phone=&#8221;&#8221; max_width_last_edited=&#8221;on|desktop&#8221; make_fullwidth=&#8221;on&#8221; global_colors_info=&#8221;{}&#8221;][et_pb_column type=&#8221;4_4&#8243; _builder_version=&#8221;4.16&#8243; custom_padding=&#8221;|||&#8221; global_colors_info=&#8221;{}&#8221; custom_padding__hover=&#8221;|||&#8221;][et_pb_text admin_label=&#8221;P\u00e4\u00e4otsikko: Rotarypiiri 1430 esittelyss\u00e4&#8221; _builder_version=&#8221;4.16&#8243; text_orientation=&#8221;center&#8221; background_layout=&#8221;dark&#8221; z_index_tablet=&#8221;500&#8243; box_shadow_horizontal_tablet=&#8221;0px&#8221; box_shadow_vertical_tablet=&#8221;0px&#8221; box_shadow_blur_tablet=&#8221;40px&#8221; box_shadow_spread_tablet=&#8221;0px&#8221; locked=&#8221;off&#8221; collapsed=&#8221;off&#8221; global_colors_info=&#8221;{}&#8221;]<\/p>\n<h1>Rotarypiiri 1430 esittelyss\u00e4<\/h1>\n<p>[\/et_pb_text][\/et_pb_column][\/et_pb_row][\/et_pb_section][et_pb_section fb_built=&#8221;1&#8243; _builder_version=&#8221;4.21.0&#8243; _module_preset=&#8221;default&#8221; global_colors_info=&#8221;{}&#8221;][et_pb_row column_structure=&#8221;1_2,1_2&#8243; _builder_version=&#8221;4.21.0&#8243; _module_preset=&#8221;default&#8221; width=&#8221;95%&#8221; global_colors_info=&#8221;{}&#8221;][et_pb_column type=&#8221;1_2&#8243; _builder_version=&#8221;4.21.0&#8243; _module_preset=&#8221;default&#8221; global_colors_info=&#8221;{}&#8221;][et_pb_text _builder_version=&#8221;4.21.0&#8243; _module_preset=&#8221;default&#8221; global_colors_info=&#8221;{}&#8221;]<\/p>\n<p><span style=\"font-size: 16px\">Piirimme\u00a0 1430 k\u00e4sitt\u00e4\u00e4 It\u00e4isen Suomen\u00a0 &#8211; Kotkasta Kiuruvedelle. Piiri on yksi viidest\u00e4 Suomen rotarypiirist\u00e4. Rotaryklubeja piiriss\u00e4mme on 30 ja sen lis\u00e4ksi yksi Rotarackt klubi. J\u00e4seni\u00e4 klubeissa on n. 760.<\/span><\/p>\n<p>Piiri\u00e4 johtaa kuvern\u00f6\u00f6ri yhdess\u00e4 piirihallituksen kanssa apunaan piirin komiteat ja alueittaiset apulaiskuvern\u00f6\u00f6rit.\u00a0 Kuvern\u00f6\u00f6rin toimikausi on rotaryvuosi (01.07.-30.06). Vuoden aikana h\u00e4n vierailee kaikissa piirin klubeissa. Vuosittain tulevan rotaryvuoden kuvern\u00f6\u00f6rin valitsee\u00a0 piirin nime\u00e4miskomitea klubien esitt\u00e4mist\u00e4 ehdokkaista. Valinta vahvistetaan lopullisesti\u00a0 Rotary Internationalin vuosittain pidett\u00e4v\u00e4ss\u00e4 maailman konferenssissa.Kuvern\u00f6\u00f6ri on on toimikautensa Rotary Internationalin edustaja piiriss\u00e4\u00e4n.\u00a0<\/p>\n<p>Kuvern\u00f6\u00f6rin ja rotarypiirin teht\u00e4v\u00e4 on tukea ja koordinoida alueensa klubien toimintaa ja rotarytoiminnan kehitt\u00e4mist\u00e4 alueellaan.<\/p>\n<p>Piiri j\u00e4rjest\u00e4\u00e4 kahden vuosikokouksen lis\u00e4ksi erilaisia koulutustapahtumia, joista t\u00e4rkein on alkuvuodesta pidett\u00e4v\u00e4 PELS-koulutus tulevan rotaryvuoden klubien presidenteille ja muille vierailijoille.\u00a0 Lis\u00e4ksi on mm. nuorisovaihdon, rotarys\u00e4\u00e4ti\u00f6asioiden koulutusta.<\/p>\n<p>Kaikille rotareille yhteisi\u00e4 tapahtumia on mm. Syysseminaari ja kev\u00e4\u00e4ll\u00e4 pidett\u00e4v\u00e4 juhlava Piirikonferenssi.\u00a0<\/p>\n<p>Ajankohtaista tietoa\u00a0 rotarytoiminnasta l\u00f6yd\u00e4t parhaiten s\u00e4hk\u00f6isest\u00e4 rotarymatrikkelista <strong>Suomen Rotarypalvelun nettisivujen j\u00e4senille osion<\/strong> <strong>tietopankista<\/strong>. Tarvitset sinne kirjautumiseen salasanan. Sen saat tarvittaessa klubisi tai piirin sihteerilt\u00e4. Suomen Rotarypalvelun nettisivuille p\u00e4\u00e4set <a href=\"https:\/\/rotary.fi\/\">t\u00e4st\u00e4<\/a>. <span style=\"font-size: 16px\">Rotarypiirimme <a href=\"https:\/\/www.facebook.com\/groups\/D1430\">Facebook ryhm\u00e4<\/a> on rotareille tarkoitettu keskustelufoorumi ja infokanava. Piirill\u00e4 on my\u00f6s j\u00e4senhankintaan keskittyv\u00e4 Linked-in sivu <a href=\"https:\/\/www.linkedin.com\/company\/110602163\/admin\/page-posts\/published\/\">Rotary It\u00e4-Suomi<\/a>.<\/span><\/p>\n<p><span style=\"font-size: 16px\">Liity mukaan!<\/span><\/p>\n<p>[\/et_pb_text][\/et_pb_column][et_pb_column type=&#8221;1_2&#8243; _builder_version=&#8221;4.21.0&#8243; _module_preset=&#8221;default&#8221; global_colors_info=&#8221;{}&#8221;][et_pb_image src=&#8221;https:\/\/rotary.fi\/d1430\/wp-content\/uploads\/sites\/175\/2021\/09\/suomen-rotarypiirit.jpg&#8221; title_text=&#8221;Suomen rotarypiirit&#8221; _builder_version=&#8221;4.21.0&#8243; _module_preset=&#8221;default&#8221; width=&#8221;90%&#8221; global_colors_info=&#8221;{}&#8221;][\/et_pb_image][\/et_pb_column][\/et_pb_row][\/et_pb_section]<\/p>\n","protected":false},"excerpt":{"rendered":"<p>Rotarypiiri 1430 esittelyss\u00e4Piirimme\u00a0 1430 k\u00e4sitt\u00e4\u00e4 It\u00e4isen Suomen\u00a0 &#8211; Kotkasta Kiuruvedelle. Piiri on yksi viidest\u00e4 Suomen rotarypiirist\u00e4. Rotaryklubeja piiriss\u00e4mme on 30 ja sen lis\u00e4ksi yksi Rotarackt klubi. J\u00e4seni\u00e4 klubeissa on n. 760. Piiri\u00e4 johtaa kuvern\u00f6\u00f6ri yhdess\u00e4 piirihallituksen kanssa apunaan piirin komiteat ja alueittaiset apulaiskuvern\u00f6\u00f6rit.\u00a0 Kuvern\u00f6\u00f6rin toimikausi on rotaryvuosi (01.07.-30.06). Vuoden aikana h\u00e4n vierailee kaikissa piirin klubeissa. [&hellip;]<\/p>\n","protected":false},"author":1,"featured_media":0,"parent":0,"menu_order":1,"comment_status":"closed","ping_status":"closed","template":"","meta":{"_acf_changed":false,"_et_pb_use_builder":"on","_et_pb_old_content":"","_et_gb_content_width":"","footnotes":""},"class_list":["post-2017","page","type-page","status-publish","hentry"],"acf":[],"yoast_head":"<!-- This site is optimized with the Yoast SEO plugin v27.0 - https:\/\/yoast.com\/product\/yoast-seo-wordpress\/ -->\n<title>Rotarypiiri 1430 - Piiri 1430<\/title>\n<meta name=\"robots\" content=\"index, follow, max-snippet:-1, max-image-preview:large, max-video-preview:-1\" \/>\n<link rel=\"canonical\" href=\"https:\/\/rotary.fi\/d1430\/rotarypiiri-1430\/\" \/>\n<meta property=\"og:locale\" content=\"fi_FI\" \/>\n<meta property=\"og:type\" content=\"article\" \/>\n<meta property=\"og:title\" content=\"Rotarypiiri 1430 - Piiri 1430\" \/>\n<meta property=\"og:description\" content=\"Rotarypiiri 1430 esittelyss\u00e4Piirimme\u00a0 1430 k\u00e4sitt\u00e4\u00e4 It\u00e4isen Suomen\u00a0 - Kotkasta Kiuruvedelle. Piiri on yksi viidest\u00e4 Suomen rotarypiirist\u00e4. Rotaryklubeja piiriss\u00e4mme on 30 ja sen lis\u00e4ksi yksi Rotarackt klubi. J\u00e4seni\u00e4 klubeissa on n. 760. Piiri\u00e4 johtaa kuvern\u00f6\u00f6ri yhdess\u00e4 piirihallituksen kanssa apunaan piirin komiteat ja alueittaiset apulaiskuvern\u00f6\u00f6rit.\u00a0 Kuvern\u00f6\u00f6rin toimikausi on rotaryvuosi (01.07.-30.06). Vuoden aikana h\u00e4n vierailee kaikissa piirin klubeissa. [&hellip;]\" \/>\n<meta property=\"og:url\" content=\"https:\/\/rotary.fi\/d1430\/rotarypiiri-1430\/\" \/>\n<meta property=\"og:site_name\" content=\"Piiri 1430\" \/>\n<meta property=\"article:publisher\" content=\"https:\/\/www.facebook.com\/rotary\/\" \/>\n<meta property=\"article:modified_time\" content=\"2026-02-09T10:44:35+00:00\" \/>\n<meta name=\"twitter:card\" content=\"summary_large_image\" \/>\n<meta name=\"twitter:label1\" content=\"Arvioitu lukuaika\" \/>\n\t<meta name=\"twitter:data1\" content=\"2 minuuttia\" \/>\n<script type=\"application\/ld+json\" class=\"yoast-schema-graph\">{\"@context\":\"https:\/\/schema.org\",\"@graph\":[{\"@type\":\"WebPage\",\"@id\":\"https:\/\/rotary.fi\/d1430\/rotarypiiri-1430\/\",\"url\":\"https:\/\/rotary.fi\/d1430\/rotarypiiri-1430\/\",\"name\":\"Rotarypiiri 1430 - Piiri 1430\",\"isPartOf\":{\"@id\":\"https:\/\/rotary.fi\/d1430\/#website\"},\"datePublished\":\"2018-08-27T07:29:56+00:00\",\"dateModified\":\"2026-02-09T10:44:35+00:00\",\"breadcrumb\":{\"@id\":\"https:\/\/rotary.fi\/d1430\/rotarypiiri-1430\/#breadcrumb\"},\"inLanguage\":\"fi\",\"potentialAction\":[{\"@type\":\"ReadAction\",\"target\":[\"https:\/\/rotary.fi\/d1430\/rotarypiiri-1430\/\"]}]},{\"@type\":\"BreadcrumbList\",\"@id\":\"https:\/\/rotary.fi\/d1430\/rotarypiiri-1430\/#breadcrumb\",\"itemListElement\":[{\"@type\":\"ListItem\",\"position\":1,\"name\":\"Home\",\"item\":\"https:\/\/rotary.fi\/d1430\/\"},{\"@type\":\"ListItem\",\"position\":2,\"name\":\"Rotarypiiri 1430\"}]},{\"@type\":\"WebSite\",\"@id\":\"https:\/\/rotary.fi\/d1430\/#website\",\"url\":\"https:\/\/rotary.fi\/d1430\/\",\"name\":\"Piiri 1430\",\"description\":\"Suomen Rotary\",\"potentialAction\":[{\"@type\":\"SearchAction\",\"target\":{\"@type\":\"EntryPoint\",\"urlTemplate\":\"https:\/\/rotary.fi\/d1430\/?s={search_term_string}\"},\"query-input\":{\"@type\":\"PropertyValueSpecification\",\"valueRequired\":true,\"valueName\":\"search_term_string\"}}],\"inLanguage\":\"fi\"}]}<\/script>\n<!-- \/ Yoast SEO plugin. -->","yoast_head_json":{"title":"Rotarypiiri 1430 - Piiri 1430","robots":{"index":"index","follow":"follow","max-snippet":"max-snippet:-1","max-image-preview":"max-image-preview:large","max-video-preview":"max-video-preview:-1"},"canonical":"https:\/\/rotary.fi\/d1430\/rotarypiiri-1430\/","og_locale":"fi_FI","og_type":"article","og_title":"Rotarypiiri 1430 - Piiri 1430","og_description":"Rotarypiiri 1430 esittelyss\u00e4Piirimme\u00a0 1430 k\u00e4sitt\u00e4\u00e4 It\u00e4isen Suomen\u00a0 - Kotkasta Kiuruvedelle. Piiri on yksi viidest\u00e4 Suomen rotarypiirist\u00e4. Rotaryklubeja piiriss\u00e4mme on 30 ja sen lis\u00e4ksi yksi Rotarackt klubi. J\u00e4seni\u00e4 klubeissa on n. 760. Piiri\u00e4 johtaa kuvern\u00f6\u00f6ri yhdess\u00e4 piirihallituksen kanssa apunaan piirin komiteat ja alueittaiset apulaiskuvern\u00f6\u00f6rit.\u00a0 Kuvern\u00f6\u00f6rin toimikausi on rotaryvuosi (01.07.-30.06). Vuoden aikana h\u00e4n vierailee kaikissa piirin klubeissa. [&hellip;]","og_url":"https:\/\/rotary.fi\/d1430\/rotarypiiri-1430\/","og_site_name":"Piiri 1430","article_publisher":"https:\/\/www.facebook.com\/rotary\/","article_modified_time":"2026-02-09T10:44:35+00:00","twitter_card":"summary_large_image","twitter_misc":{"Arvioitu lukuaika":"2 minuuttia"},"schema":{"@context":"https:\/\/schema.org","@graph":[{"@type":"WebPage","@id":"https:\/\/rotary.fi\/d1430\/rotarypiiri-1430\/","url":"https:\/\/rotary.fi\/d1430\/rotarypiiri-1430\/","name":"Rotarypiiri 1430 - Piiri 1430","isPartOf":{"@id":"https:\/\/rotary.fi\/d1430\/#website"},"datePublished":"2018-08-27T07:29:56+00:00","dateModified":"2026-02-09T10:44:35+00:00","breadcrumb":{"@id":"https:\/\/rotary.fi\/d1430\/rotarypiiri-1430\/#breadcrumb"},"inLanguage":"fi","potentialAction":[{"@type":"ReadAction","target":["https:\/\/rotary.fi\/d1430\/rotarypiiri-1430\/"]}]},{"@type":"BreadcrumbList","@id":"https:\/\/rotary.fi\/d1430\/rotarypiiri-1430\/#breadcrumb","itemListElement":[{"@type":"ListItem","position":1,"name":"Home","item":"https:\/\/rotary.fi\/d1430\/"},{"@type":"ListItem","position":2,"name":"Rotarypiiri 1430"}]},{"@type":"WebSite","@id":"https:\/\/rotary.fi\/d1430\/#website","url":"https:\/\/rotary.fi\/d1430\/","name":"Piiri 1430","description":"Suomen Rotary","potentialAction":[{"@type":"SearchAction","target":{"@type":"EntryPoint","urlTemplate":"https:\/\/rotary.fi\/d1430\/?s={search_term_string}"},"query-input":{"@type":"PropertyValueSpecification","valueRequired":true,"valueName":"search_term_string"}}],"inLanguage":"fi"}]}},"lang":"fi","translations":{"fi":2017},"pll_sync_post":[],"_links":{"self":[{"href":"https:\/\/rotary.fi\/d1430\/wp-json\/wp\/v2\/pages\/2017","targetHints":{"allow":["GET"]}}],"collection":[{"href":"https:\/\/rotary.fi\/d1430\/wp-json\/wp\/v2\/pages"}],"about":[{"href":"https:\/\/rotary.fi\/d1430\/wp-json\/wp\/v2\/types\/page"}],"author":[{"embeddable":true,"href":"https:\/\/rotary.fi\/d1430\/wp-json\/wp\/v2\/users\/1"}],"replies":[{"embeddable":true,"href":"https:\/\/rotary.fi\/d1430\/wp-json\/wp\/v2\/comments?post=2017"}],"version-history":[{"count":10,"href":"https:\/\/rotary.fi\/d1430\/wp-json\/wp\/v2\/pages\/2017\/revisions"}],"predecessor-version":[{"id":7787,"href":"https:\/\/rotary.fi\/d1430\/wp-json\/wp\/v2\/pages\/2017\/revisions\/7787"}],"wp:attachment":[{"href":"https:\/\/rotary.fi\/d1430\/wp-json\/wp\/v2\/media?parent=2017"}],"curies":[{"name":"wp","href":"https:\/\/api.w.org\/{rel}","templated":true}]}}