{"id":9757,"date":"2024-11-08T11:57:59","date_gmt":"2024-11-08T09:57:59","guid":{"rendered":"https:\/\/rotary.fi\/d1420\/?page_id=9757"},"modified":"2024-11-08T12:07:27","modified_gmt":"2024-11-08T10:07:27","slug":"piirkonna-1420-dokumendiarhiivi","status":"publish","type":"page","link":"https:\/\/rotary.fi\/d1420\/et\/piirkonna-1420-dokumendiarhiivi\/","title":{"rendered":"Rotarypiirkonna 1420 dokumendiarhiivi"},"content":{"rendered":"<p>[et_pb_section fb_built=&#8221;1&#8243; _builder_version=&#8221;4.27.0&#8243; _module_preset=&#8221;default&#8221; background_image=&#8221;https:\/\/rotary.fi\/d1420\/wp-content\/uploads\/sites\/183\/2024\/11\/2024-10-06-silakkasoutu-3.jpg&#8221; global_colors_info=&#8221;{}&#8221;][et_pb_row _builder_version=&#8221;4.27.0&#8243; _module_preset=&#8221;default&#8221; background_color=&#8221;#0050A2&#8243; background_enable_image=&#8221;off&#8221; global_colors_info=&#8221;{}&#8221;][et_pb_column type=&#8221;4_4&#8243; _builder_version=&#8221;4.27.0&#8243; _module_preset=&#8221;default&#8221; global_colors_info=&#8221;{}&#8221;][et_pb_text _builder_version=&#8221;4.27.0&#8243; _module_preset=&#8221;default&#8221; text_text_color=&#8221;#F8F9FA&#8221; header_3_font=&#8221;&#8211;et_global_body_font||||||||&#8221; header_3_text_color=&#8221;#F8F9FA&#8221; background_enable_color=&#8221;off&#8221; width=&#8221;100%&#8221; custom_margin=&#8221;|10px||10px|false|false&#8221; custom_padding=&#8221;|10px||10px|false|false&#8221; hover_enabled=&#8221;0&#8243; global_colors_info=&#8221;{}&#8221; sticky_enabled=&#8221;0&#8243;]<\/p>\n<h3>\u00a0<\/h3>\n<h3>Logige sisse Rotarypiirkonna 1420 dokumendiarhiivi<\/h3>\n<p>&nbsp;<\/p>\n<p>Piirkonna 1420 dokumendid on deponeeritud digitaalarhiivi. Dokumentidega saate tutvuda vajutades nuppu &#8221;LOGI ARHIIVI SISSE&#8221; ja sisestades arhiivi parooli.<\/p>\n<p>Kui teil on probleeme sisselogimisega, v\u00f5tke \u00fchendust piirkonna kommunikatsioonikomisjoniga (viestinta.d1420@rotary.fi) v\u00f5i piirkonnasekret\u00e4riga (info.d1420@rotary.fi)<\/p>\n<p>&nbsp;<\/p>\n<p>&nbsp;<\/p>\n<p>&nbsp;<\/p>\n<p>[\/et_pb_text][et_pb_button button_url=&#8221;https:\/\/rotary.fi\/d1420\/et\/logige-sisse-dokumendiarhiivi\/&#8221; url_new_window=&#8221;on&#8221; button_text=&#8221;Logige sisse dokumendiarhiivi&#8221; button_alignment=&#8221;center&#8221; admin_label=&#8221;Painike &#8211; kirjautumista varten&#8221; _builder_version=&#8221;4.27.0&#8243; _module_preset=&#8221;default&#8221; custom_button=&#8221;on&#8221; button_text_color=&#8221;#F8F9FA&#8221; button_bg_color=&#8221;#288721&#8243; custom_margin=&#8221;|10px||10px|false|false&#8221; custom_padding=&#8221;|10px||10px|false|false&#8221; global_colors_info=&#8221;{}&#8221;][\/et_pb_button][\/et_pb_column][\/et_pb_row][\/et_pb_section]<\/p>\n","protected":false},"excerpt":{"rendered":"<p>\u00a0 Logige sisse Rotarypiirkonna 1420 dokumendiarhiivi &nbsp; Piirkonna 1420 dokumendid on deponeeritud digitaalarhiivi. Dokumentidega saate tutvuda vajutades nuppu &#8221;LOGI ARHIIVI SISSE&#8221; ja sisestades arhiivi parooli. Kui teil on probleeme sisselogimisega, v\u00f5tke \u00fchendust piirkonna kommunikatsioonikomisjoniga (viestinta.d1420@rotary.fi) v\u00f5i piirkonnasekret\u00e4riga (info.d1420@rotary.fi) &nbsp; &nbsp; &nbsp;<\/p>\n","protected":false},"author":26,"featured_media":0,"parent":0,"menu_order":0,"comment_status":"closed","ping_status":"closed","template":"","meta":{"_acf_changed":false,"_et_pb_use_builder":"on","_et_pb_old_content":"","_et_gb_content_width":"","footnotes":""},"class_list":["post-9757","page","type-page","status-publish","hentry"],"acf":[],"yoast_head":"<!-- This site is optimized with the Yoast SEO plugin v27.0 - https:\/\/yoast.com\/product\/yoast-seo-wordpress\/ -->\n<title>Rotarypiirkonna 1420 dokumendiarhiivi - Piiri 1420<\/title>\n<meta name=\"robots\" content=\"index, follow, max-snippet:-1, max-image-preview:large, max-video-preview:-1\" \/>\n<link rel=\"canonical\" href=\"https:\/\/rotary.fi\/d1420\/et\/piirkonna-1420-dokumendiarhiivi\/\" \/>\n<meta property=\"og:locale\" content=\"fi_FI\" \/>\n<meta property=\"og:type\" content=\"article\" \/>\n<meta property=\"og:title\" content=\"Rotarypiirkonna 1420 dokumendiarhiivi - Piiri 1420\" \/>\n<meta property=\"og:description\" content=\"\u00a0 Logige sisse Rotarypiirkonna 1420 dokumendiarhiivi &nbsp; Piirkonna 1420 dokumendid on deponeeritud digitaalarhiivi. Dokumentidega saate tutvuda vajutades nuppu &quot;LOGI ARHIIVI SISSE&quot; ja sisestades arhiivi parooli. Kui teil on probleeme sisselogimisega, v\u00f5tke \u00fchendust piirkonna kommunikatsioonikomisjoniga (viestinta.d1420@rotary.fi) v\u00f5i piirkonnasekret\u00e4riga (info.d1420@rotary.fi) &nbsp; &nbsp; &nbsp;\" \/>\n<meta property=\"og:url\" content=\"https:\/\/rotary.fi\/d1420\/et\/piirkonna-1420-dokumendiarhiivi\/\" \/>\n<meta property=\"og:site_name\" content=\"Piiri 1420\" \/>\n<meta property=\"article:publisher\" content=\"https:\/\/www.facebook.com\/rotary\/\" \/>\n<meta property=\"article:modified_time\" content=\"2024-11-08T10:07:27+00:00\" \/>\n<meta name=\"twitter:card\" content=\"summary_large_image\" \/>\n<meta name=\"twitter:label1\" content=\"Arvioitu lukuaika\" \/>\n\t<meta name=\"twitter:data1\" content=\"1 minuutti\" \/>\n<script type=\"application\/ld+json\" class=\"yoast-schema-graph\">{\"@context\":\"https:\/\/schema.org\",\"@graph\":[{\"@type\":\"WebPage\",\"@id\":\"https:\/\/rotary.fi\/d1420\/et\/piirkonna-1420-dokumendiarhiivi\/\",\"url\":\"https:\/\/rotary.fi\/d1420\/et\/piirkonna-1420-dokumendiarhiivi\/\",\"name\":\"Rotarypiirkonna 1420 dokumendiarhiivi - Piiri 1420\",\"isPartOf\":{\"@id\":\"https:\/\/rotary.fi\/d1420\/#website\"},\"datePublished\":\"2024-11-08T09:57:59+00:00\",\"dateModified\":\"2024-11-08T10:07:27+00:00\",\"breadcrumb\":{\"@id\":\"https:\/\/rotary.fi\/d1420\/et\/piirkonna-1420-dokumendiarhiivi\/#breadcrumb\"},\"inLanguage\":\"fi\",\"potentialAction\":[{\"@type\":\"ReadAction\",\"target\":[\"https:\/\/rotary.fi\/d1420\/et\/piirkonna-1420-dokumendiarhiivi\/\"]}]},{\"@type\":\"BreadcrumbList\",\"@id\":\"https:\/\/rotary.fi\/d1420\/et\/piirkonna-1420-dokumendiarhiivi\/#breadcrumb\",\"itemListElement\":[{\"@type\":\"ListItem\",\"position\":1,\"name\":\"Home\",\"item\":\"https:\/\/rotary.fi\/d1420\/\"},{\"@type\":\"ListItem\",\"position\":2,\"name\":\"Rotarypiirkonna 1420 dokumendiarhiivi\"}]},{\"@type\":\"WebSite\",\"@id\":\"https:\/\/rotary.fi\/d1420\/#website\",\"url\":\"https:\/\/rotary.fi\/d1420\/\",\"name\":\"Piiri 1420\",\"description\":\"Suomen Rotary\",\"potentialAction\":[{\"@type\":\"SearchAction\",\"target\":{\"@type\":\"EntryPoint\",\"urlTemplate\":\"https:\/\/rotary.fi\/d1420\/?s={search_term_string}\"},\"query-input\":{\"@type\":\"PropertyValueSpecification\",\"valueRequired\":true,\"valueName\":\"search_term_string\"}}],\"inLanguage\":\"fi\"}]}<\/script>\n<!-- \/ Yoast SEO plugin. -->","yoast_head_json":{"title":"Rotarypiirkonna 1420 dokumendiarhiivi - Piiri 1420","robots":{"index":"index","follow":"follow","max-snippet":"max-snippet:-1","max-image-preview":"max-image-preview:large","max-video-preview":"max-video-preview:-1"},"canonical":"https:\/\/rotary.fi\/d1420\/et\/piirkonna-1420-dokumendiarhiivi\/","og_locale":"fi_FI","og_type":"article","og_title":"Rotarypiirkonna 1420 dokumendiarhiivi - Piiri 1420","og_description":"\u00a0 Logige sisse Rotarypiirkonna 1420 dokumendiarhiivi &nbsp; Piirkonna 1420 dokumendid on deponeeritud digitaalarhiivi. Dokumentidega saate tutvuda vajutades nuppu \"LOGI ARHIIVI SISSE\" ja sisestades arhiivi parooli. Kui teil on probleeme sisselogimisega, v\u00f5tke \u00fchendust piirkonna kommunikatsioonikomisjoniga (viestinta.d1420@rotary.fi) v\u00f5i piirkonnasekret\u00e4riga (info.d1420@rotary.fi) &nbsp; &nbsp; &nbsp;","og_url":"https:\/\/rotary.fi\/d1420\/et\/piirkonna-1420-dokumendiarhiivi\/","og_site_name":"Piiri 1420","article_publisher":"https:\/\/www.facebook.com\/rotary\/","article_modified_time":"2024-11-08T10:07:27+00:00","twitter_card":"summary_large_image","twitter_misc":{"Arvioitu lukuaika":"1 minuutti"},"schema":{"@context":"https:\/\/schema.org","@graph":[{"@type":"WebPage","@id":"https:\/\/rotary.fi\/d1420\/et\/piirkonna-1420-dokumendiarhiivi\/","url":"https:\/\/rotary.fi\/d1420\/et\/piirkonna-1420-dokumendiarhiivi\/","name":"Rotarypiirkonna 1420 dokumendiarhiivi - Piiri 1420","isPartOf":{"@id":"https:\/\/rotary.fi\/d1420\/#website"},"datePublished":"2024-11-08T09:57:59+00:00","dateModified":"2024-11-08T10:07:27+00:00","breadcrumb":{"@id":"https:\/\/rotary.fi\/d1420\/et\/piirkonna-1420-dokumendiarhiivi\/#breadcrumb"},"inLanguage":"fi","potentialAction":[{"@type":"ReadAction","target":["https:\/\/rotary.fi\/d1420\/et\/piirkonna-1420-dokumendiarhiivi\/"]}]},{"@type":"BreadcrumbList","@id":"https:\/\/rotary.fi\/d1420\/et\/piirkonna-1420-dokumendiarhiivi\/#breadcrumb","itemListElement":[{"@type":"ListItem","position":1,"name":"Home","item":"https:\/\/rotary.fi\/d1420\/"},{"@type":"ListItem","position":2,"name":"Rotarypiirkonna 1420 dokumendiarhiivi"}]},{"@type":"WebSite","@id":"https:\/\/rotary.fi\/d1420\/#website","url":"https:\/\/rotary.fi\/d1420\/","name":"Piiri 1420","description":"Suomen Rotary","potentialAction":[{"@type":"SearchAction","target":{"@type":"EntryPoint","urlTemplate":"https:\/\/rotary.fi\/d1420\/?s={search_term_string}"},"query-input":{"@type":"PropertyValueSpecification","valueRequired":true,"valueName":"search_term_string"}}],"inLanguage":"fi"}]}},"lang":"et","translations":{"et":9757,"sv":9723,"fi":9618,"en":9738},"pll_sync_post":[],"_links":{"self":[{"href":"https:\/\/rotary.fi\/d1420\/wp-json\/wp\/v2\/pages\/9757","targetHints":{"allow":["GET"]}}],"collection":[{"href":"https:\/\/rotary.fi\/d1420\/wp-json\/wp\/v2\/pages"}],"about":[{"href":"https:\/\/rotary.fi\/d1420\/wp-json\/wp\/v2\/types\/page"}],"author":[{"embeddable":true,"href":"https:\/\/rotary.fi\/d1420\/wp-json\/wp\/v2\/users\/26"}],"replies":[{"embeddable":true,"href":"https:\/\/rotary.fi\/d1420\/wp-json\/wp\/v2\/comments?post=9757"}],"version-history":[{"count":6,"href":"https:\/\/rotary.fi\/d1420\/wp-json\/wp\/v2\/pages\/9757\/revisions"}],"predecessor-version":[{"id":9773,"href":"https:\/\/rotary.fi\/d1420\/wp-json\/wp\/v2\/pages\/9757\/revisions\/9773"}],"wp:attachment":[{"href":"https:\/\/rotary.fi\/d1420\/wp-json\/wp\/v2\/media?parent=9757"}],"curies":[{"name":"wp","href":"https:\/\/api.w.org\/{rel}","templated":true}]}}