{"id":9292,"date":"2024-09-13T10:50:09","date_gmt":"2024-09-13T08:50:09","guid":{"rendered":"https:\/\/rotary.fi\/d1420\/?page_id=9292"},"modified":"2025-08-24T15:47:10","modified_gmt":"2025-08-24T13:47:10","slug":"piirkonna-1420-rotary-telk","status":"publish","type":"page","link":"https:\/\/rotary.fi\/d1420\/et\/mida-me-teeme\/piirkonna-1420-rotary-telk\/","title":{"rendered":"Piirkonna 1420 Rotary telk"},"content":{"rendered":"<p>[et_pb_section fb_built=&#8221;1&#8243; _builder_version=&#8221;4.16&#8243; global_colors_info=&#8221;{}&#8221;][et_pb_row column_structure=&#8221;3_5,2_5&#8243; _builder_version=&#8221;4.16&#8243; background_size=&#8221;initial&#8221; background_position=&#8221;top_left&#8221; background_repeat=&#8221;repeat&#8221; global_colors_info=&#8221;{}&#8221;][et_pb_column type=&#8221;3_5&#8243; _builder_version=&#8221;4.16&#8243; custom_padding=&#8221;|||&#8221; global_colors_info=&#8221;{}&#8221; custom_padding__hover=&#8221;|||&#8221;][et_pb_text _builder_version=&#8221;4.27.4&#8243; background_size=&#8221;initial&#8221; background_position=&#8221;top_left&#8221; background_repeat=&#8221;repeat&#8221; hover_enabled=&#8221;0&#8243; global_colors_info=&#8221;{}&#8221; sticky_enabled=&#8221;0&#8243;]<\/p>\n<h1>Piirkonna 1420 Rotary telk<\/h1>\n<p>&nbsp;<\/p>\n<p>Meie linnaosale kuulub kena Rotary v\u00e4rvides Nopsa telk. Rotary logo ja meie ringkonnanumbriga telk on silmatorkav maam\u00e4rk, mis muudab Rotary n\u00e4htavuse t\u00f5stmise \u00fcritustel ja \u00fcritustel lihtsaks.<\/p>\n<p>Rotary telki saavad vabalt laenutada k\u00f5ik meie ringkonna klubid.<\/p>\n<p>Siin on info telgi ja hinnapakkumise kohta.<\/p>\n<ol>\n<li>Telgi laenutamist saab k\u00fcsida linnaosa sidetelt aadressil viestinta1420@gmail.com. \u00d6elge, millal oleks vaja telki laenutada, milliseks \u00fcrituseks ja kes vastutab \u00fcrituse ajal telgi eest.<\/li>\n<li>Telgi suurus on 3\u00d73 m.<\/li>\n<li>Telk j\u00e4\u00e4b hoiule Rotary kontor, kust see ka tagastatakse.<\/li>\n<li>Telk mahub t\u00e4pselt tavalisse autosse, kuid transport on universaaliga lihtsam. Pakett sisaldab suurt telgikotti ja suurt kotti seinakangaste jaoks. Telk kaalub p\u00e4ris palju, seega on hea peale- ja tagastamiseks broneerida kaks terve seljaga inimest. Raskemal pakendil on aga transportimise t\u00f5mmake k\u00e4epidemeid ja h\u00f5lbustamiseks rehvid.<\/li>\n<li>Telgipaki taskus on kokkupanemisjuhistega juhend. Kokkupanek on lihtne, kuid alguses on vaja nelja inimest, kes t\u00f5mbavad igast nurgast siinid ja t\u00f5stavad telgi soovitud k\u00f5rgusele. P\u00e4rast seda saab nurgad ja k\u00fclgseinad kinnitada isegi \u00fcks inimene. Koostamisjuhised leiate ka siit:\u00a0 <a href=\"https:\/\/www.teltat.fi\/wp-content\/uploads\/2018\/05\/Nopsa_Pikateltta_kayttoohje.pdf\">https:\/\/www.teltat.fi\/wp-content\/uploads\/2018\/05\/Nopsa_Pikateltta_kayttoohje.pdf<\/a><\/li>\n<li>Kuivatage telk enne pakkimist hoolikalt, kui see on m\u00e4rg!<\/li>\n<li>Enne kokkupanekut ja p\u00e4rast pakkimist kontrollige, et k\u00f5ik osad oleksid komplektis: Telgiraam kinnitatud katusega, K\u00f5ik telgi k\u00fclgseinad, Neli maandatud kiilu, Neli kinnitusrihma, Kasutusjuhend<\/li>\n<li>Telgi nurkadesse tuleb kindlasti kinnitada neli raskust, et telk tuulega \u00f5hku ei t\u00f5useks! Kaalud on Rotary kontoris. Kontrollige, kas need on kaasas!<\/li>\n<li>Kui m\u00f5ni telgi osa puruneb, kohustub laenusaaja asjast teatama ning remondi eest hoolitsema ja tasuma nagu teised rotarlased koos oma klubiga (telgi remonditeenus: <a href=\"https:\/\/teltat.fi\/teltan-huolto-korjaus-ja-paikkaus\/\">https:\/\/teltat.fi\/teltan-huolto-korjaus-ja-paikkaus\/<\/a> )<\/li>\n<\/ol>\n<p>&nbsp;<\/p>\n<p>&nbsp;<\/p>\n<p>[\/et_pb_text][\/et_pb_column][et_pb_column type=&#8221;2_5&#8243; _builder_version=&#8221;4.16&#8243; custom_padding=&#8221;|||&#8221; global_colors_info=&#8221;{}&#8221; custom_padding__hover=&#8221;|||&#8221;][et_pb_image src=&#8221;https:\/\/rotary.fi\/d1420\/wp-content\/uploads\/sites\/183\/2024\/01\/rotaryteltta-3.jpg&#8221; alt=&#8221;teltta&#8221; title_text=&#8221;rotaryteltta (3)&#8221; _builder_version=&#8221;4.25.1&#8243; _module_preset=&#8221;default&#8221; global_colors_info=&#8221;{}&#8221;][\/et_pb_image][et_pb_image src=&#8221;https:\/\/rotary.fi\/d1420\/wp-content\/uploads\/sites\/183\/2024\/01\/rotaryteltta-2.jpg&#8221; alt=&#8221;teltta&#8221; title_text=&#8221;rotaryteltta (2)&#8221; _builder_version=&#8221;4.25.1&#8243; _module_preset=&#8221;default&#8221; global_colors_info=&#8221;{}&#8221;][\/et_pb_image][et_pb_image src=&#8221;https:\/\/rotary.fi\/d1420\/wp-content\/uploads\/sites\/183\/2024\/01\/rotaryteltta-1.jpg&#8221; alt=&#8221;teltta koottuna&#8221; title_text=&#8221;rotaryteltta (1)&#8221; _builder_version=&#8221;4.25.1&#8243; _module_preset=&#8221;default&#8221; global_colors_info=&#8221;{}&#8221;][\/et_pb_image][\/et_pb_column][\/et_pb_row][\/et_pb_section]<\/p>\n","protected":false},"excerpt":{"rendered":"<p>Piirkonna 1420 Rotary telk &nbsp; Meie linnaosale kuulub kena Rotary v\u00e4rvides Nopsa telk. Rotary logo ja meie ringkonnanumbriga telk on silmatorkav maam\u00e4rk, mis muudab Rotary n\u00e4htavuse t\u00f5stmise \u00fcritustel ja \u00fcritustel lihtsaks. Rotary telki saavad vabalt laenutada k\u00f5ik meie ringkonna klubid. Siin on info telgi ja hinnapakkumise kohta. Telgi laenutamist saab k\u00fcsida linnaosa sidetelt aadressil viestinta1420@gmail.com. [&hellip;]<\/p>\n","protected":false},"author":26,"featured_media":0,"parent":10658,"menu_order":0,"comment_status":"closed","ping_status":"closed","template":"","meta":{"_acf_changed":false,"_et_pb_use_builder":"on","_et_pb_old_content":"<p>Piirimme omistaa hienon Nopsa-pikateltan Rotaryn v\u00e4reiss\u00e4. Rotary-logolla ja piirimme numerolla varustettu teltta on n\u00e4ytt\u00e4v\u00e4 maamerkki, jonka avulla on helppo lis\u00e4t\u00e4 Rotaryn n\u00e4kyvyytt\u00e4 tapahtumissa ja tilaisuuksissa.<\/p><p>Rotary-teltta on kaikkien piirimme klubien vapaasti lainattavissa.<\/p><p><img class=\"aligncenter wp-image-7512\" src=\"https:\/\/rotary.fi\/d1420\/wp-content\/uploads\/sites\/183\/2024\/01\/rotaryteltta-3.jpg\" alt=\"teltta\" width=\"376\" height=\"502\" \/><\/p><p>T\u00e4ss\u00e4 tietoa teltasta sek\u00e4 lainauksesta.<\/p><ol><li style=\"list-style-type: none;\"><ol><li>Telttaa voi tiedustella lainaksi piirin viestinn\u00e4st\u00e4 osoitteesta viestinta1420@gmail.com. Kerro, milloin tarvitsisit teltan lainaan, mihin tapahtumaan sek\u00e4 kuka on teltasta tapahtuman aikana vastaava henkil\u00f6.<\/li><li>Teltan koko on 3x3 m.<\/li><li>Telttaa s\u00e4ilytet\u00e4\u00e4n Espoossa Perkkaalla, jonne se my\u00f6s palautetaan.<\/li><li>Teltta mahtuu juuri ja juuri tavalliseen henkil\u00f6autoon, mutta farmariautolla kuljetus on helpompaa. Teltta painaa melko paljon, joten kaksi terveselk\u00e4ist\u00e4 henkil\u00f6\u00e4 on hyv\u00e4 varata noutoon ja palautukseen. Painavammassa paketissa on kuitenkin renkaat kuljetusta helpottamassa.<\/li><li>Telttapakkauksen taskusta l\u00f6ytyy ohjevihko, jossa kokoamisohjeet. Kokoaminen k\u00e4y helposti, mutta vaatii alkuvaiheessa nelj\u00e4 henkil\u00f6\u00e4 kiskomaan kustakin kulmasta ja korottamaan teltan haluttuun korkeuteen. Sen j\u00e4lkeen yksikin ihminen voi kiinnitt\u00e4\u00e4 kulmat ja sivusein\u00e4t. Kokoamisohjeen l\u00f6yd\u00e4t my\u00f6s t\u00e4\u00e4lt\u00e4: <a href=\"https:\/\/www.teltat.fi\/wp-content\/uploads\/2018\/05\/Nopsa_Pikateltta_kayttoohje.pdf\">https:\/\/www.teltat.fi\/wp-content\/uploads\/2018\/05\/Nopsa_Pikateltta_kayttoohje.pdf<\/a><\/li><li>Kuivata teltta huolella ennen pakkaamista, jos se on kastunut!<\/li><li>Tarkista ennen kokoamista ja pakkaamisen j\u00e4lkeen, ett\u00e4 kaikki osat ovat mukana: Teltan runko, jossa kiinni katto, Teltan kaikki sivusein\u00e4t, Nelj\u00e4 maakiilaa, Nelj\u00e4 kiinnitysremmi\u00e4, Ohjevihko<\/li><li>Lainaajan tulee hankkia kulmiin kiinnitett\u00e4v\u00e4ksi nelj\u00e4 riitt\u00e4v\u00e4\u00e4 painoa, jotta teltta ei l\u00e4hde tuulen mukana lentoon! Esimerkiksi isot vesikanisterit tai hiekkas\u00e4kit soveltuvat t\u00e4h\u00e4n.<\/li><li>Mik\u00e4li jokin osa teltasta rikkoutuu, lainaaja sitoutuu ilmoittamaan asiasta ja ottamaan korjauksen muina rotareina yhdess\u00e4 klubinsa kanssa hoidettavakseen ja maksettavakseen (teltan korjauspalvelu: <a href=\"https:\/\/teltat.fi\/teltan-huolto-korjaus-ja-paikkaus\/\">https:\/\/teltat.fi\/teltan-huolto-korjaus-ja-paikkaus\/<\/a> )<\/li><\/ol><\/li><\/ol><p><img class=\"aligncenter wp-image-7511\" src=\"https:\/\/rotary.fi\/d1420\/wp-content\/uploads\/sites\/183\/2024\/01\/rotaryteltta-2.jpg\" alt=\"teltta\" width=\"352\" height=\"469\" \/> <img class=\"aligncenter wp-image-7510\" src=\"https:\/\/rotary.fi\/d1420\/wp-content\/uploads\/sites\/183\/2024\/01\/rotaryteltta-1.jpg\" alt=\"teltta koottuna\" width=\"352\" height=\"470\" \/><\/p><p>\u00a0<\/p>","_et_gb_content_width":"","footnotes":""},"class_list":["post-9292","page","type-page","status-publish","hentry"],"acf":[],"yoast_head":"<!-- This site is optimized with the Yoast SEO plugin v27.0 - https:\/\/yoast.com\/product\/yoast-seo-wordpress\/ -->\n<title>Piirkonna 1420 Rotary telk - Piiri 1420<\/title>\n<meta name=\"robots\" content=\"index, follow, max-snippet:-1, max-image-preview:large, max-video-preview:-1\" \/>\n<link rel=\"canonical\" href=\"https:\/\/rotary.fi\/d1420\/et\/mida-me-teeme\/piirkonna-1420-rotary-telk\/\" \/>\n<meta property=\"og:locale\" content=\"fi_FI\" \/>\n<meta property=\"og:type\" content=\"article\" \/>\n<meta property=\"og:title\" content=\"Piirkonna 1420 Rotary telk - Piiri 1420\" \/>\n<meta property=\"og:description\" content=\"Piirkonna 1420 Rotary telk &nbsp; Meie linnaosale kuulub kena Rotary v\u00e4rvides Nopsa telk. Rotary logo ja meie ringkonnanumbriga telk on silmatorkav maam\u00e4rk, mis muudab Rotary n\u00e4htavuse t\u00f5stmise \u00fcritustel ja \u00fcritustel lihtsaks. Rotary telki saavad vabalt laenutada k\u00f5ik meie ringkonna klubid. Siin on info telgi ja hinnapakkumise kohta. Telgi laenutamist saab k\u00fcsida linnaosa sidetelt aadressil viestinta1420@gmail.com. [&hellip;]\" \/>\n<meta property=\"og:url\" content=\"https:\/\/rotary.fi\/d1420\/et\/mida-me-teeme\/piirkonna-1420-rotary-telk\/\" \/>\n<meta property=\"og:site_name\" content=\"Piiri 1420\" \/>\n<meta property=\"article:publisher\" content=\"https:\/\/www.facebook.com\/rotary\/\" \/>\n<meta property=\"article:modified_time\" content=\"2025-08-24T13:47:10+00:00\" \/>\n<meta name=\"twitter:card\" content=\"summary_large_image\" \/>\n<meta name=\"twitter:label1\" content=\"Arvioitu lukuaika\" \/>\n\t<meta name=\"twitter:data1\" content=\"3 minuuttia\" \/>\n<script type=\"application\/ld+json\" class=\"yoast-schema-graph\">{\"@context\":\"https:\/\/schema.org\",\"@graph\":[{\"@type\":\"WebPage\",\"@id\":\"https:\/\/rotary.fi\/d1420\/et\/mida-me-teeme\/piirkonna-1420-rotary-telk\/\",\"url\":\"https:\/\/rotary.fi\/d1420\/et\/mida-me-teeme\/piirkonna-1420-rotary-telk\/\",\"name\":\"Piirkonna 1420 Rotary telk - Piiri 1420\",\"isPartOf\":{\"@id\":\"https:\/\/rotary.fi\/d1420\/#website\"},\"datePublished\":\"2024-09-13T08:50:09+00:00\",\"dateModified\":\"2025-08-24T13:47:10+00:00\",\"breadcrumb\":{\"@id\":\"https:\/\/rotary.fi\/d1420\/et\/mida-me-teeme\/piirkonna-1420-rotary-telk\/#breadcrumb\"},\"inLanguage\":\"fi\",\"potentialAction\":[{\"@type\":\"ReadAction\",\"target\":[\"https:\/\/rotary.fi\/d1420\/et\/mida-me-teeme\/piirkonna-1420-rotary-telk\/\"]}]},{\"@type\":\"BreadcrumbList\",\"@id\":\"https:\/\/rotary.fi\/d1420\/et\/mida-me-teeme\/piirkonna-1420-rotary-telk\/#breadcrumb\",\"itemListElement\":[{\"@type\":\"ListItem\",\"position\":1,\"name\":\"Home\",\"item\":\"https:\/\/rotary.fi\/d1420\/\"},{\"@type\":\"ListItem\",\"position\":2,\"name\":\"Mida me teeme\",\"item\":\"https:\/\/rotary.fi\/d1420\/et\/mida-me-teeme\/\"},{\"@type\":\"ListItem\",\"position\":3,\"name\":\"Piirkonna 1420 Rotary telk\"}]},{\"@type\":\"WebSite\",\"@id\":\"https:\/\/rotary.fi\/d1420\/#website\",\"url\":\"https:\/\/rotary.fi\/d1420\/\",\"name\":\"Piiri 1420\",\"description\":\"Suomen Rotary\",\"potentialAction\":[{\"@type\":\"SearchAction\",\"target\":{\"@type\":\"EntryPoint\",\"urlTemplate\":\"https:\/\/rotary.fi\/d1420\/?s={search_term_string}\"},\"query-input\":{\"@type\":\"PropertyValueSpecification\",\"valueRequired\":true,\"valueName\":\"search_term_string\"}}],\"inLanguage\":\"fi\"}]}<\/script>\n<!-- \/ Yoast SEO plugin. -->","yoast_head_json":{"title":"Piirkonna 1420 Rotary telk - Piiri 1420","robots":{"index":"index","follow":"follow","max-snippet":"max-snippet:-1","max-image-preview":"max-image-preview:large","max-video-preview":"max-video-preview:-1"},"canonical":"https:\/\/rotary.fi\/d1420\/et\/mida-me-teeme\/piirkonna-1420-rotary-telk\/","og_locale":"fi_FI","og_type":"article","og_title":"Piirkonna 1420 Rotary telk - Piiri 1420","og_description":"Piirkonna 1420 Rotary telk &nbsp; Meie linnaosale kuulub kena Rotary v\u00e4rvides Nopsa telk. Rotary logo ja meie ringkonnanumbriga telk on silmatorkav maam\u00e4rk, mis muudab Rotary n\u00e4htavuse t\u00f5stmise \u00fcritustel ja \u00fcritustel lihtsaks. Rotary telki saavad vabalt laenutada k\u00f5ik meie ringkonna klubid. Siin on info telgi ja hinnapakkumise kohta. Telgi laenutamist saab k\u00fcsida linnaosa sidetelt aadressil viestinta1420@gmail.com. [&hellip;]","og_url":"https:\/\/rotary.fi\/d1420\/et\/mida-me-teeme\/piirkonna-1420-rotary-telk\/","og_site_name":"Piiri 1420","article_publisher":"https:\/\/www.facebook.com\/rotary\/","article_modified_time":"2025-08-24T13:47:10+00:00","twitter_card":"summary_large_image","twitter_misc":{"Arvioitu lukuaika":"3 minuuttia"},"schema":{"@context":"https:\/\/schema.org","@graph":[{"@type":"WebPage","@id":"https:\/\/rotary.fi\/d1420\/et\/mida-me-teeme\/piirkonna-1420-rotary-telk\/","url":"https:\/\/rotary.fi\/d1420\/et\/mida-me-teeme\/piirkonna-1420-rotary-telk\/","name":"Piirkonna 1420 Rotary telk - Piiri 1420","isPartOf":{"@id":"https:\/\/rotary.fi\/d1420\/#website"},"datePublished":"2024-09-13T08:50:09+00:00","dateModified":"2025-08-24T13:47:10+00:00","breadcrumb":{"@id":"https:\/\/rotary.fi\/d1420\/et\/mida-me-teeme\/piirkonna-1420-rotary-telk\/#breadcrumb"},"inLanguage":"fi","potentialAction":[{"@type":"ReadAction","target":["https:\/\/rotary.fi\/d1420\/et\/mida-me-teeme\/piirkonna-1420-rotary-telk\/"]}]},{"@type":"BreadcrumbList","@id":"https:\/\/rotary.fi\/d1420\/et\/mida-me-teeme\/piirkonna-1420-rotary-telk\/#breadcrumb","itemListElement":[{"@type":"ListItem","position":1,"name":"Home","item":"https:\/\/rotary.fi\/d1420\/"},{"@type":"ListItem","position":2,"name":"Mida me teeme","item":"https:\/\/rotary.fi\/d1420\/et\/mida-me-teeme\/"},{"@type":"ListItem","position":3,"name":"Piirkonna 1420 Rotary telk"}]},{"@type":"WebSite","@id":"https:\/\/rotary.fi\/d1420\/#website","url":"https:\/\/rotary.fi\/d1420\/","name":"Piiri 1420","description":"Suomen Rotary","potentialAction":[{"@type":"SearchAction","target":{"@type":"EntryPoint","urlTemplate":"https:\/\/rotary.fi\/d1420\/?s={search_term_string}"},"query-input":{"@type":"PropertyValueSpecification","valueRequired":true,"valueName":"search_term_string"}}],"inLanguage":"fi"}]}},"lang":"et","translations":{"et":9292,"sv":9274,"fi":7505,"en":9284},"pll_sync_post":[],"_links":{"self":[{"href":"https:\/\/rotary.fi\/d1420\/wp-json\/wp\/v2\/pages\/9292","targetHints":{"allow":["GET"]}}],"collection":[{"href":"https:\/\/rotary.fi\/d1420\/wp-json\/wp\/v2\/pages"}],"about":[{"href":"https:\/\/rotary.fi\/d1420\/wp-json\/wp\/v2\/types\/page"}],"author":[{"embeddable":true,"href":"https:\/\/rotary.fi\/d1420\/wp-json\/wp\/v2\/users\/26"}],"replies":[{"embeddable":true,"href":"https:\/\/rotary.fi\/d1420\/wp-json\/wp\/v2\/comments?post=9292"}],"version-history":[{"count":5,"href":"https:\/\/rotary.fi\/d1420\/wp-json\/wp\/v2\/pages\/9292\/revisions"}],"predecessor-version":[{"id":11739,"href":"https:\/\/rotary.fi\/d1420\/wp-json\/wp\/v2\/pages\/9292\/revisions\/11739"}],"up":[{"embeddable":true,"href":"https:\/\/rotary.fi\/d1420\/wp-json\/wp\/v2\/pages\/10658"}],"wp:attachment":[{"href":"https:\/\/rotary.fi\/d1420\/wp-json\/wp\/v2\/media?parent=9292"}],"curies":[{"name":"wp","href":"https:\/\/api.w.org\/{rel}","templated":true}]}}