{"id":9284,"date":"2024-09-13T10:37:08","date_gmt":"2024-09-13T08:37:08","guid":{"rendered":"https:\/\/rotary.fi\/d1420\/?page_id=9284"},"modified":"2025-08-24T15:45:30","modified_gmt":"2025-08-24T13:45:30","slug":"district-1420-rotary-tent","status":"publish","type":"page","link":"https:\/\/rotary.fi\/d1420\/en\/what-we-do\/supplies-for-district-and-club-events\/district-1420-rotary-tent\/","title":{"rendered":"District 1420 Rotary Tent"},"content":{"rendered":"<p>[et_pb_section fb_built=&#8221;1&#8243; _builder_version=&#8221;4.16&#8243; global_colors_info=&#8221;{}&#8221;][et_pb_row column_structure=&#8221;3_5,2_5&#8243; _builder_version=&#8221;4.16&#8243; background_size=&#8221;initial&#8221; background_position=&#8221;top_left&#8221; background_repeat=&#8221;repeat&#8221; global_colors_info=&#8221;{}&#8221;][et_pb_column type=&#8221;3_5&#8243; _builder_version=&#8221;4.16&#8243; custom_padding=&#8221;|||&#8221; global_colors_info=&#8221;{}&#8221; custom_padding__hover=&#8221;|||&#8221;][et_pb_text _builder_version=&#8221;4.27.4&#8243; background_size=&#8221;initial&#8221; background_position=&#8221;top_left&#8221; background_repeat=&#8221;repeat&#8221; hover_enabled=&#8221;0&#8243; global_colors_info=&#8221;{}&#8221; sticky_enabled=&#8221;0&#8243;]<\/p>\n<h2>District 1420 Rotary Tent<\/h2>\n<p>&nbsp;<\/p>\n<p>Our district owns a nice Nopsa tent in Rotary&#8217;s colors. A tent with the Rotary logo and our district number is a striking landmark that makes it easy to increase Rotary&#8217;s visibility at events and occasions.<\/p>\n<p>The Rotary tent can be freely borrowed by all clubs in our district.<\/p>\n<p>Here is information about the tent and the quote.<\/p>\n<ol>\n<li>You can inquire about borrowing a tent from the district&#8217;s communications at the address viestinta1420@gmail.com. Tell me when you would need to borrow a tent, for which event, and who is the person responsible for the tent during the event.<\/li>\n<li>The size of the tent is 3\u00d73 m.<\/li>\n<li>The tent will be stored in Rotary office,where it will also be returned.<\/li>\n<li>The tent fits just right in an ordinary car, but transport is easier with a station wagon. The package includes a large tent bag and a large bag for wall fabrics. The tent weighs quite a lot, so it is good to book two people with healthy backs for pick-up and return. However, the heavier package has\u00a0 pull handles, and tires to make transportation easier.<\/li>\n<li>There is an instruction booklet with assembly instructions in the pocket of the tent package. Assembling is easy, but in the beginning it requires four people to pull the rails from each corner and raise the tent to the desired height. After that, even one person can attach the corners and side walls. You can also find assembly instructions here:\u00a0 <a href=\"https:\/\/www.teltat.fi\/wp-content\/uploads\/2018\/05\/Nopsa_Pikateltta_kayttoohje.pdf\">https:\/\/www.teltat.fi\/wp-content\/uploads\/2018\/05\/Nopsa_Pikateltta_kayttoohje.pdf<\/a><\/li>\n<li>Dry the tent carefully before packing if it is wet!<\/li>\n<li>Before assembling and after packing, check that all parts are included: Tent frame with attached roof, All side walls of the tent, Four ground wedges, Four fastening straps, Instruction booklet<\/li>\n<li>It is imperative to attach four weights to the corners of the tent so that the tent does not take off with the wind! The weights are in the Rotary office. Check that they are included!<\/li>\n<li>If any part of the tent breaks, the borrower undertakes to report the matter and take care of and pay for the repair as other Rotarians together with their club (tent repair service:<br \/><a href=\"https:\/\/teltat.fi\/teltan-huolto-korjaus-ja-paikkaus\/\">https:\/\/teltat.fi\/teltan-huolto-korjaus-ja-paikkaus\/<\/a> )<\/li>\n<\/ol>\n<p>&nbsp;<\/p>\n<p>[\/et_pb_text][\/et_pb_column][et_pb_column type=&#8221;2_5&#8243; _builder_version=&#8221;4.16&#8243; custom_padding=&#8221;|||&#8221; global_colors_info=&#8221;{}&#8221; custom_padding__hover=&#8221;|||&#8221;][et_pb_image src=&#8221;https:\/\/rotary.fi\/d1420\/wp-content\/uploads\/sites\/183\/2024\/01\/rotaryteltta-3.jpg&#8221; alt=&#8221;teltta&#8221; title_text=&#8221;rotaryteltta (3)&#8221; _builder_version=&#8221;4.25.1&#8243; _module_preset=&#8221;default&#8221; global_colors_info=&#8221;{}&#8221;][\/et_pb_image][et_pb_image src=&#8221;https:\/\/rotary.fi\/d1420\/wp-content\/uploads\/sites\/183\/2024\/01\/rotaryteltta-2.jpg&#8221; alt=&#8221;teltta&#8221; title_text=&#8221;rotaryteltta (2)&#8221; _builder_version=&#8221;4.25.1&#8243; _module_preset=&#8221;default&#8221; global_colors_info=&#8221;{}&#8221;][\/et_pb_image][et_pb_image src=&#8221;https:\/\/rotary.fi\/d1420\/wp-content\/uploads\/sites\/183\/2024\/01\/rotaryteltta-1.jpg&#8221; alt=&#8221;teltta koottuna&#8221; title_text=&#8221;rotaryteltta (1)&#8221; _builder_version=&#8221;4.25.1&#8243; _module_preset=&#8221;default&#8221; global_colors_info=&#8221;{}&#8221;][\/et_pb_image][\/et_pb_column][\/et_pb_row][\/et_pb_section]<\/p>\n","protected":false},"excerpt":{"rendered":"<p>District 1420 Rotary Tent &nbsp; Our district owns a nice Nopsa tent in Rotary&#8217;s colors. A tent with the Rotary logo and our district number is a striking landmark that makes it easy to increase Rotary&#8217;s visibility at events and occasions. The Rotary tent can be freely borrowed by all clubs in our district. Here [&hellip;]<\/p>\n","protected":false},"author":26,"featured_media":0,"parent":9192,"menu_order":0,"comment_status":"closed","ping_status":"closed","template":"","meta":{"_acf_changed":false,"_et_pb_use_builder":"on","_et_pb_old_content":"<p>Piirimme omistaa hienon Nopsa-pikateltan Rotaryn v\u00e4reiss\u00e4. Rotary-logolla ja piirimme numerolla varustettu teltta on n\u00e4ytt\u00e4v\u00e4 maamerkki, jonka avulla on helppo lis\u00e4t\u00e4 Rotaryn n\u00e4kyvyytt\u00e4 tapahtumissa ja tilaisuuksissa.<\/p><p>Rotary-teltta on kaikkien piirimme klubien vapaasti lainattavissa.<\/p><p><img class=\"aligncenter wp-image-7512\" src=\"https:\/\/rotary.fi\/d1420\/wp-content\/uploads\/sites\/183\/2024\/01\/rotaryteltta-3.jpg\" alt=\"teltta\" width=\"376\" height=\"502\" \/><\/p><p>T\u00e4ss\u00e4 tietoa teltasta sek\u00e4 lainauksesta.<\/p><ol><li style=\"list-style-type: none;\"><ol><li>Telttaa voi tiedustella lainaksi piirin viestinn\u00e4st\u00e4 osoitteesta viestinta1420@gmail.com. Kerro, milloin tarvitsisit teltan lainaan, mihin tapahtumaan sek\u00e4 kuka on teltasta tapahtuman aikana vastaava henkil\u00f6.<\/li><li>Teltan koko on 3x3 m.<\/li><li>Telttaa s\u00e4ilytet\u00e4\u00e4n Espoossa Perkkaalla, jonne se my\u00f6s palautetaan.<\/li><li>Teltta mahtuu juuri ja juuri tavalliseen henkil\u00f6autoon, mutta farmariautolla kuljetus on helpompaa. Teltta painaa melko paljon, joten kaksi terveselk\u00e4ist\u00e4 henkil\u00f6\u00e4 on hyv\u00e4 varata noutoon ja palautukseen. Painavammassa paketissa on kuitenkin renkaat kuljetusta helpottamassa.<\/li><li>Telttapakkauksen taskusta l\u00f6ytyy ohjevihko, jossa kokoamisohjeet. Kokoaminen k\u00e4y helposti, mutta vaatii alkuvaiheessa nelj\u00e4 henkil\u00f6\u00e4 kiskomaan kustakin kulmasta ja korottamaan teltan haluttuun korkeuteen. Sen j\u00e4lkeen yksikin ihminen voi kiinnitt\u00e4\u00e4 kulmat ja sivusein\u00e4t. Kokoamisohjeen l\u00f6yd\u00e4t my\u00f6s t\u00e4\u00e4lt\u00e4: <a href=\"https:\/\/www.teltat.fi\/wp-content\/uploads\/2018\/05\/Nopsa_Pikateltta_kayttoohje.pdf\">https:\/\/www.teltat.fi\/wp-content\/uploads\/2018\/05\/Nopsa_Pikateltta_kayttoohje.pdf<\/a><\/li><li>Kuivata teltta huolella ennen pakkaamista, jos se on kastunut!<\/li><li>Tarkista ennen kokoamista ja pakkaamisen j\u00e4lkeen, ett\u00e4 kaikki osat ovat mukana: Teltan runko, jossa kiinni katto, Teltan kaikki sivusein\u00e4t, Nelj\u00e4 maakiilaa, Nelj\u00e4 kiinnitysremmi\u00e4, Ohjevihko<\/li><li>Lainaajan tulee hankkia kulmiin kiinnitett\u00e4v\u00e4ksi nelj\u00e4 riitt\u00e4v\u00e4\u00e4 painoa, jotta teltta ei l\u00e4hde tuulen mukana lentoon! Esimerkiksi isot vesikanisterit tai hiekkas\u00e4kit soveltuvat t\u00e4h\u00e4n.<\/li><li>Mik\u00e4li jokin osa teltasta rikkoutuu, lainaaja sitoutuu ilmoittamaan asiasta ja ottamaan korjauksen muina rotareina yhdess\u00e4 klubinsa kanssa hoidettavakseen ja maksettavakseen (teltan korjauspalvelu: <a href=\"https:\/\/teltat.fi\/teltan-huolto-korjaus-ja-paikkaus\/\">https:\/\/teltat.fi\/teltan-huolto-korjaus-ja-paikkaus\/<\/a> )<\/li><\/ol><\/li><\/ol><p><img class=\"aligncenter wp-image-7511\" src=\"https:\/\/rotary.fi\/d1420\/wp-content\/uploads\/sites\/183\/2024\/01\/rotaryteltta-2.jpg\" alt=\"teltta\" width=\"352\" height=\"469\" \/> <img class=\"aligncenter wp-image-7510\" src=\"https:\/\/rotary.fi\/d1420\/wp-content\/uploads\/sites\/183\/2024\/01\/rotaryteltta-1.jpg\" alt=\"teltta koottuna\" width=\"352\" height=\"470\" \/><\/p><p>\u00a0<\/p>","_et_gb_content_width":"","footnotes":""},"class_list":["post-9284","page","type-page","status-publish","hentry"],"acf":[],"yoast_head":"<!-- This site is optimized with the Yoast SEO plugin v27.0 - https:\/\/yoast.com\/product\/yoast-seo-wordpress\/ -->\n<title>District 1420 Rotary Tent - Piiri 1420<\/title>\n<meta name=\"robots\" content=\"index, follow, max-snippet:-1, max-image-preview:large, max-video-preview:-1\" \/>\n<link rel=\"canonical\" href=\"https:\/\/rotary.fi\/d1420\/en\/what-we-do\/supplies-for-district-and-club-events\/district-1420-rotary-tent\/\" \/>\n<meta property=\"og:locale\" content=\"fi_FI\" \/>\n<meta property=\"og:type\" content=\"article\" \/>\n<meta property=\"og:title\" content=\"District 1420 Rotary Tent - Piiri 1420\" \/>\n<meta property=\"og:description\" content=\"District 1420 Rotary Tent &nbsp; Our district owns a nice Nopsa tent in Rotary&#039;s colors. A tent with the Rotary logo and our district number is a striking landmark that makes it easy to increase Rotary&#039;s visibility at events and occasions. The Rotary tent can be freely borrowed by all clubs in our district. Here [&hellip;]\" \/>\n<meta property=\"og:url\" content=\"https:\/\/rotary.fi\/d1420\/en\/what-we-do\/supplies-for-district-and-club-events\/district-1420-rotary-tent\/\" \/>\n<meta property=\"og:site_name\" content=\"Piiri 1420\" \/>\n<meta property=\"article:publisher\" content=\"https:\/\/www.facebook.com\/rotary\/\" \/>\n<meta property=\"article:modified_time\" content=\"2025-08-24T13:45:30+00:00\" \/>\n<meta name=\"twitter:card\" content=\"summary_large_image\" \/>\n<meta name=\"twitter:label1\" content=\"Arvioitu lukuaika\" \/>\n\t<meta name=\"twitter:data1\" content=\"3 minuuttia\" \/>\n<script type=\"application\/ld+json\" class=\"yoast-schema-graph\">{\"@context\":\"https:\/\/schema.org\",\"@graph\":[{\"@type\":\"WebPage\",\"@id\":\"https:\/\/rotary.fi\/d1420\/en\/what-we-do\/supplies-for-district-and-club-events\/district-1420-rotary-tent\/\",\"url\":\"https:\/\/rotary.fi\/d1420\/en\/what-we-do\/supplies-for-district-and-club-events\/district-1420-rotary-tent\/\",\"name\":\"District 1420 Rotary Tent - Piiri 1420\",\"isPartOf\":{\"@id\":\"https:\/\/rotary.fi\/d1420\/#website\"},\"datePublished\":\"2024-09-13T08:37:08+00:00\",\"dateModified\":\"2025-08-24T13:45:30+00:00\",\"breadcrumb\":{\"@id\":\"https:\/\/rotary.fi\/d1420\/en\/what-we-do\/supplies-for-district-and-club-events\/district-1420-rotary-tent\/#breadcrumb\"},\"inLanguage\":\"fi\",\"potentialAction\":[{\"@type\":\"ReadAction\",\"target\":[\"https:\/\/rotary.fi\/d1420\/en\/what-we-do\/supplies-for-district-and-club-events\/district-1420-rotary-tent\/\"]}]},{\"@type\":\"BreadcrumbList\",\"@id\":\"https:\/\/rotary.fi\/d1420\/en\/what-we-do\/supplies-for-district-and-club-events\/district-1420-rotary-tent\/#breadcrumb\",\"itemListElement\":[{\"@type\":\"ListItem\",\"position\":1,\"name\":\"Home\",\"item\":\"https:\/\/rotary.fi\/d1420\/\"},{\"@type\":\"ListItem\",\"position\":2,\"name\":\"What We Do\",\"item\":\"https:\/\/rotary.fi\/d1420\/en\/what-we-do\/\"},{\"@type\":\"ListItem\",\"position\":3,\"name\":\"Supplies for district and club events\",\"item\":\"https:\/\/rotary.fi\/d1420\/en\/what-we-do\/supplies-for-district-and-club-events\/\"},{\"@type\":\"ListItem\",\"position\":4,\"name\":\"District 1420 Rotary Tent\"}]},{\"@type\":\"WebSite\",\"@id\":\"https:\/\/rotary.fi\/d1420\/#website\",\"url\":\"https:\/\/rotary.fi\/d1420\/\",\"name\":\"Piiri 1420\",\"description\":\"Suomen Rotary\",\"potentialAction\":[{\"@type\":\"SearchAction\",\"target\":{\"@type\":\"EntryPoint\",\"urlTemplate\":\"https:\/\/rotary.fi\/d1420\/?s={search_term_string}\"},\"query-input\":{\"@type\":\"PropertyValueSpecification\",\"valueRequired\":true,\"valueName\":\"search_term_string\"}}],\"inLanguage\":\"fi\"}]}<\/script>\n<!-- \/ Yoast SEO plugin. -->","yoast_head_json":{"title":"District 1420 Rotary Tent - Piiri 1420","robots":{"index":"index","follow":"follow","max-snippet":"max-snippet:-1","max-image-preview":"max-image-preview:large","max-video-preview":"max-video-preview:-1"},"canonical":"https:\/\/rotary.fi\/d1420\/en\/what-we-do\/supplies-for-district-and-club-events\/district-1420-rotary-tent\/","og_locale":"fi_FI","og_type":"article","og_title":"District 1420 Rotary Tent - Piiri 1420","og_description":"District 1420 Rotary Tent &nbsp; Our district owns a nice Nopsa tent in Rotary's colors. A tent with the Rotary logo and our district number is a striking landmark that makes it easy to increase Rotary's visibility at events and occasions. The Rotary tent can be freely borrowed by all clubs in our district. Here [&hellip;]","og_url":"https:\/\/rotary.fi\/d1420\/en\/what-we-do\/supplies-for-district-and-club-events\/district-1420-rotary-tent\/","og_site_name":"Piiri 1420","article_publisher":"https:\/\/www.facebook.com\/rotary\/","article_modified_time":"2025-08-24T13:45:30+00:00","twitter_card":"summary_large_image","twitter_misc":{"Arvioitu lukuaika":"3 minuuttia"},"schema":{"@context":"https:\/\/schema.org","@graph":[{"@type":"WebPage","@id":"https:\/\/rotary.fi\/d1420\/en\/what-we-do\/supplies-for-district-and-club-events\/district-1420-rotary-tent\/","url":"https:\/\/rotary.fi\/d1420\/en\/what-we-do\/supplies-for-district-and-club-events\/district-1420-rotary-tent\/","name":"District 1420 Rotary Tent - Piiri 1420","isPartOf":{"@id":"https:\/\/rotary.fi\/d1420\/#website"},"datePublished":"2024-09-13T08:37:08+00:00","dateModified":"2025-08-24T13:45:30+00:00","breadcrumb":{"@id":"https:\/\/rotary.fi\/d1420\/en\/what-we-do\/supplies-for-district-and-club-events\/district-1420-rotary-tent\/#breadcrumb"},"inLanguage":"fi","potentialAction":[{"@type":"ReadAction","target":["https:\/\/rotary.fi\/d1420\/en\/what-we-do\/supplies-for-district-and-club-events\/district-1420-rotary-tent\/"]}]},{"@type":"BreadcrumbList","@id":"https:\/\/rotary.fi\/d1420\/en\/what-we-do\/supplies-for-district-and-club-events\/district-1420-rotary-tent\/#breadcrumb","itemListElement":[{"@type":"ListItem","position":1,"name":"Home","item":"https:\/\/rotary.fi\/d1420\/"},{"@type":"ListItem","position":2,"name":"What We Do","item":"https:\/\/rotary.fi\/d1420\/en\/what-we-do\/"},{"@type":"ListItem","position":3,"name":"Supplies for district and club events","item":"https:\/\/rotary.fi\/d1420\/en\/what-we-do\/supplies-for-district-and-club-events\/"},{"@type":"ListItem","position":4,"name":"District 1420 Rotary Tent"}]},{"@type":"WebSite","@id":"https:\/\/rotary.fi\/d1420\/#website","url":"https:\/\/rotary.fi\/d1420\/","name":"Piiri 1420","description":"Suomen Rotary","potentialAction":[{"@type":"SearchAction","target":{"@type":"EntryPoint","urlTemplate":"https:\/\/rotary.fi\/d1420\/?s={search_term_string}"},"query-input":{"@type":"PropertyValueSpecification","valueRequired":true,"valueName":"search_term_string"}}],"inLanguage":"fi"}]}},"lang":"en","translations":{"en":9284,"sv":9274,"fi":7505,"et":9292},"pll_sync_post":[],"_links":{"self":[{"href":"https:\/\/rotary.fi\/d1420\/wp-json\/wp\/v2\/pages\/9284","targetHints":{"allow":["GET"]}}],"collection":[{"href":"https:\/\/rotary.fi\/d1420\/wp-json\/wp\/v2\/pages"}],"about":[{"href":"https:\/\/rotary.fi\/d1420\/wp-json\/wp\/v2\/types\/page"}],"author":[{"embeddable":true,"href":"https:\/\/rotary.fi\/d1420\/wp-json\/wp\/v2\/users\/26"}],"replies":[{"embeddable":true,"href":"https:\/\/rotary.fi\/d1420\/wp-json\/wp\/v2\/comments?post=9284"}],"version-history":[{"count":6,"href":"https:\/\/rotary.fi\/d1420\/wp-json\/wp\/v2\/pages\/9284\/revisions"}],"predecessor-version":[{"id":11737,"href":"https:\/\/rotary.fi\/d1420\/wp-json\/wp\/v2\/pages\/9284\/revisions\/11737"}],"up":[{"embeddable":true,"href":"https:\/\/rotary.fi\/d1420\/wp-json\/wp\/v2\/pages\/9192"}],"wp:attachment":[{"href":"https:\/\/rotary.fi\/d1420\/wp-json\/wp\/v2\/media?parent=9284"}],"curies":[{"name":"wp","href":"https:\/\/api.w.org\/{rel}","templated":true}]}}