{"id":8508,"date":"2024-05-29T18:35:30","date_gmt":"2024-05-29T16:35:30","guid":{"rendered":"https:\/\/rotary.fi\/d1420\/?page_id=8508"},"modified":"2024-05-29T18:35:35","modified_gmt":"2024-05-29T16:35:35","slug":"report-on-activities-of-isc-2023-2024","status":"publish","type":"page","link":"https:\/\/rotary.fi\/d1420\/en\/rotary-district-1420\/district-committees-and-their-tasks\/report-on-activities-of-isc-2023-2024\/","title":{"rendered":"The report on the activities of the International Service Committee 2023-2024"},"content":{"rendered":"<p>[et_pb_section fb_built=&#8221;1&#8243; _builder_version=&#8221;4.25.1&#8243; _module_preset=&#8221;default&#8221; global_colors_info=&#8221;{}&#8221;][et_pb_row _builder_version=&#8221;4.25.1&#8243; _module_preset=&#8221;default&#8221; global_colors_info=&#8221;{}&#8221;][et_pb_column type=&#8221;4_4&#8243; _builder_version=&#8221;4.25.1&#8243; _module_preset=&#8221;default&#8221; global_colors_info=&#8221;{}&#8221;][et_pb_text _builder_version=&#8221;4.25.1&#8243; _module_preset=&#8221;default&#8221; global_colors_info=&#8221;{}&#8221;]<\/p>\n<h2>\u00a0<\/h2>\n<h2>The District International Service Committe (2023-2024)<\/h2>\n<p>&nbsp;<\/p>\n<p>The main achievements of the committee are as follows:<\/p>\n<p>The District International Committe together with <strong>the Baltic Sea Committe<\/strong> organised a series of two Climate webinars with approx 100 participants and 60 registered who wanted to have the recordings. The programs were planned and the webinars were lead by the chair of the committe. PE Stephanie Urchick gave a speech at the Climate Webinar on February 8. Chair of ESRAG Europe Michael Koch gave a presentation at the Climate Webinar on\u00a0 April 9.<\/p>\n<p>ICC Germany-District 1420 was established\u2002in 2022 and in the autum 2023 the twin city agreement between Dillenburg RC and Porvoo l\u00e4ntinen was made.<\/p>\n<p>In the Rotary Action Summit in Malm\u00f6, there will be two break out sessions (joint sessions of ESRAG and BASRAN) organized that are planned by the chair together with BASRANs representative. The chair will have a presentation at the sessions.<\/p>\n<p>The District 1410 has asked if our District wants to take part in establishing the ICC-USA. The chair has asked the opinion of the District Council on that.<\/p>\n<p>Presentations at clubs weekly meetings: Tikkurila and J\u00e4rvenp\u00e4\u00e4.<\/p>\n<p>Members of the District International Service Committee: Anu Adermann (Tallinn), Taru Karikoski (Porvoo l\u00e4ntinen), P\u00e4ivi Kippo-Edlund, chair (DISC).<\/p>\n<p>[\/et_pb_text][\/et_pb_column][\/et_pb_row][\/et_pb_section]<\/p>\n","protected":false},"excerpt":{"rendered":"<p>\u00a0 The District International Service Committe (2023-2024) &nbsp; The main achievements of the committee are as follows: The District International Committe together with the Baltic Sea Committe organised a series of two Climate webinars with approx 100 participants and 60 registered who wanted to have the recordings. The programs were planned and the webinars were [&hellip;]<\/p>\n","protected":false},"author":26,"featured_media":0,"parent":8512,"menu_order":0,"comment_status":"closed","ping_status":"closed","template":"","meta":{"_acf_changed":false,"_et_pb_use_builder":"on","_et_pb_old_content":"","_et_gb_content_width":"","footnotes":""},"class_list":["post-8508","page","type-page","status-publish","hentry"],"acf":[],"yoast_head":"<!-- This site is optimized with the Yoast SEO plugin v27.0 - https:\/\/yoast.com\/product\/yoast-seo-wordpress\/ -->\n<title>The report on the activities of the International Service Committee 2023-2024 - Piiri 1420<\/title>\n<meta name=\"robots\" content=\"index, follow, max-snippet:-1, max-image-preview:large, max-video-preview:-1\" \/>\n<link rel=\"canonical\" href=\"https:\/\/rotary.fi\/d1420\/en\/rotary-district-1420\/district-committees-and-their-tasks\/report-on-activities-of-isc-2023-2024\/\" \/>\n<meta property=\"og:locale\" content=\"fi_FI\" \/>\n<meta property=\"og:type\" content=\"article\" \/>\n<meta property=\"og:title\" content=\"The report on the activities of the International Service Committee 2023-2024 - Piiri 1420\" \/>\n<meta property=\"og:description\" content=\"\u00a0 The District International Service Committe (2023-2024) &nbsp; The main achievements of the committee are as follows: The District International Committe together with the Baltic Sea Committe organised a series of two Climate webinars with approx 100 participants and 60 registered who wanted to have the recordings. The programs were planned and the webinars were [&hellip;]\" \/>\n<meta property=\"og:url\" content=\"https:\/\/rotary.fi\/d1420\/en\/rotary-district-1420\/district-committees-and-their-tasks\/report-on-activities-of-isc-2023-2024\/\" \/>\n<meta property=\"og:site_name\" content=\"Piiri 1420\" \/>\n<meta property=\"article:publisher\" content=\"https:\/\/www.facebook.com\/rotary\/\" \/>\n<meta property=\"article:modified_time\" content=\"2024-05-29T16:35:35+00:00\" \/>\n<meta name=\"twitter:card\" content=\"summary_large_image\" \/>\n<meta name=\"twitter:label1\" content=\"Arvioitu lukuaika\" \/>\n\t<meta name=\"twitter:data1\" content=\"2 minuuttia\" \/>\n<script type=\"application\/ld+json\" class=\"yoast-schema-graph\">{\"@context\":\"https:\/\/schema.org\",\"@graph\":[{\"@type\":\"WebPage\",\"@id\":\"https:\/\/rotary.fi\/d1420\/en\/rotary-district-1420\/district-committees-and-their-tasks\/report-on-activities-of-isc-2023-2024\/\",\"url\":\"https:\/\/rotary.fi\/d1420\/en\/rotary-district-1420\/district-committees-and-their-tasks\/report-on-activities-of-isc-2023-2024\/\",\"name\":\"The report on the activities of the International Service Committee 2023-2024 - Piiri 1420\",\"isPartOf\":{\"@id\":\"https:\/\/rotary.fi\/d1420\/#website\"},\"datePublished\":\"2024-05-29T16:35:30+00:00\",\"dateModified\":\"2024-05-29T16:35:35+00:00\",\"breadcrumb\":{\"@id\":\"https:\/\/rotary.fi\/d1420\/en\/rotary-district-1420\/district-committees-and-their-tasks\/report-on-activities-of-isc-2023-2024\/#breadcrumb\"},\"inLanguage\":\"fi\",\"potentialAction\":[{\"@type\":\"ReadAction\",\"target\":[\"https:\/\/rotary.fi\/d1420\/en\/rotary-district-1420\/district-committees-and-their-tasks\/report-on-activities-of-isc-2023-2024\/\"]}]},{\"@type\":\"BreadcrumbList\",\"@id\":\"https:\/\/rotary.fi\/d1420\/en\/rotary-district-1420\/district-committees-and-their-tasks\/report-on-activities-of-isc-2023-2024\/#breadcrumb\",\"itemListElement\":[{\"@type\":\"ListItem\",\"position\":1,\"name\":\"Home\",\"item\":\"https:\/\/rotary.fi\/d1420\/\"},{\"@type\":\"ListItem\",\"position\":2,\"name\":\"Rotary District 1420\",\"item\":\"https:\/\/rotary.fi\/d1420\/en\/rotary-district-1420\/\"},{\"@type\":\"ListItem\",\"position\":3,\"name\":\"District committees and their tasks\",\"item\":\"https:\/\/rotary.fi\/d1420\/en\/rotary-district-1420\/district-committees-and-their-tasks\/\"},{\"@type\":\"ListItem\",\"position\":4,\"name\":\"The report on the activities of the International Service Committee 2023-2024\"}]},{\"@type\":\"WebSite\",\"@id\":\"https:\/\/rotary.fi\/d1420\/#website\",\"url\":\"https:\/\/rotary.fi\/d1420\/\",\"name\":\"Piiri 1420\",\"description\":\"Suomen Rotary\",\"potentialAction\":[{\"@type\":\"SearchAction\",\"target\":{\"@type\":\"EntryPoint\",\"urlTemplate\":\"https:\/\/rotary.fi\/d1420\/?s={search_term_string}\"},\"query-input\":{\"@type\":\"PropertyValueSpecification\",\"valueRequired\":true,\"valueName\":\"search_term_string\"}}],\"inLanguage\":\"fi\"}]}<\/script>\n<!-- \/ Yoast SEO plugin. -->","yoast_head_json":{"title":"The report on the activities of the International Service Committee 2023-2024 - Piiri 1420","robots":{"index":"index","follow":"follow","max-snippet":"max-snippet:-1","max-image-preview":"max-image-preview:large","max-video-preview":"max-video-preview:-1"},"canonical":"https:\/\/rotary.fi\/d1420\/en\/rotary-district-1420\/district-committees-and-their-tasks\/report-on-activities-of-isc-2023-2024\/","og_locale":"fi_FI","og_type":"article","og_title":"The report on the activities of the International Service Committee 2023-2024 - Piiri 1420","og_description":"\u00a0 The District International Service Committe (2023-2024) &nbsp; The main achievements of the committee are as follows: The District International Committe together with the Baltic Sea Committe organised a series of two Climate webinars with approx 100 participants and 60 registered who wanted to have the recordings. The programs were planned and the webinars were [&hellip;]","og_url":"https:\/\/rotary.fi\/d1420\/en\/rotary-district-1420\/district-committees-and-their-tasks\/report-on-activities-of-isc-2023-2024\/","og_site_name":"Piiri 1420","article_publisher":"https:\/\/www.facebook.com\/rotary\/","article_modified_time":"2024-05-29T16:35:35+00:00","twitter_card":"summary_large_image","twitter_misc":{"Arvioitu lukuaika":"2 minuuttia"},"schema":{"@context":"https:\/\/schema.org","@graph":[{"@type":"WebPage","@id":"https:\/\/rotary.fi\/d1420\/en\/rotary-district-1420\/district-committees-and-their-tasks\/report-on-activities-of-isc-2023-2024\/","url":"https:\/\/rotary.fi\/d1420\/en\/rotary-district-1420\/district-committees-and-their-tasks\/report-on-activities-of-isc-2023-2024\/","name":"The report on the activities of the International Service Committee 2023-2024 - Piiri 1420","isPartOf":{"@id":"https:\/\/rotary.fi\/d1420\/#website"},"datePublished":"2024-05-29T16:35:30+00:00","dateModified":"2024-05-29T16:35:35+00:00","breadcrumb":{"@id":"https:\/\/rotary.fi\/d1420\/en\/rotary-district-1420\/district-committees-and-their-tasks\/report-on-activities-of-isc-2023-2024\/#breadcrumb"},"inLanguage":"fi","potentialAction":[{"@type":"ReadAction","target":["https:\/\/rotary.fi\/d1420\/en\/rotary-district-1420\/district-committees-and-their-tasks\/report-on-activities-of-isc-2023-2024\/"]}]},{"@type":"BreadcrumbList","@id":"https:\/\/rotary.fi\/d1420\/en\/rotary-district-1420\/district-committees-and-their-tasks\/report-on-activities-of-isc-2023-2024\/#breadcrumb","itemListElement":[{"@type":"ListItem","position":1,"name":"Home","item":"https:\/\/rotary.fi\/d1420\/"},{"@type":"ListItem","position":2,"name":"Rotary District 1420","item":"https:\/\/rotary.fi\/d1420\/en\/rotary-district-1420\/"},{"@type":"ListItem","position":3,"name":"District committees and their tasks","item":"https:\/\/rotary.fi\/d1420\/en\/rotary-district-1420\/district-committees-and-their-tasks\/"},{"@type":"ListItem","position":4,"name":"The report on the activities of the International Service Committee 2023-2024"}]},{"@type":"WebSite","@id":"https:\/\/rotary.fi\/d1420\/#website","url":"https:\/\/rotary.fi\/d1420\/","name":"Piiri 1420","description":"Suomen Rotary","potentialAction":[{"@type":"SearchAction","target":{"@type":"EntryPoint","urlTemplate":"https:\/\/rotary.fi\/d1420\/?s={search_term_string}"},"query-input":{"@type":"PropertyValueSpecification","valueRequired":true,"valueName":"search_term_string"}}],"inLanguage":"fi"}]}},"lang":"en","translations":{"en":8508},"pll_sync_post":[],"_links":{"self":[{"href":"https:\/\/rotary.fi\/d1420\/wp-json\/wp\/v2\/pages\/8508","targetHints":{"allow":["GET"]}}],"collection":[{"href":"https:\/\/rotary.fi\/d1420\/wp-json\/wp\/v2\/pages"}],"about":[{"href":"https:\/\/rotary.fi\/d1420\/wp-json\/wp\/v2\/types\/page"}],"author":[{"embeddable":true,"href":"https:\/\/rotary.fi\/d1420\/wp-json\/wp\/v2\/users\/26"}],"replies":[{"embeddable":true,"href":"https:\/\/rotary.fi\/d1420\/wp-json\/wp\/v2\/comments?post=8508"}],"version-history":[{"count":3,"href":"https:\/\/rotary.fi\/d1420\/wp-json\/wp\/v2\/pages\/8508\/revisions"}],"predecessor-version":[{"id":8511,"href":"https:\/\/rotary.fi\/d1420\/wp-json\/wp\/v2\/pages\/8508\/revisions\/8511"}],"up":[{"embeddable":true,"href":"https:\/\/rotary.fi\/d1420\/wp-json\/wp\/v2\/pages\/8512"}],"wp:attachment":[{"href":"https:\/\/rotary.fi\/d1420\/wp-json\/wp\/v2\/media?parent=8508"}],"curies":[{"name":"wp","href":"https:\/\/api.w.org\/{rel}","templated":true}]}}