{"id":8135,"date":"2024-02-23T11:37:14","date_gmt":"2024-02-23T09:37:14","guid":{"rendered":"https:\/\/rotary.fi\/d1420\/?page_id=8135"},"modified":"2025-02-26T12:06:44","modified_gmt":"2025-02-26T10:06:44","slug":"basran-sv","status":"publish","type":"page","link":"https:\/\/rotary.fi\/d1420\/sv\/det-har-gor-vi\/basran-sv\/","title":{"rendered":"BASRAN"},"content":{"rendered":"<p>[et_pb_section fb_built=&#8221;1&#8243; module_class=&#8221;jumbotron-page&#8221; _builder_version=&#8221;4.22.1&#8243; background_image=&#8221;https:\/\/rotary.fi\/d1420\/wp-content\/uploads\/sites\/183\/2021\/09\/itameri-pieni.jpg&#8221; background_position=&#8221;top_center&#8221; global_colors_info=&#8221;{}&#8221;][et_pb_row module_class=&#8221; et_pb_row_fullwidth et_pb_row_fullwidth&#8221; _builder_version=&#8221;4.16&#8243; width=&#8221;89%&#8221; width_tablet=&#8221;80%&#8221; width_phone=&#8221;&#8221; width_last_edited=&#8221;on|desktop&#8221; max_width=&#8221;89%&#8221; max_width_tablet=&#8221;80%&#8221; max_width_phone=&#8221;&#8221; max_width_last_edited=&#8221;on|desktop&#8221; make_fullwidth=&#8221;on&#8221; global_colors_info=&#8221;{}&#8221;][et_pb_column type=&#8221;4_4&#8243; _builder_version=&#8221;4.16&#8243; custom_padding=&#8221;|||&#8221; global_colors_info=&#8221;{}&#8221; custom_padding__hover=&#8221;|||&#8221;][et_pb_text admin_label=&#8221;BASRAN -otsikko&#8221; _builder_version=&#8221;4.22.1&#8243; text_orientation=&#8221;center&#8221; background_layout=&#8221;dark&#8221; global_colors_info=&#8221;{}&#8221;]<\/p>\n<h1>BASRAN &#8211; Baltic Sea Regional Action network<\/h1>\n<p>[\/et_pb_text][\/et_pb_column][\/et_pb_row][\/et_pb_section][et_pb_section fb_built=&#8221;1&#8243; module_class=&#8221;sisaltoalue_perus&#8221; _builder_version=&#8221;4.16&#8243; custom_margin=&#8221;||40px|&#8221; global_colors_info=&#8221;{}&#8221;][et_pb_row custom_padding_last_edited=&#8221;on|phone&#8221; _builder_version=&#8221;4.22.1&#8243; custom_padding_tablet=&#8221;&#8221; custom_padding_phone=&#8221;&#8221; global_colors_info=&#8221;{}&#8221;][et_pb_column type=&#8221;4_4&#8243; _builder_version=&#8221;4.22.1&#8243; custom_padding=&#8221;|||&#8221; global_colors_info=&#8221;{}&#8221; custom_padding__hover=&#8221;|||&#8221;][et_pb_text admin_label=&#8221;BASRAN yhdist\u00e4\u00e4 jne &#8211; otsikko&#8221; _builder_version=&#8221;4.22.1&#8243; z_index_tablet=&#8221;500&#8243; global_colors_info=&#8221;{}&#8221;]<\/p>\n<h2>BASRAN f\u00f6renar rotarianer internationellt<\/h2>\n<p>[\/et_pb_text][\/et_pb_column][\/et_pb_row][et_pb_row column_structure=&#8221;1_2,1_2&#8243; custom_padding_last_edited=&#8221;on|phone&#8221; _builder_version=&#8221;4.22.1&#8243; custom_padding_tablet=&#8221;&#8221; custom_padding_phone=&#8221;&#8221; global_colors_info=&#8221;{}&#8221;][et_pb_column type=&#8221;1_2&#8243; _builder_version=&#8221;4.16&#8243; custom_padding=&#8221;|||&#8221; global_colors_info=&#8221;{}&#8221; custom_padding__hover=&#8221;|||&#8221;][et_pb_text _builder_version=&#8221;4.22.1&#8243; z_index_tablet=&#8221;500&#8243; global_colors_info=&#8221;{}&#8221;]<\/p>\n<p>BASRAN &#8211; Baltic Sea Regional Action Network (of Rotarians) grundades av de finska distrikten 1420 och 1410 efter v\u00e4rldskonferensen i Hamburg h\u00f6sten 2019. P\u00e5 konferensen fanns Finlands monter f\u00f6r att r\u00e4dda \u00d6stersj\u00f6n, som lockade folk. Det blev tydligt att rotarianer i alla \u00d6stersj\u00f6l\u00e4nder \u00e4r oroade \u00f6ver \u00d6stersj\u00f6n och vill att den ska rensas upp.<\/p>\n<p>\u00d6stersj\u00f6n \u00e4r viktig f\u00f6r varje land. I \u00d6stersj\u00f6ns stora avrinningsomr\u00e5de finns cirka 10 l\u00e4nder, cirka 85 miljoner m\u00e4nniskor, cirka 2000 rotaryklubbar och 70 000 rotarianer. Detta inneb\u00e4r en enorm potential, och hundratals rotarianer runt \u00d6stersj\u00f6n har redan anslutit sig till BASRAN-n\u00e4tverket.<\/p>\n<p>BASRAN genomf\u00f6r inte projekt, men st\u00f6der rotarianer i att starta och delta i tj\u00e4nsteprojekt, \u00f6kar kunskapen om \u00d6stersj\u00f6n, dess p\u00e5verkande belastning och m\u00f6jligheterna till arbete f\u00f6r dess b\u00e4sta. \u00c5rligen h\u00e5lls BASRAN-webbinarier och m\u00f6ten, och dessutom har BASRAN-n\u00e4tverket organiserat sig i olika typer av Action-kommitt\u00e9er:<\/p>\n<ul>\n<li>The Network and Administration (secretary work, seminars \/ webinars etc.)<\/li>\n<li>BASRAN Public Image, Promotion, PR , Communications<\/li>\n<li>Awareness raising and environmental education<\/li>\n<li>Eutrophication follow up and reducing excessive runoff<\/li>\n<li>Beach cleaning and microplastics<\/li>\n<li>Harmful substances in the deep<\/li>\n<li>Water treatment plants and plans<\/li>\n<\/ul>\n<p>L\u00e4s mer: <a href=\"https:\/\/www.basran.eu\">www.basran.eu\u00a0<\/a><\/p>\n<p>[\/et_pb_text][\/et_pb_column][et_pb_column type=&#8221;1_2&#8243; _builder_version=&#8221;4.16&#8243; custom_padding=&#8221;|||&#8221; global_colors_info=&#8221;{}&#8221; custom_padding__hover=&#8221;|||&#8221;][et_pb_image src=&#8221;https:\/\/rotary.fi\/d1420\/wp-content\/uploads\/sites\/183\/2024\/02\/baltic-sea-regional-action-network.jpg&#8221; title_text=&#8221;Baltic sea regional action network&#8221; admin_label=&#8221;verkosto &#8211; Kuva&#8221; _builder_version=&#8221;4.22.1&#8243; _module_preset=&#8221;default&#8221; global_colors_info=&#8221;{}&#8221;][\/et_pb_image][et_pb_text _builder_version=&#8221;4.22.1&#8243; _module_preset=&#8221;default&#8221; global_colors_info=&#8221;{}&#8221;]<\/p>\n<p>BASRAN verkosto<\/p>\n<p>[\/et_pb_text][\/et_pb_column][\/et_pb_row][\/et_pb_section]<\/p>\n","protected":false},"excerpt":{"rendered":"<p>BASRAN &#8211; Baltic Sea Regional Action networkBASRAN f\u00f6renar rotarianer internationelltBASRAN &#8211; Baltic Sea Regional Action Network (of Rotarians) grundades av de finska distrikten 1420 och 1410 efter v\u00e4rldskonferensen i Hamburg h\u00f6sten 2019. P\u00e5 konferensen fanns Finlands monter f\u00f6r att r\u00e4dda \u00d6stersj\u00f6n, som lockade folk. Det blev tydligt att rotarianer i alla \u00d6stersj\u00f6l\u00e4nder \u00e4r oroade \u00f6ver [&hellip;]<\/p>\n","protected":false},"author":26,"featured_media":0,"parent":10615,"menu_order":5,"comment_status":"closed","ping_status":"closed","template":"","meta":{"_acf_changed":false,"_et_pb_use_builder":"on","_et_pb_old_content":"","_et_gb_content_width":"","footnotes":""},"class_list":["post-8135","page","type-page","status-publish","hentry"],"acf":[],"yoast_head":"<!-- This site is optimized with the Yoast SEO plugin v27.4 - https:\/\/yoast.com\/product\/yoast-seo-wordpress\/ -->\n<title>BASRAN - Piiri 1420<\/title>\n<meta name=\"robots\" content=\"index, follow, max-snippet:-1, max-image-preview:large, max-video-preview:-1\" \/>\n<link rel=\"canonical\" href=\"https:\/\/rotary.fi\/d1420\/sv\/det-har-gor-vi\/basran-sv\/\" \/>\n<meta property=\"og:locale\" content=\"fi_FI\" \/>\n<meta property=\"og:type\" content=\"article\" \/>\n<meta property=\"og:title\" content=\"BASRAN - Piiri 1420\" \/>\n<meta property=\"og:description\" content=\"BASRAN - Baltic Sea Regional Action networkBASRAN f\u00f6renar rotarianer internationelltBASRAN - Baltic Sea Regional Action Network (of Rotarians) grundades av de finska distrikten 1420 och 1410 efter v\u00e4rldskonferensen i Hamburg h\u00f6sten 2019. P\u00e5 konferensen fanns Finlands monter f\u00f6r att r\u00e4dda \u00d6stersj\u00f6n, som lockade folk. Det blev tydligt att rotarianer i alla \u00d6stersj\u00f6l\u00e4nder \u00e4r oroade \u00f6ver [&hellip;]\" \/>\n<meta property=\"og:url\" content=\"https:\/\/rotary.fi\/d1420\/sv\/det-har-gor-vi\/basran-sv\/\" \/>\n<meta property=\"og:site_name\" content=\"Piiri 1420\" \/>\n<meta property=\"article:publisher\" content=\"https:\/\/www.facebook.com\/rotary\/\" \/>\n<meta property=\"article:modified_time\" content=\"2025-02-26T10:06:44+00:00\" \/>\n<meta name=\"twitter:card\" content=\"summary_large_image\" \/>\n<meta name=\"twitter:label1\" content=\"Arvioitu lukuaika\" \/>\n\t<meta name=\"twitter:data1\" content=\"2 minuuttia\" \/>\n<script type=\"application\/ld+json\" class=\"yoast-schema-graph\">{\"@context\":\"https:\\\/\\\/schema.org\",\"@graph\":[{\"@type\":\"WebPage\",\"@id\":\"https:\\\/\\\/rotary.fi\\\/d1420\\\/sv\\\/det-har-gor-vi\\\/basran-sv\\\/\",\"url\":\"https:\\\/\\\/rotary.fi\\\/d1420\\\/sv\\\/det-har-gor-vi\\\/basran-sv\\\/\",\"name\":\"BASRAN - Piiri 1420\",\"isPartOf\":{\"@id\":\"https:\\\/\\\/rotary.fi\\\/d1420\\\/#website\"},\"datePublished\":\"2024-02-23T09:37:14+00:00\",\"dateModified\":\"2025-02-26T10:06:44+00:00\",\"breadcrumb\":{\"@id\":\"https:\\\/\\\/rotary.fi\\\/d1420\\\/sv\\\/det-har-gor-vi\\\/basran-sv\\\/#breadcrumb\"},\"inLanguage\":\"fi\",\"potentialAction\":[{\"@type\":\"ReadAction\",\"target\":[\"https:\\\/\\\/rotary.fi\\\/d1420\\\/sv\\\/det-har-gor-vi\\\/basran-sv\\\/\"]}]},{\"@type\":\"BreadcrumbList\",\"@id\":\"https:\\\/\\\/rotary.fi\\\/d1420\\\/sv\\\/det-har-gor-vi\\\/basran-sv\\\/#breadcrumb\",\"itemListElement\":[{\"@type\":\"ListItem\",\"position\":1,\"name\":\"Home\",\"item\":\"https:\\\/\\\/rotary.fi\\\/d1420\\\/\"},{\"@type\":\"ListItem\",\"position\":2,\"name\":\"Det h\u00e4r g\u00f6r vi\",\"item\":\"https:\\\/\\\/rotary.fi\\\/d1420\\\/sv\\\/det-har-gor-vi\\\/\"},{\"@type\":\"ListItem\",\"position\":3,\"name\":\"BASRAN\"}]},{\"@type\":\"WebSite\",\"@id\":\"https:\\\/\\\/rotary.fi\\\/d1420\\\/#website\",\"url\":\"https:\\\/\\\/rotary.fi\\\/d1420\\\/\",\"name\":\"Piiri 1420\",\"description\":\"Suomen Rotary\",\"potentialAction\":[{\"@type\":\"SearchAction\",\"target\":{\"@type\":\"EntryPoint\",\"urlTemplate\":\"https:\\\/\\\/rotary.fi\\\/d1420\\\/?s={search_term_string}\"},\"query-input\":{\"@type\":\"PropertyValueSpecification\",\"valueRequired\":true,\"valueName\":\"search_term_string\"}}],\"inLanguage\":\"fi\"}]}<\/script>\n<!-- \/ Yoast SEO plugin. -->","yoast_head_json":{"title":"BASRAN - Piiri 1420","robots":{"index":"index","follow":"follow","max-snippet":"max-snippet:-1","max-image-preview":"max-image-preview:large","max-video-preview":"max-video-preview:-1"},"canonical":"https:\/\/rotary.fi\/d1420\/sv\/det-har-gor-vi\/basran-sv\/","og_locale":"fi_FI","og_type":"article","og_title":"BASRAN - Piiri 1420","og_description":"BASRAN - Baltic Sea Regional Action networkBASRAN f\u00f6renar rotarianer internationelltBASRAN - Baltic Sea Regional Action Network (of Rotarians) grundades av de finska distrikten 1420 och 1410 efter v\u00e4rldskonferensen i Hamburg h\u00f6sten 2019. P\u00e5 konferensen fanns Finlands monter f\u00f6r att r\u00e4dda \u00d6stersj\u00f6n, som lockade folk. Det blev tydligt att rotarianer i alla \u00d6stersj\u00f6l\u00e4nder \u00e4r oroade \u00f6ver [&hellip;]","og_url":"https:\/\/rotary.fi\/d1420\/sv\/det-har-gor-vi\/basran-sv\/","og_site_name":"Piiri 1420","article_publisher":"https:\/\/www.facebook.com\/rotary\/","article_modified_time":"2025-02-26T10:06:44+00:00","twitter_card":"summary_large_image","twitter_misc":{"Arvioitu lukuaika":"2 minuuttia"},"schema":{"@context":"https:\/\/schema.org","@graph":[{"@type":"WebPage","@id":"https:\/\/rotary.fi\/d1420\/sv\/det-har-gor-vi\/basran-sv\/","url":"https:\/\/rotary.fi\/d1420\/sv\/det-har-gor-vi\/basran-sv\/","name":"BASRAN - Piiri 1420","isPartOf":{"@id":"https:\/\/rotary.fi\/d1420\/#website"},"datePublished":"2024-02-23T09:37:14+00:00","dateModified":"2025-02-26T10:06:44+00:00","breadcrumb":{"@id":"https:\/\/rotary.fi\/d1420\/sv\/det-har-gor-vi\/basran-sv\/#breadcrumb"},"inLanguage":"fi","potentialAction":[{"@type":"ReadAction","target":["https:\/\/rotary.fi\/d1420\/sv\/det-har-gor-vi\/basran-sv\/"]}]},{"@type":"BreadcrumbList","@id":"https:\/\/rotary.fi\/d1420\/sv\/det-har-gor-vi\/basran-sv\/#breadcrumb","itemListElement":[{"@type":"ListItem","position":1,"name":"Home","item":"https:\/\/rotary.fi\/d1420\/"},{"@type":"ListItem","position":2,"name":"Det h\u00e4r g\u00f6r vi","item":"https:\/\/rotary.fi\/d1420\/sv\/det-har-gor-vi\/"},{"@type":"ListItem","position":3,"name":"BASRAN"}]},{"@type":"WebSite","@id":"https:\/\/rotary.fi\/d1420\/#website","url":"https:\/\/rotary.fi\/d1420\/","name":"Piiri 1420","description":"Suomen Rotary","potentialAction":[{"@type":"SearchAction","target":{"@type":"EntryPoint","urlTemplate":"https:\/\/rotary.fi\/d1420\/?s={search_term_string}"},"query-input":{"@type":"PropertyValueSpecification","valueRequired":true,"valueName":"search_term_string"}}],"inLanguage":"fi"}]}},"lang":"sv","translations":{"sv":8135},"pll_sync_post":[],"_links":{"self":[{"href":"https:\/\/rotary.fi\/d1420\/wp-json\/wp\/v2\/pages\/8135","targetHints":{"allow":["GET"]}}],"collection":[{"href":"https:\/\/rotary.fi\/d1420\/wp-json\/wp\/v2\/pages"}],"about":[{"href":"https:\/\/rotary.fi\/d1420\/wp-json\/wp\/v2\/types\/page"}],"author":[{"embeddable":true,"href":"https:\/\/rotary.fi\/d1420\/wp-json\/wp\/v2\/users\/26"}],"replies":[{"embeddable":true,"href":"https:\/\/rotary.fi\/d1420\/wp-json\/wp\/v2\/comments?post=8135"}],"version-history":[{"count":4,"href":"https:\/\/rotary.fi\/d1420\/wp-json\/wp\/v2\/pages\/8135\/revisions"}],"predecessor-version":[{"id":10643,"href":"https:\/\/rotary.fi\/d1420\/wp-json\/wp\/v2\/pages\/8135\/revisions\/10643"}],"up":[{"embeddable":true,"href":"https:\/\/rotary.fi\/d1420\/wp-json\/wp\/v2\/pages\/10615"}],"wp:attachment":[{"href":"https:\/\/rotary.fi\/d1420\/wp-json\/wp\/v2\/media?parent=8135"}],"curies":[{"name":"wp","href":"https:\/\/api.w.org\/{rel}","templated":true}]}}