{"id":8131,"date":"2024-02-23T11:35:58","date_gmt":"2024-02-23T09:35:58","guid":{"rendered":"https:\/\/rotary.fi\/d1420\/?page_id=8131"},"modified":"2025-02-26T12:07:59","modified_gmt":"2025-02-26T10:07:59","slug":"vatten-skyddsprojekt","status":"publish","type":"page","link":"https:\/\/rotary.fi\/d1420\/sv\/det-har-gor-vi\/vatten-skyddsprojekt\/","title":{"rendered":"Vatten skyddsprojekt f\u00f6r klubbar"},"content":{"rendered":"<p>[et_pb_section fb_built=&#8221;1&#8243; module_class=&#8221;jumbotron-page&#8221; _builder_version=&#8221;4.16&#8243; background_image=&#8221;https:\/\/rotary.fi\/d1420\/wp-content\/uploads\/sites\/183\/2021\/09\/rotary-itameri.jpg&#8221; global_colors_info=&#8221;{}&#8221;][et_pb_row module_class=&#8221; et_pb_row_fullwidth et_pb_row_fullwidth&#8221; _builder_version=&#8221;4.16&#8243; width=&#8221;89%&#8221; width_tablet=&#8221;80%&#8221; width_phone=&#8221;&#8221; width_last_edited=&#8221;on|desktop&#8221; max_width=&#8221;89%&#8221; max_width_tablet=&#8221;80%&#8221; max_width_phone=&#8221;&#8221; max_width_last_edited=&#8221;on|desktop&#8221; make_fullwidth=&#8221;on&#8221; global_colors_info=&#8221;{}&#8221;][et_pb_column type=&#8221;4_4&#8243; _builder_version=&#8221;4.16&#8243; custom_padding=&#8221;|||&#8221; global_colors_info=&#8221;{}&#8221; custom_padding__hover=&#8221;|||&#8221;][et_pb_text admin_label=&#8221;Klubien hankkeita -otsikko&#8221; _builder_version=&#8221;4.22.1&#8243; text_orientation=&#8221;center&#8221; background_layout=&#8221;dark&#8221; global_colors_info=&#8221;{}&#8221;]<\/p>\n<h1>Vatten skyddsprojekt f\u00f6r klubbar<\/h1>\n<p>[\/et_pb_text][\/et_pb_column][\/et_pb_row][\/et_pb_section][et_pb_section fb_built=&#8221;1&#8243; module_class=&#8221;sisaltoalue_perus&#8221; _builder_version=&#8221;4.16&#8243; custom_margin=&#8221;||40px|&#8221; global_colors_info=&#8221;{}&#8221;][et_pb_row custom_padding_last_edited=&#8221;on|phone&#8221; _builder_version=&#8221;4.16&#8243; custom_padding_tablet=&#8221;&#8221; custom_padding_phone=&#8221;&#8221; global_colors_info=&#8221;{}&#8221;][et_pb_column type=&#8221;4_4&#8243; _builder_version=&#8221;4.16&#8243; custom_padding=&#8221;|||&#8221; global_colors_info=&#8221;{}&#8221; custom_padding__hover=&#8221;|||&#8221;][et_pb_text admin_label=&#8221;Johdantoteksti&#8221; _builder_version=&#8221;4.22.1&#8243; min_height=&#8221;100px&#8221; z_index_tablet=&#8221;500&#8243; global_colors_info=&#8221;{}&#8221;]<\/p>\n<h2>Flera distriktets klubbar \u00e4r engagerade i vattenskyddsarbete<\/h2>\n<p>Klubbarna kan genomf\u00f6ra alla former av vatten- och milj\u00f6skyddsarbete som passar andra sm\u00e5 f\u00f6reningar &#8211; fr\u00e5n insamling av medel till att \u00f6ka medvetenheten, konkreta ink\u00f6p, samarbete med andra akt\u00f6rer och frivilligarbete.<\/p>\n<p>[\/et_pb_text][\/et_pb_column][\/et_pb_row][et_pb_row column_structure=&#8221;1_2,1_2&#8243; _builder_version=&#8221;4.22.1&#8243; _module_preset=&#8221;default&#8221; global_colors_info=&#8221;{}&#8221;][et_pb_column type=&#8221;1_2&#8243; _builder_version=&#8221;4.22.1&#8243; _module_preset=&#8221;default&#8221; global_colors_info=&#8221;{}&#8221;][et_pb_text admin_label=&#8221;Silakkasoutu &#8211; otsikko&#8221; _builder_version=&#8221;4.22.1&#8243; _module_preset=&#8221;default&#8221; global_colors_info=&#8221;{}&#8221;]<\/p>\n<h3>Str\u00f6mmingsrodden<\/h3>\n<p>[\/et_pb_text][et_pb_text admin_label=&#8221;Silakkasoutu &#8211; Teksti&#8221; _builder_version=&#8221;4.22.1&#8243; _module_preset=&#8221;default&#8221; global_colors_info=&#8221;{}&#8221;]<\/p>\n<p>En insamlingsevenemang och avslappningsevenemang som har arrangerats av sju klubbar sedan 2013 p\u00e5 \u00f6ppningsdagen f\u00f6r Helsingfors str\u00f6mmingsmarknad, d\u00e4r rotarianer och samarbetspartners roddar i kyrkb\u00e5tar f\u00f6r att samla in pengar till ett vatten- och milj\u00f6skyddsprojekt. Totalt har \u00f6ver 80 000 euro samlats in till vattenskyddsarbete under \u00e5ren. Utmana din klubb att delta med egen b\u00e5t!<\/p>\n<p>L\u00e4s mer: <a href=\"http:\/\/www.silakkasoutu.fi\">silakkasoutu.fi<\/a><\/p>\n<p>[\/et_pb_text][\/et_pb_column][et_pb_column type=&#8221;1_2&#8243; _builder_version=&#8221;4.22.1&#8243; _module_preset=&#8221;default&#8221; global_colors_info=&#8221;{}&#8221;][et_pb_image src=&#8221;https:\/\/rotary.fi\/d1420\/wp-content\/uploads\/sites\/183\/2024\/01\/silakkasoutu-kaksivenetta-kauranne.jpeg&#8221; title_text=&#8221;silakkasoutu_kaksivenetta_kauranne&#8221; _builder_version=&#8221;4.22.1&#8243; _module_preset=&#8221;default&#8221; global_colors_info=&#8221;{}&#8221;][\/et_pb_image][\/et_pb_column][\/et_pb_row][et_pb_row column_structure=&#8221;1_2,1_2&#8243; _builder_version=&#8221;4.22.1&#8243; _module_preset=&#8221;default&#8221; global_colors_info=&#8221;{}&#8221;][et_pb_column type=&#8221;1_2&#8243; _builder_version=&#8221;4.22.1&#8243; _module_preset=&#8221;default&#8221; global_colors_info=&#8221;{}&#8221;][et_pb_text admin_label=&#8221;Sinilev\u00e4seuranta &#8211; otsikko&#8221; _builder_version=&#8221;4.22.1&#8243; _module_preset=&#8221;default&#8221; global_colors_info=&#8221;{}&#8221;]<\/p>\n<h3>Nationell bl\u00e5gr\u00f6navattsmonitering<\/h3>\n<p>[\/et_pb_text][et_pb_text admin_label=&#8221;Sinilev\u00e4seuranta &#8211; Teksti&#8221; _builder_version=&#8221;4.22.1&#8243; _module_preset=&#8221;default&#8221; global_colors_info=&#8221;{}&#8221;]<\/p>\n<p>Rotarianer \u00e4r brett engagerade i den nationella bl\u00e5gr\u00f6na vattenmoniteringen. \u00c5r 2021 fanns totalt 178 observationsplatser, varav 129 vid havet och 49 vid insj\u00f6ar, som drivs av enskilda rotarianer eller klubbar. Rotarianerna som g\u00f6r observationerna utbildas och observationsverksamheten p\u00e5g\u00e5r fortfarande.<\/p>\n<p>Observationsperioden b\u00f6rjar i b\u00f6rjan av juni och avslutas i slutet av september.<\/p>\n<p>Utforska <a href=\"https:\/\/www.jarviwiki.fi\/wiki\/Sinilev%C3%A4tilanne\">J\u00e4rvi-Meriwiki levmoniteringssidor<\/a> och<br \/><a href=\"https:\/\/www.jarviwiki.fi\/wiki\/Rotarien_sinilev%C3%A4seuranta\">rotarianernas egna levmonitering<\/a><\/p>\n<p>[\/et_pb_text][\/et_pb_column][et_pb_column type=&#8221;1_2&#8243; _builder_version=&#8221;4.22.1&#8243; _module_preset=&#8221;default&#8221; global_colors_info=&#8221;{}&#8221;][et_pb_image src=&#8221;https:\/\/rotary.fi\/d1420\/wp-content\/uploads\/sites\/183\/2020\/06\/rotarit-ja-syke-yhteistyohon-sinilevaseurannassa.jpg&#8221; title_text=&#8221;Rotarit ja SYKE yhteisty\u00f6h\u00f6n sinilev\u00e4seurannassa&#8221; _builder_version=&#8221;4.22.1&#8243; _module_preset=&#8221;default&#8221; global_colors_info=&#8221;{}&#8221;][\/et_pb_image][\/et_pb_column][\/et_pb_row][et_pb_row column_structure=&#8221;1_2,1_2&#8243; _builder_version=&#8221;4.22.1&#8243; _module_preset=&#8221;default&#8221; global_colors_info=&#8221;{}&#8221;][et_pb_column type=&#8221;1_2&#8243; _builder_version=&#8221;4.22.1&#8243; _module_preset=&#8221;default&#8221; global_colors_info=&#8221;{}&#8221;][et_pb_text admin_label=&#8221;Vesireppu &#8211; otsikko&#8221; _builder_version=&#8221;4.22.1&#8243; _module_preset=&#8221;default&#8221; global_colors_info=&#8221;{}&#8221;]<\/p>\n<h3>Vattenryggs\u00e4ck<\/h3>\n<p>[\/et_pb_text][et_pb_text admin_label=&#8221;Vesireppu &#8211; Teksti&#8221; _builder_version=&#8221;4.22.1&#8243; _module_preset=&#8221;default&#8221; global_colors_info=&#8221;{}&#8221;]<\/p>\n<p>Ursprungligen utvecklad av Finlands milj\u00f6central, \u00e4r vattenryggs\u00e4cken en milj\u00f6pedagogik d\u00e4r rotaryklubbar samarbetar med skolorna genom att skaffa ryggs\u00e4ckar som inneh\u00e5ller utrustning f\u00f6r att unders\u00f6ka n\u00e4rliggande vatten f\u00f6r skolelever och extra tillbeh\u00f6r. Klubbarna kan s\u00f6ka bidrag fr\u00e5n Finland och Estlands Rotaryservice (SVRP) f\u00f6r ryggs\u00e4ckskostnader.<\/p>\n<p>L\u00e4s mer: <a href=\"http:\/\/www.vesireppu.com\">vesireppu.com<\/a><\/p>\n<p>[\/et_pb_text][\/et_pb_column][et_pb_column type=&#8221;1_2&#8243; _builder_version=&#8221;4.22.1&#8243; _module_preset=&#8221;default&#8221; global_colors_info=&#8221;{}&#8221;][et_pb_image src=&#8221;https:\/\/rotary.fi\/d1420\/wp-content\/uploads\/sites\/183\/2024\/02\/vesireppu.png&#8221; title_text=&#8221;vesireppu&#8221; _builder_version=&#8221;4.22.1&#8243; _module_preset=&#8221;default&#8221; width=&#8221;50%&#8221; max_width=&#8221;47%&#8221; global_colors_info=&#8221;{}&#8221;][\/et_pb_image][\/et_pb_column][\/et_pb_row][et_pb_row column_structure=&#8221;1_2,1_2&#8243; _builder_version=&#8221;4.22.1&#8243; _module_preset=&#8221;default&#8221; global_colors_info=&#8221;{}&#8221;][et_pb_column type=&#8221;1_2&#8243; _builder_version=&#8221;4.22.1&#8243; _module_preset=&#8221;default&#8221; global_colors_info=&#8221;{}&#8221;][et_pb_text admin_label=&#8221;It\u00e4meri kiitt\u00e4\u00e4 &#8211; otsikko&#8221; _builder_version=&#8221;4.22.1&#8243; _module_preset=&#8221;default&#8221; global_colors_info=&#8221;{}&#8221;]<\/p>\n<h3>\u00d6stersj\u00f6n tackar<\/h3>\n<p>[\/et_pb_text][et_pb_text admin_label=&#8221;It\u00e4meri kiitt\u00e4\u00e4 &#8211; Teksti&#8221; _builder_version=&#8221;4.22.1&#8243; _module_preset=&#8221;default&#8221; global_colors_info=&#8221;{}&#8221;]<\/p>\n<p>Rotaryklubbarna i Borg\u00e5, Sibbo och Lovisa aktiverade barn och ungdomar f\u00f6r vattenskydds\u00e5tg\u00e4rder i sina omr\u00e5den under \u00e5ren 2016-2018 i samarbete med kommuner, f\u00f6reningar och f\u00f6retag genom att arrangera cirka 70 evenemang. Detta innebar till exempel strandst\u00e4dning, extra undervisningspaket f\u00f6r skolor, distribution av vattenobservationsryggs\u00e4ckar till alla l\u00e5gstadier, sponsring av filmen Resan till havet f\u00f6r gymnasieelever och arrangemang av seminarier samt st\u00f6d till lokala f\u00f6reningar med bidrag f\u00f6r deras vatten- och milj\u00f6skyddsarbete.<\/p>\n<p>L\u00e4s mer: <a href=\"https:\/\/rotary.fi\/porvoolantinen\/itameri-kiittaa\/\">https:\/\/rotary.fi\/porvoolantinen\/itameri-kiittaa\/<\/a><\/p>\n<p>[\/et_pb_text][\/et_pb_column][et_pb_column type=&#8221;1_2&#8243; _builder_version=&#8221;4.22.1&#8243; _module_preset=&#8221;default&#8221; global_colors_info=&#8221;{}&#8221;][et_pb_image src=&#8221;https:\/\/rotary.fi\/d1420\/wp-content\/uploads\/sites\/183\/2024\/01\/vesireppu1.jpg&#8221; title_text=&#8221;Vesireppu1&#8243; _builder_version=&#8221;4.22.1&#8243; _module_preset=&#8221;default&#8221; global_colors_info=&#8221;{}&#8221;][\/et_pb_image][\/et_pb_column][\/et_pb_row][et_pb_row _builder_version=&#8221;4.22.1&#8243; _module_preset=&#8221;default&#8221; global_colors_info=&#8221;{}&#8221;][et_pb_column type=&#8221;4_4&#8243; _builder_version=&#8221;4.22.1&#8243; _module_preset=&#8221;default&#8221; global_colors_info=&#8221;{}&#8221;][et_pb_text admin_label=&#8221;Roskaseuranta &#8211; otsikko&#8221; _builder_version=&#8221;4.22.1&#8243; _module_preset=&#8221;default&#8221; global_colors_info=&#8221;{}&#8221;]<\/p>\n<h3>Skr\u00e4pmonitering vid Patterilahti i Finska viken<\/h3>\n<p>[\/et_pb_text][et_pb_text admin_label=&#8221;Roskaseuranta &#8211; Teksti&#8221; _builder_version=&#8221;4.22.1&#8243; _module_preset=&#8221;default&#8221; global_colors_info=&#8221;{}&#8221;]<\/p>\n<p>Skr\u00e4p \u00e4r ett av de globala problem som hotar marina milj\u00f6er. Distriktets klubbar Helsingfors City West, Helsingfors \u00d6stersj\u00f6n och Herttoniemi har fr\u00e5n h\u00f6sten 2022 deltagit i Finlands milj\u00f6central SYKE och R\u00e4dda Sk\u00e4rg\u00e5rden rf:s nationella \u00f6vervaknings- och forskningsarbete f\u00f6r att unders\u00f6ka skr\u00e4pm\u00e4ngden, skr\u00e4pens typer och k\u00e4llor till skr\u00e4pning.<\/p>\n<p>Rotarianer har \u00e5tagit sig att r\u00e4kna och klassificera allt skr\u00e4p vid Susisaari Patterilahti-omr\u00e5det, ett Unescos v\u00e4rldsarvsobjekt. Klubbarna \u00e5tar sig att \u00f6vervaka Patterilahti under tre \u00e5r tre g\u00e5nger om \u00e5ret, p\u00e5 v\u00e5ren, sommaren och h\u00f6sten. Alla skr\u00e4p som \u00e4r 2,5 cm stora eller st\u00f6rre r\u00e4knas och klassificeras. Cirka 20 rotarymedlemmar \u00e4r involverade och turas om.<\/p>\n<p>[\/et_pb_text][\/et_pb_column][\/et_pb_row][et_pb_row column_structure=&#8221;1_2,1_2&#8243; _builder_version=&#8221;4.22.1&#8243; _module_preset=&#8221;default&#8221; global_colors_info=&#8221;{}&#8221;][et_pb_column type=&#8221;1_2&#8243; _builder_version=&#8221;4.22.1&#8243; _module_preset=&#8221;default&#8221; global_colors_info=&#8221;{}&#8221;][et_pb_text admin_label=&#8221;Gumb\u00f6len kalatie &#8211; otsikko&#8221; _builder_version=&#8221;4.22.1&#8243; _module_preset=&#8221;default&#8221; global_colors_info=&#8221;{}&#8221;]<\/p>\n<h3>Gumb\u00f6le Fisktrappa<\/h3>\n<p>[\/et_pb_text][et_pb_text admin_label=&#8221;Gumb\u00f6len kalatie &#8211; Teksti&#8221; _builder_version=&#8221;4.22.1&#8243; _module_preset=&#8221;default&#8221; global_colors_info=&#8221;{}&#8221;]<\/p>\n<p>Esbo Rotaryklubben deltog i Esbo Gumb\u00f6le\u00e4lvens fisktrappsprojekt fr\u00e5n 2013 till 2020. Samarbetet med Esbo stad och Nylands n\u00e4rings-, trafik- och milj\u00f6central (ELY-centralen)\u00a0 b\u00f6rjade 2013 n\u00e4r planeringen av fisktrappan p\u00e5b\u00f6rjades. I \u00e4lven finns en cirka fyra meter h\u00f6g kvarndamm fr\u00e5n 1700-talet, skyddad av museiverket, som f\u00f6rhindrar att vandrande fiskar n\u00e5r de \u00f6vre delarna av \u00e4lven.<\/p>\n<p>Klubbens representanter spelade en viktig roll, eftersom fisktrappan kunde byggas p\u00e5 den \u00f6stra sidan av \u00e4lven som en betydligt billigare l\u00f6sning p\u00e5 hundratusentals euro tack vare deras initiativ fr\u00e5n 2015. Den slutliga kostnaden var cirka 250 000 euro. Ett s\u00e5dant stort byggprojekt kr\u00e4ver omfattande planering och olika tillst\u00e5nd fr\u00e5n myndigheter som bygg-, operation-, landskapsarbete-, vattenbyggnads- och Museiverkets tillst\u00e5nd, vilka \u00e4ntligen erh\u00f6lls i b\u00f6rjan av 2020 och byggandet kunde p\u00e5b\u00f6rjas sommaren 2020.<\/p>\n<p>Fisktrappans invigning h\u00f6lls den 21 oktober 2020 och klubben \u00e5tog sig att forts\u00e4tta fungera som fadder f\u00f6r Gumb\u00f6le\u00e4lvens fisktrappan, vilket inneb\u00e4r att g\u00f6ra bes\u00f6k med gummist\u00f6vlar, handskar och sops\u00e4ckar ett par g\u00e5nger om \u00e5ret f\u00f6r att samla in skr\u00e4p som blockerar fl\u00f6det och ta bort skadliga v\u00e4xter fr\u00e5n omr\u00e5det.<\/p>\n<p>[\/et_pb_text][\/et_pb_column][et_pb_column type=&#8221;1_2&#8243; _builder_version=&#8221;4.22.1&#8243; _module_preset=&#8221;default&#8221; global_colors_info=&#8221;{}&#8221;][et_pb_image src=&#8221;https:\/\/rotary.fi\/d1420\/wp-content\/uploads\/sites\/183\/2024\/02\/kalatie.png&#8221; title_text=&#8221;kalatie&#8221; _builder_version=&#8221;4.22.1&#8243; _module_preset=&#8221;default&#8221; global_colors_info=&#8221;{}&#8221;][\/et_pb_image][\/et_pb_column][\/et_pb_row][et_pb_row _builder_version=&#8221;4.22.1&#8243; _module_preset=&#8221;default&#8221; global_colors_info=&#8221;{}&#8221;][et_pb_column type=&#8221;4_4&#8243; _builder_version=&#8221;4.22.1&#8243; _module_preset=&#8221;default&#8221; global_colors_info=&#8221;{}&#8221;][et_pb_text admin_label=&#8221;Muut projektit &#8211; otsikko&#8221; _builder_version=&#8221;4.22.1&#8243; _module_preset=&#8221;default&#8221; global_colors_info=&#8221;{}&#8221;]<\/p>\n<h3>Andra projekt<\/h3>\n<p>[\/et_pb_text][et_pb_text admin_label=&#8221;Muut projektit &#8211; Teksti&#8221; _builder_version=&#8221;4.22.1&#8243; _module_preset=&#8221;default&#8221; global_colors_info=&#8221;{}&#8221;]<\/p>\n<p>Dessutom har rotaryklubbar varit involverade i bland annat fosforf\u00e4llsf\u00f6rs\u00f6k f\u00f6r att minska n\u00e4ringsbelastningen p\u00e5 \u00e5krarna, skaffat t\u00f6mningsanordningar f\u00f6r septiktankar till b\u00e5tfolk, arrangerat \u00d6stersj\u00f6konserter och varit med i \u00e5terst\u00e4llningen av Vanda \u00e5s \u00f6vre vatten.<\/p>\n<p>[\/et_pb_text][\/et_pb_column][\/et_pb_row][\/et_pb_section]<\/p>\n","protected":false},"excerpt":{"rendered":"<p>Vatten skyddsprojekt f\u00f6r klubbarFlera distriktets klubbar \u00e4r engagerade i vattenskyddsarbete Klubbarna kan genomf\u00f6ra alla former av vatten- och milj\u00f6skyddsarbete som passar andra sm\u00e5 f\u00f6reningar &#8211; fr\u00e5n insamling av medel till att \u00f6ka medvetenheten, konkreta ink\u00f6p, samarbete med andra akt\u00f6rer och frivilligarbete.Str\u00f6mmingsroddenEn insamlingsevenemang och avslappningsevenemang som har arrangerats av sju klubbar sedan 2013 p\u00e5 \u00f6ppningsdagen f\u00f6r [&hellip;]<\/p>\n","protected":false},"author":26,"featured_media":0,"parent":10615,"menu_order":5,"comment_status":"closed","ping_status":"closed","template":"","meta":{"_acf_changed":false,"_et_pb_use_builder":"on","_et_pb_old_content":"","_et_gb_content_width":"","footnotes":""},"class_list":["post-8131","page","type-page","status-publish","hentry"],"acf":[],"yoast_head":"<!-- This site is optimized with the Yoast SEO plugin v27.4 - https:\/\/yoast.com\/product\/yoast-seo-wordpress\/ -->\n<title>Vatten skyddsprojekt f\u00f6r klubbar - Piiri 1420<\/title>\n<meta name=\"robots\" content=\"index, follow, max-snippet:-1, max-image-preview:large, max-video-preview:-1\" \/>\n<link rel=\"canonical\" href=\"https:\/\/rotary.fi\/d1420\/sv\/det-har-gor-vi\/vatten-skyddsprojekt\/\" \/>\n<meta property=\"og:locale\" content=\"fi_FI\" \/>\n<meta property=\"og:type\" content=\"article\" \/>\n<meta property=\"og:title\" content=\"Vatten skyddsprojekt f\u00f6r klubbar - Piiri 1420\" \/>\n<meta property=\"og:description\" content=\"Vatten skyddsprojekt f\u00f6r klubbarFlera distriktets klubbar \u00e4r engagerade i vattenskyddsarbete Klubbarna kan genomf\u00f6ra alla former av vatten- och milj\u00f6skyddsarbete som passar andra sm\u00e5 f\u00f6reningar - fr\u00e5n insamling av medel till att \u00f6ka medvetenheten, konkreta ink\u00f6p, samarbete med andra akt\u00f6rer och frivilligarbete.Str\u00f6mmingsroddenEn insamlingsevenemang och avslappningsevenemang som har arrangerats av sju klubbar sedan 2013 p\u00e5 \u00f6ppningsdagen f\u00f6r [&hellip;]\" \/>\n<meta property=\"og:url\" content=\"https:\/\/rotary.fi\/d1420\/sv\/det-har-gor-vi\/vatten-skyddsprojekt\/\" \/>\n<meta property=\"og:site_name\" content=\"Piiri 1420\" \/>\n<meta property=\"article:publisher\" content=\"https:\/\/www.facebook.com\/rotary\/\" \/>\n<meta property=\"article:modified_time\" content=\"2025-02-26T10:07:59+00:00\" \/>\n<meta name=\"twitter:card\" content=\"summary_large_image\" \/>\n<meta name=\"twitter:label1\" content=\"Arvioitu lukuaika\" \/>\n\t<meta name=\"twitter:data1\" content=\"5 minuuttia\" \/>\n<script type=\"application\/ld+json\" class=\"yoast-schema-graph\">{\"@context\":\"https:\\\/\\\/schema.org\",\"@graph\":[{\"@type\":\"WebPage\",\"@id\":\"https:\\\/\\\/rotary.fi\\\/d1420\\\/sv\\\/det-har-gor-vi\\\/vatten-skyddsprojekt\\\/\",\"url\":\"https:\\\/\\\/rotary.fi\\\/d1420\\\/sv\\\/det-har-gor-vi\\\/vatten-skyddsprojekt\\\/\",\"name\":\"Vatten skyddsprojekt f\u00f6r klubbar - Piiri 1420\",\"isPartOf\":{\"@id\":\"https:\\\/\\\/rotary.fi\\\/d1420\\\/#website\"},\"datePublished\":\"2024-02-23T09:35:58+00:00\",\"dateModified\":\"2025-02-26T10:07:59+00:00\",\"breadcrumb\":{\"@id\":\"https:\\\/\\\/rotary.fi\\\/d1420\\\/sv\\\/det-har-gor-vi\\\/vatten-skyddsprojekt\\\/#breadcrumb\"},\"inLanguage\":\"fi\",\"potentialAction\":[{\"@type\":\"ReadAction\",\"target\":[\"https:\\\/\\\/rotary.fi\\\/d1420\\\/sv\\\/det-har-gor-vi\\\/vatten-skyddsprojekt\\\/\"]}]},{\"@type\":\"BreadcrumbList\",\"@id\":\"https:\\\/\\\/rotary.fi\\\/d1420\\\/sv\\\/det-har-gor-vi\\\/vatten-skyddsprojekt\\\/#breadcrumb\",\"itemListElement\":[{\"@type\":\"ListItem\",\"position\":1,\"name\":\"Home\",\"item\":\"https:\\\/\\\/rotary.fi\\\/d1420\\\/\"},{\"@type\":\"ListItem\",\"position\":2,\"name\":\"Det h\u00e4r g\u00f6r vi\",\"item\":\"https:\\\/\\\/rotary.fi\\\/d1420\\\/sv\\\/det-har-gor-vi\\\/\"},{\"@type\":\"ListItem\",\"position\":3,\"name\":\"Vatten skyddsprojekt f\u00f6r klubbar\"}]},{\"@type\":\"WebSite\",\"@id\":\"https:\\\/\\\/rotary.fi\\\/d1420\\\/#website\",\"url\":\"https:\\\/\\\/rotary.fi\\\/d1420\\\/\",\"name\":\"Piiri 1420\",\"description\":\"Suomen Rotary\",\"potentialAction\":[{\"@type\":\"SearchAction\",\"target\":{\"@type\":\"EntryPoint\",\"urlTemplate\":\"https:\\\/\\\/rotary.fi\\\/d1420\\\/?s={search_term_string}\"},\"query-input\":{\"@type\":\"PropertyValueSpecification\",\"valueRequired\":true,\"valueName\":\"search_term_string\"}}],\"inLanguage\":\"fi\"}]}<\/script>\n<!-- \/ Yoast SEO plugin. -->","yoast_head_json":{"title":"Vatten skyddsprojekt f\u00f6r klubbar - Piiri 1420","robots":{"index":"index","follow":"follow","max-snippet":"max-snippet:-1","max-image-preview":"max-image-preview:large","max-video-preview":"max-video-preview:-1"},"canonical":"https:\/\/rotary.fi\/d1420\/sv\/det-har-gor-vi\/vatten-skyddsprojekt\/","og_locale":"fi_FI","og_type":"article","og_title":"Vatten skyddsprojekt f\u00f6r klubbar - Piiri 1420","og_description":"Vatten skyddsprojekt f\u00f6r klubbarFlera distriktets klubbar \u00e4r engagerade i vattenskyddsarbete Klubbarna kan genomf\u00f6ra alla former av vatten- och milj\u00f6skyddsarbete som passar andra sm\u00e5 f\u00f6reningar - fr\u00e5n insamling av medel till att \u00f6ka medvetenheten, konkreta ink\u00f6p, samarbete med andra akt\u00f6rer och frivilligarbete.Str\u00f6mmingsroddenEn insamlingsevenemang och avslappningsevenemang som har arrangerats av sju klubbar sedan 2013 p\u00e5 \u00f6ppningsdagen f\u00f6r [&hellip;]","og_url":"https:\/\/rotary.fi\/d1420\/sv\/det-har-gor-vi\/vatten-skyddsprojekt\/","og_site_name":"Piiri 1420","article_publisher":"https:\/\/www.facebook.com\/rotary\/","article_modified_time":"2025-02-26T10:07:59+00:00","twitter_card":"summary_large_image","twitter_misc":{"Arvioitu lukuaika":"5 minuuttia"},"schema":{"@context":"https:\/\/schema.org","@graph":[{"@type":"WebPage","@id":"https:\/\/rotary.fi\/d1420\/sv\/det-har-gor-vi\/vatten-skyddsprojekt\/","url":"https:\/\/rotary.fi\/d1420\/sv\/det-har-gor-vi\/vatten-skyddsprojekt\/","name":"Vatten skyddsprojekt f\u00f6r klubbar - Piiri 1420","isPartOf":{"@id":"https:\/\/rotary.fi\/d1420\/#website"},"datePublished":"2024-02-23T09:35:58+00:00","dateModified":"2025-02-26T10:07:59+00:00","breadcrumb":{"@id":"https:\/\/rotary.fi\/d1420\/sv\/det-har-gor-vi\/vatten-skyddsprojekt\/#breadcrumb"},"inLanguage":"fi","potentialAction":[{"@type":"ReadAction","target":["https:\/\/rotary.fi\/d1420\/sv\/det-har-gor-vi\/vatten-skyddsprojekt\/"]}]},{"@type":"BreadcrumbList","@id":"https:\/\/rotary.fi\/d1420\/sv\/det-har-gor-vi\/vatten-skyddsprojekt\/#breadcrumb","itemListElement":[{"@type":"ListItem","position":1,"name":"Home","item":"https:\/\/rotary.fi\/d1420\/"},{"@type":"ListItem","position":2,"name":"Det h\u00e4r g\u00f6r vi","item":"https:\/\/rotary.fi\/d1420\/sv\/det-har-gor-vi\/"},{"@type":"ListItem","position":3,"name":"Vatten skyddsprojekt f\u00f6r klubbar"}]},{"@type":"WebSite","@id":"https:\/\/rotary.fi\/d1420\/#website","url":"https:\/\/rotary.fi\/d1420\/","name":"Piiri 1420","description":"Suomen Rotary","potentialAction":[{"@type":"SearchAction","target":{"@type":"EntryPoint","urlTemplate":"https:\/\/rotary.fi\/d1420\/?s={search_term_string}"},"query-input":{"@type":"PropertyValueSpecification","valueRequired":true,"valueName":"search_term_string"}}],"inLanguage":"fi"}]}},"lang":"sv","translations":{"sv":8131},"pll_sync_post":[],"_links":{"self":[{"href":"https:\/\/rotary.fi\/d1420\/wp-json\/wp\/v2\/pages\/8131","targetHints":{"allow":["GET"]}}],"collection":[{"href":"https:\/\/rotary.fi\/d1420\/wp-json\/wp\/v2\/pages"}],"about":[{"href":"https:\/\/rotary.fi\/d1420\/wp-json\/wp\/v2\/types\/page"}],"author":[{"embeddable":true,"href":"https:\/\/rotary.fi\/d1420\/wp-json\/wp\/v2\/users\/26"}],"replies":[{"embeddable":true,"href":"https:\/\/rotary.fi\/d1420\/wp-json\/wp\/v2\/comments?post=8131"}],"version-history":[{"count":6,"href":"https:\/\/rotary.fi\/d1420\/wp-json\/wp\/v2\/pages\/8131\/revisions"}],"predecessor-version":[{"id":10645,"href":"https:\/\/rotary.fi\/d1420\/wp-json\/wp\/v2\/pages\/8131\/revisions\/10645"}],"up":[{"embeddable":true,"href":"https:\/\/rotary.fi\/d1420\/wp-json\/wp\/v2\/pages\/10615"}],"wp:attachment":[{"href":"https:\/\/rotary.fi\/d1420\/wp-json\/wp\/v2\/media?parent=8131"}],"curies":[{"name":"wp","href":"https:\/\/api.w.org\/{rel}","templated":true}]}}