{"id":7072,"date":"2023-11-20T11:35:52","date_gmt":"2023-11-20T09:35:52","guid":{"rendered":"https:\/\/rotary.fi\/d1420\/?page_id=7072"},"modified":"2026-02-25T16:21:24","modified_gmt":"2026-02-25T14:21:24","slug":"piirkonna-klubid","status":"publish","type":"page","link":"https:\/\/rotary.fi\/d1420\/et\/tule-kaasa\/piirkonna-klubid\/","title":{"rendered":"Rotary piirkonna 1420 klubid"},"content":{"rendered":"<p>[et_pb_section fb_built=&#8221;1&#8243; module_class=&#8221;jumbotron-page&#8221; _builder_version=&#8221;4.16&#8243; background_image=&#8221;https:\/\/rotary.fi\/piirisivusto\/wp-content\/uploads\/sites\/183\/2019\/03\/rotary_piiri_alasivu_paakuva1.jpg&#8221; global_colors_info=&#8221;{}&#8221;][et_pb_row module_class=&#8221; et_pb_row_fullwidth et_pb_row_fullwidth et_pb_row_fullwidth et_pb_row_fullwidth et_pb_row_fullwidth et_pb_row_fullwidth&#8221; _builder_version=&#8221;4.16&#8243; width=&#8221;89%&#8221; width_tablet=&#8221;80%&#8221; width_phone=&#8221;&#8221; width_last_edited=&#8221;on|desktop&#8221; max_width=&#8221;89%&#8221; max_width_tablet=&#8221;80%&#8221; max_width_phone=&#8221;&#8221; max_width_last_edited=&#8221;on|desktop&#8221; make_fullwidth=&#8221;on&#8221; global_colors_info=&#8221;{}&#8221;][et_pb_column type=&#8221;4_4&#8243; _builder_version=&#8221;4.16&#8243; custom_padding=&#8221;|||&#8221; global_colors_info=&#8221;{}&#8221; custom_padding__hover=&#8221;|||&#8221;][et_pb_text admin_label=&#8221;P\u00e4\u00e4otsikko kuvan p\u00e4\u00e4ll\u00e4&#8221; _builder_version=&#8221;4.22.1&#8243; text_orientation=&#8221;center&#8221; background_layout=&#8221;dark&#8221; locked=&#8221;off&#8221; collapsed=&#8221;off&#8221; global_colors_info=&#8221;{}&#8221;]<\/p>\n<h1>Rotary piirkonna<\/h1>\n<h1>1420 klubid<\/h1>\n<p>[\/et_pb_text][\/et_pb_column][\/et_pb_row][\/et_pb_section][et_pb_section fb_built=&#8221;1&#8243; module_class=&#8221;sisaltoalue_perus&#8221; _builder_version=&#8221;4.16&#8243; custom_margin=&#8221;||40px|&#8221; global_colors_info=&#8221;{}&#8221;][et_pb_row custom_padding_last_edited=&#8221;on|phone&#8221; _builder_version=&#8221;4.22.1&#8243; custom_padding_tablet=&#8221;&#8221; custom_padding_phone=&#8221;&#8221; global_colors_info=&#8221;{}&#8221;][et_pb_column type=&#8221;4_4&#8243; _builder_version=&#8221;4.16&#8243; custom_padding=&#8221;|||&#8221; global_colors_info=&#8221;{}&#8221; custom_padding__hover=&#8221;|||&#8221;][et_pb_text admin_label=&#8221;P\u00e4\u00e4otsikko ennen sis\u00e4lt\u00f6\u00e4&#8221; _builder_version=&#8221;4.22.1&#8243; text_orientation=&#8221;center&#8221; global_colors_info=&#8221;{}&#8221;]<\/p>\n<h1>Piirkonna klubid<\/h1>\n<p>[\/et_pb_text][et_pb_text admin_label=&#8221;Johdantoteksti&#8221; _builder_version=&#8221;4.27.4&#8243; z_index_tablet=&#8221;500&#8243; global_colors_info=&#8221;{}&#8221;]<\/p>\n<p>Piirkonda kuulub 67 Rotary klubi 44 L\u00f5una-Soomest ja 23 Eestist, lisaks 2 Rotaract klubi ja 2 sateliitklubi.<\/p>\n<p>Allpool on nimekiri meie piirkonna Rotary klubidest ja lingid klubide veebi- v\u00f5i Facebooki lehtedele:<\/p>\n<p>[\/et_pb_text][\/et_pb_column][\/et_pb_row][et_pb_row column_structure=&#8221;1_2,1_2&#8243; custom_padding_last_edited=&#8221;on|phone&#8221; _builder_version=&#8221;4.22.1&#8243; custom_padding_tablet=&#8221;&#8221; custom_padding_phone=&#8221;&#8221; global_colors_info=&#8221;{}&#8221;][et_pb_column type=&#8221;1_2&#8243; _builder_version=&#8221;4.16&#8243; custom_padding=&#8221;|||&#8221; global_colors_info=&#8221;{}&#8221; custom_padding__hover=&#8221;|||&#8221;][et_pb_text admin_label=&#8221;Etel\u00e4-Suomi&#8221; _builder_version=&#8221;4.22.1&#8243; text_orientation=&#8221;center&#8221; global_colors_info=&#8221;{}&#8221;]<\/p>\n<h3 style=\"text-align: left\">Klubid L\u00f5una-Soomes<\/h3>\n<p>[\/et_pb_text][et_pb_text admin_label=&#8221;Teksti&#8221; _builder_version=&#8221;4.27.4&#8243; hover_enabled=&#8221;0&#8243; z_index_tablet=&#8221;500&#8243; global_colors_info=&#8221;{}&#8221; sticky_enabled=&#8221;0&#8243;]<\/p>\n<p><strong>L\u00e4\u00e4ne-Uusimaa<br \/><\/strong><a href=\"https:\/\/www.ekenasrotary.org\/\" target=\"_blank\" rel=\"noopener\">Eken\u00e4s<\/a><br \/><a href=\"https:\/\/www.facebook.com\/hangorotary\/\">Hanko-Hang\u00f6<\/a><br \/><a href=\"https:\/\/rotary.fi\/karis-karjaa\/\" target=\"_blank\" rel=\"noopener\">Karis-Karjaa<\/a><br \/><a href=\"https:\/\/rotary.fi\/lohja\/\" target=\"_blank\" rel=\"noopener\">Lohja-Lojo<\/a><br \/><a href=\"https:\/\/rotary.fi\/vihtinummela\/\" target=\"_blank\" rel=\"noopener\">Vihti-Nummela<\/a><br \/><a href=\"https:\/\/rotary.fi\/vihti\/\" target=\"_blank\" rel=\"noopener\">Vihti<\/a><\/p>\n<p><strong>Ida-Uusimaa<br \/><\/strong><a href=\"https:\/\/rotary.fi\/porvoo\/\" target=\"_blank\" rel=\"noopener\">Borg\u00e5-Porvoo<\/a><br \/><a href=\"https:\/\/rotary.fi\/porvoolantinen\/\" target=\"_blank\" rel=\"noopener\">Borg\u00e5-V\u00e4stra-Porvoo-L\u00e4ntinen<\/a><br \/><a href=\"https:\/\/rotary.fi\/loviisa\/\" target=\"_blank\" rel=\"noopener\">Lovisa<\/a><br \/><a href=\"https:\/\/rotary.fi\/mantsala\/\" target=\"_blank\" rel=\"noopener\">M\u00e4nts\u00e4l\u00e4<\/a><br \/><a href=\"https:\/\/www.tuusulanrotary.fi\/\" target=\"_blank\" rel=\"noopener\">Tuusula<\/a><br \/><a href=\"https:\/\/rotary.fi\/ylikerava\/\" target=\"_blank\" rel=\"noopener\">Ylikerava<\/a><\/p>\n<p><strong>Espoo piirkond<br \/><\/strong><a href=\"https:\/\/rotary.fi\/espoo\/\" target=\"_blank\" rel=\"noopener\">Espoo<\/a><br \/><a href=\"https:\/\/www.kauniaistenrotarit.fi\/\" target=\"_blank\" rel=\"noopener\">Kauniainen-Grankulla<\/a><br \/><a href=\"https:\/\/rotary.fi\/leppavaara\/\" target=\"_blank\" rel=\"noopener\">Lepp\u00e4vaara-Alberga<\/a><br \/><a href=\"https:\/\/rotary.fi\/meriespoo\/\" target=\"_blank\" rel=\"noopener\">Meri-Espoo<\/a><br \/><a href=\"https:\/\/rotary.fi\/tapiola\/\" target=\"_blank\" rel=\"noopener\">Tapiola<\/a><\/p>\n<p><strong>L\u00f5una- ja L\u00e4\u00e4ne-Helsingis <\/strong><br \/><a href=\"https:\/\/rotary.fi\/eiranrotary\/\" target=\"_blank\" rel=\"noopener\">Eira<\/a><br \/><a href=\"http:\/\/www.helsinginrotaryklubi.fi\/\" target=\"_blank\" rel=\"noopener\">Helsinki<\/a><br \/><a href=\"https:\/\/rotary.fi\/helsinkicitywest\/\" target=\"_blank\" rel=\"noopener\">Helsinki City West<\/a><br \/><a href=\"https:\/\/www.hirc.fi\/\" target=\"_blank\" rel=\"noopener\">Helsinki International<\/a><br \/><a href=\"https:\/\/www.lauttasaarenrotary.net\/\" target=\"_blank\" rel=\"noopener\">Lauttasaari-Drums\u00f6<\/a><br \/><a href=\"https:\/\/rotary.fi\/munkkiniemi\/\" target=\"_blank\" rel=\"noopener\">Munkkiniemi-Munksn\u00e4s<\/a><\/p>\n<p><strong>Helsingi kesklinn\u00a0 <\/strong><br \/><a href=\"https:\/\/finlandiahall.rotary.fi\/\" target=\"_blank\" rel=\"noopener\">Helsinki Finlandia Hall<\/a><br \/><a href=\"https:\/\/www.instagram.com\/rotary_finlandiahall_impact\/\" target=\"_blank\" rel=\"noopener\">Finlandia Hall Impact satellitklubi<\/a><br \/><a href=\"https:\/\/rotary.fi\/maneesi\/\" target=\"_blank\" rel=\"noopener\">Helsinki Maneesi \u2013 Helsingfors Manegen<\/a><br \/><a href=\"http:\/\/piirit.rotary.fi\/1420\/kamppi\/\">Kamppi-Kampen<\/a><br \/><a href=\"https:\/\/rotary.fi\/kluuvi\/\" target=\"_blank\" rel=\"noopener\">Kluuvi-Gloet<\/a><br \/><a href=\"https:\/\/verkkorotary.fi\/en\/\" target=\"_blank\" rel=\"noopener\">Rotary E-Club of Verkkorotary<\/a><br \/><a href=\"https:\/\/rotary.fi\/helsinkitoolo\/\" target=\"_blank\" rel=\"noopener\">T\u00f6\u00f6l\u00f6-T\u00f6l\u00f6<\/a><\/p>\n<p><strong>Ida-Helsingi<br \/><\/strong><a href=\"https:\/\/rotary.fi\/helsinkibalticsearotaryclub\/\">Helsinki Baltic Sea<\/a><br \/><a href=\"https:\/\/rotary.fi\/vuosaari\/\" target=\"_blank\" rel=\"noopener\">Helsinki Vuosaari-Nordsj\u00f6<\/a><br \/><a href=\"https:\/\/rotary.fi\/herttoniemi\/\" target=\"_blank\" rel=\"noopener\">Herttoniemi-Herton\u00e4s<\/a><br \/><a href=\"https:\/\/rotary.fi\/itahelsinki\/\" target=\"_blank\" rel=\"noopener\">It\u00e4-Helsinki<\/a><br \/><a href=\"https:\/\/www.kalliorotary.fi\/\" target=\"_blank\" rel=\"noopener\">Kallio-Bergh\u00e4ll<\/a><br \/><a href=\"https:\/\/rotaracthelsinki.wordpress.com\/\" target=\"_blank\" rel=\"noopener\">Rotaract Helsinki<\/a><\/p>\n<p><strong>P\u00f5hja piirkond<\/strong><br \/><a href=\"https:\/\/rotary.fi\/hyvinkaa\/\" target=\"_blank\" rel=\"noopener\">Hyvink\u00e4\u00e4<\/a><br \/><a href=\"https:\/\/rotary.fi\/jarvenpaa\/\" target=\"_blank\" rel=\"noopener\">J\u00e4rvenp\u00e4\u00e4<\/a><br \/><a href=\"https:\/\/rotary.fi\/nurmijarvi\/\" target=\"_blank\" rel=\"noopener\">Nurmij\u00e4rvi<\/a><br \/><a href=\"https:\/\/rotary.fi\/nurmijarviklaukkala\/\" target=\"_blank\" rel=\"noopener\">Nurmij\u00e4rvi-Klaukkala<\/a><br \/><a href=\"https:\/\/rotary.fi\/riihimakihausjarvi\/\" target=\"_blank\" rel=\"noopener\">Riihim\u00e4ki-Hausj\u00e4rvi<\/a><\/p>\n<p><strong>P\u00f5hja-Helsingi ja Vantaa<br \/><\/strong><a href=\"https:\/\/rotary.fi\/helsinginkoillinen\/\" target=\"_blank\" rel=\"noopener\">Helsingin Koillinen<\/a><br \/><a href=\"https:\/\/rotary.fi\/luoteishelsinki\/\" target=\"_blank\" rel=\"noopener\">Luoteis-Helsinki<\/a><br \/><a href=\"https:\/\/rotary.fi\/pohjoishelsinki\/\" target=\"_blank\" rel=\"noopener\">Pohjois-Helsinki-Norra Helsingfors<\/a><br \/><a href=\"https:\/\/rotary.fi\/tikkurila\/\" target=\"_blank\" rel=\"noopener\">Tikkurila-Dickursby<\/a><br \/><a href=\"https:\/\/rotary.fi\/vantaamyyrmaki\/\" target=\"_blank\" rel=\"noopener\">Vantaa-Myyrm\u00e4ki<\/a><\/p>\n<p>[\/et_pb_text][\/et_pb_column][et_pb_column type=&#8221;1_2&#8243; _builder_version=&#8221;4.16&#8243; custom_padding=&#8221;|||&#8221; global_colors_info=&#8221;{}&#8221; custom_padding__hover=&#8221;|||&#8221;][et_pb_text admin_label=&#8221;Viro&#8221; _builder_version=&#8221;4.22.1&#8243; text_orientation=&#8221;center&#8221; global_colors_info=&#8221;{}&#8221;]<\/p>\n<h3 style=\"text-align: left\">Eesti Rotary klubid<\/h3>\n<p>[\/et_pb_text][et_pb_text admin_label=&#8221;Teksti&#8221; _builder_version=&#8221;4.22.1&#8243; z_index_tablet=&#8221;500&#8243; global_colors_info=&#8221;{}&#8221;]<strong>P\u00f5hja-Eesti<\/strong><br \/>\n<a href=\"https:\/\/nommerotary.ee\/\" target=\"_blank\" rel=\"noopener\">N\u00f5mme-Tallinn<\/a><br \/>\n<a href=\"https:\/\/www.facebook.com\/Rotaract.Tallinn\/\" target=\"_blank\" rel=\"noopener\">Rotaract Tallinn International<\/a><br \/>\n<a href=\"https:\/\/rotary.ee\/tallinn\/\" target=\"_blank\" rel=\"noopener\">Tallinn<\/a><br \/>\n<a href=\"https:\/\/www.tallinnglobal.ee\/\" target=\"_blank\" rel=\"noopener\">Tallinn Global<\/a><br \/>\n<a href=\"https:\/\/tallinnhansa.ee\/\" target=\"_blank\" rel=\"noopener\">Tallinn Hansa<\/a><a href=\"https:\/\/www.tallinnirc.org\/\" target=\"_blank\" rel=\"noopener\"><br \/>\nTallinn International<\/a><br \/>\n<a href=\"https:\/\/rotarymoon.ee\/\" target=\"_blank\" rel=\"noopener\">Tallinn Moon<\/a><br \/>\n<a href=\"https:\/\/revalrotary.ee\/\" target=\"_blank\" rel=\"noopener\">Tallinn Reval<\/a><br \/>\n<a href=\"https:\/\/vanalinnarotary.ee\/\" target=\"_blank\" rel=\"noopener\">Tallinn Vanalinn<\/a><br \/>\n<a href=\"https:\/\/www.facebook.com\/KristiineRotary\/\" target=\"_blank\" rel=\"noopener\">Tallinn Vanalinn Kristiine satellitklubi<\/a><br \/>\n<a href=\"https:\/\/www.viimsirotary.org\/\" target=\"_blank\" rel=\"noopener\">Viimsi<\/a><\/p>\n<p><strong>L\u00f5una-Eesti<\/strong><br \/>\n<a href=\"https:\/\/polvarotary.ee\/\" target=\"_blank\" rel=\"noopener\">P\u00f5lva<\/a><br \/>\n<a href=\"https:\/\/tarturotary.ee\/\" target=\"_blank\" rel=\"noopener\">Tartu<\/a><br \/>\n<a href=\"https:\/\/hansarotary.ee\/\" target=\"_blank\" rel=\"noopener\">Tartu Hansa<\/a><br \/>\n<a href=\"https:\/\/tartutoome.ee\/\" target=\"_blank\" rel=\"noopener\">Tartu Toome<\/a><br \/>\n<a href=\"https:\/\/www.viljandirotary.ee\/\" target=\"_blank\" rel=\"noopener\">Viljandi<\/a><\/p>\n<p><strong>L\u00e4\u00e4ne-Eesti<\/strong><br \/>\n<a href=\"http:\/\/www.haapsalurotary.ee\/\" target=\"_blank\" rel=\"noopener\">Haapsalu<\/a><br \/>\n<a href=\"https:\/\/www.parnurotary.ee\/\" target=\"_blank\" rel=\"noopener\">P\u00e4rnu<\/a><br \/>\n<a href=\"https:\/\/www.laherotary.com\/en\/home\/\" target=\"_blank\" rel=\"noopener\">P\u00e4rnu Lahe<\/a><br \/>\n<a href=\"https:\/\/www.rapla-rotary.ee\/\" target=\"_blank\" rel=\"noopener\">Rapla<\/a><br \/>\n<a href=\"https:\/\/saaremaarotary.ee\/\" target=\"_blank\" rel=\"noopener\">Saaremaa<\/a><br \/>\n<a href=\"https:\/\/www.tyrirotay.net.ee\/\" target=\"_blank\" rel=\"noopener\">T\u00fcri<\/a><\/p>\n<p><strong>Ida-Eesti<\/strong><br \/>\n<a href=\"https:\/\/www.virurotary.ee\/\" target=\"_blank\" rel=\"noopener\">Viru (J\u00f5hvi)<\/a>[\/et_pb_text][\/et_pb_column][\/et_pb_row][et_pb_row custom_padding_last_edited=&#8221;on|phone&#8221; _builder_version=&#8221;4.22.1&#8243; custom_padding_tablet=&#8221;&#8221; custom_padding_phone=&#8221;&#8221; global_colors_info=&#8221;{}&#8221;][et_pb_column type=&#8221;4_4&#8243; _builder_version=&#8221;4.16&#8243; custom_padding=&#8221;|||&#8221; global_colors_info=&#8221;{}&#8221; custom_padding__hover=&#8221;|||&#8221;][et_pb_text admin_label=&#8221;Linkki Club Finderiin&#8221; _builder_version=&#8221;4.22.1&#8243; z_index_tablet=&#8221;500&#8243; global_colors_info=&#8221;{}&#8221;]<\/p>\n<h3>Club Finderiga leiad l\u00e4hima Rotary klubi<\/h3>\n<p>Rotary klubisid saab leida ka <a href=\"https:\/\/rotary.fi\/d1420\/et\/soovid-liituda-liikmeks\/leia-lahim-rotary-klubi\/\">Club Finderi<\/a> abil. Otsingut saab t\u00e4psustada erinevate kriteeriumidega, nt nimi v\u00f5i linn.<\/p>\n<p>[\/et_pb_text][et_pb_text admin_label=&#8221;Linkit muihin rotarypiireihin&#8221; _builder_version=&#8221;4.22.1&#8243; z_index_tablet=&#8221;500&#8243; global_colors_info=&#8221;{}&#8221;]<\/p>\n<h3>Teised Rotary piirkonnad Soomes<\/h3>\n<p>Soomes on kuus Rotarypiirkonda. Allpool on nimekiri teistest Rotary piirkondadest<\/p>\n<p><a href=\"https:\/\/rotary.fi\/piiri-1380\" target=\"_blank\" rel=\"noopener noreferrer\">Piirkond 1380<\/a><br \/><a href=\"https:\/\/rotary.fi\/d1390\/\" target=\"_blank\" rel=\"noopener noreferrer\">Piirkond 1390<\/a><br \/><a href=\"https:\/\/rotary.fi\/d1400\/\" target=\"_blank\" rel=\"noopener noreferrer\">Piirkond 1400<\/a><br \/><a href=\"https:\/\/rotary.fi\/d1410\/\" target=\"_blank\" rel=\"noopener noreferrer\">Piirkond 1410<\/a><br \/><a href=\"https:\/\/rotary.fi\/d1430\/\" target=\"_blank\" rel=\"noopener noreferrer\">Piirkond 1430<\/a><\/p>\n<p>[\/et_pb_text][\/et_pb_column][\/et_pb_row][\/et_pb_section]<\/p>\n","protected":false},"excerpt":{"rendered":"<p>Rotary piirkonna 1420 klubidPiirkonna klubidPiirkonda kuulub 67 Rotary klubi 44 L\u00f5una-Soomest ja 23 Eestist, lisaks 2 Rotaract klubi ja 2 sateliitklubi. Allpool on nimekiri meie piirkonna Rotary klubidest ja lingid klubide veebi- v\u00f5i Facebooki lehtedele:Klubid L\u00f5una-SoomesL\u00e4\u00e4ne-UusimaaEken\u00e4sHanko-Hang\u00f6Karis-KarjaaLohja-LojoVihti-NummelaVihti Ida-UusimaaBorg\u00e5-PorvooBorg\u00e5-V\u00e4stra-Porvoo-L\u00e4ntinenLovisaM\u00e4nts\u00e4l\u00e4TuusulaYlikerava Espoo piirkondEspooKauniainen-GrankullaLepp\u00e4vaara-AlbergaMeri-EspooTapiola L\u00f5una- ja L\u00e4\u00e4ne-Helsingis EiraHelsinkiHelsinki City WestHelsinki InternationalLauttasaari-Drums\u00f6Munkkiniemi-Munksn\u00e4s Helsingi kesklinn\u00a0 Helsinki Finlandia HallFinlandia Hall Impact satellitklubiHelsinki Maneesi [&hellip;]<\/p>\n","protected":false},"author":26,"featured_media":0,"parent":3624,"menu_order":4,"comment_status":"closed","ping_status":"closed","template":"","meta":{"_acf_changed":false,"_et_pb_use_builder":"on","_et_pb_old_content":"","_et_gb_content_width":"","footnotes":""},"class_list":["post-7072","page","type-page","status-publish","hentry"],"acf":[],"yoast_head":"<!-- This site is optimized with the Yoast SEO plugin v27.4 - https:\/\/yoast.com\/product\/yoast-seo-wordpress\/ -->\n<title>Rotary piirkonna 1420 klubid - Piiri 1420<\/title>\n<meta name=\"robots\" content=\"index, follow, max-snippet:-1, max-image-preview:large, max-video-preview:-1\" \/>\n<link rel=\"canonical\" href=\"https:\/\/rotary.fi\/d1420\/et\/tule-kaasa\/piirkonna-klubid\/\" \/>\n<meta property=\"og:locale\" content=\"fi_FI\" \/>\n<meta property=\"og:type\" content=\"article\" \/>\n<meta property=\"og:title\" content=\"Rotary piirkonna 1420 klubid - Piiri 1420\" \/>\n<meta property=\"og:description\" content=\"Rotary piirkonna 1420 klubidPiirkonna klubidPiirkonda kuulub 67 Rotary klubi 44 L\u00f5una-Soomest ja 23 Eestist, lisaks 2 Rotaract klubi ja 2 sateliitklubi. Allpool on nimekiri meie piirkonna Rotary klubidest ja lingid klubide veebi- v\u00f5i Facebooki lehtedele:Klubid L\u00f5una-SoomesL\u00e4\u00e4ne-UusimaaEken\u00e4sHanko-Hang\u00f6Karis-KarjaaLohja-LojoVihti-NummelaVihti Ida-UusimaaBorg\u00e5-PorvooBorg\u00e5-V\u00e4stra-Porvoo-L\u00e4ntinenLovisaM\u00e4nts\u00e4l\u00e4TuusulaYlikerava Espoo piirkondEspooKauniainen-GrankullaLepp\u00e4vaara-AlbergaMeri-EspooTapiola L\u00f5una- ja L\u00e4\u00e4ne-Helsingis EiraHelsinkiHelsinki City WestHelsinki InternationalLauttasaari-Drums\u00f6Munkkiniemi-Munksn\u00e4s Helsingi kesklinn\u00a0 Helsinki Finlandia HallFinlandia Hall Impact satellitklubiHelsinki Maneesi [&hellip;]\" \/>\n<meta property=\"og:url\" content=\"https:\/\/rotary.fi\/d1420\/et\/tule-kaasa\/piirkonna-klubid\/\" \/>\n<meta property=\"og:site_name\" content=\"Piiri 1420\" \/>\n<meta property=\"article:publisher\" content=\"https:\/\/www.facebook.com\/rotary\/\" \/>\n<meta property=\"article:modified_time\" content=\"2026-02-25T14:21:24+00:00\" \/>\n<meta name=\"twitter:card\" content=\"summary_large_image\" \/>\n<meta name=\"twitter:label1\" content=\"Arvioitu lukuaika\" \/>\n\t<meta name=\"twitter:data1\" content=\"2 minuuttia\" \/>\n<script type=\"application\/ld+json\" class=\"yoast-schema-graph\">{\"@context\":\"https:\\\/\\\/schema.org\",\"@graph\":[{\"@type\":\"WebPage\",\"@id\":\"https:\\\/\\\/rotary.fi\\\/d1420\\\/et\\\/tule-kaasa\\\/piirkonna-klubid\\\/\",\"url\":\"https:\\\/\\\/rotary.fi\\\/d1420\\\/et\\\/tule-kaasa\\\/piirkonna-klubid\\\/\",\"name\":\"Rotary piirkonna 1420 klubid - Piiri 1420\",\"isPartOf\":{\"@id\":\"https:\\\/\\\/rotary.fi\\\/d1420\\\/#website\"},\"datePublished\":\"2023-11-20T09:35:52+00:00\",\"dateModified\":\"2026-02-25T14:21:24+00:00\",\"breadcrumb\":{\"@id\":\"https:\\\/\\\/rotary.fi\\\/d1420\\\/et\\\/tule-kaasa\\\/piirkonna-klubid\\\/#breadcrumb\"},\"inLanguage\":\"fi\",\"potentialAction\":[{\"@type\":\"ReadAction\",\"target\":[\"https:\\\/\\\/rotary.fi\\\/d1420\\\/et\\\/tule-kaasa\\\/piirkonna-klubid\\\/\"]}]},{\"@type\":\"BreadcrumbList\",\"@id\":\"https:\\\/\\\/rotary.fi\\\/d1420\\\/et\\\/tule-kaasa\\\/piirkonna-klubid\\\/#breadcrumb\",\"itemListElement\":[{\"@type\":\"ListItem\",\"position\":1,\"name\":\"Home\",\"item\":\"https:\\\/\\\/rotary.fi\\\/d1420\\\/\"},{\"@type\":\"ListItem\",\"position\":2,\"name\":\"Tule kaasa\",\"item\":\"https:\\\/\\\/rotary.fi\\\/d1420\\\/et\\\/tule-kaasa\\\/\"},{\"@type\":\"ListItem\",\"position\":3,\"name\":\"Rotary piirkonna 1420 klubid\"}]},{\"@type\":\"WebSite\",\"@id\":\"https:\\\/\\\/rotary.fi\\\/d1420\\\/#website\",\"url\":\"https:\\\/\\\/rotary.fi\\\/d1420\\\/\",\"name\":\"Piiri 1420\",\"description\":\"Suomen Rotary\",\"potentialAction\":[{\"@type\":\"SearchAction\",\"target\":{\"@type\":\"EntryPoint\",\"urlTemplate\":\"https:\\\/\\\/rotary.fi\\\/d1420\\\/?s={search_term_string}\"},\"query-input\":{\"@type\":\"PropertyValueSpecification\",\"valueRequired\":true,\"valueName\":\"search_term_string\"}}],\"inLanguage\":\"fi\"}]}<\/script>\n<!-- \/ Yoast SEO plugin. -->","yoast_head_json":{"title":"Rotary piirkonna 1420 klubid - Piiri 1420","robots":{"index":"index","follow":"follow","max-snippet":"max-snippet:-1","max-image-preview":"max-image-preview:large","max-video-preview":"max-video-preview:-1"},"canonical":"https:\/\/rotary.fi\/d1420\/et\/tule-kaasa\/piirkonna-klubid\/","og_locale":"fi_FI","og_type":"article","og_title":"Rotary piirkonna 1420 klubid - Piiri 1420","og_description":"Rotary piirkonna 1420 klubidPiirkonna klubidPiirkonda kuulub 67 Rotary klubi 44 L\u00f5una-Soomest ja 23 Eestist, lisaks 2 Rotaract klubi ja 2 sateliitklubi. Allpool on nimekiri meie piirkonna Rotary klubidest ja lingid klubide veebi- v\u00f5i Facebooki lehtedele:Klubid L\u00f5una-SoomesL\u00e4\u00e4ne-UusimaaEken\u00e4sHanko-Hang\u00f6Karis-KarjaaLohja-LojoVihti-NummelaVihti Ida-UusimaaBorg\u00e5-PorvooBorg\u00e5-V\u00e4stra-Porvoo-L\u00e4ntinenLovisaM\u00e4nts\u00e4l\u00e4TuusulaYlikerava Espoo piirkondEspooKauniainen-GrankullaLepp\u00e4vaara-AlbergaMeri-EspooTapiola L\u00f5una- ja L\u00e4\u00e4ne-Helsingis EiraHelsinkiHelsinki City WestHelsinki InternationalLauttasaari-Drums\u00f6Munkkiniemi-Munksn\u00e4s Helsingi kesklinn\u00a0 Helsinki Finlandia HallFinlandia Hall Impact satellitklubiHelsinki Maneesi [&hellip;]","og_url":"https:\/\/rotary.fi\/d1420\/et\/tule-kaasa\/piirkonna-klubid\/","og_site_name":"Piiri 1420","article_publisher":"https:\/\/www.facebook.com\/rotary\/","article_modified_time":"2026-02-25T14:21:24+00:00","twitter_card":"summary_large_image","twitter_misc":{"Arvioitu lukuaika":"2 minuuttia"},"schema":{"@context":"https:\/\/schema.org","@graph":[{"@type":"WebPage","@id":"https:\/\/rotary.fi\/d1420\/et\/tule-kaasa\/piirkonna-klubid\/","url":"https:\/\/rotary.fi\/d1420\/et\/tule-kaasa\/piirkonna-klubid\/","name":"Rotary piirkonna 1420 klubid - Piiri 1420","isPartOf":{"@id":"https:\/\/rotary.fi\/d1420\/#website"},"datePublished":"2023-11-20T09:35:52+00:00","dateModified":"2026-02-25T14:21:24+00:00","breadcrumb":{"@id":"https:\/\/rotary.fi\/d1420\/et\/tule-kaasa\/piirkonna-klubid\/#breadcrumb"},"inLanguage":"fi","potentialAction":[{"@type":"ReadAction","target":["https:\/\/rotary.fi\/d1420\/et\/tule-kaasa\/piirkonna-klubid\/"]}]},{"@type":"BreadcrumbList","@id":"https:\/\/rotary.fi\/d1420\/et\/tule-kaasa\/piirkonna-klubid\/#breadcrumb","itemListElement":[{"@type":"ListItem","position":1,"name":"Home","item":"https:\/\/rotary.fi\/d1420\/"},{"@type":"ListItem","position":2,"name":"Tule kaasa","item":"https:\/\/rotary.fi\/d1420\/et\/tule-kaasa\/"},{"@type":"ListItem","position":3,"name":"Rotary piirkonna 1420 klubid"}]},{"@type":"WebSite","@id":"https:\/\/rotary.fi\/d1420\/#website","url":"https:\/\/rotary.fi\/d1420\/","name":"Piiri 1420","description":"Suomen Rotary","potentialAction":[{"@type":"SearchAction","target":{"@type":"EntryPoint","urlTemplate":"https:\/\/rotary.fi\/d1420\/?s={search_term_string}"},"query-input":{"@type":"PropertyValueSpecification","valueRequired":true,"valueName":"search_term_string"}}],"inLanguage":"fi"}]}},"lang":"et","translations":{"et":7072},"pll_sync_post":[],"_links":{"self":[{"href":"https:\/\/rotary.fi\/d1420\/wp-json\/wp\/v2\/pages\/7072","targetHints":{"allow":["GET"]}}],"collection":[{"href":"https:\/\/rotary.fi\/d1420\/wp-json\/wp\/v2\/pages"}],"about":[{"href":"https:\/\/rotary.fi\/d1420\/wp-json\/wp\/v2\/types\/page"}],"author":[{"embeddable":true,"href":"https:\/\/rotary.fi\/d1420\/wp-json\/wp\/v2\/users\/26"}],"replies":[{"embeddable":true,"href":"https:\/\/rotary.fi\/d1420\/wp-json\/wp\/v2\/comments?post=7072"}],"version-history":[{"count":10,"href":"https:\/\/rotary.fi\/d1420\/wp-json\/wp\/v2\/pages\/7072\/revisions"}],"predecessor-version":[{"id":12631,"href":"https:\/\/rotary.fi\/d1420\/wp-json\/wp\/v2\/pages\/7072\/revisions\/12631"}],"up":[{"embeddable":true,"href":"https:\/\/rotary.fi\/d1420\/wp-json\/wp\/v2\/pages\/3624"}],"wp:attachment":[{"href":"https:\/\/rotary.fi\/d1420\/wp-json\/wp\/v2\/media?parent=7072"}],"curies":[{"name":"wp","href":"https:\/\/api.w.org\/{rel}","templated":true}]}}