{"id":6392,"date":"2022-01-26T13:16:26","date_gmt":"2022-01-26T11:16:26","guid":{"rendered":"https:\/\/rotary.fi\/d1420\/?page_id=6392"},"modified":"2022-01-26T13:16:26","modified_gmt":"2022-01-26T11:16:26","slug":"lotta-ruokanen","status":"publish","type":"page","link":"https:\/\/rotary.fi\/d1420\/lotta-ruokanen\/","title":{"rendered":"Lotta Ruokanen"},"content":{"rendered":"<h4>Intohimo It\u00e4meren hyvinvointiin taipuu toiminnaksi<\/h4>\n<p><em>It\u00e4meri toipuu vain toiminnalla. T\u00e4m\u00e4n tiet\u00e4\u00e4 helsinkil\u00e4inen Lotta Ruokanen, joka tekee It\u00e4meren eteen ty\u00f6t\u00e4 sek\u00e4 ammatissaan ett\u00e4 vapaa-ajalla rotarina.<\/em><\/p>\n<p><img loading=\"lazy\" decoding=\"async\" class=\"alignnone wp-image-6395 size-large\" src=\"https:\/\/rotary.fi\/d1420\/wp-content\/uploads\/sites\/183\/2022\/01\/lotta-ruokanen-1024x707.jpg\" alt=\"\" width=\"1024\" height=\"707\" srcset=\"https:\/\/rotary.fi\/d1420\/wp-content\/uploads\/sites\/183\/2022\/01\/lotta-ruokanen-980x676.jpg 980w, https:\/\/rotary.fi\/d1420\/wp-content\/uploads\/sites\/183\/2022\/01\/lotta-ruokanen-480x331.jpg 480w\" sizes=\"(min-width: 0px) and (max-width: 480px) 480px, (min-width: 481px) and (max-width: 980px) 980px, (min-width: 981px) 1024px, 100vw\" \/><\/p>\n<p>T\u00e4ll\u00e4 hetkell\u00e4 h\u00e4n ty\u00f6skentelee It\u00e4meren suojelukomissiossa, joka on It\u00e4meren\u00a0alueen merellisen ymp\u00e4rist\u00f6n suojelusopimuksen allekirjoittajavaltioiden perustama hallitusten v\u00e4linen organisaatio.<\/p>\n<p>Ruokanen havahtui ymp\u00e4rist\u00f6nsuojelun t\u00e4rkeyteen jo lapsena kes\u00e4paikassa Rovaniemell\u00e4 luonnon keskell\u00e4 ja j\u00e4rven rannalla. Luonto-Liiton toiminnassa h\u00e4nest\u00e4 sukeutui lintuharrastaja ja retkeilij\u00e4, josta kumpusi my\u00f6s h\u00e4nen kiinnostuksensa luonnontieteisiin. Sittemmin Ruokanen valmistui sek\u00e4 diplomi-insin\u00f6\u00f6riksi ett\u00e4 maatalousmets\u00e4tieteiden maisteriksi aloinaan ymp\u00e4rist\u00f6nsuojelutekniikka ja limnologia. Opiskelijavaihto Saksan Kieliss\u00e4 meritieteit\u00e4 oppimassa ja etel\u00e4isen It\u00e4meren aivan erilaiseen luontoon tutustuessa vahvisti kiinnostusta merensuojeluun.<\/p>\n<p>Ruokanen k\u00e4ynnisti aikanaan Helsingin kaupungilla It\u00e4merihaastetta, johon rotarit l\u00e4htiv\u00e4t innokkaasti mukaan. Sen kautta h\u00e4n tutustui rotareihin, kiinnostui ja liittyi j\u00e4rjest\u00f6\u00f6n. Rotari h\u00e4n on ollut jo kahdeksan vuotta.<\/p>\n<p>\u201dIt\u00e4meri on erikoinen ja herkk\u00e4 vesi. Se on ainutlaatuinen sekoitus suolaista ja makeaa ja valtameriin verrattuna pieni ja matala. Vuosikymmeni\u00e4 jatkuneen kuormituksen seurauksena meri voi huonosti. Se tarvitsee konkreettisia toimia tervehty\u00e4kseen. Halusin tarjota asiantuntijuuttani t\u00e4rke\u00e4n asian eteen my\u00f6s vapaa-ajallani\u201d, Ruokanen kuvailee.<\/p>\n<h6><strong>Souda It\u00e4meri puhtaaksi<\/strong><\/h6>\n<p>Rotarit k\u00e4ytt\u00e4v\u00e4t tuhansia ty\u00f6tunteja It\u00e4meren eteen. Esimerkiksi kouluissa on tehty ymp\u00e4rist\u00f6kasvatusta, lahjoitettu jatkuvatoimisia mittareita vedenlaadun tarkkailuun, tehty lev\u00e4seurantaa, siivottu rantoja, tuettu tutkimusta ja ylip\u00e4\u00e4t\u00e4\u00e4n ker\u00e4tty paljon rahaa erilaisille suojeluty\u00f6t\u00e4 tekeville tahoille.<\/p>\n<p>Yksi mielenkiintoinen, vuosittain toistuva virkistystapahtuma Helsingin Silakkamarkkinoiden aikaan on Silakkasoutu. Siin\u00e4 rotarit haastavat yksityishenkil\u00f6it\u00e4, yrityksi\u00e4 ja yhteis\u00f6j\u00e4 soutamaan kirkkoveneill\u00e4 Helsingin rannikolla. Soutajia on ollut ymp\u00e4ri Suomea Virosta, Ven\u00e4j\u00e4lt\u00e4 ja Italiasta asti sek\u00e4 vaihto-opiskelijoiden kautta ymp\u00e4ri maailman. Osallistumismaksut lahjoitetaan puhtaiden l\u00e4hivesien ja It\u00e4meren eteen ty\u00f6t\u00e4 tekeville organisaatioille.<\/p>\n<h6><strong>Rotariuden suola on uudet n\u00e4k\u00f6kulmat maailmaan<\/strong><\/h6>\n<p>Rotaryn organisaatiorakenne on Ruokasesta aivan loistava: samalla tosi paikallinen ja tosi globaali. Ty\u00f6t\u00e4 tehd\u00e4\u00e4n omassa elinymp\u00e4rist\u00f6ss\u00e4 paremman el\u00e4m\u00e4n puolesta, mutta samalla osallistutaan kansainv\u00e4lisiin hankkeisiin, kuten polion h\u00e4vitt\u00e4miseen maailmasta. Rotareita on maailmassa 1,2 miljoonaa.<\/p>\n<p>\u201dAsuin aikoinaan Kaliforniassa, ja muuttaessani etsin ensimm\u00e4iseksi paikallisen rotaryklubin. Sen kautta pystyin jatkamaan harrastustani ja tutustuin aivan mahtaviin ihmisiin. Sain hienon tilaisuuden n\u00e4hd\u00e4 paikallista el\u00e4m\u00e4\u00e4 sis\u00e4lt\u00e4p\u00e4in; erilaisten persoonien ja perheiden kautta. My\u00f6s lyhyemmill\u00e4 reissuilla etsin aina paikallisen klubin\u201d, Ruokanen kuvailee.<\/p>\n<p>H\u00e4n on toiminut vastuuteht\u00e4viss\u00e4 oman klubinsa sihteerin\u00e4 ja rotarypiirin It\u00e4meri-foorumin puheenjohtajana.<\/p>\n<p>\u201dViikon virkist\u00e4v\u00e4 kohokohta on klubikokous, jossa on joka kerta eri asiantuntijoiden pit\u00e4m\u00e4 luento erilaisista, mielenkiintoisista aiheista. Lis\u00e4ksi p\u00e4\u00e4sen vaihtamaan kuulumisia aivan erilaisten ja eri alojen ihmisten kanssa. \u201d<\/p>\n<p>Kun aikaa tulevaisuudessa j\u00e4\u00e4 muillekin aiheille, Ruokanen on kiinnostunut rotarien tekem\u00e4st\u00e4 rauhanty\u00f6st\u00e4 sek\u00e4 naisten koulutuksen ja terveyden tukemisesta.<\/p>\n<p>\u201dJokainen saa osallistua sen mukaan, paljonko harrastukseen haluaa k\u00e4ytt\u00e4\u00e4 aikaansa. Minulle rotarius on ollut oiva tapa vaikuttaa ja tehd\u00e4 hyv\u00e4\u00e4 paikallisesti ja globaalisti\u201d, Ruokanen toteaa.<\/p>\n<p>Mit\u00e4 ajatuksia artikkeli her\u00e4tti? Kiinnostuitko rotarytoiminnasta? Ota yhteytt\u00e4 Jari Paulam\u00e4keen, <a href=\"mailto:paulamakijari@gmail.com\">paulamakijari@gmail.com<\/a>.<\/p>\n<p>&nbsp;<\/p>\n<p>&nbsp;<\/p>\n<p>&nbsp;<\/p>\n<p>&nbsp;<\/p>\n<p>&nbsp;<\/p>\n<p>&nbsp;<\/p>\n<p>&nbsp;<\/p>\n","protected":false},"excerpt":{"rendered":"<p>Intohimo It\u00e4meren hyvinvointiin taipuu toiminnaksi It\u00e4meri toipuu vain toiminnalla. T\u00e4m\u00e4n tiet\u00e4\u00e4 helsinkil\u00e4inen Lotta Ruokanen, joka tekee It\u00e4meren eteen ty\u00f6t\u00e4 sek\u00e4 ammatissaan ett\u00e4 vapaa-ajalla rotarina. T\u00e4ll\u00e4 hetkell\u00e4 h\u00e4n ty\u00f6skentelee It\u00e4meren suojelukomissiossa, joka on It\u00e4meren\u00a0alueen merellisen ymp\u00e4rist\u00f6n suojelusopimuksen allekirjoittajavaltioiden perustama hallitusten v\u00e4linen organisaatio. Ruokanen havahtui ymp\u00e4rist\u00f6nsuojelun t\u00e4rkeyteen jo lapsena kes\u00e4paikassa Rovaniemell\u00e4 luonnon keskell\u00e4 ja j\u00e4rven rannalla. Luonto-Liiton [&hellip;]<\/p>\n","protected":false},"author":413,"featured_media":0,"parent":0,"menu_order":0,"comment_status":"closed","ping_status":"closed","template":"","meta":{"_acf_changed":false,"_et_pb_use_builder":"","_et_pb_old_content":"","_et_gb_content_width":"","footnotes":""},"class_list":["post-6392","page","type-page","status-publish","hentry"],"acf":[],"yoast_head":"<!-- This site is optimized with the Yoast SEO plugin v27.0 - https:\/\/yoast.com\/product\/yoast-seo-wordpress\/ -->\n<title>Lotta Ruokanen - Piiri 1420<\/title>\n<meta name=\"robots\" content=\"index, follow, max-snippet:-1, max-image-preview:large, max-video-preview:-1\" \/>\n<link rel=\"canonical\" href=\"https:\/\/rotary.fi\/d1420\/lotta-ruokanen\/\" \/>\n<meta property=\"og:locale\" content=\"fi_FI\" \/>\n<meta property=\"og:type\" content=\"article\" \/>\n<meta property=\"og:title\" content=\"Lotta Ruokanen - Piiri 1420\" \/>\n<meta property=\"og:description\" content=\"Intohimo It\u00e4meren hyvinvointiin taipuu toiminnaksi It\u00e4meri toipuu vain toiminnalla. T\u00e4m\u00e4n tiet\u00e4\u00e4 helsinkil\u00e4inen Lotta Ruokanen, joka tekee It\u00e4meren eteen ty\u00f6t\u00e4 sek\u00e4 ammatissaan ett\u00e4 vapaa-ajalla rotarina. T\u00e4ll\u00e4 hetkell\u00e4 h\u00e4n ty\u00f6skentelee It\u00e4meren suojelukomissiossa, joka on It\u00e4meren\u00a0alueen merellisen ymp\u00e4rist\u00f6n suojelusopimuksen allekirjoittajavaltioiden perustama hallitusten v\u00e4linen organisaatio. Ruokanen havahtui ymp\u00e4rist\u00f6nsuojelun t\u00e4rkeyteen jo lapsena kes\u00e4paikassa Rovaniemell\u00e4 luonnon keskell\u00e4 ja j\u00e4rven rannalla. Luonto-Liiton [&hellip;]\" \/>\n<meta property=\"og:url\" content=\"https:\/\/rotary.fi\/d1420\/lotta-ruokanen\/\" \/>\n<meta property=\"og:site_name\" content=\"Piiri 1420\" \/>\n<meta property=\"article:publisher\" content=\"https:\/\/www.facebook.com\/rotary\/\" \/>\n<meta property=\"og:image\" content=\"https:\/\/rotary.fi\/d1420\/wp-content\/uploads\/sites\/183\/2022\/01\/lotta-ruokanen-1024x707.jpg\" \/>\n<meta name=\"twitter:card\" content=\"summary_large_image\" \/>\n<meta name=\"twitter:label1\" content=\"Arvioitu lukuaika\" \/>\n\t<meta name=\"twitter:data1\" content=\"3 minuuttia\" \/>\n<script type=\"application\/ld+json\" class=\"yoast-schema-graph\">{\"@context\":\"https:\/\/schema.org\",\"@graph\":[{\"@type\":\"WebPage\",\"@id\":\"https:\/\/rotary.fi\/d1420\/lotta-ruokanen\/\",\"url\":\"https:\/\/rotary.fi\/d1420\/lotta-ruokanen\/\",\"name\":\"Lotta Ruokanen - Piiri 1420\",\"isPartOf\":{\"@id\":\"https:\/\/rotary.fi\/d1420\/#website\"},\"primaryImageOfPage\":{\"@id\":\"https:\/\/rotary.fi\/d1420\/lotta-ruokanen\/#primaryimage\"},\"image\":{\"@id\":\"https:\/\/rotary.fi\/d1420\/lotta-ruokanen\/#primaryimage\"},\"thumbnailUrl\":\"https:\/\/rotary.fi\/d1420\/wp-content\/uploads\/sites\/183\/2022\/01\/lotta-ruokanen-1024x707.jpg\",\"datePublished\":\"2022-01-26T11:16:26+00:00\",\"breadcrumb\":{\"@id\":\"https:\/\/rotary.fi\/d1420\/lotta-ruokanen\/#breadcrumb\"},\"inLanguage\":\"fi\",\"potentialAction\":[{\"@type\":\"ReadAction\",\"target\":[\"https:\/\/rotary.fi\/d1420\/lotta-ruokanen\/\"]}]},{\"@type\":\"ImageObject\",\"inLanguage\":\"fi\",\"@id\":\"https:\/\/rotary.fi\/d1420\/lotta-ruokanen\/#primaryimage\",\"url\":\"https:\/\/rotary.fi\/d1420\/wp-content\/uploads\/sites\/183\/2022\/01\/lotta-ruokanen.jpg\",\"contentUrl\":\"https:\/\/rotary.fi\/d1420\/wp-content\/uploads\/sites\/183\/2022\/01\/lotta-ruokanen.jpg\",\"width\":2048,\"height\":1413},{\"@type\":\"BreadcrumbList\",\"@id\":\"https:\/\/rotary.fi\/d1420\/lotta-ruokanen\/#breadcrumb\",\"itemListElement\":[{\"@type\":\"ListItem\",\"position\":1,\"name\":\"Home\",\"item\":\"https:\/\/rotary.fi\/d1420\/\"},{\"@type\":\"ListItem\",\"position\":2,\"name\":\"Lotta Ruokanen\"}]},{\"@type\":\"WebSite\",\"@id\":\"https:\/\/rotary.fi\/d1420\/#website\",\"url\":\"https:\/\/rotary.fi\/d1420\/\",\"name\":\"Piiri 1420\",\"description\":\"Suomen Rotary\",\"potentialAction\":[{\"@type\":\"SearchAction\",\"target\":{\"@type\":\"EntryPoint\",\"urlTemplate\":\"https:\/\/rotary.fi\/d1420\/?s={search_term_string}\"},\"query-input\":{\"@type\":\"PropertyValueSpecification\",\"valueRequired\":true,\"valueName\":\"search_term_string\"}}],\"inLanguage\":\"fi\"}]}<\/script>\n<!-- \/ Yoast SEO plugin. -->","yoast_head_json":{"title":"Lotta Ruokanen - Piiri 1420","robots":{"index":"index","follow":"follow","max-snippet":"max-snippet:-1","max-image-preview":"max-image-preview:large","max-video-preview":"max-video-preview:-1"},"canonical":"https:\/\/rotary.fi\/d1420\/lotta-ruokanen\/","og_locale":"fi_FI","og_type":"article","og_title":"Lotta Ruokanen - Piiri 1420","og_description":"Intohimo It\u00e4meren hyvinvointiin taipuu toiminnaksi It\u00e4meri toipuu vain toiminnalla. T\u00e4m\u00e4n tiet\u00e4\u00e4 helsinkil\u00e4inen Lotta Ruokanen, joka tekee It\u00e4meren eteen ty\u00f6t\u00e4 sek\u00e4 ammatissaan ett\u00e4 vapaa-ajalla rotarina. T\u00e4ll\u00e4 hetkell\u00e4 h\u00e4n ty\u00f6skentelee It\u00e4meren suojelukomissiossa, joka on It\u00e4meren\u00a0alueen merellisen ymp\u00e4rist\u00f6n suojelusopimuksen allekirjoittajavaltioiden perustama hallitusten v\u00e4linen organisaatio. Ruokanen havahtui ymp\u00e4rist\u00f6nsuojelun t\u00e4rkeyteen jo lapsena kes\u00e4paikassa Rovaniemell\u00e4 luonnon keskell\u00e4 ja j\u00e4rven rannalla. Luonto-Liiton [&hellip;]","og_url":"https:\/\/rotary.fi\/d1420\/lotta-ruokanen\/","og_site_name":"Piiri 1420","article_publisher":"https:\/\/www.facebook.com\/rotary\/","og_image":[{"url":"https:\/\/rotary.fi\/d1420\/wp-content\/uploads\/sites\/183\/2022\/01\/lotta-ruokanen-1024x707.jpg","type":"","width":"","height":""}],"twitter_card":"summary_large_image","twitter_misc":{"Arvioitu lukuaika":"3 minuuttia"},"schema":{"@context":"https:\/\/schema.org","@graph":[{"@type":"WebPage","@id":"https:\/\/rotary.fi\/d1420\/lotta-ruokanen\/","url":"https:\/\/rotary.fi\/d1420\/lotta-ruokanen\/","name":"Lotta Ruokanen - Piiri 1420","isPartOf":{"@id":"https:\/\/rotary.fi\/d1420\/#website"},"primaryImageOfPage":{"@id":"https:\/\/rotary.fi\/d1420\/lotta-ruokanen\/#primaryimage"},"image":{"@id":"https:\/\/rotary.fi\/d1420\/lotta-ruokanen\/#primaryimage"},"thumbnailUrl":"https:\/\/rotary.fi\/d1420\/wp-content\/uploads\/sites\/183\/2022\/01\/lotta-ruokanen-1024x707.jpg","datePublished":"2022-01-26T11:16:26+00:00","breadcrumb":{"@id":"https:\/\/rotary.fi\/d1420\/lotta-ruokanen\/#breadcrumb"},"inLanguage":"fi","potentialAction":[{"@type":"ReadAction","target":["https:\/\/rotary.fi\/d1420\/lotta-ruokanen\/"]}]},{"@type":"ImageObject","inLanguage":"fi","@id":"https:\/\/rotary.fi\/d1420\/lotta-ruokanen\/#primaryimage","url":"https:\/\/rotary.fi\/d1420\/wp-content\/uploads\/sites\/183\/2022\/01\/lotta-ruokanen.jpg","contentUrl":"https:\/\/rotary.fi\/d1420\/wp-content\/uploads\/sites\/183\/2022\/01\/lotta-ruokanen.jpg","width":2048,"height":1413},{"@type":"BreadcrumbList","@id":"https:\/\/rotary.fi\/d1420\/lotta-ruokanen\/#breadcrumb","itemListElement":[{"@type":"ListItem","position":1,"name":"Home","item":"https:\/\/rotary.fi\/d1420\/"},{"@type":"ListItem","position":2,"name":"Lotta Ruokanen"}]},{"@type":"WebSite","@id":"https:\/\/rotary.fi\/d1420\/#website","url":"https:\/\/rotary.fi\/d1420\/","name":"Piiri 1420","description":"Suomen Rotary","potentialAction":[{"@type":"SearchAction","target":{"@type":"EntryPoint","urlTemplate":"https:\/\/rotary.fi\/d1420\/?s={search_term_string}"},"query-input":{"@type":"PropertyValueSpecification","valueRequired":true,"valueName":"search_term_string"}}],"inLanguage":"fi"}]}},"lang":"fi","translations":{"fi":6392},"pll_sync_post":[],"_links":{"self":[{"href":"https:\/\/rotary.fi\/d1420\/wp-json\/wp\/v2\/pages\/6392","targetHints":{"allow":["GET"]}}],"collection":[{"href":"https:\/\/rotary.fi\/d1420\/wp-json\/wp\/v2\/pages"}],"about":[{"href":"https:\/\/rotary.fi\/d1420\/wp-json\/wp\/v2\/types\/page"}],"author":[{"embeddable":true,"href":"https:\/\/rotary.fi\/d1420\/wp-json\/wp\/v2\/users\/413"}],"replies":[{"embeddable":true,"href":"https:\/\/rotary.fi\/d1420\/wp-json\/wp\/v2\/comments?post=6392"}],"version-history":[{"count":4,"href":"https:\/\/rotary.fi\/d1420\/wp-json\/wp\/v2\/pages\/6392\/revisions"}],"predecessor-version":[{"id":6397,"href":"https:\/\/rotary.fi\/d1420\/wp-json\/wp\/v2\/pages\/6392\/revisions\/6397"}],"wp:attachment":[{"href":"https:\/\/rotary.fi\/d1420\/wp-json\/wp\/v2\/media?parent=6392"}],"curies":[{"name":"wp","href":"https:\/\/api.w.org\/{rel}","templated":true}]}}