{"id":6325,"date":"2021-12-17T11:43:30","date_gmt":"2021-12-17T09:43:30","guid":{"rendered":"https:\/\/rotary.fi\/d1420\/?page_id=6325"},"modified":"2022-01-07T15:24:49","modified_gmt":"2022-01-07T13:24:49","slug":"kee-abel","status":"publish","type":"page","link":"https:\/\/rotary.fi\/d1420\/kee-abel\/","title":{"rendered":"Kee Abel"},"content":{"rendered":"<p>[et_pb_section admin_label=&#8221;section&#8221;]<br \/>\n\t\t\t[et_pb_row admin_label=&#8221;row&#8221;]<br \/>\n\t\t\t\t[et_pb_column type=&#8221;4_4&#8243;][et_pb_text admin_label=&#8221;Text&#8221;]<\/p>\n<h3>Rotary \u2013 mind arendav ja tegevuses hoidev hobi<\/h3>\n<p><img loading=\"lazy\" decoding=\"async\" class=\"alignnone wp-image-6326 size-full\" src=\"https:\/\/rotary.fi\/d1420\/wp-content\/uploads\/sites\/183\/2021\/12\/kee-pilt-2.jpeg\" alt=\"\" width=\"481\" height=\"592\" srcset=\"https:\/\/rotary.fi\/d1420\/wp-content\/uploads\/sites\/183\/2021\/12\/kee-pilt-2.jpeg 481w, https:\/\/rotary.fi\/d1420\/wp-content\/uploads\/sites\/183\/2021\/12\/kee-pilt-2-244x300.jpeg 244w\" sizes=\"(max-width: 481px) 100vw, 481px\" \/><\/p>\n<p>Kui mina esmakordselt, umbes 10 aastat tagasi, kuulsin Rotary liikumisest, oli selge, et see on koht kuhu ma soovin kuuluda. Minu hea s\u00f5ber Sirje Sirita Somelar oli sel hetkel juba aktiivne tegevliige Rotary organisatsioonis. Hakkasin tema seelikusabast kinni ja pidevalt avaldasin soovi samuti selle ettev\u00f5tmisega liituda. Sellest kasvaski Sirjel v\u00e4lja suurem idee, teha segaklubi noortele. M\u00f5eldud-tehtud ja alguse ta saigi Tallinn Moon Rotary Klubi.<\/p>\n<h5>Miks peaksin oma vaba aega sisustama Rotaryga?<\/h5>\n<p>Selleks on palju erinevaid ja v\u00e4ga m\u00f5juvaid p\u00f5hjuseid.<br \/>\nEsiteks on klubi koosolekutel viibimine v\u00e4ga arendav. Igal koosolekul on meil erineva valdkonna esindaja, kes avardab silmaringi, r\u00e4\u00e4kides teadjana oma valdkonna tegevustest, probleemidest v\u00f5i arendustest. Samuti on teiste klubide koosolekud ja nende esinejate kuulamine v\u00f5imalik.<br \/>\nTeiseks v\u00e4ga m\u00f5juvaks p\u00f5hjuseks on Rotary seltskond. \u00dchest k\u00fcljest tekivad uued tutvused ja s\u00f5brad, kuid teisalt ka meeletult suur \u00fclemaailmne kontaktide arv, kes juurde lisanduvad. Nimelt on v\u00e4ga tore k\u00fclg Rotary liikumises veel see, et k\u00f5ik kes on rotariaanid on nii-\u00f6elda \u00f5ed ja vennad. S\u00f5idan n\u00e4iteks teise maailma otsa, avan mobiilirakendusest sealsed Rotary klubid enda l\u00e4heduses ja v\u00f5in iga kell nende klubisse sisse astuda ning tutvuda nende inimeste ja tegevustega. Silmaringi avardamise m\u00f5ttes on see t\u00e4iuslik, aga miks ka mitte oma ettev\u00f5tmiste ja \u00e4ride laiendamisel. Ehk siis nii sotsiaalne suhtluspool kui ka \u00e4rilistel eesm\u00e4rkidel kontaktidega suhtlemine on kindlasti Rotary liikumise eelisteks. Kolmanda punktina, kuid v\u00f5ib-olla k\u00f5ige olulisemana toon v\u00e4lja Rotary eesm\u00e4rgi heategevuslikust k\u00fcljest. Lihtne on kodus diivanil arvamust avaldada ja \u00f6elda, mis k\u00f5ik v\u00f5iks olla paremini maailmas. Kuid Rotarys saab meeskonnaga ka oma m\u00f5tted ja ideed realiseerida, et muuta asju paremaks.<\/p>\n<p>K\u00f5ik me oskame niisama \u201ctargutada\u201d, et mida k\u00f5ike teha v\u00f5iks ja kuidas tegema peaks. Kuid tegutsema peab reaalselt ja see on parim viis, kuidas mitte \u00fcksi pusida, vaid m\u00f5nusa ettev\u00f5tliku seltskonnaga enda maailma muuta pisut paremaks kohaks.<\/p>\n<p>N\u00e4iteks Tallinn Moon Rotary klubi, kuhu ma kuulun, algatas projekti vahetund.ee. Lihtne m\u00f5te ja idee, kuid v\u00e4ga olulise ja muutva tulemusega noortele. Kas oleks saanud seda \u00fcksinda nii suurelt ellu viia? Kindlasti kuidagi oleks saanud, kuid vaevalt vaid m\u00f5ne kuuga ja sellise haardega. Eestis on p\u00f5hikoole umbes 480, v\u00e4hem kui \u00fche aastaga liitus vahetund.ee projektiga \u00fcle 180 kooli. Uskumatult tubli levik. R\u00e4\u00e4kimata sellest, et projekt on saanud suurt kajastusi meedias, kus sellest r\u00e4\u00e4giti nii uudistesaadetes, raadiotes kui ka ajakirjanduses.<\/p>\n<p>Heategevusorganisatsioon vajab pisut aega, mida panustada ja selle aja osas on 99%-l inimestest vabandused v\u00f5i ettek\u00e4\u00e4nded: \u201eMul pole selleks aega. Nii kiire on. Lapsed. T\u00f6\u00f6\u201c jne. Ma arvan, et need on h\u00e4sti ennast t\u00e4htsaks tegevad vabandused, kuid siiski mitte mingi tegelik argument. Aega on k\u00f5igil \u00fches p\u00e4evas t\u00e4pselt sama palju, kuid oluline on ajaplaneerimine ja tegevused, millele seda kulutad. Jah \u2013 ka minul on lapsed, kaks ettev\u00f5tet, kaks majapidamist, elukaaslane, s\u00f5brad. Ma olen ka \u00fcheteistkordne t\u00e4di aga ometi suudan ma paigutada Rotary oma ellu. Ja seda vabatahtlikult ja v\u00e4ga hea meelega.<\/p>\n<p>Nagu juba lapsena \u00f6eldi, vaata kes on Su s\u00f5brad ja see oled ka Sina ise. Vaata kellega \u00fches paadis s\u00f5uad ja j\u00f5uadki samasse kohta nagu nemad. Rotarys s\u00f5uan ma igal juhul paadis, kus on tegusad, edukad ja heatahtlikud inimesed. Sellega avaneb ka minu maailmas samasugune v\u00f5imalus olla tegus, heatahtlik ja edukas.<\/p>\n<p class=\"tw-data-text tw-text-large tw-ta\" dir=\"ltr\" data-placeholder=\"K\u00e4\u00e4nn\u00f6s\"><span class=\"Y2IQFc\" lang=\"et\">Loe l\u00e4hemalt siit: https:\/\/rotary.ee\/<\/span><\/p>\n<pre id=\"tw-target-text\" class=\"tw-data-text tw-text-large tw-ta\" data-placeholder=\"K\u00e4\u00e4nn\u00f6s\"><\/pre>\n<p>[\/et_pb_text][\/et_pb_column]<br \/>\n\t\t\t[\/et_pb_row]<br \/>\n\t\t[\/et_pb_section]<\/p>\n","protected":false},"excerpt":{"rendered":"<p>Rotary \u2013 mind arendav ja tegevuses hoidev hobi Kui mina esmakordselt, umbes 10 aastat tagasi, kuulsin Rotary liikumisest, oli selge, et see on koht kuhu ma soovin kuuluda. Minu hea s\u00f5ber Sirje Sirita Somelar oli sel hetkel juba aktiivne tegevliige Rotary organisatsioonis. Hakkasin tema seelikusabast kinni ja pidevalt avaldasin soovi samuti selle ettev\u00f5tmisega liituda. Sellest [&hellip;]<\/p>\n","protected":false},"author":413,"featured_media":0,"parent":0,"menu_order":0,"comment_status":"closed","ping_status":"closed","template":"","meta":{"_acf_changed":false,"_et_pb_use_builder":"on","_et_pb_old_content":"<h3>Rotary \u2013 mind arendav ja tegevuses hoidev hobi<\/h3>\r\n<img class=\"alignnone wp-image-6326 size-full\" src=\"https:\/\/rotary.fi\/d1420\/wp-content\/uploads\/sites\/183\/2021\/12\/kee-pilt-2.jpeg\" alt=\"\" width=\"481\" height=\"592\" \/>\r\n\r\nKui mina esmakordselt, umbes 10 aastat tagasi, kuulsin Rotary liikumisest, oli selge, et see on koht kuhu ma soovin kuuluda. Minu hea s\u00f5ber Sirje Sirita Somelar oli sel hetkel juba aktiivne tegevliige Rotary organisatsioonis. Hakkasin tema seelikusabast kinni ja pidevalt avaldasin soovi samuti selle ettev\u00f5tmisega liituda. Sellest kasvaski Sirjel v\u00e4lja suurem idee, teha segaklubi noortele. M\u00f5eldud-tehtud ja alguse ta saigi Tallinn Moon Rotary Klubi.\r\n<h5>Miks peaksin oma vaba aega sisustama Rotaryga?<\/h5>\r\nSelleks on palju erinevaid ja v\u00e4ga m\u00f5juvaid p\u00f5hjuseid.\r\nEsiteks on klubi koosolekutel viibimine v\u00e4ga arendav. Igal koosolekul on meil erineva valdkonna esindaja, kes avardab silmaringi, r\u00e4\u00e4kides teadjana oma valdkonna tegevustest, probleemidest v\u00f5i arendustest. Samuti on teiste klubide koosolekud ja nende esinejate kuulamine v\u00f5imalik.\r\nTeiseks v\u00e4ga m\u00f5juvaks p\u00f5hjuseks on Rotary seltskond. \u00dchest k\u00fcljest tekivad uued tutvused ja s\u00f5brad, kuid teisalt ka meeletult suur \u00fclemaailmne kontaktide arv, kes juurde lisanduvad. Nimelt on v\u00e4ga tore k\u00fclg Rotary liikumises veel see, et k\u00f5ik kes on rotariaanid on nii-\u00f6elda \u00f5ed ja vennad. S\u00f5idan n\u00e4iteks teise maailma otsa, avan mobiilirakendusest sealsed Rotary klubid enda l\u00e4heduses ja v\u00f5in iga kell nende klubisse sisse astuda ning tutvuda nende inimeste ja tegevustega. Silmaringi avardamise m\u00f5ttes on see t\u00e4iuslik, aga miks ka mitte oma ettev\u00f5tmiste ja \u00e4ride laiendamisel. Ehk siis nii sotsiaalne suhtluspool kui ka \u00e4rilistel eesm\u00e4rkidel kontaktidega suhtlemine on kindlasti Rotary liikumise eelisteks. Kolmanda punktina, kuid v\u00f5ib-olla k\u00f5ige olulisemana toon v\u00e4lja Rotary eesm\u00e4rgi heategevuslikust k\u00fcljest. Lihtne on kodus diivanil arvamust avaldada ja \u00f6elda, mis k\u00f5ik v\u00f5iks olla paremini maailmas. Kuid Rotarys saab meeskonnaga ka oma m\u00f5tted ja ideed realiseerida, et muuta asju paremaks.\r\n\r\nK\u00f5ik me oskame niisama \u201ctargutada\u201d, et mida k\u00f5ike teha v\u00f5iks ja kuidas tegema peaks. Kuid tegutsema peab reaalselt ja see on parim viis, kuidas mitte \u00fcksi pusida, vaid m\u00f5nusa ettev\u00f5tliku seltskonnaga enda maailma muuta pisut paremaks kohaks.\r\n\r\nN\u00e4iteks Tallinn Moon Rotary klubi, kuhu ma kuulun, algatas projekti vahetund.ee. Lihtne m\u00f5te ja idee, kuid v\u00e4ga olulise ja muutva tulemusega noortele. Kas oleks saanud seda \u00fcksinda nii suurelt ellu viia? Kindlasti kuidagi oleks saanud, kuid vaevalt vaid m\u00f5ne kuuga ja sellise haardega. Eestis on p\u00f5hikoole umbes 480, v\u00e4hem kui \u00fche aastaga liitus vahetund.ee projektiga \u00fcle 180 kooli. Uskumatult tubli levik. R\u00e4\u00e4kimata sellest, et projekt on saanud suurt kajastusi meedias, kus sellest r\u00e4\u00e4giti nii uudistesaadetes, raadiotes kui ka ajakirjanduses.\r\n\r\nHeategevusorganisatsioon vajab pisut aega, mida panustada ja selle aja osas on 99%-l inimestest vabandused v\u00f5i ettek\u00e4\u00e4nded: \u201eMul pole selleks aega. Nii kiire on. Lapsed. T\u00f6\u00f6\u201c jne. Ma arvan, et need on h\u00e4sti ennast t\u00e4htsaks tegevad vabandused, kuid siiski mitte mingi tegelik argument. Aega on k\u00f5igil \u00fches p\u00e4evas t\u00e4pselt sama palju, kuid oluline on ajaplaneerimine ja tegevused, millele seda kulutad. Jah \u2013 ka minul on lapsed, kaks ettev\u00f5tet, kaks majapidamist, elukaaslane, s\u00f5brad. Ma olen ka \u00fcheteistkordne t\u00e4di aga ometi suudan ma paigutada Rotary oma ellu. Ja seda vabatahtlikult ja v\u00e4ga hea meelega.\r\n\r\nNagu juba lapsena \u00f6eldi, vaata kes on Su s\u00f5brad ja see oled ka Sina ise. Vaata kellega \u00fches paadis s\u00f5uad ja j\u00f5uadki samasse kohta nagu nemad. Rotarys s\u00f5uan ma igal juhul paadis, kus on tegusad, edukad ja heatahtlikud inimesed. Sellega avaneb ka minu maailmas samasugune v\u00f5imalus olla tegus, heatahtlik ja edukas.\r\n<p class=\"tw-data-text tw-text-large tw-ta\" dir=\"ltr\" data-placeholder=\"K\u00e4\u00e4nn\u00f6s\"><span class=\"Y2IQFc\" lang=\"et\">Loe l\u00e4hemalt siit: https:\/\/rotary.ee\/<\/span><\/p>\r\n\r\n<pre id=\"tw-target-text\" class=\"tw-data-text tw-text-large tw-ta\" data-placeholder=\"K\u00e4\u00e4nn\u00f6s\"><\/pre>","_et_gb_content_width":"","footnotes":""},"class_list":["post-6325","page","type-page","status-publish","hentry"],"acf":[],"yoast_head":"<!-- This site is optimized with the Yoast SEO plugin v27.0 - https:\/\/yoast.com\/product\/yoast-seo-wordpress\/ -->\n<title>Kee Abel - Piiri 1420<\/title>\n<meta name=\"robots\" content=\"index, follow, max-snippet:-1, max-image-preview:large, max-video-preview:-1\" \/>\n<link rel=\"canonical\" href=\"https:\/\/rotary.fi\/d1420\/kee-abel\/\" \/>\n<meta property=\"og:locale\" content=\"fi_FI\" \/>\n<meta property=\"og:type\" content=\"article\" \/>\n<meta property=\"og:title\" content=\"Kee Abel - Piiri 1420\" \/>\n<meta property=\"og:description\" content=\"Rotary \u2013 mind arendav ja tegevuses hoidev hobi Kui mina esmakordselt, umbes 10 aastat tagasi, kuulsin Rotary liikumisest, oli selge, et see on koht kuhu ma soovin kuuluda. Minu hea s\u00f5ber Sirje Sirita Somelar oli sel hetkel juba aktiivne tegevliige Rotary organisatsioonis. Hakkasin tema seelikusabast kinni ja pidevalt avaldasin soovi samuti selle ettev\u00f5tmisega liituda. Sellest [&hellip;]\" \/>\n<meta property=\"og:url\" content=\"https:\/\/rotary.fi\/d1420\/kee-abel\/\" \/>\n<meta property=\"og:site_name\" content=\"Piiri 1420\" \/>\n<meta property=\"article:publisher\" content=\"https:\/\/www.facebook.com\/rotary\/\" \/>\n<meta property=\"article:modified_time\" content=\"2022-01-07T13:24:49+00:00\" \/>\n<meta property=\"og:image\" content=\"https:\/\/rotary.fi\/d1420\/wp-content\/uploads\/sites\/183\/2021\/12\/kee-pilt-2.jpeg\" \/>\n<meta name=\"twitter:card\" content=\"summary_large_image\" \/>\n<meta name=\"twitter:label1\" content=\"Arvioitu lukuaika\" \/>\n\t<meta name=\"twitter:data1\" content=\"3 minuuttia\" \/>\n<script type=\"application\/ld+json\" class=\"yoast-schema-graph\">{\"@context\":\"https:\/\/schema.org\",\"@graph\":[{\"@type\":\"WebPage\",\"@id\":\"https:\/\/rotary.fi\/d1420\/kee-abel\/\",\"url\":\"https:\/\/rotary.fi\/d1420\/kee-abel\/\",\"name\":\"Kee Abel - Piiri 1420\",\"isPartOf\":{\"@id\":\"https:\/\/rotary.fi\/d1420\/#website\"},\"primaryImageOfPage\":{\"@id\":\"https:\/\/rotary.fi\/d1420\/kee-abel\/#primaryimage\"},\"image\":{\"@id\":\"https:\/\/rotary.fi\/d1420\/kee-abel\/#primaryimage\"},\"thumbnailUrl\":\"https:\/\/rotary.fi\/d1420\/wp-content\/uploads\/sites\/183\/2021\/12\/kee-pilt-2.jpeg\",\"datePublished\":\"2021-12-17T09:43:30+00:00\",\"dateModified\":\"2022-01-07T13:24:49+00:00\",\"breadcrumb\":{\"@id\":\"https:\/\/rotary.fi\/d1420\/kee-abel\/#breadcrumb\"},\"inLanguage\":\"fi\",\"potentialAction\":[{\"@type\":\"ReadAction\",\"target\":[\"https:\/\/rotary.fi\/d1420\/kee-abel\/\"]}]},{\"@type\":\"ImageObject\",\"inLanguage\":\"fi\",\"@id\":\"https:\/\/rotary.fi\/d1420\/kee-abel\/#primaryimage\",\"url\":\"https:\/\/rotary.fi\/d1420\/wp-content\/uploads\/sites\/183\/2021\/12\/kee-pilt-2.jpeg\",\"contentUrl\":\"https:\/\/rotary.fi\/d1420\/wp-content\/uploads\/sites\/183\/2021\/12\/kee-pilt-2.jpeg\",\"width\":481,\"height\":592},{\"@type\":\"BreadcrumbList\",\"@id\":\"https:\/\/rotary.fi\/d1420\/kee-abel\/#breadcrumb\",\"itemListElement\":[{\"@type\":\"ListItem\",\"position\":1,\"name\":\"Home\",\"item\":\"https:\/\/rotary.fi\/d1420\/\"},{\"@type\":\"ListItem\",\"position\":2,\"name\":\"Kee Abel\"}]},{\"@type\":\"WebSite\",\"@id\":\"https:\/\/rotary.fi\/d1420\/#website\",\"url\":\"https:\/\/rotary.fi\/d1420\/\",\"name\":\"Piiri 1420\",\"description\":\"Suomen Rotary\",\"potentialAction\":[{\"@type\":\"SearchAction\",\"target\":{\"@type\":\"EntryPoint\",\"urlTemplate\":\"https:\/\/rotary.fi\/d1420\/?s={search_term_string}\"},\"query-input\":{\"@type\":\"PropertyValueSpecification\",\"valueRequired\":true,\"valueName\":\"search_term_string\"}}],\"inLanguage\":\"fi\"}]}<\/script>\n<!-- \/ Yoast SEO plugin. -->","yoast_head_json":{"title":"Kee Abel - Piiri 1420","robots":{"index":"index","follow":"follow","max-snippet":"max-snippet:-1","max-image-preview":"max-image-preview:large","max-video-preview":"max-video-preview:-1"},"canonical":"https:\/\/rotary.fi\/d1420\/kee-abel\/","og_locale":"fi_FI","og_type":"article","og_title":"Kee Abel - Piiri 1420","og_description":"Rotary \u2013 mind arendav ja tegevuses hoidev hobi Kui mina esmakordselt, umbes 10 aastat tagasi, kuulsin Rotary liikumisest, oli selge, et see on koht kuhu ma soovin kuuluda. Minu hea s\u00f5ber Sirje Sirita Somelar oli sel hetkel juba aktiivne tegevliige Rotary organisatsioonis. Hakkasin tema seelikusabast kinni ja pidevalt avaldasin soovi samuti selle ettev\u00f5tmisega liituda. Sellest [&hellip;]","og_url":"https:\/\/rotary.fi\/d1420\/kee-abel\/","og_site_name":"Piiri 1420","article_publisher":"https:\/\/www.facebook.com\/rotary\/","article_modified_time":"2022-01-07T13:24:49+00:00","og_image":[{"url":"https:\/\/rotary.fi\/d1420\/wp-content\/uploads\/sites\/183\/2021\/12\/kee-pilt-2.jpeg","type":"","width":"","height":""}],"twitter_card":"summary_large_image","twitter_misc":{"Arvioitu lukuaika":"3 minuuttia"},"schema":{"@context":"https:\/\/schema.org","@graph":[{"@type":"WebPage","@id":"https:\/\/rotary.fi\/d1420\/kee-abel\/","url":"https:\/\/rotary.fi\/d1420\/kee-abel\/","name":"Kee Abel - Piiri 1420","isPartOf":{"@id":"https:\/\/rotary.fi\/d1420\/#website"},"primaryImageOfPage":{"@id":"https:\/\/rotary.fi\/d1420\/kee-abel\/#primaryimage"},"image":{"@id":"https:\/\/rotary.fi\/d1420\/kee-abel\/#primaryimage"},"thumbnailUrl":"https:\/\/rotary.fi\/d1420\/wp-content\/uploads\/sites\/183\/2021\/12\/kee-pilt-2.jpeg","datePublished":"2021-12-17T09:43:30+00:00","dateModified":"2022-01-07T13:24:49+00:00","breadcrumb":{"@id":"https:\/\/rotary.fi\/d1420\/kee-abel\/#breadcrumb"},"inLanguage":"fi","potentialAction":[{"@type":"ReadAction","target":["https:\/\/rotary.fi\/d1420\/kee-abel\/"]}]},{"@type":"ImageObject","inLanguage":"fi","@id":"https:\/\/rotary.fi\/d1420\/kee-abel\/#primaryimage","url":"https:\/\/rotary.fi\/d1420\/wp-content\/uploads\/sites\/183\/2021\/12\/kee-pilt-2.jpeg","contentUrl":"https:\/\/rotary.fi\/d1420\/wp-content\/uploads\/sites\/183\/2021\/12\/kee-pilt-2.jpeg","width":481,"height":592},{"@type":"BreadcrumbList","@id":"https:\/\/rotary.fi\/d1420\/kee-abel\/#breadcrumb","itemListElement":[{"@type":"ListItem","position":1,"name":"Home","item":"https:\/\/rotary.fi\/d1420\/"},{"@type":"ListItem","position":2,"name":"Kee Abel"}]},{"@type":"WebSite","@id":"https:\/\/rotary.fi\/d1420\/#website","url":"https:\/\/rotary.fi\/d1420\/","name":"Piiri 1420","description":"Suomen Rotary","potentialAction":[{"@type":"SearchAction","target":{"@type":"EntryPoint","urlTemplate":"https:\/\/rotary.fi\/d1420\/?s={search_term_string}"},"query-input":{"@type":"PropertyValueSpecification","valueRequired":true,"valueName":"search_term_string"}}],"inLanguage":"fi"}]}},"lang":"fi","translations":{"fi":6325},"pll_sync_post":[],"_links":{"self":[{"href":"https:\/\/rotary.fi\/d1420\/wp-json\/wp\/v2\/pages\/6325","targetHints":{"allow":["GET"]}}],"collection":[{"href":"https:\/\/rotary.fi\/d1420\/wp-json\/wp\/v2\/pages"}],"about":[{"href":"https:\/\/rotary.fi\/d1420\/wp-json\/wp\/v2\/types\/page"}],"author":[{"embeddable":true,"href":"https:\/\/rotary.fi\/d1420\/wp-json\/wp\/v2\/users\/413"}],"replies":[{"embeddable":true,"href":"https:\/\/rotary.fi\/d1420\/wp-json\/wp\/v2\/comments?post=6325"}],"version-history":[{"count":4,"href":"https:\/\/rotary.fi\/d1420\/wp-json\/wp\/v2\/pages\/6325\/revisions"}],"predecessor-version":[{"id":6376,"href":"https:\/\/rotary.fi\/d1420\/wp-json\/wp\/v2\/pages\/6325\/revisions\/6376"}],"wp:attachment":[{"href":"https:\/\/rotary.fi\/d1420\/wp-json\/wp\/v2\/media?parent=6325"}],"curies":[{"name":"wp","href":"https:\/\/api.w.org\/{rel}","templated":true}]}}