{"id":6308,"date":"2021-12-08T18:56:02","date_gmt":"2021-12-08T16:56:02","guid":{"rendered":"https:\/\/rotary.fi\/d1420\/?page_id=6308"},"modified":"2022-01-03T14:28:39","modified_gmt":"2022-01-03T12:28:39","slug":"essi-isomaki","status":"publish","type":"page","link":"https:\/\/rotary.fi\/d1420\/essi-isomaki\/","title":{"rendered":"Essi Isom\u00e4ki"},"content":{"rendered":"<h5>Rotariudessa yhdistyy monta hyv\u00e4\u00e4 ja t\u00e4rke\u00e4\u00e4 asiaa<\/h5>\n<p><img loading=\"lazy\" decoding=\"async\" class=\"alignnone wp-image-6319 size-large\" src=\"https:\/\/rotary.fi\/d1420\/wp-content\/uploads\/sites\/183\/2021\/12\/essi-joulu21-1024x768.jpg\" alt=\"\" width=\"1024\" height=\"768\" srcset=\"https:\/\/rotary.fi\/d1420\/wp-content\/uploads\/sites\/183\/2021\/12\/essi-joulu21-980x735.jpg 980w, https:\/\/rotary.fi\/d1420\/wp-content\/uploads\/sites\/183\/2021\/12\/essi-joulu21-480x360.jpg 480w\" sizes=\"(min-width: 0px) and (max-width: 480px) 480px, (min-width: 481px) and (max-width: 980px) 980px, (min-width: 981px) 1024px, 100vw\" \/><\/p>\n<p>Olen toiminut rotareissa nyt reilun vuoden. Rotareihin liittyminen kypsyi mieless\u00e4ni pikkuhiljaa. T\u00e4tini ja set\u00e4ni ovat toimineet rotareissa vuosikausia ja heid\u00e4n kauttaan olen saanut v\u00e4l\u00e4hdyksi\u00e4 toiminnasta. Perheess\u00e4ni oli my\u00f6s rotary-vaihto-oppilas, joskin olin itse silloin jo muuttanut pois kotoa. Olen nuorena toiminut aktiivisesti partiossa sek\u00e4 ainej\u00e4rjest\u00f6iss\u00e4, joten j\u00e4rjest\u00f6ty\u00f6 on aina ollut osa el\u00e4m\u00e4\u00e4ni.<\/p>\n<p>Kun tulin \u00e4idiksi, ei aikaa vaativan viestint\u00e4konsultin ty\u00f6n ja perheen lis\u00e4ksi paljon riitt\u00e4nyt muuhun. Nyt tytt\u00e4reni ovat jo 15 ja 12 ja alkoi tuntua silt\u00e4, ett\u00e4 haluaisin k\u00e4ytt\u00e4\u00e4 osaamistani ja aikaani johonkin yleishy\u00f6dylliseen.<\/p>\n<p>Rotareissa tuntuu yhdistyv\u00e4n monta hyv\u00e4\u00e4 asiaa: verkostoituminen oman kuplan ulkopuolelle, hyv\u00e4ntekev\u00e4isyys ja kansainv\u00e4lisyys. Itselleni on ollut t\u00e4rke\u00e4\u00e4, ett\u00e4 ilmasto- ja ymp\u00e4rist\u00f6kysymykset on nostettu rotareiden asialistalle. Vaikka olenkin sielultani mets\u00e4ihminen, on hienoa, ett\u00e4 l\u00f6ysin tieni klubiin, jossa ty\u00f6t\u00e4 It\u00e4meren hyv\u00e4ksi on tehty jo pitk\u00e4\u00e4n. Jatkossa aion osallistua siihen ja l\u00f6yt\u00e4\u00e4 paikkoja, joissa voin olla avuksi.<\/p>\n<h6>Enemm\u00e4n toimintaa ja v\u00e4hemm\u00e4n puhetta<\/h6>\n<p>Rotaryyn kuuluu jo 2 miljoonaa ihmist\u00e4 ymp\u00e4ri maailmaa. Ajattelen, ett\u00e4 jos haluan vaikuttaa ymp\u00e4rist\u00f6asioihin, on fiksua liitty\u00e4 jo valmiiksi toimeliaiden ihmisten kansainv\u00e4liseen yhteis\u00f6\u00f6n sen sijaan, ett\u00e4 vain lajittelisin roskia tai liittyisin johonkin pieneen kerhoon. Rotarit osaavat tehd\u00e4 vaikuttavia hankkeita, joilla on jo vuosikausia parannettu ihmisten el\u00e4m\u00e4\u00e4 ymp\u00e4ri maailmaa. En hetke\u00e4k\u00e4\u00e4n ep\u00e4ile, etteik\u00f6 t\u00e4llainen j\u00e4rjest\u00f6 pystyisi ratkomaan pala kerrallaan my\u00f6s ilmastonmuutokseen liittyvi\u00e4 haasteita valtioiden ja yritysten rinnalla.<\/p>\n<p>T\u00e4ll\u00e4 hetkell\u00e4 maailmaan tuntuu mahtuvan m\u00e4\u00e4r\u00e4tt\u00f6m\u00e4sti puhetta, mutta lopulta vain rajallisesti tekoja. Rotaryn tunnuslauseita ovat: \u201dpeople of action\u201d ja \u201dservice before self\u201d. Ne yhdess\u00e4 ovat hengelt\u00e4\u00e4n yll\u00e4tt\u00e4v\u00e4nkin l\u00e4hell\u00e4 partiolaisten mottoa, joka kuuluu \u201daina valmiina\u201d. Olenkin miettinyt, ett\u00e4 suurimmalle osalle tuntemistani partiolaisista Rotary voisi tarjota seuraavan askeleen, kun partiossa kapula siirtyy nuoremmille.<\/p>\n<p>Kielet ja kulttuurit ovat l\u00e4hell\u00e4 syd\u00e4nt\u00e4ni, joten odotan innolla ensi vuonna koittavaa pesti\u00e4 klubini vaihto-oppilasvastaavana. Toiveenani on joskus viel\u00e4 ottaa vaihto-oppilas meid\u00e4nkin perheeseemme, sill\u00e4 olemme puolisoni kanssa molemmat olleet aikanaan lukiovaihdossa. P\u00e4\u00e4sin osallistumaan my\u00f6s Prahassa j\u00e4rjestettyyn Rotary-instituuttiin. Oli kiinnostavaa tavata v\u00e4ke\u00e4 eri puolilta maailmaa ja kuulla Rotary-s\u00e4\u00e4ti\u00f6n toiminnasta.<\/p>\n<p>Oma rotariurani on vasta alussa. Juuri nyt pystyn irrottamaan toimintaan jonkun verran aikaa, mutta ehk\u00e4p\u00e4 tulevaisuudessa enemm\u00e4nkin. Klubistani on v\u00e4littynyt sellainen ajattelu, ett\u00e4 kukin voi osallistua omien resurssiensa puitteissa. Se on minusta t\u00e4rke\u00e4 ohjenuora.<\/p>\n<p>Haluaisitko ehk\u00e4 l\u00e4hte\u00e4 mukaan toimintaan? Ota yhteytt\u00e4 j\u00e4senkomitean puheenjohtaja Jari Paulam\u00e4keen, <a href=\"mailto:paulamakijari@gmail.com\">paulamakijari@gmail.com<\/a>.<\/p>\n","protected":false},"excerpt":{"rendered":"<p>Rotariudessa yhdistyy monta hyv\u00e4\u00e4 ja t\u00e4rke\u00e4\u00e4 asiaa Olen toiminut rotareissa nyt reilun vuoden. Rotareihin liittyminen kypsyi mieless\u00e4ni pikkuhiljaa. T\u00e4tini ja set\u00e4ni ovat toimineet rotareissa vuosikausia ja heid\u00e4n kauttaan olen saanut v\u00e4l\u00e4hdyksi\u00e4 toiminnasta. Perheess\u00e4ni oli my\u00f6s rotary-vaihto-oppilas, joskin olin itse silloin jo muuttanut pois kotoa. Olen nuorena toiminut aktiivisesti partiossa sek\u00e4 ainej\u00e4rjest\u00f6iss\u00e4, joten j\u00e4rjest\u00f6ty\u00f6 on aina [&hellip;]<\/p>\n","protected":false},"author":413,"featured_media":0,"parent":0,"menu_order":0,"comment_status":"closed","ping_status":"closed","template":"","meta":{"_acf_changed":false,"_et_pb_use_builder":"","_et_pb_old_content":"","_et_gb_content_width":"","footnotes":""},"class_list":["post-6308","page","type-page","status-publish","hentry"],"acf":[],"yoast_head":"<!-- This site is optimized with the Yoast SEO plugin v27.4 - https:\/\/yoast.com\/product\/yoast-seo-wordpress\/ -->\n<title>Essi Isom\u00e4ki - Piiri 1420<\/title>\n<meta name=\"robots\" content=\"index, follow, max-snippet:-1, max-image-preview:large, max-video-preview:-1\" \/>\n<link rel=\"canonical\" href=\"https:\/\/rotary.fi\/d1420\/essi-isomaki\/\" \/>\n<meta property=\"og:locale\" content=\"fi_FI\" \/>\n<meta property=\"og:type\" content=\"article\" \/>\n<meta property=\"og:title\" content=\"Essi Isom\u00e4ki - Piiri 1420\" \/>\n<meta property=\"og:description\" content=\"Rotariudessa yhdistyy monta hyv\u00e4\u00e4 ja t\u00e4rke\u00e4\u00e4 asiaa Olen toiminut rotareissa nyt reilun vuoden. Rotareihin liittyminen kypsyi mieless\u00e4ni pikkuhiljaa. T\u00e4tini ja set\u00e4ni ovat toimineet rotareissa vuosikausia ja heid\u00e4n kauttaan olen saanut v\u00e4l\u00e4hdyksi\u00e4 toiminnasta. Perheess\u00e4ni oli my\u00f6s rotary-vaihto-oppilas, joskin olin itse silloin jo muuttanut pois kotoa. Olen nuorena toiminut aktiivisesti partiossa sek\u00e4 ainej\u00e4rjest\u00f6iss\u00e4, joten j\u00e4rjest\u00f6ty\u00f6 on aina [&hellip;]\" \/>\n<meta property=\"og:url\" content=\"https:\/\/rotary.fi\/d1420\/essi-isomaki\/\" \/>\n<meta property=\"og:site_name\" content=\"Piiri 1420\" \/>\n<meta property=\"article:publisher\" content=\"https:\/\/www.facebook.com\/rotary\/\" \/>\n<meta property=\"article:modified_time\" content=\"2022-01-03T12:28:39+00:00\" \/>\n<meta property=\"og:image\" content=\"https:\/\/rotary.fi\/d1420\/wp-content\/uploads\/sites\/183\/2021\/12\/essi-joulu21-1024x768.jpg\" \/>\n<meta name=\"twitter:card\" content=\"summary_large_image\" \/>\n<meta name=\"twitter:label1\" content=\"Arvioitu lukuaika\" \/>\n\t<meta name=\"twitter:data1\" content=\"2 minuuttia\" \/>\n<script type=\"application\/ld+json\" class=\"yoast-schema-graph\">{\"@context\":\"https:\\\/\\\/schema.org\",\"@graph\":[{\"@type\":\"WebPage\",\"@id\":\"https:\\\/\\\/rotary.fi\\\/d1420\\\/essi-isomaki\\\/\",\"url\":\"https:\\\/\\\/rotary.fi\\\/d1420\\\/essi-isomaki\\\/\",\"name\":\"Essi Isom\u00e4ki - Piiri 1420\",\"isPartOf\":{\"@id\":\"https:\\\/\\\/rotary.fi\\\/d1420\\\/#website\"},\"primaryImageOfPage\":{\"@id\":\"https:\\\/\\\/rotary.fi\\\/d1420\\\/essi-isomaki\\\/#primaryimage\"},\"image\":{\"@id\":\"https:\\\/\\\/rotary.fi\\\/d1420\\\/essi-isomaki\\\/#primaryimage\"},\"thumbnailUrl\":\"https:\\\/\\\/rotary.fi\\\/d1420\\\/wp-content\\\/uploads\\\/sites\\\/183\\\/2021\\\/12\\\/essi-joulu21-1024x768.jpg\",\"datePublished\":\"2021-12-08T16:56:02+00:00\",\"dateModified\":\"2022-01-03T12:28:39+00:00\",\"breadcrumb\":{\"@id\":\"https:\\\/\\\/rotary.fi\\\/d1420\\\/essi-isomaki\\\/#breadcrumb\"},\"inLanguage\":\"fi\",\"potentialAction\":[{\"@type\":\"ReadAction\",\"target\":[\"https:\\\/\\\/rotary.fi\\\/d1420\\\/essi-isomaki\\\/\"]}]},{\"@type\":\"ImageObject\",\"inLanguage\":\"fi\",\"@id\":\"https:\\\/\\\/rotary.fi\\\/d1420\\\/essi-isomaki\\\/#primaryimage\",\"url\":\"https:\\\/\\\/rotary.fi\\\/d1420\\\/wp-content\\\/uploads\\\/sites\\\/183\\\/2021\\\/12\\\/essi-joulu21.jpg\",\"contentUrl\":\"https:\\\/\\\/rotary.fi\\\/d1420\\\/wp-content\\\/uploads\\\/sites\\\/183\\\/2021\\\/12\\\/essi-joulu21.jpg\",\"width\":2000,\"height\":1500},{\"@type\":\"BreadcrumbList\",\"@id\":\"https:\\\/\\\/rotary.fi\\\/d1420\\\/essi-isomaki\\\/#breadcrumb\",\"itemListElement\":[{\"@type\":\"ListItem\",\"position\":1,\"name\":\"Home\",\"item\":\"https:\\\/\\\/rotary.fi\\\/d1420\\\/\"},{\"@type\":\"ListItem\",\"position\":2,\"name\":\"Essi Isom\u00e4ki\"}]},{\"@type\":\"WebSite\",\"@id\":\"https:\\\/\\\/rotary.fi\\\/d1420\\\/#website\",\"url\":\"https:\\\/\\\/rotary.fi\\\/d1420\\\/\",\"name\":\"Piiri 1420\",\"description\":\"Suomen Rotary\",\"potentialAction\":[{\"@type\":\"SearchAction\",\"target\":{\"@type\":\"EntryPoint\",\"urlTemplate\":\"https:\\\/\\\/rotary.fi\\\/d1420\\\/?s={search_term_string}\"},\"query-input\":{\"@type\":\"PropertyValueSpecification\",\"valueRequired\":true,\"valueName\":\"search_term_string\"}}],\"inLanguage\":\"fi\"}]}<\/script>\n<!-- \/ Yoast SEO plugin. -->","yoast_head_json":{"title":"Essi Isom\u00e4ki - Piiri 1420","robots":{"index":"index","follow":"follow","max-snippet":"max-snippet:-1","max-image-preview":"max-image-preview:large","max-video-preview":"max-video-preview:-1"},"canonical":"https:\/\/rotary.fi\/d1420\/essi-isomaki\/","og_locale":"fi_FI","og_type":"article","og_title":"Essi Isom\u00e4ki - Piiri 1420","og_description":"Rotariudessa yhdistyy monta hyv\u00e4\u00e4 ja t\u00e4rke\u00e4\u00e4 asiaa Olen toiminut rotareissa nyt reilun vuoden. Rotareihin liittyminen kypsyi mieless\u00e4ni pikkuhiljaa. T\u00e4tini ja set\u00e4ni ovat toimineet rotareissa vuosikausia ja heid\u00e4n kauttaan olen saanut v\u00e4l\u00e4hdyksi\u00e4 toiminnasta. Perheess\u00e4ni oli my\u00f6s rotary-vaihto-oppilas, joskin olin itse silloin jo muuttanut pois kotoa. Olen nuorena toiminut aktiivisesti partiossa sek\u00e4 ainej\u00e4rjest\u00f6iss\u00e4, joten j\u00e4rjest\u00f6ty\u00f6 on aina [&hellip;]","og_url":"https:\/\/rotary.fi\/d1420\/essi-isomaki\/","og_site_name":"Piiri 1420","article_publisher":"https:\/\/www.facebook.com\/rotary\/","article_modified_time":"2022-01-03T12:28:39+00:00","og_image":[{"url":"https:\/\/rotary.fi\/d1420\/wp-content\/uploads\/sites\/183\/2021\/12\/essi-joulu21-1024x768.jpg","type":"","width":"","height":""}],"twitter_card":"summary_large_image","twitter_misc":{"Arvioitu lukuaika":"2 minuuttia"},"schema":{"@context":"https:\/\/schema.org","@graph":[{"@type":"WebPage","@id":"https:\/\/rotary.fi\/d1420\/essi-isomaki\/","url":"https:\/\/rotary.fi\/d1420\/essi-isomaki\/","name":"Essi Isom\u00e4ki - Piiri 1420","isPartOf":{"@id":"https:\/\/rotary.fi\/d1420\/#website"},"primaryImageOfPage":{"@id":"https:\/\/rotary.fi\/d1420\/essi-isomaki\/#primaryimage"},"image":{"@id":"https:\/\/rotary.fi\/d1420\/essi-isomaki\/#primaryimage"},"thumbnailUrl":"https:\/\/rotary.fi\/d1420\/wp-content\/uploads\/sites\/183\/2021\/12\/essi-joulu21-1024x768.jpg","datePublished":"2021-12-08T16:56:02+00:00","dateModified":"2022-01-03T12:28:39+00:00","breadcrumb":{"@id":"https:\/\/rotary.fi\/d1420\/essi-isomaki\/#breadcrumb"},"inLanguage":"fi","potentialAction":[{"@type":"ReadAction","target":["https:\/\/rotary.fi\/d1420\/essi-isomaki\/"]}]},{"@type":"ImageObject","inLanguage":"fi","@id":"https:\/\/rotary.fi\/d1420\/essi-isomaki\/#primaryimage","url":"https:\/\/rotary.fi\/d1420\/wp-content\/uploads\/sites\/183\/2021\/12\/essi-joulu21.jpg","contentUrl":"https:\/\/rotary.fi\/d1420\/wp-content\/uploads\/sites\/183\/2021\/12\/essi-joulu21.jpg","width":2000,"height":1500},{"@type":"BreadcrumbList","@id":"https:\/\/rotary.fi\/d1420\/essi-isomaki\/#breadcrumb","itemListElement":[{"@type":"ListItem","position":1,"name":"Home","item":"https:\/\/rotary.fi\/d1420\/"},{"@type":"ListItem","position":2,"name":"Essi Isom\u00e4ki"}]},{"@type":"WebSite","@id":"https:\/\/rotary.fi\/d1420\/#website","url":"https:\/\/rotary.fi\/d1420\/","name":"Piiri 1420","description":"Suomen Rotary","potentialAction":[{"@type":"SearchAction","target":{"@type":"EntryPoint","urlTemplate":"https:\/\/rotary.fi\/d1420\/?s={search_term_string}"},"query-input":{"@type":"PropertyValueSpecification","valueRequired":true,"valueName":"search_term_string"}}],"inLanguage":"fi"}]}},"lang":"fi","translations":{"fi":6308},"pll_sync_post":[],"_links":{"self":[{"href":"https:\/\/rotary.fi\/d1420\/wp-json\/wp\/v2\/pages\/6308","targetHints":{"allow":["GET"]}}],"collection":[{"href":"https:\/\/rotary.fi\/d1420\/wp-json\/wp\/v2\/pages"}],"about":[{"href":"https:\/\/rotary.fi\/d1420\/wp-json\/wp\/v2\/types\/page"}],"author":[{"embeddable":true,"href":"https:\/\/rotary.fi\/d1420\/wp-json\/wp\/v2\/users\/413"}],"replies":[{"embeddable":true,"href":"https:\/\/rotary.fi\/d1420\/wp-json\/wp\/v2\/comments?post=6308"}],"version-history":[{"count":8,"href":"https:\/\/rotary.fi\/d1420\/wp-json\/wp\/v2\/pages\/6308\/revisions"}],"predecessor-version":[{"id":6356,"href":"https:\/\/rotary.fi\/d1420\/wp-json\/wp\/v2\/pages\/6308\/revisions\/6356"}],"wp:attachment":[{"href":"https:\/\/rotary.fi\/d1420\/wp-json\/wp\/v2\/media?parent=6308"}],"curies":[{"name":"wp","href":"https:\/\/api.w.org\/{rel}","templated":true}]}}