{"id":6301,"date":"2021-12-08T17:26:39","date_gmt":"2021-12-08T15:26:39","guid":{"rendered":"https:\/\/rotary.fi\/d1420\/?page_id=6301"},"modified":"2022-01-03T14:27:39","modified_gmt":"2022-01-03T12:27:39","slug":"timo-lehesniemi","status":"publish","type":"page","link":"https:\/\/rotary.fi\/d1420\/timo-lehesniemi\/","title":{"rendered":"Timo Lehesniemi"},"content":{"rendered":"<h5>Miksi min\u00e4 rotarina?<\/h5>\n<p><img loading=\"lazy\" decoding=\"async\" class=\"alignnone wp-image-6304 size-full\" src=\"https:\/\/rotary.fi\/d1420\/wp-content\/uploads\/sites\/183\/2021\/12\/timo-lehesniemi.jpg\" alt=\"\" width=\"428\" height=\"640\" srcset=\"https:\/\/rotary.fi\/d1420\/wp-content\/uploads\/sites\/183\/2021\/12\/timo-lehesniemi.jpg 428w, https:\/\/rotary.fi\/d1420\/wp-content\/uploads\/sites\/183\/2021\/12\/timo-lehesniemi-201x300.jpg 201w\" sizes=\"(max-width: 428px) 100vw, 428px\" \/><\/p>\n<p>Aivan yksinkertaisesti; koska olen yllytyshullu &#x1f60a;. Er\u00e4\u00e4n\u00e4 p\u00e4iv\u00e4n\u00e4 sain kutsun yst\u00e4v\u00e4lt\u00e4ni tulla tutustumaan rotarien toimintaan. En ollut \u00a0juurikaan kuullut j\u00e4rjest\u00f6st\u00e4, mutta tyk\u00e4styin heti ajatukseen olla vaikuttamassa paikallisesti. Tyk\u00e4styin yhteis\u00f6llisyyteen, mahdollisuuteen vaikuttaa l\u00e4hiymp\u00e4rist\u00f6\u00f6ni. Minulle t\u00e4m\u00e4 on mielek\u00e4s tapa tehd\u00e4 yhteiskuntaa v\u00e4h\u00e4n paremmaksi.<\/p>\n<p>Meid\u00e4n klubissamme Porvoossa olemme tehneet vaikuttavaa ty\u00f6t\u00e4 nuorten syrj\u00e4ytymisen ehk\u00e4isemiseksi ja It\u00e4meren puhdistamiseksi. Ammennamme omalla toiminnallamme nuorille esimerkki\u00e4 ja kokemusta. Aina kun saamme muutaman nuoren integroitua yhteiskuntaan, olemme vaikuttaneet tulevaan tavalla, jota emme t\u00e4n\u00e4\u00e4n olisi osanneet ennustaa.<\/p>\n<p>Meid\u00e4n klubissamme on osaamista monelta saralta yhteiskunnasta ja eri ammateista. Yhdess\u00e4 olemme enemm\u00e4n. Yhteisty\u00f6mme oppilaitosten, nuorten johtamisvalmiuksien vahvistamisen ja kansainv\u00e4lisen nuorisovaihdon kanssa on samalla tavalla tulevaisuutta rakentavaa toimintaa.<\/p>\n<p>Nyt on aika her\u00e4tt\u00e4\u00e4 yhteis\u00f6llisyys! Rotareissa toimitaan yhteen hiileen puhaltaen yhteiskuntaa parantaen. Koen, ett\u00e4 t\u00e4m\u00e4 on paljon parempi vaikuttamisen keino kuin pelkk\u00e4 rahan lahjoittaminen. Rotarit ovat minulle Se parempi Paikka.<\/p>\n<p>Kiinnostuitko j\u00e4senyydest\u00e4? Ota yhteytt\u00e4 j\u00e4senkomitean puheenjohtaja Jari Paulam\u00e4keen, <a href=\"mailto:paulamakijari@gmail.com\">paulamakijari@gmail.com<\/a>.<\/p>\n<p>&nbsp;<\/p>\n","protected":false},"excerpt":{"rendered":"<p>Miksi min\u00e4 rotarina? Aivan yksinkertaisesti; koska olen yllytyshullu &#x1f60a;. Er\u00e4\u00e4n\u00e4 p\u00e4iv\u00e4n\u00e4 sain kutsun yst\u00e4v\u00e4lt\u00e4ni tulla tutustumaan rotarien toimintaan. En ollut \u00a0juurikaan kuullut j\u00e4rjest\u00f6st\u00e4, mutta tyk\u00e4styin heti ajatukseen olla vaikuttamassa paikallisesti. Tyk\u00e4styin yhteis\u00f6llisyyteen, mahdollisuuteen vaikuttaa l\u00e4hiymp\u00e4rist\u00f6\u00f6ni. Minulle t\u00e4m\u00e4 on mielek\u00e4s tapa tehd\u00e4 yhteiskuntaa v\u00e4h\u00e4n paremmaksi. Meid\u00e4n klubissamme Porvoossa olemme tehneet vaikuttavaa ty\u00f6t\u00e4 nuorten syrj\u00e4ytymisen ehk\u00e4isemiseksi ja [&hellip;]<\/p>\n","protected":false},"author":413,"featured_media":0,"parent":0,"menu_order":0,"comment_status":"closed","ping_status":"closed","template":"","meta":{"_acf_changed":false,"_et_pb_use_builder":"","_et_pb_old_content":"","_et_gb_content_width":"","footnotes":""},"class_list":["post-6301","page","type-page","status-publish","hentry"],"acf":[],"yoast_head":"<!-- This site is optimized with the Yoast SEO plugin v27.4 - https:\/\/yoast.com\/product\/yoast-seo-wordpress\/ -->\n<title>Timo Lehesniemi - Piiri 1420<\/title>\n<meta name=\"robots\" content=\"index, follow, max-snippet:-1, max-image-preview:large, max-video-preview:-1\" \/>\n<link rel=\"canonical\" href=\"https:\/\/rotary.fi\/d1420\/timo-lehesniemi\/\" \/>\n<meta property=\"og:locale\" content=\"fi_FI\" \/>\n<meta property=\"og:type\" content=\"article\" \/>\n<meta property=\"og:title\" content=\"Timo Lehesniemi - Piiri 1420\" \/>\n<meta property=\"og:description\" content=\"Miksi min\u00e4 rotarina? Aivan yksinkertaisesti; koska olen yllytyshullu &#x1f60a;. Er\u00e4\u00e4n\u00e4 p\u00e4iv\u00e4n\u00e4 sain kutsun yst\u00e4v\u00e4lt\u00e4ni tulla tutustumaan rotarien toimintaan. En ollut \u00a0juurikaan kuullut j\u00e4rjest\u00f6st\u00e4, mutta tyk\u00e4styin heti ajatukseen olla vaikuttamassa paikallisesti. Tyk\u00e4styin yhteis\u00f6llisyyteen, mahdollisuuteen vaikuttaa l\u00e4hiymp\u00e4rist\u00f6\u00f6ni. Minulle t\u00e4m\u00e4 on mielek\u00e4s tapa tehd\u00e4 yhteiskuntaa v\u00e4h\u00e4n paremmaksi. Meid\u00e4n klubissamme Porvoossa olemme tehneet vaikuttavaa ty\u00f6t\u00e4 nuorten syrj\u00e4ytymisen ehk\u00e4isemiseksi ja [&hellip;]\" \/>\n<meta property=\"og:url\" content=\"https:\/\/rotary.fi\/d1420\/timo-lehesniemi\/\" \/>\n<meta property=\"og:site_name\" content=\"Piiri 1420\" \/>\n<meta property=\"article:publisher\" content=\"https:\/\/www.facebook.com\/rotary\/\" \/>\n<meta property=\"article:modified_time\" content=\"2022-01-03T12:27:39+00:00\" \/>\n<meta property=\"og:image\" content=\"https:\/\/rotary.fi\/d1420\/wp-content\/uploads\/sites\/183\/2021\/12\/timo-lehesniemi.jpg\" \/>\n<meta name=\"twitter:card\" content=\"summary_large_image\" \/>\n<meta name=\"twitter:label1\" content=\"Arvioitu lukuaika\" \/>\n\t<meta name=\"twitter:data1\" content=\"1 minuutti\" \/>\n<script type=\"application\/ld+json\" class=\"yoast-schema-graph\">{\"@context\":\"https:\\\/\\\/schema.org\",\"@graph\":[{\"@type\":\"WebPage\",\"@id\":\"https:\\\/\\\/rotary.fi\\\/d1420\\\/timo-lehesniemi\\\/\",\"url\":\"https:\\\/\\\/rotary.fi\\\/d1420\\\/timo-lehesniemi\\\/\",\"name\":\"Timo Lehesniemi - Piiri 1420\",\"isPartOf\":{\"@id\":\"https:\\\/\\\/rotary.fi\\\/d1420\\\/#website\"},\"primaryImageOfPage\":{\"@id\":\"https:\\\/\\\/rotary.fi\\\/d1420\\\/timo-lehesniemi\\\/#primaryimage\"},\"image\":{\"@id\":\"https:\\\/\\\/rotary.fi\\\/d1420\\\/timo-lehesniemi\\\/#primaryimage\"},\"thumbnailUrl\":\"https:\\\/\\\/rotary.fi\\\/d1420\\\/wp-content\\\/uploads\\\/sites\\\/183\\\/2021\\\/12\\\/timo-lehesniemi.jpg\",\"datePublished\":\"2021-12-08T15:26:39+00:00\",\"dateModified\":\"2022-01-03T12:27:39+00:00\",\"breadcrumb\":{\"@id\":\"https:\\\/\\\/rotary.fi\\\/d1420\\\/timo-lehesniemi\\\/#breadcrumb\"},\"inLanguage\":\"fi\",\"potentialAction\":[{\"@type\":\"ReadAction\",\"target\":[\"https:\\\/\\\/rotary.fi\\\/d1420\\\/timo-lehesniemi\\\/\"]}]},{\"@type\":\"ImageObject\",\"inLanguage\":\"fi\",\"@id\":\"https:\\\/\\\/rotary.fi\\\/d1420\\\/timo-lehesniemi\\\/#primaryimage\",\"url\":\"https:\\\/\\\/rotary.fi\\\/d1420\\\/wp-content\\\/uploads\\\/sites\\\/183\\\/2021\\\/12\\\/timo-lehesniemi.jpg\",\"contentUrl\":\"https:\\\/\\\/rotary.fi\\\/d1420\\\/wp-content\\\/uploads\\\/sites\\\/183\\\/2021\\\/12\\\/timo-lehesniemi.jpg\",\"width\":428,\"height\":640},{\"@type\":\"BreadcrumbList\",\"@id\":\"https:\\\/\\\/rotary.fi\\\/d1420\\\/timo-lehesniemi\\\/#breadcrumb\",\"itemListElement\":[{\"@type\":\"ListItem\",\"position\":1,\"name\":\"Home\",\"item\":\"https:\\\/\\\/rotary.fi\\\/d1420\\\/\"},{\"@type\":\"ListItem\",\"position\":2,\"name\":\"Timo Lehesniemi\"}]},{\"@type\":\"WebSite\",\"@id\":\"https:\\\/\\\/rotary.fi\\\/d1420\\\/#website\",\"url\":\"https:\\\/\\\/rotary.fi\\\/d1420\\\/\",\"name\":\"Piiri 1420\",\"description\":\"Suomen Rotary\",\"potentialAction\":[{\"@type\":\"SearchAction\",\"target\":{\"@type\":\"EntryPoint\",\"urlTemplate\":\"https:\\\/\\\/rotary.fi\\\/d1420\\\/?s={search_term_string}\"},\"query-input\":{\"@type\":\"PropertyValueSpecification\",\"valueRequired\":true,\"valueName\":\"search_term_string\"}}],\"inLanguage\":\"fi\"}]}<\/script>\n<!-- \/ Yoast SEO plugin. -->","yoast_head_json":{"title":"Timo Lehesniemi - Piiri 1420","robots":{"index":"index","follow":"follow","max-snippet":"max-snippet:-1","max-image-preview":"max-image-preview:large","max-video-preview":"max-video-preview:-1"},"canonical":"https:\/\/rotary.fi\/d1420\/timo-lehesniemi\/","og_locale":"fi_FI","og_type":"article","og_title":"Timo Lehesniemi - Piiri 1420","og_description":"Miksi min\u00e4 rotarina? Aivan yksinkertaisesti; koska olen yllytyshullu &#x1f60a;. Er\u00e4\u00e4n\u00e4 p\u00e4iv\u00e4n\u00e4 sain kutsun yst\u00e4v\u00e4lt\u00e4ni tulla tutustumaan rotarien toimintaan. En ollut \u00a0juurikaan kuullut j\u00e4rjest\u00f6st\u00e4, mutta tyk\u00e4styin heti ajatukseen olla vaikuttamassa paikallisesti. Tyk\u00e4styin yhteis\u00f6llisyyteen, mahdollisuuteen vaikuttaa l\u00e4hiymp\u00e4rist\u00f6\u00f6ni. Minulle t\u00e4m\u00e4 on mielek\u00e4s tapa tehd\u00e4 yhteiskuntaa v\u00e4h\u00e4n paremmaksi. Meid\u00e4n klubissamme Porvoossa olemme tehneet vaikuttavaa ty\u00f6t\u00e4 nuorten syrj\u00e4ytymisen ehk\u00e4isemiseksi ja [&hellip;]","og_url":"https:\/\/rotary.fi\/d1420\/timo-lehesniemi\/","og_site_name":"Piiri 1420","article_publisher":"https:\/\/www.facebook.com\/rotary\/","article_modified_time":"2022-01-03T12:27:39+00:00","og_image":[{"url":"https:\/\/rotary.fi\/d1420\/wp-content\/uploads\/sites\/183\/2021\/12\/timo-lehesniemi.jpg","type":"","width":"","height":""}],"twitter_card":"summary_large_image","twitter_misc":{"Arvioitu lukuaika":"1 minuutti"},"schema":{"@context":"https:\/\/schema.org","@graph":[{"@type":"WebPage","@id":"https:\/\/rotary.fi\/d1420\/timo-lehesniemi\/","url":"https:\/\/rotary.fi\/d1420\/timo-lehesniemi\/","name":"Timo Lehesniemi - Piiri 1420","isPartOf":{"@id":"https:\/\/rotary.fi\/d1420\/#website"},"primaryImageOfPage":{"@id":"https:\/\/rotary.fi\/d1420\/timo-lehesniemi\/#primaryimage"},"image":{"@id":"https:\/\/rotary.fi\/d1420\/timo-lehesniemi\/#primaryimage"},"thumbnailUrl":"https:\/\/rotary.fi\/d1420\/wp-content\/uploads\/sites\/183\/2021\/12\/timo-lehesniemi.jpg","datePublished":"2021-12-08T15:26:39+00:00","dateModified":"2022-01-03T12:27:39+00:00","breadcrumb":{"@id":"https:\/\/rotary.fi\/d1420\/timo-lehesniemi\/#breadcrumb"},"inLanguage":"fi","potentialAction":[{"@type":"ReadAction","target":["https:\/\/rotary.fi\/d1420\/timo-lehesniemi\/"]}]},{"@type":"ImageObject","inLanguage":"fi","@id":"https:\/\/rotary.fi\/d1420\/timo-lehesniemi\/#primaryimage","url":"https:\/\/rotary.fi\/d1420\/wp-content\/uploads\/sites\/183\/2021\/12\/timo-lehesniemi.jpg","contentUrl":"https:\/\/rotary.fi\/d1420\/wp-content\/uploads\/sites\/183\/2021\/12\/timo-lehesniemi.jpg","width":428,"height":640},{"@type":"BreadcrumbList","@id":"https:\/\/rotary.fi\/d1420\/timo-lehesniemi\/#breadcrumb","itemListElement":[{"@type":"ListItem","position":1,"name":"Home","item":"https:\/\/rotary.fi\/d1420\/"},{"@type":"ListItem","position":2,"name":"Timo Lehesniemi"}]},{"@type":"WebSite","@id":"https:\/\/rotary.fi\/d1420\/#website","url":"https:\/\/rotary.fi\/d1420\/","name":"Piiri 1420","description":"Suomen Rotary","potentialAction":[{"@type":"SearchAction","target":{"@type":"EntryPoint","urlTemplate":"https:\/\/rotary.fi\/d1420\/?s={search_term_string}"},"query-input":{"@type":"PropertyValueSpecification","valueRequired":true,"valueName":"search_term_string"}}],"inLanguage":"fi"}]}},"lang":"fi","translations":{"fi":6301},"pll_sync_post":[],"_links":{"self":[{"href":"https:\/\/rotary.fi\/d1420\/wp-json\/wp\/v2\/pages\/6301","targetHints":{"allow":["GET"]}}],"collection":[{"href":"https:\/\/rotary.fi\/d1420\/wp-json\/wp\/v2\/pages"}],"about":[{"href":"https:\/\/rotary.fi\/d1420\/wp-json\/wp\/v2\/types\/page"}],"author":[{"embeddable":true,"href":"https:\/\/rotary.fi\/d1420\/wp-json\/wp\/v2\/users\/413"}],"replies":[{"embeddable":true,"href":"https:\/\/rotary.fi\/d1420\/wp-json\/wp\/v2\/comments?post=6301"}],"version-history":[{"count":5,"href":"https:\/\/rotary.fi\/d1420\/wp-json\/wp\/v2\/pages\/6301\/revisions"}],"predecessor-version":[{"id":6355,"href":"https:\/\/rotary.fi\/d1420\/wp-json\/wp\/v2\/pages\/6301\/revisions\/6355"}],"wp:attachment":[{"href":"https:\/\/rotary.fi\/d1420\/wp-json\/wp\/v2\/media?parent=6301"}],"curies":[{"name":"wp","href":"https:\/\/api.w.org\/{rel}","templated":true}]}}