{"id":6290,"date":"2021-12-08T17:15:05","date_gmt":"2021-12-08T15:15:05","guid":{"rendered":"https:\/\/rotary.fi\/d1420\/?page_id=6290"},"modified":"2022-01-03T14:23:05","modified_gmt":"2022-01-03T12:23:05","slug":"mika-suortti","status":"publish","type":"page","link":"https:\/\/rotary.fi\/d1420\/mika-suortti\/","title":{"rendered":"Mika Suortti"},"content":{"rendered":"<h3>\u201dRotarius on antanut el\u00e4m\u00e4\u00e4ni laajan perspektiivin\u201d<\/h3>\n<p>&nbsp;<\/p>\n<p><img loading=\"lazy\" decoding=\"async\" class=\"alignnone wp-image-6291 size-full\" src=\"https:\/\/rotary.fi\/d1420\/wp-content\/uploads\/sites\/183\/2021\/11\/mika-suortti.jpg\" alt=\"\" width=\"640\" height=\"480\" srcset=\"https:\/\/rotary.fi\/d1420\/wp-content\/uploads\/sites\/183\/2021\/11\/mika-suortti.jpg 640w, https:\/\/rotary.fi\/d1420\/wp-content\/uploads\/sites\/183\/2021\/11\/mika-suortti-480x360.jpg 480w\" sizes=\"(min-width: 0px) and (max-width: 480px) 480px, (min-width: 481px) 640px, 100vw\" \/><\/p>\n<p>Helsinkil\u00e4inen suorahakukonsultti Mika Suortti on ollut rotari jo liki puolet el\u00e4m\u00e4st\u00e4\u00e4n. Kollega innosti aikanaan mukaan toimintaan, ja mallia Mika oli saanut jo isois\u00e4lt\u00e4, joka kuului rotareihin.<\/p>\n<p>\u201dAjattelin, ett\u00e4 nuorena ammattilaisena voisin rotareissa saada laajan k\u00e4sityksen yhteiskunnasta ja kansainv\u00e4lisist\u00e4 asioista, eli takana oli puhtaasti omaan kehittymiseen liittyv\u00e4 motivaatio. T\u00e4m\u00e4 onkin vuosien aikana toteutunut yli odotusten. Viikoittaisissa kokoontumisissa olen saanut vuosien ajan kuulla erinomaisia esityksi\u00e4 el\u00e4m\u00e4n eri aloilta ja tutustunut ihmisiin, joita en olisi muuten kohdannut\u201d, Mika kuvailee.<\/p>\n<p>T\u00e4rke\u00e4ksi Mikalle on noussut my\u00f6s hyv\u00e4n tekeminen. Se, ett\u00e4 voi konkreettisesti osallistua t\u00e4rkeiden asioiden edist\u00e4miseen ja antaa takaisin sit\u00e4 hyv\u00e4\u00e4, mit\u00e4 el\u00e4m\u00e4 on itselle suonut.<\/p>\n<h5>Paljon hyv\u00e4\u00e4 aikaan yhdess\u00e4<\/h5>\n<p>\u201dL\u00e4hell\u00e4 syd\u00e4nt\u00e4 minulla on nuoret ja heid\u00e4n el\u00e4m\u00e4npolkunsa. Meill\u00e4 t\u00e4rke\u00e4 osa toimintaa on nuorisovaihto, jonka kautta nuoren on turvallista ja edullista tutustua toisen maan kulttuuriin, tapoihin ja ihmisiin\u201d, Mika kertoo.<\/p>\n<p>Rotarit j\u00e4rjest\u00e4v\u00e4t vuosittain l\u00e4hes jokaisella suurehkolla paikkakunnalla jonkun nuoren vaihto-oppilasvuoden ja ottavat samalla vastaan toisen nuoren jostain p\u00e4in maailmaa. Lis\u00e4ksi nuorille on tarjolla johtajakoulutusta ja omaa klubitoimintaa.<\/p>\n<p>Toinen Mikalle t\u00e4rke\u00e4 aihe on It\u00e4meri, joka on edelleen yksi maailman saastuneimmista merist\u00e4. Sen suojelemiseksi rotarit tekev\u00e4t paljon ty\u00f6t\u00e4: mm. lahjoittavat rahaa erilaisilla kampanjoilla, siivoavat rantoja ja jakavat It\u00e4meri-tietoutta kouluissa.<\/p>\n<p>\u201dKun tehd\u00e4\u00e4n yhdess\u00e4, saadaan asioita aikaan. Moni meid\u00e4n hankkeemme on hyvin kansainv\u00e4linen, kuten polion poistaminen maailmasta. Maailmanlaajuisessa rotariperheess\u00e4 on yli miljoona j\u00e4sent\u00e4, ja matkustipa melkein mihin maahan tahansa, on helppo tutustua paikallisiin ihmisiin\u201d, Mika sanoo.<\/p>\n<p>Kiinnostuitko j\u00e4senyydest\u00e4? Ota yhteytt\u00e4 Jari Paulam\u00e4keen,<a href=\"mailto:paulamakijari@gmail.com\"> paulamakijari@gmail.com<\/a><\/p>\n<p>&nbsp;<\/p>\n","protected":false},"excerpt":{"rendered":"<p>\u201dRotarius on antanut el\u00e4m\u00e4\u00e4ni laajan perspektiivin\u201d &nbsp; Helsinkil\u00e4inen suorahakukonsultti Mika Suortti on ollut rotari jo liki puolet el\u00e4m\u00e4st\u00e4\u00e4n. Kollega innosti aikanaan mukaan toimintaan, ja mallia Mika oli saanut jo isois\u00e4lt\u00e4, joka kuului rotareihin. \u201dAjattelin, ett\u00e4 nuorena ammattilaisena voisin rotareissa saada laajan k\u00e4sityksen yhteiskunnasta ja kansainv\u00e4lisist\u00e4 asioista, eli takana oli puhtaasti omaan kehittymiseen liittyv\u00e4 motivaatio. T\u00e4m\u00e4 [&hellip;]<\/p>\n","protected":false},"author":413,"featured_media":0,"parent":0,"menu_order":0,"comment_status":"closed","ping_status":"closed","template":"","meta":{"_acf_changed":false,"_et_pb_use_builder":"","_et_pb_old_content":"","_et_gb_content_width":"","footnotes":""},"class_list":["post-6290","page","type-page","status-publish","hentry"],"acf":[],"yoast_head":"<!-- This site is optimized with the Yoast SEO plugin v27.0 - https:\/\/yoast.com\/product\/yoast-seo-wordpress\/ -->\n<title>Mika Suortti - Piiri 1420<\/title>\n<meta name=\"robots\" content=\"index, follow, max-snippet:-1, max-image-preview:large, max-video-preview:-1\" \/>\n<link rel=\"canonical\" href=\"https:\/\/rotary.fi\/d1420\/mika-suortti\/\" \/>\n<meta property=\"og:locale\" content=\"fi_FI\" \/>\n<meta property=\"og:type\" content=\"article\" \/>\n<meta property=\"og:title\" content=\"Mika Suortti - Piiri 1420\" \/>\n<meta property=\"og:description\" content=\"\u201dRotarius on antanut el\u00e4m\u00e4\u00e4ni laajan perspektiivin\u201d &nbsp; Helsinkil\u00e4inen suorahakukonsultti Mika Suortti on ollut rotari jo liki puolet el\u00e4m\u00e4st\u00e4\u00e4n. Kollega innosti aikanaan mukaan toimintaan, ja mallia Mika oli saanut jo isois\u00e4lt\u00e4, joka kuului rotareihin. \u201dAjattelin, ett\u00e4 nuorena ammattilaisena voisin rotareissa saada laajan k\u00e4sityksen yhteiskunnasta ja kansainv\u00e4lisist\u00e4 asioista, eli takana oli puhtaasti omaan kehittymiseen liittyv\u00e4 motivaatio. T\u00e4m\u00e4 [&hellip;]\" \/>\n<meta property=\"og:url\" content=\"https:\/\/rotary.fi\/d1420\/mika-suortti\/\" \/>\n<meta property=\"og:site_name\" content=\"Piiri 1420\" \/>\n<meta property=\"article:publisher\" content=\"https:\/\/www.facebook.com\/rotary\/\" \/>\n<meta property=\"article:modified_time\" content=\"2022-01-03T12:23:05+00:00\" \/>\n<meta property=\"og:image\" content=\"https:\/\/rotary.fi\/d1420\/wp-content\/uploads\/sites\/183\/2021\/11\/mika-suortti.jpg\" \/>\n<meta name=\"twitter:card\" content=\"summary_large_image\" \/>\n<meta name=\"twitter:label1\" content=\"Arvioitu lukuaika\" \/>\n\t<meta name=\"twitter:data1\" content=\"2 minuuttia\" \/>\n<script type=\"application\/ld+json\" class=\"yoast-schema-graph\">{\"@context\":\"https:\/\/schema.org\",\"@graph\":[{\"@type\":\"WebPage\",\"@id\":\"https:\/\/rotary.fi\/d1420\/mika-suortti\/\",\"url\":\"https:\/\/rotary.fi\/d1420\/mika-suortti\/\",\"name\":\"Mika Suortti - Piiri 1420\",\"isPartOf\":{\"@id\":\"https:\/\/rotary.fi\/d1420\/#website\"},\"primaryImageOfPage\":{\"@id\":\"https:\/\/rotary.fi\/d1420\/mika-suortti\/#primaryimage\"},\"image\":{\"@id\":\"https:\/\/rotary.fi\/d1420\/mika-suortti\/#primaryimage\"},\"thumbnailUrl\":\"https:\/\/rotary.fi\/d1420\/wp-content\/uploads\/sites\/183\/2021\/11\/mika-suortti.jpg\",\"datePublished\":\"2021-12-08T15:15:05+00:00\",\"dateModified\":\"2022-01-03T12:23:05+00:00\",\"breadcrumb\":{\"@id\":\"https:\/\/rotary.fi\/d1420\/mika-suortti\/#breadcrumb\"},\"inLanguage\":\"fi\",\"potentialAction\":[{\"@type\":\"ReadAction\",\"target\":[\"https:\/\/rotary.fi\/d1420\/mika-suortti\/\"]}]},{\"@type\":\"ImageObject\",\"inLanguage\":\"fi\",\"@id\":\"https:\/\/rotary.fi\/d1420\/mika-suortti\/#primaryimage\",\"url\":\"https:\/\/rotary.fi\/d1420\/wp-content\/uploads\/sites\/183\/2021\/11\/mika-suortti.jpg\",\"contentUrl\":\"https:\/\/rotary.fi\/d1420\/wp-content\/uploads\/sites\/183\/2021\/11\/mika-suortti.jpg\",\"width\":640,\"height\":480},{\"@type\":\"BreadcrumbList\",\"@id\":\"https:\/\/rotary.fi\/d1420\/mika-suortti\/#breadcrumb\",\"itemListElement\":[{\"@type\":\"ListItem\",\"position\":1,\"name\":\"Home\",\"item\":\"https:\/\/rotary.fi\/d1420\/\"},{\"@type\":\"ListItem\",\"position\":2,\"name\":\"Mika Suortti\"}]},{\"@type\":\"WebSite\",\"@id\":\"https:\/\/rotary.fi\/d1420\/#website\",\"url\":\"https:\/\/rotary.fi\/d1420\/\",\"name\":\"Piiri 1420\",\"description\":\"Suomen Rotary\",\"potentialAction\":[{\"@type\":\"SearchAction\",\"target\":{\"@type\":\"EntryPoint\",\"urlTemplate\":\"https:\/\/rotary.fi\/d1420\/?s={search_term_string}\"},\"query-input\":{\"@type\":\"PropertyValueSpecification\",\"valueRequired\":true,\"valueName\":\"search_term_string\"}}],\"inLanguage\":\"fi\"}]}<\/script>\n<!-- \/ Yoast SEO plugin. -->","yoast_head_json":{"title":"Mika Suortti - Piiri 1420","robots":{"index":"index","follow":"follow","max-snippet":"max-snippet:-1","max-image-preview":"max-image-preview:large","max-video-preview":"max-video-preview:-1"},"canonical":"https:\/\/rotary.fi\/d1420\/mika-suortti\/","og_locale":"fi_FI","og_type":"article","og_title":"Mika Suortti - Piiri 1420","og_description":"\u201dRotarius on antanut el\u00e4m\u00e4\u00e4ni laajan perspektiivin\u201d &nbsp; Helsinkil\u00e4inen suorahakukonsultti Mika Suortti on ollut rotari jo liki puolet el\u00e4m\u00e4st\u00e4\u00e4n. Kollega innosti aikanaan mukaan toimintaan, ja mallia Mika oli saanut jo isois\u00e4lt\u00e4, joka kuului rotareihin. \u201dAjattelin, ett\u00e4 nuorena ammattilaisena voisin rotareissa saada laajan k\u00e4sityksen yhteiskunnasta ja kansainv\u00e4lisist\u00e4 asioista, eli takana oli puhtaasti omaan kehittymiseen liittyv\u00e4 motivaatio. T\u00e4m\u00e4 [&hellip;]","og_url":"https:\/\/rotary.fi\/d1420\/mika-suortti\/","og_site_name":"Piiri 1420","article_publisher":"https:\/\/www.facebook.com\/rotary\/","article_modified_time":"2022-01-03T12:23:05+00:00","og_image":[{"url":"https:\/\/rotary.fi\/d1420\/wp-content\/uploads\/sites\/183\/2021\/11\/mika-suortti.jpg","type":"","width":"","height":""}],"twitter_card":"summary_large_image","twitter_misc":{"Arvioitu lukuaika":"2 minuuttia"},"schema":{"@context":"https:\/\/schema.org","@graph":[{"@type":"WebPage","@id":"https:\/\/rotary.fi\/d1420\/mika-suortti\/","url":"https:\/\/rotary.fi\/d1420\/mika-suortti\/","name":"Mika Suortti - Piiri 1420","isPartOf":{"@id":"https:\/\/rotary.fi\/d1420\/#website"},"primaryImageOfPage":{"@id":"https:\/\/rotary.fi\/d1420\/mika-suortti\/#primaryimage"},"image":{"@id":"https:\/\/rotary.fi\/d1420\/mika-suortti\/#primaryimage"},"thumbnailUrl":"https:\/\/rotary.fi\/d1420\/wp-content\/uploads\/sites\/183\/2021\/11\/mika-suortti.jpg","datePublished":"2021-12-08T15:15:05+00:00","dateModified":"2022-01-03T12:23:05+00:00","breadcrumb":{"@id":"https:\/\/rotary.fi\/d1420\/mika-suortti\/#breadcrumb"},"inLanguage":"fi","potentialAction":[{"@type":"ReadAction","target":["https:\/\/rotary.fi\/d1420\/mika-suortti\/"]}]},{"@type":"ImageObject","inLanguage":"fi","@id":"https:\/\/rotary.fi\/d1420\/mika-suortti\/#primaryimage","url":"https:\/\/rotary.fi\/d1420\/wp-content\/uploads\/sites\/183\/2021\/11\/mika-suortti.jpg","contentUrl":"https:\/\/rotary.fi\/d1420\/wp-content\/uploads\/sites\/183\/2021\/11\/mika-suortti.jpg","width":640,"height":480},{"@type":"BreadcrumbList","@id":"https:\/\/rotary.fi\/d1420\/mika-suortti\/#breadcrumb","itemListElement":[{"@type":"ListItem","position":1,"name":"Home","item":"https:\/\/rotary.fi\/d1420\/"},{"@type":"ListItem","position":2,"name":"Mika Suortti"}]},{"@type":"WebSite","@id":"https:\/\/rotary.fi\/d1420\/#website","url":"https:\/\/rotary.fi\/d1420\/","name":"Piiri 1420","description":"Suomen Rotary","potentialAction":[{"@type":"SearchAction","target":{"@type":"EntryPoint","urlTemplate":"https:\/\/rotary.fi\/d1420\/?s={search_term_string}"},"query-input":{"@type":"PropertyValueSpecification","valueRequired":true,"valueName":"search_term_string"}}],"inLanguage":"fi"}]}},"lang":"fi","translations":{"fi":6290},"pll_sync_post":[],"_links":{"self":[{"href":"https:\/\/rotary.fi\/d1420\/wp-json\/wp\/v2\/pages\/6290","targetHints":{"allow":["GET"]}}],"collection":[{"href":"https:\/\/rotary.fi\/d1420\/wp-json\/wp\/v2\/pages"}],"about":[{"href":"https:\/\/rotary.fi\/d1420\/wp-json\/wp\/v2\/types\/page"}],"author":[{"embeddable":true,"href":"https:\/\/rotary.fi\/d1420\/wp-json\/wp\/v2\/users\/413"}],"replies":[{"embeddable":true,"href":"https:\/\/rotary.fi\/d1420\/wp-json\/wp\/v2\/comments?post=6290"}],"version-history":[{"count":7,"href":"https:\/\/rotary.fi\/d1420\/wp-json\/wp\/v2\/pages\/6290\/revisions"}],"predecessor-version":[{"id":6352,"href":"https:\/\/rotary.fi\/d1420\/wp-json\/wp\/v2\/pages\/6290\/revisions\/6352"}],"wp:attachment":[{"href":"https:\/\/rotary.fi\/d1420\/wp-json\/wp\/v2\/media?parent=6290"}],"curies":[{"name":"wp","href":"https:\/\/api.w.org\/{rel}","templated":true}]}}