{"id":6282,"date":"2021-12-08T17:15:42","date_gmt":"2021-12-08T15:15:42","guid":{"rendered":"https:\/\/rotary.fi\/d1420\/?page_id=6282"},"modified":"2022-01-03T14:26:37","modified_gmt":"2022-01-03T12:26:37","slug":"tiina-maria-niemi","status":"publish","type":"page","link":"https:\/\/rotary.fi\/d1420\/tiina-maria-niemi\/","title":{"rendered":"Tiina-Maria Niemi"},"content":{"rendered":"<h3>\u201dOlen l\u00f6yt\u00e4nyt Rotaractin ja Rotaryn kautta hirmuisen paljon hienoja ihmissuhteita\u201d<\/h3>\n<p>&nbsp;<\/p>\n<p><img loading=\"lazy\" decoding=\"async\" class=\"alignnone wp-image-6284 size-large\" src=\"https:\/\/rotary.fi\/d1420\/wp-content\/uploads\/sites\/183\/2021\/11\/tiina-maria-niemi-1024x768.jpg\" alt=\"Rotaract Tiina-Maria Niemi\" width=\"1024\" height=\"768\" srcset=\"https:\/\/rotary.fi\/d1420\/wp-content\/uploads\/sites\/183\/2021\/11\/tiina-maria-niemi-980x735.jpg 980w, https:\/\/rotary.fi\/d1420\/wp-content\/uploads\/sites\/183\/2021\/11\/tiina-maria-niemi-480x360.jpg 480w\" sizes=\"(min-width: 0px) and (max-width: 480px) 480px, (min-width: 481px) and (max-width: 980px) 980px, (min-width: 981px) 1024px, 100vw\" \/><\/p>\n<p>Keravalaiselle Tiina-Maria Niemelle el\u00e4m\u00e4ss\u00e4 t\u00e4rke\u00e4\u00e4 on sosiaalinen, taloudellinen ja ymp\u00e4rist\u00f6llinen kest\u00e4vyys. Se, ett\u00e4 yhdess\u00e4 ratkaistaan ongelmia, jotka palvelevat mahdollisimman monia ihmisi\u00e4. T\u00e4t\u00e4 teht\u00e4v\u00e4\u00e4 h\u00e4n saa toteuttaa niin ty\u00f6ss\u00e4\u00e4n innovaation ja liiketoiminnan analyytikkona kuin Rotaract-toiminnassa.<\/p>\n<p>\u201dRotaract on antanut minulle tosi paljon. Meit\u00e4 Rotaractissa sek\u00e4 Rotaryssa yhdist\u00e4\u00e4 se, ett\u00e4 haluamme antaa aikaa, oppia ja tehd\u00e4 asioita paremman maailman eteen. Samalla olen kuullut paljon uusia n\u00e4kemyksi\u00e4 ja tavannut sellaisia kontakteja sek\u00e4 tuttavuuksia, joita en olisi tavannut muualla el\u00e4m\u00e4ss\u00e4\u201d, Tiina-Maria kuvailee.<\/p>\n<p>Rotary-toimintaan kuuluvat Rotaract klubit kokoavat noin 18-35v nuoria aikuisia verkostoitumaan, antavat mahdollisuuksia soveltaa ja oppia mm. johtamis-, markkinointi- ja yhteisty\u00f6taitoja sek\u00e4 vaikuttaa ymp\u00e4rist\u00f6n hyvinvointiin erilaisten projektien avulla.<\/p>\n<p>Tiina on ollut toiminnassa nelj\u00e4 vuotta. H\u00e4n n\u00e4ki Vaasassa asuessaan yliopiston kahvilassa esitteen, oli utelias ja l\u00e4hti mukaan Rotaractin tutustumisiltaan. T\u00e4t\u00e4 ennen h\u00e4n tiesi jo jotain Rotareista: Satakunnan ammattikorkeakoulussa opiskellessaan h\u00e4n oli saanut rotareilta opiskelijastipendin Moskovan vaihtoonsa ja siell\u00e4 ollessaan innostui toimimaan kansainv\u00e4lisess\u00e4 rotariklubissa assistenttina.<\/p>\n<h5>Molekyylivirologiasta asunnon ostovinkkeihin<\/h5>\n<p>Tiina on ja on ollut mukana Vaasan, Helsingin sek\u00e4 Suomen Rotaractissa. Viimeisimm\u00e4ksi h\u00e4n on toiminut Suomen Rotaractin presidenttin\u00e4 ja Helsingin varapresidenttin\u00e4 2020-2021. Eriklubit ja toiminnan tasot toimivat hiukan erilailla, mutta niiss\u00e4 kaikissa on sama yhdess\u00e4 tekemisen meininki. Helsingin sek\u00e4 Vaasan Rotaract klubeissa on ollut kokouksia noin kaksi kertaa kuussa. Puolet kokouksista on rentoja ja toisella puolikkaalla on usein luvassa esim. puhuja, tekemisen aihe, projektin suunnittelua tai vastaavaa. Toimintaa suunnitellaan ja tehd\u00e4\u00e4n yhdess\u00e4 klubin j\u00e4senten kiinnostusten mukaisesti ja kaikkia tsempataan soveltamaan taitojaan Rotaractin kautta k\u00e4yt\u00e4nn\u00f6ss\u00e4.<\/p>\n<p>Esimerkkej\u00e4 siit\u00e4 mit\u00e4 Rotaract toiminta k\u00e4yt\u00e4nn\u00f6ss\u00e4 voi olla on \u201dBuy One, Give One\u201d\/\u201dBuy One More\u201d-kamppanjan j\u00e4rjest\u00e4minen, eli menn\u00e4\u00e4n koko klubina kaupan ovelle, kannustetaan ihmisi\u00e4 ostamaan \u201dyksi tuote lis\u00e4\u00e4\u201d ja yhteisty\u00f6kumppanin kautta vied\u00e4\u00e4n tuotteet suoraan niit\u00e4 tarvitseville. Esim. Vaasa Rotaractissa teimme muun muassa t\u00e4llaisen projektin HOPE ry:n kanssa. Sis\u00e4isesti teimme yhteisty\u00f6kumppanien etsint\u00e4\u00e4, mainontaa ja viestint\u00e4\u00e4. Kaiken kaikkiaan projekti antoi mahdollisuuden tehd\u00e4 hyv\u00e4\u00e4, soveltaa koulussa opittua k\u00e4yt\u00e4nn\u00f6ss\u00e4 ja tarjosi vaihtoehdon projektin vet\u00e4j\u00e4lle harkita laittaa asia CV:heens\u00e4.<\/p>\n<p>&#8221;Helsingin Rotaractissa meill\u00e4 on nyt ollut kiert\u00e4v\u00e4 kapula klubin j\u00e4senten kesken. Ideana on ollut opettaa muille j\u00e4senille oman osaamisen perusteella jotain uutta. Aiheita on ollut molekyylivirologiasta asunnon ostovinkkeihin.&#8221;<\/p>\n<p>Rotaract toiminta voi olla paikallista, kansallista ja kansainv\u00e4list\u00e4 edustamista, viestint\u00e4\u00e4, projektin hallintaa tai vaikka seminaarin j\u00e4rjest\u00e4mist\u00e4, kuten nyt on vireill\u00e4 NordAct:in j\u00e4rjest\u00e4misess\u00e4. NorAct on pohjoismaalainen kiert\u00e4v\u00e4 konferenssi, johon Rotaract maaj\u00e4rjest\u00f6t ja klubit voivat osallistua, oppia toisiltaan, pit\u00e4\u00e4 hauskaa ja ideoida, miten yhdess\u00e4 tekemisen kautta voisimme tehd\u00e4 enemm\u00e4n.<\/p>\n<p>Rotaract tuo yhteen hauskan sek\u00e4 merkityksellisen yhdess\u00e4 tekemisen, oppimisen ja samanhenkisiin ihmisiin tutustumisen. Rotaract toimintaa on Helsingiss\u00e4, Espoossa, Tampereella, Turussa, Turun seuduilla, H\u00e4meenlinnassa, Parkanossa, Oulussa, Vaasassa, Rovaniemell\u00e4, Lappeenrannassa ja Lahdessa. Jokaisen klubin toiminta on omann\u00e4k\u00f6ist\u00e4ns\u00e4 ja jotkin klubit vasta aloittelemassa, mutta sosiaalisen median kautta heihin kaikkiin saa yhteyden ja toimintaan voi tutustua ilman mink\u00e4\u00e4nlaisia sitoumuksia.<\/p>\n<p>Kiinnostuitko? Haluaisitko ehk\u00e4 l\u00e4hte\u00e4 mukaan toimintaan? Ota yhteytt\u00e4 j\u00e4senkomitean puheenjohtaja Jari Paulam\u00e4keen, <a href=\"mailto:paulamakijari@gmail.com\">paulamakijari@gmail.com<\/a>.<\/p>\n<p>&nbsp;<\/p>\n","protected":false},"excerpt":{"rendered":"<p>\u201dOlen l\u00f6yt\u00e4nyt Rotaractin ja Rotaryn kautta hirmuisen paljon hienoja ihmissuhteita\u201d &nbsp; Keravalaiselle Tiina-Maria Niemelle el\u00e4m\u00e4ss\u00e4 t\u00e4rke\u00e4\u00e4 on sosiaalinen, taloudellinen ja ymp\u00e4rist\u00f6llinen kest\u00e4vyys. Se, ett\u00e4 yhdess\u00e4 ratkaistaan ongelmia, jotka palvelevat mahdollisimman monia ihmisi\u00e4. T\u00e4t\u00e4 teht\u00e4v\u00e4\u00e4 h\u00e4n saa toteuttaa niin ty\u00f6ss\u00e4\u00e4n innovaation ja liiketoiminnan analyytikkona kuin Rotaract-toiminnassa. \u201dRotaract on antanut minulle tosi paljon. Meit\u00e4 Rotaractissa sek\u00e4 Rotaryssa [&hellip;]<\/p>\n","protected":false},"author":413,"featured_media":0,"parent":0,"menu_order":0,"comment_status":"closed","ping_status":"closed","template":"","meta":{"_acf_changed":false,"_et_pb_use_builder":"","_et_pb_old_content":"","_et_gb_content_width":"","footnotes":""},"class_list":["post-6282","page","type-page","status-publish","hentry"],"acf":[],"yoast_head":"<!-- This site is optimized with the Yoast SEO plugin v27.4 - https:\/\/yoast.com\/product\/yoast-seo-wordpress\/ -->\n<title>Tiina-Maria Niemi - Piiri 1420<\/title>\n<meta name=\"robots\" content=\"index, follow, max-snippet:-1, max-image-preview:large, max-video-preview:-1\" \/>\n<link rel=\"canonical\" href=\"https:\/\/rotary.fi\/d1420\/tiina-maria-niemi\/\" \/>\n<meta property=\"og:locale\" content=\"fi_FI\" \/>\n<meta property=\"og:type\" content=\"article\" \/>\n<meta property=\"og:title\" content=\"Tiina-Maria Niemi - Piiri 1420\" \/>\n<meta property=\"og:description\" content=\"\u201dOlen l\u00f6yt\u00e4nyt Rotaractin ja Rotaryn kautta hirmuisen paljon hienoja ihmissuhteita\u201d &nbsp; Keravalaiselle Tiina-Maria Niemelle el\u00e4m\u00e4ss\u00e4 t\u00e4rke\u00e4\u00e4 on sosiaalinen, taloudellinen ja ymp\u00e4rist\u00f6llinen kest\u00e4vyys. Se, ett\u00e4 yhdess\u00e4 ratkaistaan ongelmia, jotka palvelevat mahdollisimman monia ihmisi\u00e4. T\u00e4t\u00e4 teht\u00e4v\u00e4\u00e4 h\u00e4n saa toteuttaa niin ty\u00f6ss\u00e4\u00e4n innovaation ja liiketoiminnan analyytikkona kuin Rotaract-toiminnassa. \u201dRotaract on antanut minulle tosi paljon. Meit\u00e4 Rotaractissa sek\u00e4 Rotaryssa [&hellip;]\" \/>\n<meta property=\"og:url\" content=\"https:\/\/rotary.fi\/d1420\/tiina-maria-niemi\/\" \/>\n<meta property=\"og:site_name\" content=\"Piiri 1420\" \/>\n<meta property=\"article:publisher\" content=\"https:\/\/www.facebook.com\/rotary\/\" \/>\n<meta property=\"article:modified_time\" content=\"2022-01-03T12:26:37+00:00\" \/>\n<meta property=\"og:image\" content=\"https:\/\/rotary.fi\/d1420\/wp-content\/uploads\/sites\/183\/2021\/11\/tiina-maria-niemi-1024x768.jpg\" \/>\n<meta name=\"twitter:card\" content=\"summary_large_image\" \/>\n<meta name=\"twitter:label1\" content=\"Arvioitu lukuaika\" \/>\n\t<meta name=\"twitter:data1\" content=\"3 minuuttia\" \/>\n<script type=\"application\/ld+json\" class=\"yoast-schema-graph\">{\"@context\":\"https:\\\/\\\/schema.org\",\"@graph\":[{\"@type\":\"WebPage\",\"@id\":\"https:\\\/\\\/rotary.fi\\\/d1420\\\/tiina-maria-niemi\\\/\",\"url\":\"https:\\\/\\\/rotary.fi\\\/d1420\\\/tiina-maria-niemi\\\/\",\"name\":\"Tiina-Maria Niemi - Piiri 1420\",\"isPartOf\":{\"@id\":\"https:\\\/\\\/rotary.fi\\\/d1420\\\/#website\"},\"primaryImageOfPage\":{\"@id\":\"https:\\\/\\\/rotary.fi\\\/d1420\\\/tiina-maria-niemi\\\/#primaryimage\"},\"image\":{\"@id\":\"https:\\\/\\\/rotary.fi\\\/d1420\\\/tiina-maria-niemi\\\/#primaryimage\"},\"thumbnailUrl\":\"https:\\\/\\\/rotary.fi\\\/d1420\\\/wp-content\\\/uploads\\\/sites\\\/183\\\/2021\\\/11\\\/tiina-maria-niemi-1024x768.jpg\",\"datePublished\":\"2021-12-08T15:15:42+00:00\",\"dateModified\":\"2022-01-03T12:26:37+00:00\",\"breadcrumb\":{\"@id\":\"https:\\\/\\\/rotary.fi\\\/d1420\\\/tiina-maria-niemi\\\/#breadcrumb\"},\"inLanguage\":\"fi\",\"potentialAction\":[{\"@type\":\"ReadAction\",\"target\":[\"https:\\\/\\\/rotary.fi\\\/d1420\\\/tiina-maria-niemi\\\/\"]}]},{\"@type\":\"ImageObject\",\"inLanguage\":\"fi\",\"@id\":\"https:\\\/\\\/rotary.fi\\\/d1420\\\/tiina-maria-niemi\\\/#primaryimage\",\"url\":\"https:\\\/\\\/rotary.fi\\\/d1420\\\/wp-content\\\/uploads\\\/sites\\\/183\\\/2021\\\/11\\\/tiina-maria-niemi.jpg\",\"contentUrl\":\"https:\\\/\\\/rotary.fi\\\/d1420\\\/wp-content\\\/uploads\\\/sites\\\/183\\\/2021\\\/11\\\/tiina-maria-niemi.jpg\",\"width\":2016,\"height\":1512,\"caption\":\"Rotaract Tiina-Maria Niemi\"},{\"@type\":\"BreadcrumbList\",\"@id\":\"https:\\\/\\\/rotary.fi\\\/d1420\\\/tiina-maria-niemi\\\/#breadcrumb\",\"itemListElement\":[{\"@type\":\"ListItem\",\"position\":1,\"name\":\"Home\",\"item\":\"https:\\\/\\\/rotary.fi\\\/d1420\\\/\"},{\"@type\":\"ListItem\",\"position\":2,\"name\":\"Tiina-Maria Niemi\"}]},{\"@type\":\"WebSite\",\"@id\":\"https:\\\/\\\/rotary.fi\\\/d1420\\\/#website\",\"url\":\"https:\\\/\\\/rotary.fi\\\/d1420\\\/\",\"name\":\"Piiri 1420\",\"description\":\"Suomen Rotary\",\"potentialAction\":[{\"@type\":\"SearchAction\",\"target\":{\"@type\":\"EntryPoint\",\"urlTemplate\":\"https:\\\/\\\/rotary.fi\\\/d1420\\\/?s={search_term_string}\"},\"query-input\":{\"@type\":\"PropertyValueSpecification\",\"valueRequired\":true,\"valueName\":\"search_term_string\"}}],\"inLanguage\":\"fi\"}]}<\/script>\n<!-- \/ Yoast SEO plugin. -->","yoast_head_json":{"title":"Tiina-Maria Niemi - Piiri 1420","robots":{"index":"index","follow":"follow","max-snippet":"max-snippet:-1","max-image-preview":"max-image-preview:large","max-video-preview":"max-video-preview:-1"},"canonical":"https:\/\/rotary.fi\/d1420\/tiina-maria-niemi\/","og_locale":"fi_FI","og_type":"article","og_title":"Tiina-Maria Niemi - Piiri 1420","og_description":"\u201dOlen l\u00f6yt\u00e4nyt Rotaractin ja Rotaryn kautta hirmuisen paljon hienoja ihmissuhteita\u201d &nbsp; Keravalaiselle Tiina-Maria Niemelle el\u00e4m\u00e4ss\u00e4 t\u00e4rke\u00e4\u00e4 on sosiaalinen, taloudellinen ja ymp\u00e4rist\u00f6llinen kest\u00e4vyys. Se, ett\u00e4 yhdess\u00e4 ratkaistaan ongelmia, jotka palvelevat mahdollisimman monia ihmisi\u00e4. T\u00e4t\u00e4 teht\u00e4v\u00e4\u00e4 h\u00e4n saa toteuttaa niin ty\u00f6ss\u00e4\u00e4n innovaation ja liiketoiminnan analyytikkona kuin Rotaract-toiminnassa. \u201dRotaract on antanut minulle tosi paljon. Meit\u00e4 Rotaractissa sek\u00e4 Rotaryssa [&hellip;]","og_url":"https:\/\/rotary.fi\/d1420\/tiina-maria-niemi\/","og_site_name":"Piiri 1420","article_publisher":"https:\/\/www.facebook.com\/rotary\/","article_modified_time":"2022-01-03T12:26:37+00:00","og_image":[{"url":"https:\/\/rotary.fi\/d1420\/wp-content\/uploads\/sites\/183\/2021\/11\/tiina-maria-niemi-1024x768.jpg","type":"","width":"","height":""}],"twitter_card":"summary_large_image","twitter_misc":{"Arvioitu lukuaika":"3 minuuttia"},"schema":{"@context":"https:\/\/schema.org","@graph":[{"@type":"WebPage","@id":"https:\/\/rotary.fi\/d1420\/tiina-maria-niemi\/","url":"https:\/\/rotary.fi\/d1420\/tiina-maria-niemi\/","name":"Tiina-Maria Niemi - Piiri 1420","isPartOf":{"@id":"https:\/\/rotary.fi\/d1420\/#website"},"primaryImageOfPage":{"@id":"https:\/\/rotary.fi\/d1420\/tiina-maria-niemi\/#primaryimage"},"image":{"@id":"https:\/\/rotary.fi\/d1420\/tiina-maria-niemi\/#primaryimage"},"thumbnailUrl":"https:\/\/rotary.fi\/d1420\/wp-content\/uploads\/sites\/183\/2021\/11\/tiina-maria-niemi-1024x768.jpg","datePublished":"2021-12-08T15:15:42+00:00","dateModified":"2022-01-03T12:26:37+00:00","breadcrumb":{"@id":"https:\/\/rotary.fi\/d1420\/tiina-maria-niemi\/#breadcrumb"},"inLanguage":"fi","potentialAction":[{"@type":"ReadAction","target":["https:\/\/rotary.fi\/d1420\/tiina-maria-niemi\/"]}]},{"@type":"ImageObject","inLanguage":"fi","@id":"https:\/\/rotary.fi\/d1420\/tiina-maria-niemi\/#primaryimage","url":"https:\/\/rotary.fi\/d1420\/wp-content\/uploads\/sites\/183\/2021\/11\/tiina-maria-niemi.jpg","contentUrl":"https:\/\/rotary.fi\/d1420\/wp-content\/uploads\/sites\/183\/2021\/11\/tiina-maria-niemi.jpg","width":2016,"height":1512,"caption":"Rotaract Tiina-Maria Niemi"},{"@type":"BreadcrumbList","@id":"https:\/\/rotary.fi\/d1420\/tiina-maria-niemi\/#breadcrumb","itemListElement":[{"@type":"ListItem","position":1,"name":"Home","item":"https:\/\/rotary.fi\/d1420\/"},{"@type":"ListItem","position":2,"name":"Tiina-Maria Niemi"}]},{"@type":"WebSite","@id":"https:\/\/rotary.fi\/d1420\/#website","url":"https:\/\/rotary.fi\/d1420\/","name":"Piiri 1420","description":"Suomen Rotary","potentialAction":[{"@type":"SearchAction","target":{"@type":"EntryPoint","urlTemplate":"https:\/\/rotary.fi\/d1420\/?s={search_term_string}"},"query-input":{"@type":"PropertyValueSpecification","valueRequired":true,"valueName":"search_term_string"}}],"inLanguage":"fi"}]}},"lang":"fi","translations":{"fi":6282},"pll_sync_post":[],"_links":{"self":[{"href":"https:\/\/rotary.fi\/d1420\/wp-json\/wp\/v2\/pages\/6282","targetHints":{"allow":["GET"]}}],"collection":[{"href":"https:\/\/rotary.fi\/d1420\/wp-json\/wp\/v2\/pages"}],"about":[{"href":"https:\/\/rotary.fi\/d1420\/wp-json\/wp\/v2\/types\/page"}],"author":[{"embeddable":true,"href":"https:\/\/rotary.fi\/d1420\/wp-json\/wp\/v2\/users\/413"}],"replies":[{"embeddable":true,"href":"https:\/\/rotary.fi\/d1420\/wp-json\/wp\/v2\/comments?post=6282"}],"version-history":[{"count":10,"href":"https:\/\/rotary.fi\/d1420\/wp-json\/wp\/v2\/pages\/6282\/revisions"}],"predecessor-version":[{"id":6354,"href":"https:\/\/rotary.fi\/d1420\/wp-json\/wp\/v2\/pages\/6282\/revisions\/6354"}],"wp:attachment":[{"href":"https:\/\/rotary.fi\/d1420\/wp-json\/wp\/v2\/media?parent=6282"}],"curies":[{"name":"wp","href":"https:\/\/api.w.org\/{rel}","templated":true}]}}