{"id":6280,"date":"2021-12-08T17:16:09","date_gmt":"2021-12-08T15:16:09","guid":{"rendered":"https:\/\/rotary.fi\/d1420\/?page_id=6280"},"modified":"2024-01-18T12:58:08","modified_gmt":"2024-01-18T10:58:08","slug":"mina-rotarina","status":"publish","type":"page","link":"https:\/\/rotary.fi\/d1420\/mina-rotarina\/","title":{"rendered":"Min\u00e4 rotarina"},"content":{"rendered":"<p>T\u00e4ss\u00e4 osiossa uudet ja vanhat rotarit kertovat, miksi heist\u00e4 on mahtavaa ja t\u00e4rke\u00e4\u00e4 kuulua rotareiden laajaan ja vaikuttavaan porukkaan! Syit\u00e4 ovat ainakin hauskuus, ihanat ihmiset, mielenkiintoiset kokoukset ja mahdollisuus tehd\u00e4 hyv\u00e4\u00e4.<\/p>\n<p><a href=\"https:\/\/rotary.fi\/d1420\/lotta-ruokanen\/\">Lotta Ruokanen<\/a><\/p>\n<p><a href=\"https:\/\/rotary.fi\/d1420\/mika-suortti\/\">Mika Suortti<\/a><\/p>\n<p><a href=\"https:\/\/rotary.fi\/d1420\/tiina-maria-niemi\/\">Tiina-Maria Niemi<\/a><\/p>\n<p><a href=\"https:\/\/rotary.fi\/d1420\/timo-lehesniemi\/\">Timo Lehesniemi<\/a><\/p>\n<p><a href=\"https:\/\/rotary.fi\/d1420\/essi-isomaki\/\">Essi Yl\u00f6m\u00e4ki<\/a><\/p>\n<p><a href=\"https:\/\/rotary.fi\/d1420\/kee-abel\/\">Kee Abel<\/a><\/p>\n","protected":false},"excerpt":{"rendered":"<p>T\u00e4ss\u00e4 osiossa uudet ja vanhat rotarit kertovat, miksi heist\u00e4 on mahtavaa ja t\u00e4rke\u00e4\u00e4 kuulua rotareiden laajaan ja vaikuttavaan porukkaan! Syit\u00e4 ovat ainakin hauskuus, ihanat ihmiset, mielenkiintoiset kokoukset ja mahdollisuus tehd\u00e4 hyv\u00e4\u00e4. Lotta Ruokanen Mika Suortti Tiina-Maria Niemi Timo Lehesniemi Essi Yl\u00f6m\u00e4ki Kee Abel<\/p>\n","protected":false},"author":413,"featured_media":0,"parent":0,"menu_order":0,"comment_status":"closed","ping_status":"closed","template":"","meta":{"_acf_changed":false,"_et_pb_use_builder":"","_et_pb_old_content":"","_et_gb_content_width":"","footnotes":""},"class_list":["post-6280","page","type-page","status-publish","hentry"],"acf":[],"yoast_head":"<!-- This site is optimized with the Yoast SEO plugin v27.0 - https:\/\/yoast.com\/product\/yoast-seo-wordpress\/ -->\n<title>Min\u00e4 rotarina - Piiri 1420<\/title>\n<meta name=\"robots\" content=\"index, follow, max-snippet:-1, max-image-preview:large, max-video-preview:-1\" \/>\n<link rel=\"canonical\" href=\"https:\/\/rotary.fi\/d1420\/mina-rotarina\/\" \/>\n<meta property=\"og:locale\" content=\"fi_FI\" \/>\n<meta property=\"og:type\" content=\"article\" \/>\n<meta property=\"og:title\" content=\"Min\u00e4 rotarina - Piiri 1420\" \/>\n<meta property=\"og:description\" content=\"T\u00e4ss\u00e4 osiossa uudet ja vanhat rotarit kertovat, miksi heist\u00e4 on mahtavaa ja t\u00e4rke\u00e4\u00e4 kuulua rotareiden laajaan ja vaikuttavaan porukkaan! Syit\u00e4 ovat ainakin hauskuus, ihanat ihmiset, mielenkiintoiset kokoukset ja mahdollisuus tehd\u00e4 hyv\u00e4\u00e4. Lotta Ruokanen Mika Suortti Tiina-Maria Niemi Timo Lehesniemi Essi Yl\u00f6m\u00e4ki Kee Abel\" \/>\n<meta property=\"og:url\" content=\"https:\/\/rotary.fi\/d1420\/mina-rotarina\/\" \/>\n<meta property=\"og:site_name\" content=\"Piiri 1420\" \/>\n<meta property=\"article:publisher\" content=\"https:\/\/www.facebook.com\/rotary\/\" \/>\n<meta property=\"article:modified_time\" content=\"2024-01-18T10:58:08+00:00\" \/>\n<meta name=\"twitter:card\" content=\"summary_large_image\" \/>\n<meta name=\"twitter:label1\" content=\"Arvioitu lukuaika\" \/>\n\t<meta name=\"twitter:data1\" content=\"1 minuutti\" \/>\n<script type=\"application\/ld+json\" class=\"yoast-schema-graph\">{\"@context\":\"https:\/\/schema.org\",\"@graph\":[{\"@type\":\"WebPage\",\"@id\":\"https:\/\/rotary.fi\/d1420\/mina-rotarina\/\",\"url\":\"https:\/\/rotary.fi\/d1420\/mina-rotarina\/\",\"name\":\"Min\u00e4 rotarina - Piiri 1420\",\"isPartOf\":{\"@id\":\"https:\/\/rotary.fi\/d1420\/#website\"},\"datePublished\":\"2021-12-08T15:16:09+00:00\",\"dateModified\":\"2024-01-18T10:58:08+00:00\",\"breadcrumb\":{\"@id\":\"https:\/\/rotary.fi\/d1420\/mina-rotarina\/#breadcrumb\"},\"inLanguage\":\"fi\",\"potentialAction\":[{\"@type\":\"ReadAction\",\"target\":[\"https:\/\/rotary.fi\/d1420\/mina-rotarina\/\"]}]},{\"@type\":\"BreadcrumbList\",\"@id\":\"https:\/\/rotary.fi\/d1420\/mina-rotarina\/#breadcrumb\",\"itemListElement\":[{\"@type\":\"ListItem\",\"position\":1,\"name\":\"Home\",\"item\":\"https:\/\/rotary.fi\/d1420\/\"},{\"@type\":\"ListItem\",\"position\":2,\"name\":\"Min\u00e4 rotarina\"}]},{\"@type\":\"WebSite\",\"@id\":\"https:\/\/rotary.fi\/d1420\/#website\",\"url\":\"https:\/\/rotary.fi\/d1420\/\",\"name\":\"Piiri 1420\",\"description\":\"Suomen Rotary\",\"potentialAction\":[{\"@type\":\"SearchAction\",\"target\":{\"@type\":\"EntryPoint\",\"urlTemplate\":\"https:\/\/rotary.fi\/d1420\/?s={search_term_string}\"},\"query-input\":{\"@type\":\"PropertyValueSpecification\",\"valueRequired\":true,\"valueName\":\"search_term_string\"}}],\"inLanguage\":\"fi\"}]}<\/script>\n<!-- \/ Yoast SEO plugin. -->","yoast_head_json":{"title":"Min\u00e4 rotarina - Piiri 1420","robots":{"index":"index","follow":"follow","max-snippet":"max-snippet:-1","max-image-preview":"max-image-preview:large","max-video-preview":"max-video-preview:-1"},"canonical":"https:\/\/rotary.fi\/d1420\/mina-rotarina\/","og_locale":"fi_FI","og_type":"article","og_title":"Min\u00e4 rotarina - Piiri 1420","og_description":"T\u00e4ss\u00e4 osiossa uudet ja vanhat rotarit kertovat, miksi heist\u00e4 on mahtavaa ja t\u00e4rke\u00e4\u00e4 kuulua rotareiden laajaan ja vaikuttavaan porukkaan! Syit\u00e4 ovat ainakin hauskuus, ihanat ihmiset, mielenkiintoiset kokoukset ja mahdollisuus tehd\u00e4 hyv\u00e4\u00e4. Lotta Ruokanen Mika Suortti Tiina-Maria Niemi Timo Lehesniemi Essi Yl\u00f6m\u00e4ki Kee Abel","og_url":"https:\/\/rotary.fi\/d1420\/mina-rotarina\/","og_site_name":"Piiri 1420","article_publisher":"https:\/\/www.facebook.com\/rotary\/","article_modified_time":"2024-01-18T10:58:08+00:00","twitter_card":"summary_large_image","twitter_misc":{"Arvioitu lukuaika":"1 minuutti"},"schema":{"@context":"https:\/\/schema.org","@graph":[{"@type":"WebPage","@id":"https:\/\/rotary.fi\/d1420\/mina-rotarina\/","url":"https:\/\/rotary.fi\/d1420\/mina-rotarina\/","name":"Min\u00e4 rotarina - Piiri 1420","isPartOf":{"@id":"https:\/\/rotary.fi\/d1420\/#website"},"datePublished":"2021-12-08T15:16:09+00:00","dateModified":"2024-01-18T10:58:08+00:00","breadcrumb":{"@id":"https:\/\/rotary.fi\/d1420\/mina-rotarina\/#breadcrumb"},"inLanguage":"fi","potentialAction":[{"@type":"ReadAction","target":["https:\/\/rotary.fi\/d1420\/mina-rotarina\/"]}]},{"@type":"BreadcrumbList","@id":"https:\/\/rotary.fi\/d1420\/mina-rotarina\/#breadcrumb","itemListElement":[{"@type":"ListItem","position":1,"name":"Home","item":"https:\/\/rotary.fi\/d1420\/"},{"@type":"ListItem","position":2,"name":"Min\u00e4 rotarina"}]},{"@type":"WebSite","@id":"https:\/\/rotary.fi\/d1420\/#website","url":"https:\/\/rotary.fi\/d1420\/","name":"Piiri 1420","description":"Suomen Rotary","potentialAction":[{"@type":"SearchAction","target":{"@type":"EntryPoint","urlTemplate":"https:\/\/rotary.fi\/d1420\/?s={search_term_string}"},"query-input":{"@type":"PropertyValueSpecification","valueRequired":true,"valueName":"search_term_string"}}],"inLanguage":"fi"}]}},"lang":"fi","translations":{"fi":6280},"pll_sync_post":[],"_links":{"self":[{"href":"https:\/\/rotary.fi\/d1420\/wp-json\/wp\/v2\/pages\/6280","targetHints":{"allow":["GET"]}}],"collection":[{"href":"https:\/\/rotary.fi\/d1420\/wp-json\/wp\/v2\/pages"}],"about":[{"href":"https:\/\/rotary.fi\/d1420\/wp-json\/wp\/v2\/types\/page"}],"author":[{"embeddable":true,"href":"https:\/\/rotary.fi\/d1420\/wp-json\/wp\/v2\/users\/413"}],"replies":[{"embeddable":true,"href":"https:\/\/rotary.fi\/d1420\/wp-json\/wp\/v2\/comments?post=6280"}],"version-history":[{"count":5,"href":"https:\/\/rotary.fi\/d1420\/wp-json\/wp\/v2\/pages\/6280\/revisions"}],"predecessor-version":[{"id":6400,"href":"https:\/\/rotary.fi\/d1420\/wp-json\/wp\/v2\/pages\/6280\/revisions\/6400"}],"wp:attachment":[{"href":"https:\/\/rotary.fi\/d1420\/wp-json\/wp\/v2\/media?parent=6280"}],"curies":[{"name":"wp","href":"https:\/\/api.w.org\/{rel}","templated":true}]}}