{"id":6249,"date":"2021-11-13T11:36:19","date_gmt":"2021-11-13T09:36:19","guid":{"rendered":"https:\/\/rotary.fi\/d1420\/?page_id=6249"},"modified":"2026-04-21T10:39:04","modified_gmt":"2026-04-21T08:39:04","slug":"syventava-rotaryvalmennus","status":"publish","type":"page","link":"https:\/\/rotary.fi\/d1420\/syventava-rotaryvalmennus\/","title":{"rendered":"Syvent\u00e4v\u00e4 rotaryvalmennus"},"content":{"rendered":"<p>[et_pb_section fb_built=&#8221;1&#8243; _builder_version=&#8221;4.16&#8243; global_colors_info=&#8221;{}&#8221;][et_pb_row _builder_version=&#8221;4.25.2&#8243; background_size=&#8221;initial&#8221; background_position=&#8221;top_left&#8221; background_repeat=&#8221;repeat&#8221; global_colors_info=&#8221;{}&#8221;][et_pb_column type=&#8221;4_4&#8243; _builder_version=&#8221;4.16&#8243; custom_padding=&#8221;|||&#8221; global_colors_info=&#8221;{}&#8221; custom_padding__hover=&#8221;|||&#8221;][et_pb_heading title=&#8221;Syvent\u00e4v\u00e4 Rotaryvalmennus&#8221; admin_label=&#8221;Otsikko &#8211; Syvent\u00e4v\u00e4 rotaryvalmennus&#8221; _builder_version=&#8221;4.25.2&#8243; _module_preset=&#8221;default&#8221; background_enable_image=&#8221;off&#8221; global_colors_info=&#8221;{}&#8221;][\/et_pb_heading][et_pb_text _builder_version=&#8221;4.27.0&#8243; background_size=&#8221;initial&#8221; background_position=&#8221;top_left&#8221; background_repeat=&#8221;repeat&#8221; global_colors_info=&#8221;{}&#8221;]<\/p>\n<p><span style=\"font-weight: 400\">Klubitoimintaa johtavan rotarin on t\u00e4rke\u00e4\u00e4 tiet\u00e4\u00e4 Rotaryn mahdollisuuksista, sen nykytilasta ja toiminnasta maailmassa ja h\u00e4nell\u00e4 tulee olla visio siit\u00e4, mit\u00e4 Rotary voi olla tulevaisuudessa. RLI eli\u00a0<\/span><b>Syvent\u00e4v\u00e4 Rotaryvalmennus\u00a0<\/b><span style=\"font-weight: 400\">tarjoaa kolmen p\u00e4iv\u00e4n peruskurssin sek\u00e4 Rotary-tiet\u00e4mykseen ett\u00e4 erityisesti vapaaehtoisj\u00e4rjest\u00f6jen johtamistaitoihin.<\/span><\/p>\n<p>[\/et_pb_text][\/et_pb_column][\/et_pb_row][et_pb_row column_structure=&#8221;3_4,1_4&#8243; _builder_version=&#8221;4.27.0&#8243; _module_preset=&#8221;default&#8221; global_colors_info=&#8221;{}&#8221;][et_pb_column type=&#8221;3_4&#8243; _builder_version=&#8221;4.27.0&#8243; _module_preset=&#8221;default&#8221; global_colors_info=&#8221;{}&#8221;][et_pb_text admin_label=&#8221;Teksti &#8211; RLI&#8221; _builder_version=&#8221;4.27.0&#8243; background_size=&#8221;initial&#8221; background_position=&#8221;top_left&#8221; background_repeat=&#8221;repeat&#8221; global_colors_info=&#8221;{}&#8221;]<\/p>\n<h4>RLI-toimintamalli<\/h4>\n<p><span style=\"font-weight: 400\">Piiriss\u00e4mme j\u00e4rjestet\u00e4\u00e4n syvent\u00e4v\u00e4\u00e4 rotaryvalmennusta\u00a0<\/span><a href=\"https:\/\/www.rotaryleadershipinstitute.org\/\"><b>Rotary Leadership Institute<\/b><\/a><span style=\"font-weight: 400\">\u00a0(RLI) mallin mukaan. RLI on rotarypiirien ruohonjuuritason yhteenliittym\u00e4, joka on perustettu toteuttamaan johtamisen kehitt\u00e4misohjelmaa potentiaalisille rotaryklubien johtajille. RLI perustettiin vuonna 1992 ja sill\u00e4 on maailmanlaajuinen organisaatio osastoineen kaikilla mantereilla.<\/span><\/p>\n<p><strong>Kaikki klubit voivat l\u00e4hett\u00e4\u00e4 j\u00e4seni\u00e4\u00e4n valmennukseen ja kuka tahansa rotari voi osallistua mihin tahansa kurssiin omasta aloitteestaan.\u00a0<\/strong><\/p>\n<p><span style=\"font-weight: 400\">Ensisijaisena tavoitteena on luoda innostusta Rotarya kohtaan avaamalla osallistujille Rotaryn maailmaa oman klubin ulkopuolella ja osoittamalla heille kuinka paljon mahdollisuuksia Rotaryn palvelulla on ja voidaan tehd\u00e4 hyv\u00e4\u00e4 maailmalle. Samalla osallistujat saavat mahdollisuuden kehitt\u00e4\u00e4 johtamistaitojaan.<\/span><\/p>\n<p>[\/et_pb_text][\/et_pb_column][et_pb_column type=&#8221;1_4&#8243; _builder_version=&#8221;4.27.0&#8243; _module_preset=&#8221;default&#8221; global_colors_info=&#8221;{}&#8221;][et_pb_image src=&#8221;https:\/\/rotary.fi\/d1420\/wp-content\/uploads\/sites\/183\/2022\/01\/1625-rotary-leadership-institute-logo.jpg&#8221; title_text=&#8221;1.6.25 ROTARY LEADERSHIP INSTITUTE LOGO&#8221; _builder_version=&#8221;4.27.0&#8243; _module_preset=&#8221;default&#8221; global_colors_info=&#8221;{}&#8221;][\/et_pb_image][\/et_pb_column][\/et_pb_row][et_pb_row _builder_version=&#8221;4.27.0&#8243; _module_preset=&#8221;default&#8221; global_colors_info=&#8221;{}&#8221;][et_pb_column type=&#8221;4_4&#8243; _builder_version=&#8221;4.27.0&#8243; _module_preset=&#8221;default&#8221; global_colors_info=&#8221;{}&#8221;][et_pb_text admin_label=&#8221;Teksti &#8211; Koulutuksen sis\u00e4lt\u00f6&#8221; _builder_version=&#8221;4.27.6&#8243; background_size=&#8221;initial&#8221; background_position=&#8221;top_left&#8221; background_repeat=&#8221;repeat&#8221; hover_enabled=&#8221;0&#8243; global_colors_info=&#8221;{}&#8221; sticky_enabled=&#8221;0&#8243;]<\/p>\n<h4>Koulutuksen sis\u00e4lt\u00f6<\/h4>\n<p><span style=\"font-weight: 400\">Koulutus koostuu kolmesta osasta, jotka tarjoavat osallistujille mahdollisuuden syvent\u00e4\u00e4 tiet\u00e4myst\u00e4\u00e4n Rotarysta eri n\u00e4k\u00f6kulmista. Koulutuksen j\u00e4rjest\u00e4v\u00e4t piirin koulutuskomitean j\u00e4senet, ja se noudattaa Rotary Leadership Instituten (RLI) opetuksellisia periaatteita.\u00a0<\/span><\/p>\n<ul>\n<li><b>Osa 1: Min\u00e4 rotarina<\/b><span style=\"font-weight: 400\"><span style=\"font-weight: 400\">. T\u00e4ss\u00e4 osassa puhutaan johtajuudesta Rotaryssa, Rotarymaailmasta, etiikasta ja ammattipalvelusta. Rotary-s\u00e4\u00e4ti\u00f6n osuudessa perehdyt\u00e4\u00e4n j\u00e4senten sitouttamiseen sek\u00e4 palveluprojektien luomiseen.<br \/><\/span><\/span><\/li>\n<li><b>Osa 2: Oma rotaryklubini<\/b><span style=\"font-weight: 400\">. T\u00e4ss\u00e4 osassa tutustutaan Rotaryn tarjoamiin mahdollisuuksiin, tehokkaisiin johtamisstrategioihin ja tiimin rakentamiseen. Lis\u00e4ksi pohditaan keinoja uusien j\u00e4senten hankintaan sek\u00e4 klubin viestint\u00e4\u00e4n.\u00a0 S\u00e4\u00e4ti\u00f6-osuudessa tutustutaan kohdennettuun palveluun.<\/span><\/li>\n<li><b>Osa 3: Laajeneva rotarymaailmani<\/b>. T\u00e4m\u00e4 osa syventyy strategiseen suunnitteluun, Rotaryn julkisuuskuvaan ja suhdetoimintaan ja siihen, kuinka rakennamme vahvemman klubin ja muutamme maailmaa. S\u00e4\u00e4ti\u00f6-osuudessa tutustumme kansainv\u00e4liseen palveluun.<\/li>\n<\/ul>\n<p><span style=\"font-weight: 400\">Valmennuksen voi my\u00f6s suorittaa osissa siten ett\u00e4, jos joku yksitt\u00e4inen ajankohta ei sovi niin, sen voi paikata seuraavina vuosina tai naapuripiirin j\u00e4rjest\u00e4m\u00e4ss\u00e4 valmennuksessa.\u00a0<\/span><\/p>\n<p>&nbsp;<\/p>\n<p>[\/et_pb_text][et_pb_text admin_label=&#8221;Teksti &#8211; ilmoittautuminen&#8221; _builder_version=&#8221;4.27.6&#8243; _module_preset=&#8221;default&#8221; hover_enabled=&#8221;0&#8243; global_colors_info=&#8221;{}&#8221; sticky_enabled=&#8221;0&#8243;]<\/p>\n<h4>Seuraavat valmennukset<\/h4>\n<p><strong>Syvent\u00e4v\u00e4 rotaryvalmennus, RLI<\/strong> toteutetaan syksyll\u00e4 2026 kolmena lauantaina 10.10, 24.10 ja 14.11.\u00a0<\/p>\n<p>HUOM. Virossa j\u00e4rjestet\u00e4\u00e4n omat RLI valmennukset\u00a0<\/p>\n<p>Valmennus soveltuu niin aloittelevalle kuin kokeneellekin rotarille. Varsinkin vastuuteht\u00e4viss\u00e4 olevat ovat saaneet paljon ajatuksia toimintansa kehitt\u00e4miseen. Lis\u00e4ksi tilaisuudet innostavat verkostoitumaan ja tekem\u00e4\u00e4n yhteisty\u00f6t\u00e4 klubien kesken. Huomatkaa, ettei kaikkia kolmea p\u00e4iv\u00e4\u00e4 tarvitse tehd\u00e4 per\u00e4kk\u00e4in vaan osan voi suorittaa kev\u00e4tpuolella tai seuraavalla kaudella.<\/p>\n<p>Valmennusten sis\u00e4lt\u00f6 on laaja ja monipuolinen ja toteutus vuorovaikutteinen ja kannustamme kaikkia klubeja l\u00e4hett\u00e4m\u00e4\u00e4n tilaisuuksiin j\u00e4seni\u00e4\u00e4n.<\/p>\n<p>[\/et_pb_text][\/et_pb_column][\/et_pb_row][\/et_pb_section]<\/p>\n","protected":false},"excerpt":{"rendered":"<p>Klubitoimintaa johtavan rotarin on t\u00e4rke\u00e4\u00e4 tiet\u00e4\u00e4 Rotaryn mahdollisuuksista, sen nykytilasta ja toiminnasta maailmassa ja h\u00e4nell\u00e4 tulee olla visio siit\u00e4, mit\u00e4 Rotary voi olla tulevaisuudessa. RLI eli\u00a0Syvent\u00e4v\u00e4 Rotaryvalmennus\u00a0tarjoaa kolmen p\u00e4iv\u00e4n peruskurssin sek\u00e4 Rotary-tiet\u00e4mykseen ett\u00e4 erityisesti vapaaehtoisj\u00e4rjest\u00f6jen johtamistaitoihin.RLI-toimintamalli Piiriss\u00e4mme j\u00e4rjestet\u00e4\u00e4n syvent\u00e4v\u00e4\u00e4 rotaryvalmennusta\u00a0Rotary Leadership Institute\u00a0(RLI) mallin mukaan. RLI on rotarypiirien ruohonjuuritason yhteenliittym\u00e4, joka on perustettu toteuttamaan johtamisen kehitt\u00e4misohjelmaa [&hellip;]<\/p>\n","protected":false},"author":413,"featured_media":0,"parent":0,"menu_order":0,"comment_status":"closed","ping_status":"closed","template":"","meta":{"_acf_changed":false,"_et_pb_use_builder":"on","_et_pb_old_content":"<p><span style=\"font-weight: 400;\">Klubitoimintaa johtavan rotarin on t\u00e4rke\u00e4\u00e4 tiet\u00e4\u00e4 Rotaryn mahdollisuuksista, sen nykytilasta ja toiminnasta maailmassa ja h\u00e4nell\u00e4 tulee olla visio siit\u00e4, mit\u00e4 Rotary voi olla tulevaisuudessa. RLI eli\u00a0<\/span><b>Syvent\u00e4v\u00e4 Rotaryvalmennus\u00a0<\/b><span style=\"font-weight: 400;\">tarjoaa kolmen p\u00e4iv\u00e4n peruskurssin sek\u00e4 Rotary-tiet\u00e4mykseen ett\u00e4 erityisesti vapaaehtoisj\u00e4rjest\u00f6jen johtamistaitoihin.<\/span><\/p><p><span style=\"font-weight: 400;\">Piiriss\u00e4mme j\u00e4rjestet\u00e4\u00e4n syvent\u00e4v\u00e4\u00e4 rotaryvalmennusta\u00a0<\/span><a href=\"https:\/\/www.rotaryleadershipinstitute.org\/\"><b>Rotary Leadership Institute<\/b><\/a><span style=\"font-weight: 400;\">\u00a0(RLI) mallin mukaan. RLI on rotarypiirien<img class=\"wp-image-6347 alignright\" src=\"https:\/\/rotary.fi\/d1420\/wp-content\/uploads\/sites\/183\/2022\/01\/1625-rotary-leadership-institute-logo-300x300.jpg\" alt=\"\" width=\"201\" height=\"209\" \/> ruohonjuuritason yhteenliittym\u00e4, joka on perustettu toteuttamaan johtamisen kehitt\u00e4misohjelmaa potentiaalisille rotaryklubien johtajille. RLI perustettiin vuonna 1992 ja sill\u00e4 on maailmanlaajuinen organisaatio osastoineen kaikilla mantereilla.<\/span><\/p><p><strong>Kaikki klubit voivat l\u00e4hett\u00e4\u00e4 j\u00e4seni\u00e4\u00e4n valmennukseen ja kuka tahansa rotari voi osallistua mihin tahansa kurssiin omasta aloitteestaan.\u00a0<\/strong><\/p><p><span style=\"font-weight: 400;\">Ensisijaisena tavoitteena on luoda innostusta Rotarya kohtaan avaamalla osallistujille Rotaryn maailmaa oman klubin ulkopuolella ja osoittamalla heille kuinka paljon mahdollisuuksia Rotaryn palvelulla on ja voidaan tehd\u00e4 hyv\u00e4\u00e4 maailmalle. Samalla osallistujat saavat mahdollisuuden kehitt\u00e4\u00e4 johtamistaitojaan.<\/span><\/p><p><span style=\"font-weight: 400;\">Koulutus koostuu kolmesta osasta, jotka tarjoavat osallistujille mahdollisuuden syvent\u00e4\u00e4 tiet\u00e4myst\u00e4\u00e4n Rotarysta eri n\u00e4k\u00f6kulmista. Koulutuksen j\u00e4rjest\u00e4v\u00e4t piirin koulutuskomitean j\u00e4senet, ja se noudattaa Rotary Leadership Instituten (RLI) opetuksellisia periaatteita.\u00a0<\/span><\/p><ul><li><b>Osa 1: Min\u00e4 rotarina<\/b><span style=\"font-weight: 400;\"><span style=\"font-weight: 400;\">. T\u00e4ss\u00e4 osassa puhutaan johtajuudesta Rotaryssa, Rotarymaailmasta, etiikasta ja ammattipalvelusta. Rotary-s\u00e4\u00e4ti\u00f6n osuudessa perehdyt\u00e4\u00e4n j\u00e4senten sitouttamiseen sek\u00e4 palveluprojektien luomiseen.<\/span><\/span><\/li><li><b>Osa 2: Oma rotaryklubini<\/b><span style=\"font-weight: 400;\">. T\u00e4ss\u00e4 osassa tutustutaan Rotaryn tarjoamiin mahdollisuuksiin, tehokkaisiin johtamisstrategioihin ja tiimin rakentamiseen. Lis\u00e4ksi pohditaan keinoja uusien j\u00e4senten hankintaan sek\u00e4 klubin viestint\u00e4\u00e4n.\u00a0 S\u00e4\u00e4ti\u00f6-osuudessa tutustutaan kohdennettuun palveluun.<br \/><\/span><\/li><li><b>Osa 3: Laajeneva rotarymaailmani<\/b>. T\u00e4m\u00e4 osa syventyy strategiseen suunnitteluun, Rotaryn julkisuuskuvaan ja suhdetoimintaan ja siihen, kuinka rakennamme vahvemman klubin ja muutamme maailmaa. S\u00e4\u00e4ti\u00f6-osuudessa tutustumme kansainv\u00e4liseen palveluun.<\/li><\/ul><p><span style=\"font-weight: 400;\">Valmennuksen voi my\u00f6s suorittaa osissa siten ett\u00e4, jos joku yksitt\u00e4inen ajankohta ei sovi niin, sen voi paikata seuraavina vuosina tai naapuripiirin j\u00e4rjest\u00e4m\u00e4ss\u00e4 valmennuksessa.<\/span><\/p><p>\u00a0<\/p>","_et_gb_content_width":"","footnotes":""},"class_list":["post-6249","page","type-page","status-publish","hentry"],"acf":[],"yoast_head":"<!-- This site is optimized with the Yoast SEO plugin v27.4 - https:\/\/yoast.com\/product\/yoast-seo-wordpress\/ -->\n<title>Syvent\u00e4v\u00e4 rotaryvalmennus - Piiri 1420<\/title>\n<meta name=\"description\" content=\"Piiriss\u00e4mme j\u00e4rjestet\u00e4\u00e4n syvent\u00e4v\u00e4\u00e4 rotaryvalmennusta\u00a0Rotary Leadership Institute\u00a0(RLI) mallin mukaan. RLI on rotarypiirien ruohonjuuritason yhteenliittym\u00e4, joka on perustettu toteuttamaan johtamisen kehitt\u00e4misohjelmaa potentiaalisille rotaryklubien johtajille.\" \/>\n<meta name=\"robots\" content=\"index, follow, max-snippet:-1, max-image-preview:large, max-video-preview:-1\" \/>\n<link rel=\"canonical\" href=\"https:\/\/rotary.fi\/d1420\/syventava-rotaryvalmennus\/\" \/>\n<meta property=\"og:locale\" content=\"fi_FI\" \/>\n<meta property=\"og:type\" content=\"article\" \/>\n<meta property=\"og:title\" content=\"Syvent\u00e4v\u00e4 rotaryvalmennus - Piiri 1420\" \/>\n<meta property=\"og:description\" content=\"Piiriss\u00e4mme j\u00e4rjestet\u00e4\u00e4n syvent\u00e4v\u00e4\u00e4 rotaryvalmennusta\u00a0Rotary Leadership Institute\u00a0(RLI) mallin mukaan. RLI on rotarypiirien ruohonjuuritason yhteenliittym\u00e4, joka on perustettu toteuttamaan johtamisen kehitt\u00e4misohjelmaa potentiaalisille rotaryklubien johtajille.\" \/>\n<meta property=\"og:url\" content=\"https:\/\/rotary.fi\/d1420\/syventava-rotaryvalmennus\/\" \/>\n<meta property=\"og:site_name\" content=\"Piiri 1420\" \/>\n<meta property=\"article:publisher\" content=\"https:\/\/www.facebook.com\/rotary\/\" \/>\n<meta property=\"article:modified_time\" content=\"2026-04-21T08:39:04+00:00\" \/>\n<meta name=\"twitter:card\" content=\"summary_large_image\" \/>\n<meta name=\"twitter:label1\" content=\"Arvioitu lukuaika\" \/>\n\t<meta name=\"twitter:data1\" content=\"3 minuuttia\" \/>\n<script type=\"application\/ld+json\" class=\"yoast-schema-graph\">{\"@context\":\"https:\\\/\\\/schema.org\",\"@graph\":[{\"@type\":\"WebPage\",\"@id\":\"https:\\\/\\\/rotary.fi\\\/d1420\\\/syventava-rotaryvalmennus\\\/\",\"url\":\"https:\\\/\\\/rotary.fi\\\/d1420\\\/syventava-rotaryvalmennus\\\/\",\"name\":\"Syvent\u00e4v\u00e4 rotaryvalmennus - Piiri 1420\",\"isPartOf\":{\"@id\":\"https:\\\/\\\/rotary.fi\\\/d1420\\\/#website\"},\"datePublished\":\"2021-11-13T09:36:19+00:00\",\"dateModified\":\"2026-04-21T08:39:04+00:00\",\"description\":\"Piiriss\u00e4mme j\u00e4rjestet\u00e4\u00e4n syvent\u00e4v\u00e4\u00e4 rotaryvalmennusta\u00a0Rotary Leadership Institute\u00a0(RLI) mallin mukaan. RLI on rotarypiirien ruohonjuuritason yhteenliittym\u00e4, joka on perustettu toteuttamaan johtamisen kehitt\u00e4misohjelmaa potentiaalisille rotaryklubien johtajille.\",\"breadcrumb\":{\"@id\":\"https:\\\/\\\/rotary.fi\\\/d1420\\\/syventava-rotaryvalmennus\\\/#breadcrumb\"},\"inLanguage\":\"fi\",\"potentialAction\":[{\"@type\":\"ReadAction\",\"target\":[\"https:\\\/\\\/rotary.fi\\\/d1420\\\/syventava-rotaryvalmennus\\\/\"]}]},{\"@type\":\"BreadcrumbList\",\"@id\":\"https:\\\/\\\/rotary.fi\\\/d1420\\\/syventava-rotaryvalmennus\\\/#breadcrumb\",\"itemListElement\":[{\"@type\":\"ListItem\",\"position\":1,\"name\":\"Home\",\"item\":\"https:\\\/\\\/rotary.fi\\\/d1420\\\/\"},{\"@type\":\"ListItem\",\"position\":2,\"name\":\"Syvent\u00e4v\u00e4 rotaryvalmennus\"}]},{\"@type\":\"WebSite\",\"@id\":\"https:\\\/\\\/rotary.fi\\\/d1420\\\/#website\",\"url\":\"https:\\\/\\\/rotary.fi\\\/d1420\\\/\",\"name\":\"Piiri 1420\",\"description\":\"Suomen Rotary\",\"potentialAction\":[{\"@type\":\"SearchAction\",\"target\":{\"@type\":\"EntryPoint\",\"urlTemplate\":\"https:\\\/\\\/rotary.fi\\\/d1420\\\/?s={search_term_string}\"},\"query-input\":{\"@type\":\"PropertyValueSpecification\",\"valueRequired\":true,\"valueName\":\"search_term_string\"}}],\"inLanguage\":\"fi\"}]}<\/script>\n<!-- \/ Yoast SEO plugin. -->","yoast_head_json":{"title":"Syvent\u00e4v\u00e4 rotaryvalmennus - Piiri 1420","description":"Piiriss\u00e4mme j\u00e4rjestet\u00e4\u00e4n syvent\u00e4v\u00e4\u00e4 rotaryvalmennusta\u00a0Rotary Leadership Institute\u00a0(RLI) mallin mukaan. RLI on rotarypiirien ruohonjuuritason yhteenliittym\u00e4, joka on perustettu toteuttamaan johtamisen kehitt\u00e4misohjelmaa potentiaalisille rotaryklubien johtajille.","robots":{"index":"index","follow":"follow","max-snippet":"max-snippet:-1","max-image-preview":"max-image-preview:large","max-video-preview":"max-video-preview:-1"},"canonical":"https:\/\/rotary.fi\/d1420\/syventava-rotaryvalmennus\/","og_locale":"fi_FI","og_type":"article","og_title":"Syvent\u00e4v\u00e4 rotaryvalmennus - Piiri 1420","og_description":"Piiriss\u00e4mme j\u00e4rjestet\u00e4\u00e4n syvent\u00e4v\u00e4\u00e4 rotaryvalmennusta\u00a0Rotary Leadership Institute\u00a0(RLI) mallin mukaan. RLI on rotarypiirien ruohonjuuritason yhteenliittym\u00e4, joka on perustettu toteuttamaan johtamisen kehitt\u00e4misohjelmaa potentiaalisille rotaryklubien johtajille.","og_url":"https:\/\/rotary.fi\/d1420\/syventava-rotaryvalmennus\/","og_site_name":"Piiri 1420","article_publisher":"https:\/\/www.facebook.com\/rotary\/","article_modified_time":"2026-04-21T08:39:04+00:00","twitter_card":"summary_large_image","twitter_misc":{"Arvioitu lukuaika":"3 minuuttia"},"schema":{"@context":"https:\/\/schema.org","@graph":[{"@type":"WebPage","@id":"https:\/\/rotary.fi\/d1420\/syventava-rotaryvalmennus\/","url":"https:\/\/rotary.fi\/d1420\/syventava-rotaryvalmennus\/","name":"Syvent\u00e4v\u00e4 rotaryvalmennus - Piiri 1420","isPartOf":{"@id":"https:\/\/rotary.fi\/d1420\/#website"},"datePublished":"2021-11-13T09:36:19+00:00","dateModified":"2026-04-21T08:39:04+00:00","description":"Piiriss\u00e4mme j\u00e4rjestet\u00e4\u00e4n syvent\u00e4v\u00e4\u00e4 rotaryvalmennusta\u00a0Rotary Leadership Institute\u00a0(RLI) mallin mukaan. RLI on rotarypiirien ruohonjuuritason yhteenliittym\u00e4, joka on perustettu toteuttamaan johtamisen kehitt\u00e4misohjelmaa potentiaalisille rotaryklubien johtajille.","breadcrumb":{"@id":"https:\/\/rotary.fi\/d1420\/syventava-rotaryvalmennus\/#breadcrumb"},"inLanguage":"fi","potentialAction":[{"@type":"ReadAction","target":["https:\/\/rotary.fi\/d1420\/syventava-rotaryvalmennus\/"]}]},{"@type":"BreadcrumbList","@id":"https:\/\/rotary.fi\/d1420\/syventava-rotaryvalmennus\/#breadcrumb","itemListElement":[{"@type":"ListItem","position":1,"name":"Home","item":"https:\/\/rotary.fi\/d1420\/"},{"@type":"ListItem","position":2,"name":"Syvent\u00e4v\u00e4 rotaryvalmennus"}]},{"@type":"WebSite","@id":"https:\/\/rotary.fi\/d1420\/#website","url":"https:\/\/rotary.fi\/d1420\/","name":"Piiri 1420","description":"Suomen Rotary","potentialAction":[{"@type":"SearchAction","target":{"@type":"EntryPoint","urlTemplate":"https:\/\/rotary.fi\/d1420\/?s={search_term_string}"},"query-input":{"@type":"PropertyValueSpecification","valueRequired":true,"valueName":"search_term_string"}}],"inLanguage":"fi"}]}},"lang":"fi","translations":{"fi":6249,"sv":10207,"en":10219,"et":10228},"pll_sync_post":[],"_links":{"self":[{"href":"https:\/\/rotary.fi\/d1420\/wp-json\/wp\/v2\/pages\/6249","targetHints":{"allow":["GET"]}}],"collection":[{"href":"https:\/\/rotary.fi\/d1420\/wp-json\/wp\/v2\/pages"}],"about":[{"href":"https:\/\/rotary.fi\/d1420\/wp-json\/wp\/v2\/types\/page"}],"author":[{"embeddable":true,"href":"https:\/\/rotary.fi\/d1420\/wp-json\/wp\/v2\/users\/413"}],"replies":[{"embeddable":true,"href":"https:\/\/rotary.fi\/d1420\/wp-json\/wp\/v2\/comments?post=6249"}],"version-history":[{"count":10,"href":"https:\/\/rotary.fi\/d1420\/wp-json\/wp\/v2\/pages\/6249\/revisions"}],"predecessor-version":[{"id":13788,"href":"https:\/\/rotary.fi\/d1420\/wp-json\/wp\/v2\/pages\/6249\/revisions\/13788"}],"wp:attachment":[{"href":"https:\/\/rotary.fi\/d1420\/wp-json\/wp\/v2\/media?parent=6249"}],"curies":[{"name":"wp","href":"https:\/\/api.w.org\/{rel}","templated":true}]}}