{"id":6247,"date":"2021-11-13T11:37:17","date_gmt":"2021-11-13T09:37:17","guid":{"rendered":"https:\/\/rotary.fi\/d1420\/?page_id=6247"},"modified":"2025-07-02T16:31:13","modified_gmt":"2025-07-02T14:31:13","slug":"toimihenkilot","status":"publish","type":"page","link":"https:\/\/rotary.fi\/d1420\/mita-teemme\/toimihenkilot\/","title":{"rendered":"PrePELS ja PELS"},"content":{"rendered":"<p>[et_pb_section fb_built=&#8221;1&#8243; _builder_version=&#8221;4.16&#8243; global_colors_info=&#8221;{}&#8221;][et_pb_row _builder_version=&#8221;4.16&#8243; background_size=&#8221;initial&#8221; background_position=&#8221;top_left&#8221; background_repeat=&#8221;repeat&#8221; global_colors_info=&#8221;{}&#8221;][et_pb_column type=&#8221;4_4&#8243; _builder_version=&#8221;4.16&#8243; custom_padding=&#8221;|||&#8221; global_colors_info=&#8221;{}&#8221; custom_padding__hover=&#8221;|||&#8221;][et_pb_text admin_label=&#8221;Teksti &#8211; PrePELS ja PELS otsikko&#8221; _builder_version=&#8221;4.27.4&#8243; _module_preset=&#8221;default&#8221; global_colors_info=&#8221;{}&#8221;]<\/p>\n<h1>PrePELS ja PELS<\/h1>\n<p>[\/et_pb_text][et_pb_text _builder_version=&#8221;4.27.4&#8243; background_size=&#8221;initial&#8221; background_position=&#8221;top_left&#8221; background_repeat=&#8221;repeat&#8221; global_colors_info=&#8221;{}&#8221;]<\/p>\n<p><strong>Rotary PELS (President-Elect Learning Seminar, <\/strong>aiemmin PETS) on koulutusohjelma, joka on suunnattu tuleville klubipresidenteille ja sihteereille. Se on t\u00e4rke\u00e4 osa Rotaryn koulutusohjelmaa ja sen tavoitteena on valmistaa valitut presidentit ja sihteerit hoitamaan vastuullisesti ja tehokkaasti rooliaan klubissa seuraavalla toimikaudella. PELS- koulutus jakautuu et\u00e4n\u00e4 pidett\u00e4viin johdatteleviin prePELS tilaisuuksiin ja yhteiseen, koko p\u00e4iv\u00e4n kest\u00e4v\u00e4\u00e4n PELS- koulutukseen, joka tapahtuu l\u00e4sn\u00e4koulutuksena.<\/p>\n<p>PELS-koulutuksen p\u00e4\u00e4teemat:<\/p>\n<ol>\n<li><strong>Johtajuuden kehitt\u00e4minen:<\/strong> Koulutus keskittyy vahvistamaan tulevien presidenttien johtamistaitoja, kuten vision luomista, tiimin motivointia ja p\u00e4\u00e4t\u00f6ksentekoa. Sihteerit saavat tietoa monipuolisesta teht\u00e4v\u00e4st\u00e4\u00e4n presidentin apuna.<\/li>\n<li><strong>Rotaryn perusarvot ja strategiat<\/strong>: Osallistujat oppivat syv\u00e4llisemmin Rotaryn arvoista, tavoitteista ja kansainv\u00e4lisist\u00e4 ohjelmista.<\/li>\n<li><strong>Klubitoiminnan suunnittelu<\/strong>: Koulutuksessa perehdyt\u00e4\u00e4n klubin hallintoon, talouteen, j\u00e4senhankintaan, projektien suunnitteluun ja viestint\u00e4\u00e4n.<\/li>\n<li><strong>Verkostoituminen ja kokemusten jakaminen<\/strong>: PELS tarjoaa osallistujille mahdollisuuden verkostoitua muiden tulevien presidenttien sek\u00e4 kokeneiden rotareiden kanssa, mik\u00e4 helpottaa yhteisty\u00f6t\u00e4 ja parantaa toimintaa.<\/li>\n<\/ol>\n<p>Koulutus sis\u00e4lt\u00e4\u00e4 luentoja, ty\u00f6pajoja ja ryhm\u00e4keskusteluja, joissa k\u00e4sitell\u00e4\u00e4n k\u00e4yt\u00e4nn\u00f6n tilanteita ja ongelmia. Tapahtumaa ohjaavat kokeneet rotaryt, kuten piirin kuvern\u00f6\u00f6rit ja muut johtohenkil\u00f6t.<\/p>\n<p>&nbsp;<\/p>\n<p>[\/et_pb_text][\/et_pb_column][\/et_pb_row][\/et_pb_section]<\/p>\n","protected":false},"excerpt":{"rendered":"<p>PrePELS ja PELSRotary PELS (President-Elect Learning Seminar, aiemmin PETS) on koulutusohjelma, joka on suunnattu tuleville klubipresidenteille ja sihteereille. Se on t\u00e4rke\u00e4 osa Rotaryn koulutusohjelmaa ja sen tavoitteena on valmistaa valitut presidentit ja sihteerit hoitamaan vastuullisesti ja tehokkaasti rooliaan klubissa seuraavalla toimikaudella. PELS- koulutus jakautuu et\u00e4n\u00e4 pidett\u00e4viin johdatteleviin prePELS tilaisuuksiin ja yhteiseen, koko p\u00e4iv\u00e4n kest\u00e4v\u00e4\u00e4n PELS- [&hellip;]<\/p>\n","protected":false},"author":413,"featured_media":0,"parent":656,"menu_order":0,"comment_status":"closed","ping_status":"closed","template":"","meta":{"_acf_changed":false,"_et_pb_use_builder":"on","_et_pb_old_content":"<p><strong>Rotary PETS (President-Elect Training Seminar)<\/strong> on koulutusohjelma, joka on suunnattu tuleville klubipresidenteille ja sihteereille. Se on t\u00e4rke\u00e4 osa Rotaryn koulutusohjelmaa ja sen tavoitteena on valmistaa valitut presidentit ja sihteerit hoitamaan vastuullisesti ja tehokkaasti rooliaan klubissa seuraavalla toimikaudella. PETS- koulutus jakautuu et\u00e4n\u00e4 pidett\u00e4viin johdatteleviin prePETS tilaisuuksiin ja yhteiseen, koko p\u00e4iv\u00e4n kest\u00e4v\u00e4\u00e4n PETS- koulutukseen, joka tapahtuu l\u00e4sn\u00e4koulutuksena.<\/p><p>PETS-koulutuksen p\u00e4\u00e4teemat:<\/p><ol><li><strong>Johtajuuden kehitt\u00e4minen:<\/strong> Koulutus keskittyy vahvistamaan tulevien presidenttien johtamistaitoja, kuten vision luomista, tiimin motivointia ja p\u00e4\u00e4t\u00f6ksentekoa. Sihteerit saavat tietoa monipuolisesta teht\u00e4v\u00e4st\u00e4\u00e4n presidentin apuna.<\/li><li><strong>Rotaryn perusarvot ja strategiat<\/strong>: Osallistujat oppivat syv\u00e4llisemmin Rotaryn arvoista, tavoitteista ja kansainv\u00e4lisist\u00e4 ohjelmista.<\/li><li><strong>Klubitoiminnan suunnittelu<\/strong>: Koulutuksessa perehdyt\u00e4\u00e4n klubin hallintoon, talouteen, j\u00e4senhankintaan, projektien suunnitteluun ja viestint\u00e4\u00e4n.<\/li><li><strong>Verkostoituminen ja kokemusten jakaminen<\/strong>: PETS tarjoaa osallistujille mahdollisuuden verkostoitua muiden tulevien presidenttien sek\u00e4 kokeneiden rotareiden kanssa, mik\u00e4 helpottaa yhteisty\u00f6t\u00e4 ja parantaa toimintaa.<\/li><\/ol><p>Koulutus sis\u00e4lt\u00e4\u00e4 luentoja, ty\u00f6pajoja ja ryhm\u00e4keskusteluja, joissa k\u00e4sitell\u00e4\u00e4n k\u00e4yt\u00e4nn\u00f6n tilanteita ja ongelmia. Tapahtumaa ohjaavat kokeneet rotaryt, kuten piirin kuvern\u00f6\u00f6rit ja muut johtohenkil\u00f6t.<\/p><p>\u00a0<\/p>","_et_gb_content_width":"","footnotes":""},"class_list":["post-6247","page","type-page","status-publish","hentry"],"acf":[],"yoast_head":"<!-- This site is optimized with the Yoast SEO plugin v27.4 - https:\/\/yoast.com\/product\/yoast-seo-wordpress\/ -->\n<title>PrePELS ja PELS - Piiri 1420<\/title>\n<meta name=\"robots\" content=\"index, follow, max-snippet:-1, max-image-preview:large, max-video-preview:-1\" \/>\n<link rel=\"canonical\" href=\"https:\/\/rotary.fi\/d1420\/mita-teemme\/toimihenkilot\/\" \/>\n<meta property=\"og:locale\" content=\"fi_FI\" \/>\n<meta property=\"og:type\" content=\"article\" \/>\n<meta property=\"og:title\" content=\"PrePELS ja PELS - Piiri 1420\" \/>\n<meta property=\"og:description\" content=\"PrePELS ja PELSRotary PELS (President-Elect Learning Seminar, aiemmin PETS) on koulutusohjelma, joka on suunnattu tuleville klubipresidenteille ja sihteereille. Se on t\u00e4rke\u00e4 osa Rotaryn koulutusohjelmaa ja sen tavoitteena on valmistaa valitut presidentit ja sihteerit hoitamaan vastuullisesti ja tehokkaasti rooliaan klubissa seuraavalla toimikaudella. PELS- koulutus jakautuu et\u00e4n\u00e4 pidett\u00e4viin johdatteleviin prePELS tilaisuuksiin ja yhteiseen, koko p\u00e4iv\u00e4n kest\u00e4v\u00e4\u00e4n PELS- [&hellip;]\" \/>\n<meta property=\"og:url\" content=\"https:\/\/rotary.fi\/d1420\/mita-teemme\/toimihenkilot\/\" \/>\n<meta property=\"og:site_name\" content=\"Piiri 1420\" \/>\n<meta property=\"article:publisher\" content=\"https:\/\/www.facebook.com\/rotary\/\" \/>\n<meta property=\"article:modified_time\" content=\"2025-07-02T14:31:13+00:00\" \/>\n<meta name=\"twitter:card\" content=\"summary_large_image\" \/>\n<meta name=\"twitter:label1\" content=\"Arvioitu lukuaika\" \/>\n\t<meta name=\"twitter:data1\" content=\"2 minuuttia\" \/>\n<script type=\"application\/ld+json\" class=\"yoast-schema-graph\">{\"@context\":\"https:\\\/\\\/schema.org\",\"@graph\":[{\"@type\":\"WebPage\",\"@id\":\"https:\\\/\\\/rotary.fi\\\/d1420\\\/mita-teemme\\\/toimihenkilot\\\/\",\"url\":\"https:\\\/\\\/rotary.fi\\\/d1420\\\/mita-teemme\\\/toimihenkilot\\\/\",\"name\":\"PrePELS ja PELS - Piiri 1420\",\"isPartOf\":{\"@id\":\"https:\\\/\\\/rotary.fi\\\/d1420\\\/#website\"},\"datePublished\":\"2021-11-13T09:37:17+00:00\",\"dateModified\":\"2025-07-02T14:31:13+00:00\",\"breadcrumb\":{\"@id\":\"https:\\\/\\\/rotary.fi\\\/d1420\\\/mita-teemme\\\/toimihenkilot\\\/#breadcrumb\"},\"inLanguage\":\"fi\",\"potentialAction\":[{\"@type\":\"ReadAction\",\"target\":[\"https:\\\/\\\/rotary.fi\\\/d1420\\\/mita-teemme\\\/toimihenkilot\\\/\"]}]},{\"@type\":\"BreadcrumbList\",\"@id\":\"https:\\\/\\\/rotary.fi\\\/d1420\\\/mita-teemme\\\/toimihenkilot\\\/#breadcrumb\",\"itemListElement\":[{\"@type\":\"ListItem\",\"position\":1,\"name\":\"Home\",\"item\":\"https:\\\/\\\/rotary.fi\\\/d1420\\\/\"},{\"@type\":\"ListItem\",\"position\":2,\"name\":\"Mit\u00e4 teemme\",\"item\":\"https:\\\/\\\/rotary.fi\\\/d1420\\\/mita-teemme\\\/\"},{\"@type\":\"ListItem\",\"position\":3,\"name\":\"PrePELS ja PELS\"}]},{\"@type\":\"WebSite\",\"@id\":\"https:\\\/\\\/rotary.fi\\\/d1420\\\/#website\",\"url\":\"https:\\\/\\\/rotary.fi\\\/d1420\\\/\",\"name\":\"Piiri 1420\",\"description\":\"Suomen Rotary\",\"potentialAction\":[{\"@type\":\"SearchAction\",\"target\":{\"@type\":\"EntryPoint\",\"urlTemplate\":\"https:\\\/\\\/rotary.fi\\\/d1420\\\/?s={search_term_string}\"},\"query-input\":{\"@type\":\"PropertyValueSpecification\",\"valueRequired\":true,\"valueName\":\"search_term_string\"}}],\"inLanguage\":\"fi\"}]}<\/script>\n<!-- \/ Yoast SEO plugin. -->","yoast_head_json":{"title":"PrePELS ja PELS - Piiri 1420","robots":{"index":"index","follow":"follow","max-snippet":"max-snippet:-1","max-image-preview":"max-image-preview:large","max-video-preview":"max-video-preview:-1"},"canonical":"https:\/\/rotary.fi\/d1420\/mita-teemme\/toimihenkilot\/","og_locale":"fi_FI","og_type":"article","og_title":"PrePELS ja PELS - Piiri 1420","og_description":"PrePELS ja PELSRotary PELS (President-Elect Learning Seminar, aiemmin PETS) on koulutusohjelma, joka on suunnattu tuleville klubipresidenteille ja sihteereille. Se on t\u00e4rke\u00e4 osa Rotaryn koulutusohjelmaa ja sen tavoitteena on valmistaa valitut presidentit ja sihteerit hoitamaan vastuullisesti ja tehokkaasti rooliaan klubissa seuraavalla toimikaudella. PELS- koulutus jakautuu et\u00e4n\u00e4 pidett\u00e4viin johdatteleviin prePELS tilaisuuksiin ja yhteiseen, koko p\u00e4iv\u00e4n kest\u00e4v\u00e4\u00e4n PELS- [&hellip;]","og_url":"https:\/\/rotary.fi\/d1420\/mita-teemme\/toimihenkilot\/","og_site_name":"Piiri 1420","article_publisher":"https:\/\/www.facebook.com\/rotary\/","article_modified_time":"2025-07-02T14:31:13+00:00","twitter_card":"summary_large_image","twitter_misc":{"Arvioitu lukuaika":"2 minuuttia"},"schema":{"@context":"https:\/\/schema.org","@graph":[{"@type":"WebPage","@id":"https:\/\/rotary.fi\/d1420\/mita-teemme\/toimihenkilot\/","url":"https:\/\/rotary.fi\/d1420\/mita-teemme\/toimihenkilot\/","name":"PrePELS ja PELS - Piiri 1420","isPartOf":{"@id":"https:\/\/rotary.fi\/d1420\/#website"},"datePublished":"2021-11-13T09:37:17+00:00","dateModified":"2025-07-02T14:31:13+00:00","breadcrumb":{"@id":"https:\/\/rotary.fi\/d1420\/mita-teemme\/toimihenkilot\/#breadcrumb"},"inLanguage":"fi","potentialAction":[{"@type":"ReadAction","target":["https:\/\/rotary.fi\/d1420\/mita-teemme\/toimihenkilot\/"]}]},{"@type":"BreadcrumbList","@id":"https:\/\/rotary.fi\/d1420\/mita-teemme\/toimihenkilot\/#breadcrumb","itemListElement":[{"@type":"ListItem","position":1,"name":"Home","item":"https:\/\/rotary.fi\/d1420\/"},{"@type":"ListItem","position":2,"name":"Mit\u00e4 teemme","item":"https:\/\/rotary.fi\/d1420\/mita-teemme\/"},{"@type":"ListItem","position":3,"name":"PrePELS ja PELS"}]},{"@type":"WebSite","@id":"https:\/\/rotary.fi\/d1420\/#website","url":"https:\/\/rotary.fi\/d1420\/","name":"Piiri 1420","description":"Suomen Rotary","potentialAction":[{"@type":"SearchAction","target":{"@type":"EntryPoint","urlTemplate":"https:\/\/rotary.fi\/d1420\/?s={search_term_string}"},"query-input":{"@type":"PropertyValueSpecification","valueRequired":true,"valueName":"search_term_string"}}],"inLanguage":"fi"}]}},"lang":"fi","translations":{"fi":6247,"sv":10238,"en":10245,"et":10251},"pll_sync_post":[],"_links":{"self":[{"href":"https:\/\/rotary.fi\/d1420\/wp-json\/wp\/v2\/pages\/6247","targetHints":{"allow":["GET"]}}],"collection":[{"href":"https:\/\/rotary.fi\/d1420\/wp-json\/wp\/v2\/pages"}],"about":[{"href":"https:\/\/rotary.fi\/d1420\/wp-json\/wp\/v2\/types\/page"}],"author":[{"embeddable":true,"href":"https:\/\/rotary.fi\/d1420\/wp-json\/wp\/v2\/users\/413"}],"replies":[{"embeddable":true,"href":"https:\/\/rotary.fi\/d1420\/wp-json\/wp\/v2\/comments?post=6247"}],"version-history":[{"count":11,"href":"https:\/\/rotary.fi\/d1420\/wp-json\/wp\/v2\/pages\/6247\/revisions"}],"predecessor-version":[{"id":11281,"href":"https:\/\/rotary.fi\/d1420\/wp-json\/wp\/v2\/pages\/6247\/revisions\/11281"}],"up":[{"embeddable":true,"href":"https:\/\/rotary.fi\/d1420\/wp-json\/wp\/v2\/pages\/656"}],"wp:attachment":[{"href":"https:\/\/rotary.fi\/d1420\/wp-json\/wp\/v2\/media?parent=6247"}],"curies":[{"name":"wp","href":"https:\/\/api.w.org\/{rel}","templated":true}]}}