{"id":497,"date":"2018-04-06T14:48:45","date_gmt":"2018-04-06T12:48:45","guid":{"rendered":"http:\/\/rotary.fi\/piirisivusto\/?page_id=497"},"modified":"2025-07-17T13:38:20","modified_gmt":"2025-07-17T11:38:20","slug":"nuorisovaihto","status":"publish","type":"page","link":"https:\/\/rotary.fi\/d1420\/mita-teemme\/nuorisovaihto\/","title":{"rendered":"Nuorisovaihto"},"content":{"rendered":"<p>[et_pb_section fb_built=&#8221;1&#8243; module_class=&#8221;jumbotron-page&#8221; _builder_version=&#8221;4.16&#8243; background_image=&#8221;https:\/\/rotary.fi\/d1420\/wp-content\/uploads\/sites\/183\/2020\/02\/laura-ja-lucie.jpg&#8221; global_colors_info=&#8221;{}&#8221;][et_pb_row module_class=&#8221; et_pb_row_fullwidth&#8221; _builder_version=&#8221;4.16&#8243; width=&#8221;89%&#8221; width_tablet=&#8221;80%&#8221; width_phone=&#8221;&#8221; width_last_edited=&#8221;on|desktop&#8221; max_width=&#8221;89%&#8221; max_width_tablet=&#8221;80%&#8221; max_width_phone=&#8221;&#8221; max_width_last_edited=&#8221;on|desktop&#8221; make_fullwidth=&#8221;on&#8221; global_colors_info=&#8221;{}&#8221;][et_pb_column type=&#8221;4_4&#8243; _builder_version=&#8221;4.16&#8243; custom_padding=&#8221;|||&#8221; global_colors_info=&#8221;{}&#8221; custom_padding__hover=&#8221;|||&#8221;][et_pb_text admin_label=&#8221;Nuorisovaihto -otsikko&#8221; _builder_version=&#8221;4.16&#8243; background_enable_image=&#8221;off&#8221; text_orientation=&#8221;center&#8221; background_layout=&#8221;dark&#8221; global_colors_info=&#8221;{}&#8221;][\/et_pb_text][\/et_pb_column][\/et_pb_row][\/et_pb_section][et_pb_section fb_built=&#8221;1&#8243; module_class=&#8221;sisaltoalue_perus&#8221; _builder_version=&#8221;4.16&#8243; background_enable_image=&#8221;off&#8221; custom_margin=&#8221;||40px|&#8221; global_colors_info=&#8221;{}&#8221;][et_pb_row custom_padding_last_edited=&#8221;on|phone&#8221; _builder_version=&#8221;4.16&#8243; custom_padding_tablet=&#8221;&#8221; custom_padding_phone=&#8221;&#8221; global_colors_info=&#8221;{}&#8221;][et_pb_column type=&#8221;4_4&#8243; _builder_version=&#8221;4.16&#8243; custom_padding=&#8221;|||&#8221; global_colors_info=&#8221;{}&#8221; custom_padding__hover=&#8221;|||&#8221;][et_pb_text admin_label=&#8221;Nuorisovaihto edist\u00e4\u00e4 yhteisymm\u00e4rryst\u00e4 -otsikko&#8221; _builder_version=&#8221;4.27.4&#8243; text_orientation=&#8221;center&#8221; global_colors_info=&#8221;{}&#8221;]<\/p>\n<h2 style=\"text-align: left\">Nuorisovaihto edist\u00e4\u00e4 yhteisymm\u00e4rryst\u00e4<\/h2>\n<p>[\/et_pb_text][\/et_pb_column][\/et_pb_row][et_pb_row column_structure=&#8221;1_2,1_2&#8243; custom_padding_last_edited=&#8221;on|phone&#8221; _builder_version=&#8221;4.27.4&#8243; custom_padding_tablet=&#8221;&#8221; custom_padding_phone=&#8221;&#8221; global_colors_info=&#8221;{}&#8221;][et_pb_column type=&#8221;1_2&#8243; _builder_version=&#8221;4.16&#8243; custom_padding=&#8221;|||&#8221; global_colors_info=&#8221;{}&#8221; custom_padding__hover=&#8221;|||&#8221;][et_pb_text admin_label=&#8221;Teksti &#8211; johdanto&#8221; _builder_version=&#8221;4.27.4&#8243; global_colors_info=&#8221;{}&#8221;]<\/p>\n<p>Rotary haluaa edist\u00e4\u00e4 eri kulttuurien v\u00e4list\u00e4 ymm\u00e4rryst\u00e4, hyv\u00e4\u00e4 tahtoa ja rauhaa my\u00f6s nuorisovaihto-ohjelmansa avulla. Nuorisovaihto onkin yksi Rotaryn keskeisimmist\u00e4 ja tunnetuimmista toimintamuodoista. J\u00e4rjest\u00f6n kautta l\u00e4htee vuosittain yli 8 000 nuorta vaihtoon maailmanlaajuisesti.<\/p>\n<p>Rotary tarjoaa verkostonsa ansiosta turvallisen ja edullisen vaihtomahdollisuuden. \u00a0Vaihto-ohjelma toimii yli 100 maassa rotaryklubien sponsoroimana ohjelmana 15-19-vuotiaille nuorille.<\/p>\n<p>Vaihto-oppilaat tutustuvat toiseen kulttuuriin, oppivat uuden kielen ja tulevat maailmankansalaisiksi. Perehdyt\u00e4mme kaikki ohjelmaan osallistuvat, ja tarjoamme runsaan vapaaehtoisista koostuvan turvaverkon. Koko Suomen osalta nuorisovaihtoa koordinoi monipiiriorganisaatio.<\/p>\n<p>&nbsp;<\/p>\n<p>&nbsp;<\/p>\n<p>[\/et_pb_text][\/et_pb_column][et_pb_column type=&#8221;1_2&#8243; _builder_version=&#8221;4.16&#8243; custom_padding=&#8221;|||&#8221; global_colors_info=&#8221;{}&#8221; custom_padding__hover=&#8221;|||&#8221;][et_pb_image src=&#8221;https:\/\/rotary.fi\/d1420\/wp-content\/uploads\/sites\/183\/2024\/09\/b65bbaeb-f1c6-49bb-ae49-eaf35d628637.jpg&#8221; alt=&#8221;vaihto-oppilaat&#8221; title_text=&#8221;b65bbaeb-f1c6-49bb-ae49-eaf35d628637&#8243; _builder_version=&#8221;4.27.4&#8243; _module_preset=&#8221;default&#8221; global_colors_info=&#8221;{}&#8221;][\/et_pb_image][\/et_pb_column][\/et_pb_row][et_pb_row _builder_version=&#8221;4.27.4&#8243; _module_preset=&#8221;default&#8221; global_colors_info=&#8221;{}&#8221;][et_pb_column type=&#8221;4_4&#8243; _builder_version=&#8221;4.27.4&#8243; _module_preset=&#8221;default&#8221; global_colors_info=&#8221;{}&#8221;][et_pb_text admin_label=&#8221;Teksti &#8211; nuorisovaihto p\u00e4hkin\u00e4nkuoressa&#8221; _builder_version=&#8221;4.27.4&#8243; _module_preset=&#8221;default&#8221; global_colors_info=&#8221;{}&#8221;]<\/p>\n<h3>Rotareiden nuorisovaihto p\u00e4hkin\u00e4nkuoressa<\/h3>\n<p>[\/et_pb_text][\/et_pb_column][\/et_pb_row][et_pb_row column_structure=&#8221;1_3,1_3,1_3&#8243; _builder_version=&#8221;4.27.4&#8243; _module_preset=&#8221;default&#8221; global_colors_info=&#8221;{}&#8221;][et_pb_column type=&#8221;1_3&#8243; _builder_version=&#8221;4.27.4&#8243; _module_preset=&#8221;default&#8221; global_colors_info=&#8221;{}&#8221;][et_pb_text admin_label=&#8221;Teksti &#8211; vaihtomuodot&#8221; _builder_version=&#8221;4.27.4&#8243; _module_preset=&#8221;default&#8221; background_color=&#8221;#c9dee9&#8243; custom_margin=&#8221;10px|10px|10px|10px|false|false&#8221; custom_padding=&#8221;10px|10px|10px|10px|false|false&#8221; box_shadow_style=&#8221;preset1&#8243; global_colors_info=&#8221;{}&#8221;]<\/p>\n<p><strong>Vaihtomuodot:<\/strong><\/p>\n<ul>\n<li>vuosivaihto,<\/li>\n<li>kes\u00e4vaihto<\/li>\n<li>leirivaihto<\/li>\n<\/ul>\n<p>&nbsp;<\/p>\n<p>&nbsp;<\/p>\n<p>[\/et_pb_text][\/et_pb_column][et_pb_column type=&#8221;1_3&#8243; _builder_version=&#8221;4.27.4&#8243; _module_preset=&#8221;default&#8221; global_colors_info=&#8221;{}&#8221;][et_pb_text admin_label=&#8221;Teksti &#8211; kesto&#8221; _builder_version=&#8221;4.27.4&#8243; _module_preset=&#8221;default&#8221; background_color=&#8221;#c9dee9&#8243; custom_margin=&#8221;10px|10px|10px|10px|false|false&#8221; custom_padding=&#8221;10px|10px|10px|10px|false|false&#8221; box_shadow_style=&#8221;preset1&#8243; global_colors_info=&#8221;{}&#8221;]<strong>Vaihdon kesto:<\/strong><\/p>\n<ul>\n<li>Pitk\u00e4: Koko lukuvuosi, koulunk\u00e4ynti\u00e4, asuminen useiden is\u00e4nt\u00e4perheiden kanssa.<\/li>\n<li>Lyhyt: Muutamasta p\u00e4iv\u00e4st\u00e4 kolmeen kuukauteen, leirej\u00e4, retki\u00e4 tai is\u00e4nt\u00e4perheasumista<\/li>\n<\/ul>\n<p>[\/et_pb_text][\/et_pb_column][et_pb_column type=&#8221;1_3&#8243; _builder_version=&#8221;4.27.4&#8243; _module_preset=&#8221;default&#8221; global_colors_info=&#8221;{}&#8221;][et_pb_text admin_label=&#8221;Teksti &#8211; kustannukset&#8221; _builder_version=&#8221;4.27.4&#8243; _module_preset=&#8221;default&#8221; background_color=&#8221;#c9dee9&#8243; custom_margin=&#8221;10px|10px|10px|10px|false|false&#8221; custom_padding=&#8221;10px|10px|10px|10px|false|false&#8221; box_shadow_style=&#8221;preset1&#8243; global_colors_info=&#8221;{}&#8221;]<\/p>\n<p><strong>Kustannukset:<\/strong><\/p>\n<ul>\n<li>Rotarit kattavat asumiseen, el\u00e4miseen ja kouluun liittyv\u00e4t maksut.<\/li>\n<li>Opiskelijat vastaavat edestakaisesta lentolipusta, vakuutuksesta, asiakirjoista, k\u00e4ytt\u00f6rahasta ja lis\u00e4matkoista.<\/li>\n<\/ul>\n<p>[\/et_pb_text][\/et_pb_column][\/et_pb_row][et_pb_row column_structure=&#8221;3_4,1_4&#8243; _builder_version=&#8221;4.27.4&#8243; _module_preset=&#8221;default&#8221; global_colors_info=&#8221;{}&#8221;][et_pb_column type=&#8221;3_4&#8243; _builder_version=&#8221;4.27.4&#8243; _module_preset=&#8221;default&#8221; global_colors_info=&#8221;{}&#8221;][et_pb_text admin_label=&#8221;Teksti &#8211;  hakuprosessi&#8221; _builder_version=&#8221;4.27.4&#8243; _module_preset=&#8221;default&#8221; global_colors_info=&#8221;{}&#8221;]<\/p>\n<h3>Hakuprosessi:<\/h3>\n<p>Kohderyhm\u00e4n\u00e4 15-19-vuotiaat opiskelijat.<\/p>\n<p>Vaihdosta kiinnostuneiden tulee ottaa yhteys paikalliseen rotaryklubiin vaihtomahdollisuuksien ja hakutietojen saamiseksi.<\/p>\n<p>Lista piirin 1420 klubeista l\u00f6ytyy osoitteesta <a href=\"https:\/\/rotary.fi\/d1420\/liity-mukaan\/piirin-klubit\/\">https:\/\/rotary.fi\/d1420\/liity-mukaan\/piirin-klubit\/<\/a><\/p>\n<p>Yksityiskohtaiset tiedot Rotaryn nuorisovaihdosta Suomessa l\u00f6ytyv\u00e4t verkko-osoitteesta: <a href=\"https:\/\/rye.fi\">www.rye.fi.<\/a><\/p>\n<p>[\/et_pb_text][\/et_pb_column][et_pb_column type=&#8221;1_4&#8243; _builder_version=&#8221;4.27.4&#8243; _module_preset=&#8221;default&#8221; global_colors_info=&#8221;{}&#8221;][et_pb_image src=&#8221;https:\/\/rotary.fi\/d1420\/wp-content\/uploads\/sites\/183\/2024\/09\/img-5655.jpg&#8221; title_text=&#8221;IMG_5655&#8243; _builder_version=&#8221;4.27.4&#8243; _module_preset=&#8221;default&#8221; global_colors_info=&#8221;{}&#8221;][\/et_pb_image][\/et_pb_column][\/et_pb_row][et_pb_row _builder_version=&#8221;4.27.4&#8243; _module_preset=&#8221;default&#8221; global_colors_info=&#8221;{}&#8221;][et_pb_column type=&#8221;4_4&#8243; _builder_version=&#8221;4.27.4&#8243; _module_preset=&#8221;default&#8221; global_colors_info=&#8221;{}&#8221;][et_pb_text admin_label=&#8221;Teksti &#8211; toiminta kaudella&#8221; _builder_version=&#8221;4.27.4&#8243; _module_preset=&#8221;default&#8221; global_colors_info=&#8221;{}&#8221;]<\/p>\n<h3>Rotarypiirin 1420 toiminta kaudella 2024-2025<\/h3>\n<p>[\/et_pb_text][\/et_pb_column][\/et_pb_row][et_pb_row column_structure=&#8221;1_3,1_3,1_3&#8243; _builder_version=&#8221;4.27.4&#8243; _module_preset=&#8221;default&#8221; global_colors_info=&#8221;{}&#8221;][et_pb_column type=&#8221;1_3&#8243; _builder_version=&#8221;4.27.4&#8243; _module_preset=&#8221;default&#8221; global_colors_info=&#8221;{}&#8221;][et_pb_text admin_label=&#8221;Teksti &#8211; vuosivaihto&#8221; _builder_version=&#8221;4.27.4&#8243; _module_preset=&#8221;default&#8221; background_color=&#8221;#f8f9fa&#8221; custom_margin=&#8221;10px|10px|10px|10px|false|false&#8221; custom_padding=&#8221;10px|10px|10px|10px|false|false&#8221; box_shadow_style=&#8221;preset1&#8243; global_colors_info=&#8221;{}&#8221;]<\/p>\n<p><strong>23 outbound ja 21 inbound-oppilasta<\/strong><\/p>\n<p>Piirist\u00e4 1420 l\u00e4htee vuosivaihtoon noin 30 oppilasta vuodessa. M\u00e4\u00e4r\u00e4 riippuu siit\u00e4, kuinka monta klubia osallistuu vuosivaihtoon min\u00e4kin vuonna. Hakijoita on aina enemm\u00e4n kuin paikkoja.<\/p>\n<p>[\/et_pb_text][\/et_pb_column][et_pb_column type=&#8221;1_3&#8243; _builder_version=&#8221;4.27.4&#8243; _module_preset=&#8221;default&#8221; global_colors_info=&#8221;{}&#8221;][et_pb_text admin_label=&#8221;Teksti &#8211; kes\u00e4vaihto&#8221; _builder_version=&#8221;4.27.4&#8243; _module_preset=&#8221;default&#8221; background_color=&#8221;#f8f9fa&#8221; custom_margin=&#8221;10px|10px|10px|10px|false|false&#8221; custom_padding=&#8221;10px|10px|10px|10px|false|false&#8221; box_shadow_style=&#8221;preset1&#8243; global_colors_info=&#8221;{}&#8221;]<\/p>\n<p><strong>13 kes\u00e4vaihtoa<\/strong><\/p>\n<p>Kes\u00e4vaihtoon l\u00e4htij\u00f6iden m\u00e4\u00e4r\u00e4 vaihtelee merkitt\u00e4v\u00e4sti vuosittain. Yleens\u00e4 kaikki hakijat ovat p\u00e4\u00e4sseet kes\u00e4vaihtoon. Piirimme tavoitteena on kasvattaa kes\u00e4vaihtoon l\u00e4htevien m\u00e4\u00e4r\u00e4\u00e4 l\u00e4hivuosina.<\/p>\n<p>&nbsp;<\/p>\n<p>[\/et_pb_text][\/et_pb_column][et_pb_column type=&#8221;1_3&#8243; _builder_version=&#8221;4.27.4&#8243; _module_preset=&#8221;default&#8221; global_colors_info=&#8221;{}&#8221;][et_pb_text admin_label=&#8221;Teksti &#8211; leirit&#8221; _builder_version=&#8221;4.27.4&#8243; _module_preset=&#8221;default&#8221; background_color=&#8221;#f8f9fa&#8221; custom_margin=&#8221;10px|10px|10px|10px|false|false&#8221; custom_padding=&#8221;10px|10px|10px|10px|false|false&#8221; box_shadow_style=&#8221;preset1&#8243; global_colors_info=&#8221;{}&#8221;]<\/p>\n<p><strong>5 leiril\u00e4ist\u00e4<\/strong><\/p>\n<p>Piiri 1420 j\u00e4rjest\u00e4\u00e4 leirej\u00e4 my\u00f6s ulkomailta saapuville nuorille. Leireille osallistuvat nuoret ovat kotoisin l\u00e4hinn\u00e4 Euroopan maista tai laajemmin Rotaryn EEMA-alueelta, mutta kaukaisimmat osallistujat ovat tulleet aina Taiwanista asti.<\/p>\n<p>[\/et_pb_text][\/et_pb_column][\/et_pb_row][et_pb_row _builder_version=&#8221;4.27.4&#8243; _module_preset=&#8221;default&#8221; global_colors_info=&#8221;{}&#8221;][et_pb_column type=&#8221;4_4&#8243; _builder_version=&#8221;4.27.4&#8243; _module_preset=&#8221;default&#8221; global_colors_info=&#8221;{}&#8221;][et_pb_text admin_label=&#8221;Teksti &#8211; toiminta kaudella &#8211; tapahtumat&#8221; _builder_version=&#8221;4.27.4&#8243; _module_preset=&#8221;default&#8221; global_colors_info=&#8221;{}&#8221;]<\/p>\n<h3>\u00a0<\/h3>\n<h3>Piirin nuorisovaihtokomitea j\u00e4rjest\u00e4\u00e4 n. 15 tapahtumaa vuodessa<\/h3>\n<p>[\/et_pb_text][\/et_pb_column][\/et_pb_row][et_pb_row column_structure=&#8221;1_2,1_2&#8243; _builder_version=&#8221;4.27.4&#8243; _module_preset=&#8221;default&#8221; global_colors_info=&#8221;{}&#8221;][et_pb_column type=&#8221;1_2&#8243; _builder_version=&#8221;4.27.4&#8243; _module_preset=&#8221;default&#8221; global_colors_info=&#8221;{}&#8221;][et_pb_text admin_label=&#8221;Teksti &#8211; koulutus&#8221; _builder_version=&#8221;4.27.4&#8243; _module_preset=&#8221;default&#8221; background_color=&#8221;#c9dee9&#8243; custom_margin=&#8221;10px|10px|10px|10px|false|false&#8221; custom_padding=&#8221;10px|10px|10px|10px|false|false&#8221; box_shadow_style=&#8221;preset1&#8243; global_colors_info=&#8221;{}&#8221;]<\/p>\n<p><strong>Koulutus<\/strong><\/p>\n<p>Kohderyhm\u00e4n\u00e4 l\u00e4htev\u00e4t vaihto-oppilaat ja heid\u00e4n perheens\u00e4, is\u00e4nt\u00e4perheet ja klubien nuorivaihtohenkil\u00f6t. Sis\u00e4lt\u00f6n\u00e4 mm tietoj\u00e4rjestelm\u00e4koulutus ja vaihto-oppilaiden oma kielikurssi Helsingiss\u00e4<\/p>\n<p>[\/et_pb_text][\/et_pb_column][et_pb_column type=&#8221;1_2&#8243; _builder_version=&#8221;4.27.4&#8243; _module_preset=&#8221;default&#8221; global_colors_info=&#8221;{}&#8221;][et_pb_text admin_label=&#8221;Teksti &#8211; nuorisovaihtotapahtumat&#8221; _builder_version=&#8221;4.27.4&#8243; _module_preset=&#8221;default&#8221; background_color=&#8221;#c9dee9&#8243; custom_margin=&#8221;10px|10px|10px|10px|false|false&#8221; custom_padding=&#8221;10px|10px|10px|10px|false|false&#8221; box_shadow_style=&#8221;preset1&#8243; global_colors_info=&#8221;{}&#8221;]<\/p>\n<p><strong>Piirin nuorisovaihtotapahtumia<\/strong><\/p>\n<p>Inbound &amp; Rebound\u2013tapaaminen syksyisin, Inbound &amp; Outbound\u2013tapahtuma kev\u00e4isin, 2 piirileiri\u00e4, Tallinnan matka, eduskunta-, museo- ja oppilaitosvierailut\u00a0<\/p>\n<p>[\/et_pb_text][\/et_pb_column][\/et_pb_row][et_pb_row custom_padding_last_edited=&#8221;on|phone&#8221; _builder_version=&#8221;4.16&#8243; custom_padding_tablet=&#8221;&#8221; custom_padding_phone=&#8221;&#8221; global_colors_info=&#8221;{}&#8221;][et_pb_column type=&#8221;4_4&#8243; _builder_version=&#8221;4.16&#8243; custom_padding=&#8221;|||&#8221; global_colors_info=&#8221;{}&#8221; custom_padding__hover=&#8221;|||&#8221;][et_pb_text admin_label=&#8221;Teksti &#8211; Rotex&#8221; _builder_version=&#8221;4.27.4&#8243; global_colors_info=&#8221;{}&#8221;]<\/p>\n<h3>\u00a0<\/h3>\n<h3>Vaihdon j\u00e4lkeen Rotex<\/h3>\n<p>Vaihdosta palaavat oppilaat kutsutaan mukaan Rotex-toimintaan. Entiset vaihto-oppilaat eli rotexit auttavat monipiiri\u00e4 ja piirej\u00e4 l\u00e4htevien vaihto-oppilaiden opastamisessa ja j\u00e4rjest\u00e4v\u00e4t ohjelmaa Suomeen saapuville vaihto-oppilaille.<\/p>\n<p>Rotexit voivat toimia my\u00f6s tutoreina kes\u00e4leireill\u00e4, nuorisovaihdon j\u00e4rjest\u00e4mill\u00e4 matkoilla (Lappi ja Eurotour) sek\u00e4 saapuvien oppilaiden orientaatioleireill\u00e4. Rotex toimii Suomen Rotarypalvelun nuorisovaihdon monipiiriorganisaation alaisuudessa, ja rotexit noudattavat Rotaryn s\u00e4\u00e4nt\u00f6j\u00e4.<\/p>\n<p>&nbsp;<\/p>\n<p>[\/et_pb_text][\/et_pb_column][\/et_pb_row][et_pb_row _builder_version=&#8221;4.27.4&#8243; _module_preset=&#8221;default&#8221; global_colors_info=&#8221;{}&#8221;][et_pb_column type=&#8221;4_4&#8243; _builder_version=&#8221;4.27.4&#8243; _module_preset=&#8221;default&#8221; global_colors_info=&#8221;{}&#8221;][et_pb_text admin_label=&#8221;Teksti &#8211; lis\u00e4tietoja&#8221; _builder_version=&#8221;4.27.4&#8243; _module_preset=&#8221;default&#8221; global_colors_info=&#8221;{}&#8221;]<\/p>\n<h3>Lis\u00e4tietoja<\/h3>\n<p>Haluatko kuulla lis\u00e4\u00e4 vaihtoon p\u00e4\u00e4semisest\u00e4, ryhty\u00e4 is\u00e4nt\u00e4perheeksi tai tulla rotarina mukaan vapaaehtoisty\u00f6h\u00f6n nuorten hyv\u00e4ksi?<\/p>\n<p>[\/et_pb_text][\/et_pb_column][\/et_pb_row][et_pb_row column_structure=&#8221;1_2,1_2&#8243; _builder_version=&#8221;4.27.4&#8243; _module_preset=&#8221;default&#8221; global_colors_info=&#8221;{}&#8221;][et_pb_column type=&#8221;1_2&#8243; _builder_version=&#8221;4.27.4&#8243; _module_preset=&#8221;default&#8221; global_colors_info=&#8221;{}&#8221;][et_pb_text admin_label=&#8221;Teksti &#8211; komitea&#8221; _builder_version=&#8221;4.27.4&#8243; _module_preset=&#8221;default&#8221; background_color=&#8221;#f8f9fa&#8221; custom_margin=&#8221;10px|10px|10px|10px|false|false&#8221; custom_padding=&#8221;10px|10px|10px|10px|false|false&#8221; hover_enabled=&#8221;0&#8243; box_shadow_style=&#8221;preset1&#8243; global_colors_info=&#8221;{}&#8221; sticky_enabled=&#8221;0&#8243;]<\/p>\n<p><strong>Ota yhteytt\u00e4 piirin 1420 nuorisovaihtokomiteaan.<\/strong><\/p>\n<p>Puheenjohtaja<br \/><strong>Anne Kuusio<\/strong>, Eken\u00e4s-Tammisaari<br \/>E-mail: annekuusio(at)outlook.com<\/p>\n<p>Varapuheenjohtaja<br \/><strong>Tanel Ringo<\/strong>, N\u00f5mme-Tallinn,<br \/>E-mail: tanelri(at)hotmail.com<\/p>\n<p>&nbsp;<\/p>\n<p>[\/et_pb_text][\/et_pb_column][et_pb_column type=&#8221;1_2&#8243; _builder_version=&#8221;4.27.4&#8243; _module_preset=&#8221;default&#8221; global_colors_info=&#8221;{}&#8221;][et_pb_text admin_label=&#8221;Teksti &#8211; rye.fi&#8221; _builder_version=&#8221;4.27.4&#8243; _module_preset=&#8221;default&#8221; background_color=&#8221;#f8f9fa&#8221; custom_margin=&#8221;10px|10px|10px|10px|false|false&#8221; custom_padding=&#8221;10px|10px|10px|10px|false|false&#8221; box_shadow_style=&#8221;preset1&#8243; global_colors_info=&#8221;{}&#8221;]<\/p>\n<p><strong>Lue lis\u00e4\u00e4<\/strong> Rotaryn nuorisovaihdosta Suomessa sivuilta<\/p>\n<p><a href=\"https:\/\/rye.fi\">www.rye.fi<\/a><\/p>\n<p>&nbsp;<\/p>\n<p>[\/et_pb_text][\/et_pb_column][\/et_pb_row][\/et_pb_section]<\/p>\n","protected":false},"excerpt":{"rendered":"<p>Nuorisovaihto edist\u00e4\u00e4 yhteisymm\u00e4rryst\u00e4Rotary haluaa edist\u00e4\u00e4 eri kulttuurien v\u00e4list\u00e4 ymm\u00e4rryst\u00e4, hyv\u00e4\u00e4 tahtoa ja rauhaa my\u00f6s nuorisovaihto-ohjelmansa avulla. Nuorisovaihto onkin yksi Rotaryn keskeisimmist\u00e4 ja tunnetuimmista toimintamuodoista. J\u00e4rjest\u00f6n kautta l\u00e4htee vuosittain yli 8 000 nuorta vaihtoon maailmanlaajuisesti. Rotary tarjoaa verkostonsa ansiosta turvallisen ja edullisen vaihtomahdollisuuden. \u00a0Vaihto-ohjelma toimii yli 100 maassa rotaryklubien sponsoroimana ohjelmana 15-19-vuotiaille nuorille. Vaihto-oppilaat tutustuvat toiseen [&hellip;]<\/p>\n","protected":false},"author":1,"featured_media":0,"parent":656,"menu_order":2,"comment_status":"closed","ping_status":"closed","template":"","meta":{"_acf_changed":false,"_et_pb_use_builder":"on","_et_pb_old_content":"","_et_gb_content_width":"","footnotes":""},"class_list":["post-497","page","type-page","status-publish","hentry"],"acf":[],"yoast_head":"<!-- This site is optimized with the Yoast SEO plugin v27.4 - https:\/\/yoast.com\/product\/yoast-seo-wordpress\/ -->\n<title>Nuorisovaihto - Piiri 1420<\/title>\n<meta name=\"robots\" content=\"index, follow, max-snippet:-1, max-image-preview:large, max-video-preview:-1\" \/>\n<link rel=\"canonical\" href=\"https:\/\/rotary.fi\/d1420\/mita-teemme\/nuorisovaihto\/\" \/>\n<meta property=\"og:locale\" content=\"fi_FI\" \/>\n<meta property=\"og:type\" content=\"article\" \/>\n<meta property=\"og:title\" content=\"Nuorisovaihto - Piiri 1420\" \/>\n<meta property=\"og:description\" content=\"Nuorisovaihto edist\u00e4\u00e4 yhteisymm\u00e4rryst\u00e4Rotary haluaa edist\u00e4\u00e4 eri kulttuurien v\u00e4list\u00e4 ymm\u00e4rryst\u00e4, hyv\u00e4\u00e4 tahtoa ja rauhaa my\u00f6s nuorisovaihto-ohjelmansa avulla. Nuorisovaihto onkin yksi Rotaryn keskeisimmist\u00e4 ja tunnetuimmista toimintamuodoista. J\u00e4rjest\u00f6n kautta l\u00e4htee vuosittain yli 8 000 nuorta vaihtoon maailmanlaajuisesti. Rotary tarjoaa verkostonsa ansiosta turvallisen ja edullisen vaihtomahdollisuuden. \u00a0Vaihto-ohjelma toimii yli 100 maassa rotaryklubien sponsoroimana ohjelmana 15-19-vuotiaille nuorille. Vaihto-oppilaat tutustuvat toiseen [&hellip;]\" \/>\n<meta property=\"og:url\" content=\"https:\/\/rotary.fi\/d1420\/mita-teemme\/nuorisovaihto\/\" \/>\n<meta property=\"og:site_name\" content=\"Piiri 1420\" \/>\n<meta property=\"article:publisher\" content=\"https:\/\/www.facebook.com\/rotary\/\" \/>\n<meta property=\"article:modified_time\" content=\"2025-07-17T11:38:20+00:00\" \/>\n<meta name=\"twitter:card\" content=\"summary_large_image\" \/>\n<meta name=\"twitter:label1\" content=\"Arvioitu lukuaika\" \/>\n\t<meta name=\"twitter:data1\" content=\"3 minuuttia\" \/>\n<script type=\"application\/ld+json\" class=\"yoast-schema-graph\">{\"@context\":\"https:\\\/\\\/schema.org\",\"@graph\":[{\"@type\":\"WebPage\",\"@id\":\"https:\\\/\\\/rotary.fi\\\/d1420\\\/mita-teemme\\\/nuorisovaihto\\\/\",\"url\":\"https:\\\/\\\/rotary.fi\\\/d1420\\\/mita-teemme\\\/nuorisovaihto\\\/\",\"name\":\"Nuorisovaihto - Piiri 1420\",\"isPartOf\":{\"@id\":\"https:\\\/\\\/rotary.fi\\\/d1420\\\/#website\"},\"datePublished\":\"2018-04-06T12:48:45+00:00\",\"dateModified\":\"2025-07-17T11:38:20+00:00\",\"breadcrumb\":{\"@id\":\"https:\\\/\\\/rotary.fi\\\/d1420\\\/mita-teemme\\\/nuorisovaihto\\\/#breadcrumb\"},\"inLanguage\":\"fi\",\"potentialAction\":[{\"@type\":\"ReadAction\",\"target\":[\"https:\\\/\\\/rotary.fi\\\/d1420\\\/mita-teemme\\\/nuorisovaihto\\\/\"]}]},{\"@type\":\"BreadcrumbList\",\"@id\":\"https:\\\/\\\/rotary.fi\\\/d1420\\\/mita-teemme\\\/nuorisovaihto\\\/#breadcrumb\",\"itemListElement\":[{\"@type\":\"ListItem\",\"position\":1,\"name\":\"Home\",\"item\":\"https:\\\/\\\/rotary.fi\\\/d1420\\\/\"},{\"@type\":\"ListItem\",\"position\":2,\"name\":\"Mit\u00e4 teemme\",\"item\":\"https:\\\/\\\/rotary.fi\\\/d1420\\\/mita-teemme\\\/\"},{\"@type\":\"ListItem\",\"position\":3,\"name\":\"Nuorisovaihto\"}]},{\"@type\":\"WebSite\",\"@id\":\"https:\\\/\\\/rotary.fi\\\/d1420\\\/#website\",\"url\":\"https:\\\/\\\/rotary.fi\\\/d1420\\\/\",\"name\":\"Piiri 1420\",\"description\":\"Suomen Rotary\",\"potentialAction\":[{\"@type\":\"SearchAction\",\"target\":{\"@type\":\"EntryPoint\",\"urlTemplate\":\"https:\\\/\\\/rotary.fi\\\/d1420\\\/?s={search_term_string}\"},\"query-input\":{\"@type\":\"PropertyValueSpecification\",\"valueRequired\":true,\"valueName\":\"search_term_string\"}}],\"inLanguage\":\"fi\"}]}<\/script>\n<!-- \/ Yoast SEO plugin. -->","yoast_head_json":{"title":"Nuorisovaihto - Piiri 1420","robots":{"index":"index","follow":"follow","max-snippet":"max-snippet:-1","max-image-preview":"max-image-preview:large","max-video-preview":"max-video-preview:-1"},"canonical":"https:\/\/rotary.fi\/d1420\/mita-teemme\/nuorisovaihto\/","og_locale":"fi_FI","og_type":"article","og_title":"Nuorisovaihto - Piiri 1420","og_description":"Nuorisovaihto edist\u00e4\u00e4 yhteisymm\u00e4rryst\u00e4Rotary haluaa edist\u00e4\u00e4 eri kulttuurien v\u00e4list\u00e4 ymm\u00e4rryst\u00e4, hyv\u00e4\u00e4 tahtoa ja rauhaa my\u00f6s nuorisovaihto-ohjelmansa avulla. Nuorisovaihto onkin yksi Rotaryn keskeisimmist\u00e4 ja tunnetuimmista toimintamuodoista. J\u00e4rjest\u00f6n kautta l\u00e4htee vuosittain yli 8 000 nuorta vaihtoon maailmanlaajuisesti. Rotary tarjoaa verkostonsa ansiosta turvallisen ja edullisen vaihtomahdollisuuden. \u00a0Vaihto-ohjelma toimii yli 100 maassa rotaryklubien sponsoroimana ohjelmana 15-19-vuotiaille nuorille. Vaihto-oppilaat tutustuvat toiseen [&hellip;]","og_url":"https:\/\/rotary.fi\/d1420\/mita-teemme\/nuorisovaihto\/","og_site_name":"Piiri 1420","article_publisher":"https:\/\/www.facebook.com\/rotary\/","article_modified_time":"2025-07-17T11:38:20+00:00","twitter_card":"summary_large_image","twitter_misc":{"Arvioitu lukuaika":"3 minuuttia"},"schema":{"@context":"https:\/\/schema.org","@graph":[{"@type":"WebPage","@id":"https:\/\/rotary.fi\/d1420\/mita-teemme\/nuorisovaihto\/","url":"https:\/\/rotary.fi\/d1420\/mita-teemme\/nuorisovaihto\/","name":"Nuorisovaihto - Piiri 1420","isPartOf":{"@id":"https:\/\/rotary.fi\/d1420\/#website"},"datePublished":"2018-04-06T12:48:45+00:00","dateModified":"2025-07-17T11:38:20+00:00","breadcrumb":{"@id":"https:\/\/rotary.fi\/d1420\/mita-teemme\/nuorisovaihto\/#breadcrumb"},"inLanguage":"fi","potentialAction":[{"@type":"ReadAction","target":["https:\/\/rotary.fi\/d1420\/mita-teemme\/nuorisovaihto\/"]}]},{"@type":"BreadcrumbList","@id":"https:\/\/rotary.fi\/d1420\/mita-teemme\/nuorisovaihto\/#breadcrumb","itemListElement":[{"@type":"ListItem","position":1,"name":"Home","item":"https:\/\/rotary.fi\/d1420\/"},{"@type":"ListItem","position":2,"name":"Mit\u00e4 teemme","item":"https:\/\/rotary.fi\/d1420\/mita-teemme\/"},{"@type":"ListItem","position":3,"name":"Nuorisovaihto"}]},{"@type":"WebSite","@id":"https:\/\/rotary.fi\/d1420\/#website","url":"https:\/\/rotary.fi\/d1420\/","name":"Piiri 1420","description":"Suomen Rotary","potentialAction":[{"@type":"SearchAction","target":{"@type":"EntryPoint","urlTemplate":"https:\/\/rotary.fi\/d1420\/?s={search_term_string}"},"query-input":{"@type":"PropertyValueSpecification","valueRequired":true,"valueName":"search_term_string"}}],"inLanguage":"fi"}]}},"lang":"fi","translations":{"fi":497,"sv":2665,"en":11436,"et":11480},"pll_sync_post":[],"_links":{"self":[{"href":"https:\/\/rotary.fi\/d1420\/wp-json\/wp\/v2\/pages\/497","targetHints":{"allow":["GET"]}}],"collection":[{"href":"https:\/\/rotary.fi\/d1420\/wp-json\/wp\/v2\/pages"}],"about":[{"href":"https:\/\/rotary.fi\/d1420\/wp-json\/wp\/v2\/types\/page"}],"author":[{"embeddable":true,"href":"https:\/\/rotary.fi\/d1420\/wp-json\/wp\/v2\/users\/1"}],"replies":[{"embeddable":true,"href":"https:\/\/rotary.fi\/d1420\/wp-json\/wp\/v2\/comments?post=497"}],"version-history":[{"count":9,"href":"https:\/\/rotary.fi\/d1420\/wp-json\/wp\/v2\/pages\/497\/revisions"}],"predecessor-version":[{"id":11511,"href":"https:\/\/rotary.fi\/d1420\/wp-json\/wp\/v2\/pages\/497\/revisions\/11511"}],"up":[{"embeddable":true,"href":"https:\/\/rotary.fi\/d1420\/wp-json\/wp\/v2\/pages\/656"}],"wp:attachment":[{"href":"https:\/\/rotary.fi\/d1420\/wp-json\/wp\/v2\/media?parent=497"}],"curies":[{"name":"wp","href":"https:\/\/api.w.org\/{rel}","templated":true}]}}