{"id":489,"date":"2018-04-06T14:39:30","date_gmt":"2018-04-06T12:39:30","guid":{"rendered":"http:\/\/rotary.fi\/piirisivusto\/?page_id=489"},"modified":"2025-07-19T09:32:38","modified_gmt":"2025-07-19T07:32:38","slug":"kansainvaliset-projektit","status":"publish","type":"page","link":"https:\/\/rotary.fi\/d1420\/mita-teemme\/kansainvaliset-projektit\/","title":{"rendered":"Kansainv\u00e4liset hankkeet"},"content":{"rendered":"<p>[et_pb_section fb_built=&#8221;1&#8243; module_class=&#8221;jumbotron-page&#8221; _builder_version=&#8221;4.16&#8243; background_image=&#8221;http:\/\/rotary.fi\/piirisivusto\/wp-content\/uploads\/sites\/183\/2018\/04\/paakuva_kansainvaliset_projektit_mita_teemme.jpg&#8221; global_colors_info=&#8221;{}&#8221;][et_pb_row module_class=&#8221; et_pb_row_fullwidth&#8221; _builder_version=&#8221;4.16&#8243; width=&#8221;89%&#8221; width_tablet=&#8221;80%&#8221; width_phone=&#8221;&#8221; width_last_edited=&#8221;on|desktop&#8221; max_width=&#8221;89%&#8221; max_width_tablet=&#8221;80%&#8221; max_width_phone=&#8221;&#8221; max_width_last_edited=&#8221;on|desktop&#8221; make_fullwidth=&#8221;on&#8221; global_colors_info=&#8221;{}&#8221;][et_pb_column type=&#8221;4_4&#8243; _builder_version=&#8221;4.16&#8243; custom_padding=&#8221;|||&#8221; global_colors_info=&#8221;{}&#8221; custom_padding__hover=&#8221;|||&#8221;][et_pb_text admin_label=&#8221;Kansainv\u00e4liset projektit -otsikko&#8221; _builder_version=&#8221;4.16&#8243; text_orientation=&#8221;center&#8221; background_layout=&#8221;dark&#8221; global_colors_info=&#8221;{}&#8221;]<\/p>\n<h1>Kansainv\u00e4liset hankkeet<\/h1>\n<p>[\/et_pb_text][\/et_pb_column][\/et_pb_row][\/et_pb_section][et_pb_section fb_built=&#8221;1&#8243; module_class=&#8221;sisaltoalue_perus&#8221; _builder_version=&#8221;4.16&#8243; custom_margin=&#8221;||40px|&#8221; global_colors_info=&#8221;{}&#8221;][et_pb_row custom_padding_last_edited=&#8221;on|phone&#8221; _builder_version=&#8221;4.16&#8243; custom_padding_tablet=&#8221;&#8221; custom_padding_phone=&#8221;&#8221; global_colors_info=&#8221;{}&#8221;][et_pb_column type=&#8221;4_4&#8243; _builder_version=&#8221;4.16&#8243; custom_padding=&#8221;|||&#8221; global_colors_info=&#8221;{}&#8221; custom_padding__hover=&#8221;|||&#8221;][et_pb_text admin_label=&#8221;Kansainv\u00e4liset projektit -otsikko&#8221; _builder_version=&#8221;4.16&#8243; text_orientation=&#8221;center&#8221; global_colors_info=&#8221;{}&#8221;]<\/p>\n<h1>Global Grants <br \/>&#8211; mittavaa tukea maailmanlaajuisesti<\/h1>\n<p>[\/et_pb_text][et_pb_text _builder_version=&#8221;4.27.4&#8243; custom_padding=&#8221;||0px|||&#8221; hover_enabled=&#8221;0&#8243; z_index_tablet=&#8221;500&#8243; text_text_shadow_horizontal_length_tablet=&#8221;0px&#8221; text_text_shadow_vertical_length_tablet=&#8221;0px&#8221; text_text_shadow_blur_strength_tablet=&#8221;1px&#8221; link_text_shadow_horizontal_length_tablet=&#8221;0px&#8221; link_text_shadow_vertical_length_tablet=&#8221;0px&#8221; link_text_shadow_blur_strength_tablet=&#8221;1px&#8221; ul_text_shadow_horizontal_length_tablet=&#8221;0px&#8221; ul_text_shadow_vertical_length_tablet=&#8221;0px&#8221; ul_text_shadow_blur_strength_tablet=&#8221;1px&#8221; ol_text_shadow_horizontal_length_tablet=&#8221;0px&#8221; ol_text_shadow_vertical_length_tablet=&#8221;0px&#8221; ol_text_shadow_blur_strength_tablet=&#8221;1px&#8221; quote_text_shadow_horizontal_length_tablet=&#8221;0px&#8221; quote_text_shadow_vertical_length_tablet=&#8221;0px&#8221; quote_text_shadow_blur_strength_tablet=&#8221;1px&#8221; header_text_shadow_horizontal_length_tablet=&#8221;0px&#8221; header_text_shadow_vertical_length_tablet=&#8221;0px&#8221; header_text_shadow_blur_strength_tablet=&#8221;1px&#8221; header_2_text_shadow_horizontal_length_tablet=&#8221;0px&#8221; header_2_text_shadow_vertical_length_tablet=&#8221;0px&#8221; header_2_text_shadow_blur_strength_tablet=&#8221;1px&#8221; header_3_text_shadow_horizontal_length_tablet=&#8221;0px&#8221; header_3_text_shadow_vertical_length_tablet=&#8221;0px&#8221; header_3_text_shadow_blur_strength_tablet=&#8221;1px&#8221; header_4_text_shadow_horizontal_length_tablet=&#8221;0px&#8221; header_4_text_shadow_vertical_length_tablet=&#8221;0px&#8221; header_4_text_shadow_blur_strength_tablet=&#8221;1px&#8221; header_5_text_shadow_horizontal_length_tablet=&#8221;0px&#8221; header_5_text_shadow_vertical_length_tablet=&#8221;0px&#8221; header_5_text_shadow_blur_strength_tablet=&#8221;1px&#8221; header_6_text_shadow_horizontal_length_tablet=&#8221;0px&#8221; header_6_text_shadow_vertical_length_tablet=&#8221;0px&#8221; header_6_text_shadow_blur_strength_tablet=&#8221;1px&#8221; box_shadow_horizontal_tablet=&#8221;0px&#8221; box_shadow_vertical_tablet=&#8221;0px&#8221; box_shadow_blur_tablet=&#8221;40px&#8221; box_shadow_spread_tablet=&#8221;0px&#8221; global_colors_info=&#8221;{}&#8221; sticky_enabled=&#8221;0&#8243;]<\/p>\n<p>Rotary on merkityksellisempi kuin koskaan ennen, ja sen mahdollisuudet tehd\u00e4 hyv\u00e4\u00e4 ovat mittavat. Rotarys\u00e4\u00e4ti\u00f6 tukee kansainv\u00e4lisi\u00e4 hankkeita mm. Global Grant -apurahoin, joilla rahoitetaan suuria humanitaarisia projekteja, ammattikoulutustiimej\u00e4 ja opiskelustipendej\u00e4. Niill\u00e4 kaikilla on oltava kest\u00e4vi\u00e4 ja mitattavissa olevia vaikutuksia yhdell\u00e4 tai useammalla Rotarys\u00e4\u00e4ti\u00f6n painopistealueella. N\u00e4it\u00e4 klubien apurahoja tuetaan rotarys\u00e4\u00e4ti\u00f6n ja piirien DDF-varoista.<\/p>\n<p>Rotaryn painopistealueet ovat:<\/p>\n<ol>\n<li>Rauhantutkimus sek\u00e4 konfliktien ehk\u00e4isy ja sovittelu<\/li>\n<li>Sairauksien ehk\u00e4isy ja hoito<\/li>\n<li>Vesi ja sanitaatio<\/li>\n<li>\u00c4idin ja lapsen terveys<\/li>\n<li>Peruskoulutus sek\u00e4 luku- ja kirjoitustaito<\/li>\n<li>Taloudellinen ja yhteiskunnallinen kehitt\u00e4minen<\/li>\n<li>Ymp\u00e4rist\u00f6<\/li>\n<\/ol>\n<p>Global Grant -apurahahankkeen budjetin tulee olla v\u00e4hint\u00e4\u00e4n 30 000 USD. Jokaisen Global Grant -apurahan sponsorina tulee olla kaksi klubia tai piiri\u00e4: is\u00e4nt\u00e4partneri siit\u00e4 maasta, jossa aktiviteetti tapahtuu, ja kansainv\u00e4linen partneri t\u00e4m\u00e4n maan ulkopuolelta. Global Grant -apurahoilla Rotary tavoittelee aikaisempaa suurempia hankkeita, joilla on kest\u00e4vi\u00e4 vaikutuksia ja pysyvi\u00e4 muutoksia. My\u00f6s ty\u00f6 polion poistamiseksi maailmasta on osa Rotaryn kansainv\u00e4list\u00e4 toimintaa.<\/p>\n<p>Global Grant -apurahat ovat ainutlaatuisia maailmassa, sill\u00e4 tuskin mik\u00e4\u00e4n muu organisaatio kuin Rotarys\u00e4\u00e4ti\u00f6 pystyy samanlaisella tarkkuudella ohjaamaan apua h\u00e4d\u00e4ss\u00e4 oleville ihmisille. Rotaryklubin j\u00e4senet miss\u00e4 tahansa maassa maailmassa paikantavat avuntarpeessa olevan yhteis\u00f6n, hakevat Rotarys\u00e4\u00e4ti\u00f6lt\u00e4 apurahaa ja k\u00e4ynnist\u00e4v\u00e4t hankkeen. Rotaryklubit ja -piirit kaikkialla maailmassa voivat kohdentaa siihen varoja. Global Grant -apurahan k\u00e4ytt\u00f6\u00e4 valvoo koko hankkeen ajan Rotarys\u00e4\u00e4ti\u00f6. Hankkeen edetess\u00e4 suunnitelmien mukaisesti ker\u00e4tyt varat ohjataan paikallisen rotarypiirin kautta kohteeseen.<\/p>\n<p>Tutustu Pasilan rotaryklubin tekem\u00e4\u00e4n Global Grant -hankkeeseen Martti Ahtisaari -koulussa Namibiassa<a href=\"https:\/\/rotary.fi\/pasila\/koulutus-kannattaa-aina-rotaryhanke-namibiassa-2018-2021\/\"> t\u00e4\u00e4lt\u00e4.<\/a><\/p>\n<h4>Ota yhteytt\u00e4:<\/h4>\n<p>Piirin 1420 Rotarys\u00e4\u00e4ti\u00f6komitean puheenjohtaja<br \/><strong>Irmeli Viherluoto-Lindstr\u00f6m<\/strong>, Munkkiniemi-Munksn\u00e4s<br \/>E-mail: irmelivlindstrom(at)icloud.com<\/p>\n<p>[\/et_pb_text][\/et_pb_column][\/et_pb_row][\/et_pb_section]<\/p>\n","protected":false},"excerpt":{"rendered":"<p>Kansainv\u00e4liset hankkeetGlobal Grants &#8211; mittavaa tukea maailmanlaajuisestiRotary on merkityksellisempi kuin koskaan ennen, ja sen mahdollisuudet tehd\u00e4 hyv\u00e4\u00e4 ovat mittavat. Rotarys\u00e4\u00e4ti\u00f6 tukee kansainv\u00e4lisi\u00e4 hankkeita mm. Global Grant -apurahoin, joilla rahoitetaan suuria humanitaarisia projekteja, ammattikoulutustiimej\u00e4 ja opiskelustipendej\u00e4. Niill\u00e4 kaikilla on oltava kest\u00e4vi\u00e4 ja mitattavissa olevia vaikutuksia yhdell\u00e4 tai useammalla Rotarys\u00e4\u00e4ti\u00f6n painopistealueella. N\u00e4it\u00e4 klubien apurahoja tuetaan rotarys\u00e4\u00e4ti\u00f6n ja [&hellip;]<\/p>\n","protected":false},"author":1,"featured_media":0,"parent":656,"menu_order":4,"comment_status":"closed","ping_status":"closed","template":"","meta":{"_acf_changed":false,"_et_pb_use_builder":"on","_et_pb_old_content":"","_et_gb_content_width":"","footnotes":""},"class_list":["post-489","page","type-page","status-publish","hentry"],"acf":[],"yoast_head":"<!-- This site is optimized with the Yoast SEO plugin v27.4 - https:\/\/yoast.com\/product\/yoast-seo-wordpress\/ -->\n<title>Kansainv\u00e4liset hankkeet - Piiri 1420<\/title>\n<meta name=\"robots\" content=\"index, follow, max-snippet:-1, max-image-preview:large, max-video-preview:-1\" \/>\n<link rel=\"canonical\" href=\"https:\/\/rotary.fi\/d1420\/mita-teemme\/kansainvaliset-projektit\/\" \/>\n<meta property=\"og:locale\" content=\"fi_FI\" \/>\n<meta property=\"og:type\" content=\"article\" \/>\n<meta property=\"og:title\" content=\"Kansainv\u00e4liset hankkeet - Piiri 1420\" \/>\n<meta property=\"og:description\" content=\"Kansainv\u00e4liset hankkeetGlobal Grants - mittavaa tukea maailmanlaajuisestiRotary on merkityksellisempi kuin koskaan ennen, ja sen mahdollisuudet tehd\u00e4 hyv\u00e4\u00e4 ovat mittavat. Rotarys\u00e4\u00e4ti\u00f6 tukee kansainv\u00e4lisi\u00e4 hankkeita mm. Global Grant -apurahoin, joilla rahoitetaan suuria humanitaarisia projekteja, ammattikoulutustiimej\u00e4 ja opiskelustipendej\u00e4. Niill\u00e4 kaikilla on oltava kest\u00e4vi\u00e4 ja mitattavissa olevia vaikutuksia yhdell\u00e4 tai useammalla Rotarys\u00e4\u00e4ti\u00f6n painopistealueella. N\u00e4it\u00e4 klubien apurahoja tuetaan rotarys\u00e4\u00e4ti\u00f6n ja [&hellip;]\" \/>\n<meta property=\"og:url\" content=\"https:\/\/rotary.fi\/d1420\/mita-teemme\/kansainvaliset-projektit\/\" \/>\n<meta property=\"og:site_name\" content=\"Piiri 1420\" \/>\n<meta property=\"article:publisher\" content=\"https:\/\/www.facebook.com\/rotary\/\" \/>\n<meta property=\"article:modified_time\" content=\"2025-07-19T07:32:38+00:00\" \/>\n<meta name=\"twitter:card\" content=\"summary_large_image\" \/>\n<meta name=\"twitter:label1\" content=\"Arvioitu lukuaika\" \/>\n\t<meta name=\"twitter:data1\" content=\"2 minuuttia\" \/>\n<script type=\"application\/ld+json\" class=\"yoast-schema-graph\">{\"@context\":\"https:\\\/\\\/schema.org\",\"@graph\":[{\"@type\":\"WebPage\",\"@id\":\"https:\\\/\\\/rotary.fi\\\/d1420\\\/mita-teemme\\\/kansainvaliset-projektit\\\/\",\"url\":\"https:\\\/\\\/rotary.fi\\\/d1420\\\/mita-teemme\\\/kansainvaliset-projektit\\\/\",\"name\":\"Kansainv\u00e4liset hankkeet - Piiri 1420\",\"isPartOf\":{\"@id\":\"https:\\\/\\\/rotary.fi\\\/d1420\\\/#website\"},\"datePublished\":\"2018-04-06T12:39:30+00:00\",\"dateModified\":\"2025-07-19T07:32:38+00:00\",\"breadcrumb\":{\"@id\":\"https:\\\/\\\/rotary.fi\\\/d1420\\\/mita-teemme\\\/kansainvaliset-projektit\\\/#breadcrumb\"},\"inLanguage\":\"fi\",\"potentialAction\":[{\"@type\":\"ReadAction\",\"target\":[\"https:\\\/\\\/rotary.fi\\\/d1420\\\/mita-teemme\\\/kansainvaliset-projektit\\\/\"]}]},{\"@type\":\"BreadcrumbList\",\"@id\":\"https:\\\/\\\/rotary.fi\\\/d1420\\\/mita-teemme\\\/kansainvaliset-projektit\\\/#breadcrumb\",\"itemListElement\":[{\"@type\":\"ListItem\",\"position\":1,\"name\":\"Home\",\"item\":\"https:\\\/\\\/rotary.fi\\\/d1420\\\/\"},{\"@type\":\"ListItem\",\"position\":2,\"name\":\"Mit\u00e4 teemme\",\"item\":\"https:\\\/\\\/rotary.fi\\\/d1420\\\/mita-teemme\\\/\"},{\"@type\":\"ListItem\",\"position\":3,\"name\":\"Kansainv\u00e4liset hankkeet\"}]},{\"@type\":\"WebSite\",\"@id\":\"https:\\\/\\\/rotary.fi\\\/d1420\\\/#website\",\"url\":\"https:\\\/\\\/rotary.fi\\\/d1420\\\/\",\"name\":\"Piiri 1420\",\"description\":\"Suomen Rotary\",\"potentialAction\":[{\"@type\":\"SearchAction\",\"target\":{\"@type\":\"EntryPoint\",\"urlTemplate\":\"https:\\\/\\\/rotary.fi\\\/d1420\\\/?s={search_term_string}\"},\"query-input\":{\"@type\":\"PropertyValueSpecification\",\"valueRequired\":true,\"valueName\":\"search_term_string\"}}],\"inLanguage\":\"fi\"}]}<\/script>\n<!-- \/ Yoast SEO plugin. -->","yoast_head_json":{"title":"Kansainv\u00e4liset hankkeet - Piiri 1420","robots":{"index":"index","follow":"follow","max-snippet":"max-snippet:-1","max-image-preview":"max-image-preview:large","max-video-preview":"max-video-preview:-1"},"canonical":"https:\/\/rotary.fi\/d1420\/mita-teemme\/kansainvaliset-projektit\/","og_locale":"fi_FI","og_type":"article","og_title":"Kansainv\u00e4liset hankkeet - Piiri 1420","og_description":"Kansainv\u00e4liset hankkeetGlobal Grants - mittavaa tukea maailmanlaajuisestiRotary on merkityksellisempi kuin koskaan ennen, ja sen mahdollisuudet tehd\u00e4 hyv\u00e4\u00e4 ovat mittavat. Rotarys\u00e4\u00e4ti\u00f6 tukee kansainv\u00e4lisi\u00e4 hankkeita mm. Global Grant -apurahoin, joilla rahoitetaan suuria humanitaarisia projekteja, ammattikoulutustiimej\u00e4 ja opiskelustipendej\u00e4. Niill\u00e4 kaikilla on oltava kest\u00e4vi\u00e4 ja mitattavissa olevia vaikutuksia yhdell\u00e4 tai useammalla Rotarys\u00e4\u00e4ti\u00f6n painopistealueella. N\u00e4it\u00e4 klubien apurahoja tuetaan rotarys\u00e4\u00e4ti\u00f6n ja [&hellip;]","og_url":"https:\/\/rotary.fi\/d1420\/mita-teemme\/kansainvaliset-projektit\/","og_site_name":"Piiri 1420","article_publisher":"https:\/\/www.facebook.com\/rotary\/","article_modified_time":"2025-07-19T07:32:38+00:00","twitter_card":"summary_large_image","twitter_misc":{"Arvioitu lukuaika":"2 minuuttia"},"schema":{"@context":"https:\/\/schema.org","@graph":[{"@type":"WebPage","@id":"https:\/\/rotary.fi\/d1420\/mita-teemme\/kansainvaliset-projektit\/","url":"https:\/\/rotary.fi\/d1420\/mita-teemme\/kansainvaliset-projektit\/","name":"Kansainv\u00e4liset hankkeet - Piiri 1420","isPartOf":{"@id":"https:\/\/rotary.fi\/d1420\/#website"},"datePublished":"2018-04-06T12:39:30+00:00","dateModified":"2025-07-19T07:32:38+00:00","breadcrumb":{"@id":"https:\/\/rotary.fi\/d1420\/mita-teemme\/kansainvaliset-projektit\/#breadcrumb"},"inLanguage":"fi","potentialAction":[{"@type":"ReadAction","target":["https:\/\/rotary.fi\/d1420\/mita-teemme\/kansainvaliset-projektit\/"]}]},{"@type":"BreadcrumbList","@id":"https:\/\/rotary.fi\/d1420\/mita-teemme\/kansainvaliset-projektit\/#breadcrumb","itemListElement":[{"@type":"ListItem","position":1,"name":"Home","item":"https:\/\/rotary.fi\/d1420\/"},{"@type":"ListItem","position":2,"name":"Mit\u00e4 teemme","item":"https:\/\/rotary.fi\/d1420\/mita-teemme\/"},{"@type":"ListItem","position":3,"name":"Kansainv\u00e4liset hankkeet"}]},{"@type":"WebSite","@id":"https:\/\/rotary.fi\/d1420\/#website","url":"https:\/\/rotary.fi\/d1420\/","name":"Piiri 1420","description":"Suomen Rotary","potentialAction":[{"@type":"SearchAction","target":{"@type":"EntryPoint","urlTemplate":"https:\/\/rotary.fi\/d1420\/?s={search_term_string}"},"query-input":{"@type":"PropertyValueSpecification","valueRequired":true,"valueName":"search_term_string"}}],"inLanguage":"fi"}]}},"lang":"fi","translations":{"fi":489,"sv":2671,"en":2927,"et":3584},"pll_sync_post":[],"_links":{"self":[{"href":"https:\/\/rotary.fi\/d1420\/wp-json\/wp\/v2\/pages\/489","targetHints":{"allow":["GET"]}}],"collection":[{"href":"https:\/\/rotary.fi\/d1420\/wp-json\/wp\/v2\/pages"}],"about":[{"href":"https:\/\/rotary.fi\/d1420\/wp-json\/wp\/v2\/types\/page"}],"author":[{"embeddable":true,"href":"https:\/\/rotary.fi\/d1420\/wp-json\/wp\/v2\/users\/1"}],"replies":[{"embeddable":true,"href":"https:\/\/rotary.fi\/d1420\/wp-json\/wp\/v2\/comments?post=489"}],"version-history":[{"count":10,"href":"https:\/\/rotary.fi\/d1420\/wp-json\/wp\/v2\/pages\/489\/revisions"}],"predecessor-version":[{"id":11557,"href":"https:\/\/rotary.fi\/d1420\/wp-json\/wp\/v2\/pages\/489\/revisions\/11557"}],"up":[{"embeddable":true,"href":"https:\/\/rotary.fi\/d1420\/wp-json\/wp\/v2\/pages\/656"}],"wp:attachment":[{"href":"https:\/\/rotary.fi\/d1420\/wp-json\/wp\/v2\/media?parent=489"}],"curies":[{"name":"wp","href":"https:\/\/api.w.org\/{rel}","templated":true}]}}