{"id":3697,"date":"2019-10-14T11:39:25","date_gmt":"2019-10-14T09:39:25","guid":{"rendered":"https:\/\/rotary.fi\/d1420\/?page_id=3697"},"modified":"2024-02-09T13:36:28","modified_gmt":"2024-02-09T11:36:28","slug":"mis-on-rotary","status":"publish","type":"page","link":"https:\/\/rotary.fi\/d1420\/et\/mis-on-rotary\/","title":{"rendered":"Mis on Rotary"},"content":{"rendered":"<p>[et_pb_section fb_built=&#8221;1&#8243; module_class=&#8221;jumbotron-page&#8221; _builder_version=&#8221;4.16&#8243; background_image=&#8221;http:\/\/rotary.fi\/piirisivusto\/wp-content\/uploads\/sites\/183\/2018\/04\/paakuva_rotaract1_yleis.jpg&#8221; global_colors_info=&#8221;{}&#8221;][et_pb_row module_class=&#8221; et_pb_row_fullwidth et_pb_row_fullwidth&#8221; _builder_version=&#8221;4.16&#8243; width=&#8221;89%&#8221; width_tablet=&#8221;80%&#8221; width_phone=&#8221;&#8221; width_last_edited=&#8221;on|desktop&#8221; max_width=&#8221;89%&#8221; max_width_tablet=&#8221;80%&#8221; max_width_phone=&#8221;&#8221; max_width_last_edited=&#8221;on|desktop&#8221; make_fullwidth=&#8221;on&#8221; global_colors_info=&#8221;{}&#8221;][et_pb_column type=&#8221;4_4&#8243; _builder_version=&#8221;4.16&#8243; custom_padding=&#8221;|||&#8221; global_colors_info=&#8221;{}&#8221; custom_padding__hover=&#8221;|||&#8221;][et_pb_text admin_label=&#8221;Mis on Rotary&#8221; _builder_version=&#8221;4.22.1&#8243; text_orientation=&#8221;center&#8221; background_layout=&#8221;dark&#8221; hover_enabled=&#8221;0&#8243; z_index_tablet=&#8221;500&#8243; global_colors_info=&#8221;{}&#8221; sticky_enabled=&#8221;0&#8243;][\/et_pb_text][\/et_pb_column][\/et_pb_row][\/et_pb_section][et_pb_section fb_built=&#8221;1&#8243; module_class=&#8221;sisaltoalue_perus&#8221; _builder_version=&#8221;4.16&#8243; background_size=&#8221;initial&#8221; background_position=&#8221;top_left&#8221; background_repeat=&#8221;repeat&#8221; global_colors_info=&#8221;{}&#8221;][et_pb_row custom_padding_last_edited=&#8221;on|phone&#8221; _builder_version=&#8221;4.16&#8243; custom_padding=&#8221;46.6875px|0px|63px|0px&#8221; custom_padding_tablet=&#8221;&#8221; custom_padding_phone=&#8221;&#8221; global_colors_info=&#8221;{}&#8221;][et_pb_column type=&#8221;4_4&#8243; _builder_version=&#8221;4.16&#8243; custom_padding=&#8221;|||&#8221; global_colors_info=&#8221;{}&#8221; custom_padding__hover=&#8221;|||&#8221;][et_pb_text admin_label=&#8221;Mis on Rotary&#8221; _builder_version=&#8221;4.16&#8243; text_orientation=&#8221;center&#8221; z_index_tablet=&#8221;500&#8243; global_colors_info=&#8221;{}&#8221;]<\/p>\n<h1>Mis on Rotary\u200b<\/h1>\n<p>[\/et_pb_text][et_pb_text _builder_version=&#8221;4.16&#8243; custom_margin=&#8221;||60px|&#8221; global_colors_info=&#8221;{}&#8221;]<\/p>\n<p>Rotary on eetiline u\u0308lemaailmne u\u0308hiskondlik teenindus- ja heategevusorganisatsioon, mis pu\u0308u\u0308ab arendada oma liikmeid ja nende \u00e4rimoraali ning teha koost\u00f6\u00f6d erinevate erialaru\u0308hmadega.<\/p>\n<p>V\u00f5rgustik tegutseb enam kui 200 riigis ja selles on u\u0308le 1,2 miljoni liikme. Soomes ja Eestis on kokku 300 Rotary klubi, milles kokku umbes 9 600 rotarit.<\/p>\n<p>Klubi ja u\u0308ksikud rotarid on Rotary peamised u\u0308ksused. Rotary koondab kokku u\u0308hiskondlikke m\u00f5jutajaid ja oma eriala asjatundjaid k\u00f5ikidelt kultuuri- ja eriala valdkondadelt. Kui soovid v\u00f5rgustuda ja kasutada oma oskusi kogukonna ja kogu maailma heaks, on Rotary just sinu jaoks.<\/p>\n<h3>Rotary ideoloogia<\/h3>\n<p>Rotary on u\u0308hiskondlik teenindusorganisatsioon, mille moto on: \u00dchiskonna teenimine k\u00f5rgemale isiklikest huvidest (Service above self). Rotary 2007. aasta strateegiakavas on meie p\u00f5hiv\u00e4\u00e4rtused v\u00e4lja kujunenud: S\u00f5prus, ausus, mitmekesisus ja u\u0308hiskondlik teenindus.<\/p>\n<p>[\/et_pb_text][et_pb_button button_url=&#8221;https:\/\/rotary.fi\/et\/avaleht\/&#8221; url_new_window=&#8221;on&#8221; button_text=&#8221;SOOME ROTARY LEHELE&#8221; _builder_version=&#8221;4.16&#8243; global_colors_info=&#8221;{}&#8221;][\/et_pb_button][\/et_pb_column][\/et_pb_row][\/et_pb_section]<\/p>\n","protected":false},"excerpt":{"rendered":"<p>Mis on Rotary\u200bRotary on eetiline u\u0308lemaailmne u\u0308hiskondlik teenindus- ja heategevusorganisatsioon, mis pu\u0308u\u0308ab arendada oma liikmeid ja nende \u00e4rimoraali ning teha koost\u00f6\u00f6d erinevate erialaru\u0308hmadega. V\u00f5rgustik tegutseb enam kui 200 riigis ja selles on u\u0308le 1,2 miljoni liikme. Soomes ja Eestis on kokku 300 Rotary klubi, milles kokku umbes 9 600 rotarit. Klubi ja u\u0308ksikud rotarid on [&hellip;]<\/p>\n","protected":false},"author":1,"featured_media":0,"parent":0,"menu_order":5,"comment_status":"closed","ping_status":"closed","template":"","meta":{"_acf_changed":false,"_et_pb_use_builder":"on","_et_pb_old_content":"","_et_gb_content_width":"","footnotes":""},"class_list":["post-3697","page","type-page","status-publish","hentry"],"acf":[],"yoast_head":"<!-- This site is optimized with the Yoast SEO plugin v27.4 - https:\/\/yoast.com\/product\/yoast-seo-wordpress\/ -->\n<title>Mis on Rotary - Piiri 1420<\/title>\n<meta name=\"robots\" content=\"index, follow, max-snippet:-1, max-image-preview:large, max-video-preview:-1\" \/>\n<link rel=\"canonical\" href=\"https:\/\/rotary.fi\/d1420\/et\/mis-on-rotary\/\" \/>\n<meta property=\"og:locale\" content=\"fi_FI\" \/>\n<meta property=\"og:type\" content=\"article\" \/>\n<meta property=\"og:title\" content=\"Mis on Rotary - Piiri 1420\" \/>\n<meta property=\"og:description\" content=\"Mis on Rotary\u200bRotary on eetiline u\u0308lemaailmne u\u0308hiskondlik teenindus- ja heategevusorganisatsioon, mis pu\u0308u\u0308ab arendada oma liikmeid ja nende \u00e4rimoraali ning teha koost\u00f6\u00f6d erinevate erialaru\u0308hmadega. V\u00f5rgustik tegutseb enam kui 200 riigis ja selles on u\u0308le 1,2 miljoni liikme. Soomes ja Eestis on kokku 300 Rotary klubi, milles kokku umbes 9 600 rotarit. Klubi ja u\u0308ksikud rotarid on [&hellip;]\" \/>\n<meta property=\"og:url\" content=\"https:\/\/rotary.fi\/d1420\/et\/mis-on-rotary\/\" \/>\n<meta property=\"og:site_name\" content=\"Piiri 1420\" \/>\n<meta property=\"article:publisher\" content=\"https:\/\/www.facebook.com\/rotary\/\" \/>\n<meta property=\"article:modified_time\" content=\"2024-02-09T11:36:28+00:00\" \/>\n<meta name=\"twitter:card\" content=\"summary_large_image\" \/>\n<meta name=\"twitter:label1\" content=\"Arvioitu lukuaika\" \/>\n\t<meta name=\"twitter:data1\" content=\"1 minuutti\" \/>\n<script type=\"application\/ld+json\" class=\"yoast-schema-graph\">{\"@context\":\"https:\\\/\\\/schema.org\",\"@graph\":[{\"@type\":\"WebPage\",\"@id\":\"https:\\\/\\\/rotary.fi\\\/d1420\\\/et\\\/mis-on-rotary\\\/\",\"url\":\"https:\\\/\\\/rotary.fi\\\/d1420\\\/et\\\/mis-on-rotary\\\/\",\"name\":\"Mis on Rotary - Piiri 1420\",\"isPartOf\":{\"@id\":\"https:\\\/\\\/rotary.fi\\\/d1420\\\/#website\"},\"datePublished\":\"2019-10-14T09:39:25+00:00\",\"dateModified\":\"2024-02-09T11:36:28+00:00\",\"breadcrumb\":{\"@id\":\"https:\\\/\\\/rotary.fi\\\/d1420\\\/et\\\/mis-on-rotary\\\/#breadcrumb\"},\"inLanguage\":\"fi\",\"potentialAction\":[{\"@type\":\"ReadAction\",\"target\":[\"https:\\\/\\\/rotary.fi\\\/d1420\\\/et\\\/mis-on-rotary\\\/\"]}]},{\"@type\":\"BreadcrumbList\",\"@id\":\"https:\\\/\\\/rotary.fi\\\/d1420\\\/et\\\/mis-on-rotary\\\/#breadcrumb\",\"itemListElement\":[{\"@type\":\"ListItem\",\"position\":1,\"name\":\"Home\",\"item\":\"https:\\\/\\\/rotary.fi\\\/d1420\\\/\"},{\"@type\":\"ListItem\",\"position\":2,\"name\":\"Mis on Rotary\"}]},{\"@type\":\"WebSite\",\"@id\":\"https:\\\/\\\/rotary.fi\\\/d1420\\\/#website\",\"url\":\"https:\\\/\\\/rotary.fi\\\/d1420\\\/\",\"name\":\"Piiri 1420\",\"description\":\"Suomen Rotary\",\"potentialAction\":[{\"@type\":\"SearchAction\",\"target\":{\"@type\":\"EntryPoint\",\"urlTemplate\":\"https:\\\/\\\/rotary.fi\\\/d1420\\\/?s={search_term_string}\"},\"query-input\":{\"@type\":\"PropertyValueSpecification\",\"valueRequired\":true,\"valueName\":\"search_term_string\"}}],\"inLanguage\":\"fi\"}]}<\/script>\n<!-- \/ Yoast SEO plugin. -->","yoast_head_json":{"title":"Mis on Rotary - Piiri 1420","robots":{"index":"index","follow":"follow","max-snippet":"max-snippet:-1","max-image-preview":"max-image-preview:large","max-video-preview":"max-video-preview:-1"},"canonical":"https:\/\/rotary.fi\/d1420\/et\/mis-on-rotary\/","og_locale":"fi_FI","og_type":"article","og_title":"Mis on Rotary - Piiri 1420","og_description":"Mis on Rotary\u200bRotary on eetiline u\u0308lemaailmne u\u0308hiskondlik teenindus- ja heategevusorganisatsioon, mis pu\u0308u\u0308ab arendada oma liikmeid ja nende \u00e4rimoraali ning teha koost\u00f6\u00f6d erinevate erialaru\u0308hmadega. V\u00f5rgustik tegutseb enam kui 200 riigis ja selles on u\u0308le 1,2 miljoni liikme. Soomes ja Eestis on kokku 300 Rotary klubi, milles kokku umbes 9 600 rotarit. Klubi ja u\u0308ksikud rotarid on [&hellip;]","og_url":"https:\/\/rotary.fi\/d1420\/et\/mis-on-rotary\/","og_site_name":"Piiri 1420","article_publisher":"https:\/\/www.facebook.com\/rotary\/","article_modified_time":"2024-02-09T11:36:28+00:00","twitter_card":"summary_large_image","twitter_misc":{"Arvioitu lukuaika":"1 minuutti"},"schema":{"@context":"https:\/\/schema.org","@graph":[{"@type":"WebPage","@id":"https:\/\/rotary.fi\/d1420\/et\/mis-on-rotary\/","url":"https:\/\/rotary.fi\/d1420\/et\/mis-on-rotary\/","name":"Mis on Rotary - Piiri 1420","isPartOf":{"@id":"https:\/\/rotary.fi\/d1420\/#website"},"datePublished":"2019-10-14T09:39:25+00:00","dateModified":"2024-02-09T11:36:28+00:00","breadcrumb":{"@id":"https:\/\/rotary.fi\/d1420\/et\/mis-on-rotary\/#breadcrumb"},"inLanguage":"fi","potentialAction":[{"@type":"ReadAction","target":["https:\/\/rotary.fi\/d1420\/et\/mis-on-rotary\/"]}]},{"@type":"BreadcrumbList","@id":"https:\/\/rotary.fi\/d1420\/et\/mis-on-rotary\/#breadcrumb","itemListElement":[{"@type":"ListItem","position":1,"name":"Home","item":"https:\/\/rotary.fi\/d1420\/"},{"@type":"ListItem","position":2,"name":"Mis on Rotary"}]},{"@type":"WebSite","@id":"https:\/\/rotary.fi\/d1420\/#website","url":"https:\/\/rotary.fi\/d1420\/","name":"Piiri 1420","description":"Suomen Rotary","potentialAction":[{"@type":"SearchAction","target":{"@type":"EntryPoint","urlTemplate":"https:\/\/rotary.fi\/d1420\/?s={search_term_string}"},"query-input":{"@type":"PropertyValueSpecification","valueRequired":true,"valueName":"search_term_string"}}],"inLanguage":"fi"}]}},"lang":"et","translations":{"et":3697,"fi":654,"sv":2766,"en":3008},"pll_sync_post":[],"_links":{"self":[{"href":"https:\/\/rotary.fi\/d1420\/wp-json\/wp\/v2\/pages\/3697","targetHints":{"allow":["GET"]}}],"collection":[{"href":"https:\/\/rotary.fi\/d1420\/wp-json\/wp\/v2\/pages"}],"about":[{"href":"https:\/\/rotary.fi\/d1420\/wp-json\/wp\/v2\/types\/page"}],"author":[{"embeddable":true,"href":"https:\/\/rotary.fi\/d1420\/wp-json\/wp\/v2\/users\/1"}],"replies":[{"embeddable":true,"href":"https:\/\/rotary.fi\/d1420\/wp-json\/wp\/v2\/comments?post=3697"}],"version-history":[{"count":4,"href":"https:\/\/rotary.fi\/d1420\/wp-json\/wp\/v2\/pages\/3697\/revisions"}],"predecessor-version":[{"id":8016,"href":"https:\/\/rotary.fi\/d1420\/wp-json\/wp\/v2\/pages\/3697\/revisions\/8016"}],"wp:attachment":[{"href":"https:\/\/rotary.fi\/d1420\/wp-json\/wp\/v2\/media?parent=3697"}],"curies":[{"name":"wp","href":"https:\/\/api.w.org\/{rel}","templated":true}]}}