{"id":3644,"date":"2019-10-14T10:14:07","date_gmt":"2019-10-14T08:14:07","guid":{"rendered":"https:\/\/rotary.fi\/d1420\/?page_id=3644"},"modified":"2020-06-15T19:20:03","modified_gmt":"2020-06-15T17:20:03","slug":"ryla","status":"publish","type":"page","link":"https:\/\/rotary.fi\/d1420\/et\/soovid-liituda-liikmeks\/ryla\/","title":{"rendered":"RYLA"},"content":{"rendered":"<p>[et_pb_section fb_built=&#8221;1&#8243; module_class=&#8221;jumbotron-page&#8221; _builder_version=&#8221;4.4.8&#8243; background_image=&#8221;https:\/\/rotary.fi\/d1420\/wp-content\/uploads\/sites\/183\/2020\/03\/ryla.jpg&#8221; hover_enabled=&#8221;0&#8243; title_text=&#8221;RYLA&#8221;][et_pb_row module_class=&#8221; et_pb_row_fullwidth et_pb_row_fullwidth&#8221; _builder_version=&#8221;3.25&#8243; width=&#8221;89%&#8221; width_tablet=&#8221;80%&#8221; width_phone=&#8221;&#8221; width_last_edited=&#8221;on|desktop&#8221; max_width=&#8221;89%&#8221; max_width_tablet=&#8221;80%&#8221; max_width_phone=&#8221;&#8221; max_width_last_edited=&#8221;on|desktop&#8221; make_fullwidth=&#8221;on&#8221;][et_pb_column type=&#8221;4_4&#8243; _builder_version=&#8221;3.25&#8243; custom_padding=&#8221;|||&#8221; custom_padding__hover=&#8221;|||&#8221;][et_pb_text admin_label=&#8221;Rotary Youth Leadership Awards&#8221; _builder_version=&#8221;3.29.3&#8243; text_orientation=&#8221;center&#8221; background_layout=&#8221;dark&#8221;]<\/p>\n<h1>Rotary Youth Leadership Awards<\/h1>\n<p>[\/et_pb_text][\/et_pb_column][\/et_pb_row][\/et_pb_section][et_pb_section fb_built=&#8221;1&#8243; _builder_version=&#8221;3.29.3&#8243; background_color=&#8221;rgba(0,0,0,0)&#8221; inner_width_tablet=&#8221;50px&#8221; inner_max_width_tablet=&#8221;50px&#8221; custom_margin=&#8221;||40px|&#8221; z_index_tablet=&#8221;500&#8243;][et_pb_row custom_padding_last_edited=&#8221;on|phone&#8221; _builder_version=&#8221;3.25&#8243; custom_padding_tablet=&#8221;&#8221; custom_padding_phone=&#8221;&#8221;][et_pb_column type=&#8221;4_4&#8243; _builder_version=&#8221;3.25&#8243; custom_padding=&#8221;|||&#8221; custom_padding__hover=&#8221;|||&#8221;][et_pb_text admin_label=&#8221;Noortest eetilised juhid ja antiivsed kodanikud&#8221; _builder_version=&#8221;3.29.3&#8243; text_orientation=&#8221;center&#8221;]<\/p>\n<h1>Noortest eetilised juhid ja antiivsed kodanikud<\/h1>\n<p>[\/et_pb_text][et_pb_text _builder_version=&#8221;3.29.3&#8243;]<\/p>\n<p>Rotary RYLA &#8211; Rotary Youth Leadership Awards &#8211; pakub inspireerivaid k\u00f5nesid, kogemusteadmisi, isikliku arengu tuge, sotsiaalset tegevust ja rohkemgi veel.<\/p>\n<p>Koolitus on m\u00f5eldud aktiivsetele noortele vanuses 14 kuni 30 aastat, kes soovivad tutvuda juhiks olemisega: arendada oma otsustamisv\u00f5imet, algatusv\u00f5imet, interaktiivsust ja v\u00f5imet v\u00e4ljendada oma seisukohti selgelt ja veenvalt. RYLA seminaridel r\u00e4\u00e4givad erinevate valdkondade esindajad noortele oma juhtimiskogemustest ja m\u00f5tetest. RYLA koolituse eesm\u00e4rk on julgustada noori juhtivaks ja kasvatada neid aktiivseks kodanikeks ja aidata omandada eetiline k\u00e4itumismall.<\/p>\n<p>RYLA juhtimiskoolitusi korraldavad koost\u00f6\u00f6s u\u0308ksikud klubid v\u00f5i mitmed klubid koost\u00f6\u00f6s ning neid v\u00f5ib korraldada ka Rotary piirkond. RYLA koost\u00f6\u00f6partner v\u00f5ib olla kool v\u00f5i muu kogukond. Osalejad valitakse taotluste alusel v\u00f5i koost\u00f6\u00f6s partneriga.<\/p>\n<p>V\u00f5ta julgesti u\u0308hendust oma piirkonna Rotary Klubiga ja ku\u0308si lisateavet RYLA koolituse kohta oma piirkonnas.<\/p>\n<p>[\/et_pb_text][\/et_pb_column][\/et_pb_row][\/et_pb_section]<\/p>\n","protected":false},"excerpt":{"rendered":"<p>Rotary Youth Leadership Awards Noortest eetilised juhid ja antiivsed kodanikud Rotary RYLA &#8211; Rotary Youth Leadership Awards &#8211; pakub inspireerivaid k\u00f5nesid, kogemusteadmisi, isikliku arengu tuge, sotsiaalset tegevust ja rohkemgi veel. Koolitus on m\u00f5eldud aktiivsetele noortele vanuses 14 kuni 30 aastat, kes soovivad tutvuda juhiks olemisega: arendada oma otsustamisv\u00f5imet, algatusv\u00f5imet, interaktiivsust ja v\u00f5imet v\u00e4ljendada oma seisukohti [&hellip;]<\/p>\n","protected":false},"author":1,"featured_media":0,"parent":3628,"menu_order":1,"comment_status":"closed","ping_status":"closed","template":"","meta":{"_acf_changed":false,"_et_pb_use_builder":"on","_et_pb_old_content":"","_et_gb_content_width":"","footnotes":""},"class_list":["post-3644","page","type-page","status-publish","hentry"],"acf":[],"yoast_head":"<!-- This site is optimized with the Yoast SEO plugin v27.0 - https:\/\/yoast.com\/product\/yoast-seo-wordpress\/ -->\n<title>RYLA - Piiri 1420<\/title>\n<meta name=\"robots\" content=\"index, follow, max-snippet:-1, max-image-preview:large, max-video-preview:-1\" \/>\n<link rel=\"canonical\" href=\"https:\/\/rotary.fi\/d1420\/et\/soovid-liituda-liikmeks\/ryla\/\" \/>\n<meta property=\"og:locale\" content=\"fi_FI\" \/>\n<meta property=\"og:type\" content=\"article\" \/>\n<meta property=\"og:title\" content=\"RYLA - Piiri 1420\" \/>\n<meta property=\"og:description\" content=\"Rotary Youth Leadership Awards Noortest eetilised juhid ja antiivsed kodanikud Rotary RYLA - Rotary Youth Leadership Awards - pakub inspireerivaid k\u00f5nesid, kogemusteadmisi, isikliku arengu tuge, sotsiaalset tegevust ja rohkemgi veel. Koolitus on m\u00f5eldud aktiivsetele noortele vanuses 14 kuni 30 aastat, kes soovivad tutvuda juhiks olemisega: arendada oma otsustamisv\u00f5imet, algatusv\u00f5imet, interaktiivsust ja v\u00f5imet v\u00e4ljendada oma seisukohti [&hellip;]\" \/>\n<meta property=\"og:url\" content=\"https:\/\/rotary.fi\/d1420\/et\/soovid-liituda-liikmeks\/ryla\/\" \/>\n<meta property=\"og:site_name\" content=\"Piiri 1420\" \/>\n<meta property=\"article:publisher\" content=\"https:\/\/www.facebook.com\/rotary\/\" \/>\n<meta property=\"article:modified_time\" content=\"2020-06-15T17:20:03+00:00\" \/>\n<meta name=\"twitter:card\" content=\"summary_large_image\" \/>\n<meta name=\"twitter:label1\" content=\"Arvioitu lukuaika\" \/>\n\t<meta name=\"twitter:data1\" content=\"2 minuuttia\" \/>\n<script type=\"application\/ld+json\" class=\"yoast-schema-graph\">{\"@context\":\"https:\/\/schema.org\",\"@graph\":[{\"@type\":\"WebPage\",\"@id\":\"https:\/\/rotary.fi\/d1420\/et\/soovid-liituda-liikmeks\/ryla\/\",\"url\":\"https:\/\/rotary.fi\/d1420\/et\/soovid-liituda-liikmeks\/ryla\/\",\"name\":\"RYLA - Piiri 1420\",\"isPartOf\":{\"@id\":\"https:\/\/rotary.fi\/d1420\/#website\"},\"datePublished\":\"2019-10-14T08:14:07+00:00\",\"dateModified\":\"2020-06-15T17:20:03+00:00\",\"breadcrumb\":{\"@id\":\"https:\/\/rotary.fi\/d1420\/et\/soovid-liituda-liikmeks\/ryla\/#breadcrumb\"},\"inLanguage\":\"fi\",\"potentialAction\":[{\"@type\":\"ReadAction\",\"target\":[\"https:\/\/rotary.fi\/d1420\/et\/soovid-liituda-liikmeks\/ryla\/\"]}]},{\"@type\":\"BreadcrumbList\",\"@id\":\"https:\/\/rotary.fi\/d1420\/et\/soovid-liituda-liikmeks\/ryla\/#breadcrumb\",\"itemListElement\":[{\"@type\":\"ListItem\",\"position\":1,\"name\":\"Home\",\"item\":\"https:\/\/rotary.fi\/d1420\/\"},{\"@type\":\"ListItem\",\"position\":2,\"name\":\"Soovid liituda liikmeks?\",\"item\":\"https:\/\/rotary.fi\/d1420\/et\/soovid-liituda-liikmeks\/\"},{\"@type\":\"ListItem\",\"position\":3,\"name\":\"RYLA\"}]},{\"@type\":\"WebSite\",\"@id\":\"https:\/\/rotary.fi\/d1420\/#website\",\"url\":\"https:\/\/rotary.fi\/d1420\/\",\"name\":\"Piiri 1420\",\"description\":\"Suomen Rotary\",\"potentialAction\":[{\"@type\":\"SearchAction\",\"target\":{\"@type\":\"EntryPoint\",\"urlTemplate\":\"https:\/\/rotary.fi\/d1420\/?s={search_term_string}\"},\"query-input\":{\"@type\":\"PropertyValueSpecification\",\"valueRequired\":true,\"valueName\":\"search_term_string\"}}],\"inLanguage\":\"fi\"}]}<\/script>\n<!-- \/ Yoast SEO plugin. -->","yoast_head_json":{"title":"RYLA - Piiri 1420","robots":{"index":"index","follow":"follow","max-snippet":"max-snippet:-1","max-image-preview":"max-image-preview:large","max-video-preview":"max-video-preview:-1"},"canonical":"https:\/\/rotary.fi\/d1420\/et\/soovid-liituda-liikmeks\/ryla\/","og_locale":"fi_FI","og_type":"article","og_title":"RYLA - Piiri 1420","og_description":"Rotary Youth Leadership Awards Noortest eetilised juhid ja antiivsed kodanikud Rotary RYLA - Rotary Youth Leadership Awards - pakub inspireerivaid k\u00f5nesid, kogemusteadmisi, isikliku arengu tuge, sotsiaalset tegevust ja rohkemgi veel. Koolitus on m\u00f5eldud aktiivsetele noortele vanuses 14 kuni 30 aastat, kes soovivad tutvuda juhiks olemisega: arendada oma otsustamisv\u00f5imet, algatusv\u00f5imet, interaktiivsust ja v\u00f5imet v\u00e4ljendada oma seisukohti [&hellip;]","og_url":"https:\/\/rotary.fi\/d1420\/et\/soovid-liituda-liikmeks\/ryla\/","og_site_name":"Piiri 1420","article_publisher":"https:\/\/www.facebook.com\/rotary\/","article_modified_time":"2020-06-15T17:20:03+00:00","twitter_card":"summary_large_image","twitter_misc":{"Arvioitu lukuaika":"2 minuuttia"},"schema":{"@context":"https:\/\/schema.org","@graph":[{"@type":"WebPage","@id":"https:\/\/rotary.fi\/d1420\/et\/soovid-liituda-liikmeks\/ryla\/","url":"https:\/\/rotary.fi\/d1420\/et\/soovid-liituda-liikmeks\/ryla\/","name":"RYLA - Piiri 1420","isPartOf":{"@id":"https:\/\/rotary.fi\/d1420\/#website"},"datePublished":"2019-10-14T08:14:07+00:00","dateModified":"2020-06-15T17:20:03+00:00","breadcrumb":{"@id":"https:\/\/rotary.fi\/d1420\/et\/soovid-liituda-liikmeks\/ryla\/#breadcrumb"},"inLanguage":"fi","potentialAction":[{"@type":"ReadAction","target":["https:\/\/rotary.fi\/d1420\/et\/soovid-liituda-liikmeks\/ryla\/"]}]},{"@type":"BreadcrumbList","@id":"https:\/\/rotary.fi\/d1420\/et\/soovid-liituda-liikmeks\/ryla\/#breadcrumb","itemListElement":[{"@type":"ListItem","position":1,"name":"Home","item":"https:\/\/rotary.fi\/d1420\/"},{"@type":"ListItem","position":2,"name":"Soovid liituda liikmeks?","item":"https:\/\/rotary.fi\/d1420\/et\/soovid-liituda-liikmeks\/"},{"@type":"ListItem","position":3,"name":"RYLA"}]},{"@type":"WebSite","@id":"https:\/\/rotary.fi\/d1420\/#website","url":"https:\/\/rotary.fi\/d1420\/","name":"Piiri 1420","description":"Suomen Rotary","potentialAction":[{"@type":"SearchAction","target":{"@type":"EntryPoint","urlTemplate":"https:\/\/rotary.fi\/d1420\/?s={search_term_string}"},"query-input":{"@type":"PropertyValueSpecification","valueRequired":true,"valueName":"search_term_string"}}],"inLanguage":"fi"}]}},"lang":"et","translations":{"et":3644,"fi":508,"sv":2730,"en":2997},"pll_sync_post":[],"_links":{"self":[{"href":"https:\/\/rotary.fi\/d1420\/wp-json\/wp\/v2\/pages\/3644","targetHints":{"allow":["GET"]}}],"collection":[{"href":"https:\/\/rotary.fi\/d1420\/wp-json\/wp\/v2\/pages"}],"about":[{"href":"https:\/\/rotary.fi\/d1420\/wp-json\/wp\/v2\/types\/page"}],"author":[{"embeddable":true,"href":"https:\/\/rotary.fi\/d1420\/wp-json\/wp\/v2\/users\/1"}],"replies":[{"embeddable":true,"href":"https:\/\/rotary.fi\/d1420\/wp-json\/wp\/v2\/comments?post=3644"}],"version-history":[{"count":7,"href":"https:\/\/rotary.fi\/d1420\/wp-json\/wp\/v2\/pages\/3644\/revisions"}],"predecessor-version":[{"id":4837,"href":"https:\/\/rotary.fi\/d1420\/wp-json\/wp\/v2\/pages\/3644\/revisions\/4837"}],"up":[{"embeddable":true,"href":"https:\/\/rotary.fi\/d1420\/wp-json\/wp\/v2\/pages\/3628"}],"wp:attachment":[{"href":"https:\/\/rotary.fi\/d1420\/wp-json\/wp\/v2\/media?parent=3644"}],"curies":[{"name":"wp","href":"https:\/\/api.w.org\/{rel}","templated":true}]}}