{"id":3640,"date":"2019-10-14T10:11:34","date_gmt":"2019-10-14T08:11:34","guid":{"rendered":"https:\/\/rotary.fi\/d1420\/?page_id=3640"},"modified":"2019-10-14T10:11:40","modified_gmt":"2019-10-14T08:11:40","slug":"interact-klubid","status":"publish","type":"page","link":"https:\/\/rotary.fi\/d1420\/et\/soovid-liituda-liikmeks\/interact-klubid\/","title":{"rendered":"Interact-klubid"},"content":{"rendered":"<p>[et_pb_section fb_built=&#8221;1&#8243; module_class=&#8221;jumbotron-page&#8221; _builder_version=&#8221;3.22&#8243; background_image=&#8221;https:\/\/rotary.fi\/piirisivusto\/wp-content\/uploads\/sites\/183\/2018\/04\/paakuva_ryla.jpg&#8221; bb_built=&#8221;1&#8243; _i=&#8221;0&#8243; _address=&#8221;0&#8243;][et_pb_row module_class=&#8221; et_pb_row_fullwidth&#8221; _builder_version=&#8221;3.25&#8243; width=&#8221;89%&#8221; width_tablet=&#8221;80%&#8221; width_last_edited=&#8221;on|desktop&#8221; max_width=&#8221;89%&#8221; max_width_tablet=&#8221;80%&#8221; max_width_last_edited=&#8221;on|desktop&#8221; make_fullwidth=&#8221;on&#8221; _i=&#8221;0&#8243; _address=&#8221;0.0&#8243;][et_pb_column type=&#8221;4_4&#8243; _builder_version=&#8221;3.25&#8243; custom_padding=&#8221;|||&#8221; _i=&#8221;0&#8243; _address=&#8221;0.0.0&#8243; custom_padding__hover=&#8221;|||&#8221;][et_pb_text admin_label=&#8221;Interact-klubid&#8221; _builder_version=&#8221;3.29.3&#8243; text_orientation=&#8221;center&#8221; background_layout=&#8221;dark&#8221; hover_enabled=&#8221;0&#8243; locked=&#8221;off&#8221; collapsed=&#8221;off&#8221; _i=&#8221;0&#8243; _address=&#8221;0.0.0.0&#8243;]<\/p>\n<h1>Interact-klubid<\/h1>\n<p>[\/et_pb_text][\/et_pb_column][\/et_pb_row][\/et_pb_section][et_pb_section fb_built=&#8221;1&#8243; module_class=&#8221;sisaltoalue_perus&#8221; _builder_version=&#8221;3.22&#8243; custom_margin=&#8221;||40px|&#8221; bb_built=&#8221;1&#8243; _i=&#8221;1&#8243; _address=&#8221;1&#8243;][et_pb_row custom_padding_last_edited=&#8221;on|phone&#8221; _builder_version=&#8221;3.25&#8243; _i=&#8221;0&#8243; _address=&#8221;1.0&#8243;][et_pb_column type=&#8221;4_4&#8243; _builder_version=&#8221;3.25&#8243; custom_padding=&#8221;|||&#8221; _i=&#8221;0&#8243; _address=&#8221;1.0.0&#8243; custom_padding__hover=&#8221;|||&#8221;][et_pb_text admin_label=&#8221;Noortele r\u00f5\u00f5mu u\u0308hiskonna teenimisest&#8221; _builder_version=&#8221;3.29.3&#8243; text_orientation=&#8221;center&#8221; hover_enabled=&#8221;0&#8243; _i=&#8221;0&#8243; _address=&#8221;1.0.0.0&#8243;]<\/p>\n<h1>Noortele r\u00f5\u00f5mu u\u0308hiskonna teenimisest<\/h1>\n<p>[\/et_pb_text][et_pb_text _builder_version=&#8221;3.29.3&#8243; hover_enabled=&#8221;0&#8243; _i=&#8221;1&#8243; _address=&#8221;1.0.0.1&#8243;]<\/p>\n<p>Interacti tegevus on m\u00f5eldud 12-18-aastastele noortele. Klubid tegutsevad koost\u00f6\u00f6s klubi toetatava Rotary klubiga ja pakuvad noortele v\u00f5imalust arendada oma sotsiaalseid oskusi ja juhtimisoskusi. Rotarid aitavad noortel suhelda erinevate valdkondade kohalike juhtide ja alal tegutsejatega aitamaks teostada noorte u\u0308hiskonnateenuste projekte. Noored \u00f5pivad v\u00f5rgustuma kohalikul tasandil ja soovi korral ka rahvusvaheliselt.<\/p>\n<p>Sageli tajuvad noored t\u00e4iskasvanutest paremini oma u\u0308mbruskonna probleeme v\u00f5i tugevdamist vajavaid arengukohti. Koost\u00f6\u00f6s saavad noored m\u00f5tiskleda selle u\u0308le, kuidas asju m\u00f5jutada, ning koost\u00f6\u00f6s rotarite v\u00f5i nende toetusega saavad noored toimida muutuste algatajatena.<\/p>\n<p>Interact alustas oma tegevust Ameerika \u00dchendriikides 1962. aastal. Soome ja P\u00f5hjamaade esimene Interact klubi asutati 1963. aastal Someros. \u00dclemaailmselt on Interact klubisid 160. riigis u\u0308le 20 00 ja neis on ligi 670 000 noort. Interact on suurep\u00e4rane v\u00f5imalus suhelda juba varases eas teiste aktiivsete noorte inimestega erinevatest riikidest.<\/p>\n<p>[\/et_pb_text][\/et_pb_column][\/et_pb_row][\/et_pb_section]<\/p>\n","protected":false},"excerpt":{"rendered":"<p>Interact-klubid Noortele r\u00f5\u00f5mu u\u0308hiskonna teenimisest Interacti tegevus on m\u00f5eldud 12-18-aastastele noortele. Klubid tegutsevad koost\u00f6\u00f6s klubi toetatava Rotary klubiga ja pakuvad noortele v\u00f5imalust arendada oma sotsiaalseid oskusi ja juhtimisoskusi. Rotarid aitavad noortel suhelda erinevate valdkondade kohalike juhtide ja alal tegutsejatega aitamaks teostada noorte u\u0308hiskonnateenuste projekte. Noored \u00f5pivad v\u00f5rgustuma kohalikul tasandil ja soovi korral ka rahvusvaheliselt. Sageli [&hellip;]<\/p>\n","protected":false},"author":1,"featured_media":0,"parent":3628,"menu_order":1,"comment_status":"closed","ping_status":"closed","template":"","meta":{"_acf_changed":false,"_et_pb_use_builder":"on","_et_pb_old_content":"","_et_gb_content_width":"","footnotes":""},"class_list":["post-3640","page","type-page","status-publish","hentry"],"acf":[],"yoast_head":"<!-- This site is optimized with the Yoast SEO plugin v27.0 - https:\/\/yoast.com\/product\/yoast-seo-wordpress\/ -->\n<title>Interact-klubid - Piiri 1420<\/title>\n<meta name=\"robots\" content=\"index, follow, max-snippet:-1, max-image-preview:large, max-video-preview:-1\" \/>\n<link rel=\"canonical\" href=\"https:\/\/rotary.fi\/d1420\/et\/soovid-liituda-liikmeks\/interact-klubid\/\" \/>\n<meta property=\"og:locale\" content=\"fi_FI\" \/>\n<meta property=\"og:type\" content=\"article\" \/>\n<meta property=\"og:title\" content=\"Interact-klubid - Piiri 1420\" \/>\n<meta property=\"og:description\" content=\"Interact-klubid Noortele r\u00f5\u00f5mu u\u0308hiskonna teenimisest Interacti tegevus on m\u00f5eldud 12-18-aastastele noortele. Klubid tegutsevad koost\u00f6\u00f6s klubi toetatava Rotary klubiga ja pakuvad noortele v\u00f5imalust arendada oma sotsiaalseid oskusi ja juhtimisoskusi. Rotarid aitavad noortel suhelda erinevate valdkondade kohalike juhtide ja alal tegutsejatega aitamaks teostada noorte u\u0308hiskonnateenuste projekte. Noored \u00f5pivad v\u00f5rgustuma kohalikul tasandil ja soovi korral ka rahvusvaheliselt. Sageli [&hellip;]\" \/>\n<meta property=\"og:url\" content=\"https:\/\/rotary.fi\/d1420\/et\/soovid-liituda-liikmeks\/interact-klubid\/\" \/>\n<meta property=\"og:site_name\" content=\"Piiri 1420\" \/>\n<meta property=\"article:publisher\" content=\"https:\/\/www.facebook.com\/rotary\/\" \/>\n<meta property=\"article:modified_time\" content=\"2019-10-14T08:11:40+00:00\" \/>\n<meta name=\"twitter:card\" content=\"summary_large_image\" \/>\n<meta name=\"twitter:label1\" content=\"Arvioitu lukuaika\" \/>\n\t<meta name=\"twitter:data1\" content=\"2 minuuttia\" \/>\n<script type=\"application\/ld+json\" class=\"yoast-schema-graph\">{\"@context\":\"https:\/\/schema.org\",\"@graph\":[{\"@type\":\"WebPage\",\"@id\":\"https:\/\/rotary.fi\/d1420\/et\/soovid-liituda-liikmeks\/interact-klubid\/\",\"url\":\"https:\/\/rotary.fi\/d1420\/et\/soovid-liituda-liikmeks\/interact-klubid\/\",\"name\":\"Interact-klubid - Piiri 1420\",\"isPartOf\":{\"@id\":\"https:\/\/rotary.fi\/d1420\/#website\"},\"datePublished\":\"2019-10-14T08:11:34+00:00\",\"dateModified\":\"2019-10-14T08:11:40+00:00\",\"breadcrumb\":{\"@id\":\"https:\/\/rotary.fi\/d1420\/et\/soovid-liituda-liikmeks\/interact-klubid\/#breadcrumb\"},\"inLanguage\":\"fi\",\"potentialAction\":[{\"@type\":\"ReadAction\",\"target\":[\"https:\/\/rotary.fi\/d1420\/et\/soovid-liituda-liikmeks\/interact-klubid\/\"]}]},{\"@type\":\"BreadcrumbList\",\"@id\":\"https:\/\/rotary.fi\/d1420\/et\/soovid-liituda-liikmeks\/interact-klubid\/#breadcrumb\",\"itemListElement\":[{\"@type\":\"ListItem\",\"position\":1,\"name\":\"Home\",\"item\":\"https:\/\/rotary.fi\/d1420\/\"},{\"@type\":\"ListItem\",\"position\":2,\"name\":\"Soovid liituda liikmeks?\",\"item\":\"https:\/\/rotary.fi\/d1420\/et\/soovid-liituda-liikmeks\/\"},{\"@type\":\"ListItem\",\"position\":3,\"name\":\"Interact-klubid\"}]},{\"@type\":\"WebSite\",\"@id\":\"https:\/\/rotary.fi\/d1420\/#website\",\"url\":\"https:\/\/rotary.fi\/d1420\/\",\"name\":\"Piiri 1420\",\"description\":\"Suomen Rotary\",\"potentialAction\":[{\"@type\":\"SearchAction\",\"target\":{\"@type\":\"EntryPoint\",\"urlTemplate\":\"https:\/\/rotary.fi\/d1420\/?s={search_term_string}\"},\"query-input\":{\"@type\":\"PropertyValueSpecification\",\"valueRequired\":true,\"valueName\":\"search_term_string\"}}],\"inLanguage\":\"fi\"}]}<\/script>\n<!-- \/ Yoast SEO plugin. -->","yoast_head_json":{"title":"Interact-klubid - Piiri 1420","robots":{"index":"index","follow":"follow","max-snippet":"max-snippet:-1","max-image-preview":"max-image-preview:large","max-video-preview":"max-video-preview:-1"},"canonical":"https:\/\/rotary.fi\/d1420\/et\/soovid-liituda-liikmeks\/interact-klubid\/","og_locale":"fi_FI","og_type":"article","og_title":"Interact-klubid - Piiri 1420","og_description":"Interact-klubid Noortele r\u00f5\u00f5mu u\u0308hiskonna teenimisest Interacti tegevus on m\u00f5eldud 12-18-aastastele noortele. Klubid tegutsevad koost\u00f6\u00f6s klubi toetatava Rotary klubiga ja pakuvad noortele v\u00f5imalust arendada oma sotsiaalseid oskusi ja juhtimisoskusi. Rotarid aitavad noortel suhelda erinevate valdkondade kohalike juhtide ja alal tegutsejatega aitamaks teostada noorte u\u0308hiskonnateenuste projekte. Noored \u00f5pivad v\u00f5rgustuma kohalikul tasandil ja soovi korral ka rahvusvaheliselt. Sageli [&hellip;]","og_url":"https:\/\/rotary.fi\/d1420\/et\/soovid-liituda-liikmeks\/interact-klubid\/","og_site_name":"Piiri 1420","article_publisher":"https:\/\/www.facebook.com\/rotary\/","article_modified_time":"2019-10-14T08:11:40+00:00","twitter_card":"summary_large_image","twitter_misc":{"Arvioitu lukuaika":"2 minuuttia"},"schema":{"@context":"https:\/\/schema.org","@graph":[{"@type":"WebPage","@id":"https:\/\/rotary.fi\/d1420\/et\/soovid-liituda-liikmeks\/interact-klubid\/","url":"https:\/\/rotary.fi\/d1420\/et\/soovid-liituda-liikmeks\/interact-klubid\/","name":"Interact-klubid - Piiri 1420","isPartOf":{"@id":"https:\/\/rotary.fi\/d1420\/#website"},"datePublished":"2019-10-14T08:11:34+00:00","dateModified":"2019-10-14T08:11:40+00:00","breadcrumb":{"@id":"https:\/\/rotary.fi\/d1420\/et\/soovid-liituda-liikmeks\/interact-klubid\/#breadcrumb"},"inLanguage":"fi","potentialAction":[{"@type":"ReadAction","target":["https:\/\/rotary.fi\/d1420\/et\/soovid-liituda-liikmeks\/interact-klubid\/"]}]},{"@type":"BreadcrumbList","@id":"https:\/\/rotary.fi\/d1420\/et\/soovid-liituda-liikmeks\/interact-klubid\/#breadcrumb","itemListElement":[{"@type":"ListItem","position":1,"name":"Home","item":"https:\/\/rotary.fi\/d1420\/"},{"@type":"ListItem","position":2,"name":"Soovid liituda liikmeks?","item":"https:\/\/rotary.fi\/d1420\/et\/soovid-liituda-liikmeks\/"},{"@type":"ListItem","position":3,"name":"Interact-klubid"}]},{"@type":"WebSite","@id":"https:\/\/rotary.fi\/d1420\/#website","url":"https:\/\/rotary.fi\/d1420\/","name":"Piiri 1420","description":"Suomen Rotary","potentialAction":[{"@type":"SearchAction","target":{"@type":"EntryPoint","urlTemplate":"https:\/\/rotary.fi\/d1420\/?s={search_term_string}"},"query-input":{"@type":"PropertyValueSpecification","valueRequired":true,"valueName":"search_term_string"}}],"inLanguage":"fi"}]}},"lang":"et","translations":{"et":3640,"sv":2718,"fi":2050,"en":2995},"pll_sync_post":[],"_links":{"self":[{"href":"https:\/\/rotary.fi\/d1420\/wp-json\/wp\/v2\/pages\/3640","targetHints":{"allow":["GET"]}}],"collection":[{"href":"https:\/\/rotary.fi\/d1420\/wp-json\/wp\/v2\/pages"}],"about":[{"href":"https:\/\/rotary.fi\/d1420\/wp-json\/wp\/v2\/types\/page"}],"author":[{"embeddable":true,"href":"https:\/\/rotary.fi\/d1420\/wp-json\/wp\/v2\/users\/1"}],"replies":[{"embeddable":true,"href":"https:\/\/rotary.fi\/d1420\/wp-json\/wp\/v2\/comments?post=3640"}],"version-history":[{"count":3,"href":"https:\/\/rotary.fi\/d1420\/wp-json\/wp\/v2\/pages\/3640\/revisions"}],"predecessor-version":[{"id":3643,"href":"https:\/\/rotary.fi\/d1420\/wp-json\/wp\/v2\/pages\/3640\/revisions\/3643"}],"up":[{"embeddable":true,"href":"https:\/\/rotary.fi\/d1420\/wp-json\/wp\/v2\/pages\/3628"}],"wp:attachment":[{"href":"https:\/\/rotary.fi\/d1420\/wp-json\/wp\/v2\/media?parent=3640"}],"curies":[{"name":"wp","href":"https:\/\/api.w.org\/{rel}","templated":true}]}}