{"id":3632,"date":"2019-10-14T10:05:46","date_gmt":"2019-10-14T08:05:46","guid":{"rendered":"https:\/\/rotary.fi\/d1420\/?page_id=3632"},"modified":"2020-06-15T19:16:55","modified_gmt":"2020-06-15T17:16:55","slug":"leia-lahim-rotary-klubi","status":"publish","type":"page","link":"https:\/\/rotary.fi\/d1420\/et\/soovid-liituda-liikmeks\/leia-lahim-rotary-klubi\/","title":{"rendered":"Leia l\u00e4him Rotary klubi"},"content":{"rendered":"<p>[et_pb_section fb_built=&#8221;1&#8243; module_class=&#8221;jumbotron-page&#8221; _builder_version=&#8221;4.4.8&#8243; background_image=&#8221;https:\/\/rotary.fi\/d1420\/wp-content\/uploads\/sites\/183\/2018\/04\/paakuva_liity_mukaan.jpg&#8221; hover_enabled=&#8221;0&#8243; title_text=&#8221;paakuva_liity_mukaan&#8221;][et_pb_row module_class=&#8221; et_pb_row_fullwidth&#8221; _builder_version=&#8221;3.25&#8243; width=&#8221;89%&#8221; width_tablet=&#8221;80%&#8221; width_phone=&#8221;&#8221; width_last_edited=&#8221;on|desktop&#8221; max_width=&#8221;89%&#8221; max_width_tablet=&#8221;80%&#8221; max_width_phone=&#8221;&#8221; max_width_last_edited=&#8221;on|desktop&#8221; make_fullwidth=&#8221;on&#8221;][et_pb_column type=&#8221;4_4&#8243; _builder_version=&#8221;3.25&#8243; custom_padding=&#8221;|||&#8221; custom_padding__hover=&#8221;|||&#8221;][et_pb_text admin_label=&#8221;Leia l\u00e4him Rotary klubi&#8221; _builder_version=&#8221;3.29.3&#8243; text_orientation=&#8221;center&#8221; background_layout=&#8221;dark&#8221;]<\/p>\n<h1>Leia l\u00e4him Rotary klubi<\/h1>\n<p>[\/et_pb_text][\/et_pb_column][\/et_pb_row][\/et_pb_section][et_pb_section fb_built=&#8221;1&#8243; admin_label=&#8221;Club Finder Osio (ET)&#8221; _builder_version=&#8221;3.29.3&#8243; background_color=&#8221;#018d8d&#8221; global_module=&#8221;3482&#8243; saved_tabs=&#8221;all&#8221;][et_pb_row column_structure=&#8221;1_4,1_2,1_4&#8243; module_class=&#8221;club-finder-nosto et_pb_row_fullwidth et_pb_row_fullwidth et_pb_row_fullwidth et_pb_row_fullwidth et_pb_row_fullwidth et_pb_row_fullwidth et_pb_row_fullwidth et_pb_row_fullwidth et_pb_row_fullwidth et_pb_row_fullwidth et_pb_row_fullwidth et_pb_row_fullwidth et_pb_row_fullwidth et_pb_row_fullwidth et_pb_row_fullwidth et_pb_row_fullwidth et_pb_row_fullwidth et_pb_row_fullwidth et_pb_row_fullwidth et_pb_row_fullwidth&#8221; _builder_version=&#8221;3.29.3&#8243; width=&#8221;89%&#8221; width_tablet=&#8221;80%&#8221; width_phone=&#8221;&#8221; width_last_edited=&#8221;on|desktop&#8221; max_width=&#8221;89%&#8221; max_width_tablet=&#8221;80%&#8221; max_width_phone=&#8221;&#8221; max_width_last_edited=&#8221;on|desktop&#8221; module_alignment=&#8221;center&#8221;][et_pb_column type=&#8221;1_4&#8243; _builder_version=&#8221;3.29.3&#8243;][\/et_pb_column][et_pb_column type=&#8221;1_2&#8243; _builder_version=&#8221;3.29.3&#8243;][et_pb_text admin_label=&#8221;Club Finder &#8211; nostoalue&#8221; _builder_version=&#8221;3.29.3&#8243; text_orientation=&#8221;center&#8221; background_layout=&#8221;dark&#8221;]<\/p>\n<h1>Club Finderiga leiad<br \/>\nl\u00e4hima Rotary klubi<\/h1>\n<h4>Kuus piirkonda, 300 klubi. Club Finder leiab just sinule l\u00e4hima Rotary klubi koos kontaktinfoga.<\/h4>\n<p>[\/et_pb_text][et_pb_button button_url=&#8221;https:\/\/my.rotary.org\/en\/search\/club-finder&#8221; url_new_window=&#8221;on&#8221; button_text=&#8221;Club Finder&#8221; button_alignment=&#8221;center&#8221; admin_label=&#8221;Club Finder -painike&#8221; _builder_version=&#8221;3.29.3&#8243; custom_button=&#8221;on&#8221; button_border_color=&#8221;#f8f9fa&#8221; background_layout=&#8221;dark&#8221; custom_margin=&#8221;||20px|&#8221; button_text_size__hover_enabled=&#8221;off&#8221; button_text_size__hover=&#8221;null&#8221; button_one_text_size__hover_enabled=&#8221;off&#8221; button_one_text_size__hover=&#8221;null&#8221; button_two_text_size__hover_enabled=&#8221;off&#8221; button_two_text_size__hover=&#8221;null&#8221; button_text_color__hover_enabled=&#8221;off&#8221; button_text_color__hover=&#8221;null&#8221; button_one_text_color__hover_enabled=&#8221;off&#8221; button_one_text_color__hover=&#8221;null&#8221; button_two_text_color__hover_enabled=&#8221;off&#8221; button_two_text_color__hover=&#8221;null&#8221; button_border_width__hover_enabled=&#8221;off&#8221; button_border_width__hover=&#8221;null&#8221; button_one_border_width__hover_enabled=&#8221;off&#8221; button_one_border_width__hover=&#8221;null&#8221; button_two_border_width__hover_enabled=&#8221;off&#8221; button_two_border_width__hover=&#8221;null&#8221; button_border_color__hover_enabled=&#8221;off&#8221; button_border_color__hover=&#8221;null&#8221; button_one_border_color__hover_enabled=&#8221;off&#8221; button_one_border_color__hover=&#8221;null&#8221; button_two_border_color__hover_enabled=&#8221;off&#8221; button_two_border_color__hover=&#8221;null&#8221; button_border_radius__hover_enabled=&#8221;off&#8221; button_border_radius__hover=&#8221;null&#8221; button_one_border_radius__hover_enabled=&#8221;off&#8221; button_one_border_radius__hover=&#8221;null&#8221; button_two_border_radius__hover_enabled=&#8221;off&#8221; button_two_border_radius__hover=&#8221;null&#8221; button_letter_spacing__hover_enabled=&#8221;off&#8221; button_letter_spacing__hover=&#8221;null&#8221; button_one_letter_spacing__hover_enabled=&#8221;off&#8221; button_one_letter_spacing__hover=&#8221;null&#8221; button_two_letter_spacing__hover_enabled=&#8221;off&#8221; button_two_letter_spacing__hover=&#8221;null&#8221; button_bg_color__hover_enabled=&#8221;off&#8221; button_bg_color__hover=&#8221;null&#8221; button_one_bg_color__hover_enabled=&#8221;off&#8221; button_one_bg_color__hover=&#8221;null&#8221; button_two_bg_color__hover_enabled=&#8221;off&#8221; button_two_bg_color__hover=&#8221;null&#8221;][\/et_pb_button][\/et_pb_column][et_pb_column type=&#8221;1_4&#8243; _builder_version=&#8221;3.29.3&#8243;][\/et_pb_column][\/et_pb_row][\/et_pb_section]<\/p>\n","protected":false},"excerpt":{"rendered":"<p>Leia l\u00e4him Rotary klubi Club Finderiga leiad l\u00e4hima Rotary klubi Kuus piirkonda, 300 klubi. Club Finder leiab just sinule l\u00e4hima Rotary klubi koos kontaktinfoga.<\/p>\n","protected":false},"author":1,"featured_media":0,"parent":3628,"menu_order":1,"comment_status":"closed","ping_status":"closed","template":"","meta":{"_acf_changed":false,"_et_pb_use_builder":"on","_et_pb_old_content":"","_et_gb_content_width":"","footnotes":""},"class_list":["post-3632","page","type-page","status-publish","hentry"],"acf":[],"yoast_head":"<!-- This site is optimized with the Yoast SEO plugin v27.0 - https:\/\/yoast.com\/product\/yoast-seo-wordpress\/ -->\n<title>Leia l\u00e4him Rotary klubi - Piiri 1420<\/title>\n<meta name=\"robots\" content=\"index, follow, max-snippet:-1, max-image-preview:large, max-video-preview:-1\" \/>\n<link rel=\"canonical\" href=\"https:\/\/rotary.fi\/d1420\/et\/soovid-liituda-liikmeks\/leia-lahim-rotary-klubi\/\" \/>\n<meta property=\"og:locale\" content=\"fi_FI\" \/>\n<meta property=\"og:type\" content=\"article\" \/>\n<meta property=\"og:title\" content=\"Leia l\u00e4him Rotary klubi - Piiri 1420\" \/>\n<meta property=\"og:description\" content=\"Leia l\u00e4him Rotary klubi Club Finderiga leiad l\u00e4hima Rotary klubi Kuus piirkonda, 300 klubi. Club Finder leiab just sinule l\u00e4hima Rotary klubi koos kontaktinfoga.\" \/>\n<meta property=\"og:url\" content=\"https:\/\/rotary.fi\/d1420\/et\/soovid-liituda-liikmeks\/leia-lahim-rotary-klubi\/\" \/>\n<meta property=\"og:site_name\" content=\"Piiri 1420\" \/>\n<meta property=\"article:publisher\" content=\"https:\/\/www.facebook.com\/rotary\/\" \/>\n<meta property=\"article:modified_time\" content=\"2020-06-15T17:16:55+00:00\" \/>\n<meta name=\"twitter:card\" content=\"summary_large_image\" \/>\n<meta name=\"twitter:label1\" content=\"Arvioitu lukuaika\" \/>\n\t<meta name=\"twitter:data1\" content=\"3 minuuttia\" \/>\n<script type=\"application\/ld+json\" class=\"yoast-schema-graph\">{\"@context\":\"https:\/\/schema.org\",\"@graph\":[{\"@type\":\"WebPage\",\"@id\":\"https:\/\/rotary.fi\/d1420\/et\/soovid-liituda-liikmeks\/leia-lahim-rotary-klubi\/\",\"url\":\"https:\/\/rotary.fi\/d1420\/et\/soovid-liituda-liikmeks\/leia-lahim-rotary-klubi\/\",\"name\":\"Leia l\u00e4him Rotary klubi - Piiri 1420\",\"isPartOf\":{\"@id\":\"https:\/\/rotary.fi\/d1420\/#website\"},\"datePublished\":\"2019-10-14T08:05:46+00:00\",\"dateModified\":\"2020-06-15T17:16:55+00:00\",\"breadcrumb\":{\"@id\":\"https:\/\/rotary.fi\/d1420\/et\/soovid-liituda-liikmeks\/leia-lahim-rotary-klubi\/#breadcrumb\"},\"inLanguage\":\"fi\",\"potentialAction\":[{\"@type\":\"ReadAction\",\"target\":[\"https:\/\/rotary.fi\/d1420\/et\/soovid-liituda-liikmeks\/leia-lahim-rotary-klubi\/\"]}]},{\"@type\":\"BreadcrumbList\",\"@id\":\"https:\/\/rotary.fi\/d1420\/et\/soovid-liituda-liikmeks\/leia-lahim-rotary-klubi\/#breadcrumb\",\"itemListElement\":[{\"@type\":\"ListItem\",\"position\":1,\"name\":\"Home\",\"item\":\"https:\/\/rotary.fi\/d1420\/\"},{\"@type\":\"ListItem\",\"position\":2,\"name\":\"Soovid liituda liikmeks?\",\"item\":\"https:\/\/rotary.fi\/d1420\/et\/soovid-liituda-liikmeks\/\"},{\"@type\":\"ListItem\",\"position\":3,\"name\":\"Leia l\u00e4him Rotary klubi\"}]},{\"@type\":\"WebSite\",\"@id\":\"https:\/\/rotary.fi\/d1420\/#website\",\"url\":\"https:\/\/rotary.fi\/d1420\/\",\"name\":\"Piiri 1420\",\"description\":\"Suomen Rotary\",\"potentialAction\":[{\"@type\":\"SearchAction\",\"target\":{\"@type\":\"EntryPoint\",\"urlTemplate\":\"https:\/\/rotary.fi\/d1420\/?s={search_term_string}\"},\"query-input\":{\"@type\":\"PropertyValueSpecification\",\"valueRequired\":true,\"valueName\":\"search_term_string\"}}],\"inLanguage\":\"fi\"}]}<\/script>\n<!-- \/ Yoast SEO plugin. -->","yoast_head_json":{"title":"Leia l\u00e4him Rotary klubi - Piiri 1420","robots":{"index":"index","follow":"follow","max-snippet":"max-snippet:-1","max-image-preview":"max-image-preview:large","max-video-preview":"max-video-preview:-1"},"canonical":"https:\/\/rotary.fi\/d1420\/et\/soovid-liituda-liikmeks\/leia-lahim-rotary-klubi\/","og_locale":"fi_FI","og_type":"article","og_title":"Leia l\u00e4him Rotary klubi - Piiri 1420","og_description":"Leia l\u00e4him Rotary klubi Club Finderiga leiad l\u00e4hima Rotary klubi Kuus piirkonda, 300 klubi. Club Finder leiab just sinule l\u00e4hima Rotary klubi koos kontaktinfoga.","og_url":"https:\/\/rotary.fi\/d1420\/et\/soovid-liituda-liikmeks\/leia-lahim-rotary-klubi\/","og_site_name":"Piiri 1420","article_publisher":"https:\/\/www.facebook.com\/rotary\/","article_modified_time":"2020-06-15T17:16:55+00:00","twitter_card":"summary_large_image","twitter_misc":{"Arvioitu lukuaika":"3 minuuttia"},"schema":{"@context":"https:\/\/schema.org","@graph":[{"@type":"WebPage","@id":"https:\/\/rotary.fi\/d1420\/et\/soovid-liituda-liikmeks\/leia-lahim-rotary-klubi\/","url":"https:\/\/rotary.fi\/d1420\/et\/soovid-liituda-liikmeks\/leia-lahim-rotary-klubi\/","name":"Leia l\u00e4him Rotary klubi - Piiri 1420","isPartOf":{"@id":"https:\/\/rotary.fi\/d1420\/#website"},"datePublished":"2019-10-14T08:05:46+00:00","dateModified":"2020-06-15T17:16:55+00:00","breadcrumb":{"@id":"https:\/\/rotary.fi\/d1420\/et\/soovid-liituda-liikmeks\/leia-lahim-rotary-klubi\/#breadcrumb"},"inLanguage":"fi","potentialAction":[{"@type":"ReadAction","target":["https:\/\/rotary.fi\/d1420\/et\/soovid-liituda-liikmeks\/leia-lahim-rotary-klubi\/"]}]},{"@type":"BreadcrumbList","@id":"https:\/\/rotary.fi\/d1420\/et\/soovid-liituda-liikmeks\/leia-lahim-rotary-klubi\/#breadcrumb","itemListElement":[{"@type":"ListItem","position":1,"name":"Home","item":"https:\/\/rotary.fi\/d1420\/"},{"@type":"ListItem","position":2,"name":"Soovid liituda liikmeks?","item":"https:\/\/rotary.fi\/d1420\/et\/soovid-liituda-liikmeks\/"},{"@type":"ListItem","position":3,"name":"Leia l\u00e4him Rotary klubi"}]},{"@type":"WebSite","@id":"https:\/\/rotary.fi\/d1420\/#website","url":"https:\/\/rotary.fi\/d1420\/","name":"Piiri 1420","description":"Suomen Rotary","potentialAction":[{"@type":"SearchAction","target":{"@type":"EntryPoint","urlTemplate":"https:\/\/rotary.fi\/d1420\/?s={search_term_string}"},"query-input":{"@type":"PropertyValueSpecification","valueRequired":true,"valueName":"search_term_string"}}],"inLanguage":"fi"}]}},"lang":"et","translations":{"et":3632,"fi":666,"sv":2722,"en":2976},"pll_sync_post":[],"_links":{"self":[{"href":"https:\/\/rotary.fi\/d1420\/wp-json\/wp\/v2\/pages\/3632","targetHints":{"allow":["GET"]}}],"collection":[{"href":"https:\/\/rotary.fi\/d1420\/wp-json\/wp\/v2\/pages"}],"about":[{"href":"https:\/\/rotary.fi\/d1420\/wp-json\/wp\/v2\/types\/page"}],"author":[{"embeddable":true,"href":"https:\/\/rotary.fi\/d1420\/wp-json\/wp\/v2\/users\/1"}],"replies":[{"embeddable":true,"href":"https:\/\/rotary.fi\/d1420\/wp-json\/wp\/v2\/comments?post=3632"}],"version-history":[{"count":5,"href":"https:\/\/rotary.fi\/d1420\/wp-json\/wp\/v2\/pages\/3632\/revisions"}],"predecessor-version":[{"id":4832,"href":"https:\/\/rotary.fi\/d1420\/wp-json\/wp\/v2\/pages\/3632\/revisions\/4832"}],"up":[{"embeddable":true,"href":"https:\/\/rotary.fi\/d1420\/wp-json\/wp\/v2\/pages\/3628"}],"wp:attachment":[{"href":"https:\/\/rotary.fi\/d1420\/wp-json\/wp\/v2\/media?parent=3632"}],"curies":[{"name":"wp","href":"https:\/\/api.w.org\/{rel}","templated":true}]}}