{"id":3628,"date":"2019-10-14T10:03:40","date_gmt":"2019-10-14T08:03:40","guid":{"rendered":"https:\/\/rotary.fi\/d1420\/?page_id=3628"},"modified":"2024-01-05T11:20:29","modified_gmt":"2024-01-05T09:20:29","slug":"soovid-liituda-liikmeks","status":"publish","type":"page","link":"https:\/\/rotary.fi\/d1420\/et\/soovid-liituda-liikmeks\/","title":{"rendered":"Soovid liituda liikmeks?"},"content":{"rendered":"<p>[et_pb_section fb_built=&#8221;1&#8243; module_class=&#8221;jumbotron-page&#8221; _builder_version=&#8221;4.22.1&#8243; background_image=&#8221;https:\/\/rotary.fi\/d1420\/wp-content\/uploads\/sites\/183\/2018\/04\/paakuva_liity_mukaan.jpg&#8221; global_colors_info=&#8221;{}&#8221;][et_pb_row module_class=&#8221; et_pb_row_fullwidth et_pb_row_fullwidth&#8221; _builder_version=&#8221;4.16&#8243; width=&#8221;89%&#8221; width_tablet=&#8221;80%&#8221; width_phone=&#8221;&#8221; width_last_edited=&#8221;on|desktop&#8221; max_width=&#8221;89%&#8221; max_width_tablet=&#8221;80%&#8221; max_width_phone=&#8221;&#8221; max_width_last_edited=&#8221;on|desktop&#8221; make_fullwidth=&#8221;on&#8221; global_colors_info=&#8221;{}&#8221;][et_pb_column type=&#8221;4_4&#8243; _builder_version=&#8221;4.16&#8243; custom_padding=&#8221;|||&#8221; global_colors_info=&#8221;{}&#8221; custom_padding__hover=&#8221;|||&#8221;][et_pb_text admin_label=&#8221;Soovid liituda liikmeks?&#8221; _builder_version=&#8221;4.16&#8243; text_orientation=&#8221;center&#8221; background_layout=&#8221;dark&#8221; global_colors_info=&#8221;{}&#8221;]<\/p>\n<h1>Soovid liituda liikmeks?<\/h1>\n<p>[\/et_pb_text][\/et_pb_column][\/et_pb_row][\/et_pb_section][et_pb_section fb_built=&#8221;1&#8243; module_class=&#8221;sisaltoalue_perus&#8221; _builder_version=&#8221;4.16&#8243; background_size=&#8221;initial&#8221; background_position=&#8221;top_left&#8221; background_repeat=&#8221;repeat&#8221; global_colors_info=&#8221;{}&#8221;][et_pb_row custom_padding_last_edited=&#8221;on|phone&#8221; _builder_version=&#8221;4.16&#8243; custom_padding=&#8221;46.6875px|0px|63px|0px&#8221; custom_padding_tablet=&#8221;&#8221; custom_padding_phone=&#8221;&#8221; global_colors_info=&#8221;{}&#8221;][et_pb_column type=&#8221;4_4&#8243; _builder_version=&#8221;4.16&#8243; custom_padding=&#8221;|||&#8221; global_colors_info=&#8221;{}&#8221; custom_padding__hover=&#8221;|||&#8221;][et_pb_text admin_label=&#8221;Soovid liituda liikmeks?&#8221; _builder_version=&#8221;4.16&#8243; text_orientation=&#8221;center&#8221; global_colors_info=&#8221;{}&#8221;]<\/p>\n<h1>Soovid liituda liikmeks?<\/h1>\n<p>[\/et_pb_text][et_pb_text _builder_version=&#8221;4.16&#8243; custom_margin=&#8221;||60px|&#8221; global_colors_info=&#8221;{}&#8221;]<\/p>\n<p>Rotaryga tasb liituda, kui soovid oma kogukonda arendada v\u00f5i luua paremat maailma. Rotary u\u0308hendab sarnase m\u00f5tlemisega inimesi ja koos tegutsedes suudame rohkem \u00e4ra teha. Rotarina tutvud oma kogukonna m\u00f5jutajatega ning sul avaneb v\u00f5imalus saada osa rahvusvahelisest tegevusest. Oleme u\u0308lemaailmne v\u00f5rgustik, mis pakub mitmeid eri v\u00f5imalusi.<\/p>\n<p>Ku\u0308mme head p\u00f5hjust olla rotar:<\/p>\n<p><strong>Rotarina v\u00f5id<\/strong><\/p>\n<p><strong><em>1. teenida ja kasutada oma oskusi <\/em><br \/><em>2. v\u00f5rgustuda erialaselt <\/em><br \/><em>3. kasvada ja areneda inimesena <\/em><br \/><em>4. s\u00f5lmida uusi s\u00f5prussuhteid <\/em><br \/><em>5. olla osaline kultuurilises mitmekesisuses <\/em><br \/><em>6. tegutseda hea u\u0308hiskonnaliikmena <\/em><br \/><em>7. edendada globaalset u\u0308ksteisem\u00f5istmist <\/em><br \/><em>8. nautida ja kogeda uusi asju <\/em><br \/><em>9. osaleda noortevahetuses ja v\u00f5tta soovi korral vahetus\u00f5pilane oma koju <\/em><br \/><em>10. osaleda eetilises tegevuses<\/em><\/strong><\/p>\n<p>Samuti pakume noortele v\u00f5imalust osaleda <a href=\"https:\/\/rotary.fi\/mita-teemme\/nuorisopalvelut\/interact\/\" target=\"_blank\" rel=\"noopener noreferrer\">Interact<\/a>\u00a0ja <a href=\"https:\/\/rotary.fi\/mita-teemme\/nuorisopalvelut\/rotaract\/\">Rotaract <\/a>tegevuste kaudu.<\/p>\n<p>[\/et_pb_text][et_pb_text admin_label=&#8221;Miten liityn rotariksi&#8221; _builder_version=&#8221;4.22.1&#8243; _module_preset=&#8221;default&#8221; global_colors_info=&#8221;{}&#8221;]<\/p>\n<h3>Kuidas ma saan liituda rotariaanidega?<\/h3>\n<p>K\u00f5ik Rotary klubid t\u00f6\u00f6tavad aktiivselt uute liikmete leidmisel. Klubidesse kutsutakse uusi liikmeid klubi liikme soovitusel. Aktiivne osalemine klubi tegevuses on peamine kriteerium liikmeks sobivuse osas. Liikmeid p\u00fc\u00fctakse kutsuda erinevatest elualadelt, et klubi kajastaks mitmekesiselt erinevaid kultuuri- ja erialavaldkondi.<\/p>\n<p>Kui olete huvitatud liikmeks saamisest, j\u00e4rgige neid samme :<\/p>\n<ol>\n<li>Tutvuge <a href=\"https:\/\/rotary.fi\/d1420\/et\/mis-on-rotary\/\">Rotary<\/a>, <a href=\"https:\/\/rotary.fi\/d1420\/et\/mida-me-teemme\/\">organisatsiooni tegevuse<\/a> ja v\u00e4\u00e4rtustega ning rotariaanide kogemustega liikmelisuse kohta.<\/li>\n<li>Tutvuge klubide tegevusega. L\u00f5una-Soome ja Eesti klubid leiad siit <a href=\"https:\/\/rotary.fi\/d1420\/et\/tule-kaasa\/piirkonna-klubid\/\">lingist<\/a> v\u00f5i <a href=\"https:\/\/my.rotary.org\/en\/club-search\">Club Finder<\/a> otsinguvahendi abil.<\/li>\n<li>Leia sobiv klubi, mis kogeneb l\u00e4hedal sinule ja sobival ajal.<\/li>\n<li>V\u00f5tke \u00fchendust klubi liikmega ja r\u00e4\u00e4kige talle oma huvi kohta Rotary tegevuse ja klubi \u00fcrituste vastu. Arutlege ka v\u00f5imalust osaleda klubi koosolekul k\u00fclalisena, et saada aimu klubi tegevusest ja liikmelisusest.<\/li>\n<li>Kui tutvumise j\u00e4rel selgub, et klubi sobib teile ja liikmeks saamine tundub huvitav, saada klubi presidendile v\u00f5i sekret\u00e4rile vabas vormis taotlus, viidates kohtumisele kutsunud liikmele ning kirjeldage ennast ja oma motivatsioonist liituda rotariaanidega. Lisage taotlusele oma CV ja t\u00e4itke soovi korral oma kontaktandmed all oleva vormiga.<\/li>\n<li>Klubi kaalub sinu taotlust ja kui see heaks kiidetakse, palub Sul t\u00e4ita liikme avaldusvormiga kontaktandmed.<\/li>\n<li>Teid v\u00f5etakse klubis vastu uue liikmena ja tutvustatakse klubi koosolekul.<\/li>\n<\/ol>\n<p><a href=\"https:\/\/rotary.fi\/d1420\/wp-content\/uploads\/sites\/183\/2023\/12\/Jasenhakemuslomake.pdf\" rel=\"attachment wp-att-7147\">Liikme avaldusvorm PDF-vormingus<\/a><br \/><a href=\"https:\/\/rotary.fi\/d1420\/wp-content\/uploads\/sites\/183\/2023\/12\/Jasenhakemuslomake.docx\" rel=\"attachment wp-att-7145\">Liikme avaldusvorm MS Word-vormingus<\/a><\/p>\n<p>[\/et_pb_text][\/et_pb_column][\/et_pb_row][\/et_pb_section]<\/p>\n","protected":false},"excerpt":{"rendered":"<p>Soovid liituda liikmeks?Soovid liituda liikmeks?Rotaryga tasb liituda, kui soovid oma kogukonda arendada v\u00f5i luua paremat maailma. Rotary u\u0308hendab sarnase m\u00f5tlemisega inimesi ja koos tegutsedes suudame rohkem \u00e4ra teha. Rotarina tutvud oma kogukonna m\u00f5jutajatega ning sul avaneb v\u00f5imalus saada osa rahvusvahelisest tegevusest. Oleme u\u0308lemaailmne v\u00f5rgustik, mis pakub mitmeid eri v\u00f5imalusi. Ku\u0308mme head p\u00f5hjust olla rotar: Rotarina [&hellip;]<\/p>\n","protected":false},"author":1,"featured_media":0,"parent":0,"menu_order":1,"comment_status":"closed","ping_status":"closed","template":"","meta":{"_acf_changed":false,"_et_pb_use_builder":"on","_et_pb_old_content":"","_et_gb_content_width":"","footnotes":""},"class_list":["post-3628","page","type-page","status-publish","hentry"],"acf":[],"yoast_head":"<!-- This site is optimized with the Yoast SEO plugin v27.0 - https:\/\/yoast.com\/product\/yoast-seo-wordpress\/ -->\n<title>Soovid liituda liikmeks? - Piiri 1420<\/title>\n<meta name=\"robots\" content=\"index, follow, max-snippet:-1, max-image-preview:large, max-video-preview:-1\" \/>\n<link rel=\"canonical\" href=\"https:\/\/rotary.fi\/d1420\/et\/soovid-liituda-liikmeks\/\" \/>\n<meta property=\"og:locale\" content=\"fi_FI\" \/>\n<meta property=\"og:type\" content=\"article\" \/>\n<meta property=\"og:title\" content=\"Soovid liituda liikmeks? - Piiri 1420\" \/>\n<meta property=\"og:description\" content=\"Soovid liituda liikmeks?Soovid liituda liikmeks?Rotaryga tasb liituda, kui soovid oma kogukonda arendada v\u00f5i luua paremat maailma. Rotary u\u0308hendab sarnase m\u00f5tlemisega inimesi ja koos tegutsedes suudame rohkem \u00e4ra teha. Rotarina tutvud oma kogukonna m\u00f5jutajatega ning sul avaneb v\u00f5imalus saada osa rahvusvahelisest tegevusest. Oleme u\u0308lemaailmne v\u00f5rgustik, mis pakub mitmeid eri v\u00f5imalusi. Ku\u0308mme head p\u00f5hjust olla rotar: Rotarina [&hellip;]\" \/>\n<meta property=\"og:url\" content=\"https:\/\/rotary.fi\/d1420\/et\/soovid-liituda-liikmeks\/\" \/>\n<meta property=\"og:site_name\" content=\"Piiri 1420\" \/>\n<meta property=\"article:publisher\" content=\"https:\/\/www.facebook.com\/rotary\/\" \/>\n<meta property=\"article:modified_time\" content=\"2024-01-05T09:20:29+00:00\" \/>\n<meta name=\"twitter:card\" content=\"summary_large_image\" \/>\n<meta name=\"twitter:label1\" content=\"Arvioitu lukuaika\" \/>\n\t<meta name=\"twitter:data1\" content=\"2 minuuttia\" \/>\n<script type=\"application\/ld+json\" class=\"yoast-schema-graph\">{\"@context\":\"https:\/\/schema.org\",\"@graph\":[{\"@type\":\"WebPage\",\"@id\":\"https:\/\/rotary.fi\/d1420\/et\/soovid-liituda-liikmeks\/\",\"url\":\"https:\/\/rotary.fi\/d1420\/et\/soovid-liituda-liikmeks\/\",\"name\":\"Soovid liituda liikmeks? - Piiri 1420\",\"isPartOf\":{\"@id\":\"https:\/\/rotary.fi\/d1420\/#website\"},\"datePublished\":\"2019-10-14T08:03:40+00:00\",\"dateModified\":\"2024-01-05T09:20:29+00:00\",\"breadcrumb\":{\"@id\":\"https:\/\/rotary.fi\/d1420\/et\/soovid-liituda-liikmeks\/#breadcrumb\"},\"inLanguage\":\"fi\",\"potentialAction\":[{\"@type\":\"ReadAction\",\"target\":[\"https:\/\/rotary.fi\/d1420\/et\/soovid-liituda-liikmeks\/\"]}]},{\"@type\":\"BreadcrumbList\",\"@id\":\"https:\/\/rotary.fi\/d1420\/et\/soovid-liituda-liikmeks\/#breadcrumb\",\"itemListElement\":[{\"@type\":\"ListItem\",\"position\":1,\"name\":\"Home\",\"item\":\"https:\/\/rotary.fi\/d1420\/\"},{\"@type\":\"ListItem\",\"position\":2,\"name\":\"Soovid liituda liikmeks?\"}]},{\"@type\":\"WebSite\",\"@id\":\"https:\/\/rotary.fi\/d1420\/#website\",\"url\":\"https:\/\/rotary.fi\/d1420\/\",\"name\":\"Piiri 1420\",\"description\":\"Suomen Rotary\",\"potentialAction\":[{\"@type\":\"SearchAction\",\"target\":{\"@type\":\"EntryPoint\",\"urlTemplate\":\"https:\/\/rotary.fi\/d1420\/?s={search_term_string}\"},\"query-input\":{\"@type\":\"PropertyValueSpecification\",\"valueRequired\":true,\"valueName\":\"search_term_string\"}}],\"inLanguage\":\"fi\"}]}<\/script>\n<!-- \/ Yoast SEO plugin. -->","yoast_head_json":{"title":"Soovid liituda liikmeks? - Piiri 1420","robots":{"index":"index","follow":"follow","max-snippet":"max-snippet:-1","max-image-preview":"max-image-preview:large","max-video-preview":"max-video-preview:-1"},"canonical":"https:\/\/rotary.fi\/d1420\/et\/soovid-liituda-liikmeks\/","og_locale":"fi_FI","og_type":"article","og_title":"Soovid liituda liikmeks? - Piiri 1420","og_description":"Soovid liituda liikmeks?Soovid liituda liikmeks?Rotaryga tasb liituda, kui soovid oma kogukonda arendada v\u00f5i luua paremat maailma. Rotary u\u0308hendab sarnase m\u00f5tlemisega inimesi ja koos tegutsedes suudame rohkem \u00e4ra teha. Rotarina tutvud oma kogukonna m\u00f5jutajatega ning sul avaneb v\u00f5imalus saada osa rahvusvahelisest tegevusest. Oleme u\u0308lemaailmne v\u00f5rgustik, mis pakub mitmeid eri v\u00f5imalusi. Ku\u0308mme head p\u00f5hjust olla rotar: Rotarina [&hellip;]","og_url":"https:\/\/rotary.fi\/d1420\/et\/soovid-liituda-liikmeks\/","og_site_name":"Piiri 1420","article_publisher":"https:\/\/www.facebook.com\/rotary\/","article_modified_time":"2024-01-05T09:20:29+00:00","twitter_card":"summary_large_image","twitter_misc":{"Arvioitu lukuaika":"2 minuuttia"},"schema":{"@context":"https:\/\/schema.org","@graph":[{"@type":"WebPage","@id":"https:\/\/rotary.fi\/d1420\/et\/soovid-liituda-liikmeks\/","url":"https:\/\/rotary.fi\/d1420\/et\/soovid-liituda-liikmeks\/","name":"Soovid liituda liikmeks? - Piiri 1420","isPartOf":{"@id":"https:\/\/rotary.fi\/d1420\/#website"},"datePublished":"2019-10-14T08:03:40+00:00","dateModified":"2024-01-05T09:20:29+00:00","breadcrumb":{"@id":"https:\/\/rotary.fi\/d1420\/et\/soovid-liituda-liikmeks\/#breadcrumb"},"inLanguage":"fi","potentialAction":[{"@type":"ReadAction","target":["https:\/\/rotary.fi\/d1420\/et\/soovid-liituda-liikmeks\/"]}]},{"@type":"BreadcrumbList","@id":"https:\/\/rotary.fi\/d1420\/et\/soovid-liituda-liikmeks\/#breadcrumb","itemListElement":[{"@type":"ListItem","position":1,"name":"Home","item":"https:\/\/rotary.fi\/d1420\/"},{"@type":"ListItem","position":2,"name":"Soovid liituda liikmeks?"}]},{"@type":"WebSite","@id":"https:\/\/rotary.fi\/d1420\/#website","url":"https:\/\/rotary.fi\/d1420\/","name":"Piiri 1420","description":"Suomen Rotary","potentialAction":[{"@type":"SearchAction","target":{"@type":"EntryPoint","urlTemplate":"https:\/\/rotary.fi\/d1420\/?s={search_term_string}"},"query-input":{"@type":"PropertyValueSpecification","valueRequired":true,"valueName":"search_term_string"}}],"inLanguage":"fi"}]}},"lang":"et","translations":{"et":3628,"fi":658,"sv":2710,"en":2965},"pll_sync_post":[],"_links":{"self":[{"href":"https:\/\/rotary.fi\/d1420\/wp-json\/wp\/v2\/pages\/3628","targetHints":{"allow":["GET"]}}],"collection":[{"href":"https:\/\/rotary.fi\/d1420\/wp-json\/wp\/v2\/pages"}],"about":[{"href":"https:\/\/rotary.fi\/d1420\/wp-json\/wp\/v2\/types\/page"}],"author":[{"embeddable":true,"href":"https:\/\/rotary.fi\/d1420\/wp-json\/wp\/v2\/users\/1"}],"replies":[{"embeddable":true,"href":"https:\/\/rotary.fi\/d1420\/wp-json\/wp\/v2\/comments?post=3628"}],"version-history":[{"count":10,"href":"https:\/\/rotary.fi\/d1420\/wp-json\/wp\/v2\/pages\/3628\/revisions"}],"predecessor-version":[{"id":7498,"href":"https:\/\/rotary.fi\/d1420\/wp-json\/wp\/v2\/pages\/3628\/revisions\/7498"}],"wp:attachment":[{"href":"https:\/\/rotary.fi\/d1420\/wp-json\/wp\/v2\/media?parent=3628"}],"curies":[{"name":"wp","href":"https:\/\/api.w.org\/{rel}","templated":true}]}}