{"id":3607,"date":"2019-10-11T13:03:28","date_gmt":"2019-10-11T11:03:28","guid":{"rendered":"https:\/\/rotary.fi\/d1420\/?page_id=3607"},"modified":"2025-10-30T11:51:58","modified_gmt":"2025-10-30T09:51:58","slug":"koostoo","status":"publish","type":"page","link":"https:\/\/rotary.fi\/d1420\/et\/mida-me-teeme\/koostoo\/","title":{"rendered":"Koost\u00f6\u00f6"},"content":{"rendered":"<p>[et_pb_section fb_built=&#8221;1&#8243; module_class=&#8221;jumbotron-page&#8221; _builder_version=&#8221;4.16&#8243; background_image=&#8221;https:\/\/rotary.fi\/d1420\/wp-content\/uploads\/sites\/183\/2020\/06\/shelterbox.jpg&#8221; global_colors_info=&#8221;{}&#8221;][et_pb_row module_class=&#8221; et_pb_row_fullwidth&#8221; _builder_version=&#8221;4.16&#8243; width=&#8221;89%&#8221; width_tablet=&#8221;80%&#8221; width_phone=&#8221;&#8221; width_last_edited=&#8221;on|desktop&#8221; max_width=&#8221;89%&#8221; max_width_tablet=&#8221;80%&#8221; max_width_phone=&#8221;&#8221; max_width_last_edited=&#8221;on|desktop&#8221; make_fullwidth=&#8221;on&#8221; global_colors_info=&#8221;{}&#8221;][et_pb_column type=&#8221;4_4&#8243; _builder_version=&#8221;4.16&#8243; custom_padding=&#8221;|||&#8221; global_colors_info=&#8221;{}&#8221; custom_padding__hover=&#8221;|||&#8221;][et_pb_text admin_label=&#8221;Koost\u00f6\u00f6&#8221; _builder_version=&#8221;4.27.4&#8243; text_orientation=&#8221;center&#8221; background_layout=&#8221;dark&#8221; hover_enabled=&#8221;0&#8243; locked=&#8221;off&#8221; collapsed=&#8221;off&#8221; global_colors_info=&#8221;{}&#8221; sticky_enabled=&#8221;0&#8243;]<\/p>\n<h1>Koost\u00f6\u00f6 peitub j\u00f5ud<\/h1>\n<p>[\/et_pb_text][\/et_pb_column][\/et_pb_row][\/et_pb_section][et_pb_section fb_built=&#8221;1&#8243; _builder_version=&#8221;4.16&#8243; custom_margin=&#8221;||40px|&#8221; global_colors_info=&#8221;{}&#8221;][et_pb_row custom_padding_last_edited=&#8221;on|phone&#8221; _builder_version=&#8221;4.16&#8243; custom_padding_tablet=&#8221;&#8221; custom_padding_phone=&#8221;&#8221; global_colors_info=&#8221;{}&#8221;][et_pb_column type=&#8221;4_4&#8243; _builder_version=&#8221;4.16&#8243; custom_padding=&#8221;|||&#8221; global_colors_info=&#8221;{}&#8221; custom_padding__hover=&#8221;|||&#8221;][et_pb_text _builder_version=&#8221;4.27.4&#8243; hover_enabled=&#8221;0&#8243; global_colors_info=&#8221;{}&#8221; admin_label=&#8221;Text &#8211; johdanto&#8221; sticky_enabled=&#8221;0&#8243;]<\/p>\n<p><strong>Koost\u00f6\u00f6s peitub j\u00f5ud.<\/strong> Seep\u00e4rast teeb Rotary koost\u00f6\u00f6d paljude teiste sarnaste v\u00e4\u00e4rtustega organisatsioonide ja partneritega. 1,2 miljonit rotarilast \u00fcle maailma on potentsiaal, mida meie partnerid k\u00f5rgelt hindavad.<\/p>\n<p>[\/et_pb_text][\/et_pb_column][\/et_pb_row][et_pb_row custom_padding_last_edited=&#8221;on|phone&#8221; _builder_version=&#8221;4.16&#8243; custom_padding_tablet=&#8221;&#8221; custom_padding_phone=&#8221;&#8221; global_colors_info=&#8221;{}&#8221;][et_pb_column type=&#8221;4_4&#8243; _builder_version=&#8221;4.16&#8243; custom_padding=&#8221;|||&#8221; global_colors_info=&#8221;{}&#8221; custom_padding__hover=&#8221;|||&#8221;][et_pb_image _builder_version=&#8221;4.27.4&#8243; _module_preset=&#8221;default&#8221; title_text=&#8221;sininen nauha 1020px&#8221; src=&#8221;https:\/\/rotary.fi\/d1420\/wp-content\/uploads\/sites\/183\/2025\/01\/sininen-nauha-1020px.jpg&#8221; hover_enabled=&#8221;0&#8243; sticky_enabled=&#8221;0&#8243; admin_label=&#8221;Image &#8211; viiva&#8221;][\/et_pb_image][et_pb_text _builder_version=&#8221;4.27.4&#8243; hover_enabled=&#8221;0&#8243; global_colors_info=&#8221;{}&#8221; admin_label=&#8221;Text &#8211; polio&#8221; sticky_enabled=&#8221;0&#8243;]<\/p>\n<h3>Koost\u00f6\u00f6 poliom\u00fceliidi likvideerimiseks<\/h3>\n<p>[\/et_pb_text][\/et_pb_column][\/et_pb_row][et_pb_row custom_padding_last_edited=&#8221;on|phone&#8221; _builder_version=&#8221;4.27.4&#8243; custom_padding_tablet=&#8221;&#8221; custom_padding_phone=&#8221;&#8221; hover_enabled=&#8221;0&#8243; global_colors_info=&#8221;{}&#8221; column_structure=&#8221;2_3,1_3&#8243; sticky_enabled=&#8221;0&#8243;][et_pb_column type=&#8221;2_3&#8243; _builder_version=&#8221;4.16&#8243; custom_padding=&#8221;|||&#8221; global_colors_info=&#8221;{}&#8221; custom_padding__hover=&#8221;|||&#8221;][et_pb_text _builder_version=&#8221;4.27.4&#8243; hover_enabled=&#8221;0&#8243; global_colors_info=&#8221;{}&#8221; admin_label=&#8221;Text &#8211; who&#8221; sticky_enabled=&#8221;0&#8243;]<\/p>\n<h4>Maailma Terviseorganisatsioon (WHO)<\/h4>\n<p>Rotary oli algatajaks j\u00f5uks projektile, mille Maailma Terviseorganisatsioon (WHO) k\u00e4ivitas 1980. aastatel, et likvideerida poliom\u00fceliit kogu maailmast. Poliom\u00fceliit on viirushaigus, mida saab kergesti ennetada vaktsineerimisega, kuid millel puudub ravi.<\/p>\n<p>T\u00f6\u00f6 poliom\u00fceliidi likvideerimiseks on olnud v\u00e4ga edukas ja see on kuulutatud WHO peamiseks prioriteediks. Praegu esineb haigust peamiselt Afganistanis ja Pakistanis.<\/p>\n<p>Rotariaanid osalevad v\u00f5itluses poliom\u00fceliidi vastu \u00fclemaailmse <strong>PolioPlus-programmi<\/strong> kaudu, toetades riiklikke vaktsineerimiskampaaniaid, rahakogumist ja muid algatusi. Lisaks WHO-le on rotariaanid teinud koost\u00f6\u00f6d ka UNICEF-i ning Ameerika <strong>Billi ja Melinda Gatesi sihtasutusega<\/strong> haiguse likvideerimise nimel.<\/p>\n<p>[\/et_pb_text][\/et_pb_column][et_pb_column type=&#8221;1_3&#8243; _builder_version=&#8221;4.16&#8243; custom_padding=&#8221;|||&#8221; global_colors_info=&#8221;{}&#8221; custom_padding__hover=&#8221;|||&#8221;][et_pb_image _builder_version=&#8221;4.27.4&#8243; _module_preset=&#8221;default&#8221; title_text=&#8221;End Polio Now&#8221; src=&#8221;https:\/\/rotary.fi\/d1420\/wp-content\/uploads\/sites\/183\/2025\/10\/end-polio-now.png&#8221; hover_enabled=&#8221;0&#8243; sticky_enabled=&#8221;0&#8243; admin_label=&#8221;Image&#8221; align=&#8221;center&#8221;][\/et_pb_image][\/et_pb_column][\/et_pb_row][et_pb_row custom_padding_last_edited=&#8221;on|phone&#8221; _builder_version=&#8221;4.27.4&#8243; custom_padding_tablet=&#8221;&#8221; custom_padding_phone=&#8221;&#8221; hover_enabled=&#8221;0&#8243; global_colors_info=&#8221;{}&#8221; column_structure=&#8221;1_2,1_2&#8243; sticky_enabled=&#8221;0&#8243;][et_pb_column type=&#8221;1_2&#8243; _builder_version=&#8221;4.16&#8243; custom_padding=&#8221;|||&#8221; global_colors_info=&#8221;{}&#8221; custom_padding__hover=&#8221;|||&#8221;][et_pb_text _builder_version=&#8221;4.27.4&#8243; hover_enabled=&#8221;0&#8243; global_colors_info=&#8221;{}&#8221; admin_label=&#8221;Text &#8211; Gates foundation&#8221; sticky_enabled=&#8221;0&#8243;]<\/p>\n<h4>The Gates Foundation<\/h4>\n<p>Bill Gatesi ja tema abikaasa Melinda Gatesi asutatud heategevusfond on andnud olulise rahalise panuse t\u00f6\u00f6sse poliom\u00fceliidi likvideerimiseks.<\/p>\n<p>Sihtasutus on WHO polioprojekti suurim \u00fcksikrahastaja. Samuti on see kutsunud rotariaane \u00fcles liituma haiguse kaotamise pingutustega.<\/p>\n<p>Lisateavet Gatesi sihtasutuse kohta: <a href=\"http:\/\/www.gatesfoundation.org\">www.gatesfoundation.org<\/a><\/p>\n<p>[\/et_pb_text][\/et_pb_column][et_pb_column type=&#8221;1_2&#8243; _builder_version=&#8221;4.16&#8243; custom_padding=&#8221;|||&#8221; global_colors_info=&#8221;{}&#8221; custom_padding__hover=&#8221;|||&#8221;][et_pb_image _builder_version=&#8221;4.27.4&#8243; _module_preset=&#8221;default&#8221; title_text=&#8221;kuva (16)&#8221; src=&#8221;https:\/\/rotary.fi\/d1420\/wp-content\/uploads\/sites\/183\/2025\/01\/kuva-16.jpg&#8221; hover_enabled=&#8221;0&#8243; sticky_enabled=&#8221;0&#8243; admin_label=&#8221;Image&#8221;][\/et_pb_image][\/et_pb_column][\/et_pb_row][et_pb_row custom_padding_last_edited=&#8221;on|phone&#8221; _builder_version=&#8221;4.16&#8243; custom_padding_tablet=&#8221;&#8221; custom_padding_phone=&#8221;&#8221; global_colors_info=&#8221;{}&#8221;][et_pb_column type=&#8221;4_4&#8243; _builder_version=&#8221;4.16&#8243; custom_padding=&#8221;|||&#8221; global_colors_info=&#8221;{}&#8221; custom_padding__hover=&#8221;|||&#8221;][et_pb_image _builder_version=&#8221;4.27.4&#8243; _module_preset=&#8221;default&#8221; title_text=&#8221;sininen nauha 1020px&#8221; src=&#8221;https:\/\/rotary.fi\/d1420\/wp-content\/uploads\/sites\/183\/2025\/01\/sininen-nauha-1020px.jpg&#8221; hover_enabled=&#8221;0&#8243; sticky_enabled=&#8221;0&#8243; admin_label=&#8221;Image &#8211; viiva&#8221;][\/et_pb_image][et_pb_text _builder_version=&#8221;4.27.4&#8243; hover_enabled=&#8221;0&#8243; global_colors_info=&#8221;{}&#8221; admin_label=&#8221;Text &#8211; Shelterbox&#8221; sticky_enabled=&#8221;0&#8243;]<\/p>\n<h3>ShelterBox \u2013 katastroofiabi<\/h3>\n<p>[\/et_pb_text][\/et_pb_column][\/et_pb_row][et_pb_row custom_padding_last_edited=&#8221;on|phone&#8221; _builder_version=&#8221;4.27.4&#8243; custom_padding_tablet=&#8221;&#8221; custom_padding_phone=&#8221;&#8221; hover_enabled=&#8221;0&#8243; global_colors_info=&#8221;{}&#8221; column_structure=&#8221;1_2,1_2&#8243; sticky_enabled=&#8221;0&#8243;][et_pb_column type=&#8221;1_2&#8243; _builder_version=&#8221;4.16&#8243; custom_padding=&#8221;|||&#8221; global_colors_info=&#8221;{}&#8221; custom_padding__hover=&#8221;|||&#8221;][et_pb_text _builder_version=&#8221;4.27.4&#8243; hover_enabled=&#8221;0&#8243; global_colors_info=&#8221;{}&#8221; admin_label=&#8221;Text&#8221; sticky_enabled=&#8221;0&#8243;]<\/p>\n<p><strong>ShelterBox<\/strong> on heategevusorganisatsioon, mille asutasid 2000. aastal Suurbritannia rotariaanid. Eestis vastutab selle ametlik allorganisatsioon ShelterBox Soome abitegevuse eest. Organisatsiooni \u00fclesanne on pakkuda h\u00e4daabi eluaset ja varustust looduskatastroofidest v\u00f5i humanitaarkriisidest m\u00f5jutatud piirkondadele \u00fcle kogu maailma.<\/p>\n<p>Organisatsiooni nimi tuleb rohelisest plastikkastist \u2013 shelter box. Kast sisaldab telki, pliiti, tekke, s\u00e4\u00e4sev\u00f5rke, t\u00f6\u00f6riistu ja muid tarvikuid, n\u00e4iteks toidun\u00f5usid ja veepuhastit. ShelterBox hangib ja toimetab need kastid abivajajateni, tagades neile esmased elutingimused. T\u00e4nu ajutisele kodule saavad katastroofist m\u00f5jutatud pered alustada uut elu.<\/p>\n<p><strong>Rotary International ja Rotary Foundation<\/strong> toetavad ShelterBoxi tegevust. Samuti on v\u00f5imalik liituda organisatsiooniga individuaalliikmena.<\/p>\n<p>Lisateavet organisatsiooni tegevuse kohta Soomes: <a href=\"http:\/\/www.shelterboxtuki.fi\">www.shelterboxtuki.fi<\/a><\/p>\n<p>[\/et_pb_text][\/et_pb_column][et_pb_column type=&#8221;1_2&#8243; _builder_version=&#8221;4.16&#8243; custom_padding=&#8221;|||&#8221; global_colors_info=&#8221;{}&#8221; custom_padding__hover=&#8221;|||&#8221;][et_pb_image _builder_version=&#8221;4.27.4&#8243; _module_preset=&#8221;default&#8221; title_text=&#8221;kuva (9)&#8221; src=&#8221;https:\/\/rotary.fi\/d1420\/wp-content\/uploads\/sites\/183\/2025\/01\/kuva-9.jpg&#8221; hover_enabled=&#8221;0&#8243; sticky_enabled=&#8221;0&#8243; admin_label=&#8221;Image&#8221;][\/et_pb_image][\/et_pb_column][\/et_pb_row][\/et_pb_section]<\/p>\n","protected":false},"excerpt":{"rendered":"<p>Koost\u00f6\u00f6 peitub j\u00f5udKoost\u00f6\u00f6s peitub j\u00f5ud. Seep\u00e4rast teeb Rotary koost\u00f6\u00f6d paljude teiste sarnaste v\u00e4\u00e4rtustega organisatsioonide ja partneritega. 1,2 miljonit rotarilast \u00fcle maailma on potentsiaal, mida meie partnerid k\u00f5rgelt hindavad.Koost\u00f6\u00f6 poliom\u00fceliidi likvideerimiseksMaailma Terviseorganisatsioon (WHO) Rotary oli algatajaks j\u00f5uks projektile, mille Maailma Terviseorganisatsioon (WHO) k\u00e4ivitas 1980. aastatel, et likvideerida poliom\u00fceliit kogu maailmast. Poliom\u00fceliit on viirushaigus, mida saab kergesti [&hellip;]<\/p>\n","protected":false},"author":1,"featured_media":0,"parent":10658,"menu_order":8,"comment_status":"closed","ping_status":"closed","template":"","meta":{"_acf_changed":false,"_et_pb_use_builder":"on","_et_pb_old_content":"","_et_gb_content_width":"","footnotes":""},"class_list":["post-3607","page","type-page","status-publish","hentry"],"acf":[],"yoast_head":"<!-- This site is optimized with the Yoast SEO plugin v27.4 - https:\/\/yoast.com\/product\/yoast-seo-wordpress\/ -->\n<title>Koost\u00f6\u00f6 - Piiri 1420<\/title>\n<meta name=\"robots\" content=\"index, follow, max-snippet:-1, max-image-preview:large, max-video-preview:-1\" \/>\n<link rel=\"canonical\" href=\"https:\/\/rotary.fi\/d1420\/et\/mida-me-teeme\/koostoo\/\" \/>\n<meta property=\"og:locale\" content=\"fi_FI\" \/>\n<meta property=\"og:type\" content=\"article\" \/>\n<meta property=\"og:title\" content=\"Koost\u00f6\u00f6 - Piiri 1420\" \/>\n<meta property=\"og:description\" content=\"Koost\u00f6\u00f6 peitub j\u00f5udKoost\u00f6\u00f6s peitub j\u00f5ud. Seep\u00e4rast teeb Rotary koost\u00f6\u00f6d paljude teiste sarnaste v\u00e4\u00e4rtustega organisatsioonide ja partneritega. 1,2 miljonit rotarilast \u00fcle maailma on potentsiaal, mida meie partnerid k\u00f5rgelt hindavad.Koost\u00f6\u00f6 poliom\u00fceliidi likvideerimiseksMaailma Terviseorganisatsioon (WHO) Rotary oli algatajaks j\u00f5uks projektile, mille Maailma Terviseorganisatsioon (WHO) k\u00e4ivitas 1980. aastatel, et likvideerida poliom\u00fceliit kogu maailmast. Poliom\u00fceliit on viirushaigus, mida saab kergesti [&hellip;]\" \/>\n<meta property=\"og:url\" content=\"https:\/\/rotary.fi\/d1420\/et\/mida-me-teeme\/koostoo\/\" \/>\n<meta property=\"og:site_name\" content=\"Piiri 1420\" \/>\n<meta property=\"article:publisher\" content=\"https:\/\/www.facebook.com\/rotary\/\" \/>\n<meta property=\"article:modified_time\" content=\"2025-10-30T09:51:58+00:00\" \/>\n<meta name=\"twitter:card\" content=\"summary_large_image\" \/>\n<meta name=\"twitter:label1\" content=\"Arvioitu lukuaika\" \/>\n\t<meta name=\"twitter:data1\" content=\"3 minuuttia\" \/>\n<script type=\"application\/ld+json\" class=\"yoast-schema-graph\">{\"@context\":\"https:\\\/\\\/schema.org\",\"@graph\":[{\"@type\":\"WebPage\",\"@id\":\"https:\\\/\\\/rotary.fi\\\/d1420\\\/et\\\/mida-me-teeme\\\/koostoo\\\/\",\"url\":\"https:\\\/\\\/rotary.fi\\\/d1420\\\/et\\\/mida-me-teeme\\\/koostoo\\\/\",\"name\":\"Koost\u00f6\u00f6 - Piiri 1420\",\"isPartOf\":{\"@id\":\"https:\\\/\\\/rotary.fi\\\/d1420\\\/#website\"},\"datePublished\":\"2019-10-11T11:03:28+00:00\",\"dateModified\":\"2025-10-30T09:51:58+00:00\",\"breadcrumb\":{\"@id\":\"https:\\\/\\\/rotary.fi\\\/d1420\\\/et\\\/mida-me-teeme\\\/koostoo\\\/#breadcrumb\"},\"inLanguage\":\"fi\",\"potentialAction\":[{\"@type\":\"ReadAction\",\"target\":[\"https:\\\/\\\/rotary.fi\\\/d1420\\\/et\\\/mida-me-teeme\\\/koostoo\\\/\"]}]},{\"@type\":\"BreadcrumbList\",\"@id\":\"https:\\\/\\\/rotary.fi\\\/d1420\\\/et\\\/mida-me-teeme\\\/koostoo\\\/#breadcrumb\",\"itemListElement\":[{\"@type\":\"ListItem\",\"position\":1,\"name\":\"Home\",\"item\":\"https:\\\/\\\/rotary.fi\\\/d1420\\\/\"},{\"@type\":\"ListItem\",\"position\":2,\"name\":\"Mida me teeme\",\"item\":\"https:\\\/\\\/rotary.fi\\\/d1420\\\/et\\\/mida-me-teeme\\\/\"},{\"@type\":\"ListItem\",\"position\":3,\"name\":\"Koost\u00f6\u00f6\"}]},{\"@type\":\"WebSite\",\"@id\":\"https:\\\/\\\/rotary.fi\\\/d1420\\\/#website\",\"url\":\"https:\\\/\\\/rotary.fi\\\/d1420\\\/\",\"name\":\"Piiri 1420\",\"description\":\"Suomen Rotary\",\"potentialAction\":[{\"@type\":\"SearchAction\",\"target\":{\"@type\":\"EntryPoint\",\"urlTemplate\":\"https:\\\/\\\/rotary.fi\\\/d1420\\\/?s={search_term_string}\"},\"query-input\":{\"@type\":\"PropertyValueSpecification\",\"valueRequired\":true,\"valueName\":\"search_term_string\"}}],\"inLanguage\":\"fi\"}]}<\/script>\n<!-- \/ Yoast SEO plugin. -->","yoast_head_json":{"title":"Koost\u00f6\u00f6 - Piiri 1420","robots":{"index":"index","follow":"follow","max-snippet":"max-snippet:-1","max-image-preview":"max-image-preview:large","max-video-preview":"max-video-preview:-1"},"canonical":"https:\/\/rotary.fi\/d1420\/et\/mida-me-teeme\/koostoo\/","og_locale":"fi_FI","og_type":"article","og_title":"Koost\u00f6\u00f6 - Piiri 1420","og_description":"Koost\u00f6\u00f6 peitub j\u00f5udKoost\u00f6\u00f6s peitub j\u00f5ud. Seep\u00e4rast teeb Rotary koost\u00f6\u00f6d paljude teiste sarnaste v\u00e4\u00e4rtustega organisatsioonide ja partneritega. 1,2 miljonit rotarilast \u00fcle maailma on potentsiaal, mida meie partnerid k\u00f5rgelt hindavad.Koost\u00f6\u00f6 poliom\u00fceliidi likvideerimiseksMaailma Terviseorganisatsioon (WHO) Rotary oli algatajaks j\u00f5uks projektile, mille Maailma Terviseorganisatsioon (WHO) k\u00e4ivitas 1980. aastatel, et likvideerida poliom\u00fceliit kogu maailmast. Poliom\u00fceliit on viirushaigus, mida saab kergesti [&hellip;]","og_url":"https:\/\/rotary.fi\/d1420\/et\/mida-me-teeme\/koostoo\/","og_site_name":"Piiri 1420","article_publisher":"https:\/\/www.facebook.com\/rotary\/","article_modified_time":"2025-10-30T09:51:58+00:00","twitter_card":"summary_large_image","twitter_misc":{"Arvioitu lukuaika":"3 minuuttia"},"schema":{"@context":"https:\/\/schema.org","@graph":[{"@type":"WebPage","@id":"https:\/\/rotary.fi\/d1420\/et\/mida-me-teeme\/koostoo\/","url":"https:\/\/rotary.fi\/d1420\/et\/mida-me-teeme\/koostoo\/","name":"Koost\u00f6\u00f6 - Piiri 1420","isPartOf":{"@id":"https:\/\/rotary.fi\/d1420\/#website"},"datePublished":"2019-10-11T11:03:28+00:00","dateModified":"2025-10-30T09:51:58+00:00","breadcrumb":{"@id":"https:\/\/rotary.fi\/d1420\/et\/mida-me-teeme\/koostoo\/#breadcrumb"},"inLanguage":"fi","potentialAction":[{"@type":"ReadAction","target":["https:\/\/rotary.fi\/d1420\/et\/mida-me-teeme\/koostoo\/"]}]},{"@type":"BreadcrumbList","@id":"https:\/\/rotary.fi\/d1420\/et\/mida-me-teeme\/koostoo\/#breadcrumb","itemListElement":[{"@type":"ListItem","position":1,"name":"Home","item":"https:\/\/rotary.fi\/d1420\/"},{"@type":"ListItem","position":2,"name":"Mida me teeme","item":"https:\/\/rotary.fi\/d1420\/et\/mida-me-teeme\/"},{"@type":"ListItem","position":3,"name":"Koost\u00f6\u00f6"}]},{"@type":"WebSite","@id":"https:\/\/rotary.fi\/d1420\/#website","url":"https:\/\/rotary.fi\/d1420\/","name":"Piiri 1420","description":"Suomen Rotary","potentialAction":[{"@type":"SearchAction","target":{"@type":"EntryPoint","urlTemplate":"https:\/\/rotary.fi\/d1420\/?s={search_term_string}"},"query-input":{"@type":"PropertyValueSpecification","valueRequired":true,"valueName":"search_term_string"}}],"inLanguage":"fi"}]}},"lang":"et","translations":{"et":3607,"sv":2684,"fi":2044,"en":2936},"pll_sync_post":[],"_links":{"self":[{"href":"https:\/\/rotary.fi\/d1420\/wp-json\/wp\/v2\/pages\/3607","targetHints":{"allow":["GET"]}}],"collection":[{"href":"https:\/\/rotary.fi\/d1420\/wp-json\/wp\/v2\/pages"}],"about":[{"href":"https:\/\/rotary.fi\/d1420\/wp-json\/wp\/v2\/types\/page"}],"author":[{"embeddable":true,"href":"https:\/\/rotary.fi\/d1420\/wp-json\/wp\/v2\/users\/1"}],"replies":[{"embeddable":true,"href":"https:\/\/rotary.fi\/d1420\/wp-json\/wp\/v2\/comments?post=3607"}],"version-history":[{"count":10,"href":"https:\/\/rotary.fi\/d1420\/wp-json\/wp\/v2\/pages\/3607\/revisions"}],"predecessor-version":[{"id":12112,"href":"https:\/\/rotary.fi\/d1420\/wp-json\/wp\/v2\/pages\/3607\/revisions\/12112"}],"up":[{"embeddable":true,"href":"https:\/\/rotary.fi\/d1420\/wp-json\/wp\/v2\/pages\/10658"}],"wp:attachment":[{"href":"https:\/\/rotary.fi\/d1420\/wp-json\/wp\/v2\/media?parent=3607"}],"curies":[{"name":"wp","href":"https:\/\/api.w.org\/{rel}","templated":true}]}}