{"id":3595,"date":"2019-10-11T12:52:16","date_gmt":"2019-10-11T10:52:16","guid":{"rendered":"https:\/\/rotary.fi\/d1420\/?page_id=3595"},"modified":"2025-03-03T11:51:09","modified_gmt":"2025-03-03T09:51:09","slug":"end-polio-now","status":"publish","type":"page","link":"https:\/\/rotary.fi\/d1420\/et\/mida-me-teeme\/end-polio-now\/","title":{"rendered":"End Polio Now"},"content":{"rendered":"<p>[et_pb_section fb_built=&#8221;1&#8243; module_class=&#8221;jumbotron-page&#8221; _builder_version=&#8221;4.16&#8243; background_image=&#8221;https:\/\/rotary.fi\/piirisivusto\/wp-content\/uploads\/sites\/183\/2018\/04\/paakuva_bill_melinda_gates_foundation.jpg&#8221; global_colors_info=&#8221;{}&#8221;][et_pb_row module_class=&#8221; et_pb_row_fullwidth et_pb_row_fullwidth&#8221; _builder_version=&#8221;4.16&#8243; width=&#8221;89%&#8221; width_tablet=&#8221;80%&#8221; width_phone=&#8221;&#8221; width_last_edited=&#8221;on|desktop&#8221; max_width=&#8221;89%&#8221; max_width_tablet=&#8221;80%&#8221; max_width_phone=&#8221;&#8221; max_width_last_edited=&#8221;on|desktop&#8221; make_fullwidth=&#8221;on&#8221; global_colors_info=&#8221;{}&#8221;][et_pb_column type=&#8221;4_4&#8243; _builder_version=&#8221;4.16&#8243; custom_padding=&#8221;|||&#8221; global_colors_info=&#8221;{}&#8221; custom_padding__hover=&#8221;|||&#8221;][et_pb_text admin_label=&#8221;End Polio Now -otsikko&#8221; _builder_version=&#8221;4.22.1&#8243; text_orientation=&#8221;center&#8221; background_layout=&#8221;dark&#8221; global_colors_info=&#8221;{}&#8221;][\/et_pb_text][\/et_pb_column][\/et_pb_row][\/et_pb_section][et_pb_section fb_built=&#8221;1&#8243; module_class=&#8221;sisaltoalue_perus&#8221; _builder_version=&#8221;4.16&#8243; background_size=&#8221;initial&#8221; background_position=&#8221;top_left&#8221; background_repeat=&#8221;repeat&#8221; global_colors_info=&#8221;{}&#8221;][et_pb_row custom_padding_last_edited=&#8221;on|phone&#8221; _builder_version=&#8221;4.16&#8243; custom_padding_tablet=&#8221;&#8221; custom_padding_phone=&#8221;&#8221; global_colors_info=&#8221;{}&#8221;][et_pb_column type=&#8221;4_4&#8243; _builder_version=&#8221;4.16&#8243; custom_padding=&#8221;|||&#8221; global_colors_info=&#8221;{}&#8221; custom_padding__hover=&#8221;|||&#8221;][et_pb_text admin_label=&#8221;End Polio Now -otsikko&#8221; _builder_version=&#8221;4.16&#8243; text_orientation=&#8221;center&#8221; global_colors_info=&#8221;{}&#8221;]<\/p>\n<h1>End Polio Now<\/h1>\n<p>[\/et_pb_text][et_pb_text _builder_version=&#8221;4.16&#8243; global_colors_info=&#8221;{}&#8221;]<\/p>\n<p>Rotary kampaania poliomu\u0308eliidi k\u00f5rvaldamiseks maailmast algas 1985. aastal. Sel ajal haigestus iga p\u00e4ev umbes 1000 inimest lastehalvatusse, st umbes 350 000 alla 5-aastast last j\u00e4i halvatuks v\u00f5i suri igal aastal poliomu\u0308leliidi t\u00f5ttu. 1980. aastatel esines poliomu\u0308eliiti 125 riigis. Praegu on vaid kolm riiki, kus poliomu\u0308eliiti ei ole k\u00f5rvaldatud: Afganistan, Nigeeria ja Pakistan. 2018. aastal avastati kokku 31 looduslikku tu\u0308u\u0308pi polioviirusinfektsiooni. Lisaks teatati kogu maailmas 102 vaktsiinip\u00f5hisest infektsioonist. Vaktsiinip\u00f5hise infektsioonide esinemine on kahetsusv\u00e4\u00e4rne, kuid need juhtumid ei p\u00f5hjusta epideemiat. Looduslik polioviirus levitab nakkust, mist\u00f5ttu sellele l\u00f5pu tegemine on v\u00e4ga oluline.<\/p>\n<p>Rotarite t\u00f6\u00f6 poliomu\u0308eliidi k\u00f5rvaldamiseks l\u00f5peb siis, kui u\u0308kski laps ei ole nakatunud loodusliku polioviirusega. Rotarid on seda t\u00f5otanud.<\/p>\n<p>Poliomu\u0308eliit ei ole ka Soome u\u0308hiskonnast t\u00e4ielikult kadunud, sest meie seas on ikka veel inimesi, keda polimu\u0308eliit on lapsena halvanud. Uusi juhtumeid ei ole Soomes enam ette n\u00e4ha t\u00e4nu laiaulatuslikele vaktsineerimisprogrammidele. Ainus oht sellisele olukorrale on vaktsineerimise katvuse v\u00e4henemine.<\/p>\n<p>Piirkondlikud klubid toovad eri viisidel n\u00e4htavale Rotary t\u00f6\u00f6d polimu\u0308eliidi eemaldamiseks: mu\u0308u\u0308es End Polio Now krookusi, tutvustades oma t\u00f6\u00f6d kaubanduskeskuskustes ja korraldades u\u0308ritusi. M\u00f5ned klubid ja rotarid toetavad Rotary t\u00f6\u00f6d annetades vahendeid Rotary Sihtasutuse Poliofondile.<\/p>\n<p>[\/et_pb_text][\/et_pb_column][\/et_pb_row][\/et_pb_section][et_pb_section fb_built=&#8221;1&#8243; module_class=&#8221;sisaltoalue_sininen&#8221; _builder_version=&#8221;4.16&#8243; background_size=&#8221;initial&#8221; background_position=&#8221;top_left&#8221; background_repeat=&#8221;repeat&#8221; background_blend=&#8221;overlay&#8221; global_colors_info=&#8221;{}&#8221;][et_pb_row column_structure=&#8221;1_2,1_2&#8243; _builder_version=&#8221;4.16&#8243; background_size=&#8221;initial&#8221; background_position=&#8221;top_left&#8221; background_repeat=&#8221;repeat&#8221; global_colors_info=&#8221;{}&#8221;][et_pb_column type=&#8221;1_2&#8243; _builder_version=&#8221;4.16&#8243; custom_padding=&#8221;|||&#8221; global_colors_info=&#8221;{}&#8221; custom_padding__hover=&#8221;|||&#8221;][et_pb_video src=&#8221;https:\/\/youtu.be\/2S5qzsPrahY&#8221; _builder_version=&#8221;4.16&#8243; global_colors_info=&#8221;{}&#8221;][\/et_pb_video][\/et_pb_column][et_pb_column type=&#8221;1_2&#8243; _builder_version=&#8221;4.16&#8243; custom_padding=&#8221;|||&#8221; global_colors_info=&#8221;{}&#8221; custom_padding__hover=&#8221;|||&#8221;][et_pb_video src=&#8221;https:\/\/youtu.be\/m774hxN6B2Y&#8221; _builder_version=&#8221;4.16&#8243; global_colors_info=&#8221;{}&#8221;][\/et_pb_video][\/et_pb_column][\/et_pb_row][et_pb_row _builder_version=&#8221;4.16&#8243; background_size=&#8221;initial&#8221; background_position=&#8221;top_left&#8221; background_repeat=&#8221;repeat&#8221; global_colors_info=&#8221;{}&#8221;][et_pb_column type=&#8221;4_4&#8243; _builder_version=&#8221;4.16&#8243; custom_padding=&#8221;|||&#8221; global_colors_info=&#8221;{}&#8221; custom_padding__hover=&#8221;|||&#8221;][et_pb_button button_url=&#8221;https:\/\/rotary.fi\/mita-teemme\/rotaryn-karkiteemat\/sairauksien-torjunta\/#endpolio&#8221; url_new_window=&#8221;on&#8221; button_text=&#8221;LOE L\u00c4HEMALT ROTARITE T\u00d6\u00d6 KOHTA LASTEHALVATUSE V\u00c4LJAJUURIMISEKS&#8221; _builder_version=&#8221;4.16&#8243; global_colors_info=&#8221;{}&#8221;][\/et_pb_button][et_pb_button button_url=&#8221;https:\/\/www.endpolio.org\/&#8221; url_new_window=&#8221;on&#8221; button_text=&#8221;LOE EDASI RAHVUSVAHELISTELT LEHEK\u00dcLGEDELT&#8221; _builder_version=&#8221;4.16&#8243; global_colors_info=&#8221;{}&#8221;][\/et_pb_button][\/et_pb_column][\/et_pb_row][\/et_pb_section]<\/p>\n","protected":false},"excerpt":{"rendered":"<p>End Polio Now Rotary kampaania poliomu\u0308eliidi k\u00f5rvaldamiseks maailmast algas 1985. aastal. Sel ajal haigestus iga p\u00e4ev umbes 1000 inimest lastehalvatusse, st umbes 350 000 alla 5-aastast last j\u00e4i halvatuks v\u00f5i suri igal aastal poliomu\u0308leliidi t\u00f5ttu. 1980. aastatel esines poliomu\u0308eliiti 125 riigis. Praegu on vaid kolm riiki, kus poliomu\u0308eliiti ei ole k\u00f5rvaldatud: Afganistan, Nigeeria ja Pakistan. [&hellip;]<\/p>\n","protected":false},"author":1,"featured_media":0,"parent":10658,"menu_order":6,"comment_status":"closed","ping_status":"closed","template":"","meta":{"_acf_changed":false,"_et_pb_use_builder":"on","_et_pb_old_content":"","_et_gb_content_width":"","footnotes":""},"class_list":["post-3595","page","type-page","status-publish","hentry"],"acf":[],"yoast_head":"<!-- This site is optimized with the Yoast SEO plugin v27.0 - https:\/\/yoast.com\/product\/yoast-seo-wordpress\/ -->\n<title>End Polio Now - Piiri 1420<\/title>\n<meta name=\"robots\" content=\"index, follow, max-snippet:-1, max-image-preview:large, max-video-preview:-1\" \/>\n<link rel=\"canonical\" href=\"https:\/\/rotary.fi\/d1420\/et\/mida-me-teeme\/end-polio-now\/\" \/>\n<meta property=\"og:locale\" content=\"fi_FI\" \/>\n<meta property=\"og:type\" content=\"article\" \/>\n<meta property=\"og:title\" content=\"End Polio Now - Piiri 1420\" \/>\n<meta property=\"og:description\" content=\"End Polio Now Rotary kampaania poliomu\u0308eliidi k\u00f5rvaldamiseks maailmast algas 1985. aastal. Sel ajal haigestus iga p\u00e4ev umbes 1000 inimest lastehalvatusse, st umbes 350 000 alla 5-aastast last j\u00e4i halvatuks v\u00f5i suri igal aastal poliomu\u0308leliidi t\u00f5ttu. 1980. aastatel esines poliomu\u0308eliiti 125 riigis. Praegu on vaid kolm riiki, kus poliomu\u0308eliiti ei ole k\u00f5rvaldatud: Afganistan, Nigeeria ja Pakistan. [&hellip;]\" \/>\n<meta property=\"og:url\" content=\"https:\/\/rotary.fi\/d1420\/et\/mida-me-teeme\/end-polio-now\/\" \/>\n<meta property=\"og:site_name\" content=\"Piiri 1420\" \/>\n<meta property=\"article:publisher\" content=\"https:\/\/www.facebook.com\/rotary\/\" \/>\n<meta property=\"article:modified_time\" content=\"2025-03-03T09:51:09+00:00\" \/>\n<meta name=\"twitter:card\" content=\"summary_large_image\" \/>\n<meta name=\"twitter:label1\" content=\"Arvioitu lukuaika\" \/>\n\t<meta name=\"twitter:data1\" content=\"2 minuuttia\" \/>\n<script type=\"application\/ld+json\" class=\"yoast-schema-graph\">{\"@context\":\"https:\/\/schema.org\",\"@graph\":[{\"@type\":\"WebPage\",\"@id\":\"https:\/\/rotary.fi\/d1420\/et\/mida-me-teeme\/end-polio-now\/\",\"url\":\"https:\/\/rotary.fi\/d1420\/et\/mida-me-teeme\/end-polio-now\/\",\"name\":\"End Polio Now - Piiri 1420\",\"isPartOf\":{\"@id\":\"https:\/\/rotary.fi\/d1420\/#website\"},\"datePublished\":\"2019-10-11T10:52:16+00:00\",\"dateModified\":\"2025-03-03T09:51:09+00:00\",\"breadcrumb\":{\"@id\":\"https:\/\/rotary.fi\/d1420\/et\/mida-me-teeme\/end-polio-now\/#breadcrumb\"},\"inLanguage\":\"fi\",\"potentialAction\":[{\"@type\":\"ReadAction\",\"target\":[\"https:\/\/rotary.fi\/d1420\/et\/mida-me-teeme\/end-polio-now\/\"]}]},{\"@type\":\"BreadcrumbList\",\"@id\":\"https:\/\/rotary.fi\/d1420\/et\/mida-me-teeme\/end-polio-now\/#breadcrumb\",\"itemListElement\":[{\"@type\":\"ListItem\",\"position\":1,\"name\":\"Home\",\"item\":\"https:\/\/rotary.fi\/d1420\/\"},{\"@type\":\"ListItem\",\"position\":2,\"name\":\"Mida me teeme\",\"item\":\"https:\/\/rotary.fi\/d1420\/et\/mida-me-teeme\/\"},{\"@type\":\"ListItem\",\"position\":3,\"name\":\"End Polio Now\"}]},{\"@type\":\"WebSite\",\"@id\":\"https:\/\/rotary.fi\/d1420\/#website\",\"url\":\"https:\/\/rotary.fi\/d1420\/\",\"name\":\"Piiri 1420\",\"description\":\"Suomen Rotary\",\"potentialAction\":[{\"@type\":\"SearchAction\",\"target\":{\"@type\":\"EntryPoint\",\"urlTemplate\":\"https:\/\/rotary.fi\/d1420\/?s={search_term_string}\"},\"query-input\":{\"@type\":\"PropertyValueSpecification\",\"valueRequired\":true,\"valueName\":\"search_term_string\"}}],\"inLanguage\":\"fi\"}]}<\/script>\n<!-- \/ Yoast SEO plugin. -->","yoast_head_json":{"title":"End Polio Now - Piiri 1420","robots":{"index":"index","follow":"follow","max-snippet":"max-snippet:-1","max-image-preview":"max-image-preview:large","max-video-preview":"max-video-preview:-1"},"canonical":"https:\/\/rotary.fi\/d1420\/et\/mida-me-teeme\/end-polio-now\/","og_locale":"fi_FI","og_type":"article","og_title":"End Polio Now - Piiri 1420","og_description":"End Polio Now Rotary kampaania poliomu\u0308eliidi k\u00f5rvaldamiseks maailmast algas 1985. aastal. Sel ajal haigestus iga p\u00e4ev umbes 1000 inimest lastehalvatusse, st umbes 350 000 alla 5-aastast last j\u00e4i halvatuks v\u00f5i suri igal aastal poliomu\u0308leliidi t\u00f5ttu. 1980. aastatel esines poliomu\u0308eliiti 125 riigis. Praegu on vaid kolm riiki, kus poliomu\u0308eliiti ei ole k\u00f5rvaldatud: Afganistan, Nigeeria ja Pakistan. [&hellip;]","og_url":"https:\/\/rotary.fi\/d1420\/et\/mida-me-teeme\/end-polio-now\/","og_site_name":"Piiri 1420","article_publisher":"https:\/\/www.facebook.com\/rotary\/","article_modified_time":"2025-03-03T09:51:09+00:00","twitter_card":"summary_large_image","twitter_misc":{"Arvioitu lukuaika":"2 minuuttia"},"schema":{"@context":"https:\/\/schema.org","@graph":[{"@type":"WebPage","@id":"https:\/\/rotary.fi\/d1420\/et\/mida-me-teeme\/end-polio-now\/","url":"https:\/\/rotary.fi\/d1420\/et\/mida-me-teeme\/end-polio-now\/","name":"End Polio Now - Piiri 1420","isPartOf":{"@id":"https:\/\/rotary.fi\/d1420\/#website"},"datePublished":"2019-10-11T10:52:16+00:00","dateModified":"2025-03-03T09:51:09+00:00","breadcrumb":{"@id":"https:\/\/rotary.fi\/d1420\/et\/mida-me-teeme\/end-polio-now\/#breadcrumb"},"inLanguage":"fi","potentialAction":[{"@type":"ReadAction","target":["https:\/\/rotary.fi\/d1420\/et\/mida-me-teeme\/end-polio-now\/"]}]},{"@type":"BreadcrumbList","@id":"https:\/\/rotary.fi\/d1420\/et\/mida-me-teeme\/end-polio-now\/#breadcrumb","itemListElement":[{"@type":"ListItem","position":1,"name":"Home","item":"https:\/\/rotary.fi\/d1420\/"},{"@type":"ListItem","position":2,"name":"Mida me teeme","item":"https:\/\/rotary.fi\/d1420\/et\/mida-me-teeme\/"},{"@type":"ListItem","position":3,"name":"End Polio Now"}]},{"@type":"WebSite","@id":"https:\/\/rotary.fi\/d1420\/#website","url":"https:\/\/rotary.fi\/d1420\/","name":"Piiri 1420","description":"Suomen Rotary","potentialAction":[{"@type":"SearchAction","target":{"@type":"EntryPoint","urlTemplate":"https:\/\/rotary.fi\/d1420\/?s={search_term_string}"},"query-input":{"@type":"PropertyValueSpecification","valueRequired":true,"valueName":"search_term_string"}}],"inLanguage":"fi"}]}},"lang":"et","translations":{"et":3595,"sv":2676,"fi":2154,"en":2932},"pll_sync_post":[],"_links":{"self":[{"href":"https:\/\/rotary.fi\/d1420\/wp-json\/wp\/v2\/pages\/3595","targetHints":{"allow":["GET"]}}],"collection":[{"href":"https:\/\/rotary.fi\/d1420\/wp-json\/wp\/v2\/pages"}],"about":[{"href":"https:\/\/rotary.fi\/d1420\/wp-json\/wp\/v2\/types\/page"}],"author":[{"embeddable":true,"href":"https:\/\/rotary.fi\/d1420\/wp-json\/wp\/v2\/users\/1"}],"replies":[{"embeddable":true,"href":"https:\/\/rotary.fi\/d1420\/wp-json\/wp\/v2\/comments?post=3595"}],"version-history":[{"count":5,"href":"https:\/\/rotary.fi\/d1420\/wp-json\/wp\/v2\/pages\/3595\/revisions"}],"predecessor-version":[{"id":10681,"href":"https:\/\/rotary.fi\/d1420\/wp-json\/wp\/v2\/pages\/3595\/revisions\/10681"}],"up":[{"embeddable":true,"href":"https:\/\/rotary.fi\/d1420\/wp-json\/wp\/v2\/pages\/10658"}],"wp:attachment":[{"href":"https:\/\/rotary.fi\/d1420\/wp-json\/wp\/v2\/media?parent=3595"}],"curies":[{"name":"wp","href":"https:\/\/api.w.org\/{rel}","templated":true}]}}