{"id":3584,"date":"2019-10-11T12:39:19","date_gmt":"2019-10-11T10:39:19","guid":{"rendered":"https:\/\/rotary.fi\/d1420\/?page_id=3584"},"modified":"2025-07-19T09:35:22","modified_gmt":"2025-07-19T07:35:22","slug":"rahvusvahelised-projektid","status":"publish","type":"page","link":"https:\/\/rotary.fi\/d1420\/et\/mida-me-teeme\/rahvusvahelised-projektid\/","title":{"rendered":"Rahvusvahelised projektid"},"content":{"rendered":"<p>[et_pb_section fb_built=&#8221;1&#8243; module_class=&#8221;jumbotron-page&#8221; _builder_version=&#8221;4.16&#8243; background_image=&#8221;http:\/\/rotary.fi\/piirisivusto\/wp-content\/uploads\/sites\/183\/2018\/04\/paakuva_kansainvaliset_projektit_mita_teemme.jpg&#8221; global_colors_info=&#8221;{}&#8221;][et_pb_row module_class=&#8221; et_pb_row_fullwidth&#8221; _builder_version=&#8221;4.16&#8243; width=&#8221;89%&#8221; width_tablet=&#8221;80%&#8221; width_phone=&#8221;&#8221; width_last_edited=&#8221;on|desktop&#8221; max_width=&#8221;89%&#8221; max_width_tablet=&#8221;80%&#8221; max_width_phone=&#8221;&#8221; max_width_last_edited=&#8221;on|desktop&#8221; make_fullwidth=&#8221;on&#8221; global_colors_info=&#8221;{}&#8221;][et_pb_column type=&#8221;4_4&#8243; _builder_version=&#8221;4.16&#8243; custom_padding=&#8221;|||&#8221; global_colors_info=&#8221;{}&#8221; custom_padding__hover=&#8221;|||&#8221;][et_pb_text admin_label=&#8221;Rahvusvahelised projektid&#8221; _builder_version=&#8221;4.16&#8243; text_orientation=&#8221;center&#8221; background_layout=&#8221;dark&#8221; global_colors_info=&#8221;{}&#8221;]<\/p>\n<h1>Rahvusvahelised projektid<\/h1>\n<p>[\/et_pb_text][\/et_pb_column][\/et_pb_row][\/et_pb_section][et_pb_section fb_built=&#8221;1&#8243; module_class=&#8221;sisaltoalue_perus&#8221; _builder_version=&#8221;4.16&#8243; custom_margin=&#8221;||40px|&#8221; global_colors_info=&#8221;{}&#8221;][et_pb_row custom_padding_last_edited=&#8221;on|phone&#8221; _builder_version=&#8221;4.16&#8243; custom_padding_tablet=&#8221;&#8221; custom_padding_phone=&#8221;&#8221; global_colors_info=&#8221;{}&#8221;][et_pb_column type=&#8221;4_4&#8243; _builder_version=&#8221;4.16&#8243; custom_padding=&#8221;|||&#8221; global_colors_info=&#8221;{}&#8221; custom_padding__hover=&#8221;|||&#8221;][et_pb_text admin_label=&#8221;Rahvusvahelised projektid&#8221; _builder_version=&#8221;4.16&#8243; text_orientation=&#8221;center&#8221; global_colors_info=&#8221;{}&#8221;]<\/p>\n<h1>Global Grants<br \/>\n-\u00fclemaailmne m\u00e4rkimisv\u00e4\u00e4rne abi<\/h1>\n<p>[\/et_pb_text][et_pb_text _builder_version=&#8221;4.27.4&#8243; custom_padding=&#8221;||0px|||&#8221; hover_enabled=&#8221;0&#8243; z_index_tablet=&#8221;500&#8243; text_text_shadow_horizontal_length_tablet=&#8221;0px&#8221; text_text_shadow_vertical_length_tablet=&#8221;0px&#8221; text_text_shadow_blur_strength_tablet=&#8221;1px&#8221; link_text_shadow_horizontal_length_tablet=&#8221;0px&#8221; link_text_shadow_vertical_length_tablet=&#8221;0px&#8221; link_text_shadow_blur_strength_tablet=&#8221;1px&#8221; ul_text_shadow_horizontal_length_tablet=&#8221;0px&#8221; ul_text_shadow_vertical_length_tablet=&#8221;0px&#8221; ul_text_shadow_blur_strength_tablet=&#8221;1px&#8221; ol_text_shadow_horizontal_length_tablet=&#8221;0px&#8221; ol_text_shadow_vertical_length_tablet=&#8221;0px&#8221; ol_text_shadow_blur_strength_tablet=&#8221;1px&#8221; quote_text_shadow_horizontal_length_tablet=&#8221;0px&#8221; quote_text_shadow_vertical_length_tablet=&#8221;0px&#8221; quote_text_shadow_blur_strength_tablet=&#8221;1px&#8221; header_text_shadow_horizontal_length_tablet=&#8221;0px&#8221; header_text_shadow_vertical_length_tablet=&#8221;0px&#8221; header_text_shadow_blur_strength_tablet=&#8221;1px&#8221; header_2_text_shadow_horizontal_length_tablet=&#8221;0px&#8221; header_2_text_shadow_vertical_length_tablet=&#8221;0px&#8221; header_2_text_shadow_blur_strength_tablet=&#8221;1px&#8221; header_3_text_shadow_horizontal_length_tablet=&#8221;0px&#8221; header_3_text_shadow_vertical_length_tablet=&#8221;0px&#8221; header_3_text_shadow_blur_strength_tablet=&#8221;1px&#8221; header_4_text_shadow_horizontal_length_tablet=&#8221;0px&#8221; header_4_text_shadow_vertical_length_tablet=&#8221;0px&#8221; header_4_text_shadow_blur_strength_tablet=&#8221;1px&#8221; header_5_text_shadow_horizontal_length_tablet=&#8221;0px&#8221; header_5_text_shadow_vertical_length_tablet=&#8221;0px&#8221; header_5_text_shadow_blur_strength_tablet=&#8221;1px&#8221; header_6_text_shadow_horizontal_length_tablet=&#8221;0px&#8221; header_6_text_shadow_vertical_length_tablet=&#8221;0px&#8221; header_6_text_shadow_blur_strength_tablet=&#8221;1px&#8221; box_shadow_horizontal_tablet=&#8221;0px&#8221; box_shadow_vertical_tablet=&#8221;0px&#8221; box_shadow_blur_tablet=&#8221;40px&#8221; box_shadow_spread_tablet=&#8221;0px&#8221; global_colors_info=&#8221;{}&#8221; sticky_enabled=&#8221;0&#8243;]<\/p>\n<p>Rotary roll on olulisem kui kunagi varem ja v\u00f5imalused teha head on m\u00e4rkimisv\u00e4\u00e4rsed. Rotary Fond toetab rahvusvahelisi projekte muuhulgas Global Grant -abirahadega, millega toetatakse laiahaardelisi humanitaarprojekte, kutse\u00f5ppemeeskondi ja stipendiume. K\u00f5ikidel peavad olema j\u00e4tkusuutlikud ja m\u00f5\u00f5detavad m\u00f5jud \u00fchel v\u00f5i enamal Rotary Fondi p\u00f5hiteemadel. Klubide abirahasid toetatakse Rotary Fondi ja piirkondade DDF-ressurssidest.<\/p>\n<p>Rotary Fondi p\u00f5hiteemad on:<\/p>\n<ol>\n<li>T\u00f6\u00f6 rahu nimel, konfliktide ennetamine ja lepitamine<\/li>\n<li>Haiguste ennetamine ja ravi<\/li>\n<li>Vesi ja sanitaartingimused<\/li>\n<li>Ema ja lapse tervishoid<\/li>\n<li>P\u00f5hiharidus, lugemis- ja kirjutamisoskus<\/li>\n<li>Majanduslik ja \u00fchiskondlik areng<\/li>\n<\/ol>\n<p>Global Grant -abirahade eelarve peab olema v\u00e4hemalt 30 000 USD. Iga Global Grant -abiraha sponsoriks peab olema kaks klubi v\u00f5i piirkonda: partner sellest riigist, kus aktiviteet l\u00e4bi viiakse ja rahvusvaheline partner v\u00e4ljastpoolt. Global Grant -abirahadega otsib Rotary varasemast suuremaid projekte, millel on kestev m\u00f5ju ja p\u00fcsivad tulemused. Ka t\u00f6\u00f6 lastehalvatuse likvideerimiseks maailmast on \u00fcks Rotary rahvusvahelistest projektidest.<\/p>\n<p>Global Grant -abirahad on maailmas ainulaadsed: vaevalt m\u00f5ni teine organisatsioon peale Rotary suudab sarnase t\u00e4psusega suunata abi otse abivajajateni. Rotary klubi liikmed, \u00fcksk\u00f5ik millises riigis leiavad abivajava kogukonna, taotlevad Rotary Fondilt abirahasid ning algatavad projekti. Rotary klubi ja piirkonnad \u00fcle maailma v\u00f5ivad oma \u00f5la alla panna. Global Grant -abirahade kasutamist j\u00e4lgib kogu projekti v\u00e4ltel Rotary Fond. Projekti edenedes j\u00f5uavad plaanip\u00e4raselt kogutud rahad kohaliku Rotary piirkonna kaudu abivajajani.<\/p>\n<p>Tutvu Pasila Rotary klubi Global Grant \u2013 projektiga Martti Ahtisaari koolis Namiibias, <a href=\"https:\/\/rotary.fi\/pasila\/koulutus-kannattaa-aina-rotaryhanke-namibiassa-2018-2021\/\">siin.<\/a><\/p>\n<p>Kontakt: Piirkonna 1420 Rotary Fondi komitee esimees<\/p>\n<p><strong>Irmeli Viherluoto-Lindstr\u00f6m<\/strong>, Munkkiniemi-Munksn\u00e4s<br \/>E-mail: irmelivlindstrom@icloud.com<\/p>\n<p>[\/et_pb_text][\/et_pb_column][\/et_pb_row][\/et_pb_section]<\/p>\n","protected":false},"excerpt":{"rendered":"<p>Rahvusvahelised projektid Global Grants -\u00fclemaailmne m\u00e4rkimisv\u00e4\u00e4rne abi Rotary roll on olulisem kui kunagi varem ja v\u00f5imalused teha head on m\u00e4rkimisv\u00e4\u00e4rsed. Rotary Fond toetab rahvusvahelisi projekte muuhulgas Global Grant -abirahadega, millega toetatakse laiahaardelisi humanitaarprojekte, kutse\u00f5ppemeeskondi ja stipendiume. K\u00f5ikidel peavad olema j\u00e4tkusuutlikud ja m\u00f5\u00f5detavad m\u00f5jud \u00fchel v\u00f5i enamal Rotary Fondi p\u00f5hiteemadel. Klubide abirahasid toetatakse Rotary Fondi ja [&hellip;]<\/p>\n","protected":false},"author":1,"featured_media":0,"parent":10658,"menu_order":4,"comment_status":"closed","ping_status":"closed","template":"","meta":{"_acf_changed":false,"_et_pb_use_builder":"on","_et_pb_old_content":"","_et_gb_content_width":"","footnotes":""},"class_list":["post-3584","page","type-page","status-publish","hentry"],"acf":[],"yoast_head":"<!-- This site is optimized with the Yoast SEO plugin v27.4 - https:\/\/yoast.com\/product\/yoast-seo-wordpress\/ -->\n<title>Rahvusvahelised projektid - Piiri 1420<\/title>\n<meta name=\"robots\" content=\"index, follow, max-snippet:-1, max-image-preview:large, max-video-preview:-1\" \/>\n<link rel=\"canonical\" href=\"https:\/\/rotary.fi\/d1420\/et\/mida-me-teeme\/rahvusvahelised-projektid\/\" \/>\n<meta property=\"og:locale\" content=\"fi_FI\" \/>\n<meta property=\"og:type\" content=\"article\" \/>\n<meta property=\"og:title\" content=\"Rahvusvahelised projektid - Piiri 1420\" \/>\n<meta property=\"og:description\" content=\"Rahvusvahelised projektid Global Grants -\u00fclemaailmne m\u00e4rkimisv\u00e4\u00e4rne abi Rotary roll on olulisem kui kunagi varem ja v\u00f5imalused teha head on m\u00e4rkimisv\u00e4\u00e4rsed. Rotary Fond toetab rahvusvahelisi projekte muuhulgas Global Grant -abirahadega, millega toetatakse laiahaardelisi humanitaarprojekte, kutse\u00f5ppemeeskondi ja stipendiume. K\u00f5ikidel peavad olema j\u00e4tkusuutlikud ja m\u00f5\u00f5detavad m\u00f5jud \u00fchel v\u00f5i enamal Rotary Fondi p\u00f5hiteemadel. Klubide abirahasid toetatakse Rotary Fondi ja [&hellip;]\" \/>\n<meta property=\"og:url\" content=\"https:\/\/rotary.fi\/d1420\/et\/mida-me-teeme\/rahvusvahelised-projektid\/\" \/>\n<meta property=\"og:site_name\" content=\"Piiri 1420\" \/>\n<meta property=\"article:publisher\" content=\"https:\/\/www.facebook.com\/rotary\/\" \/>\n<meta property=\"article:modified_time\" content=\"2025-07-19T07:35:22+00:00\" \/>\n<meta name=\"twitter:card\" content=\"summary_large_image\" \/>\n<meta name=\"twitter:label1\" content=\"Arvioitu lukuaika\" \/>\n\t<meta name=\"twitter:data1\" content=\"2 minuuttia\" \/>\n<script type=\"application\/ld+json\" class=\"yoast-schema-graph\">{\"@context\":\"https:\\\/\\\/schema.org\",\"@graph\":[{\"@type\":\"WebPage\",\"@id\":\"https:\\\/\\\/rotary.fi\\\/d1420\\\/et\\\/mida-me-teeme\\\/rahvusvahelised-projektid\\\/\",\"url\":\"https:\\\/\\\/rotary.fi\\\/d1420\\\/et\\\/mida-me-teeme\\\/rahvusvahelised-projektid\\\/\",\"name\":\"Rahvusvahelised projektid - Piiri 1420\",\"isPartOf\":{\"@id\":\"https:\\\/\\\/rotary.fi\\\/d1420\\\/#website\"},\"datePublished\":\"2019-10-11T10:39:19+00:00\",\"dateModified\":\"2025-07-19T07:35:22+00:00\",\"breadcrumb\":{\"@id\":\"https:\\\/\\\/rotary.fi\\\/d1420\\\/et\\\/mida-me-teeme\\\/rahvusvahelised-projektid\\\/#breadcrumb\"},\"inLanguage\":\"fi\",\"potentialAction\":[{\"@type\":\"ReadAction\",\"target\":[\"https:\\\/\\\/rotary.fi\\\/d1420\\\/et\\\/mida-me-teeme\\\/rahvusvahelised-projektid\\\/\"]}]},{\"@type\":\"BreadcrumbList\",\"@id\":\"https:\\\/\\\/rotary.fi\\\/d1420\\\/et\\\/mida-me-teeme\\\/rahvusvahelised-projektid\\\/#breadcrumb\",\"itemListElement\":[{\"@type\":\"ListItem\",\"position\":1,\"name\":\"Home\",\"item\":\"https:\\\/\\\/rotary.fi\\\/d1420\\\/\"},{\"@type\":\"ListItem\",\"position\":2,\"name\":\"Mida me teeme\",\"item\":\"https:\\\/\\\/rotary.fi\\\/d1420\\\/et\\\/mida-me-teeme\\\/\"},{\"@type\":\"ListItem\",\"position\":3,\"name\":\"Rahvusvahelised projektid\"}]},{\"@type\":\"WebSite\",\"@id\":\"https:\\\/\\\/rotary.fi\\\/d1420\\\/#website\",\"url\":\"https:\\\/\\\/rotary.fi\\\/d1420\\\/\",\"name\":\"Piiri 1420\",\"description\":\"Suomen Rotary\",\"potentialAction\":[{\"@type\":\"SearchAction\",\"target\":{\"@type\":\"EntryPoint\",\"urlTemplate\":\"https:\\\/\\\/rotary.fi\\\/d1420\\\/?s={search_term_string}\"},\"query-input\":{\"@type\":\"PropertyValueSpecification\",\"valueRequired\":true,\"valueName\":\"search_term_string\"}}],\"inLanguage\":\"fi\"}]}<\/script>\n<!-- \/ Yoast SEO plugin. -->","yoast_head_json":{"title":"Rahvusvahelised projektid - Piiri 1420","robots":{"index":"index","follow":"follow","max-snippet":"max-snippet:-1","max-image-preview":"max-image-preview:large","max-video-preview":"max-video-preview:-1"},"canonical":"https:\/\/rotary.fi\/d1420\/et\/mida-me-teeme\/rahvusvahelised-projektid\/","og_locale":"fi_FI","og_type":"article","og_title":"Rahvusvahelised projektid - Piiri 1420","og_description":"Rahvusvahelised projektid Global Grants -\u00fclemaailmne m\u00e4rkimisv\u00e4\u00e4rne abi Rotary roll on olulisem kui kunagi varem ja v\u00f5imalused teha head on m\u00e4rkimisv\u00e4\u00e4rsed. Rotary Fond toetab rahvusvahelisi projekte muuhulgas Global Grant -abirahadega, millega toetatakse laiahaardelisi humanitaarprojekte, kutse\u00f5ppemeeskondi ja stipendiume. K\u00f5ikidel peavad olema j\u00e4tkusuutlikud ja m\u00f5\u00f5detavad m\u00f5jud \u00fchel v\u00f5i enamal Rotary Fondi p\u00f5hiteemadel. Klubide abirahasid toetatakse Rotary Fondi ja [&hellip;]","og_url":"https:\/\/rotary.fi\/d1420\/et\/mida-me-teeme\/rahvusvahelised-projektid\/","og_site_name":"Piiri 1420","article_publisher":"https:\/\/www.facebook.com\/rotary\/","article_modified_time":"2025-07-19T07:35:22+00:00","twitter_card":"summary_large_image","twitter_misc":{"Arvioitu lukuaika":"2 minuuttia"},"schema":{"@context":"https:\/\/schema.org","@graph":[{"@type":"WebPage","@id":"https:\/\/rotary.fi\/d1420\/et\/mida-me-teeme\/rahvusvahelised-projektid\/","url":"https:\/\/rotary.fi\/d1420\/et\/mida-me-teeme\/rahvusvahelised-projektid\/","name":"Rahvusvahelised projektid - Piiri 1420","isPartOf":{"@id":"https:\/\/rotary.fi\/d1420\/#website"},"datePublished":"2019-10-11T10:39:19+00:00","dateModified":"2025-07-19T07:35:22+00:00","breadcrumb":{"@id":"https:\/\/rotary.fi\/d1420\/et\/mida-me-teeme\/rahvusvahelised-projektid\/#breadcrumb"},"inLanguage":"fi","potentialAction":[{"@type":"ReadAction","target":["https:\/\/rotary.fi\/d1420\/et\/mida-me-teeme\/rahvusvahelised-projektid\/"]}]},{"@type":"BreadcrumbList","@id":"https:\/\/rotary.fi\/d1420\/et\/mida-me-teeme\/rahvusvahelised-projektid\/#breadcrumb","itemListElement":[{"@type":"ListItem","position":1,"name":"Home","item":"https:\/\/rotary.fi\/d1420\/"},{"@type":"ListItem","position":2,"name":"Mida me teeme","item":"https:\/\/rotary.fi\/d1420\/et\/mida-me-teeme\/"},{"@type":"ListItem","position":3,"name":"Rahvusvahelised projektid"}]},{"@type":"WebSite","@id":"https:\/\/rotary.fi\/d1420\/#website","url":"https:\/\/rotary.fi\/d1420\/","name":"Piiri 1420","description":"Suomen Rotary","potentialAction":[{"@type":"SearchAction","target":{"@type":"EntryPoint","urlTemplate":"https:\/\/rotary.fi\/d1420\/?s={search_term_string}"},"query-input":{"@type":"PropertyValueSpecification","valueRequired":true,"valueName":"search_term_string"}}],"inLanguage":"fi"}]}},"lang":"et","translations":{"et":3584,"fi":489,"sv":2671,"en":2927},"pll_sync_post":[],"_links":{"self":[{"href":"https:\/\/rotary.fi\/d1420\/wp-json\/wp\/v2\/pages\/3584","targetHints":{"allow":["GET"]}}],"collection":[{"href":"https:\/\/rotary.fi\/d1420\/wp-json\/wp\/v2\/pages"}],"about":[{"href":"https:\/\/rotary.fi\/d1420\/wp-json\/wp\/v2\/types\/page"}],"author":[{"embeddable":true,"href":"https:\/\/rotary.fi\/d1420\/wp-json\/wp\/v2\/users\/1"}],"replies":[{"embeddable":true,"href":"https:\/\/rotary.fi\/d1420\/wp-json\/wp\/v2\/comments?post=3584"}],"version-history":[{"count":9,"href":"https:\/\/rotary.fi\/d1420\/wp-json\/wp\/v2\/pages\/3584\/revisions"}],"predecessor-version":[{"id":11561,"href":"https:\/\/rotary.fi\/d1420\/wp-json\/wp\/v2\/pages\/3584\/revisions\/11561"}],"up":[{"embeddable":true,"href":"https:\/\/rotary.fi\/d1420\/wp-json\/wp\/v2\/pages\/10658"}],"wp:attachment":[{"href":"https:\/\/rotary.fi\/d1420\/wp-json\/wp\/v2\/media?parent=3584"}],"curies":[{"name":"wp","href":"https:\/\/api.w.org\/{rel}","templated":true}]}}