{"id":3560,"date":"2019-10-10T14:49:33","date_gmt":"2019-10-10T12:49:33","guid":{"rendered":"https:\/\/rotary.fi\/d1420\/?page_id=3560"},"modified":"2025-03-03T11:42:36","modified_gmt":"2025-03-03T09:42:36","slug":"kohalikud-projektid","status":"publish","type":"page","link":"https:\/\/rotary.fi\/d1420\/et\/mida-me-teeme\/kohalikud-projektid\/","title":{"rendered":"Kohalikud projektid"},"content":{"rendered":"<p>[et_pb_section fb_built=&#8221;1&#8243; module_class=&#8221;jumbotron-page&#8221; _builder_version=&#8221;4.16&#8243; background_image=&#8221;http:\/\/rotary.fi\/piirisivusto\/wp-content\/uploads\/sites\/183\/2018\/04\/paakuva_paikalliset_projektit.jpg&#8221; global_colors_info=&#8221;{}&#8221;][et_pb_row module_class=&#8221; et_pb_row_fullwidth&#8221; _builder_version=&#8221;4.16&#8243; width=&#8221;89%&#8221; width_tablet=&#8221;80%&#8221; width_phone=&#8221;&#8221; width_last_edited=&#8221;on|desktop&#8221; max_width=&#8221;89%&#8221; max_width_tablet=&#8221;80%&#8221; max_width_phone=&#8221;&#8221; max_width_last_edited=&#8221;on|desktop&#8221; make_fullwidth=&#8221;on&#8221; global_colors_info=&#8221;{}&#8221;][et_pb_column type=&#8221;4_4&#8243; _builder_version=&#8221;4.16&#8243; custom_padding=&#8221;|||&#8221; global_colors_info=&#8221;{}&#8221; custom_padding__hover=&#8221;|||&#8221;][et_pb_text admin_label=&#8221;Kohalikud projektid&#8221; _builder_version=&#8221;4.16&#8243; text_orientation=&#8221;center&#8221; background_layout=&#8221;dark&#8221; global_colors_info=&#8221;{}&#8221;]<\/p>\n<h1>Kohalikud projektid<\/h1>\n<p>[\/et_pb_text][\/et_pb_column][\/et_pb_row][\/et_pb_section][et_pb_section fb_built=&#8221;1&#8243; module_class=&#8221;sisaltoalue_perus&#8221; _builder_version=&#8221;4.16&#8243; custom_margin=&#8221;||40px|&#8221; global_colors_info=&#8221;{}&#8221;][et_pb_row custom_padding_last_edited=&#8221;on|phone&#8221; _builder_version=&#8221;4.16&#8243; custom_padding_tablet=&#8221;&#8221; custom_padding_phone=&#8221;&#8221; global_colors_info=&#8221;{}&#8221;][et_pb_column type=&#8221;4_4&#8243; _builder_version=&#8221;4.16&#8243; custom_padding=&#8221;|||&#8221; global_colors_info=&#8221;{}&#8221; custom_padding__hover=&#8221;|||&#8221;][et_pb_text admin_label=&#8221;Service above self \u2013 \u00dchiskonna teenimine k\u00f5rgemale isiklikest huvidest&#8221; _builder_version=&#8221;4.16&#8243; text_orientation=&#8221;center&#8221; global_colors_info=&#8221;{}&#8221;]<\/p>\n<h1>Service above self \u2013 \u00dchiskonna teenimine k\u00f5rgemale isiklikest huvidest<\/h1>\n<p>[\/et_pb_text][et_pb_text _builder_version=&#8221;4.16&#8243; global_colors_info=&#8221;{}&#8221;]<\/p>\n<p>Erineva taustaga Rotary klubide liikmed toovad oma teadmised ja vaated klubi tegevusse. Klubi liikmetel on oma kogukonna vajaduste jaoks kontaktpind ja nad saavad oma teadmistega oma kogukonna vajadused n\u00e4htavaks teha. Piirkonna 1390 klubides on teostatud erinevaid kohalikke projekte. Klubid tugevdavad koost\u00f6\u00f6d ka teiste Rotary klubide, organisatsioonide ja teiste kogukonnas tegutsejate ja partneritega.<\/p>\n<p>Klubide tegevuse n\u00e4htavus avalikkusele suurendab Rotary klubide tuntust ja tugevdab sarnaselt m\u00f5tlevate inimeste valmisolekut tulla osalema klubitegevuses.<\/p>\n<p>Meie piirkonna klubide teostatud teenindusprojekte esitletakse kodulehtele ja sotsiaalmeediale lisaks ka igal aastal piirkonnakonverentsi raames. 2018. aasta kevade piirkonnakonverentsi projektiturul tutvustati u\u0308le 20 klubi ja nende projekti. \u00dchiskonnateenuste projektidega ja projektide teadvustamisega tehakse samas ka rotaritegevust laiemale u\u0308ldsusele tuttavamaks. Klubide projekte esitatakse uuesti kevadisel piirkonnakonverentsil.<\/p>\n<p>[\/et_pb_text][\/et_pb_column][\/et_pb_row][\/et_pb_section]<\/p>\n","protected":false},"excerpt":{"rendered":"<p>Kohalikud projektidService above self \u2013 \u00dchiskonna teenimine k\u00f5rgemale isiklikest huvidestErineva taustaga Rotary klubide liikmed toovad oma teadmised ja vaated klubi tegevusse. Klubi liikmetel on oma kogukonna vajaduste jaoks kontaktpind ja nad saavad oma teadmistega oma kogukonna vajadused n\u00e4htavaks teha. Piirkonna 1390 klubides on teostatud erinevaid kohalikke projekte. Klubid tugevdavad koost\u00f6\u00f6d ka teiste Rotary klubide, organisatsioonide [&hellip;]<\/p>\n","protected":false},"author":1,"featured_media":0,"parent":10658,"menu_order":3,"comment_status":"closed","ping_status":"closed","template":"","meta":{"_acf_changed":false,"_et_pb_use_builder":"on","_et_pb_old_content":"","_et_gb_content_width":"","footnotes":""},"class_list":["post-3560","page","type-page","status-publish","hentry"],"acf":[],"yoast_head":"<!-- This site is optimized with the Yoast SEO plugin v27.4 - https:\/\/yoast.com\/product\/yoast-seo-wordpress\/ -->\n<title>Kohalikud projektid - Piiri 1420<\/title>\n<meta name=\"robots\" content=\"index, follow, max-snippet:-1, max-image-preview:large, max-video-preview:-1\" \/>\n<link rel=\"canonical\" href=\"https:\/\/rotary.fi\/d1420\/et\/mida-me-teeme\/kohalikud-projektid\/\" \/>\n<meta property=\"og:locale\" content=\"fi_FI\" \/>\n<meta property=\"og:type\" content=\"article\" \/>\n<meta property=\"og:title\" content=\"Kohalikud projektid - Piiri 1420\" \/>\n<meta property=\"og:description\" content=\"Kohalikud projektidService above self \u2013 \u00dchiskonna teenimine k\u00f5rgemale isiklikest huvidestErineva taustaga Rotary klubide liikmed toovad oma teadmised ja vaated klubi tegevusse. Klubi liikmetel on oma kogukonna vajaduste jaoks kontaktpind ja nad saavad oma teadmistega oma kogukonna vajadused n\u00e4htavaks teha. Piirkonna 1390 klubides on teostatud erinevaid kohalikke projekte. Klubid tugevdavad koost\u00f6\u00f6d ka teiste Rotary klubide, organisatsioonide [&hellip;]\" \/>\n<meta property=\"og:url\" content=\"https:\/\/rotary.fi\/d1420\/et\/mida-me-teeme\/kohalikud-projektid\/\" \/>\n<meta property=\"og:site_name\" content=\"Piiri 1420\" \/>\n<meta property=\"article:publisher\" content=\"https:\/\/www.facebook.com\/rotary\/\" \/>\n<meta property=\"article:modified_time\" content=\"2025-03-03T09:42:36+00:00\" \/>\n<meta name=\"twitter:card\" content=\"summary_large_image\" \/>\n<meta name=\"twitter:label1\" content=\"Arvioitu lukuaika\" \/>\n\t<meta name=\"twitter:data1\" content=\"1 minuutti\" \/>\n<script type=\"application\/ld+json\" class=\"yoast-schema-graph\">{\"@context\":\"https:\\\/\\\/schema.org\",\"@graph\":[{\"@type\":\"WebPage\",\"@id\":\"https:\\\/\\\/rotary.fi\\\/d1420\\\/et\\\/mida-me-teeme\\\/kohalikud-projektid\\\/\",\"url\":\"https:\\\/\\\/rotary.fi\\\/d1420\\\/et\\\/mida-me-teeme\\\/kohalikud-projektid\\\/\",\"name\":\"Kohalikud projektid - Piiri 1420\",\"isPartOf\":{\"@id\":\"https:\\\/\\\/rotary.fi\\\/d1420\\\/#website\"},\"datePublished\":\"2019-10-10T12:49:33+00:00\",\"dateModified\":\"2025-03-03T09:42:36+00:00\",\"breadcrumb\":{\"@id\":\"https:\\\/\\\/rotary.fi\\\/d1420\\\/et\\\/mida-me-teeme\\\/kohalikud-projektid\\\/#breadcrumb\"},\"inLanguage\":\"fi\",\"potentialAction\":[{\"@type\":\"ReadAction\",\"target\":[\"https:\\\/\\\/rotary.fi\\\/d1420\\\/et\\\/mida-me-teeme\\\/kohalikud-projektid\\\/\"]}]},{\"@type\":\"BreadcrumbList\",\"@id\":\"https:\\\/\\\/rotary.fi\\\/d1420\\\/et\\\/mida-me-teeme\\\/kohalikud-projektid\\\/#breadcrumb\",\"itemListElement\":[{\"@type\":\"ListItem\",\"position\":1,\"name\":\"Home\",\"item\":\"https:\\\/\\\/rotary.fi\\\/d1420\\\/\"},{\"@type\":\"ListItem\",\"position\":2,\"name\":\"Mida me teeme\",\"item\":\"https:\\\/\\\/rotary.fi\\\/d1420\\\/et\\\/mida-me-teeme\\\/\"},{\"@type\":\"ListItem\",\"position\":3,\"name\":\"Kohalikud projektid\"}]},{\"@type\":\"WebSite\",\"@id\":\"https:\\\/\\\/rotary.fi\\\/d1420\\\/#website\",\"url\":\"https:\\\/\\\/rotary.fi\\\/d1420\\\/\",\"name\":\"Piiri 1420\",\"description\":\"Suomen Rotary\",\"potentialAction\":[{\"@type\":\"SearchAction\",\"target\":{\"@type\":\"EntryPoint\",\"urlTemplate\":\"https:\\\/\\\/rotary.fi\\\/d1420\\\/?s={search_term_string}\"},\"query-input\":{\"@type\":\"PropertyValueSpecification\",\"valueRequired\":true,\"valueName\":\"search_term_string\"}}],\"inLanguage\":\"fi\"}]}<\/script>\n<!-- \/ Yoast SEO plugin. -->","yoast_head_json":{"title":"Kohalikud projektid - Piiri 1420","robots":{"index":"index","follow":"follow","max-snippet":"max-snippet:-1","max-image-preview":"max-image-preview:large","max-video-preview":"max-video-preview:-1"},"canonical":"https:\/\/rotary.fi\/d1420\/et\/mida-me-teeme\/kohalikud-projektid\/","og_locale":"fi_FI","og_type":"article","og_title":"Kohalikud projektid - Piiri 1420","og_description":"Kohalikud projektidService above self \u2013 \u00dchiskonna teenimine k\u00f5rgemale isiklikest huvidestErineva taustaga Rotary klubide liikmed toovad oma teadmised ja vaated klubi tegevusse. Klubi liikmetel on oma kogukonna vajaduste jaoks kontaktpind ja nad saavad oma teadmistega oma kogukonna vajadused n\u00e4htavaks teha. Piirkonna 1390 klubides on teostatud erinevaid kohalikke projekte. Klubid tugevdavad koost\u00f6\u00f6d ka teiste Rotary klubide, organisatsioonide [&hellip;]","og_url":"https:\/\/rotary.fi\/d1420\/et\/mida-me-teeme\/kohalikud-projektid\/","og_site_name":"Piiri 1420","article_publisher":"https:\/\/www.facebook.com\/rotary\/","article_modified_time":"2025-03-03T09:42:36+00:00","twitter_card":"summary_large_image","twitter_misc":{"Arvioitu lukuaika":"1 minuutti"},"schema":{"@context":"https:\/\/schema.org","@graph":[{"@type":"WebPage","@id":"https:\/\/rotary.fi\/d1420\/et\/mida-me-teeme\/kohalikud-projektid\/","url":"https:\/\/rotary.fi\/d1420\/et\/mida-me-teeme\/kohalikud-projektid\/","name":"Kohalikud projektid - Piiri 1420","isPartOf":{"@id":"https:\/\/rotary.fi\/d1420\/#website"},"datePublished":"2019-10-10T12:49:33+00:00","dateModified":"2025-03-03T09:42:36+00:00","breadcrumb":{"@id":"https:\/\/rotary.fi\/d1420\/et\/mida-me-teeme\/kohalikud-projektid\/#breadcrumb"},"inLanguage":"fi","potentialAction":[{"@type":"ReadAction","target":["https:\/\/rotary.fi\/d1420\/et\/mida-me-teeme\/kohalikud-projektid\/"]}]},{"@type":"BreadcrumbList","@id":"https:\/\/rotary.fi\/d1420\/et\/mida-me-teeme\/kohalikud-projektid\/#breadcrumb","itemListElement":[{"@type":"ListItem","position":1,"name":"Home","item":"https:\/\/rotary.fi\/d1420\/"},{"@type":"ListItem","position":2,"name":"Mida me teeme","item":"https:\/\/rotary.fi\/d1420\/et\/mida-me-teeme\/"},{"@type":"ListItem","position":3,"name":"Kohalikud projektid"}]},{"@type":"WebSite","@id":"https:\/\/rotary.fi\/d1420\/#website","url":"https:\/\/rotary.fi\/d1420\/","name":"Piiri 1420","description":"Suomen Rotary","potentialAction":[{"@type":"SearchAction","target":{"@type":"EntryPoint","urlTemplate":"https:\/\/rotary.fi\/d1420\/?s={search_term_string}"},"query-input":{"@type":"PropertyValueSpecification","valueRequired":true,"valueName":"search_term_string"}}],"inLanguage":"fi"}]}},"lang":"et","translations":{"et":3560,"sv":2667,"fi":1335,"en":2923},"pll_sync_post":[],"_links":{"self":[{"href":"https:\/\/rotary.fi\/d1420\/wp-json\/wp\/v2\/pages\/3560","targetHints":{"allow":["GET"]}}],"collection":[{"href":"https:\/\/rotary.fi\/d1420\/wp-json\/wp\/v2\/pages"}],"about":[{"href":"https:\/\/rotary.fi\/d1420\/wp-json\/wp\/v2\/types\/page"}],"author":[{"embeddable":true,"href":"https:\/\/rotary.fi\/d1420\/wp-json\/wp\/v2\/users\/1"}],"replies":[{"embeddable":true,"href":"https:\/\/rotary.fi\/d1420\/wp-json\/wp\/v2\/comments?post=3560"}],"version-history":[{"count":4,"href":"https:\/\/rotary.fi\/d1420\/wp-json\/wp\/v2\/pages\/3560\/revisions"}],"predecessor-version":[{"id":10678,"href":"https:\/\/rotary.fi\/d1420\/wp-json\/wp\/v2\/pages\/3560\/revisions\/10678"}],"up":[{"embeddable":true,"href":"https:\/\/rotary.fi\/d1420\/wp-json\/wp\/v2\/pages\/10658"}],"wp:attachment":[{"href":"https:\/\/rotary.fi\/d1420\/wp-json\/wp\/v2\/media?parent=3560"}],"curies":[{"name":"wp","href":"https:\/\/api.w.org\/{rel}","templated":true}]}}