{"id":3533,"date":"2019-10-10T14:33:42","date_gmt":"2019-10-10T12:33:42","guid":{"rendered":"https:\/\/rotary.fi\/d1420\/?page_id=3533"},"modified":"2025-07-08T10:33:25","modified_gmt":"2025-07-08T08:33:25","slug":"oleme-osa-rahvusvahelisest-rotaryst","status":"publish","type":"page","link":"https:\/\/rotary.fi\/d1420\/et\/rotarypiirkonna-1420\/oleme-osa-rahvusvahelisest-rotaryst\/","title":{"rendered":"Oleme osa rahvusvahelisest Rotaryst"},"content":{"rendered":"<p>[et_pb_section fb_built=&#8221;1&#8243; module_class=&#8221;jumbotron-page&#8221; _builder_version=&#8221;4.16&#8243; background_image=&#8221;https:\/\/rotary.fi\/piirisivusto\/wp-content\/uploads\/sites\/183\/2018\/04\/paakuva_liity_mukaan.jpg&#8221; global_colors_info=&#8221;{}&#8221;][et_pb_row module_class=&#8221; et_pb_row_fullwidth&#8221; _builder_version=&#8221;4.16&#8243; width=&#8221;89%&#8221; width_tablet=&#8221;80%&#8221; width_phone=&#8221;&#8221; width_last_edited=&#8221;on|desktop&#8221; max_width=&#8221;89%&#8221; max_width_tablet=&#8221;80%&#8221; max_width_phone=&#8221;&#8221; max_width_last_edited=&#8221;on|desktop&#8221; make_fullwidth=&#8221;on&#8221; global_colors_info=&#8221;{}&#8221;][et_pb_column type=&#8221;4_4&#8243; _builder_version=&#8221;4.16&#8243; custom_padding=&#8221;|||&#8221; global_colors_info=&#8221;{}&#8221; custom_padding__hover=&#8221;|||&#8221;][et_pb_text admin_label=&#8221;Oleme osa rahvusvahelisest Rotaryst&#8221; _builder_version=&#8221;4.16&#8243; text_orientation=&#8221;center&#8221; background_layout=&#8221;dark&#8221; locked=&#8221;off&#8221; collapsed=&#8221;off&#8221; global_colors_info=&#8221;{}&#8221;]<\/p>\n<h1>Oleme osa rahvusvahelisest Rotaryst<\/h1>\n<p>[\/et_pb_text][\/et_pb_column][\/et_pb_row][\/et_pb_section][et_pb_section fb_built=&#8221;1&#8243; module_class=&#8221;sisaltoalue_perus&#8221; _builder_version=&#8221;4.16&#8243; background_size=&#8221;initial&#8221; background_position=&#8221;top_left&#8221; background_repeat=&#8221;repeat&#8221; custom_padding=&#8221;||40px|&#8221; box_shadow_style=&#8221;preset6&#8243; box_shadow_blur=&#8221;5px&#8221; global_colors_info=&#8221;{}&#8221;][et_pb_row column_structure=&#8221;1_2,1_2&#8243; custom_padding_last_edited=&#8221;on|desktop&#8221; _builder_version=&#8221;4.22.1&#8243; custom_padding=&#8221;||40px|&#8221; custom_padding_tablet=&#8221;&#8221; custom_padding_phone=&#8221;&#8221; global_colors_info=&#8221;{}&#8221;][et_pb_column type=&#8221;1_2&#8243; _builder_version=&#8221;4.16&#8243; custom_padding=&#8221;|||&#8221; global_colors_info=&#8221;{}&#8221; custom_padding__hover=&#8221;|||&#8221;][et_pb_text admin_label=&#8221;Rotary International&#8221; _builder_version=&#8221;4.16&#8243; text_orientation=&#8221;center&#8221; global_colors_info=&#8221;{}&#8221;]<\/p>\n<h1>Rotary International<\/h1>\n<p>[\/et_pb_text][et_pb_text _builder_version=&#8221;4.16&#8243; global_colors_info=&#8221;{}&#8221;]<\/p>\n<p>Rotary International toetab ja juhendab rotariaane ja klubisid Rotary eesm\u00e4rkide t\u00e4itmisel. Rotary Internationali k\u00f5rgeim otsuseid tegev organ on aastakoosolek, kuhu igal klubil on \u00f5igus saata ametlik esindaja ja kus igal rotarill on \u00f5igus osaleda. Rotary Internationali esimees on iga-aastaselt vahetuv president.<\/p>\n<p>Rotary Internationali peakorter asub Illinoisis, Evanstonis, Chicago l\u00e4hedal. Peakorteris t\u00f6\u00f6tab peasekret\u00e4ri juhtimisel ligikaudu 530 inimest.<\/p>\n<p>Lisaks on Rotary Internationalil seitse piirkondlikku kontorit u\u0308le maailma. Soome rotareid teenindab Zu\u0308richis asuv Euroopa ja Aafrika bu\u0308roo (EAO).<\/p>\n<p>[\/et_pb_text][et_pb_button _builder_version=&#8221;4.27.4&#8243; _module_preset=&#8221;default&#8221; button_text=&#8221;Rotary International Euroopa ja Aafrika b\u00fcroo&#8221; button_url=&#8221;https:\/\/rotary.fi\/et\/zurichi-buroo\/&#8221; hover_enabled=&#8221;0&#8243; sticky_enabled=&#8221;0&#8243; admin_label=&#8221;Button &#8211; Europe \/Africa buroo&#8221;][\/et_pb_button][et_pb_button button_url=&#8221;https:\/\/www.rotary.org\/en&#8221; url_new_window=&#8221;on&#8221; button_text=&#8221;ROTARY INTERNATIONALI LEHELE&#8221; _builder_version=&#8221;4.16&#8243; global_colors_info=&#8221;{}&#8221; admin_label=&#8221;Button &#8211; RI&#8221;][\/et_pb_button][\/et_pb_column][et_pb_column type=&#8221;1_2&#8243; _builder_version=&#8221;4.16&#8243; custom_padding=&#8221;|||&#8221; global_colors_info=&#8221;{}&#8221; custom_padding__hover=&#8221;|||&#8221;][et_pb_text admin_label=&#8221;Rotary Sihtasutus&#8221; _builder_version=&#8221;4.16&#8243; text_orientation=&#8221;center&#8221; global_colors_info=&#8221;{}&#8221;]<\/p>\n<h1>Rotary Sihtasutus<\/h1>\n<p>[\/et_pb_text][et_pb_text _builder_version=&#8221;4.16&#8243; global_colors_info=&#8221;{}&#8221;]<\/p>\n<p>Rotary Sihtasutus on u\u0308ks maailma suurimaid erasektori heategevusorganisatsioone. Sihtasutus on osalejate seas l\u00e4bipaistvuse ja usaldusv\u00e4\u00e4rsuse v\u00f5rdluses esikohal.<\/p>\n<p>Rotary Sihtasutus koordineerib ja rahastab Rotary u\u0308lemaailmset tegevust. Sihtasutuse t\u00f6\u00f6 p\u00f5hineb vabatahtlikel annetustel ja kapitali tootlusel, mis suunatakse koolitusprojektidesse ja humanitaarabisse.<\/p>\n<p>Oluline stiimul on Paul Harris Fellow&#8217;i auhind. Sihtasutus annab selle iga u\u0308le tuhande dollarise annetuse eest. Rotary asutaja Paul Harrise nime kandvaid PHF tunnustusi on u\u0308lemaailmselt antud u\u0308le miljoni korra.<\/p>\n<p>[\/et_pb_text][et_pb_button button_url=&#8221;https:\/\/www.rotary.org\/en\/about-rotary\/rotary-foundation&#8221; url_new_window=&#8221;on&#8221; button_text=&#8221;RAHVUSVAHELISELE ROTARY SIHTASUTUSE LEHELE&#8221; _builder_version=&#8221;4.16&#8243; global_colors_info=&#8221;{}&#8221; admin_label=&#8221;Button &#8211; foundation&#8221;][\/et_pb_button][\/et_pb_column][\/et_pb_row][\/et_pb_section]<\/p>\n","protected":false},"excerpt":{"rendered":"<p>Oleme osa rahvusvahelisest RotarystRotary International Rotary International toetab ja juhendab rotariaane ja klubisid Rotary eesm\u00e4rkide t\u00e4itmisel. Rotary Internationali k\u00f5rgeim otsuseid tegev organ on aastakoosolek, kuhu igal klubil on \u00f5igus saata ametlik esindaja ja kus igal rotarill on \u00f5igus osaleda. Rotary Internationali esimees on iga-aastaselt vahetuv president. Rotary Internationali peakorter asub Illinoisis, Evanstonis, Chicago l\u00e4hedal. Peakorteris [&hellip;]<\/p>\n","protected":false},"author":1,"featured_media":0,"parent":9995,"menu_order":6,"comment_status":"closed","ping_status":"closed","template":"","meta":{"_acf_changed":false,"_et_pb_use_builder":"on","_et_pb_old_content":"","_et_gb_content_width":"","footnotes":""},"class_list":["post-3533","page","type-page","status-publish","hentry"],"acf":[],"yoast_head":"<!-- This site is optimized with the Yoast SEO plugin v27.0 - https:\/\/yoast.com\/product\/yoast-seo-wordpress\/ -->\n<title>Oleme osa rahvusvahelisest Rotaryst - Piiri 1420<\/title>\n<meta name=\"robots\" content=\"index, follow, max-snippet:-1, max-image-preview:large, max-video-preview:-1\" \/>\n<link rel=\"canonical\" href=\"https:\/\/rotary.fi\/d1420\/et\/rotarypiirkonna-1420\/oleme-osa-rahvusvahelisest-rotaryst\/\" \/>\n<meta property=\"og:locale\" content=\"fi_FI\" \/>\n<meta property=\"og:type\" content=\"article\" \/>\n<meta property=\"og:title\" content=\"Oleme osa rahvusvahelisest Rotaryst - Piiri 1420\" \/>\n<meta property=\"og:description\" content=\"Oleme osa rahvusvahelisest RotarystRotary International Rotary International toetab ja juhendab rotariaane ja klubisid Rotary eesm\u00e4rkide t\u00e4itmisel. Rotary Internationali k\u00f5rgeim otsuseid tegev organ on aastakoosolek, kuhu igal klubil on \u00f5igus saata ametlik esindaja ja kus igal rotarill on \u00f5igus osaleda. Rotary Internationali esimees on iga-aastaselt vahetuv president. Rotary Internationali peakorter asub Illinoisis, Evanstonis, Chicago l\u00e4hedal. Peakorteris [&hellip;]\" \/>\n<meta property=\"og:url\" content=\"https:\/\/rotary.fi\/d1420\/et\/rotarypiirkonna-1420\/oleme-osa-rahvusvahelisest-rotaryst\/\" \/>\n<meta property=\"og:site_name\" content=\"Piiri 1420\" \/>\n<meta property=\"article:publisher\" content=\"https:\/\/www.facebook.com\/rotary\/\" \/>\n<meta property=\"article:modified_time\" content=\"2025-07-08T08:33:25+00:00\" \/>\n<meta name=\"twitter:card\" content=\"summary_large_image\" \/>\n<meta name=\"twitter:label1\" content=\"Arvioitu lukuaika\" \/>\n\t<meta name=\"twitter:data1\" content=\"2 minuuttia\" \/>\n<script type=\"application\/ld+json\" class=\"yoast-schema-graph\">{\"@context\":\"https:\/\/schema.org\",\"@graph\":[{\"@type\":\"WebPage\",\"@id\":\"https:\/\/rotary.fi\/d1420\/et\/rotarypiirkonna-1420\/oleme-osa-rahvusvahelisest-rotaryst\/\",\"url\":\"https:\/\/rotary.fi\/d1420\/et\/rotarypiirkonna-1420\/oleme-osa-rahvusvahelisest-rotaryst\/\",\"name\":\"Oleme osa rahvusvahelisest Rotaryst - Piiri 1420\",\"isPartOf\":{\"@id\":\"https:\/\/rotary.fi\/d1420\/#website\"},\"datePublished\":\"2019-10-10T12:33:42+00:00\",\"dateModified\":\"2025-07-08T08:33:25+00:00\",\"breadcrumb\":{\"@id\":\"https:\/\/rotary.fi\/d1420\/et\/rotarypiirkonna-1420\/oleme-osa-rahvusvahelisest-rotaryst\/#breadcrumb\"},\"inLanguage\":\"fi\",\"potentialAction\":[{\"@type\":\"ReadAction\",\"target\":[\"https:\/\/rotary.fi\/d1420\/et\/rotarypiirkonna-1420\/oleme-osa-rahvusvahelisest-rotaryst\/\"]}]},{\"@type\":\"BreadcrumbList\",\"@id\":\"https:\/\/rotary.fi\/d1420\/et\/rotarypiirkonna-1420\/oleme-osa-rahvusvahelisest-rotaryst\/#breadcrumb\",\"itemListElement\":[{\"@type\":\"ListItem\",\"position\":1,\"name\":\"Home\",\"item\":\"https:\/\/rotary.fi\/d1420\/\"},{\"@type\":\"ListItem\",\"position\":2,\"name\":\"Rotarypiirkond 1420 esitlus\",\"item\":\"https:\/\/rotary.fi\/d1420\/et\/rotarypiirkonna-1420\/\"},{\"@type\":\"ListItem\",\"position\":3,\"name\":\"Oleme osa rahvusvahelisest Rotaryst\"}]},{\"@type\":\"WebSite\",\"@id\":\"https:\/\/rotary.fi\/d1420\/#website\",\"url\":\"https:\/\/rotary.fi\/d1420\/\",\"name\":\"Piiri 1420\",\"description\":\"Suomen Rotary\",\"potentialAction\":[{\"@type\":\"SearchAction\",\"target\":{\"@type\":\"EntryPoint\",\"urlTemplate\":\"https:\/\/rotary.fi\/d1420\/?s={search_term_string}\"},\"query-input\":{\"@type\":\"PropertyValueSpecification\",\"valueRequired\":true,\"valueName\":\"search_term_string\"}}],\"inLanguage\":\"fi\"}]}<\/script>\n<!-- \/ Yoast SEO plugin. -->","yoast_head_json":{"title":"Oleme osa rahvusvahelisest Rotaryst - Piiri 1420","robots":{"index":"index","follow":"follow","max-snippet":"max-snippet:-1","max-image-preview":"max-image-preview:large","max-video-preview":"max-video-preview:-1"},"canonical":"https:\/\/rotary.fi\/d1420\/et\/rotarypiirkonna-1420\/oleme-osa-rahvusvahelisest-rotaryst\/","og_locale":"fi_FI","og_type":"article","og_title":"Oleme osa rahvusvahelisest Rotaryst - Piiri 1420","og_description":"Oleme osa rahvusvahelisest RotarystRotary International Rotary International toetab ja juhendab rotariaane ja klubisid Rotary eesm\u00e4rkide t\u00e4itmisel. Rotary Internationali k\u00f5rgeim otsuseid tegev organ on aastakoosolek, kuhu igal klubil on \u00f5igus saata ametlik esindaja ja kus igal rotarill on \u00f5igus osaleda. Rotary Internationali esimees on iga-aastaselt vahetuv president. Rotary Internationali peakorter asub Illinoisis, Evanstonis, Chicago l\u00e4hedal. Peakorteris [&hellip;]","og_url":"https:\/\/rotary.fi\/d1420\/et\/rotarypiirkonna-1420\/oleme-osa-rahvusvahelisest-rotaryst\/","og_site_name":"Piiri 1420","article_publisher":"https:\/\/www.facebook.com\/rotary\/","article_modified_time":"2025-07-08T08:33:25+00:00","twitter_card":"summary_large_image","twitter_misc":{"Arvioitu lukuaika":"2 minuuttia"},"schema":{"@context":"https:\/\/schema.org","@graph":[{"@type":"WebPage","@id":"https:\/\/rotary.fi\/d1420\/et\/rotarypiirkonna-1420\/oleme-osa-rahvusvahelisest-rotaryst\/","url":"https:\/\/rotary.fi\/d1420\/et\/rotarypiirkonna-1420\/oleme-osa-rahvusvahelisest-rotaryst\/","name":"Oleme osa rahvusvahelisest Rotaryst - Piiri 1420","isPartOf":{"@id":"https:\/\/rotary.fi\/d1420\/#website"},"datePublished":"2019-10-10T12:33:42+00:00","dateModified":"2025-07-08T08:33:25+00:00","breadcrumb":{"@id":"https:\/\/rotary.fi\/d1420\/et\/rotarypiirkonna-1420\/oleme-osa-rahvusvahelisest-rotaryst\/#breadcrumb"},"inLanguage":"fi","potentialAction":[{"@type":"ReadAction","target":["https:\/\/rotary.fi\/d1420\/et\/rotarypiirkonna-1420\/oleme-osa-rahvusvahelisest-rotaryst\/"]}]},{"@type":"BreadcrumbList","@id":"https:\/\/rotary.fi\/d1420\/et\/rotarypiirkonna-1420\/oleme-osa-rahvusvahelisest-rotaryst\/#breadcrumb","itemListElement":[{"@type":"ListItem","position":1,"name":"Home","item":"https:\/\/rotary.fi\/d1420\/"},{"@type":"ListItem","position":2,"name":"Rotarypiirkond 1420 esitlus","item":"https:\/\/rotary.fi\/d1420\/et\/rotarypiirkonna-1420\/"},{"@type":"ListItem","position":3,"name":"Oleme osa rahvusvahelisest Rotaryst"}]},{"@type":"WebSite","@id":"https:\/\/rotary.fi\/d1420\/#website","url":"https:\/\/rotary.fi\/d1420\/","name":"Piiri 1420","description":"Suomen Rotary","potentialAction":[{"@type":"SearchAction","target":{"@type":"EntryPoint","urlTemplate":"https:\/\/rotary.fi\/d1420\/?s={search_term_string}"},"query-input":{"@type":"PropertyValueSpecification","valueRequired":true,"valueName":"search_term_string"}}],"inLanguage":"fi"}]}},"lang":"et","translations":{"et":3533,"sv":2653,"fi":2102,"en":2900},"pll_sync_post":[],"_links":{"self":[{"href":"https:\/\/rotary.fi\/d1420\/wp-json\/wp\/v2\/pages\/3533","targetHints":{"allow":["GET"]}}],"collection":[{"href":"https:\/\/rotary.fi\/d1420\/wp-json\/wp\/v2\/pages"}],"about":[{"href":"https:\/\/rotary.fi\/d1420\/wp-json\/wp\/v2\/types\/page"}],"author":[{"embeddable":true,"href":"https:\/\/rotary.fi\/d1420\/wp-json\/wp\/v2\/users\/1"}],"replies":[{"embeddable":true,"href":"https:\/\/rotary.fi\/d1420\/wp-json\/wp\/v2\/comments?post=3533"}],"version-history":[{"count":6,"href":"https:\/\/rotary.fi\/d1420\/wp-json\/wp\/v2\/pages\/3533\/revisions"}],"predecessor-version":[{"id":11342,"href":"https:\/\/rotary.fi\/d1420\/wp-json\/wp\/v2\/pages\/3533\/revisions\/11342"}],"up":[{"embeddable":true,"href":"https:\/\/rotary.fi\/d1420\/wp-json\/wp\/v2\/pages\/9995"}],"wp:attachment":[{"href":"https:\/\/rotary.fi\/d1420\/wp-json\/wp\/v2\/media?parent=3533"}],"curies":[{"name":"wp","href":"https:\/\/api.w.org\/{rel}","templated":true}]}}