{"id":3529,"date":"2019-10-10T14:29:30","date_gmt":"2019-10-10T12:29:30","guid":{"rendered":"https:\/\/rotary.fi\/d1420\/?page_id=3529"},"modified":"2025-10-28T14:43:31","modified_gmt":"2025-10-28T12:43:31","slug":"pohja-euroopa-tsoon","status":"publish","type":"page","link":"https:\/\/rotary.fi\/d1420\/et\/rotarypiirkonna-1420\/pohja-euroopa-tsoon\/","title":{"rendered":"P\u00f5hja-Euroopa tsoon"},"content":{"rendered":"<p>[et_pb_section fb_built=&#8221;1&#8243; module_class=&#8221;jumbotron-page&#8221; _builder_version=&#8221;4.16&#8243; background_image=&#8221;https:\/\/rotary.fi\/piirisivusto\/wp-content\/uploads\/sites\/183\/2018\/02\/paakuva-sisasivu1.jpg&#8221; global_colors_info=&#8221;{}&#8221;][et_pb_row module_class=&#8221; et_pb_row_fullwidth et_pb_row_fullwidth et_pb_row_fullwidth et_pb_row_fullwidth et_pb_row_fullwidth et_pb_row_fullwidth&#8221; _builder_version=&#8221;4.16&#8243; width=&#8221;89%&#8221; width_tablet=&#8221;80%&#8221; width_phone=&#8221;&#8221; width_last_edited=&#8221;on|desktop&#8221; max_width=&#8221;89%&#8221; max_width_tablet=&#8221;80%&#8221; max_width_phone=&#8221;&#8221; max_width_last_edited=&#8221;on|desktop&#8221; make_fullwidth=&#8221;on&#8221; global_colors_info=&#8221;{}&#8221;][et_pb_column type=&#8221;4_4&#8243; _builder_version=&#8221;4.16&#8243; custom_padding=&#8221;|||&#8221; global_colors_info=&#8221;{}&#8221; custom_padding__hover=&#8221;|||&#8221;][et_pb_text admin_label=&#8221;P\u00f5hja-Euroopa tsoon&#8221; _builder_version=&#8221;4.16&#8243; text_orientation=&#8221;center&#8221; background_layout=&#8221;dark&#8221; z_index_tablet=&#8221;500&#8243; locked=&#8221;off&#8221; collapsed=&#8221;off&#8221; global_colors_info=&#8221;{}&#8221;]<\/p>\n<h1>P\u00f5hja-Euroopa tsoon<\/h1>\n<p>[\/et_pb_text][\/et_pb_column][\/et_pb_row][\/et_pb_section][et_pb_section fb_built=&#8221;1&#8243; _builder_version=&#8221;4.27.0&#8243; _module_preset=&#8221;default&#8221; global_colors_info=&#8221;{}&#8221;][et_pb_row _builder_version=&#8221;4.27.0&#8243; _module_preset=&#8221;default&#8221; global_colors_info=&#8221;{}&#8221;][et_pb_column type=&#8221;4_4&#8243; _builder_version=&#8221;4.27.0&#8243; _module_preset=&#8221;default&#8221; global_colors_info=&#8221;{}&#8221;][et_pb_text admin_label=&#8221;Text johdanto&#8221; _builder_version=&#8221;4.27.0&#8243; _module_preset=&#8221;default&#8221; global_colors_info=&#8221;{}&#8221;]<\/p>\n<h3>Rotary organisatsioonilised tasemed<\/h3>\n<p>&nbsp;<\/p>\n<p>Rotary on rahvusvaheline organisatsioon, mille organisatsioonilised tasemed on:<\/p>\n<ul>\n<li>\u00a0\u00a0\u00a0 Strateegilise tasandi moodustab <strong>Rotary International<\/strong>.<\/li>\n<li>\u00a0\u00a0\u00a0 T\u00f6\u00f6tasand koosneb <strong>piirkondadest (Regions) ja tsoonidest (Zone)<\/strong>. Piirkonnad on kahest v\u00f5i enamast tsoonist koosnev \u00fchistu.<\/li>\n<li>\u00a0\u00a0\u00a0<strong> Rotary piirkonna<\/strong> on piirkondlik haldus- ja teenindus\u00fcksus.<\/li>\n<li>\u00a0\u00a0\u00a0 <strong>Rotary klubi<\/strong> on tegevuse p\u00f5hi\u00fcksus.<\/li>\n<\/ul>\n<p>[\/et_pb_text][\/et_pb_column][\/et_pb_row][\/et_pb_section][et_pb_section fb_built=&#8221;1&#8243; module_class=&#8221;sisaltoalue_perus&#8221; _builder_version=&#8221;4.16&#8243; custom_margin=&#8221;||40px|&#8221; global_colors_info=&#8221;{}&#8221;][et_pb_row column_structure=&#8221;1_2,1_2&#8243; custom_padding_last_edited=&#8221;on|phone&#8221; admin_label=&#8221;Row zonet ja alueet&#8221; _builder_version=&#8221;4.16&#8243; custom_padding_tablet=&#8221;&#8221; custom_padding_phone=&#8221;&#8221; global_colors_info=&#8221;{}&#8221;][et_pb_column type=&#8221;1_2&#8243; _builder_version=&#8221;4.16&#8243; custom_padding=&#8221;|||&#8221; global_colors_info=&#8221;{}&#8221; custom_padding__hover=&#8221;|||&#8221;][et_pb_text _builder_version=&#8221;4.27.4&#8243; custom_padding=&#8221;||0px|||&#8221; hover_enabled=&#8221;0&#8243; z_index_tablet=&#8221;500&#8243; box_shadow_horizontal_tablet=&#8221;0px&#8221; box_shadow_vertical_tablet=&#8221;0px&#8221; box_shadow_blur_tablet=&#8221;40px&#8221; box_shadow_spread_tablet=&#8221;0px&#8221; global_colors_info=&#8221;{}&#8221; sticky_enabled=&#8221;0&#8243;]<\/p>\n<h3>Tsoonid ja alad<\/h3>\n<p>&nbsp;<\/p>\n<p>Rotary on \u00fcle maailma jagatud 34 tsooniks. Soome rotarite jaoks on olulised Zone 17 ja 18:<\/p>\n<ul>\n<li>\u00a0\u00a0\u00a0 Soome kuulub P\u00f5hja-Euroopa rotatsioonitsooni Zone 17B, mis h\u00f5lmab ka Eestit rotary piirkonna 1420 osana ja Venemaad.<\/li>\n<li>\u00a0\u00a0\u00a0 Zone 17A koosneb Rootsist ja L\u00e4tist.<\/li>\n<li>\u00a0\u00a0\u00a0 Zone 18 kuuluvad Norra, Taani, Island, Leedu ja Poola.<\/li>\n<\/ul>\n<p>&nbsp;<\/p>\n<p>Zone 17 ja 18 on \u00fchine ressursside meeskond ja Rotary rahvusvaheline direktor 2024-26 Suzan Stenberg, kes on Rotary Internationali direktorite n\u00f5ukogu liige. Tutvuge ressursimeeskonnaga sellelt lingilt:\u00a0<a href=\"https:\/\/rotary.fi\/d1420\/wp-content\/uploads\/sites\/183\/2025\/10\/Resource-Team-Zones-1718-2025-2026.pdf\" rel=\"attachment wp-att-12085\">Resource Team Zones 17+18 (2025-2026)<\/a><\/p>\n<p>Igal aastal korraldatakse tsoonide v\u00f5i piirkondade kaupa erinevaid koolitusi ja seminare, n\u00e4iteks koolitusseminar tulevastele kuberneridele. Lisaks tegutsevad ressursimeeskonna inimesed koolitajate, l\u00e4biviijate ja esinejatena piirkondlikel ja ringkonna\u00fcritustel.<\/p>\n<p>Zone 17 ja 18 saate tutvuda aadressil<a href=\"https:\/\/www.rotaryzones17-18.org\/\"> Rotaryzones17-18.org<\/a>, kus on teave sinna kuuluvate ringkondade ja koordinaatorite ning ka k\u00f5igi teiste RI tsoonide kohta.<\/p>\n<p>[\/et_pb_text][\/et_pb_column][et_pb_column type=&#8221;1_2&#8243; _builder_version=&#8221;4.16&#8243; custom_padding=&#8221;|||&#8221; global_colors_info=&#8221;{}&#8221; custom_padding__hover=&#8221;|||&#8221;][et_pb_image src=&#8221;https:\/\/rotary.fi\/d1420\/wp-content\/uploads\/sites\/183\/2024\/10\/euroopan-zone-alueet.jpg&#8221; alt=&#8221;Euroopan zone-vy\u00f6hykkeet&#8221; title_text=&#8221;Euroopan zone-alueet&#8221; align_tablet=&#8221;center&#8221; align_phone=&#8221;&#8221; align_last_edited=&#8221;on|desktop&#8221; _builder_version=&#8221;4.27.0&#8243; z_index_tablet=&#8221;500&#8243; border_width_all=&#8221;10px&#8221; border_color_all=&#8221;#ffffff&#8221; box_shadow_style=&#8221;preset1&#8243; box_shadow_blur=&#8221;5px&#8221; global_colors_info=&#8221;{}&#8221;][\/et_pb_image][\/et_pb_column][\/et_pb_row][\/et_pb_section][et_pb_section fb_built=&#8221;1&#8243; _builder_version=&#8221;4.27.0&#8243; _module_preset=&#8221;default&#8221; global_colors_info=&#8221;{}&#8221;][et_pb_row _builder_version=&#8221;4.27.0&#8243; _module_preset=&#8221;default&#8221; global_colors_info=&#8221;{}&#8221;][et_pb_column type=&#8221;4_4&#8243; _builder_version=&#8221;4.27.0&#8243; _module_preset=&#8221;default&#8221; global_colors_info=&#8221;{}&#8221;][et_pb_text admin_label=&#8221;Text zurichin toimisto&#8221; _builder_version=&#8221;4.27.0&#8243; _module_preset=&#8221;default&#8221; global_colors_info=&#8221;{}&#8221;]<\/p>\n<h3>Piirkondlikud kontorid<\/h3>\n<p>&nbsp;<\/p>\n<p>RI-l on mitu rahvusvahelist piirkondlikku esindust, mis kuuluvad RI sekretariaadile.<\/p>\n<p>Z\u00fcrichis asuv Euroopa ja Aafrika piirkondlik b\u00fcroo (EAO) teenindab Soome ja Eesti rotareid. Z\u00fcrichi kontoris t\u00f6\u00f6tav Sari Miettinen teenindab klubisid ja ringe soome, rootsi, saksa ja inglise keeles.<\/p>\n<p>Tema kontaktandmed on:<\/p>\n<p>&nbsp;<\/p>\n<p>Name: Sari Miettinen<br \/>Title: Specialist | Nordic countries<br \/>Phone: +41 44 387 71 3<br \/>E-mail: Sari.Miettinen(at)rotary.org\u00a0<\/p>\n<p>[\/et_pb_text][\/et_pb_column][\/et_pb_row][\/et_pb_section]<\/p>\n","protected":false},"excerpt":{"rendered":"<p>P\u00f5hja-Euroopa tsoonRotary organisatsioonilised tasemed &nbsp; Rotary on rahvusvaheline organisatsioon, mille organisatsioonilised tasemed on: \u00a0\u00a0\u00a0 Strateegilise tasandi moodustab Rotary International. \u00a0\u00a0\u00a0 T\u00f6\u00f6tasand koosneb piirkondadest (Regions) ja tsoonidest (Zone). Piirkonnad on kahest v\u00f5i enamast tsoonist koosnev \u00fchistu. \u00a0\u00a0\u00a0 Rotary piirkonna on piirkondlik haldus- ja teenindus\u00fcksus. \u00a0\u00a0\u00a0 Rotary klubi on tegevuse p\u00f5hi\u00fcksus. Tsoonid ja alad &nbsp; Rotary on [&hellip;]<\/p>\n","protected":false},"author":1,"featured_media":0,"parent":9995,"menu_order":5,"comment_status":"closed","ping_status":"closed","template":"","meta":{"_acf_changed":false,"_et_pb_use_builder":"on","_et_pb_old_content":"","_et_gb_content_width":"","footnotes":""},"class_list":["post-3529","page","type-page","status-publish","hentry"],"acf":[],"yoast_head":"<!-- This site is optimized with the Yoast SEO plugin v27.4 - https:\/\/yoast.com\/product\/yoast-seo-wordpress\/ -->\n<title>P\u00f5hja-Euroopa tsoon - Piiri 1420<\/title>\n<meta name=\"robots\" content=\"index, follow, max-snippet:-1, max-image-preview:large, max-video-preview:-1\" \/>\n<link rel=\"canonical\" href=\"https:\/\/rotary.fi\/d1420\/et\/rotarypiirkonna-1420\/pohja-euroopa-tsoon\/\" \/>\n<meta property=\"og:locale\" content=\"fi_FI\" \/>\n<meta property=\"og:type\" content=\"article\" \/>\n<meta property=\"og:title\" content=\"P\u00f5hja-Euroopa tsoon - Piiri 1420\" \/>\n<meta property=\"og:description\" content=\"P\u00f5hja-Euroopa tsoonRotary organisatsioonilised tasemed &nbsp; Rotary on rahvusvaheline organisatsioon, mille organisatsioonilised tasemed on: \u00a0\u00a0\u00a0 Strateegilise tasandi moodustab Rotary International. \u00a0\u00a0\u00a0 T\u00f6\u00f6tasand koosneb piirkondadest (Regions) ja tsoonidest (Zone). Piirkonnad on kahest v\u00f5i enamast tsoonist koosnev \u00fchistu. \u00a0\u00a0\u00a0 Rotary piirkonna on piirkondlik haldus- ja teenindus\u00fcksus. \u00a0\u00a0\u00a0 Rotary klubi on tegevuse p\u00f5hi\u00fcksus. Tsoonid ja alad &nbsp; Rotary on [&hellip;]\" \/>\n<meta property=\"og:url\" content=\"https:\/\/rotary.fi\/d1420\/et\/rotarypiirkonna-1420\/pohja-euroopa-tsoon\/\" \/>\n<meta property=\"og:site_name\" content=\"Piiri 1420\" \/>\n<meta property=\"article:publisher\" content=\"https:\/\/www.facebook.com\/rotary\/\" \/>\n<meta property=\"article:modified_time\" content=\"2025-10-28T12:43:31+00:00\" \/>\n<meta name=\"twitter:card\" content=\"summary_large_image\" \/>\n<meta name=\"twitter:label1\" content=\"Arvioitu lukuaika\" \/>\n\t<meta name=\"twitter:data1\" content=\"3 minuuttia\" \/>\n<script type=\"application\/ld+json\" class=\"yoast-schema-graph\">{\"@context\":\"https:\\\/\\\/schema.org\",\"@graph\":[{\"@type\":\"WebPage\",\"@id\":\"https:\\\/\\\/rotary.fi\\\/d1420\\\/et\\\/rotarypiirkonna-1420\\\/pohja-euroopa-tsoon\\\/\",\"url\":\"https:\\\/\\\/rotary.fi\\\/d1420\\\/et\\\/rotarypiirkonna-1420\\\/pohja-euroopa-tsoon\\\/\",\"name\":\"P\u00f5hja-Euroopa tsoon - Piiri 1420\",\"isPartOf\":{\"@id\":\"https:\\\/\\\/rotary.fi\\\/d1420\\\/#website\"},\"datePublished\":\"2019-10-10T12:29:30+00:00\",\"dateModified\":\"2025-10-28T12:43:31+00:00\",\"breadcrumb\":{\"@id\":\"https:\\\/\\\/rotary.fi\\\/d1420\\\/et\\\/rotarypiirkonna-1420\\\/pohja-euroopa-tsoon\\\/#breadcrumb\"},\"inLanguage\":\"fi\",\"potentialAction\":[{\"@type\":\"ReadAction\",\"target\":[\"https:\\\/\\\/rotary.fi\\\/d1420\\\/et\\\/rotarypiirkonna-1420\\\/pohja-euroopa-tsoon\\\/\"]}]},{\"@type\":\"BreadcrumbList\",\"@id\":\"https:\\\/\\\/rotary.fi\\\/d1420\\\/et\\\/rotarypiirkonna-1420\\\/pohja-euroopa-tsoon\\\/#breadcrumb\",\"itemListElement\":[{\"@type\":\"ListItem\",\"position\":1,\"name\":\"Home\",\"item\":\"https:\\\/\\\/rotary.fi\\\/d1420\\\/\"},{\"@type\":\"ListItem\",\"position\":2,\"name\":\"Rotarypiirkond 1420 esitlus\",\"item\":\"https:\\\/\\\/rotary.fi\\\/d1420\\\/et\\\/rotarypiirkonna-1420\\\/\"},{\"@type\":\"ListItem\",\"position\":3,\"name\":\"P\u00f5hja-Euroopa tsoon\"}]},{\"@type\":\"WebSite\",\"@id\":\"https:\\\/\\\/rotary.fi\\\/d1420\\\/#website\",\"url\":\"https:\\\/\\\/rotary.fi\\\/d1420\\\/\",\"name\":\"Piiri 1420\",\"description\":\"Suomen Rotary\",\"potentialAction\":[{\"@type\":\"SearchAction\",\"target\":{\"@type\":\"EntryPoint\",\"urlTemplate\":\"https:\\\/\\\/rotary.fi\\\/d1420\\\/?s={search_term_string}\"},\"query-input\":{\"@type\":\"PropertyValueSpecification\",\"valueRequired\":true,\"valueName\":\"search_term_string\"}}],\"inLanguage\":\"fi\"}]}<\/script>\n<!-- \/ Yoast SEO plugin. -->","yoast_head_json":{"title":"P\u00f5hja-Euroopa tsoon - Piiri 1420","robots":{"index":"index","follow":"follow","max-snippet":"max-snippet:-1","max-image-preview":"max-image-preview:large","max-video-preview":"max-video-preview:-1"},"canonical":"https:\/\/rotary.fi\/d1420\/et\/rotarypiirkonna-1420\/pohja-euroopa-tsoon\/","og_locale":"fi_FI","og_type":"article","og_title":"P\u00f5hja-Euroopa tsoon - Piiri 1420","og_description":"P\u00f5hja-Euroopa tsoonRotary organisatsioonilised tasemed &nbsp; Rotary on rahvusvaheline organisatsioon, mille organisatsioonilised tasemed on: \u00a0\u00a0\u00a0 Strateegilise tasandi moodustab Rotary International. \u00a0\u00a0\u00a0 T\u00f6\u00f6tasand koosneb piirkondadest (Regions) ja tsoonidest (Zone). Piirkonnad on kahest v\u00f5i enamast tsoonist koosnev \u00fchistu. \u00a0\u00a0\u00a0 Rotary piirkonna on piirkondlik haldus- ja teenindus\u00fcksus. \u00a0\u00a0\u00a0 Rotary klubi on tegevuse p\u00f5hi\u00fcksus. Tsoonid ja alad &nbsp; Rotary on [&hellip;]","og_url":"https:\/\/rotary.fi\/d1420\/et\/rotarypiirkonna-1420\/pohja-euroopa-tsoon\/","og_site_name":"Piiri 1420","article_publisher":"https:\/\/www.facebook.com\/rotary\/","article_modified_time":"2025-10-28T12:43:31+00:00","twitter_card":"summary_large_image","twitter_misc":{"Arvioitu lukuaika":"3 minuuttia"},"schema":{"@context":"https:\/\/schema.org","@graph":[{"@type":"WebPage","@id":"https:\/\/rotary.fi\/d1420\/et\/rotarypiirkonna-1420\/pohja-euroopa-tsoon\/","url":"https:\/\/rotary.fi\/d1420\/et\/rotarypiirkonna-1420\/pohja-euroopa-tsoon\/","name":"P\u00f5hja-Euroopa tsoon - Piiri 1420","isPartOf":{"@id":"https:\/\/rotary.fi\/d1420\/#website"},"datePublished":"2019-10-10T12:29:30+00:00","dateModified":"2025-10-28T12:43:31+00:00","breadcrumb":{"@id":"https:\/\/rotary.fi\/d1420\/et\/rotarypiirkonna-1420\/pohja-euroopa-tsoon\/#breadcrumb"},"inLanguage":"fi","potentialAction":[{"@type":"ReadAction","target":["https:\/\/rotary.fi\/d1420\/et\/rotarypiirkonna-1420\/pohja-euroopa-tsoon\/"]}]},{"@type":"BreadcrumbList","@id":"https:\/\/rotary.fi\/d1420\/et\/rotarypiirkonna-1420\/pohja-euroopa-tsoon\/#breadcrumb","itemListElement":[{"@type":"ListItem","position":1,"name":"Home","item":"https:\/\/rotary.fi\/d1420\/"},{"@type":"ListItem","position":2,"name":"Rotarypiirkond 1420 esitlus","item":"https:\/\/rotary.fi\/d1420\/et\/rotarypiirkonna-1420\/"},{"@type":"ListItem","position":3,"name":"P\u00f5hja-Euroopa tsoon"}]},{"@type":"WebSite","@id":"https:\/\/rotary.fi\/d1420\/#website","url":"https:\/\/rotary.fi\/d1420\/","name":"Piiri 1420","description":"Suomen Rotary","potentialAction":[{"@type":"SearchAction","target":{"@type":"EntryPoint","urlTemplate":"https:\/\/rotary.fi\/d1420\/?s={search_term_string}"},"query-input":{"@type":"PropertyValueSpecification","valueRequired":true,"valueName":"search_term_string"}}],"inLanguage":"fi"}]}},"lang":"et","translations":{"et":3529,"sv":2650,"fi":2287,"en":9589},"pll_sync_post":[],"_links":{"self":[{"href":"https:\/\/rotary.fi\/d1420\/wp-json\/wp\/v2\/pages\/3529","targetHints":{"allow":["GET"]}}],"collection":[{"href":"https:\/\/rotary.fi\/d1420\/wp-json\/wp\/v2\/pages"}],"about":[{"href":"https:\/\/rotary.fi\/d1420\/wp-json\/wp\/v2\/types\/page"}],"author":[{"embeddable":true,"href":"https:\/\/rotary.fi\/d1420\/wp-json\/wp\/v2\/users\/1"}],"replies":[{"embeddable":true,"href":"https:\/\/rotary.fi\/d1420\/wp-json\/wp\/v2\/comments?post=3529"}],"version-history":[{"count":11,"href":"https:\/\/rotary.fi\/d1420\/wp-json\/wp\/v2\/pages\/3529\/revisions"}],"predecessor-version":[{"id":12093,"href":"https:\/\/rotary.fi\/d1420\/wp-json\/wp\/v2\/pages\/3529\/revisions\/12093"}],"up":[{"embeddable":true,"href":"https:\/\/rotary.fi\/d1420\/wp-json\/wp\/v2\/pages\/9995"}],"wp:attachment":[{"href":"https:\/\/rotary.fi\/d1420\/wp-json\/wp\/v2\/media?parent=3529"}],"curies":[{"name":"wp","href":"https:\/\/api.w.org\/{rel}","templated":true}]}}