{"id":3048,"date":"2019-08-28T09:26:54","date_gmt":"2019-08-28T07:26:54","guid":{"rendered":"https:\/\/rotary.fi\/d1420\/?page_id=3048"},"modified":"2024-01-30T10:50:02","modified_gmt":"2024-01-30T08:50:02","slug":"upcoming-events","status":"publish","type":"page","link":"https:\/\/rotary.fi\/d1420\/en\/news-and-features\/upcoming-events\/","title":{"rendered":"Upcoming Events"},"content":{"rendered":"<p>[et_pb_section fb_built=&#8221;1&#8243; module_class=&#8221;jumbotron-page&#8221; _builder_version=&#8221;4.16&#8243; background_image=&#8221;https:\/\/rotary.fi\/d1420\/wp-content\/uploads\/sites\/183\/2020\/03\/share-ideas.jpg&#8221; global_colors_info=&#8221;{}&#8221;][et_pb_row module_class=&#8221; et_pb_row_fullwidth et_pb_row_fullwidth et_pb_row_fullwidth et_pb_row_fullwidth et_pb_row_fullwidth et_pb_row_fullwidth et_pb_row_fullwidth&#8221; _builder_version=&#8221;4.16&#8243; width=&#8221;89%&#8221; width_tablet=&#8221;80%&#8221; width_phone=&#8221;&#8221; width_last_edited=&#8221;on|desktop&#8221; max_width=&#8221;89%&#8221; max_width_tablet=&#8221;80%&#8221; max_width_phone=&#8221;&#8221; max_width_last_edited=&#8221;on|desktop&#8221; make_fullwidth=&#8221;on&#8221; global_colors_info=&#8221;{}&#8221;][et_pb_column type=&#8221;4_4&#8243; _builder_version=&#8221;4.16&#8243; custom_padding=&#8221;|||&#8221; global_colors_info=&#8221;{}&#8221; custom_padding__hover=&#8221;|||&#8221;][et_pb_text admin_label=&#8221;Upcoming Events&#8221; _builder_version=&#8221;4.22.1&#8243; text_orientation=&#8221;center&#8221; background_layout=&#8221;dark&#8221; hover_enabled=&#8221;0&#8243; z_index_tablet=&#8221;500&#8243; text_text_shadow_horizontal_length_tablet=&#8221;0px&#8221; text_text_shadow_vertical_length_tablet=&#8221;0px&#8221; text_text_shadow_blur_strength_tablet=&#8221;1px&#8221; link_text_shadow_horizontal_length_tablet=&#8221;0px&#8221; link_text_shadow_vertical_length_tablet=&#8221;0px&#8221; link_text_shadow_blur_strength_tablet=&#8221;1px&#8221; ul_text_shadow_horizontal_length_tablet=&#8221;0px&#8221; ul_text_shadow_vertical_length_tablet=&#8221;0px&#8221; ul_text_shadow_blur_strength_tablet=&#8221;1px&#8221; ol_text_shadow_horizontal_length_tablet=&#8221;0px&#8221; ol_text_shadow_vertical_length_tablet=&#8221;0px&#8221; ol_text_shadow_blur_strength_tablet=&#8221;1px&#8221; quote_text_shadow_horizontal_length_tablet=&#8221;0px&#8221; quote_text_shadow_vertical_length_tablet=&#8221;0px&#8221; quote_text_shadow_blur_strength_tablet=&#8221;1px&#8221; header_text_shadow_horizontal_length_tablet=&#8221;0px&#8221; header_text_shadow_vertical_length_tablet=&#8221;0px&#8221; header_text_shadow_blur_strength_tablet=&#8221;1px&#8221; header_2_text_shadow_horizontal_length_tablet=&#8221;0px&#8221; header_2_text_shadow_vertical_length_tablet=&#8221;0px&#8221; header_2_text_shadow_blur_strength_tablet=&#8221;1px&#8221; header_3_text_shadow_horizontal_length_tablet=&#8221;0px&#8221; header_3_text_shadow_vertical_length_tablet=&#8221;0px&#8221; header_3_text_shadow_blur_strength_tablet=&#8221;1px&#8221; header_4_text_shadow_horizontal_length_tablet=&#8221;0px&#8221; header_4_text_shadow_vertical_length_tablet=&#8221;0px&#8221; header_4_text_shadow_blur_strength_tablet=&#8221;1px&#8221; header_5_text_shadow_horizontal_length_tablet=&#8221;0px&#8221; header_5_text_shadow_vertical_length_tablet=&#8221;0px&#8221; header_5_text_shadow_blur_strength_tablet=&#8221;1px&#8221; header_6_text_shadow_horizontal_length_tablet=&#8221;0px&#8221; header_6_text_shadow_vertical_length_tablet=&#8221;0px&#8221; header_6_text_shadow_blur_strength_tablet=&#8221;1px&#8221; box_shadow_horizontal_tablet=&#8221;0px&#8221; box_shadow_vertical_tablet=&#8221;0px&#8221; box_shadow_blur_tablet=&#8221;40px&#8221; box_shadow_spread_tablet=&#8221;0px&#8221; global_colors_info=&#8221;{}&#8221; sticky_enabled=&#8221;0&#8243;][\/et_pb_text][\/et_pb_column][\/et_pb_row][\/et_pb_section][et_pb_section fb_built=&#8221;1&#8243; module_class=&#8221;sisaltoalue_perus&#8221; _builder_version=&#8221;4.16&#8243; background_size=&#8221;initial&#8221; background_position=&#8221;top_left&#8221; background_repeat=&#8221;repeat&#8221; locked=&#8221;on&#8221; global_colors_info=&#8221;{}&#8221;][et_pb_row custom_padding_last_edited=&#8221;on|phone&#8221; _builder_version=&#8221;4.16&#8243; custom_padding=&#8221;46.6875px|0px|63px|0px&#8221; custom_padding_tablet=&#8221;&#8221; custom_padding_phone=&#8221;&#8221; global_colors_info=&#8221;{}&#8221;][et_pb_column type=&#8221;4_4&#8243; _builder_version=&#8221;4.16&#8243; custom_padding=&#8221;|||&#8221; global_colors_info=&#8221;{}&#8221; custom_padding__hover=&#8221;|||&#8221;][et_pb_text admin_label=&#8221;Upcoming Events&#8221; _builder_version=&#8221;4.16&#8243; text_orientation=&#8221;center&#8221; z_index_tablet=&#8221;500&#8243; text_text_shadow_horizontal_length_tablet=&#8221;0px&#8221; text_text_shadow_vertical_length_tablet=&#8221;0px&#8221; text_text_shadow_blur_strength_tablet=&#8221;1px&#8221; link_text_shadow_horizontal_length_tablet=&#8221;0px&#8221; link_text_shadow_vertical_length_tablet=&#8221;0px&#8221; link_text_shadow_blur_strength_tablet=&#8221;1px&#8221; ul_text_shadow_horizontal_length_tablet=&#8221;0px&#8221; ul_text_shadow_vertical_length_tablet=&#8221;0px&#8221; ul_text_shadow_blur_strength_tablet=&#8221;1px&#8221; ol_text_shadow_horizontal_length_tablet=&#8221;0px&#8221; ol_text_shadow_vertical_length_tablet=&#8221;0px&#8221; ol_text_shadow_blur_strength_tablet=&#8221;1px&#8221; quote_text_shadow_horizontal_length_tablet=&#8221;0px&#8221; quote_text_shadow_vertical_length_tablet=&#8221;0px&#8221; quote_text_shadow_blur_strength_tablet=&#8221;1px&#8221; header_text_shadow_horizontal_length_tablet=&#8221;0px&#8221; header_text_shadow_vertical_length_tablet=&#8221;0px&#8221; header_text_shadow_blur_strength_tablet=&#8221;1px&#8221; header_2_text_shadow_horizontal_length_tablet=&#8221;0px&#8221; header_2_text_shadow_vertical_length_tablet=&#8221;0px&#8221; header_2_text_shadow_blur_strength_tablet=&#8221;1px&#8221; header_3_text_shadow_horizontal_length_tablet=&#8221;0px&#8221; header_3_text_shadow_vertical_length_tablet=&#8221;0px&#8221; header_3_text_shadow_blur_strength_tablet=&#8221;1px&#8221; header_4_text_shadow_horizontal_length_tablet=&#8221;0px&#8221; header_4_text_shadow_vertical_length_tablet=&#8221;0px&#8221; header_4_text_shadow_blur_strength_tablet=&#8221;1px&#8221; header_5_text_shadow_horizontal_length_tablet=&#8221;0px&#8221; header_5_text_shadow_vertical_length_tablet=&#8221;0px&#8221; header_5_text_shadow_blur_strength_tablet=&#8221;1px&#8221; header_6_text_shadow_horizontal_length_tablet=&#8221;0px&#8221; header_6_text_shadow_vertical_length_tablet=&#8221;0px&#8221; header_6_text_shadow_blur_strength_tablet=&#8221;1px&#8221; box_shadow_horizontal_tablet=&#8221;0px&#8221; box_shadow_vertical_tablet=&#8221;0px&#8221; box_shadow_blur_tablet=&#8221;40px&#8221; box_shadow_spread_tablet=&#8221;0px&#8221; global_colors_info=&#8221;{}&#8221;]<\/p>\n<h1>Upcoming Events<\/h1>\n<p>[\/et_pb_text][et_pb_code admin_label=&#8221;Tulevat tapahtumat listattuna&#8221; module_class=&#8221;kaikki_ajankohtaiset&#8221; _builder_version=&#8221;4.20.0&#8243; z_index_tablet=&#8221;500&#8243; locked=&#8221;off&#8221; global_colors_info=&#8221;{}&#8221;]<div class=\"em em-view-container\" id=\"em-view-975269846\" data-view=\"list\">\r\n\t<div class=\"em pixelbones em-list em-events-list\" id=\"em-events-list-975269846\" data-view-id=\"975269846\">\r\n\t<div class=\"no_events\">Ei tapahtumia.<\/div>\t<\/div>\r\n<\/div>[\/et_pb_code][\/et_pb_column][\/et_pb_row][\/et_pb_section][et_pb_section fb_built=&#8221;1&#8243; module_class=&#8221;sisaltoalue_sininen&#8221; _builder_version=&#8221;4.16&#8243; background_size=&#8221;initial&#8221; background_position=&#8221;top_left&#8221; background_repeat=&#8221;repeat&#8221; locked=&#8221;on&#8221; global_colors_info=&#8221;{}&#8221;][et_pb_row custom_padding_last_edited=&#8221;on|phone&#8221; _builder_version=&#8221;4.16&#8243; custom_padding=&#8221;46.6875px|0px|63px|0px&#8221; custom_padding_tablet=&#8221;&#8221; custom_padding_phone=&#8221;&#8221; global_colors_info=&#8221;{}&#8221;][et_pb_column type=&#8221;4_4&#8243; _builder_version=&#8221;4.16&#8243; custom_padding=&#8221;|||&#8221; global_colors_info=&#8221;{}&#8221; custom_padding__hover=&#8221;|||&#8221;][et_pb_text admin_label=&#8221;Past Events&#8221; _builder_version=&#8221;4.16&#8243; text_orientation=&#8221;center&#8221; z_index_tablet=&#8221;500&#8243; text_text_shadow_horizontal_length_tablet=&#8221;0px&#8221; text_text_shadow_vertical_length_tablet=&#8221;0px&#8221; text_text_shadow_blur_strength_tablet=&#8221;1px&#8221; link_text_shadow_horizontal_length_tablet=&#8221;0px&#8221; link_text_shadow_vertical_length_tablet=&#8221;0px&#8221; link_text_shadow_blur_strength_tablet=&#8221;1px&#8221; ul_text_shadow_horizontal_length_tablet=&#8221;0px&#8221; ul_text_shadow_vertical_length_tablet=&#8221;0px&#8221; ul_text_shadow_blur_strength_tablet=&#8221;1px&#8221; ol_text_shadow_horizontal_length_tablet=&#8221;0px&#8221; ol_text_shadow_vertical_length_tablet=&#8221;0px&#8221; ol_text_shadow_blur_strength_tablet=&#8221;1px&#8221; quote_text_shadow_horizontal_length_tablet=&#8221;0px&#8221; quote_text_shadow_vertical_length_tablet=&#8221;0px&#8221; quote_text_shadow_blur_strength_tablet=&#8221;1px&#8221; header_text_shadow_horizontal_length_tablet=&#8221;0px&#8221; header_text_shadow_vertical_length_tablet=&#8221;0px&#8221; header_text_shadow_blur_strength_tablet=&#8221;1px&#8221; header_2_text_shadow_horizontal_length_tablet=&#8221;0px&#8221; header_2_text_shadow_vertical_length_tablet=&#8221;0px&#8221; header_2_text_shadow_blur_strength_tablet=&#8221;1px&#8221; header_3_text_shadow_horizontal_length_tablet=&#8221;0px&#8221; header_3_text_shadow_vertical_length_tablet=&#8221;0px&#8221; header_3_text_shadow_blur_strength_tablet=&#8221;1px&#8221; header_4_text_shadow_horizontal_length_tablet=&#8221;0px&#8221; header_4_text_shadow_vertical_length_tablet=&#8221;0px&#8221; header_4_text_shadow_blur_strength_tablet=&#8221;1px&#8221; header_5_text_shadow_horizontal_length_tablet=&#8221;0px&#8221; header_5_text_shadow_vertical_length_tablet=&#8221;0px&#8221; header_5_text_shadow_blur_strength_tablet=&#8221;1px&#8221; header_6_text_shadow_horizontal_length_tablet=&#8221;0px&#8221; header_6_text_shadow_vertical_length_tablet=&#8221;0px&#8221; header_6_text_shadow_blur_strength_tablet=&#8221;1px&#8221; box_shadow_horizontal_tablet=&#8221;0px&#8221; box_shadow_vertical_tablet=&#8221;0px&#8221; box_shadow_blur_tablet=&#8221;40px&#8221; box_shadow_spread_tablet=&#8221;0px&#8221; global_colors_info=&#8221;{}&#8221;]<\/p>\n<h1>Past Events<\/h1>\n<p>[\/et_pb_text][et_pb_code admin_label=&#8221;Menneet tapahtumat listattuna&#8221; module_class=&#8221;kaikki_ajankohtaiset&#8221; _builder_version=&#8221;4.20.0&#8243; z_index_tablet=&#8221;500&#8243; locked=&#8221;off&#8221; global_colors_info=&#8221;{}&#8221;]<div class=\"em em-view-container\" id=\"em-view-1441630952\" data-view=\"list\">\r\n\t<div class=\"em pixelbones em-list em-events-list\" id=\"em-events-list-1441630952\" data-view-id=\"1441630952\">\r\n\t<div class=\"no_events\">Ei tapahtumia.<\/div>\t<\/div>\r\n<\/div>[\/et_pb_code][\/et_pb_column][\/et_pb_row][\/et_pb_section]<\/p>\n","protected":false},"excerpt":{"rendered":"<p>Upcoming Events <div class=\"em em-view-container\" id=\"em-view-1332804892\" data-view=\"list\">\r\n\t<div class=\"em pixelbones em-list em-events-list\" id=\"em-events-list-1332804892\" data-view-id=\"1332804892\">\r\n\t16.5.2026  - 17.5.2026<a href=\"https:\/\/rotary.fi\/d1420\/en\/events\/the-world-village-festival-hosts-rotary-tent-too\/\">The World Village Festival hosts Rotary tent, too!<\/a>4.6.2026 <a href=\"https:\/\/rotary.fi\/d1420\/en\/events\/d1420-rye-outbound-exchange-student-meeting-4\/\">D1420 RYE Outbound Exchange Student meeting 4<\/a>Autotalo4.10.2026 <a href=\"https:\/\/rotary.fi\/d1420\/en\/events\/baltic-herring-rowing-and-hiking-for-the-baltic-sea\/\">D1420 Baltic herring rowing and hiking for the Baltic Sea<\/a>10.10.2026 <a href=\"https:\/\/rotary.fi\/d1420\/en\/events\/d1420-in-depth-rotary-training-2026-1\/\">D1420 In-depth Rotary Training 2026 - 1<\/a>24.10.2026 <a href=\"https:\/\/rotary.fi\/d1420\/en\/events\/d1420-in-depth-rotary-training-2026-2\/\">D1420  In-depth Rotary Training 2026-2<\/a>14.11.2026 <a href=\"https:\/\/rotary.fi\/d1420\/en\/events\/d1420-in-depth-rotary-training-2026-3\/\">D1420  In-depth Rotary Training 2026-3<\/a>\t<\/div>\r\n<\/div>Past Events <div class=\"em em-view-container\" id=\"em-view-813816900\" data-view=\"list\">\r\n\t<div class=\"em pixelbones em-list em-events-list\" id=\"em-events-list-813816900\" data-view-id=\"813816900\">\r\n\t18.4.2026 <a href=\"https:\/\/rotary.fi\/d1420\/en\/events\/district-conference-2\/\">D1420 District Conference and Dinner<\/a>17.4.2026 <a href=\"https:\/\/rotary.fi\/d1420\/en\/events\/d1420-spring-meeting\/\">D1420 Spring Meeting<\/a>Kalastajatorppa28.3.2026 <a href=\"https:\/\/rotary.fi\/d1420\/en\/events\/d1420-inbound-and-outbound-exchange-student-meeting\/\">D1420 Inbound and Outbound Exchange Student meeting<\/a>21.3.2026 <a href=\"https:\/\/rotary.fi\/d1420\/en\/events\/d1420-ob2-training\/\">D1420 Outbound Exchange Student training 2<\/a>Skyline Airport Hotel21.3.2026 <a href=\"https:\/\/rotary.fi\/d1420\/en\/events\/d1420-estonian-afterpels-president-elect-learning-seminar\/\">D1420 Estonian afterPELS - President Elect Learning Seminar<\/a>20.3.2026 <a href=\"https:\/\/rotary.fi\/d1420\/en\/events\/d1420-estonian-pels-president-elect-learning-seminar\/\">D1420 Estonian PELS - President Elect Learning Seminar<\/a>14.3.2026 <a href=\"https:\/\/rotary.fi\/d1420\/en\/events\/d1420-president-elect-learning-seminar-pels\/\">D1420 President Elect Learning Seminar - PELS<\/a>Kalastajatorppa14.3.2026 <a href=\"https:\/\/rotary.fi\/d1420\/en\/events\/d1420-president-elect-training-seminar-pels\/\">D1420 President Elect Learning Seminar  PELS<\/a>Kalastajatorppa3.3.2026 <a href=\"https:\/\/rotary.fi\/d1420\/en\/events\/d1420-estonian-prepels-president-elect-learning-seminar-online\/\">D1420 Estonian prePELS - President Elect Learning Seminar - online<\/a>3.3.2026 <a href=\"https:\/\/rotary.fi\/d1420\/en\/events\/d1420-estonian-prepels-president-elect-learning-seminar\/\">D1420 Estonian prePELS - President Elect Learning Seminar<\/a>24.2.2026 <a href=\"https:\/\/rotary.fi\/d1420\/en\/events\/d1420-prepels-president-elect-learning-seminar\/\">D1420 PrePELS - President Elect Learning seminar<\/a>15.1.2026 <a href=\"https:\/\/rotary.fi\/d1420\/en\/events\/d1420-host-family-training\/\">D1420 Host family training<\/a>Skyline Airport Hotel30.11.2025 <a href=\"https:\/\/rotary.fi\/d1420\/en\/events\/rotary-foundation-seminar-estonia\/\">D1420 Rotary Foundation seminar - Estonia<\/a>22.11.2025 <a href=\"https:\/\/rotary.fi\/d1420\/en\/events\/in-depth-rotary-training-3\/\">D1420 In-depth Rotary Training - 3<\/a>Skyline Airport Hotel21.11.2025 <a href=\"https:\/\/rotary.fi\/d1420\/en\/events\/ee-rli-training-tartu-3\/\">D1420 Estonian Rotary Leadership Training seminar in Tartu -3<\/a>Hotel Sophia17.11.2025 <a href=\"https:\/\/rotary.fi\/d1420\/en\/events\/d1420-estonian-rotary-foundation-seminar\/\">D1420 Estonian Rotary Foundation Seminar<\/a>Kalev Spa14.11.2025  - 16.11.2025<a href=\"https:\/\/rotary.fi\/d1420\/en\/events\/nordact-tallinn-2025\/\">D1420 Nordact Tallinn 2025<\/a>14.11.2025 <a href=\"https:\/\/rotary.fi\/d1420\/en\/events\/ee-rli-training-tartu-2\/\">D1420 Estonian Rotary Leadership Training seminar in Tartu -2<\/a>Hotel Sophia8.11.2025 <a href=\"https:\/\/rotary.fi\/d1420\/en\/events\/in-depth-rotary-training-2\/\">D1420 In-depth Rotary Training - 2<\/a>Skyline Airport Hotel6.11.2025 <a href=\"https:\/\/rotary.fi\/d1420\/en\/events\/rotary-foundation-seminar-fi\/\">D1420 Rotary Foundation seminar - FI<\/a>31.10.2025 <a href=\"https:\/\/rotary.fi\/d1420\/en\/events\/ee-rli-training-tartu-1\/\">D1420 Estonian Rotary Leadership Training seminar in Tartu -1<\/a>Hotel Sophia25.10.2025 <a href=\"https:\/\/rotary.fi\/d1420\/en\/events\/d1420-autumn-meeting\/\">D1420 autumn meeting<\/a>Hotel AX24.10.2025 <a href=\"https:\/\/rotary.fi\/d1420\/en\/events\/end-polio-dinner\/\">End Polio Dinner<\/a>Kalastajatorppa18.10.2025 <a href=\"https:\/\/rotary.fi\/d1420\/en\/events\/in-depth-rotary-training-1\/\">In-depth Rotary Training - 1<\/a>Skyline Airport Hotel5.10.2025 <a href=\"https:\/\/rotary.fi\/d1420\/en\/events\/rowing-for-baltic-herring\/\">Rowing for Baltic Herring<\/a>Ravintola Tokoinranta25.9.2025  - 28.9.2025<a href=\"https:\/\/rotary.fi\/d1420\/en\/events\/rotary-emea-fusion-conference-2025\/\">Rotary EMEA Fusion Conference 2025<\/a>Square &#8211; Brussels Meeting Centre28.8.2025 <a href=\"https:\/\/rotary.fi\/d1420\/en\/events\/baltic-sea-day\/\">Baltic Sea Day<\/a>Kansalaistori24.5.2025 <a href=\"https:\/\/rotary.fi\/d1420\/en\/events\/rotary-120-year\/\">Rotary 120 Year<\/a>Tampere-talo29.3.2025 <a href=\"https:\/\/rotary.fi\/d1420\/en\/events\/d1420-annual-spring-meeting\/\">D1420 annual spring meeting<\/a>Hotel AX22.3.2025 <a href=\"https:\/\/rotary.fi\/d1420\/en\/events\/pets-finland\/\">PETS Finland<\/a>Puu-Anttilan kokoustila14.3.2025 <a href=\"https:\/\/rotary.fi\/d1420\/en\/events\/pets-estonia\/\">PETS Estonia<\/a>1.3.2025 <a href=\"https:\/\/rotary.fi\/d1420\/en\/events\/in-depth-rotary-training-3-laajeneva-rotarymaailmani\/\">In-depth Rotary Training 3: Laajeneva rotarymaailmani<\/a>Suomen S\u00e4hk\u00f6tuonti24.2.2025 <a href=\"https:\/\/rotary.fi\/d1420\/en\/events\/prepets-finland-zoom-meeting\/\">PrePETS Finland - ZOOM meeting<\/a>18.2.2025 <a href=\"https:\/\/rotary.fi\/d1420\/en\/events\/prepets-estonia-zoom-meeting\/\">PrePETS Estonia - ZOOM meeting<\/a>8.2.2025 <a href=\"https:\/\/rotary.fi\/d1420\/en\/events\/in-depth-rotary-training-2-oma-rotaryklubini\/\">In-depth Rotary training 2: Oma rotaryklubini<\/a>Suomen S\u00e4hk\u00f6tuonti25.1.2025 <a href=\"https:\/\/rotary.fi\/d1420\/en\/events\/in-depth-rotary-training-1-mina-rotarina\/\">In-depth Rotary Training 1: Min\u00e4 rotarina<\/a>Suomen S\u00e4hk\u00f6tuonti28.11.2024 <a href=\"https:\/\/rotary.fi\/d1420\/en\/events\/rotary-foundation-seminar-in-tallinn\/\">Rotary Foundation Seminar in Tallinn<\/a>Nordic Hotel Forum, Tallinna25.11.2024 <a href=\"https:\/\/rotary.fi\/d1420\/en\/events\/the-rotary-foundation-seminar-of-the-district-1420\/\">The Rotary Foundation seminar of the district 1420<\/a>Hanasaari23.11.2024 <a href=\"https:\/\/rotary.fi\/d1420\/en\/events\/in-depth-rotary-training-rli-3rd-part\/\">In-depth rotary training RLI 3rd part<\/a>Hanasaari9.11.2024 <a href=\"https:\/\/rotary.fi\/d1420\/en\/events\/in-depth-rotary-training-rli-2nd-part\/\">In-depth rotary training RLI 2nd part<\/a>Hanasaari26.10.2024 <a href=\"https:\/\/rotary.fi\/d1420\/en\/events\/in-depth-rotary-training-rli-1st-part\/\">In-depth rotary training RLI 1st part<\/a>Hanasaari27.4.2024 <a href=\"https:\/\/rotary.fi\/d1420\/en\/events\/d1420-district-conference-and-spring-meeting\/\">D1420 District Conference and Spring Meeting<\/a>Hotelli Nuuksio9.4.2024 <a href=\"https:\/\/rotary.fi\/d1420\/events\/ilmastowebinaari-osa-2\/\">Ilmastowebinaari, Osa 2 - K\u00e4yt\u00e4nn\u00f6n ilmastotekoja<\/a>8.2.2024 <a href=\"https:\/\/rotary.fi\/d1420\/events\/ilmastowebinaari-osa-1\/\">Klubien ilmastohaaste, webinaari 1: Ilmastonmuutos ja sen hillint\u00e4toimet<\/a>14.4.2023  - 16.4.2023<a href=\"https:\/\/rotary.fi\/d1420\/en\/events\/district-conference-04-2023-tallinn\/\">District Conference 04\/2023, Tallinn<\/a>Radisson Collection Hotel Tallinn29.10.2022 <a href=\"https:\/\/rotary.fi\/d1420\/events\/syyskokous-d-1420\/\">Syyskokous D 1420<\/a>Hotelli Lepolampi9.4.2022 <a href=\"https:\/\/rotary.fi\/d1420\/en\/events\/district-conference\/\">District Conference<\/a>26.3.2022 <a href=\"https:\/\/rotary.fi\/d1420\/en\/events\/presidents-elect-training-seminar-pets-and-district-assembly\/\">Presidents-elect Training Seminar (PETS) and District Assembly<\/a>23.10.2021 <a href=\"https:\/\/rotary.fi\/d1420\/en\/events\/district-meeting\/\">District Meeting<\/a>25.6.2020 <a href=\"https:\/\/rotary.fi\/d1420\/events\/piirineuvottelu\/\">Piirineuvottelu<\/a>\t<\/div>\r\n<\/div><\/p>\n","protected":false},"author":1,"featured_media":0,"parent":3044,"menu_order":1,"comment_status":"closed","ping_status":"closed","template":"","meta":{"_acf_changed":false,"_et_pb_use_builder":"on","_et_pb_old_content":"","_et_gb_content_width":"","footnotes":""},"class_list":["post-3048","page","type-page","status-publish","hentry"],"acf":[],"yoast_head":"<!-- This site is optimized with the Yoast SEO plugin v27.4 - https:\/\/yoast.com\/product\/yoast-seo-wordpress\/ -->\n<title>Upcoming Events - Piiri 1420<\/title>\n<meta name=\"robots\" content=\"index, follow, max-snippet:-1, max-image-preview:large, max-video-preview:-1\" \/>\n<link rel=\"canonical\" href=\"https:\/\/rotary.fi\/d1420\/en\/news-and-features\/upcoming-events\/\" \/>\n<meta property=\"og:locale\" content=\"fi_FI\" \/>\n<meta property=\"og:type\" content=\"article\" \/>\n<meta property=\"og:title\" content=\"Upcoming Events - Piiri 1420\" \/>\n<meta property=\"og:description\" content=\"Upcoming Events Past Events\" \/>\n<meta property=\"og:url\" content=\"https:\/\/rotary.fi\/d1420\/en\/news-and-features\/upcoming-events\/\" \/>\n<meta property=\"og:site_name\" content=\"Piiri 1420\" \/>\n<meta property=\"article:publisher\" content=\"https:\/\/www.facebook.com\/rotary\/\" \/>\n<meta property=\"article:modified_time\" content=\"2024-01-30T08:50:02+00:00\" \/>\n<meta name=\"twitter:card\" content=\"summary_large_image\" \/>\n<meta name=\"twitter:label1\" content=\"Arvioitu lukuaika\" \/>\n\t<meta name=\"twitter:data1\" content=\"2 minuuttia\" \/>\n<script type=\"application\/ld+json\" class=\"yoast-schema-graph\">{\"@context\":\"https:\\\/\\\/schema.org\",\"@graph\":[{\"@type\":\"WebPage\",\"@id\":\"https:\\\/\\\/rotary.fi\\\/d1420\\\/en\\\/news-and-features\\\/upcoming-events\\\/\",\"url\":\"https:\\\/\\\/rotary.fi\\\/d1420\\\/en\\\/news-and-features\\\/upcoming-events\\\/\",\"name\":\"Upcoming Events - Piiri 1420\",\"isPartOf\":{\"@id\":\"https:\\\/\\\/rotary.fi\\\/d1420\\\/#website\"},\"datePublished\":\"2019-08-28T07:26:54+00:00\",\"dateModified\":\"2024-01-30T08:50:02+00:00\",\"breadcrumb\":{\"@id\":\"https:\\\/\\\/rotary.fi\\\/d1420\\\/en\\\/news-and-features\\\/upcoming-events\\\/#breadcrumb\"},\"inLanguage\":\"fi\",\"potentialAction\":[{\"@type\":\"ReadAction\",\"target\":[\"https:\\\/\\\/rotary.fi\\\/d1420\\\/en\\\/news-and-features\\\/upcoming-events\\\/\"]}]},{\"@type\":\"BreadcrumbList\",\"@id\":\"https:\\\/\\\/rotary.fi\\\/d1420\\\/en\\\/news-and-features\\\/upcoming-events\\\/#breadcrumb\",\"itemListElement\":[{\"@type\":\"ListItem\",\"position\":1,\"name\":\"Home\",\"item\":\"https:\\\/\\\/rotary.fi\\\/d1420\\\/\"},{\"@type\":\"ListItem\",\"position\":2,\"name\":\"News and Features\",\"item\":\"https:\\\/\\\/rotary.fi\\\/d1420\\\/en\\\/news-and-features\\\/\"},{\"@type\":\"ListItem\",\"position\":3,\"name\":\"Upcoming Events\"}]},{\"@type\":\"WebSite\",\"@id\":\"https:\\\/\\\/rotary.fi\\\/d1420\\\/#website\",\"url\":\"https:\\\/\\\/rotary.fi\\\/d1420\\\/\",\"name\":\"Piiri 1420\",\"description\":\"Suomen Rotary\",\"potentialAction\":[{\"@type\":\"SearchAction\",\"target\":{\"@type\":\"EntryPoint\",\"urlTemplate\":\"https:\\\/\\\/rotary.fi\\\/d1420\\\/?s={search_term_string}\"},\"query-input\":{\"@type\":\"PropertyValueSpecification\",\"valueRequired\":true,\"valueName\":\"search_term_string\"}}],\"inLanguage\":\"fi\"}]}<\/script>\n<!-- \/ Yoast SEO plugin. -->","yoast_head_json":{"title":"Upcoming Events - Piiri 1420","robots":{"index":"index","follow":"follow","max-snippet":"max-snippet:-1","max-image-preview":"max-image-preview:large","max-video-preview":"max-video-preview:-1"},"canonical":"https:\/\/rotary.fi\/d1420\/en\/news-and-features\/upcoming-events\/","og_locale":"fi_FI","og_type":"article","og_title":"Upcoming Events - Piiri 1420","og_description":"Upcoming Events Past Events","og_url":"https:\/\/rotary.fi\/d1420\/en\/news-and-features\/upcoming-events\/","og_site_name":"Piiri 1420","article_publisher":"https:\/\/www.facebook.com\/rotary\/","article_modified_time":"2024-01-30T08:50:02+00:00","twitter_card":"summary_large_image","twitter_misc":{"Arvioitu lukuaika":"2 minuuttia"},"schema":{"@context":"https:\/\/schema.org","@graph":[{"@type":"WebPage","@id":"https:\/\/rotary.fi\/d1420\/en\/news-and-features\/upcoming-events\/","url":"https:\/\/rotary.fi\/d1420\/en\/news-and-features\/upcoming-events\/","name":"Upcoming Events - Piiri 1420","isPartOf":{"@id":"https:\/\/rotary.fi\/d1420\/#website"},"datePublished":"2019-08-28T07:26:54+00:00","dateModified":"2024-01-30T08:50:02+00:00","breadcrumb":{"@id":"https:\/\/rotary.fi\/d1420\/en\/news-and-features\/upcoming-events\/#breadcrumb"},"inLanguage":"fi","potentialAction":[{"@type":"ReadAction","target":["https:\/\/rotary.fi\/d1420\/en\/news-and-features\/upcoming-events\/"]}]},{"@type":"BreadcrumbList","@id":"https:\/\/rotary.fi\/d1420\/en\/news-and-features\/upcoming-events\/#breadcrumb","itemListElement":[{"@type":"ListItem","position":1,"name":"Home","item":"https:\/\/rotary.fi\/d1420\/"},{"@type":"ListItem","position":2,"name":"News and Features","item":"https:\/\/rotary.fi\/d1420\/en\/news-and-features\/"},{"@type":"ListItem","position":3,"name":"Upcoming Events"}]},{"@type":"WebSite","@id":"https:\/\/rotary.fi\/d1420\/#website","url":"https:\/\/rotary.fi\/d1420\/","name":"Piiri 1420","description":"Suomen Rotary","potentialAction":[{"@type":"SearchAction","target":{"@type":"EntryPoint","urlTemplate":"https:\/\/rotary.fi\/d1420\/?s={search_term_string}"},"query-input":{"@type":"PropertyValueSpecification","valueRequired":true,"valueName":"search_term_string"}}],"inLanguage":"fi"}]}},"lang":"en","translations":{"en":3048,"fi":822,"sv":2788,"et":3686},"pll_sync_post":[],"_links":{"self":[{"href":"https:\/\/rotary.fi\/d1420\/wp-json\/wp\/v2\/pages\/3048","targetHints":{"allow":["GET"]}}],"collection":[{"href":"https:\/\/rotary.fi\/d1420\/wp-json\/wp\/v2\/pages"}],"about":[{"href":"https:\/\/rotary.fi\/d1420\/wp-json\/wp\/v2\/types\/page"}],"author":[{"embeddable":true,"href":"https:\/\/rotary.fi\/d1420\/wp-json\/wp\/v2\/users\/1"}],"replies":[{"embeddable":true,"href":"https:\/\/rotary.fi\/d1420\/wp-json\/wp\/v2\/comments?post=3048"}],"version-history":[{"count":11,"href":"https:\/\/rotary.fi\/d1420\/wp-json\/wp\/v2\/pages\/3048\/revisions"}],"predecessor-version":[{"id":7725,"href":"https:\/\/rotary.fi\/d1420\/wp-json\/wp\/v2\/pages\/3048\/revisions\/7725"}],"up":[{"embeddable":true,"href":"https:\/\/rotary.fi\/d1420\/wp-json\/wp\/v2\/pages\/3044"}],"wp:attachment":[{"href":"https:\/\/rotary.fi\/d1420\/wp-json\/wp\/v2\/media?parent=3048"}],"curies":[{"name":"wp","href":"https:\/\/api.w.org\/{rel}","templated":true}]}}