{"id":2710,"date":"2019-08-13T14:12:44","date_gmt":"2019-08-13T12:12:44","guid":{"rendered":"https:\/\/rotary.fi\/d1420\/?page_id=2710"},"modified":"2023-12-18T11:34:01","modified_gmt":"2023-12-18T09:34:01","slug":"intresserad-av-att-bli-medlem","status":"publish","type":"page","link":"https:\/\/rotary.fi\/d1420\/sv\/intresserad-av-att-bli-medlem\/","title":{"rendered":"Intresserad av att bli medlem?"},"content":{"rendered":"<p>[et_pb_section fb_built=&#8221;1&#8243; module_class=&#8221;jumbotron-page&#8221; _builder_version=&#8221;4.16&#8243; background_image=&#8221;http:\/\/rotary.fi\/piirisivusto\/wp-content\/uploads\/sites\/183\/2018\/04\/paakuva_liity_mukaan.jpg&#8221; global_colors_info=&#8221;{}&#8221;][et_pb_row module_class=&#8221; et_pb_row_fullwidth et_pb_row_fullwidth et_pb_row_fullwidth et_pb_row_fullwidth et_pb_row_fullwidth et_pb_row_fullwidth et_pb_row_fullwidth&#8221; _builder_version=&#8221;4.16&#8243; width=&#8221;89%&#8221; width_tablet=&#8221;80%&#8221; width_phone=&#8221;&#8221; width_last_edited=&#8221;on|desktop&#8221; max_width=&#8221;89%&#8221; max_width_tablet=&#8221;80%&#8221; max_width_phone=&#8221;&#8221; max_width_last_edited=&#8221;on|desktop&#8221; make_fullwidth=&#8221;on&#8221; global_colors_info=&#8221;{}&#8221;][et_pb_column type=&#8221;4_4&#8243; _builder_version=&#8221;4.16&#8243; custom_padding=&#8221;|||&#8221; global_colors_info=&#8221;{}&#8221; custom_padding__hover=&#8221;|||&#8221;][et_pb_text admin_label=&#8221;Intresserad av att bli medlem? -otsikko&#8221; _builder_version=&#8221;4.16&#8243; text_orientation=&#8221;center&#8221; background_layout=&#8221;dark&#8221; z_index_tablet=&#8221;500&#8243; text_text_shadow_horizontal_length_tablet=&#8221;0px&#8221; text_text_shadow_vertical_length_tablet=&#8221;0px&#8221; text_text_shadow_blur_strength_tablet=&#8221;1px&#8221; link_text_shadow_horizontal_length_tablet=&#8221;0px&#8221; link_text_shadow_vertical_length_tablet=&#8221;0px&#8221; link_text_shadow_blur_strength_tablet=&#8221;1px&#8221; ul_text_shadow_horizontal_length_tablet=&#8221;0px&#8221; ul_text_shadow_vertical_length_tablet=&#8221;0px&#8221; ul_text_shadow_blur_strength_tablet=&#8221;1px&#8221; ol_text_shadow_horizontal_length_tablet=&#8221;0px&#8221; ol_text_shadow_vertical_length_tablet=&#8221;0px&#8221; ol_text_shadow_blur_strength_tablet=&#8221;1px&#8221; quote_text_shadow_horizontal_length_tablet=&#8221;0px&#8221; quote_text_shadow_vertical_length_tablet=&#8221;0px&#8221; quote_text_shadow_blur_strength_tablet=&#8221;1px&#8221; header_text_shadow_horizontal_length_tablet=&#8221;0px&#8221; header_text_shadow_vertical_length_tablet=&#8221;0px&#8221; header_text_shadow_blur_strength_tablet=&#8221;1px&#8221; header_2_text_shadow_horizontal_length_tablet=&#8221;0px&#8221; header_2_text_shadow_vertical_length_tablet=&#8221;0px&#8221; header_2_text_shadow_blur_strength_tablet=&#8221;1px&#8221; header_3_text_shadow_horizontal_length_tablet=&#8221;0px&#8221; header_3_text_shadow_vertical_length_tablet=&#8221;0px&#8221; header_3_text_shadow_blur_strength_tablet=&#8221;1px&#8221; header_4_text_shadow_horizontal_length_tablet=&#8221;0px&#8221; header_4_text_shadow_vertical_length_tablet=&#8221;0px&#8221; header_4_text_shadow_blur_strength_tablet=&#8221;1px&#8221; header_5_text_shadow_horizontal_length_tablet=&#8221;0px&#8221; header_5_text_shadow_vertical_length_tablet=&#8221;0px&#8221; header_5_text_shadow_blur_strength_tablet=&#8221;1px&#8221; header_6_text_shadow_horizontal_length_tablet=&#8221;0px&#8221; header_6_text_shadow_vertical_length_tablet=&#8221;0px&#8221; header_6_text_shadow_blur_strength_tablet=&#8221;1px&#8221; box_shadow_horizontal_tablet=&#8221;0px&#8221; box_shadow_vertical_tablet=&#8221;0px&#8221; box_shadow_blur_tablet=&#8221;40px&#8221; box_shadow_spread_tablet=&#8221;0px&#8221; global_colors_info=&#8221;{}&#8221;]<\/p>\n<h1>Intresserad av att bli medlem?<\/h1>\n<p>[\/et_pb_text][\/et_pb_column][\/et_pb_row][\/et_pb_section][et_pb_section fb_built=&#8221;1&#8243; module_class=&#8221;sisaltoalue_perus&#8221; _builder_version=&#8221;4.16&#8243; background_size=&#8221;initial&#8221; background_position=&#8221;top_left&#8221; background_repeat=&#8221;repeat&#8221; global_colors_info=&#8221;{}&#8221;][et_pb_row custom_padding_last_edited=&#8221;on|phone&#8221; _builder_version=&#8221;4.16&#8243; custom_padding=&#8221;46.6875px|0px|63px|0px&#8221; custom_padding_tablet=&#8221;&#8221; custom_padding_phone=&#8221;&#8221; global_colors_info=&#8221;{}&#8221;][et_pb_column type=&#8221;4_4&#8243; _builder_version=&#8221;4.16&#8243; custom_padding=&#8221;|||&#8221; global_colors_info=&#8221;{}&#8221; custom_padding__hover=&#8221;|||&#8221;][et_pb_text admin_label=&#8221;Intresserad av att bli medlem? -otsikko&#8221; _builder_version=&#8221;4.22.1&#8243; text_orientation=&#8221;center&#8221; z_index_tablet=&#8221;500&#8243; text_text_shadow_horizontal_length_tablet=&#8221;0px&#8221; text_text_shadow_vertical_length_tablet=&#8221;0px&#8221; text_text_shadow_blur_strength_tablet=&#8221;1px&#8221; link_text_shadow_horizontal_length_tablet=&#8221;0px&#8221; link_text_shadow_vertical_length_tablet=&#8221;0px&#8221; link_text_shadow_blur_strength_tablet=&#8221;1px&#8221; ul_text_shadow_horizontal_length_tablet=&#8221;0px&#8221; ul_text_shadow_vertical_length_tablet=&#8221;0px&#8221; ul_text_shadow_blur_strength_tablet=&#8221;1px&#8221; ol_text_shadow_horizontal_length_tablet=&#8221;0px&#8221; ol_text_shadow_vertical_length_tablet=&#8221;0px&#8221; ol_text_shadow_blur_strength_tablet=&#8221;1px&#8221; quote_text_shadow_horizontal_length_tablet=&#8221;0px&#8221; quote_text_shadow_vertical_length_tablet=&#8221;0px&#8221; quote_text_shadow_blur_strength_tablet=&#8221;1px&#8221; header_text_shadow_horizontal_length_tablet=&#8221;0px&#8221; header_text_shadow_vertical_length_tablet=&#8221;0px&#8221; header_text_shadow_blur_strength_tablet=&#8221;1px&#8221; header_2_text_shadow_horizontal_length_tablet=&#8221;0px&#8221; header_2_text_shadow_vertical_length_tablet=&#8221;0px&#8221; header_2_text_shadow_blur_strength_tablet=&#8221;1px&#8221; header_3_text_shadow_horizontal_length_tablet=&#8221;0px&#8221; header_3_text_shadow_vertical_length_tablet=&#8221;0px&#8221; header_3_text_shadow_blur_strength_tablet=&#8221;1px&#8221; header_4_text_shadow_horizontal_length_tablet=&#8221;0px&#8221; header_4_text_shadow_vertical_length_tablet=&#8221;0px&#8221; header_4_text_shadow_blur_strength_tablet=&#8221;1px&#8221; header_5_text_shadow_horizontal_length_tablet=&#8221;0px&#8221; header_5_text_shadow_vertical_length_tablet=&#8221;0px&#8221; header_5_text_shadow_blur_strength_tablet=&#8221;1px&#8221; header_6_text_shadow_horizontal_length_tablet=&#8221;0px&#8221; header_6_text_shadow_vertical_length_tablet=&#8221;0px&#8221; header_6_text_shadow_blur_strength_tablet=&#8221;1px&#8221; box_shadow_horizontal_tablet=&#8221;0px&#8221; box_shadow_vertical_tablet=&#8221;0px&#8221; box_shadow_blur_tablet=&#8221;40px&#8221; box_shadow_spread_tablet=&#8221;0px&#8221; global_colors_info=&#8221;{}&#8221;]<\/p>\n<h1>Hur ans\u00f6ker jag om att bli medlem ?<\/h1>\n<p>[\/et_pb_text][et_pb_text _builder_version=&#8221;4.22.1&#8243; custom_margin=&#8221;||60px|&#8221; z_index_tablet=&#8221;500&#8243; text_text_shadow_horizontal_length_tablet=&#8221;0px&#8221; text_text_shadow_vertical_length_tablet=&#8221;0px&#8221; text_text_shadow_blur_strength_tablet=&#8221;1px&#8221; link_text_shadow_horizontal_length_tablet=&#8221;0px&#8221; link_text_shadow_vertical_length_tablet=&#8221;0px&#8221; link_text_shadow_blur_strength_tablet=&#8221;1px&#8221; ul_text_shadow_horizontal_length_tablet=&#8221;0px&#8221; ul_text_shadow_vertical_length_tablet=&#8221;0px&#8221; ul_text_shadow_blur_strength_tablet=&#8221;1px&#8221; ol_text_shadow_horizontal_length_tablet=&#8221;0px&#8221; ol_text_shadow_vertical_length_tablet=&#8221;0px&#8221; ol_text_shadow_blur_strength_tablet=&#8221;1px&#8221; quote_text_shadow_horizontal_length_tablet=&#8221;0px&#8221; quote_text_shadow_vertical_length_tablet=&#8221;0px&#8221; quote_text_shadow_blur_strength_tablet=&#8221;1px&#8221; header_text_shadow_horizontal_length_tablet=&#8221;0px&#8221; header_text_shadow_vertical_length_tablet=&#8221;0px&#8221; header_text_shadow_blur_strength_tablet=&#8221;1px&#8221; header_2_text_shadow_horizontal_length_tablet=&#8221;0px&#8221; header_2_text_shadow_vertical_length_tablet=&#8221;0px&#8221; header_2_text_shadow_blur_strength_tablet=&#8221;1px&#8221; header_3_text_shadow_horizontal_length_tablet=&#8221;0px&#8221; header_3_text_shadow_vertical_length_tablet=&#8221;0px&#8221; header_3_text_shadow_blur_strength_tablet=&#8221;1px&#8221; header_4_text_shadow_horizontal_length_tablet=&#8221;0px&#8221; header_4_text_shadow_vertical_length_tablet=&#8221;0px&#8221; header_4_text_shadow_blur_strength_tablet=&#8221;1px&#8221; header_5_text_shadow_horizontal_length_tablet=&#8221;0px&#8221; header_5_text_shadow_vertical_length_tablet=&#8221;0px&#8221; header_5_text_shadow_blur_strength_tablet=&#8221;1px&#8221; header_6_text_shadow_horizontal_length_tablet=&#8221;0px&#8221; header_6_text_shadow_vertical_length_tablet=&#8221;0px&#8221; header_6_text_shadow_blur_strength_tablet=&#8221;1px&#8221; box_shadow_horizontal_tablet=&#8221;0px&#8221; box_shadow_vertical_tablet=&#8221;0px&#8221; box_shadow_blur_tablet=&#8221;40px&#8221; box_shadow_spread_tablet=&#8221;0px&#8221; global_colors_info=&#8221;{}&#8221;]<\/p>\n<p>Det l\u00f6nar sig att bli medlem i Rotary om du vill vara med och utveckla din hemort eller bidra till att bygga en b\u00e4ttre v\u00e4rld. Rotary f\u00f6renar likasinnade, och genom att arbeta tillsammans kan vi \u00e5stadkomma mer. Som rotarian blir du bekant med p\u00e5verkarna p\u00e5 din ort, och om du vill \u00f6ppnas ocks\u00e5 insyn i det internationella arbetet. Vi \u00e4r <a href=\"https:\/\/rotary.fi\/d1420\/sv\/rotarydistrikt-1420\/vi-ar-en-del-av-det-internationella-rotary\/\">ett globalt n\u00e4tverk<\/a> som erbjuder m\u00e5nga olika m\u00f6jligheter.<\/p>\n<p>&nbsp;<\/p>\n<h3 style=\"text-align: left\">Tio goda sk\u00e4l att vara rotarian<\/h3>\n<p>Som rotarian kan du<\/p>\n<ol>\n<li>Tj\u00e4na och anv\u00e4nda dina egna f\u00e4rdigheter<\/li>\n<li>Bilda professionella n\u00e4tverk<\/li>\n<li>V\u00e4xa och utvecklas som en m\u00e4nniska<\/li>\n<li>Skapa nya v\u00e4nskapsband<\/li>\n<li>Ta del av kulturell m\u00e5ngfald<\/li>\n<li>Fungera som en god medlem i samh\u00e4llet<\/li>\n<li>Fr\u00e4mja global f\u00f6rst\u00e5else<\/li>\n<li>Trivas och uppleva nya saker<\/li>\n<li>Ta del av ungdomsutbyte och, om du \u00f6nskar, ta med en utbyteselev till ditt hem<\/li>\n<li>Ta del av etiska aktiviteter.<\/li>\n<\/ol>\n<p>F\u00f6r ungdomar erbjuder vi m\u00f6jligheten att delta i Rotary genom <a href=\"https:\/\/rotary.fi\/sv\/vad-gor-vi\/ungdomsservice\/interact\/\" target=\"_blank\" rel=\"noopener noreferrer\">Interact<\/a>&#8211; och <a href=\"https:\/\/rotary.fi\/sv\/vad-gor-vi\/ungdomsservice\/rotaract\/\" target=\"_blank\" rel=\"noopener noreferrer\">Rotaract<\/a> verksamheten.<\/p>\n<p>[\/et_pb_text][et_pb_text admin_label=&#8221;Hur ans\u00f6ker jag om att bli medlem &#8221; _builder_version=&#8221;4.22.1&#8243; custom_margin=&#8221;||60px|&#8221; hover_enabled=&#8221;0&#8243; z_index_tablet=&#8221;500&#8243; text_text_shadow_horizontal_length_tablet=&#8221;0px&#8221; text_text_shadow_vertical_length_tablet=&#8221;0px&#8221; text_text_shadow_blur_strength_tablet=&#8221;1px&#8221; link_text_shadow_horizontal_length_tablet=&#8221;0px&#8221; link_text_shadow_vertical_length_tablet=&#8221;0px&#8221; link_text_shadow_blur_strength_tablet=&#8221;1px&#8221; ul_text_shadow_horizontal_length_tablet=&#8221;0px&#8221; ul_text_shadow_vertical_length_tablet=&#8221;0px&#8221; ul_text_shadow_blur_strength_tablet=&#8221;1px&#8221; ol_text_shadow_horizontal_length_tablet=&#8221;0px&#8221; ol_text_shadow_vertical_length_tablet=&#8221;0px&#8221; ol_text_shadow_blur_strength_tablet=&#8221;1px&#8221; quote_text_shadow_horizontal_length_tablet=&#8221;0px&#8221; quote_text_shadow_vertical_length_tablet=&#8221;0px&#8221; quote_text_shadow_blur_strength_tablet=&#8221;1px&#8221; header_text_shadow_horizontal_length_tablet=&#8221;0px&#8221; header_text_shadow_vertical_length_tablet=&#8221;0px&#8221; header_text_shadow_blur_strength_tablet=&#8221;1px&#8221; header_2_text_shadow_horizontal_length_tablet=&#8221;0px&#8221; header_2_text_shadow_vertical_length_tablet=&#8221;0px&#8221; header_2_text_shadow_blur_strength_tablet=&#8221;1px&#8221; header_3_text_shadow_horizontal_length_tablet=&#8221;0px&#8221; header_3_text_shadow_vertical_length_tablet=&#8221;0px&#8221; header_3_text_shadow_blur_strength_tablet=&#8221;1px&#8221; header_4_text_shadow_horizontal_length_tablet=&#8221;0px&#8221; header_4_text_shadow_vertical_length_tablet=&#8221;0px&#8221; header_4_text_shadow_blur_strength_tablet=&#8221;1px&#8221; header_5_text_shadow_horizontal_length_tablet=&#8221;0px&#8221; header_5_text_shadow_vertical_length_tablet=&#8221;0px&#8221; header_5_text_shadow_blur_strength_tablet=&#8221;1px&#8221; header_6_text_shadow_horizontal_length_tablet=&#8221;0px&#8221; header_6_text_shadow_vertical_length_tablet=&#8221;0px&#8221; header_6_text_shadow_blur_strength_tablet=&#8221;1px&#8221; box_shadow_horizontal_tablet=&#8221;0px&#8221; box_shadow_vertical_tablet=&#8221;0px&#8221; box_shadow_blur_tablet=&#8221;40px&#8221; box_shadow_spread_tablet=&#8221;0px&#8221; global_colors_info=&#8221;{}&#8221; sticky_enabled=&#8221;0&#8243;]<\/p>\n<h3>Hur ans\u00f6ker jag om att bli medlem i rotaryklubben?<\/h3>\n<p>Alla rotaryklubbar arbetar aktivt med att rekrytera nya medlemmar. Nya medlemmar blir inbjudna till klubben av en befintlig medlem.<\/p>\n<p>Den viktigaste kriteriet f\u00f6r medlemskap \u00e4r m\u00f6jligheten att aktivt delta i klubbens verksamhet. M\u00e5let \u00e4r att bjuda in medlemmar fr\u00e5n olika kompetensomr\u00e5den f\u00f6r att klubben ska spegla olika yrken och kulturer p\u00e5 ett m\u00e5ngsidigt s\u00e4tt.<\/p>\n<p>Om du \u00e4r intresserad av medlemskap, f\u00f6lj f\u00f6ljande steg:<\/p>\n<ol>\n<li>Bekanta dig med <a href=\"https:\/\/rotary.fi\/d1420\/sv\/vad-ar-rotary\/\">Rotary<\/a>, <a href=\"https:\/\/rotary.fi\/d1420\/sv\/det-har-gor-vi\/\">organisationens verksamhet och v\u00e4rderingar<\/a>.<\/li>\n<li>Bekanta dig med klubbarnas verksamhet. Klubbarna i s\u00f6dra Finland och Estland hittar du genom <a href=\"https:\/\/rotary.fi\/d1420\/sv\/kom-med\/rotarydistriktets-klubbar\">denna l\u00e4nk<\/a> eller genom <a href=\"https:\/\/my.rotary.org\/en\/club-search\">Club Finder<\/a>-s\u00f6ktj\u00e4nsten.<\/li>\n<li>V\u00e4lj en l\u00e4mplig klubb som tr\u00e4ffas n\u00e4ra dig och vid en tid som passar dig.<\/li>\n<li>Ta kontakt med en medlem i klubben och ber\u00e4tta f\u00f6r honom eller henne om ditt intresse f\u00f6r rotaryverksamhet och klubbens aktiviteter. Diskutera ocks\u00e5 m\u00f6jligheten att delta som g\u00e4st vid ett klubbm\u00f6te f\u00f6r att f\u00e5 en uppfattning om klubbens verksamhet och medlemskap.<\/li>\n<li>Om klubben efter bekantskapen visar sig vara l\u00e4mplig och medlemskapet intressant, skicka en fri formulerad ans\u00f6kan till klubbens president eller sekreterare d\u00e4r du h\u00e4nvisar till den inbjudan som du fick fr\u00e5n den medlem du tr\u00e4ffade, och ber\u00e4ttar om dig sj\u00e4lv och din motivation att bli medlem i Rotary. Bil\u00e4gg ditt CV till ans\u00f6kan och fyll i dina kontaktuppgifter i formul\u00e4ret nedan om du s\u00e5 \u00f6nskar.<\/li>\n<li>Klubben \u00f6verv\u00e4ger din ans\u00f6kan och om de godk\u00e4nner den ber de dig ge dina kontaktuppgifter p\u00e5 medlemsans\u00f6kningsblanketten.<\/li>\n<li>Du v\u00e4lkomnas som ny medlem i klubben och presenteras vid ett klubbm\u00f6te.<\/li>\n<\/ol>\n<p><a href=\"https:\/\/rotary.fi\/d1420\/wp-content\/uploads\/sites\/183\/2023\/12\/Jasenhakemuslomake.pdf\" rel=\"attachment wp-att-7147\">Ans\u00f6kningsformul\u00e4r f\u00f6r medlemskap i PDF-format <\/a><br \/><a href=\"https:\/\/rotary.fi\/d1420\/wp-content\/uploads\/sites\/183\/2023\/12\/Jasenhakemuslomake.docx\" rel=\"attachment wp-att-7145\">Ans\u00f6kningsformul\u00e4r f\u00f6r medlemskap i MS Word-format <\/a><\/p>\n<p>[\/et_pb_text][\/et_pb_column][\/et_pb_row][\/et_pb_section]<\/p>\n","protected":false},"excerpt":{"rendered":"<p>Intresserad av att bli medlem? Hur ans\u00f6ker jag om att bli medlem ?Det l\u00f6nar sig att bli medlem i Rotary om du vill vara med och utveckla din hemort eller bidra till att bygga en b\u00e4ttre v\u00e4rld. Rotary f\u00f6renar likasinnade, och genom att arbeta tillsammans kan vi \u00e5stadkomma mer. Som rotarian blir du bekant med [&hellip;]<\/p>\n","protected":false},"author":1,"featured_media":0,"parent":0,"menu_order":1,"comment_status":"closed","ping_status":"closed","template":"","meta":{"_acf_changed":false,"_et_pb_use_builder":"on","_et_pb_old_content":"","_et_gb_content_width":"","footnotes":""},"class_list":["post-2710","page","type-page","status-publish","hentry"],"acf":[],"yoast_head":"<!-- This site is optimized with the Yoast SEO plugin v27.4 - https:\/\/yoast.com\/product\/yoast-seo-wordpress\/ -->\n<title>Intresserad av att bli medlem? - Piiri 1420<\/title>\n<meta name=\"robots\" content=\"index, follow, max-snippet:-1, max-image-preview:large, max-video-preview:-1\" \/>\n<link rel=\"canonical\" href=\"https:\/\/rotary.fi\/d1420\/sv\/intresserad-av-att-bli-medlem\/\" \/>\n<meta property=\"og:locale\" content=\"fi_FI\" \/>\n<meta property=\"og:type\" content=\"article\" \/>\n<meta property=\"og:title\" content=\"Intresserad av att bli medlem? - Piiri 1420\" \/>\n<meta property=\"og:description\" content=\"Intresserad av att bli medlem? Hur ans\u00f6ker jag om att bli medlem ?Det l\u00f6nar sig att bli medlem i Rotary om du vill vara med och utveckla din hemort eller bidra till att bygga en b\u00e4ttre v\u00e4rld. Rotary f\u00f6renar likasinnade, och genom att arbeta tillsammans kan vi \u00e5stadkomma mer. Som rotarian blir du bekant med [&hellip;]\" \/>\n<meta property=\"og:url\" content=\"https:\/\/rotary.fi\/d1420\/sv\/intresserad-av-att-bli-medlem\/\" \/>\n<meta property=\"og:site_name\" content=\"Piiri 1420\" \/>\n<meta property=\"article:publisher\" content=\"https:\/\/www.facebook.com\/rotary\/\" \/>\n<meta property=\"article:modified_time\" content=\"2023-12-18T09:34:01+00:00\" \/>\n<meta name=\"twitter:card\" content=\"summary_large_image\" \/>\n<meta name=\"twitter:label1\" content=\"Arvioitu lukuaika\" \/>\n\t<meta name=\"twitter:data1\" content=\"3 minuuttia\" \/>\n<script type=\"application\/ld+json\" class=\"yoast-schema-graph\">{\"@context\":\"https:\\\/\\\/schema.org\",\"@graph\":[{\"@type\":\"WebPage\",\"@id\":\"https:\\\/\\\/rotary.fi\\\/d1420\\\/sv\\\/intresserad-av-att-bli-medlem\\\/\",\"url\":\"https:\\\/\\\/rotary.fi\\\/d1420\\\/sv\\\/intresserad-av-att-bli-medlem\\\/\",\"name\":\"Intresserad av att bli medlem? - Piiri 1420\",\"isPartOf\":{\"@id\":\"https:\\\/\\\/rotary.fi\\\/d1420\\\/#website\"},\"datePublished\":\"2019-08-13T12:12:44+00:00\",\"dateModified\":\"2023-12-18T09:34:01+00:00\",\"breadcrumb\":{\"@id\":\"https:\\\/\\\/rotary.fi\\\/d1420\\\/sv\\\/intresserad-av-att-bli-medlem\\\/#breadcrumb\"},\"inLanguage\":\"fi\",\"potentialAction\":[{\"@type\":\"ReadAction\",\"target\":[\"https:\\\/\\\/rotary.fi\\\/d1420\\\/sv\\\/intresserad-av-att-bli-medlem\\\/\"]}]},{\"@type\":\"BreadcrumbList\",\"@id\":\"https:\\\/\\\/rotary.fi\\\/d1420\\\/sv\\\/intresserad-av-att-bli-medlem\\\/#breadcrumb\",\"itemListElement\":[{\"@type\":\"ListItem\",\"position\":1,\"name\":\"Home\",\"item\":\"https:\\\/\\\/rotary.fi\\\/d1420\\\/\"},{\"@type\":\"ListItem\",\"position\":2,\"name\":\"Intresserad av att bli medlem?\"}]},{\"@type\":\"WebSite\",\"@id\":\"https:\\\/\\\/rotary.fi\\\/d1420\\\/#website\",\"url\":\"https:\\\/\\\/rotary.fi\\\/d1420\\\/\",\"name\":\"Piiri 1420\",\"description\":\"Suomen Rotary\",\"potentialAction\":[{\"@type\":\"SearchAction\",\"target\":{\"@type\":\"EntryPoint\",\"urlTemplate\":\"https:\\\/\\\/rotary.fi\\\/d1420\\\/?s={search_term_string}\"},\"query-input\":{\"@type\":\"PropertyValueSpecification\",\"valueRequired\":true,\"valueName\":\"search_term_string\"}}],\"inLanguage\":\"fi\"}]}<\/script>\n<!-- \/ Yoast SEO plugin. -->","yoast_head_json":{"title":"Intresserad av att bli medlem? - Piiri 1420","robots":{"index":"index","follow":"follow","max-snippet":"max-snippet:-1","max-image-preview":"max-image-preview:large","max-video-preview":"max-video-preview:-1"},"canonical":"https:\/\/rotary.fi\/d1420\/sv\/intresserad-av-att-bli-medlem\/","og_locale":"fi_FI","og_type":"article","og_title":"Intresserad av att bli medlem? - Piiri 1420","og_description":"Intresserad av att bli medlem? Hur ans\u00f6ker jag om att bli medlem ?Det l\u00f6nar sig att bli medlem i Rotary om du vill vara med och utveckla din hemort eller bidra till att bygga en b\u00e4ttre v\u00e4rld. Rotary f\u00f6renar likasinnade, och genom att arbeta tillsammans kan vi \u00e5stadkomma mer. Som rotarian blir du bekant med [&hellip;]","og_url":"https:\/\/rotary.fi\/d1420\/sv\/intresserad-av-att-bli-medlem\/","og_site_name":"Piiri 1420","article_publisher":"https:\/\/www.facebook.com\/rotary\/","article_modified_time":"2023-12-18T09:34:01+00:00","twitter_card":"summary_large_image","twitter_misc":{"Arvioitu lukuaika":"3 minuuttia"},"schema":{"@context":"https:\/\/schema.org","@graph":[{"@type":"WebPage","@id":"https:\/\/rotary.fi\/d1420\/sv\/intresserad-av-att-bli-medlem\/","url":"https:\/\/rotary.fi\/d1420\/sv\/intresserad-av-att-bli-medlem\/","name":"Intresserad av att bli medlem? - Piiri 1420","isPartOf":{"@id":"https:\/\/rotary.fi\/d1420\/#website"},"datePublished":"2019-08-13T12:12:44+00:00","dateModified":"2023-12-18T09:34:01+00:00","breadcrumb":{"@id":"https:\/\/rotary.fi\/d1420\/sv\/intresserad-av-att-bli-medlem\/#breadcrumb"},"inLanguage":"fi","potentialAction":[{"@type":"ReadAction","target":["https:\/\/rotary.fi\/d1420\/sv\/intresserad-av-att-bli-medlem\/"]}]},{"@type":"BreadcrumbList","@id":"https:\/\/rotary.fi\/d1420\/sv\/intresserad-av-att-bli-medlem\/#breadcrumb","itemListElement":[{"@type":"ListItem","position":1,"name":"Home","item":"https:\/\/rotary.fi\/d1420\/"},{"@type":"ListItem","position":2,"name":"Intresserad av att bli medlem?"}]},{"@type":"WebSite","@id":"https:\/\/rotary.fi\/d1420\/#website","url":"https:\/\/rotary.fi\/d1420\/","name":"Piiri 1420","description":"Suomen Rotary","potentialAction":[{"@type":"SearchAction","target":{"@type":"EntryPoint","urlTemplate":"https:\/\/rotary.fi\/d1420\/?s={search_term_string}"},"query-input":{"@type":"PropertyValueSpecification","valueRequired":true,"valueName":"search_term_string"}}],"inLanguage":"fi"}]}},"lang":"sv","translations":{"sv":2710,"fi":658,"en":2965,"et":3628},"pll_sync_post":[],"_links":{"self":[{"href":"https:\/\/rotary.fi\/d1420\/wp-json\/wp\/v2\/pages\/2710","targetHints":{"allow":["GET"]}}],"collection":[{"href":"https:\/\/rotary.fi\/d1420\/wp-json\/wp\/v2\/pages"}],"about":[{"href":"https:\/\/rotary.fi\/d1420\/wp-json\/wp\/v2\/types\/page"}],"author":[{"embeddable":true,"href":"https:\/\/rotary.fi\/d1420\/wp-json\/wp\/v2\/users\/1"}],"replies":[{"embeddable":true,"href":"https:\/\/rotary.fi\/d1420\/wp-json\/wp\/v2\/comments?post=2710"}],"version-history":[{"count":10,"href":"https:\/\/rotary.fi\/d1420\/wp-json\/wp\/v2\/pages\/2710\/revisions"}],"predecessor-version":[{"id":7313,"href":"https:\/\/rotary.fi\/d1420\/wp-json\/wp\/v2\/pages\/2710\/revisions\/7313"}],"wp:attachment":[{"href":"https:\/\/rotary.fi\/d1420\/wp-json\/wp\/v2\/media?parent=2710"}],"curies":[{"name":"wp","href":"https:\/\/api.w.org\/{rel}","templated":true}]}}