{"id":2671,"date":"2019-08-13T12:43:41","date_gmt":"2019-08-13T10:43:41","guid":{"rendered":"https:\/\/rotary.fi\/d1420\/?page_id=2671"},"modified":"2025-07-19T09:33:20","modified_gmt":"2025-07-19T07:33:20","slug":"internationella-projekt","status":"publish","type":"page","link":"https:\/\/rotary.fi\/d1420\/sv\/det-har-gor-vi\/internationella-projekt\/","title":{"rendered":"Internationella projekt"},"content":{"rendered":"<p>[et_pb_section fb_built=&#8221;1&#8243; module_class=&#8221;jumbotron-page&#8221; _builder_version=&#8221;4.16&#8243; background_image=&#8221;http:\/\/rotary.fi\/piirisivusto\/wp-content\/uploads\/sites\/183\/2018\/04\/paakuva_kansainvaliset_projektit_mita_teemme.jpg&#8221; global_colors_info=&#8221;{}&#8221;][et_pb_row module_class=&#8221; et_pb_row_fullwidth&#8221; _builder_version=&#8221;4.16&#8243; width=&#8221;89%&#8221; width_tablet=&#8221;80%&#8221; width_phone=&#8221;&#8221; width_last_edited=&#8221;on|desktop&#8221; max_width=&#8221;89%&#8221; max_width_tablet=&#8221;80%&#8221; max_width_phone=&#8221;&#8221; max_width_last_edited=&#8221;on|desktop&#8221; make_fullwidth=&#8221;on&#8221; global_colors_info=&#8221;{}&#8221;][et_pb_column type=&#8221;4_4&#8243; _builder_version=&#8221;4.16&#8243; custom_padding=&#8221;|||&#8221; global_colors_info=&#8221;{}&#8221; custom_padding__hover=&#8221;|||&#8221;][et_pb_text admin_label=&#8221;Internationella projekt&#8221; _builder_version=&#8221;4.16&#8243; text_orientation=&#8221;center&#8221; background_layout=&#8221;dark&#8221; z_index_tablet=&#8221;500&#8243; text_text_shadow_horizontal_length_tablet=&#8221;0px&#8221; text_text_shadow_vertical_length_tablet=&#8221;0px&#8221; text_text_shadow_blur_strength_tablet=&#8221;1px&#8221; link_text_shadow_horizontal_length_tablet=&#8221;0px&#8221; link_text_shadow_vertical_length_tablet=&#8221;0px&#8221; link_text_shadow_blur_strength_tablet=&#8221;1px&#8221; ul_text_shadow_horizontal_length_tablet=&#8221;0px&#8221; ul_text_shadow_vertical_length_tablet=&#8221;0px&#8221; ul_text_shadow_blur_strength_tablet=&#8221;1px&#8221; ol_text_shadow_horizontal_length_tablet=&#8221;0px&#8221; ol_text_shadow_vertical_length_tablet=&#8221;0px&#8221; ol_text_shadow_blur_strength_tablet=&#8221;1px&#8221; quote_text_shadow_horizontal_length_tablet=&#8221;0px&#8221; quote_text_shadow_vertical_length_tablet=&#8221;0px&#8221; quote_text_shadow_blur_strength_tablet=&#8221;1px&#8221; header_text_shadow_horizontal_length_tablet=&#8221;0px&#8221; header_text_shadow_vertical_length_tablet=&#8221;0px&#8221; header_text_shadow_blur_strength_tablet=&#8221;1px&#8221; header_2_text_shadow_horizontal_length_tablet=&#8221;0px&#8221; header_2_text_shadow_vertical_length_tablet=&#8221;0px&#8221; header_2_text_shadow_blur_strength_tablet=&#8221;1px&#8221; header_3_text_shadow_horizontal_length_tablet=&#8221;0px&#8221; header_3_text_shadow_vertical_length_tablet=&#8221;0px&#8221; header_3_text_shadow_blur_strength_tablet=&#8221;1px&#8221; header_4_text_shadow_horizontal_length_tablet=&#8221;0px&#8221; header_4_text_shadow_vertical_length_tablet=&#8221;0px&#8221; header_4_text_shadow_blur_strength_tablet=&#8221;1px&#8221; header_5_text_shadow_horizontal_length_tablet=&#8221;0px&#8221; header_5_text_shadow_vertical_length_tablet=&#8221;0px&#8221; header_5_text_shadow_blur_strength_tablet=&#8221;1px&#8221; header_6_text_shadow_horizontal_length_tablet=&#8221;0px&#8221; header_6_text_shadow_vertical_length_tablet=&#8221;0px&#8221; header_6_text_shadow_blur_strength_tablet=&#8221;1px&#8221; box_shadow_horizontal_tablet=&#8221;0px&#8221; box_shadow_vertical_tablet=&#8221;0px&#8221; box_shadow_blur_tablet=&#8221;40px&#8221; box_shadow_spread_tablet=&#8221;0px&#8221; global_colors_info=&#8221;{}&#8221;]<\/p>\n<h1>Internationella projekt<\/h1>\n<p>[\/et_pb_text][\/et_pb_column][\/et_pb_row][\/et_pb_section][et_pb_section fb_built=&#8221;1&#8243; module_class=&#8221;sisaltoalue_perus&#8221; _builder_version=&#8221;4.16&#8243; custom_margin=&#8221;||40px|&#8221; global_colors_info=&#8221;{}&#8221;][et_pb_row custom_padding_last_edited=&#8221;on|phone&#8221; _builder_version=&#8221;4.16&#8243; custom_padding_tablet=&#8221;&#8221; custom_padding_phone=&#8221;&#8221; global_colors_info=&#8221;{}&#8221;][et_pb_column type=&#8221;4_4&#8243; _builder_version=&#8221;4.16&#8243; custom_padding=&#8221;|||&#8221; global_colors_info=&#8221;{}&#8221; custom_padding__hover=&#8221;|||&#8221;][et_pb_text admin_label=&#8221;Internationella projekt&#8221; _builder_version=&#8221;4.16&#8243; text_orientation=&#8221;center&#8221; z_index_tablet=&#8221;500&#8243; text_text_shadow_horizontal_length_tablet=&#8221;0px&#8221; text_text_shadow_vertical_length_tablet=&#8221;0px&#8221; text_text_shadow_blur_strength_tablet=&#8221;1px&#8221; link_text_shadow_horizontal_length_tablet=&#8221;0px&#8221; link_text_shadow_vertical_length_tablet=&#8221;0px&#8221; link_text_shadow_blur_strength_tablet=&#8221;1px&#8221; ul_text_shadow_horizontal_length_tablet=&#8221;0px&#8221; ul_text_shadow_vertical_length_tablet=&#8221;0px&#8221; ul_text_shadow_blur_strength_tablet=&#8221;1px&#8221; ol_text_shadow_horizontal_length_tablet=&#8221;0px&#8221; ol_text_shadow_vertical_length_tablet=&#8221;0px&#8221; ol_text_shadow_blur_strength_tablet=&#8221;1px&#8221; quote_text_shadow_horizontal_length_tablet=&#8221;0px&#8221; quote_text_shadow_vertical_length_tablet=&#8221;0px&#8221; quote_text_shadow_blur_strength_tablet=&#8221;1px&#8221; header_text_shadow_horizontal_length_tablet=&#8221;0px&#8221; header_text_shadow_vertical_length_tablet=&#8221;0px&#8221; header_text_shadow_blur_strength_tablet=&#8221;1px&#8221; header_2_text_shadow_horizontal_length_tablet=&#8221;0px&#8221; header_2_text_shadow_vertical_length_tablet=&#8221;0px&#8221; header_2_text_shadow_blur_strength_tablet=&#8221;1px&#8221; header_3_text_shadow_horizontal_length_tablet=&#8221;0px&#8221; header_3_text_shadow_vertical_length_tablet=&#8221;0px&#8221; header_3_text_shadow_blur_strength_tablet=&#8221;1px&#8221; header_4_text_shadow_horizontal_length_tablet=&#8221;0px&#8221; header_4_text_shadow_vertical_length_tablet=&#8221;0px&#8221; header_4_text_shadow_blur_strength_tablet=&#8221;1px&#8221; header_5_text_shadow_horizontal_length_tablet=&#8221;0px&#8221; header_5_text_shadow_vertical_length_tablet=&#8221;0px&#8221; header_5_text_shadow_blur_strength_tablet=&#8221;1px&#8221; header_6_text_shadow_horizontal_length_tablet=&#8221;0px&#8221; header_6_text_shadow_vertical_length_tablet=&#8221;0px&#8221; header_6_text_shadow_blur_strength_tablet=&#8221;1px&#8221; box_shadow_horizontal_tablet=&#8221;0px&#8221; box_shadow_vertical_tablet=&#8221;0px&#8221; box_shadow_blur_tablet=&#8221;40px&#8221; box_shadow_spread_tablet=&#8221;0px&#8221; global_colors_info=&#8221;{}&#8221;]<\/p>\n<h1>Global Grants &#8211; <br \/>omfattande bidrag \u00f6ver\u00a0 hela v\u00e4rlden<\/h1>\n<p>[\/et_pb_text][et_pb_text admin_label=&#8221;Teksti: Globala Rotary \u00e4r viktigare&#8230;&#8221; _builder_version=&#8221;4.27.4&#8243; custom_padding=&#8221;||0px|||&#8221; hover_enabled=&#8221;0&#8243; z_index_tablet=&#8221;500&#8243; text_text_shadow_horizontal_length_tablet=&#8221;0px&#8221; text_text_shadow_vertical_length_tablet=&#8221;0px&#8221; text_text_shadow_blur_strength_tablet=&#8221;1px&#8221; link_text_shadow_horizontal_length_tablet=&#8221;0px&#8221; link_text_shadow_vertical_length_tablet=&#8221;0px&#8221; link_text_shadow_blur_strength_tablet=&#8221;1px&#8221; ul_text_shadow_horizontal_length_tablet=&#8221;0px&#8221; ul_text_shadow_vertical_length_tablet=&#8221;0px&#8221; ul_text_shadow_blur_strength_tablet=&#8221;1px&#8221; ol_text_shadow_horizontal_length_tablet=&#8221;0px&#8221; ol_text_shadow_vertical_length_tablet=&#8221;0px&#8221; ol_text_shadow_blur_strength_tablet=&#8221;1px&#8221; quote_text_shadow_horizontal_length_tablet=&#8221;0px&#8221; quote_text_shadow_vertical_length_tablet=&#8221;0px&#8221; quote_text_shadow_blur_strength_tablet=&#8221;1px&#8221; header_text_shadow_horizontal_length_tablet=&#8221;0px&#8221; header_text_shadow_vertical_length_tablet=&#8221;0px&#8221; header_text_shadow_blur_strength_tablet=&#8221;1px&#8221; header_2_text_shadow_horizontal_length_tablet=&#8221;0px&#8221; header_2_text_shadow_vertical_length_tablet=&#8221;0px&#8221; header_2_text_shadow_blur_strength_tablet=&#8221;1px&#8221; header_3_text_shadow_horizontal_length_tablet=&#8221;0px&#8221; header_3_text_shadow_vertical_length_tablet=&#8221;0px&#8221; header_3_text_shadow_blur_strength_tablet=&#8221;1px&#8221; header_4_text_shadow_horizontal_length_tablet=&#8221;0px&#8221; header_4_text_shadow_vertical_length_tablet=&#8221;0px&#8221; header_4_text_shadow_blur_strength_tablet=&#8221;1px&#8221; header_5_text_shadow_horizontal_length_tablet=&#8221;0px&#8221; header_5_text_shadow_vertical_length_tablet=&#8221;0px&#8221; header_5_text_shadow_blur_strength_tablet=&#8221;1px&#8221; header_6_text_shadow_horizontal_length_tablet=&#8221;0px&#8221; header_6_text_shadow_vertical_length_tablet=&#8221;0px&#8221; header_6_text_shadow_blur_strength_tablet=&#8221;1px&#8221; box_shadow_horizontal_tablet=&#8221;0px&#8221; box_shadow_vertical_tablet=&#8221;0px&#8221; box_shadow_blur_tablet=&#8221;40px&#8221; box_shadow_spread_tablet=&#8221;0px&#8221; global_colors_info=&#8221;{}&#8221; sticky_enabled=&#8221;0&#8243;]<\/p>\n<p>Rotary \u00e4r mer relevant \u00e4n n\u00e5gonsin, och dess potential att g\u00f6ra gott \u00e4r enormt. The Rotary Foundation st\u00f6der internationella projekt, bland annat via Global Grants-bidrag, med vilka man finansierar stora humanit\u00e4ra projekt, yrkesutbildningsteam och studiestipendier. De b\u00f6r alla ha en h\u00e5llbar och m\u00e4tbar effekt inom ett eller flera av Stiftelsen Rotarys prioriterade verksamhetsomr\u00e5den. Dessa klubbanslag st\u00f6ds med hj\u00e4lp av The Rotary Foundation och distriktens DDF-medel.<\/p>\n<p>Rotarys prioriterade verksamhetsomr\u00e5den utg\u00f6rs av:<\/p>\n<ol>\n<li>Fredsforskning samt konfliktf\u00f6rebyggande och medling<\/li>\n<li>F\u00f6rebyggande och behandling av sjukdomar<\/li>\n<li>Vatten och sanitet<\/li>\n<li>M\u00f6dra- och barnav\u00e5rd<\/li>\n<li>Grundl\u00e4ggande utbildning samt l\u00e4s- och skrivkunnighet<\/li>\n<li>Ekonomisk utveckling och samh\u00e4llsutveckling<\/li>\n<\/ol>\n<p>Budgeten f\u00f6r ett Global Grants-bidragsprojekt b\u00f6r vara minst $ 30 000. Varje Global Grants-bidrag b\u00f6r sponsoreras av tv\u00e5 klubbar eller distrikt: en v\u00e4rdpartner fr\u00e5n det land d\u00e4r aktiviteten \u00e4ger rum, och en internationell partner utanf\u00f6r landet. Med hj\u00e4lp av Global Grants-bidragen s\u00f6ker Rotary st\u00f6rre projekt med h\u00e5llbar inverkan och varaktiga f\u00f6r\u00e4ndringar. Arbetet f\u00f6r att eliminera polion i v\u00e4rlden utg\u00f6r ocks\u00e5 en del av Rotarys internationella verksamhet.<\/p>\n<p>Global Grants-bidragen \u00e4r unika i v\u00e4rlden, eftersom knappast n\u00e5gon annan organisation \u00e4n Stiftelsen Rotary med samma precision har f\u00f6rm\u00e5gan rikta hj\u00e4lpen till beh\u00f6vande m\u00e4nniskor. Medlemmarna i Rotaryklubbar i alla l\u00e4nder i v\u00e4rlden identifierar samh\u00e4llen i behov av st\u00f6d, ans\u00f6ker om bidrag fr\u00e5n Stiftelsen Rotary och inleder projekt. Rotaryklubbar och distrikt runtom i v\u00e4rlden kan delta i finansieringen. Anv\u00e4ndningen av Global Grants-bidraget \u00f6vervakas under hela projektets g\u00e5ng av Stiftelsen Rotary. N\u00e4r projektet fortskrider enligt plan riktas de insamlade medlen som till objektet via det lokala Rotarydistriktet.<\/p>\n<p>Bekanta dig med Pasila-Fredriksberg Rotaryklubbs Global Grants-projekt som riktades till Martti Ahtisaari-skolan i Namibia<a href=\"https:\/\/rotary.fi\/pasila\/koulutus-kannattaa-aina-rotaryhanke-namibiassa-2018-2021\/\"> h\u00e4r. <\/a><\/p>\n<p>Kontakta oss:<\/p>\n<p>Rotary distrikt 1420 stiftelsekommitt\u00e9ns ordf\u00f6rande<\/p>\n<p><strong>Irmeli Viherluoto-Lindstr\u00f6m<\/strong>, Munkkiniemi-Munksn\u00e4s<br \/>E-mail: irmelivlindstrom@icloud.com<\/p>\n<p>[\/et_pb_text][\/et_pb_column][\/et_pb_row][\/et_pb_section]<\/p>\n","protected":false},"excerpt":{"rendered":"<p>Internationella projekt Global Grants &#8211; omfattande bidrag \u00f6ver\u00a0 hela v\u00e4rldenRotary \u00e4r mer relevant \u00e4n n\u00e5gonsin, och dess potential att g\u00f6ra gott \u00e4r enormt. The Rotary Foundation st\u00f6der internationella projekt, bland annat via Global Grants-bidrag, med vilka man finansierar stora humanit\u00e4ra projekt, yrkesutbildningsteam och studiestipendier. De b\u00f6r alla ha en h\u00e5llbar och m\u00e4tbar effekt inom ett [&hellip;]<\/p>\n","protected":false},"author":1,"featured_media":0,"parent":10615,"menu_order":4,"comment_status":"closed","ping_status":"closed","template":"","meta":{"_acf_changed":false,"_et_pb_use_builder":"on","_et_pb_old_content":"","_et_gb_content_width":"","footnotes":""},"class_list":["post-2671","page","type-page","status-publish","hentry"],"acf":[],"yoast_head":"<!-- This site is optimized with the Yoast SEO plugin v27.4 - https:\/\/yoast.com\/product\/yoast-seo-wordpress\/ -->\n<title>Internationella projekt - Piiri 1420<\/title>\n<meta name=\"robots\" content=\"index, follow, max-snippet:-1, max-image-preview:large, max-video-preview:-1\" \/>\n<link rel=\"canonical\" href=\"https:\/\/rotary.fi\/d1420\/sv\/det-har-gor-vi\/internationella-projekt\/\" \/>\n<meta property=\"og:locale\" content=\"fi_FI\" \/>\n<meta property=\"og:type\" content=\"article\" \/>\n<meta property=\"og:title\" content=\"Internationella projekt - Piiri 1420\" \/>\n<meta property=\"og:description\" content=\"Internationella projekt Global Grants - omfattande bidrag \u00f6ver\u00a0 hela v\u00e4rldenRotary \u00e4r mer relevant \u00e4n n\u00e5gonsin, och dess potential att g\u00f6ra gott \u00e4r enormt. The Rotary Foundation st\u00f6der internationella projekt, bland annat via Global Grants-bidrag, med vilka man finansierar stora humanit\u00e4ra projekt, yrkesutbildningsteam och studiestipendier. De b\u00f6r alla ha en h\u00e5llbar och m\u00e4tbar effekt inom ett [&hellip;]\" \/>\n<meta property=\"og:url\" content=\"https:\/\/rotary.fi\/d1420\/sv\/det-har-gor-vi\/internationella-projekt\/\" \/>\n<meta property=\"og:site_name\" content=\"Piiri 1420\" \/>\n<meta property=\"article:publisher\" content=\"https:\/\/www.facebook.com\/rotary\/\" \/>\n<meta property=\"article:modified_time\" content=\"2025-07-19T07:33:20+00:00\" \/>\n<meta name=\"twitter:card\" content=\"summary_large_image\" \/>\n<meta name=\"twitter:label1\" content=\"Arvioitu lukuaika\" \/>\n\t<meta name=\"twitter:data1\" content=\"2 minuuttia\" \/>\n<script type=\"application\/ld+json\" class=\"yoast-schema-graph\">{\"@context\":\"https:\\\/\\\/schema.org\",\"@graph\":[{\"@type\":\"WebPage\",\"@id\":\"https:\\\/\\\/rotary.fi\\\/d1420\\\/sv\\\/det-har-gor-vi\\\/internationella-projekt\\\/\",\"url\":\"https:\\\/\\\/rotary.fi\\\/d1420\\\/sv\\\/det-har-gor-vi\\\/internationella-projekt\\\/\",\"name\":\"Internationella projekt - Piiri 1420\",\"isPartOf\":{\"@id\":\"https:\\\/\\\/rotary.fi\\\/d1420\\\/#website\"},\"datePublished\":\"2019-08-13T10:43:41+00:00\",\"dateModified\":\"2025-07-19T07:33:20+00:00\",\"breadcrumb\":{\"@id\":\"https:\\\/\\\/rotary.fi\\\/d1420\\\/sv\\\/det-har-gor-vi\\\/internationella-projekt\\\/#breadcrumb\"},\"inLanguage\":\"fi\",\"potentialAction\":[{\"@type\":\"ReadAction\",\"target\":[\"https:\\\/\\\/rotary.fi\\\/d1420\\\/sv\\\/det-har-gor-vi\\\/internationella-projekt\\\/\"]}]},{\"@type\":\"BreadcrumbList\",\"@id\":\"https:\\\/\\\/rotary.fi\\\/d1420\\\/sv\\\/det-har-gor-vi\\\/internationella-projekt\\\/#breadcrumb\",\"itemListElement\":[{\"@type\":\"ListItem\",\"position\":1,\"name\":\"Home\",\"item\":\"https:\\\/\\\/rotary.fi\\\/d1420\\\/\"},{\"@type\":\"ListItem\",\"position\":2,\"name\":\"Det h\u00e4r g\u00f6r vi\",\"item\":\"https:\\\/\\\/rotary.fi\\\/d1420\\\/sv\\\/det-har-gor-vi\\\/\"},{\"@type\":\"ListItem\",\"position\":3,\"name\":\"Internationella projekt\"}]},{\"@type\":\"WebSite\",\"@id\":\"https:\\\/\\\/rotary.fi\\\/d1420\\\/#website\",\"url\":\"https:\\\/\\\/rotary.fi\\\/d1420\\\/\",\"name\":\"Piiri 1420\",\"description\":\"Suomen Rotary\",\"potentialAction\":[{\"@type\":\"SearchAction\",\"target\":{\"@type\":\"EntryPoint\",\"urlTemplate\":\"https:\\\/\\\/rotary.fi\\\/d1420\\\/?s={search_term_string}\"},\"query-input\":{\"@type\":\"PropertyValueSpecification\",\"valueRequired\":true,\"valueName\":\"search_term_string\"}}],\"inLanguage\":\"fi\"}]}<\/script>\n<!-- \/ Yoast SEO plugin. -->","yoast_head_json":{"title":"Internationella projekt - Piiri 1420","robots":{"index":"index","follow":"follow","max-snippet":"max-snippet:-1","max-image-preview":"max-image-preview:large","max-video-preview":"max-video-preview:-1"},"canonical":"https:\/\/rotary.fi\/d1420\/sv\/det-har-gor-vi\/internationella-projekt\/","og_locale":"fi_FI","og_type":"article","og_title":"Internationella projekt - Piiri 1420","og_description":"Internationella projekt Global Grants - omfattande bidrag \u00f6ver\u00a0 hela v\u00e4rldenRotary \u00e4r mer relevant \u00e4n n\u00e5gonsin, och dess potential att g\u00f6ra gott \u00e4r enormt. The Rotary Foundation st\u00f6der internationella projekt, bland annat via Global Grants-bidrag, med vilka man finansierar stora humanit\u00e4ra projekt, yrkesutbildningsteam och studiestipendier. De b\u00f6r alla ha en h\u00e5llbar och m\u00e4tbar effekt inom ett [&hellip;]","og_url":"https:\/\/rotary.fi\/d1420\/sv\/det-har-gor-vi\/internationella-projekt\/","og_site_name":"Piiri 1420","article_publisher":"https:\/\/www.facebook.com\/rotary\/","article_modified_time":"2025-07-19T07:33:20+00:00","twitter_card":"summary_large_image","twitter_misc":{"Arvioitu lukuaika":"2 minuuttia"},"schema":{"@context":"https:\/\/schema.org","@graph":[{"@type":"WebPage","@id":"https:\/\/rotary.fi\/d1420\/sv\/det-har-gor-vi\/internationella-projekt\/","url":"https:\/\/rotary.fi\/d1420\/sv\/det-har-gor-vi\/internationella-projekt\/","name":"Internationella projekt - Piiri 1420","isPartOf":{"@id":"https:\/\/rotary.fi\/d1420\/#website"},"datePublished":"2019-08-13T10:43:41+00:00","dateModified":"2025-07-19T07:33:20+00:00","breadcrumb":{"@id":"https:\/\/rotary.fi\/d1420\/sv\/det-har-gor-vi\/internationella-projekt\/#breadcrumb"},"inLanguage":"fi","potentialAction":[{"@type":"ReadAction","target":["https:\/\/rotary.fi\/d1420\/sv\/det-har-gor-vi\/internationella-projekt\/"]}]},{"@type":"BreadcrumbList","@id":"https:\/\/rotary.fi\/d1420\/sv\/det-har-gor-vi\/internationella-projekt\/#breadcrumb","itemListElement":[{"@type":"ListItem","position":1,"name":"Home","item":"https:\/\/rotary.fi\/d1420\/"},{"@type":"ListItem","position":2,"name":"Det h\u00e4r g\u00f6r vi","item":"https:\/\/rotary.fi\/d1420\/sv\/det-har-gor-vi\/"},{"@type":"ListItem","position":3,"name":"Internationella projekt"}]},{"@type":"WebSite","@id":"https:\/\/rotary.fi\/d1420\/#website","url":"https:\/\/rotary.fi\/d1420\/","name":"Piiri 1420","description":"Suomen Rotary","potentialAction":[{"@type":"SearchAction","target":{"@type":"EntryPoint","urlTemplate":"https:\/\/rotary.fi\/d1420\/?s={search_term_string}"},"query-input":{"@type":"PropertyValueSpecification","valueRequired":true,"valueName":"search_term_string"}}],"inLanguage":"fi"}]}},"lang":"sv","translations":{"sv":2671,"fi":489,"en":2927,"et":3584},"pll_sync_post":[],"_links":{"self":[{"href":"https:\/\/rotary.fi\/d1420\/wp-json\/wp\/v2\/pages\/2671","targetHints":{"allow":["GET"]}}],"collection":[{"href":"https:\/\/rotary.fi\/d1420\/wp-json\/wp\/v2\/pages"}],"about":[{"href":"https:\/\/rotary.fi\/d1420\/wp-json\/wp\/v2\/types\/page"}],"author":[{"embeddable":true,"href":"https:\/\/rotary.fi\/d1420\/wp-json\/wp\/v2\/users\/1"}],"replies":[{"embeddable":true,"href":"https:\/\/rotary.fi\/d1420\/wp-json\/wp\/v2\/comments?post=2671"}],"version-history":[{"count":6,"href":"https:\/\/rotary.fi\/d1420\/wp-json\/wp\/v2\/pages\/2671\/revisions"}],"predecessor-version":[{"id":11558,"href":"https:\/\/rotary.fi\/d1420\/wp-json\/wp\/v2\/pages\/2671\/revisions\/11558"}],"up":[{"embeddable":true,"href":"https:\/\/rotary.fi\/d1420\/wp-json\/wp\/v2\/pages\/10615"}],"wp:attachment":[{"href":"https:\/\/rotary.fi\/d1420\/wp-json\/wp\/v2\/media?parent=2671"}],"curies":[{"name":"wp","href":"https:\/\/api.w.org\/{rel}","templated":true}]}}