{"id":2665,"date":"2018-04-06T14:48:45","date_gmt":"2018-04-06T12:48:45","guid":{"rendered":"https:\/\/rotary.fi\/d1420\/?page_id=2665"},"modified":"2025-07-17T13:43:17","modified_gmt":"2025-07-17T11:43:17","slug":"ungdomsutbytet","status":"publish","type":"page","link":"https:\/\/rotary.fi\/d1420\/sv\/det-har-gor-vi\/ungdomsutbytet\/","title":{"rendered":"Ungdomsutbytet"},"content":{"rendered":"<p>[et_pb_section fb_built=&#8221;1&#8243; module_class=&#8221;jumbotron-page&#8221; _builder_version=&#8221;4.16&#8243; background_image=&#8221;https:\/\/rotary.fi\/d1420\/wp-content\/uploads\/sites\/183\/2020\/02\/laura-ja-lucie.jpg&#8221; global_colors_info=&#8221;{}&#8221;][et_pb_row module_class=&#8221; et_pb_row_fullwidth&#8221; _builder_version=&#8221;4.16&#8243; width=&#8221;89%&#8221; width_tablet=&#8221;80%&#8221; width_phone=&#8221;&#8221; width_last_edited=&#8221;on|desktop&#8221; max_width=&#8221;89%&#8221; max_width_tablet=&#8221;80%&#8221; max_width_phone=&#8221;&#8221; max_width_last_edited=&#8221;on|desktop&#8221; make_fullwidth=&#8221;on&#8221; global_colors_info=&#8221;{}&#8221;][et_pb_column type=&#8221;4_4&#8243; _builder_version=&#8221;4.16&#8243; custom_padding=&#8221;|||&#8221; global_colors_info=&#8221;{}&#8221; custom_padding__hover=&#8221;|||&#8221;][et_pb_text admin_label=&#8221;Nuorisovaihto -otsikko&#8221; _builder_version=&#8221;4.16&#8243; background_enable_image=&#8221;off&#8221; text_orientation=&#8221;center&#8221; background_layout=&#8221;dark&#8221; global_colors_info=&#8221;{}&#8221;][\/et_pb_text][\/et_pb_column][\/et_pb_row][\/et_pb_section][et_pb_section fb_built=&#8221;1&#8243; module_class=&#8221;sisaltoalue_perus&#8221; _builder_version=&#8221;4.16&#8243; background_enable_image=&#8221;off&#8221; custom_margin=&#8221;||40px|&#8221; global_colors_info=&#8221;{}&#8221;][et_pb_row custom_padding_last_edited=&#8221;on|phone&#8221; _builder_version=&#8221;4.16&#8243; custom_padding_tablet=&#8221;&#8221; custom_padding_phone=&#8221;&#8221; global_colors_info=&#8221;{}&#8221;][et_pb_column type=&#8221;4_4&#8243; _builder_version=&#8221;4.16&#8243; custom_padding=&#8221;|||&#8221; global_colors_info=&#8221;{}&#8221; custom_padding__hover=&#8221;|||&#8221;][et_pb_text admin_label=&#8221;Nuorisovaihto edist\u00e4\u00e4 yhteisymm\u00e4rryst\u00e4 -otsikko&#8221; _builder_version=&#8221;4.27.4&#8243; text_orientation=&#8221;center&#8221; global_colors_info=&#8221;{}&#8221;]<\/p>\n<h2 style=\"text-align: left\">Ungdomsutbytet fr\u00e4mjar \u00f6msesidig f\u00f6rst\u00e5else<\/h2>\n<p>[\/et_pb_text][\/et_pb_column][\/et_pb_row][et_pb_row column_structure=&#8221;1_2,1_2&#8243; custom_padding_last_edited=&#8221;on|phone&#8221; _builder_version=&#8221;4.27.4&#8243; custom_padding_tablet=&#8221;&#8221; custom_padding_phone=&#8221;&#8221; global_colors_info=&#8221;{}&#8221;][et_pb_column type=&#8221;1_2&#8243; _builder_version=&#8221;4.16&#8243; custom_padding=&#8221;|||&#8221; global_colors_info=&#8221;{}&#8221; custom_padding__hover=&#8221;|||&#8221;][et_pb_text admin_label=&#8221;Teksti &#8211; johdanto&#8221; _builder_version=&#8221;4.27.4&#8243; global_colors_info=&#8221;{}&#8221;]<\/p>\n<p>Rotary vill fr\u00e4mja f\u00f6rst\u00e5else mellan olika kulturer, god vilja och fred \u00e4ven genom sitt ungdomsutbytesprogram. Ungdomsutbytet \u00e4r en av Rotarys mest centrala och v\u00e4lk\u00e4nda verksamhetsformer. Varje \u00e5r \u00e5ker \u00f6ver 8 000 ungdomar p\u00e5 utbyte v\u00e4rlden \u00f6ver genom organisationen.<\/p>\n<p>Tack vare sitt n\u00e4tverk erbjuder Rotary ett s\u00e4kert och f\u00f6rm\u00e5nligt utbytesalternativ. Utbytesprogrammet fungerar i \u00f6ver 100 l\u00e4nder som ett av Rotaryklubbarna sponsorerat program f\u00f6r ungdomar i \u00e5ldern 15\u201319 \u00e5r.<\/p>\n<p>Utbyteselever l\u00e4r k\u00e4nna en annan kultur, l\u00e4r sig ett nytt spr\u00e5k och blir v\u00e4rldsborgare. Alla deltagare introduceras noggrant i programmet, och vi erbjuder ett omfattande skyddsn\u00e4t best\u00e5ende av frivilliga. I Finland samordnas ungdomsutbytet av en multidistriktsorganisation.<\/p>\n<p>&nbsp;<\/p>\n<p>&nbsp;<\/p>\n<p>[\/et_pb_text][\/et_pb_column][et_pb_column type=&#8221;1_2&#8243; _builder_version=&#8221;4.16&#8243; custom_padding=&#8221;|||&#8221; global_colors_info=&#8221;{}&#8221; custom_padding__hover=&#8221;|||&#8221;][et_pb_image src=&#8221;https:\/\/rotary.fi\/d1420\/wp-content\/uploads\/sites\/183\/2024\/09\/b65bbaeb-f1c6-49bb-ae49-eaf35d628637.jpg&#8221; alt=&#8221;vaihto-oppilaat&#8221; title_text=&#8221;b65bbaeb-f1c6-49bb-ae49-eaf35d628637&#8243; _builder_version=&#8221;4.27.4&#8243; _module_preset=&#8221;default&#8221; global_colors_info=&#8221;{}&#8221;][\/et_pb_image][\/et_pb_column][\/et_pb_row][et_pb_row _builder_version=&#8221;4.27.4&#8243; _module_preset=&#8221;default&#8221; global_colors_info=&#8221;{}&#8221;][et_pb_column type=&#8221;4_4&#8243; _builder_version=&#8221;4.27.4&#8243; _module_preset=&#8221;default&#8221; global_colors_info=&#8221;{}&#8221;][et_pb_text admin_label=&#8221;Teksti &#8211; nuorisovaihto p\u00e4hkin\u00e4nkuoressa&#8221; _builder_version=&#8221;4.27.4&#8243; _module_preset=&#8221;default&#8221; global_colors_info=&#8221;{}&#8221;]<\/p>\n<h3>Rotarys ungdomsutbyte i ett n\u00f6tskal<\/h3>\n<p>[\/et_pb_text][\/et_pb_column][\/et_pb_row][et_pb_row column_structure=&#8221;1_3,1_3,1_3&#8243; _builder_version=&#8221;4.27.4&#8243; _module_preset=&#8221;default&#8221; global_colors_info=&#8221;{}&#8221;][et_pb_column type=&#8221;1_3&#8243; _builder_version=&#8221;4.27.4&#8243; _module_preset=&#8221;default&#8221; global_colors_info=&#8221;{}&#8221;][et_pb_text admin_label=&#8221;Teksti &#8211; vaihtomuodot&#8221; _builder_version=&#8221;4.27.4&#8243; _module_preset=&#8221;default&#8221; background_color=&#8221;#c9dee9&#8243; custom_margin=&#8221;10px|10px|10px|10px|false|false&#8221; custom_padding=&#8221;10px|10px|10px|10px|false|false&#8221; box_shadow_style=&#8221;preset1&#8243; global_colors_info=&#8221;{}&#8221;]<\/p>\n<p><strong>Olika former av utbyte<\/strong><\/p>\n<ul>\n<li>\u00e5rsutbyte,<\/li>\n<li>sommarutbyte och<\/li>\n<li>l\u00e4gerutbyte.<\/li>\n<\/ul>\n<p>&nbsp;<\/p>\n<p>[\/et_pb_text][\/et_pb_column][et_pb_column type=&#8221;1_3&#8243; _builder_version=&#8221;4.27.4&#8243; _module_preset=&#8221;default&#8221; global_colors_info=&#8221;{}&#8221;][et_pb_text admin_label=&#8221;Teksti &#8211; kesto&#8221; _builder_version=&#8221;4.27.4&#8243; _module_preset=&#8221;default&#8221; background_color=&#8221;#c9dee9&#8243; custom_margin=&#8221;10px|10px|10px|10px|false|false&#8221; custom_padding=&#8221;10px|10px|10px|10px|false|false&#8221; box_shadow_style=&#8221;preset1&#8243; global_colors_info=&#8221;{}&#8221;]<\/p>\n<p><strong>Utbytets l\u00e4ngd:<\/strong><\/p>\n<ul>\n<li>L\u00e5ngt: Ett helt l\u00e4s\u00e5r, skolg\u00e5ng och boende hos flera v\u00e4rdfamiljer.<\/li>\n<li>Kort: Fr\u00e5n n\u00e5gra dagar upp till tre m\u00e5nader, l\u00e4ger, resor eller boende i v\u00e4rdfamilj.<\/li>\n<\/ul>\n<p>[\/et_pb_text][\/et_pb_column][et_pb_column type=&#8221;1_3&#8243; _builder_version=&#8221;4.27.4&#8243; _module_preset=&#8221;default&#8221; global_colors_info=&#8221;{}&#8221;][et_pb_text admin_label=&#8221;Teksti &#8211; kustannukset&#8221; _builder_version=&#8221;4.27.4&#8243; _module_preset=&#8221;default&#8221; background_color=&#8221;#c9dee9&#8243; custom_margin=&#8221;10px|10px|10px|10px|false|false&#8221; custom_padding=&#8221;10px|10px|10px|10px|false|false&#8221; box_shadow_style=&#8221;preset1&#8243; global_colors_info=&#8221;{}&#8221;]<\/p>\n<p><strong>Kostnader:<\/strong><\/p>\n<ul>\n<li>Rotarianer t\u00e4cker kostnader relaterade till boende, levnad och skolg\u00e5ng.<\/li>\n<li>Studenterna ansvarar sj\u00e4lva f\u00f6r tur- och returflyg, f\u00f6rs\u00e4kring, dokument, fickpengar och till\u00e4ggsresor.<\/li>\n<\/ul>\n<p>[\/et_pb_text][\/et_pb_column][\/et_pb_row][et_pb_row column_structure=&#8221;3_4,1_4&#8243; _builder_version=&#8221;4.27.4&#8243; _module_preset=&#8221;default&#8221; global_colors_info=&#8221;{}&#8221;][et_pb_column type=&#8221;3_4&#8243; _builder_version=&#8221;4.27.4&#8243; _module_preset=&#8221;default&#8221; global_colors_info=&#8221;{}&#8221;][et_pb_text admin_label=&#8221;Teksti &#8211;  hakuprosessi&#8221; _builder_version=&#8221;4.27.4&#8243; _module_preset=&#8221;default&#8221; global_colors_info=&#8221;{}&#8221;]<\/p>\n<h3>Ans\u00f6kningsprocess:<\/h3>\n<p>M\u00e5lgruppen \u00e4r studerande i \u00e5ldern 15\u201319 \u00e5r.<\/p>\n<p>Intresserade b\u00f6r kontakta sin lokala Rotaryklubb f\u00f6r information om utbytesm\u00f6jligheter och ans\u00f6kningsdetaljer. En lista \u00f6ver klubbar i distrikt 1420 finns <a href=\"https:\/\/rotary.fi\/d1420\/sv\/kom-med\/rotarydistriktets-klubbar\/\">p\u00e5 webben\u00a0<\/a><\/p>\n<p>Detaljerad information om Rotarys ungdomsutbyte i Finland finns p\u00e5:\u00a0 <a href=\"https:\/\/rye.fi\">www.rye.fi.<\/a><\/p>\n<p>[\/et_pb_text][\/et_pb_column][et_pb_column type=&#8221;1_4&#8243; _builder_version=&#8221;4.27.4&#8243; _module_preset=&#8221;default&#8221; global_colors_info=&#8221;{}&#8221;][et_pb_image src=&#8221;https:\/\/rotary.fi\/d1420\/wp-content\/uploads\/sites\/183\/2024\/09\/img-5655.jpg&#8221; title_text=&#8221;IMG_5655&#8243; _builder_version=&#8221;4.27.4&#8243; _module_preset=&#8221;default&#8221; global_colors_info=&#8221;{}&#8221;][\/et_pb_image][\/et_pb_column][\/et_pb_row][et_pb_row _builder_version=&#8221;4.27.4&#8243; _module_preset=&#8221;default&#8221; global_colors_info=&#8221;{}&#8221;][et_pb_column type=&#8221;4_4&#8243; _builder_version=&#8221;4.27.4&#8243; _module_preset=&#8221;default&#8221; global_colors_info=&#8221;{}&#8221;][et_pb_text admin_label=&#8221;Teksti &#8211; toiminta kaudella&#8221; _builder_version=&#8221;4.27.4&#8243; _module_preset=&#8221;default&#8221; global_colors_info=&#8221;{}&#8221;]<\/p>\n<h3>Rotarydistrikt 1420:s verksamhet under perioden 2024\u20132025<\/h3>\n<p>[\/et_pb_text][\/et_pb_column][\/et_pb_row][et_pb_row column_structure=&#8221;1_3,1_3,1_3&#8243; _builder_version=&#8221;4.27.4&#8243; _module_preset=&#8221;default&#8221; global_colors_info=&#8221;{}&#8221;][et_pb_column type=&#8221;1_3&#8243; _builder_version=&#8221;4.27.4&#8243; _module_preset=&#8221;default&#8221; global_colors_info=&#8221;{}&#8221;][et_pb_text admin_label=&#8221;Teksti &#8211; vuosivaihto&#8221; _builder_version=&#8221;4.27.4&#8243; _module_preset=&#8221;default&#8221; background_color=&#8221;#f8f9fa&#8221; custom_margin=&#8221;10px|10px|10px|10px|false|false&#8221; custom_padding=&#8221;10px|10px|10px|10px|false|false&#8221; box_shadow_style=&#8221;preset1&#8243; global_colors_info=&#8221;{}&#8221;]<\/p>\n<p><strong>23 utresande och 21 inkommande elever<\/strong><\/p>\n<p>Fr\u00e5n distrikt 1420 \u00e5ker cirka 30 elever \u00e5rligen p\u00e5 \u00e5rsutbyte. Antalet beror p\u00e5 hur m\u00e5nga klubbar som deltar varje \u00e5r. Det finns alltid fler s\u00f6kande \u00e4n platser.<\/p>\n<p>[\/et_pb_text][\/et_pb_column][et_pb_column type=&#8221;1_3&#8243; _builder_version=&#8221;4.27.4&#8243; _module_preset=&#8221;default&#8221; global_colors_info=&#8221;{}&#8221;][et_pb_text admin_label=&#8221;Teksti &#8211; kes\u00e4vaihto&#8221; _builder_version=&#8221;4.27.4&#8243; _module_preset=&#8221;default&#8221; background_color=&#8221;#f8f9fa&#8221; custom_margin=&#8221;10px|10px|10px|10px|false|false&#8221; custom_padding=&#8221;10px|10px|10px|10px|false|false&#8221; box_shadow_style=&#8221;preset1&#8243; global_colors_info=&#8221;{}&#8221;]<\/p>\n<p><strong>13 sommarutbyten<\/strong><\/p>\n<p>Antalet som \u00e5ker p\u00e5 sommarutbyte varierar betydligt fr\u00e5n \u00e5r till \u00e5r. Vanligtvis har alla s\u00f6kande kunnat delta. V\u00e5rt m\u00e5l \u00e4r att \u00f6ka antalet som \u00e5ker p\u00e5 sommarutbyte inom de n\u00e4rmaste \u00e5ren.<\/p>\n<p>&nbsp;<\/p>\n<p>[\/et_pb_text][\/et_pb_column][et_pb_column type=&#8221;1_3&#8243; _builder_version=&#8221;4.27.4&#8243; _module_preset=&#8221;default&#8221; global_colors_info=&#8221;{}&#8221;][et_pb_text admin_label=&#8221;Teksti &#8211; leirit&#8221; _builder_version=&#8221;4.27.4&#8243; _module_preset=&#8221;default&#8221; background_color=&#8221;#f8f9fa&#8221; custom_margin=&#8221;10px|10px|10px|10px|false|false&#8221; custom_padding=&#8221;10px|10px|10px|10px|false|false&#8221; box_shadow_style=&#8221;preset1&#8243; global_colors_info=&#8221;{}&#8221;]<\/p>\n<p><strong>5 l\u00e4gerdeltagare<\/strong><\/p>\n<p>Distrikt 1420 arrangerar \u00e4ven l\u00e4ger f\u00f6r ungdomar fr\u00e5n utlandet. De deltagande ungdomarna kommer fr\u00e4mst fr\u00e5n europeiska l\u00e4nder eller fr\u00e5n Rotarys EEMA-omr\u00e5de, men deltagare har \u00e4ven kommit fr\u00e5n s\u00e5 l\u00e5ngt bort som Taiwan.<\/p>\n<p>[\/et_pb_text][\/et_pb_column][\/et_pb_row][et_pb_row _builder_version=&#8221;4.27.4&#8243; _module_preset=&#8221;default&#8221; global_colors_info=&#8221;{}&#8221;][et_pb_column type=&#8221;4_4&#8243; _builder_version=&#8221;4.27.4&#8243; _module_preset=&#8221;default&#8221; global_colors_info=&#8221;{}&#8221;][et_pb_text admin_label=&#8221;Teksti &#8211; toiminta kaudella &#8211; tapahtumat&#8221; _builder_version=&#8221;4.27.4&#8243; _module_preset=&#8221;default&#8221; global_colors_info=&#8221;{}&#8221;]<\/p>\n<h3>\u00a0<\/h3>\n<h3>Distriktets ungdomsutbyteskommitt\u00e9 ordnar ca 15 evenemang per \u00e5r<\/h3>\n<p>[\/et_pb_text][\/et_pb_column][\/et_pb_row][et_pb_row column_structure=&#8221;1_2,1_2&#8243; _builder_version=&#8221;4.27.4&#8243; _module_preset=&#8221;default&#8221; global_colors_info=&#8221;{}&#8221;][et_pb_column type=&#8221;1_2&#8243; _builder_version=&#8221;4.27.4&#8243; _module_preset=&#8221;default&#8221; global_colors_info=&#8221;{}&#8221;][et_pb_text admin_label=&#8221;Teksti &#8211; koulutus&#8221; _builder_version=&#8221;4.27.4&#8243; _module_preset=&#8221;default&#8221; background_color=&#8221;#c9dee9&#8243; custom_margin=&#8221;10px|10px|10px|10px|false|false&#8221; custom_padding=&#8221;10px|10px|10px|10px|false|false&#8221; box_shadow_style=&#8221;preset1&#8243; global_colors_info=&#8221;{}&#8221;]<\/p>\n<p><strong>Utbildning<\/strong><\/p>\n<p>M\u00e5lgruppen \u00e4r utresande elever och deras familjer, v\u00e4rdfamiljer och klubbarnas ungdomsutbytesansvariga. Inneh\u00e5llet omfattar bl.a. utbildning i informationssystem och spr\u00e5kstudier i Helsingfors f\u00f6r utbyteselever.<\/p>\n<p>[\/et_pb_text][\/et_pb_column][et_pb_column type=&#8221;1_2&#8243; _builder_version=&#8221;4.27.4&#8243; _module_preset=&#8221;default&#8221; global_colors_info=&#8221;{}&#8221;][et_pb_text admin_label=&#8221;Teksti &#8211; nuorisovaihtotapahtumat&#8221; _builder_version=&#8221;4.27.4&#8243; _module_preset=&#8221;default&#8221; background_color=&#8221;#c9dee9&#8243; custom_margin=&#8221;10px|10px|10px|10px|false|false&#8221; custom_padding=&#8221;10px|10px|10px|10px|false|false&#8221; box_shadow_style=&#8221;preset1&#8243; global_colors_info=&#8221;{}&#8221;]<\/p>\n<p><strong>Evenemang inom distriktet<\/strong><\/p>\n<p>M\u00f6ten f\u00f6r Inbound &amp; Rebound p\u00e5 h\u00f6sten, Inbound &amp; Outbound p\u00e5 v\u00e5ren, 2 distriktsl\u00e4ger, resa till Tallinn, bes\u00f6k i riksdagen, museer och l\u00e4roanstalter.<\/p>\n<p>[\/et_pb_text][\/et_pb_column][\/et_pb_row][et_pb_row custom_padding_last_edited=&#8221;on|phone&#8221; _builder_version=&#8221;4.16&#8243; custom_padding_tablet=&#8221;&#8221; custom_padding_phone=&#8221;&#8221; global_colors_info=&#8221;{}&#8221;][et_pb_column type=&#8221;4_4&#8243; _builder_version=&#8221;4.16&#8243; custom_padding=&#8221;|||&#8221; global_colors_info=&#8221;{}&#8221; custom_padding__hover=&#8221;|||&#8221;][et_pb_text admin_label=&#8221;Teksti &#8211; Rotex&#8221; _builder_version=&#8221;4.27.4&#8243; global_colors_info=&#8221;{}&#8221;]<\/p>\n<h3>\u00a0<\/h3>\n<h3>Efter utbytet \u2013 Rotex<\/h3>\n<p>De som \u00e5terv\u00e4nder fr\u00e5n utbyte bjuds in till Rotex-verksamheten. Tidigare utbyteselever, s\u00e5 kallade Rotexar, hj\u00e4lper multidistriktet och distrikten med att handleda nya utbyteselever och ordnar program f\u00f6r inkommande elever.<\/p>\n<p>Rotexar kan \u00e4ven fungera som mentorer vid sommarl\u00e4ger, resor arrangerade av ungdomsutbytet (t.ex. Lappland och Eurotour) samt p\u00e5 orienteringsl\u00e4ger f\u00f6r inkommande elever.<br \/>Rotex verkar under Rotaryservicens ungdomsutbytesorganisation och f\u00f6ljer Rotarys regler.<\/p>\n<p>[\/et_pb_text][\/et_pb_column][\/et_pb_row][et_pb_row _builder_version=&#8221;4.27.4&#8243; _module_preset=&#8221;default&#8221; global_colors_info=&#8221;{}&#8221;][et_pb_column type=&#8221;4_4&#8243; _builder_version=&#8221;4.27.4&#8243; _module_preset=&#8221;default&#8221; global_colors_info=&#8221;{}&#8221;][et_pb_text admin_label=&#8221;Teksti &#8211; lis\u00e4tietoja&#8221; _builder_version=&#8221;4.27.4&#8243; _module_preset=&#8221;default&#8221; global_colors_info=&#8221;{}&#8221;]<\/p>\n<h3>Mer information<\/h3>\n<p>Vill du veta mer om att \u00e5ka p\u00e5 utbyte, bli v\u00e4rdfamilj eller delta i volont\u00e4rarbete som rotarian f\u00f6r ungdomars b\u00e4sta? Kontakta ungdomsutbyteskommitt\u00e9n i distrikt 1420.<\/p>\n<p>[\/et_pb_text][\/et_pb_column][\/et_pb_row][et_pb_row column_structure=&#8221;1_2,1_2&#8243; _builder_version=&#8221;4.27.4&#8243; _module_preset=&#8221;default&#8221; global_colors_info=&#8221;{}&#8221;][et_pb_column type=&#8221;1_2&#8243; _builder_version=&#8221;4.27.4&#8243; _module_preset=&#8221;default&#8221; global_colors_info=&#8221;{}&#8221;][et_pb_text admin_label=&#8221;Teksti &#8211; komitea&#8221; _builder_version=&#8221;4.27.4&#8243; _module_preset=&#8221;default&#8221; background_color=&#8221;#f8f9fa&#8221; custom_margin=&#8221;10px|10px|10px|10px|false|false&#8221; custom_padding=&#8221;10px|10px|10px|10px|false|false&#8221; hover_enabled=&#8221;0&#8243; box_shadow_style=&#8221;preset1&#8243; global_colors_info=&#8221;{}&#8221; sticky_enabled=&#8221;0&#8243;]Ordf\u00f6rande<br \/>\n<strong>Anne Kuusio<\/strong>, Eken\u00e4s-Tammisaari<br \/>\nE-mail: annekuusio(at)outlook.com<\/p>\n<p>Viceordf\u00f6rande<br \/>\n<strong>Tanel Ringo<\/strong>, N\u00f5mme-Tallinn<br \/>\nE-mail: tanelri(at)hotmail.com,<\/p>\n<p>&nbsp;[\/et_pb_text][\/et_pb_column][et_pb_column type=&#8221;1_2&#8243; _builder_version=&#8221;4.27.4&#8243; _module_preset=&#8221;default&#8221; global_colors_info=&#8221;{}&#8221;][et_pb_text admin_label=&#8221;Teksti &#8211; rye.fi&#8221; _builder_version=&#8221;4.27.4&#8243; _module_preset=&#8221;default&#8221; background_color=&#8221;#f8f9fa&#8221; custom_margin=&#8221;10px|10px|10px|10px|false|false&#8221; custom_padding=&#8221;10px|10px|10px|10px|false|false&#8221; box_shadow_style=&#8221;preset1&#8243; global_colors_info=&#8221;{}&#8221;]<\/p>\n<p><strong>L\u00e4s mer<\/strong> om Rotarys ungdomsutbyte i Finland p\u00e5<\/p>\n<p><a href=\"https:\/\/rye.fi\">www.rye.fi<\/a><\/p>\n<p>[\/et_pb_text][\/et_pb_column][\/et_pb_row][\/et_pb_section]<\/p>\n","protected":false},"excerpt":{"rendered":"<p>Ungdomsutbytet fr\u00e4mjar \u00f6msesidig f\u00f6rst\u00e5elseRotary vill fr\u00e4mja f\u00f6rst\u00e5else mellan olika kulturer, god vilja och fred \u00e4ven genom sitt ungdomsutbytesprogram. Ungdomsutbytet \u00e4r en av Rotarys mest centrala och v\u00e4lk\u00e4nda verksamhetsformer. Varje \u00e5r \u00e5ker \u00f6ver 8 000 ungdomar p\u00e5 utbyte v\u00e4rlden \u00f6ver genom organisationen. Tack vare sitt n\u00e4tverk erbjuder Rotary ett s\u00e4kert och f\u00f6rm\u00e5nligt utbytesalternativ. Utbytesprogrammet fungerar i [&hellip;]<\/p>\n","protected":false},"author":1,"featured_media":0,"parent":10615,"menu_order":2,"comment_status":"closed","ping_status":"closed","template":"","meta":{"_acf_changed":false,"_et_pb_use_builder":"on","_et_pb_old_content":"","_et_gb_content_width":"","footnotes":""},"class_list":["post-2665","page","type-page","status-publish","hentry"],"acf":[],"yoast_head":"<!-- This site is optimized with the Yoast SEO plugin v27.0 - https:\/\/yoast.com\/product\/yoast-seo-wordpress\/ -->\n<title>Ungdomsutbytet - Piiri 1420<\/title>\n<meta name=\"robots\" content=\"index, follow, max-snippet:-1, max-image-preview:large, max-video-preview:-1\" \/>\n<link rel=\"canonical\" href=\"https:\/\/rotary.fi\/d1420\/sv\/det-har-gor-vi\/ungdomsutbytet\/\" \/>\n<meta property=\"og:locale\" content=\"fi_FI\" \/>\n<meta property=\"og:type\" content=\"article\" \/>\n<meta property=\"og:title\" content=\"Ungdomsutbytet - Piiri 1420\" \/>\n<meta property=\"og:description\" content=\"Ungdomsutbytet fr\u00e4mjar \u00f6msesidig f\u00f6rst\u00e5elseRotary vill fr\u00e4mja f\u00f6rst\u00e5else mellan olika kulturer, god vilja och fred \u00e4ven genom sitt ungdomsutbytesprogram. Ungdomsutbytet \u00e4r en av Rotarys mest centrala och v\u00e4lk\u00e4nda verksamhetsformer. Varje \u00e5r \u00e5ker \u00f6ver 8 000 ungdomar p\u00e5 utbyte v\u00e4rlden \u00f6ver genom organisationen. Tack vare sitt n\u00e4tverk erbjuder Rotary ett s\u00e4kert och f\u00f6rm\u00e5nligt utbytesalternativ. Utbytesprogrammet fungerar i [&hellip;]\" \/>\n<meta property=\"og:url\" content=\"https:\/\/rotary.fi\/d1420\/sv\/det-har-gor-vi\/ungdomsutbytet\/\" \/>\n<meta property=\"og:site_name\" content=\"Piiri 1420\" \/>\n<meta property=\"article:publisher\" content=\"https:\/\/www.facebook.com\/rotary\/\" \/>\n<meta property=\"article:modified_time\" content=\"2025-07-17T11:43:17+00:00\" \/>\n<meta name=\"twitter:card\" content=\"summary_large_image\" \/>\n<meta name=\"twitter:label1\" content=\"Arvioitu lukuaika\" \/>\n\t<meta name=\"twitter:data1\" content=\"4 minuuttia\" \/>\n<script type=\"application\/ld+json\" class=\"yoast-schema-graph\">{\"@context\":\"https:\/\/schema.org\",\"@graph\":[{\"@type\":\"WebPage\",\"@id\":\"https:\/\/rotary.fi\/d1420\/sv\/det-har-gor-vi\/ungdomsutbytet\/\",\"url\":\"https:\/\/rotary.fi\/d1420\/sv\/det-har-gor-vi\/ungdomsutbytet\/\",\"name\":\"Ungdomsutbytet - Piiri 1420\",\"isPartOf\":{\"@id\":\"https:\/\/rotary.fi\/d1420\/#website\"},\"datePublished\":\"2018-04-06T12:48:45+00:00\",\"dateModified\":\"2025-07-17T11:43:17+00:00\",\"breadcrumb\":{\"@id\":\"https:\/\/rotary.fi\/d1420\/sv\/det-har-gor-vi\/ungdomsutbytet\/#breadcrumb\"},\"inLanguage\":\"fi\",\"potentialAction\":[{\"@type\":\"ReadAction\",\"target\":[\"https:\/\/rotary.fi\/d1420\/sv\/det-har-gor-vi\/ungdomsutbytet\/\"]}]},{\"@type\":\"BreadcrumbList\",\"@id\":\"https:\/\/rotary.fi\/d1420\/sv\/det-har-gor-vi\/ungdomsutbytet\/#breadcrumb\",\"itemListElement\":[{\"@type\":\"ListItem\",\"position\":1,\"name\":\"Home\",\"item\":\"https:\/\/rotary.fi\/d1420\/\"},{\"@type\":\"ListItem\",\"position\":2,\"name\":\"Det h\u00e4r g\u00f6r vi\",\"item\":\"https:\/\/rotary.fi\/d1420\/sv\/det-har-gor-vi\/\"},{\"@type\":\"ListItem\",\"position\":3,\"name\":\"Ungdomsutbytet\"}]},{\"@type\":\"WebSite\",\"@id\":\"https:\/\/rotary.fi\/d1420\/#website\",\"url\":\"https:\/\/rotary.fi\/d1420\/\",\"name\":\"Piiri 1420\",\"description\":\"Suomen Rotary\",\"potentialAction\":[{\"@type\":\"SearchAction\",\"target\":{\"@type\":\"EntryPoint\",\"urlTemplate\":\"https:\/\/rotary.fi\/d1420\/?s={search_term_string}\"},\"query-input\":{\"@type\":\"PropertyValueSpecification\",\"valueRequired\":true,\"valueName\":\"search_term_string\"}}],\"inLanguage\":\"fi\"}]}<\/script>\n<!-- \/ Yoast SEO plugin. -->","yoast_head_json":{"title":"Ungdomsutbytet - Piiri 1420","robots":{"index":"index","follow":"follow","max-snippet":"max-snippet:-1","max-image-preview":"max-image-preview:large","max-video-preview":"max-video-preview:-1"},"canonical":"https:\/\/rotary.fi\/d1420\/sv\/det-har-gor-vi\/ungdomsutbytet\/","og_locale":"fi_FI","og_type":"article","og_title":"Ungdomsutbytet - Piiri 1420","og_description":"Ungdomsutbytet fr\u00e4mjar \u00f6msesidig f\u00f6rst\u00e5elseRotary vill fr\u00e4mja f\u00f6rst\u00e5else mellan olika kulturer, god vilja och fred \u00e4ven genom sitt ungdomsutbytesprogram. Ungdomsutbytet \u00e4r en av Rotarys mest centrala och v\u00e4lk\u00e4nda verksamhetsformer. Varje \u00e5r \u00e5ker \u00f6ver 8 000 ungdomar p\u00e5 utbyte v\u00e4rlden \u00f6ver genom organisationen. Tack vare sitt n\u00e4tverk erbjuder Rotary ett s\u00e4kert och f\u00f6rm\u00e5nligt utbytesalternativ. Utbytesprogrammet fungerar i [&hellip;]","og_url":"https:\/\/rotary.fi\/d1420\/sv\/det-har-gor-vi\/ungdomsutbytet\/","og_site_name":"Piiri 1420","article_publisher":"https:\/\/www.facebook.com\/rotary\/","article_modified_time":"2025-07-17T11:43:17+00:00","twitter_card":"summary_large_image","twitter_misc":{"Arvioitu lukuaika":"4 minuuttia"},"schema":{"@context":"https:\/\/schema.org","@graph":[{"@type":"WebPage","@id":"https:\/\/rotary.fi\/d1420\/sv\/det-har-gor-vi\/ungdomsutbytet\/","url":"https:\/\/rotary.fi\/d1420\/sv\/det-har-gor-vi\/ungdomsutbytet\/","name":"Ungdomsutbytet - Piiri 1420","isPartOf":{"@id":"https:\/\/rotary.fi\/d1420\/#website"},"datePublished":"2018-04-06T12:48:45+00:00","dateModified":"2025-07-17T11:43:17+00:00","breadcrumb":{"@id":"https:\/\/rotary.fi\/d1420\/sv\/det-har-gor-vi\/ungdomsutbytet\/#breadcrumb"},"inLanguage":"fi","potentialAction":[{"@type":"ReadAction","target":["https:\/\/rotary.fi\/d1420\/sv\/det-har-gor-vi\/ungdomsutbytet\/"]}]},{"@type":"BreadcrumbList","@id":"https:\/\/rotary.fi\/d1420\/sv\/det-har-gor-vi\/ungdomsutbytet\/#breadcrumb","itemListElement":[{"@type":"ListItem","position":1,"name":"Home","item":"https:\/\/rotary.fi\/d1420\/"},{"@type":"ListItem","position":2,"name":"Det h\u00e4r g\u00f6r vi","item":"https:\/\/rotary.fi\/d1420\/sv\/det-har-gor-vi\/"},{"@type":"ListItem","position":3,"name":"Ungdomsutbytet"}]},{"@type":"WebSite","@id":"https:\/\/rotary.fi\/d1420\/#website","url":"https:\/\/rotary.fi\/d1420\/","name":"Piiri 1420","description":"Suomen Rotary","potentialAction":[{"@type":"SearchAction","target":{"@type":"EntryPoint","urlTemplate":"https:\/\/rotary.fi\/d1420\/?s={search_term_string}"},"query-input":{"@type":"PropertyValueSpecification","valueRequired":true,"valueName":"search_term_string"}}],"inLanguage":"fi"}]}},"lang":"sv","translations":{"sv":2665,"fi":497,"en":11436,"et":11480},"pll_sync_post":[],"_links":{"self":[{"href":"https:\/\/rotary.fi\/d1420\/wp-json\/wp\/v2\/pages\/2665","targetHints":{"allow":["GET"]}}],"collection":[{"href":"https:\/\/rotary.fi\/d1420\/wp-json\/wp\/v2\/pages"}],"about":[{"href":"https:\/\/rotary.fi\/d1420\/wp-json\/wp\/v2\/types\/page"}],"author":[{"embeddable":true,"href":"https:\/\/rotary.fi\/d1420\/wp-json\/wp\/v2\/users\/1"}],"replies":[{"embeddable":true,"href":"https:\/\/rotary.fi\/d1420\/wp-json\/wp\/v2\/comments?post=2665"}],"version-history":[{"count":10,"href":"https:\/\/rotary.fi\/d1420\/wp-json\/wp\/v2\/pages\/2665\/revisions"}],"predecessor-version":[{"id":11513,"href":"https:\/\/rotary.fi\/d1420\/wp-json\/wp\/v2\/pages\/2665\/revisions\/11513"}],"up":[{"embeddable":true,"href":"https:\/\/rotary.fi\/d1420\/wp-json\/wp\/v2\/pages\/10615"}],"wp:attachment":[{"href":"https:\/\/rotary.fi\/d1420\/wp-json\/wp\/v2\/media?parent=2665"}],"curies":[{"name":"wp","href":"https:\/\/api.w.org\/{rel}","templated":true}]}}