{"id":2650,"date":"2019-08-13T10:20:14","date_gmt":"2019-08-13T08:20:14","guid":{"rendered":"https:\/\/rotary.fi\/d1420\/?page_id=2650"},"modified":"2025-10-28T14:41:36","modified_gmt":"2025-10-28T12:41:36","slug":"nordeuropas-rotaryzon","status":"publish","type":"page","link":"https:\/\/rotary.fi\/d1420\/sv\/rotarydistrikt-1420\/nordeuropas-rotaryzon\/","title":{"rendered":"Nordeuropas rotaryzon"},"content":{"rendered":"<p>[et_pb_section fb_built=&#8221;1&#8243; module_class=&#8221;jumbotron-page&#8221; _builder_version=&#8221;4.16&#8243; background_image=&#8221;https:\/\/rotary.fi\/piirisivusto\/wp-content\/uploads\/sites\/183\/2018\/02\/paakuva-sisasivu1.jpg&#8221; global_colors_info=&#8221;{}&#8221;][et_pb_row module_class=&#8221; et_pb_row_fullwidth et_pb_row_fullwidth et_pb_row_fullwidth et_pb_row_fullwidth et_pb_row_fullwidth et_pb_row_fullwidth et_pb_row_fullwidth&#8221; _builder_version=&#8221;4.16&#8243; width=&#8221;89%&#8221; width_tablet=&#8221;80%&#8221; width_phone=&#8221;&#8221; width_last_edited=&#8221;on|desktop&#8221; max_width=&#8221;89%&#8221; max_width_tablet=&#8221;80%&#8221; max_width_phone=&#8221;&#8221; max_width_last_edited=&#8221;on|desktop&#8221; make_fullwidth=&#8221;on&#8221; global_colors_info=&#8221;{}&#8221;][et_pb_column type=&#8221;4_4&#8243; _builder_version=&#8221;4.16&#8243; custom_padding=&#8221;|||&#8221; global_colors_info=&#8221;{}&#8221; custom_padding__hover=&#8221;|||&#8221;][et_pb_text admin_label=&#8221;P\u00e4\u00e4otsikko kuvan p\u00e4\u00e4ll\u00e4&#8221; _builder_version=&#8221;4.27.0&#8243; text_orientation=&#8221;center&#8221; background_layout=&#8221;dark&#8221; z_index_tablet=&#8221;500&#8243; box_shadow_horizontal_tablet=&#8221;0px&#8221; box_shadow_vertical_tablet=&#8221;0px&#8221; box_shadow_blur_tablet=&#8221;40px&#8221; box_shadow_spread_tablet=&#8221;0px&#8221; locked=&#8221;off&#8221; collapsed=&#8221;off&#8221; global_colors_info=&#8221;{}&#8221;]<\/p>\n<h1>Nordeuropas rotaryzon<\/h1>\n<p>[\/et_pb_text][\/et_pb_column][\/et_pb_row][\/et_pb_section][et_pb_section fb_built=&#8221;1&#8243; _builder_version=&#8221;4.27.0&#8243; _module_preset=&#8221;default&#8221; global_colors_info=&#8221;{}&#8221;][et_pb_row _builder_version=&#8221;4.27.0&#8243; _module_preset=&#8221;default&#8221; global_colors_info=&#8221;{}&#8221;][et_pb_column type=&#8221;4_4&#8243; _builder_version=&#8221;4.27.0&#8243; _module_preset=&#8221;default&#8221; global_colors_info=&#8221;{}&#8221;][et_pb_text admin_label=&#8221;Text &#8211; johdanto&#8221; _builder_version=&#8221;4.27.0&#8243; _module_preset=&#8221;default&#8221; global_colors_info=&#8221;{}&#8221;]<\/p>\n<h2>Rotarys organisationsniv\u00e5er<\/h2>\n<p>&nbsp;<\/p>\n<p>Rotary \u00e4r en internationell organisation vars organisationsniv\u00e5er \u00e4r:<\/p>\n<p>&nbsp;<\/p>\n<ul>\n<li>\u00a0 Den strategiska niv\u00e5n bildas av <strong>Rotary Internationa<\/strong>l.<\/li>\n<li>\u00a0 Den operativa niv\u00e5n best\u00e5r av <strong>regioner (Regioner) och zoner (Zon<\/strong>). Regioner \u00e4r en kooperativ enhet som best\u00e5r av tv\u00e5 eller flera zoner.<\/li>\n<li>\u00a0<strong> Rotarydistriktet<\/strong> \u00e4r en regional administrativ och serviceenhet.<\/li>\n<li>\u00a0 <strong>Rotaryklubben<\/strong> \u00e4r den grundl\u00e4ggande enheten f\u00f6r verksamheten<\/li>\n<\/ul>\n<p>[\/et_pb_text][\/et_pb_column][\/et_pb_row][\/et_pb_section][et_pb_section fb_built=&#8221;1&#8243; module_class=&#8221;sisaltoalue_perus&#8221; _builder_version=&#8221;4.27.0&#8243; custom_margin=&#8221;||40px|&#8221; global_colors_info=&#8221;{}&#8221;][et_pb_row column_structure=&#8221;1_2,1_2&#8243; custom_padding_last_edited=&#8221;on|phone&#8221; _builder_version=&#8221;4.27.0&#8243; background_color=&#8221;RGBA(255,255,255,0)&#8221; custom_padding_tablet=&#8221;&#8221; custom_padding_phone=&#8221;&#8221; global_colors_info=&#8221;{}&#8221;][et_pb_column type=&#8221;1_2&#8243; _builder_version=&#8221;4.16&#8243; custom_padding=&#8221;|||&#8221; global_colors_info=&#8221;{}&#8221; custom_padding__hover=&#8221;|||&#8221;][et_pb_text admin_label=&#8221;Teksti: Nordeuropas rotaryzon&#8221; _builder_version=&#8221;4.27.4&#8243; hover_enabled=&#8221;0&#8243; z_index_tablet=&#8221;500&#8243; box_shadow_horizontal_tablet=&#8221;0px&#8221; box_shadow_vertical_tablet=&#8221;0px&#8221; box_shadow_blur_tablet=&#8221;40px&#8221; box_shadow_spread_tablet=&#8221;0px&#8221; global_colors_info=&#8221;{}&#8221; sticky_enabled=&#8221;0&#8243;]<\/p>\n<h3>Zoner och omr\u00e5den<\/h3>\n<p>&nbsp;<\/p>\n<p>Rotary \u00e4r indelat i 34 zoner v\u00e4rlden \u00f6ver. Viktiga zoner f\u00f6r finska rotarianer \u00e4r 17 och 18:<\/p>\n<ul>\n<li>\u00a0\u00a0\u00a0 Finland tillh\u00f6r den nordeuropeiska rotationszonen Zon 17B, som \u00e4ven omfattar Estland som en del av rotary distrikt 1420 och Ryssland.<\/li>\n<li>\u00a0\u00a0\u00a0 Zon 17A best\u00e5r av Sverige och Lettland.<\/li>\n<li>\u00a0\u00a0\u00a0 Zon 18 best\u00e5r av Norge, Danmark, Island, Litauen och Polen.<\/li>\n<\/ul>\n<p>Zonerna 17 och 18 har ett gemensamt resursteam och Rotary International Director 2024-26, Suzan Stenberg, som \u00e4r medlem i Rotary Internationals styrelse. L\u00e4r k\u00e4nna resursteamet fr\u00e5n denna l\u00e4nk: <a href=\"https:\/\/rotary.fi\/d1420\/wp-content\/uploads\/sites\/183\/2025\/10\/Resource-Team-Zones-1718-2025-2026.pdf\" rel=\"attachment wp-att-12085\">Resource Team Zones 17+18 (2025-2026)<\/a><\/p>\n<p>Olika utbildningstillf\u00e4llen och seminarier anordnas \u00e5rligen per zon eller region, till exempel ett utbildningsseminarium f\u00f6r framtida guvern\u00f6rer. Dessutom fungerar personalen i resursteamet som utbildare, facilitatorer och talare vid regionala och distriktsevenemang.<\/p>\n<p>Du kan l\u00e4ra dig om zonerna 17 och 18 p\u00e5 <a href=\"https:\/\/www.rotaryzones17-18.org\/\">Rotaryzones17-18.org<\/a>, som har information om de distrikt och samordnare som tillh\u00f6r den, s\u00e5v\u00e4l som alla andra RI-zoner.<\/p>\n<p>[\/et_pb_text][\/et_pb_column][et_pb_column type=&#8221;1_2&#8243; _builder_version=&#8221;4.16&#8243; custom_padding=&#8221;|||&#8221; global_colors_info=&#8221;{}&#8221; custom_padding__hover=&#8221;|||&#8221;][et_pb_image src=&#8221;https:\/\/rotary.fi\/d1420\/wp-content\/uploads\/sites\/183\/2024\/10\/euroopan-zone-alueet.jpg&#8221; alt=&#8221;Euroopan zone-vy\u00f6hykkeet&#8221; title_text=&#8221;Euroopan zone-alueet&#8221; align_tablet=&#8221;center&#8221; align_phone=&#8221;&#8221; align_last_edited=&#8221;on|desktop&#8221; _builder_version=&#8221;4.27.0&#8243; z_index_tablet=&#8221;500&#8243; border_width_all=&#8221;10px&#8221; border_color_all=&#8221;#ffffff&#8221; box_shadow_style=&#8221;preset1&#8243; box_shadow_blur=&#8221;5px&#8221; global_colors_info=&#8221;{}&#8221;][\/et_pb_image][\/et_pb_column][\/et_pb_row][\/et_pb_section][et_pb_section fb_built=&#8221;1&#8243; _builder_version=&#8221;4.27.0&#8243; _module_preset=&#8221;default&#8221; global_colors_info=&#8221;{}&#8221;][et_pb_row _builder_version=&#8221;4.27.0&#8243; _module_preset=&#8221;default&#8221; global_colors_info=&#8221;{}&#8221;][et_pb_column type=&#8221;4_4&#8243; _builder_version=&#8221;4.27.0&#8243; _module_preset=&#8221;default&#8221; global_colors_info=&#8221;{}&#8221;][et_pb_text admin_label=&#8221;Text &#8211; aluekonttori&#8221; _builder_version=&#8221;4.27.0&#8243; _module_preset=&#8221;default&#8221; global_colors_info=&#8221;{}&#8221;]<\/p>\n<h3>Regionkontor<\/h3>\n<p>RI har flera internationella regionala kontor som tillh\u00f6r RI-sekretariatet.<\/p>\n<p>Regionkontoret f\u00f6r Europa och Afrika (EAO) i Z\u00fcrich betj\u00e4nar finska och estniska rotarianer. Sari Miettinen, som arbetar p\u00e5 kontoret i Z\u00fcrich, betj\u00e4nar klubbar och kretsar p\u00e5 finska, svenska, tyska och engelska.<\/p>\n<p>Hennes kontaktuppgifter \u00e4r<\/p>\n<p>Name: Sari Miettinen<br \/>Title: Specialist | Nordic countries<br \/>Phone: +41 44 387 71 30<br \/>E-mail: Sari.Miettinen(at)rotary.org<\/p>\n<p>[\/et_pb_text][\/et_pb_column][\/et_pb_row][\/et_pb_section]<\/p>\n","protected":false},"excerpt":{"rendered":"<p>Nordeuropas rotaryzonRotarys organisationsniv\u00e5er &nbsp; Rotary \u00e4r en internationell organisation vars organisationsniv\u00e5er \u00e4r: &nbsp; \u00a0 Den strategiska niv\u00e5n bildas av Rotary International. \u00a0 Den operativa niv\u00e5n best\u00e5r av regioner (Regioner) och zoner (Zon). Regioner \u00e4r en kooperativ enhet som best\u00e5r av tv\u00e5 eller flera zoner. \u00a0 Rotarydistriktet \u00e4r en regional administrativ och serviceenhet. \u00a0 Rotaryklubben \u00e4r [&hellip;]<\/p>\n","protected":false},"author":1,"featured_media":0,"parent":9922,"menu_order":5,"comment_status":"closed","ping_status":"closed","template":"","meta":{"_acf_changed":false,"_et_pb_use_builder":"on","_et_pb_old_content":"","_et_gb_content_width":"","footnotes":""},"class_list":["post-2650","page","type-page","status-publish","hentry"],"acf":[],"yoast_head":"<!-- This site is optimized with the Yoast SEO plugin v27.4 - https:\/\/yoast.com\/product\/yoast-seo-wordpress\/ -->\n<title>Nordeuropas rotaryzon - Piiri 1420<\/title>\n<meta name=\"robots\" content=\"index, follow, max-snippet:-1, max-image-preview:large, max-video-preview:-1\" \/>\n<link rel=\"canonical\" href=\"https:\/\/rotary.fi\/d1420\/sv\/rotarydistrikt-1420\/nordeuropas-rotaryzon\/\" \/>\n<meta property=\"og:locale\" content=\"fi_FI\" \/>\n<meta property=\"og:type\" content=\"article\" \/>\n<meta property=\"og:title\" content=\"Nordeuropas rotaryzon - Piiri 1420\" \/>\n<meta property=\"og:description\" content=\"Nordeuropas rotaryzonRotarys organisationsniv\u00e5er &nbsp; Rotary \u00e4r en internationell organisation vars organisationsniv\u00e5er \u00e4r: &nbsp; \u00a0 Den strategiska niv\u00e5n bildas av Rotary International. \u00a0 Den operativa niv\u00e5n best\u00e5r av regioner (Regioner) och zoner (Zon). Regioner \u00e4r en kooperativ enhet som best\u00e5r av tv\u00e5 eller flera zoner. \u00a0 Rotarydistriktet \u00e4r en regional administrativ och serviceenhet. \u00a0 Rotaryklubben \u00e4r [&hellip;]\" \/>\n<meta property=\"og:url\" content=\"https:\/\/rotary.fi\/d1420\/sv\/rotarydistrikt-1420\/nordeuropas-rotaryzon\/\" \/>\n<meta property=\"og:site_name\" content=\"Piiri 1420\" \/>\n<meta property=\"article:publisher\" content=\"https:\/\/www.facebook.com\/rotary\/\" \/>\n<meta property=\"article:modified_time\" content=\"2025-10-28T12:41:36+00:00\" \/>\n<meta name=\"twitter:card\" content=\"summary_large_image\" \/>\n<meta name=\"twitter:label1\" content=\"Arvioitu lukuaika\" \/>\n\t<meta name=\"twitter:data1\" content=\"2 minuuttia\" \/>\n<script type=\"application\/ld+json\" class=\"yoast-schema-graph\">{\"@context\":\"https:\\\/\\\/schema.org\",\"@graph\":[{\"@type\":\"WebPage\",\"@id\":\"https:\\\/\\\/rotary.fi\\\/d1420\\\/sv\\\/rotarydistrikt-1420\\\/nordeuropas-rotaryzon\\\/\",\"url\":\"https:\\\/\\\/rotary.fi\\\/d1420\\\/sv\\\/rotarydistrikt-1420\\\/nordeuropas-rotaryzon\\\/\",\"name\":\"Nordeuropas rotaryzon - Piiri 1420\",\"isPartOf\":{\"@id\":\"https:\\\/\\\/rotary.fi\\\/d1420\\\/#website\"},\"datePublished\":\"2019-08-13T08:20:14+00:00\",\"dateModified\":\"2025-10-28T12:41:36+00:00\",\"breadcrumb\":{\"@id\":\"https:\\\/\\\/rotary.fi\\\/d1420\\\/sv\\\/rotarydistrikt-1420\\\/nordeuropas-rotaryzon\\\/#breadcrumb\"},\"inLanguage\":\"fi\",\"potentialAction\":[{\"@type\":\"ReadAction\",\"target\":[\"https:\\\/\\\/rotary.fi\\\/d1420\\\/sv\\\/rotarydistrikt-1420\\\/nordeuropas-rotaryzon\\\/\"]}]},{\"@type\":\"BreadcrumbList\",\"@id\":\"https:\\\/\\\/rotary.fi\\\/d1420\\\/sv\\\/rotarydistrikt-1420\\\/nordeuropas-rotaryzon\\\/#breadcrumb\",\"itemListElement\":[{\"@type\":\"ListItem\",\"position\":1,\"name\":\"Home\",\"item\":\"https:\\\/\\\/rotary.fi\\\/d1420\\\/\"},{\"@type\":\"ListItem\",\"position\":2,\"name\":\"Presentation av distrikt\",\"item\":\"https:\\\/\\\/rotary.fi\\\/d1420\\\/sv\\\/rotarydistrikt-1420\\\/\"},{\"@type\":\"ListItem\",\"position\":3,\"name\":\"Nordeuropas rotaryzon\"}]},{\"@type\":\"WebSite\",\"@id\":\"https:\\\/\\\/rotary.fi\\\/d1420\\\/#website\",\"url\":\"https:\\\/\\\/rotary.fi\\\/d1420\\\/\",\"name\":\"Piiri 1420\",\"description\":\"Suomen Rotary\",\"potentialAction\":[{\"@type\":\"SearchAction\",\"target\":{\"@type\":\"EntryPoint\",\"urlTemplate\":\"https:\\\/\\\/rotary.fi\\\/d1420\\\/?s={search_term_string}\"},\"query-input\":{\"@type\":\"PropertyValueSpecification\",\"valueRequired\":true,\"valueName\":\"search_term_string\"}}],\"inLanguage\":\"fi\"}]}<\/script>\n<!-- \/ Yoast SEO plugin. -->","yoast_head_json":{"title":"Nordeuropas rotaryzon - Piiri 1420","robots":{"index":"index","follow":"follow","max-snippet":"max-snippet:-1","max-image-preview":"max-image-preview:large","max-video-preview":"max-video-preview:-1"},"canonical":"https:\/\/rotary.fi\/d1420\/sv\/rotarydistrikt-1420\/nordeuropas-rotaryzon\/","og_locale":"fi_FI","og_type":"article","og_title":"Nordeuropas rotaryzon - Piiri 1420","og_description":"Nordeuropas rotaryzonRotarys organisationsniv\u00e5er &nbsp; Rotary \u00e4r en internationell organisation vars organisationsniv\u00e5er \u00e4r: &nbsp; \u00a0 Den strategiska niv\u00e5n bildas av Rotary International. \u00a0 Den operativa niv\u00e5n best\u00e5r av regioner (Regioner) och zoner (Zon). Regioner \u00e4r en kooperativ enhet som best\u00e5r av tv\u00e5 eller flera zoner. \u00a0 Rotarydistriktet \u00e4r en regional administrativ och serviceenhet. \u00a0 Rotaryklubben \u00e4r [&hellip;]","og_url":"https:\/\/rotary.fi\/d1420\/sv\/rotarydistrikt-1420\/nordeuropas-rotaryzon\/","og_site_name":"Piiri 1420","article_publisher":"https:\/\/www.facebook.com\/rotary\/","article_modified_time":"2025-10-28T12:41:36+00:00","twitter_card":"summary_large_image","twitter_misc":{"Arvioitu lukuaika":"2 minuuttia"},"schema":{"@context":"https:\/\/schema.org","@graph":[{"@type":"WebPage","@id":"https:\/\/rotary.fi\/d1420\/sv\/rotarydistrikt-1420\/nordeuropas-rotaryzon\/","url":"https:\/\/rotary.fi\/d1420\/sv\/rotarydistrikt-1420\/nordeuropas-rotaryzon\/","name":"Nordeuropas rotaryzon - Piiri 1420","isPartOf":{"@id":"https:\/\/rotary.fi\/d1420\/#website"},"datePublished":"2019-08-13T08:20:14+00:00","dateModified":"2025-10-28T12:41:36+00:00","breadcrumb":{"@id":"https:\/\/rotary.fi\/d1420\/sv\/rotarydistrikt-1420\/nordeuropas-rotaryzon\/#breadcrumb"},"inLanguage":"fi","potentialAction":[{"@type":"ReadAction","target":["https:\/\/rotary.fi\/d1420\/sv\/rotarydistrikt-1420\/nordeuropas-rotaryzon\/"]}]},{"@type":"BreadcrumbList","@id":"https:\/\/rotary.fi\/d1420\/sv\/rotarydistrikt-1420\/nordeuropas-rotaryzon\/#breadcrumb","itemListElement":[{"@type":"ListItem","position":1,"name":"Home","item":"https:\/\/rotary.fi\/d1420\/"},{"@type":"ListItem","position":2,"name":"Presentation av distrikt","item":"https:\/\/rotary.fi\/d1420\/sv\/rotarydistrikt-1420\/"},{"@type":"ListItem","position":3,"name":"Nordeuropas rotaryzon"}]},{"@type":"WebSite","@id":"https:\/\/rotary.fi\/d1420\/#website","url":"https:\/\/rotary.fi\/d1420\/","name":"Piiri 1420","description":"Suomen Rotary","potentialAction":[{"@type":"SearchAction","target":{"@type":"EntryPoint","urlTemplate":"https:\/\/rotary.fi\/d1420\/?s={search_term_string}"},"query-input":{"@type":"PropertyValueSpecification","valueRequired":true,"valueName":"search_term_string"}}],"inLanguage":"fi"}]}},"lang":"sv","translations":{"sv":2650,"fi":2287,"et":3529,"en":9589},"pll_sync_post":[],"_links":{"self":[{"href":"https:\/\/rotary.fi\/d1420\/wp-json\/wp\/v2\/pages\/2650","targetHints":{"allow":["GET"]}}],"collection":[{"href":"https:\/\/rotary.fi\/d1420\/wp-json\/wp\/v2\/pages"}],"about":[{"href":"https:\/\/rotary.fi\/d1420\/wp-json\/wp\/v2\/types\/page"}],"author":[{"embeddable":true,"href":"https:\/\/rotary.fi\/d1420\/wp-json\/wp\/v2\/users\/1"}],"replies":[{"embeddable":true,"href":"https:\/\/rotary.fi\/d1420\/wp-json\/wp\/v2\/comments?post=2650"}],"version-history":[{"count":11,"href":"https:\/\/rotary.fi\/d1420\/wp-json\/wp\/v2\/pages\/2650\/revisions"}],"predecessor-version":[{"id":12088,"href":"https:\/\/rotary.fi\/d1420\/wp-json\/wp\/v2\/pages\/2650\/revisions\/12088"}],"up":[{"embeddable":true,"href":"https:\/\/rotary.fi\/d1420\/wp-json\/wp\/v2\/pages\/9922"}],"wp:attachment":[{"href":"https:\/\/rotary.fi\/d1420\/wp-json\/wp\/v2\/media?parent=2650"}],"curies":[{"name":"wp","href":"https:\/\/api.w.org\/{rel}","templated":true}]}}