{"id":2293,"date":"2019-05-02T12:15:14","date_gmt":"2019-05-02T10:15:14","guid":{"rendered":"https:\/\/rotary.fi\/piirisivusto\/?page_id=2293"},"modified":"2026-05-16T08:41:21","modified_gmt":"2026-05-16T06:41:21","slug":"liity-mukaan","status":"publish","type":"page","link":"https:\/\/rotary.fi\/d1420\/liity-mukaan\/","title":{"rendered":"Liity mukaan"},"content":{"rendered":"<p>[et_pb_section fb_built=&#8221;1&#8243; module_class=&#8221;jumbotron-page&#8221; _builder_version=&#8221;4.22.1&#8243; background_image=&#8221;https:\/\/rotary.fi\/d1420\/wp-content\/uploads\/sites\/183\/2018\/04\/paakuva_liity_mukaan.jpg&#8221; inner_width_tablet=&#8221;50px&#8221; inner_max_width_tablet=&#8221;50px&#8221; z_index_tablet=&#8221;500&#8243; global_colors_info=&#8221;{}&#8221;][et_pb_row module_class=&#8221; et_pb_row_fullwidth et_pb_row_fullwidth et_pb_row_fullwidth et_pb_row_fullwidth&#8221; _builder_version=&#8221;4.16&#8243; width=&#8221;89%&#8221; width_tablet=&#8221;80%&#8221; width_phone=&#8221;&#8221; width_last_edited=&#8221;on|desktop&#8221; max_width=&#8221;89%&#8221; max_width_tablet=&#8221;80%&#8221; max_width_phone=&#8221;&#8221; max_width_last_edited=&#8221;on|desktop&#8221; make_fullwidth=&#8221;on&#8221; global_colors_info=&#8221;{}&#8221;][et_pb_column type=&#8221;4_4&#8243; _builder_version=&#8221;4.16&#8243; custom_padding=&#8221;|||&#8221; global_colors_info=&#8221;{}&#8221; custom_padding__hover=&#8221;|||&#8221;][et_pb_text admin_label=&#8221;Liity mukaan -otsikko&#8221; _builder_version=&#8221;4.16&#8243; text_orientation=&#8221;center&#8221; background_layout=&#8221;dark&#8221; z_index_tablet=&#8221;500&#8243; global_colors_info=&#8221;{}&#8221;]<\/p>\n<h1>Liity mukaan<\/h1>\n<p>[\/et_pb_text][\/et_pb_column][\/et_pb_row][\/et_pb_section][et_pb_section fb_built=&#8221;1&#8243; module_class=&#8221;sisaltoalue_perus&#8221; _builder_version=&#8221;4.16&#8243; background_size=&#8221;initial&#8221; background_position=&#8221;top_left&#8221; background_repeat=&#8221;repeat&#8221; global_colors_info=&#8221;{}&#8221;][et_pb_row custom_padding_last_edited=&#8221;on|phone&#8221; _builder_version=&#8221;4.16&#8243; custom_padding=&#8221;46.6875px|0px|63px|0px&#8221; custom_padding_tablet=&#8221;&#8221; custom_padding_phone=&#8221;&#8221; global_colors_info=&#8221;{}&#8221;][et_pb_column type=&#8221;4_4&#8243; _builder_version=&#8221;4.16&#8243; custom_padding=&#8221;|||&#8221; global_colors_info=&#8221;{}&#8221; custom_padding__hover=&#8221;|||&#8221;][et_pb_text admin_label=&#8221;Liity mukaan -otsikko&#8221; _builder_version=&#8221;4.16&#8243; text_orientation=&#8221;center&#8221; z_index_tablet=&#8221;500&#8243; global_colors_info=&#8221;{}&#8221;][\/et_pb_text][et_pb_text _builder_version=&#8221;4.16&#8243; custom_margin=&#8221;||60px|&#8221; z_index_tablet=&#8221;500&#8243; global_colors_info=&#8221;{}&#8221;]<\/p>\n<p>Rotary on kansainv\u00e4linen j\u00e4rjest\u00f6, joka muodostuu samalla tavalla ajattelevista ihmisist\u00e4 \u2013 ihmist\u00e4, jotka haluavat tehd\u00e4 hyv\u00e4\u00e4 omalla paikkakunnallaan ja ymp\u00e4ri maailman. Rotaryklubeja on melkein jokaisessa maassa, Suomessakin jokaisella seutukunnalla, kaupungissa ja l\u00e4hes jokaisessa kunnassa.<\/p>\n<p>Tutustu my\u00f6s nuorille suunnattuun toimintaan, <a href=\"https:\/\/rotary.fi\/mita-teemme\/nuorisopalvelut\/interact\/\" target=\"_blank\" rel=\"noopener noreferrer\">Interactiin<\/a> ja <a href=\"https:\/\/rotary.fi\/mita-teemme\/nuorisopalvelut\/rotaract\/\" target=\"_blank\" rel=\"noopener noreferrer\">Rotaractiin<\/a>.<\/p>\n<p>[\/et_pb_text][\/et_pb_column][\/et_pb_row][\/et_pb_section]<\/p>\n","protected":false},"excerpt":{"rendered":"<p>Liity mukaan Rotary on kansainv\u00e4linen j\u00e4rjest\u00f6, joka muodostuu samalla tavalla ajattelevista ihmisist\u00e4 \u2013 ihmist\u00e4, jotka haluavat tehd\u00e4 hyv\u00e4\u00e4 omalla paikkakunnallaan ja ymp\u00e4ri maailman. Rotaryklubeja on melkein jokaisessa maassa, Suomessakin jokaisella seutukunnalla, kaupungissa ja l\u00e4hes jokaisessa kunnassa. Tutustu my\u00f6s nuorille suunnattuun toimintaan, Interactiin ja Rotaractiin.<\/p>\n","protected":false},"author":1,"featured_media":0,"parent":0,"menu_order":3,"comment_status":"closed","ping_status":"closed","template":"","meta":{"_acf_changed":false,"_et_pb_use_builder":"on","_et_pb_old_content":"","_et_gb_content_width":"","footnotes":""},"class_list":["post-2293","page","type-page","status-publish","hentry"],"acf":[],"yoast_head":"<!-- This site is optimized with the Yoast SEO plugin v27.4 - https:\/\/yoast.com\/product\/yoast-seo-wordpress\/ -->\n<title>Liity mukaan - Piiri 1420<\/title>\n<meta name=\"robots\" content=\"index, follow, max-snippet:-1, max-image-preview:large, max-video-preview:-1\" \/>\n<link rel=\"canonical\" href=\"https:\/\/rotary.fi\/d1420\/liity-mukaan\/\" \/>\n<meta property=\"og:locale\" content=\"fi_FI\" \/>\n<meta property=\"og:type\" content=\"article\" \/>\n<meta property=\"og:title\" content=\"Liity mukaan - Piiri 1420\" \/>\n<meta property=\"og:description\" content=\"Liity mukaan Rotary on kansainv\u00e4linen j\u00e4rjest\u00f6, joka muodostuu samalla tavalla ajattelevista ihmisist\u00e4 \u2013 ihmist\u00e4, jotka haluavat tehd\u00e4 hyv\u00e4\u00e4 omalla paikkakunnallaan ja ymp\u00e4ri maailman. Rotaryklubeja on melkein jokaisessa maassa, Suomessakin jokaisella seutukunnalla, kaupungissa ja l\u00e4hes jokaisessa kunnassa. Tutustu my\u00f6s nuorille suunnattuun toimintaan, Interactiin ja Rotaractiin.\" \/>\n<meta property=\"og:url\" content=\"https:\/\/rotary.fi\/d1420\/liity-mukaan\/\" \/>\n<meta property=\"og:site_name\" content=\"Piiri 1420\" \/>\n<meta property=\"article:publisher\" content=\"https:\/\/www.facebook.com\/rotary\/\" \/>\n<meta property=\"article:modified_time\" content=\"2026-05-16T06:41:21+00:00\" \/>\n<meta name=\"twitter:card\" content=\"summary_large_image\" \/>\n<meta name=\"twitter:label1\" content=\"Arvioitu lukuaika\" \/>\n\t<meta name=\"twitter:data1\" content=\"1 minuutti\" \/>\n<script type=\"application\/ld+json\" class=\"yoast-schema-graph\">{\"@context\":\"https:\\\/\\\/schema.org\",\"@graph\":[{\"@type\":\"WebPage\",\"@id\":\"https:\\\/\\\/rotary.fi\\\/d1420\\\/liity-mukaan\\\/\",\"url\":\"https:\\\/\\\/rotary.fi\\\/d1420\\\/liity-mukaan\\\/\",\"name\":\"Liity mukaan - Piiri 1420\",\"isPartOf\":{\"@id\":\"https:\\\/\\\/rotary.fi\\\/d1420\\\/#website\"},\"datePublished\":\"2019-05-02T10:15:14+00:00\",\"dateModified\":\"2026-05-16T06:41:21+00:00\",\"breadcrumb\":{\"@id\":\"https:\\\/\\\/rotary.fi\\\/d1420\\\/liity-mukaan\\\/#breadcrumb\"},\"inLanguage\":\"fi\",\"potentialAction\":[{\"@type\":\"ReadAction\",\"target\":[\"https:\\\/\\\/rotary.fi\\\/d1420\\\/liity-mukaan\\\/\"]}]},{\"@type\":\"BreadcrumbList\",\"@id\":\"https:\\\/\\\/rotary.fi\\\/d1420\\\/liity-mukaan\\\/#breadcrumb\",\"itemListElement\":[{\"@type\":\"ListItem\",\"position\":1,\"name\":\"Home\",\"item\":\"https:\\\/\\\/rotary.fi\\\/d1420\\\/\"},{\"@type\":\"ListItem\",\"position\":2,\"name\":\"Liity mukaan\"}]},{\"@type\":\"WebSite\",\"@id\":\"https:\\\/\\\/rotary.fi\\\/d1420\\\/#website\",\"url\":\"https:\\\/\\\/rotary.fi\\\/d1420\\\/\",\"name\":\"Piiri 1420\",\"description\":\"Suomen Rotary\",\"potentialAction\":[{\"@type\":\"SearchAction\",\"target\":{\"@type\":\"EntryPoint\",\"urlTemplate\":\"https:\\\/\\\/rotary.fi\\\/d1420\\\/?s={search_term_string}\"},\"query-input\":{\"@type\":\"PropertyValueSpecification\",\"valueRequired\":true,\"valueName\":\"search_term_string\"}}],\"inLanguage\":\"fi\"}]}<\/script>\n<!-- \/ Yoast SEO plugin. -->","yoast_head_json":{"title":"Liity mukaan - Piiri 1420","robots":{"index":"index","follow":"follow","max-snippet":"max-snippet:-1","max-image-preview":"max-image-preview:large","max-video-preview":"max-video-preview:-1"},"canonical":"https:\/\/rotary.fi\/d1420\/liity-mukaan\/","og_locale":"fi_FI","og_type":"article","og_title":"Liity mukaan - Piiri 1420","og_description":"Liity mukaan Rotary on kansainv\u00e4linen j\u00e4rjest\u00f6, joka muodostuu samalla tavalla ajattelevista ihmisist\u00e4 \u2013 ihmist\u00e4, jotka haluavat tehd\u00e4 hyv\u00e4\u00e4 omalla paikkakunnallaan ja ymp\u00e4ri maailman. Rotaryklubeja on melkein jokaisessa maassa, Suomessakin jokaisella seutukunnalla, kaupungissa ja l\u00e4hes jokaisessa kunnassa. Tutustu my\u00f6s nuorille suunnattuun toimintaan, Interactiin ja Rotaractiin.","og_url":"https:\/\/rotary.fi\/d1420\/liity-mukaan\/","og_site_name":"Piiri 1420","article_publisher":"https:\/\/www.facebook.com\/rotary\/","article_modified_time":"2026-05-16T06:41:21+00:00","twitter_card":"summary_large_image","twitter_misc":{"Arvioitu lukuaika":"1 minuutti"},"schema":{"@context":"https:\/\/schema.org","@graph":[{"@type":"WebPage","@id":"https:\/\/rotary.fi\/d1420\/liity-mukaan\/","url":"https:\/\/rotary.fi\/d1420\/liity-mukaan\/","name":"Liity mukaan - Piiri 1420","isPartOf":{"@id":"https:\/\/rotary.fi\/d1420\/#website"},"datePublished":"2019-05-02T10:15:14+00:00","dateModified":"2026-05-16T06:41:21+00:00","breadcrumb":{"@id":"https:\/\/rotary.fi\/d1420\/liity-mukaan\/#breadcrumb"},"inLanguage":"fi","potentialAction":[{"@type":"ReadAction","target":["https:\/\/rotary.fi\/d1420\/liity-mukaan\/"]}]},{"@type":"BreadcrumbList","@id":"https:\/\/rotary.fi\/d1420\/liity-mukaan\/#breadcrumb","itemListElement":[{"@type":"ListItem","position":1,"name":"Home","item":"https:\/\/rotary.fi\/d1420\/"},{"@type":"ListItem","position":2,"name":"Liity mukaan"}]},{"@type":"WebSite","@id":"https:\/\/rotary.fi\/d1420\/#website","url":"https:\/\/rotary.fi\/d1420\/","name":"Piiri 1420","description":"Suomen Rotary","potentialAction":[{"@type":"SearchAction","target":{"@type":"EntryPoint","urlTemplate":"https:\/\/rotary.fi\/d1420\/?s={search_term_string}"},"query-input":{"@type":"PropertyValueSpecification","valueRequired":true,"valueName":"search_term_string"}}],"inLanguage":"fi"}]}},"lang":"fi","translations":{"fi":2293,"sv":2704,"en":2962,"et":3624},"pll_sync_post":[],"_links":{"self":[{"href":"https:\/\/rotary.fi\/d1420\/wp-json\/wp\/v2\/pages\/2293","targetHints":{"allow":["GET"]}}],"collection":[{"href":"https:\/\/rotary.fi\/d1420\/wp-json\/wp\/v2\/pages"}],"about":[{"href":"https:\/\/rotary.fi\/d1420\/wp-json\/wp\/v2\/types\/page"}],"author":[{"embeddable":true,"href":"https:\/\/rotary.fi\/d1420\/wp-json\/wp\/v2\/users\/1"}],"replies":[{"embeddable":true,"href":"https:\/\/rotary.fi\/d1420\/wp-json\/wp\/v2\/comments?post=2293"}],"version-history":[{"count":7,"href":"https:\/\/rotary.fi\/d1420\/wp-json\/wp\/v2\/pages\/2293\/revisions"}],"predecessor-version":[{"id":14098,"href":"https:\/\/rotary.fi\/d1420\/wp-json\/wp\/v2\/pages\/2293\/revisions\/14098"}],"wp:attachment":[{"href":"https:\/\/rotary.fi\/d1420\/wp-json\/wp\/v2\/media?parent=2293"}],"curies":[{"name":"wp","href":"https:\/\/api.w.org\/{rel}","templated":true}]}}