{"id":2287,"date":"2019-05-02T12:02:11","date_gmt":"2019-05-02T10:02:11","guid":{"rendered":"https:\/\/rotary.fi\/piirisivusto\/?page_id=2287"},"modified":"2025-10-28T14:40:34","modified_gmt":"2025-10-28T12:40:34","slug":"pohjois-euroopan-rotaryvyohyke","status":"publish","type":"page","link":"https:\/\/rotary.fi\/d1420\/pohjois-euroopan-rotaryvyohyke\/","title":{"rendered":"Pohjois-Euroopan rotaryvy\u00f6hyke"},"content":{"rendered":"<p>[et_pb_section fb_built=&#8221;1&#8243; module_class=&#8221;jumbotron-page&#8221; _builder_version=&#8221;4.16&#8243; background_image=&#8221;https:\/\/rotary.fi\/piirisivusto\/wp-content\/uploads\/sites\/183\/2018\/02\/paakuva-sisasivu1.jpg&#8221; global_colors_info=&#8221;{}&#8221;][et_pb_row module_class=&#8221; et_pb_row_fullwidth et_pb_row_fullwidth et_pb_row_fullwidth et_pb_row_fullwidth et_pb_row_fullwidth et_pb_row_fullwidth&#8221; _builder_version=&#8221;4.16&#8243; width=&#8221;89%&#8221; width_tablet=&#8221;80%&#8221; width_phone=&#8221;&#8221; width_last_edited=&#8221;on|desktop&#8221; max_width=&#8221;89%&#8221; max_width_tablet=&#8221;80%&#8221; max_width_phone=&#8221;&#8221; max_width_last_edited=&#8221;on|desktop&#8221; make_fullwidth=&#8221;on&#8221; global_colors_info=&#8221;{}&#8221;][et_pb_column type=&#8221;4_4&#8243; _builder_version=&#8221;4.16&#8243; custom_padding=&#8221;|||&#8221; global_colors_info=&#8221;{}&#8221; custom_padding__hover=&#8221;|||&#8221;][et_pb_text admin_label=&#8221;P\u00e4\u00e4otsikko kuvan p\u00e4\u00e4ll\u00e4: Pohjois-Euroopan rotaryvy\u00f6hyke&#8221; _builder_version=&#8221;4.16&#8243; text_orientation=&#8221;center&#8221; background_layout=&#8221;dark&#8221; z_index_tablet=&#8221;500&#8243; locked=&#8221;off&#8221; collapsed=&#8221;off&#8221; global_colors_info=&#8221;{}&#8221;]<\/p>\n<h1>Pohjois-Euroopan rotaryvy\u00f6hyke<\/h1>\n<p>[\/et_pb_text][\/et_pb_column][\/et_pb_row][\/et_pb_section][et_pb_section fb_built=&#8221;1&#8243; module_class=&#8221;sisaltoalue_perus&#8221; _builder_version=&#8221;4.16&#8243; custom_margin=&#8221;||40px|&#8221; global_colors_info=&#8221;{}&#8221;][et_pb_row custom_padding_last_edited=&#8221;on|phone&#8221; _builder_version=&#8221;4.27.0&#8243; custom_padding_tablet=&#8221;&#8221; custom_padding_phone=&#8221;&#8221; global_colors_info=&#8221;{}&#8221;][et_pb_column type=&#8221;4_4&#8243; _builder_version=&#8221;4.16&#8243; custom_padding=&#8221;|||&#8221; global_colors_info=&#8221;{}&#8221; custom_padding__hover=&#8221;|||&#8221;][et_pb_text admin_label=&#8221;P\u00e4\u00e4otsikko ennen sis\u00e4lt\u00f6\u00e4: Rotaryn organisaatiotasot&#8221; _builder_version=&#8221;4.27.0&#8243; text_orientation=&#8221;center&#8221; z_index_tablet=&#8221;500&#8243; global_colors_info=&#8221;{}&#8221;]<\/p>\n<h2 style=\"text-align: left\">\u200bRotaryn organisaatiotasot<\/h2>\n<p>[\/et_pb_text][et_pb_text admin_label=&#8221;Teksti -johdanto&#8221; _builder_version=&#8221;4.27.0&#8243; z_index_tablet=&#8221;500&#8243; box_shadow_horizontal_tablet=&#8221;0px&#8221; box_shadow_vertical_tablet=&#8221;0px&#8221; box_shadow_blur_tablet=&#8221;40px&#8221; box_shadow_spread_tablet=&#8221;0px&#8221; global_colors_info=&#8221;{}&#8221;]<\/p>\n<p>Rotary on kansainv\u00e4linen organisaatio, jonka organisaatiotasot ovat:<\/p>\n<ul>\n<li><strong>Strategisen tason<\/strong> muodostaa Rotary International.<\/li>\n<li><strong>Operatiivinen taso<\/strong> muodostuu\u00a0 alueista (Regions) ja vy\u00f6hykkeist\u00e4 (Zone). Alueet ovat kahden tai useamman vy\u00f6hykkeen muodostama yhteistoimintakokonaisuus.<\/li>\n<li><strong>Rotarypiiri<\/strong> on alueellinen hallinto- ja palveluyksikk\u00f6.<\/li>\n<li><strong>Rotaryklubi<\/strong> on toiminnan perusyksikk\u00f6.<\/li>\n<\/ul>\n<p>&nbsp;<\/p>\n<p>[\/et_pb_text][\/et_pb_column][\/et_pb_row][et_pb_row column_structure=&#8221;1_2,1_2&#8243; custom_padding_last_edited=&#8221;on|phone&#8221; _builder_version=&#8221;4.16&#8243; custom_padding_tablet=&#8221;&#8221; custom_padding_phone=&#8221;&#8221; global_colors_info=&#8221;{}&#8221;][et_pb_column type=&#8221;1_2&#8243; _builder_version=&#8221;4.16&#8243; custom_padding=&#8221;|||&#8221; global_colors_info=&#8221;{}&#8221; custom_padding__hover=&#8221;|||&#8221;][et_pb_text admin_label=&#8221;Teksti Zone&#8221; _builder_version=&#8221;4.27.4&#8243; hover_enabled=&#8221;0&#8243; z_index_tablet=&#8221;500&#8243; box_shadow_horizontal_tablet=&#8221;0px&#8221; box_shadow_vertical_tablet=&#8221;0px&#8221; box_shadow_blur_tablet=&#8221;40px&#8221; box_shadow_spread_tablet=&#8221;0px&#8221; global_colors_info=&#8221;{}&#8221; sticky_enabled=&#8221;0&#8243;]<\/p>\n<h3>Vy\u00f6hykkeet ja alueet<\/h3>\n<p>Rotary on jaettu maailmanlaajuisesti 34 vy\u00f6hykkeeseen. Suomen rotareiden kannalta t\u00e4rkeit\u00e4 vy\u00f6hykkeit\u00e4 ovat 17 ja 18:<\/p>\n<ol>\n<li>Suomi kuuluu Pohjois-Euroopan rotaryvy\u00f6hykkeeseen Zone 17B, johon kuuluvat my\u00f6s Viro rotarypiirin 1420 osana ja Ven\u00e4j\u00e4.<\/li>\n<li>Vy\u00f6hyke 17A muodostuu Ruotsista ja Latviasta.<\/li>\n<li>Vy\u00f6hyke 18 muodostuu Norjasta, Tanskasta, Islannista, Liettuasta ja Puolasta.<\/li>\n<\/ol>\n<p>Vy\u00f6hykkeill\u00e4 17 ja 18 on yhteinen resurssitiimi ja Rotary International Director 2024-26, Suzan Stenberg, joka on Rotary Internationalin hallituksen j\u00e4sen. Tutustu resurssitiimiin t\u00e4st\u00e4 linkist\u00e4:\u00a0<a href=\"https:\/\/rotary.fi\/d1420\/wp-content\/uploads\/sites\/183\/2025\/10\/Resource-Team-Zones-1718-2025-2026.pdf\" rel=\"attachment wp-att-12085\">Resource Team Zones 17+18 (2025-2026)<\/a><\/p>\n<p>Vy\u00f6hykkeitt\u00e4in tai alueittain j\u00e4rjestet\u00e4\u00e4n vuosittain erilaisia koulutustilaisuuksia ja seminaareja, esimerkiksi tulevien kuvern\u00f6\u00f6rien koulutusseminaari. Lis\u00e4ksi resurssitiimin henkil\u00f6t toimivat kouluttajina, fasilitaattoreina ja puhujina alueellisissa ja piirien tapahtumissa.<\/p>\n<p>Voit tutustua vy\u00f6hykkeisiin 17 ja 18 <a href=\"https:\/\/www.rotaryzones17-18.org\/\">Rotaryzones17-18.org -sivustosta<\/a>, jossa on tiedot siihen kuuluvista piireist\u00e4 ja koordinaattoreista sek\u00e4 kaikista muistakin RI:n vy\u00f6hykkeist\u00e4.<\/p>\n<p>&nbsp;<\/p>\n<p>[\/et_pb_text][\/et_pb_column][et_pb_column type=&#8221;1_2&#8243; _builder_version=&#8221;4.16&#8243; custom_padding=&#8221;|||&#8221; global_colors_info=&#8221;{}&#8221; custom_padding__hover=&#8221;|||&#8221;][et_pb_image src=&#8221;https:\/\/rotary.fi\/d1420\/wp-content\/uploads\/sites\/183\/2024\/10\/euroopan-zone-alueet.jpg&#8221; alt=&#8221;Euroopan zone-vy\u00f6hykkeet&#8221; title_text=&#8221;Euroopan zone-alueet&#8221; align_tablet=&#8221;center&#8221; align_phone=&#8221;&#8221; align_last_edited=&#8221;on|desktop&#8221; _builder_version=&#8221;4.27.0&#8243; z_index_tablet=&#8221;500&#8243; border_width_all=&#8221;10px&#8221; border_color_all=&#8221;#ffffff&#8221; box_shadow_style=&#8221;preset1&#8243; box_shadow_blur=&#8221;5px&#8221; global_colors_info=&#8221;{}&#8221;][\/et_pb_image][\/et_pb_column][\/et_pb_row][et_pb_row custom_padding_last_edited=&#8221;on|phone&#8221; _builder_version=&#8221;4.27.0&#8243; custom_padding_tablet=&#8221;&#8221; custom_padding_phone=&#8221;&#8221; global_colors_info=&#8221;{}&#8221;][et_pb_column type=&#8221;4_4&#8243; _builder_version=&#8221;4.16&#8243; custom_padding=&#8221;|||&#8221; global_colors_info=&#8221;{}&#8221; custom_padding__hover=&#8221;|||&#8221;][et_pb_text admin_label=&#8221;Teksti aluetoimistot&#8221; _builder_version=&#8221;4.27.0&#8243; z_index_tablet=&#8221;500&#8243; box_shadow_horizontal_tablet=&#8221;0px&#8221; box_shadow_vertical_tablet=&#8221;0px&#8221; box_shadow_blur_tablet=&#8221;40px&#8221; box_shadow_spread_tablet=&#8221;0px&#8221; global_colors_info=&#8221;{}&#8221;]<\/p>\n<h3>Aluetoimistot<\/h3>\n<p>RI:ll\u00e4 on useita RI:n sihteerist\u00f6\u00f6n kuuluvia kansainv\u00e4lisi\u00e4 aluetoimistoja.<\/p>\n<p>Z\u00fcrichissa sijaitseva Euroopan ja Afrikan aluetoimisto (EAO) palvelee suomalaisia ja virolaisia rotareita. Z\u00fcrichin toimistossa ty\u00f6skentelev\u00e4 Sari Miettinen palvelee klubeja ja piirej\u00e4 suomeksi, ruotsiksi, saksaksi ja englanniksi.<\/p>\n<p>H\u00e4nen yhteytietonsa ovat:<\/p>\n<p>Name: Sari Miettinen<br \/>Title: Specialist | Nordic countries<br \/>Phone: +41 44 387 71 30<br \/>E-mail: Sari.Miettinen(at)rotary.org<\/p>\n<p>&nbsp;<\/p>\n<p>[\/et_pb_text][\/et_pb_column][\/et_pb_row][\/et_pb_section]<\/p>\n","protected":false},"excerpt":{"rendered":"<p>Pohjois-Euroopan rotaryvy\u00f6hyke \u200bRotaryn organisaatiotasotRotary on kansainv\u00e4linen organisaatio, jonka organisaatiotasot ovat: Strategisen tason muodostaa Rotary International. Operatiivinen taso muodostuu\u00a0 alueista (Regions) ja vy\u00f6hykkeist\u00e4 (Zone). Alueet ovat kahden tai useamman vy\u00f6hykkeen muodostama yhteistoimintakokonaisuus. Rotarypiiri on alueellinen hallinto- ja palveluyksikk\u00f6. Rotaryklubi on toiminnan perusyksikk\u00f6. &nbsp;Vy\u00f6hykkeet ja alueet Rotary on jaettu maailmanlaajuisesti 34 vy\u00f6hykkeeseen. Suomen rotareiden kannalta t\u00e4rkeit\u00e4 vy\u00f6hykkeit\u00e4 [&hellip;]<\/p>\n","protected":false},"author":1,"featured_media":0,"parent":0,"menu_order":5,"comment_status":"closed","ping_status":"closed","template":"","meta":{"_acf_changed":false,"_et_pb_use_builder":"on","_et_pb_old_content":"","_et_gb_content_width":"","footnotes":""},"class_list":["post-2287","page","type-page","status-publish","hentry"],"acf":[],"yoast_head":"<!-- This site is optimized with the Yoast SEO plugin v27.4 - https:\/\/yoast.com\/product\/yoast-seo-wordpress\/ -->\n<title>Pohjois-Euroopan rotaryvy\u00f6hyke - Piiri 1420<\/title>\n<meta name=\"robots\" content=\"index, follow, max-snippet:-1, max-image-preview:large, max-video-preview:-1\" \/>\n<link rel=\"canonical\" href=\"https:\/\/rotary.fi\/d1420\/pohjois-euroopan-rotaryvyohyke\/\" \/>\n<meta property=\"og:locale\" content=\"fi_FI\" \/>\n<meta property=\"og:type\" content=\"article\" \/>\n<meta property=\"og:title\" content=\"Pohjois-Euroopan rotaryvy\u00f6hyke - Piiri 1420\" \/>\n<meta property=\"og:description\" content=\"Pohjois-Euroopan rotaryvy\u00f6hyke \u200bRotaryn organisaatiotasotRotary on kansainv\u00e4linen organisaatio, jonka organisaatiotasot ovat: Strategisen tason muodostaa Rotary International. Operatiivinen taso muodostuu\u00a0 alueista (Regions) ja vy\u00f6hykkeist\u00e4 (Zone). Alueet ovat kahden tai useamman vy\u00f6hykkeen muodostama yhteistoimintakokonaisuus. Rotarypiiri on alueellinen hallinto- ja palveluyksikk\u00f6. Rotaryklubi on toiminnan perusyksikk\u00f6. &nbsp;Vy\u00f6hykkeet ja alueet Rotary on jaettu maailmanlaajuisesti 34 vy\u00f6hykkeeseen. Suomen rotareiden kannalta t\u00e4rkeit\u00e4 vy\u00f6hykkeit\u00e4 [&hellip;]\" \/>\n<meta property=\"og:url\" content=\"https:\/\/rotary.fi\/d1420\/pohjois-euroopan-rotaryvyohyke\/\" \/>\n<meta property=\"og:site_name\" content=\"Piiri 1420\" \/>\n<meta property=\"article:publisher\" content=\"https:\/\/www.facebook.com\/rotary\/\" \/>\n<meta property=\"article:modified_time\" content=\"2025-10-28T12:40:34+00:00\" \/>\n<meta name=\"twitter:card\" content=\"summary_large_image\" \/>\n<meta name=\"twitter:label1\" content=\"Arvioitu lukuaika\" \/>\n\t<meta name=\"twitter:data1\" content=\"2 minuuttia\" \/>\n<script type=\"application\/ld+json\" class=\"yoast-schema-graph\">{\"@context\":\"https:\\\/\\\/schema.org\",\"@graph\":[{\"@type\":\"WebPage\",\"@id\":\"https:\\\/\\\/rotary.fi\\\/d1420\\\/pohjois-euroopan-rotaryvyohyke\\\/\",\"url\":\"https:\\\/\\\/rotary.fi\\\/d1420\\\/pohjois-euroopan-rotaryvyohyke\\\/\",\"name\":\"Pohjois-Euroopan rotaryvy\u00f6hyke - Piiri 1420\",\"isPartOf\":{\"@id\":\"https:\\\/\\\/rotary.fi\\\/d1420\\\/#website\"},\"datePublished\":\"2019-05-02T10:02:11+00:00\",\"dateModified\":\"2025-10-28T12:40:34+00:00\",\"breadcrumb\":{\"@id\":\"https:\\\/\\\/rotary.fi\\\/d1420\\\/pohjois-euroopan-rotaryvyohyke\\\/#breadcrumb\"},\"inLanguage\":\"fi\",\"potentialAction\":[{\"@type\":\"ReadAction\",\"target\":[\"https:\\\/\\\/rotary.fi\\\/d1420\\\/pohjois-euroopan-rotaryvyohyke\\\/\"]}]},{\"@type\":\"BreadcrumbList\",\"@id\":\"https:\\\/\\\/rotary.fi\\\/d1420\\\/pohjois-euroopan-rotaryvyohyke\\\/#breadcrumb\",\"itemListElement\":[{\"@type\":\"ListItem\",\"position\":1,\"name\":\"Home\",\"item\":\"https:\\\/\\\/rotary.fi\\\/d1420\\\/\"},{\"@type\":\"ListItem\",\"position\":2,\"name\":\"Pohjois-Euroopan rotaryvy\u00f6hyke\"}]},{\"@type\":\"WebSite\",\"@id\":\"https:\\\/\\\/rotary.fi\\\/d1420\\\/#website\",\"url\":\"https:\\\/\\\/rotary.fi\\\/d1420\\\/\",\"name\":\"Piiri 1420\",\"description\":\"Suomen Rotary\",\"potentialAction\":[{\"@type\":\"SearchAction\",\"target\":{\"@type\":\"EntryPoint\",\"urlTemplate\":\"https:\\\/\\\/rotary.fi\\\/d1420\\\/?s={search_term_string}\"},\"query-input\":{\"@type\":\"PropertyValueSpecification\",\"valueRequired\":true,\"valueName\":\"search_term_string\"}}],\"inLanguage\":\"fi\"}]}<\/script>\n<!-- \/ Yoast SEO plugin. -->","yoast_head_json":{"title":"Pohjois-Euroopan rotaryvy\u00f6hyke - Piiri 1420","robots":{"index":"index","follow":"follow","max-snippet":"max-snippet:-1","max-image-preview":"max-image-preview:large","max-video-preview":"max-video-preview:-1"},"canonical":"https:\/\/rotary.fi\/d1420\/pohjois-euroopan-rotaryvyohyke\/","og_locale":"fi_FI","og_type":"article","og_title":"Pohjois-Euroopan rotaryvy\u00f6hyke - Piiri 1420","og_description":"Pohjois-Euroopan rotaryvy\u00f6hyke \u200bRotaryn organisaatiotasotRotary on kansainv\u00e4linen organisaatio, jonka organisaatiotasot ovat: Strategisen tason muodostaa Rotary International. Operatiivinen taso muodostuu\u00a0 alueista (Regions) ja vy\u00f6hykkeist\u00e4 (Zone). Alueet ovat kahden tai useamman vy\u00f6hykkeen muodostama yhteistoimintakokonaisuus. Rotarypiiri on alueellinen hallinto- ja palveluyksikk\u00f6. Rotaryklubi on toiminnan perusyksikk\u00f6. &nbsp;Vy\u00f6hykkeet ja alueet Rotary on jaettu maailmanlaajuisesti 34 vy\u00f6hykkeeseen. Suomen rotareiden kannalta t\u00e4rkeit\u00e4 vy\u00f6hykkeit\u00e4 [&hellip;]","og_url":"https:\/\/rotary.fi\/d1420\/pohjois-euroopan-rotaryvyohyke\/","og_site_name":"Piiri 1420","article_publisher":"https:\/\/www.facebook.com\/rotary\/","article_modified_time":"2025-10-28T12:40:34+00:00","twitter_card":"summary_large_image","twitter_misc":{"Arvioitu lukuaika":"2 minuuttia"},"schema":{"@context":"https:\/\/schema.org","@graph":[{"@type":"WebPage","@id":"https:\/\/rotary.fi\/d1420\/pohjois-euroopan-rotaryvyohyke\/","url":"https:\/\/rotary.fi\/d1420\/pohjois-euroopan-rotaryvyohyke\/","name":"Pohjois-Euroopan rotaryvy\u00f6hyke - Piiri 1420","isPartOf":{"@id":"https:\/\/rotary.fi\/d1420\/#website"},"datePublished":"2019-05-02T10:02:11+00:00","dateModified":"2025-10-28T12:40:34+00:00","breadcrumb":{"@id":"https:\/\/rotary.fi\/d1420\/pohjois-euroopan-rotaryvyohyke\/#breadcrumb"},"inLanguage":"fi","potentialAction":[{"@type":"ReadAction","target":["https:\/\/rotary.fi\/d1420\/pohjois-euroopan-rotaryvyohyke\/"]}]},{"@type":"BreadcrumbList","@id":"https:\/\/rotary.fi\/d1420\/pohjois-euroopan-rotaryvyohyke\/#breadcrumb","itemListElement":[{"@type":"ListItem","position":1,"name":"Home","item":"https:\/\/rotary.fi\/d1420\/"},{"@type":"ListItem","position":2,"name":"Pohjois-Euroopan rotaryvy\u00f6hyke"}]},{"@type":"WebSite","@id":"https:\/\/rotary.fi\/d1420\/#website","url":"https:\/\/rotary.fi\/d1420\/","name":"Piiri 1420","description":"Suomen Rotary","potentialAction":[{"@type":"SearchAction","target":{"@type":"EntryPoint","urlTemplate":"https:\/\/rotary.fi\/d1420\/?s={search_term_string}"},"query-input":{"@type":"PropertyValueSpecification","valueRequired":true,"valueName":"search_term_string"}}],"inLanguage":"fi"}]}},"lang":"fi","translations":{"fi":2287,"sv":2650,"et":3529,"en":9589},"pll_sync_post":[],"_links":{"self":[{"href":"https:\/\/rotary.fi\/d1420\/wp-json\/wp\/v2\/pages\/2287","targetHints":{"allow":["GET"]}}],"collection":[{"href":"https:\/\/rotary.fi\/d1420\/wp-json\/wp\/v2\/pages"}],"about":[{"href":"https:\/\/rotary.fi\/d1420\/wp-json\/wp\/v2\/types\/page"}],"author":[{"embeddable":true,"href":"https:\/\/rotary.fi\/d1420\/wp-json\/wp\/v2\/users\/1"}],"replies":[{"embeddable":true,"href":"https:\/\/rotary.fi\/d1420\/wp-json\/wp\/v2\/comments?post=2287"}],"version-history":[{"count":9,"href":"https:\/\/rotary.fi\/d1420\/wp-json\/wp\/v2\/pages\/2287\/revisions"}],"predecessor-version":[{"id":12087,"href":"https:\/\/rotary.fi\/d1420\/wp-json\/wp\/v2\/pages\/2287\/revisions\/12087"}],"wp:attachment":[{"href":"https:\/\/rotary.fi\/d1420\/wp-json\/wp\/v2\/media?parent=2287"}],"curies":[{"name":"wp","href":"https:\/\/api.w.org\/{rel}","templated":true}]}}