{"id":14281,"date":"2026-05-11T16:27:10","date_gmt":"2026-05-11T14:27:10","guid":{"rendered":"https:\/\/rotary.fi\/d1420\/?page_id=14281"},"modified":"2026-05-11T16:33:49","modified_gmt":"2026-05-11T14:33:49","slug":"vardfamilj-for-en-utbytesstudent","status":"publish","type":"page","link":"https:\/\/rotary.fi\/d1420\/sv\/det-har-gor-vi\/ungdomsutbytet\/vardfamilj-for-en-utbytesstudent\/","title":{"rendered":"Som v\u00e4rdfamilj f\u00f6r en utbytesstudent"},"content":{"rendered":"<p>[et_pb_section fb_built=&#8221;1&#8243; _builder_version=&#8221;4.27.6&#8243; _module_preset=&#8221;default&#8221; background_color=&#8221;#ffffff&#8221; background_image=&#8221;https:\/\/rotary.fi\/d1420\/wp-content\/uploads\/sites\/183\/2026\/05\/d1420-piirikonferenssi-vaihto-oppilaat.jpg&#8221; background_position=&#8221;top_center&#8221; background_vertical_offset=&#8221;15%&#8221; width=&#8221;100%&#8221; max_width=&#8221;100%&#8221; height=&#8221;401px&#8221; max_height=&#8221;400px&#8221; global_colors_info=&#8221;{}&#8221;][et_pb_row _builder_version=&#8221;4.27.6&#8243; _module_preset=&#8221;default&#8221; background_enable_image=&#8221;off&#8221; background_position=&#8221;top_center&#8221; background_vertical_offset=&#8221;18%&#8221; width=&#8221;100%&#8221; max_width=&#8221;1920px&#8221; min_height=&#8221;596px&#8221; height=&#8221;598px&#8221; max_height=&#8221;598px&#8221; global_colors_info=&#8221;{}&#8221;][et_pb_column type=&#8221;4_4&#8243; _builder_version=&#8221;4.27.6&#8243; _module_preset=&#8221;default&#8221; background_image=&#8221;https:\/\/rotary.fi\/d1420\/wp-content\/uploads\/sites\/183\/2026\/05\/d1420-piirikonferenssi-vaihto-oppilaat.jpg&#8221; background_position=&#8221;top_right&#8221; background_horizontal_offset=&#8221;0%&#8221; background_vertical_offset=&#8221;16%&#8221; global_colors_info=&#8221;{}&#8221;][\/et_pb_column][\/et_pb_row][\/et_pb_section][et_pb_section fb_built=&#8221;1&#8243; _builder_version=&#8221;4.27.6&#8243; _module_preset=&#8221;default&#8221; background_color=&#8221;#ffffff&#8221; global_colors_info=&#8221;{}&#8221;][et_pb_row _builder_version=&#8221;4.27.6&#8243; _module_preset=&#8221;default&#8221; width=&#8221;100%&#8221; global_colors_info=&#8221;{}&#8221;][et_pb_column type=&#8221;4_4&#8243; _builder_version=&#8221;4.27.6&#8243; _module_preset=&#8221;default&#8221; global_colors_info=&#8221;{}&#8221;][et_pb_text _builder_version=&#8221;4.27.6&#8243; _module_preset=&#8221;default&#8221; global_colors_info=&#8221;{}&#8221;]<\/p>\n<h2>Som v\u00e4rdfamilj f\u00f6r en utbytesstudent<\/h2>\n<p>[\/et_pb_text][\/et_pb_column][\/et_pb_row][et_pb_row column_structure=&#8221;3_5,2_5&#8243; _builder_version=&#8221;4.27.6&#8243; _module_preset=&#8221;default&#8221; width=&#8221;100%&#8221; global_colors_info=&#8221;{}&#8221;][et_pb_column type=&#8221;3_5&#8243; _builder_version=&#8221;4.27.6&#8243; _module_preset=&#8221;default&#8221; global_colors_info=&#8221;{}&#8221;][et_pb_text _builder_version=&#8221;4.27.6&#8243; _module_preset=&#8221;default&#8221; global_colors_info=&#8221;{}&#8221;]<\/p>\n<p>Rotarydistriktets klubbar s\u00f6ker v\u00e4rdfamiljer f\u00f6r utbytesstudenter som kommer p\u00e5 ett \u00e5rsutbyte. Utbytesstudenterna kommer fr\u00e5n olika delar av v\u00e4rlden och \u00e4r ungdomar i \u00e5ldern 15\u201318 \u00e5r. De g\u00e5r i finl\u00e4ndskt gymnasium under ett l\u00e4s\u00e5r.<\/p>\n<ul>\n<li>Familjen fungerar som v\u00e4rdfamilj i 3\u20134 m\u00e5nader<\/li>\n<li>Alla typer av familjer \u00e4r v\u00e4lkomna<\/li>\n<li>Utbytesstudenten beh\u00f6ver ett eget rum, mat och omsorg<\/li>\n<li>Hemmet kan ligga var som helst. Vi s\u00f6ker en rotaryklubb och en utbytesstudent n\u00e4ra ert hem.<\/li>\n<li>Rotarianerna erbjuder utbildning f\u00f6r familjerna samt betalar utbytesstudentens bussbiljett och fickpengar.<\/li>\n<li>Som motprestation f\u00e5r familjen l\u00e4ra k\u00e4nna en ny m\u00e4nniska och kultur, mod att tala ett fr\u00e4mmande spr\u00e5k, m\u00f6jlighet att presentera Finland och samla minnen f\u00f6r livet!<\/li>\n<\/ul>\n<p>&nbsp;<\/p>\n<p>&nbsp;<\/p>\n<p>[\/et_pb_text][\/et_pb_column][et_pb_column type=&#8221;2_5&#8243; _builder_version=&#8221;4.27.6&#8243; _module_preset=&#8221;default&#8221; global_colors_info=&#8221;{}&#8221;][et_pb_image src=&#8221;https:\/\/rotary.fi\/d1420\/wp-content\/uploads\/sites\/183\/2026\/05\/md-iiyfsvogwsb81eq0.jpg&#8221; title_text=&#8221;md_IiyfSvoGwSB81EQ0&#8243; _builder_version=&#8221;4.27.6&#8243; _module_preset=&#8221;default&#8221; global_colors_info=&#8221;{}&#8221;][\/et_pb_image][\/et_pb_column][\/et_pb_row][et_pb_row _builder_version=&#8221;4.27.6&#8243; _module_preset=&#8221;default&#8221; width=&#8221;100%&#8221; global_colors_info=&#8221;{}&#8221;][et_pb_column type=&#8221;4_4&#8243; _builder_version=&#8221;4.27.6&#8243; _module_preset=&#8221;default&#8221; global_colors_info=&#8221;{}&#8221;][et_pb_text _builder_version=&#8221;4.27.6&#8243; _module_preset=&#8221;default&#8221; global_colors_info=&#8221;{}&#8221;]<\/p>\n<p>L\u00e4s mer om att vara v\u00e4rdfamilj p\u00e5 Rotarys ungdomsutbytessidor: <a href=\"https:\/\/rye.fi\/isantaperheeksi\/miksi-isantaperheeksi\/\">https:\/\/rye.fi\/isantaperheeksi\/miksi-isantaperheeksi\/<\/a><\/p>\n<p>Ta g\u00e4rna kontakt via formul\u00e4ret nedan om din familj \u00e4r intresserad av att vara v\u00e4rdfamilj!<\/p>\n<p>&nbsp;<\/p>\n<p>[\/et_pb_text][et_pb_contact_form email=&#8221;jari.karpakka@kolumbus.fi&#8221; title=&#8221;Jag vill ha mer information om att vara v\u00e4rdfamilj.&#8221; custom_message=&#8221;Jag vill ha mer information om att vara v\u00e4rdfamilj.||et_pb_line_break_holder||||et_pb_line_break_holder||%%message%%||et_pb_line_break_holder||||et_pb_line_break_holder||Mina kontaktuppgifter:  %%name%%, mitt telefonnummer \u00e4r %%puhelinnumero%%, min e-postadress \u00e4r  %%email%%, mitt postnummer \u00e4r  %%postinumero%%, ||et_pb_line_break_holder||||et_pb_line_break_holder||%%yhteydenottotapa%%. ||et_pb_line_break_holder||||et_pb_line_break_holder||Med v\u00e4nlig h\u00e4lsning %%name%%&#8221; success_message=&#8221;Tack f\u00f6r ditt intresse f\u00f6r rotarianernas utbytesstudentverksamhet. Vi kontaktar dig.&#8221; submit_button_text=&#8221;Skicka kontaktf\u00f6rfr\u00e5gan&#8221; _builder_version=&#8221;4.27.6&#8243; _module_preset=&#8221;default&#8221; _unique_id=&#8221;7397bd68-8efc-4bf1-bfb4-188ef8891bc8&#8243; form_field_text_color=&#8221;#263B4C&#8221; title_level=&#8221;h3&#8243; title_text_color=&#8221;#019FCB&#8221; captcha_text_color=&#8221;#263B4C&#8221; hover_enabled=&#8221;0&#8243; global_colors_info=&#8221;{}&#8221; sticky_enabled=&#8221;0&#8243;][et_pb_contact_field field_id=&#8221;Name&#8221; field_title=&#8221;Namn&#8221; required_mark=&#8221;off&#8221; _builder_version=&#8221;4.27.6&#8243; form_field_background_color=&#8221;#F8F9FA&#8221; form_field_text_color=&#8221;#263B4C&#8221; width=&#8221;50%&#8221; max_width=&#8221;50%&#8221; border_width_all=&#8221;1px&#8221; border_color_all=&#8221;#263B4C&#8221; global_colors_info=&#8221;{}&#8221; button_text_size__hover_enabled=&#8221;off&#8221; button_one_text_size__hover_enabled=&#8221;off&#8221; button_two_text_size__hover_enabled=&#8221;off&#8221; button_text_color__hover_enabled=&#8221;off&#8221; button_one_text_color__hover_enabled=&#8221;off&#8221; button_two_text_color__hover_enabled=&#8221;off&#8221; button_border_width__hover_enabled=&#8221;off&#8221; button_one_border_width__hover_enabled=&#8221;off&#8221; button_two_border_width__hover_enabled=&#8221;off&#8221; button_border_color__hover_enabled=&#8221;off&#8221; button_one_border_color__hover_enabled=&#8221;off&#8221; button_two_border_color__hover_enabled=&#8221;off&#8221; button_border_radius__hover_enabled=&#8221;off&#8221; button_one_border_radius__hover_enabled=&#8221;off&#8221; button_two_border_radius__hover_enabled=&#8221;off&#8221; button_letter_spacing__hover_enabled=&#8221;off&#8221; button_one_letter_spacing__hover_enabled=&#8221;off&#8221; button_two_letter_spacing__hover_enabled=&#8221;off&#8221; button_bg_color__hover_enabled=&#8221;off&#8221; button_one_bg_color__hover_enabled=&#8221;off&#8221; button_two_bg_color__hover_enabled=&#8221;off&#8221;][\/et_pb_contact_field][et_pb_contact_field field_id=&#8221;Email&#8221; field_title=&#8221;E-postadress&#8221; field_type=&#8221;email&#8221; _builder_version=&#8221;4.27.6&#8243; form_field_background_color=&#8221;#F8F9FA&#8221; form_field_text_color=&#8221;#263B4C&#8221; width=&#8221;50%&#8221; max_width=&#8221;50%&#8221; border_width_all=&#8221;1px&#8221; border_color_all=&#8221;#263B4C&#8221; global_colors_info=&#8221;{}&#8221; button_text_size__hover_enabled=&#8221;off&#8221; button_one_text_size__hover_enabled=&#8221;off&#8221; button_two_text_size__hover_enabled=&#8221;off&#8221; button_text_color__hover_enabled=&#8221;off&#8221; button_one_text_color__hover_enabled=&#8221;off&#8221; button_two_text_color__hover_enabled=&#8221;off&#8221; button_border_width__hover_enabled=&#8221;off&#8221; button_one_border_width__hover_enabled=&#8221;off&#8221; button_two_border_width__hover_enabled=&#8221;off&#8221; button_border_color__hover_enabled=&#8221;off&#8221; button_one_border_color__hover_enabled=&#8221;off&#8221; button_two_border_color__hover_enabled=&#8221;off&#8221; button_border_radius__hover_enabled=&#8221;off&#8221; button_one_border_radius__hover_enabled=&#8221;off&#8221; button_two_border_radius__hover_enabled=&#8221;off&#8221; button_letter_spacing__hover_enabled=&#8221;off&#8221; button_one_letter_spacing__hover_enabled=&#8221;off&#8221; button_two_letter_spacing__hover_enabled=&#8221;off&#8221; button_bg_color__hover_enabled=&#8221;off&#8221; button_one_bg_color__hover_enabled=&#8221;off&#8221; button_two_bg_color__hover_enabled=&#8221;off&#8221;][\/et_pb_contact_field][et_pb_contact_field field_id=&#8221;Puhelinnumero&#8221; field_title=&#8221;Telefonnummer&#8221; fullwidth_field=&#8221;on&#8221; _builder_version=&#8221;4.27.6&#8243; _module_preset=&#8221;default&#8221; form_field_background_color=&#8221;#F8F9FA&#8221; form_field_text_color=&#8221;#263B4C&#8221; width=&#8221;50%&#8221; max_width=&#8221;50%&#8221; border_width_all=&#8221;1px&#8221; border_color_all=&#8221;#263B4C&#8221; global_colors_info=&#8221;{}&#8221;][\/et_pb_contact_field][et_pb_contact_field field_id=&#8221;Postinumero&#8221; field_title=&#8221;Postnummer&#8221; fullwidth_field=&#8221;on&#8221; _builder_version=&#8221;4.27.6&#8243; _module_preset=&#8221;default&#8221; form_field_background_color=&#8221;#F8F9FA&#8221; form_field_text_color=&#8221;#263B4C&#8221; width=&#8221;50%&#8221; max_width=&#8221;49%&#8221; border_width_all=&#8221;1px&#8221; border_color_all=&#8221;#263B4C&#8221; global_colors_info=&#8221;{}&#8221;][\/et_pb_contact_field][et_pb_contact_field field_id=&#8221;Message&#8221; field_title=&#8221;e-postmeddelande&#8221; field_type=&#8221;text&#8221; fullwidth_field=&#8221;on&#8221; _builder_version=&#8221;4.27.6&#8243; form_field_background_color=&#8221;#F8F9FA&#8221; form_field_text_color=&#8221;#263B4C&#8221; border_width_all=&#8221;1px&#8221; border_color_all=&#8221;#263B4C&#8221; global_colors_info=&#8221;{}&#8221; button_text_size__hover_enabled=&#8221;off&#8221; button_one_text_size__hover_enabled=&#8221;off&#8221; button_two_text_size__hover_enabled=&#8221;off&#8221; button_text_color__hover_enabled=&#8221;off&#8221; button_one_text_color__hover_enabled=&#8221;off&#8221; button_two_text_color__hover_enabled=&#8221;off&#8221; button_border_width__hover_enabled=&#8221;off&#8221; button_one_border_width__hover_enabled=&#8221;off&#8221; button_two_border_width__hover_enabled=&#8221;off&#8221; button_border_color__hover_enabled=&#8221;off&#8221; button_one_border_color__hover_enabled=&#8221;off&#8221; button_two_border_color__hover_enabled=&#8221;off&#8221; button_border_radius__hover_enabled=&#8221;off&#8221; button_one_border_radius__hover_enabled=&#8221;off&#8221; button_two_border_radius__hover_enabled=&#8221;off&#8221; button_letter_spacing__hover_enabled=&#8221;off&#8221; button_one_letter_spacing__hover_enabled=&#8221;off&#8221; button_two_letter_spacing__hover_enabled=&#8221;off&#8221; button_bg_color__hover_enabled=&#8221;off&#8221; button_one_bg_color__hover_enabled=&#8221;off&#8221; button_two_bg_color__hover_enabled=&#8221;off&#8221;][\/et_pb_contact_field][et_pb_contact_field field_id=&#8221;Yhteydenottotapa&#8221; field_title=&#8221;Hur vill du bli kontaktad?&#8221; field_type=&#8221;radio&#8221; radio_options=&#8221;%91{%22value%22:%22Jag vill bli kontaktad via e-post.%22,%22checked%22:0,%22dragID%22:-1},{%22value%22:%22Jag vill bli kontaktad per telefon.%22,%22checked%22:0,%22dragID%22:0}%93&#8243; required_mark=&#8221;off&#8221; fullwidth_field=&#8221;on&#8221; _builder_version=&#8221;4.27.6&#8243; _module_preset=&#8221;default&#8221; form_field_background_color=&#8221;#F8F9FA&#8221; form_field_text_color=&#8221;#263B4C&#8221; border_width_all=&#8221;1px&#8221; global_colors_info=&#8221;{}&#8221;][\/et_pb_contact_field][\/et_pb_contact_form][\/et_pb_column][\/et_pb_row][\/et_pb_section]<\/p>\n","protected":false},"excerpt":{"rendered":"<p>Som v\u00e4rdfamilj f\u00f6r en utbytesstudentRotarydistriktets klubbar s\u00f6ker v\u00e4rdfamiljer f\u00f6r utbytesstudenter som kommer p\u00e5 ett \u00e5rsutbyte. Utbytesstudenterna kommer fr\u00e5n olika delar av v\u00e4rlden och \u00e4r ungdomar i \u00e5ldern 15\u201318 \u00e5r. De g\u00e5r i finl\u00e4ndskt gymnasium under ett l\u00e4s\u00e5r. Familjen fungerar som v\u00e4rdfamilj i 3\u20134 m\u00e5nader Alla typer av familjer \u00e4r v\u00e4lkomna Utbytesstudenten beh\u00f6ver ett eget rum, [&hellip;]<\/p>\n","protected":false},"author":26,"featured_media":0,"parent":2665,"menu_order":0,"comment_status":"closed","ping_status":"closed","template":"","meta":{"_acf_changed":false,"_et_pb_use_builder":"on","_et_pb_old_content":"","_et_gb_content_width":"","footnotes":""},"class_list":["post-14281","page","type-page","status-publish","hentry"],"acf":[],"yoast_head":"<!-- This site is optimized with the Yoast SEO plugin v27.4 - https:\/\/yoast.com\/product\/yoast-seo-wordpress\/ -->\n<title>Som v\u00e4rdfamilj f\u00f6r en utbytesstudent - Piiri 1420<\/title>\n<meta name=\"robots\" content=\"index, follow, max-snippet:-1, max-image-preview:large, max-video-preview:-1\" \/>\n<link rel=\"canonical\" href=\"https:\/\/rotary.fi\/d1420\/sv\/det-har-gor-vi\/ungdomsutbytet\/vardfamilj-for-en-utbytesstudent\/\" \/>\n<meta property=\"og:locale\" content=\"fi_FI\" \/>\n<meta property=\"og:type\" content=\"article\" \/>\n<meta property=\"og:title\" content=\"Som v\u00e4rdfamilj f\u00f6r en utbytesstudent - Piiri 1420\" \/>\n<meta property=\"og:description\" content=\"Som v\u00e4rdfamilj f\u00f6r en utbytesstudentRotarydistriktets klubbar s\u00f6ker v\u00e4rdfamiljer f\u00f6r utbytesstudenter som kommer p\u00e5 ett \u00e5rsutbyte. Utbytesstudenterna kommer fr\u00e5n olika delar av v\u00e4rlden och \u00e4r ungdomar i \u00e5ldern 15\u201318 \u00e5r. De g\u00e5r i finl\u00e4ndskt gymnasium under ett l\u00e4s\u00e5r. Familjen fungerar som v\u00e4rdfamilj i 3\u20134 m\u00e5nader Alla typer av familjer \u00e4r v\u00e4lkomna Utbytesstudenten beh\u00f6ver ett eget rum, [&hellip;]\" \/>\n<meta property=\"og:url\" content=\"https:\/\/rotary.fi\/d1420\/sv\/det-har-gor-vi\/ungdomsutbytet\/vardfamilj-for-en-utbytesstudent\/\" \/>\n<meta property=\"og:site_name\" content=\"Piiri 1420\" \/>\n<meta property=\"article:publisher\" content=\"https:\/\/www.facebook.com\/rotary\/\" \/>\n<meta property=\"article:modified_time\" content=\"2026-05-11T14:33:49+00:00\" \/>\n<meta name=\"twitter:card\" content=\"summary_large_image\" \/>\n<meta name=\"twitter:label1\" content=\"Arvioitu lukuaika\" \/>\n\t<meta name=\"twitter:data1\" content=\"2 minuuttia\" \/>\n<script type=\"application\/ld+json\" class=\"yoast-schema-graph\">{\"@context\":\"https:\\\/\\\/schema.org\",\"@graph\":[{\"@type\":\"WebPage\",\"@id\":\"https:\\\/\\\/rotary.fi\\\/d1420\\\/sv\\\/det-har-gor-vi\\\/ungdomsutbytet\\\/vardfamilj-for-en-utbytesstudent\\\/\",\"url\":\"https:\\\/\\\/rotary.fi\\\/d1420\\\/sv\\\/det-har-gor-vi\\\/ungdomsutbytet\\\/vardfamilj-for-en-utbytesstudent\\\/\",\"name\":\"Som v\u00e4rdfamilj f\u00f6r en utbytesstudent - Piiri 1420\",\"isPartOf\":{\"@id\":\"https:\\\/\\\/rotary.fi\\\/d1420\\\/#website\"},\"datePublished\":\"2026-05-11T14:27:10+00:00\",\"dateModified\":\"2026-05-11T14:33:49+00:00\",\"breadcrumb\":{\"@id\":\"https:\\\/\\\/rotary.fi\\\/d1420\\\/sv\\\/det-har-gor-vi\\\/ungdomsutbytet\\\/vardfamilj-for-en-utbytesstudent\\\/#breadcrumb\"},\"inLanguage\":\"fi\",\"potentialAction\":[{\"@type\":\"ReadAction\",\"target\":[\"https:\\\/\\\/rotary.fi\\\/d1420\\\/sv\\\/det-har-gor-vi\\\/ungdomsutbytet\\\/vardfamilj-for-en-utbytesstudent\\\/\"]}]},{\"@type\":\"BreadcrumbList\",\"@id\":\"https:\\\/\\\/rotary.fi\\\/d1420\\\/sv\\\/det-har-gor-vi\\\/ungdomsutbytet\\\/vardfamilj-for-en-utbytesstudent\\\/#breadcrumb\",\"itemListElement\":[{\"@type\":\"ListItem\",\"position\":1,\"name\":\"Home\",\"item\":\"https:\\\/\\\/rotary.fi\\\/d1420\\\/\"},{\"@type\":\"ListItem\",\"position\":2,\"name\":\"Det h\u00e4r g\u00f6r vi\",\"item\":\"https:\\\/\\\/rotary.fi\\\/d1420\\\/sv\\\/det-har-gor-vi\\\/\"},{\"@type\":\"ListItem\",\"position\":3,\"name\":\"Ungdomsutbytet\",\"item\":\"https:\\\/\\\/rotary.fi\\\/d1420\\\/sv\\\/det-har-gor-vi\\\/ungdomsutbytet\\\/\"},{\"@type\":\"ListItem\",\"position\":4,\"name\":\"Som v\u00e4rdfamilj f\u00f6r en utbytesstudent\"}]},{\"@type\":\"WebSite\",\"@id\":\"https:\\\/\\\/rotary.fi\\\/d1420\\\/#website\",\"url\":\"https:\\\/\\\/rotary.fi\\\/d1420\\\/\",\"name\":\"Piiri 1420\",\"description\":\"Suomen Rotary\",\"potentialAction\":[{\"@type\":\"SearchAction\",\"target\":{\"@type\":\"EntryPoint\",\"urlTemplate\":\"https:\\\/\\\/rotary.fi\\\/d1420\\\/?s={search_term_string}\"},\"query-input\":{\"@type\":\"PropertyValueSpecification\",\"valueRequired\":true,\"valueName\":\"search_term_string\"}}],\"inLanguage\":\"fi\"}]}<\/script>\n<!-- \/ Yoast SEO plugin. -->","yoast_head_json":{"title":"Som v\u00e4rdfamilj f\u00f6r en utbytesstudent - Piiri 1420","robots":{"index":"index","follow":"follow","max-snippet":"max-snippet:-1","max-image-preview":"max-image-preview:large","max-video-preview":"max-video-preview:-1"},"canonical":"https:\/\/rotary.fi\/d1420\/sv\/det-har-gor-vi\/ungdomsutbytet\/vardfamilj-for-en-utbytesstudent\/","og_locale":"fi_FI","og_type":"article","og_title":"Som v\u00e4rdfamilj f\u00f6r en utbytesstudent - Piiri 1420","og_description":"Som v\u00e4rdfamilj f\u00f6r en utbytesstudentRotarydistriktets klubbar s\u00f6ker v\u00e4rdfamiljer f\u00f6r utbytesstudenter som kommer p\u00e5 ett \u00e5rsutbyte. Utbytesstudenterna kommer fr\u00e5n olika delar av v\u00e4rlden och \u00e4r ungdomar i \u00e5ldern 15\u201318 \u00e5r. De g\u00e5r i finl\u00e4ndskt gymnasium under ett l\u00e4s\u00e5r. Familjen fungerar som v\u00e4rdfamilj i 3\u20134 m\u00e5nader Alla typer av familjer \u00e4r v\u00e4lkomna Utbytesstudenten beh\u00f6ver ett eget rum, [&hellip;]","og_url":"https:\/\/rotary.fi\/d1420\/sv\/det-har-gor-vi\/ungdomsutbytet\/vardfamilj-for-en-utbytesstudent\/","og_site_name":"Piiri 1420","article_publisher":"https:\/\/www.facebook.com\/rotary\/","article_modified_time":"2026-05-11T14:33:49+00:00","twitter_card":"summary_large_image","twitter_misc":{"Arvioitu lukuaika":"2 minuuttia"},"schema":{"@context":"https:\/\/schema.org","@graph":[{"@type":"WebPage","@id":"https:\/\/rotary.fi\/d1420\/sv\/det-har-gor-vi\/ungdomsutbytet\/vardfamilj-for-en-utbytesstudent\/","url":"https:\/\/rotary.fi\/d1420\/sv\/det-har-gor-vi\/ungdomsutbytet\/vardfamilj-for-en-utbytesstudent\/","name":"Som v\u00e4rdfamilj f\u00f6r en utbytesstudent - Piiri 1420","isPartOf":{"@id":"https:\/\/rotary.fi\/d1420\/#website"},"datePublished":"2026-05-11T14:27:10+00:00","dateModified":"2026-05-11T14:33:49+00:00","breadcrumb":{"@id":"https:\/\/rotary.fi\/d1420\/sv\/det-har-gor-vi\/ungdomsutbytet\/vardfamilj-for-en-utbytesstudent\/#breadcrumb"},"inLanguage":"fi","potentialAction":[{"@type":"ReadAction","target":["https:\/\/rotary.fi\/d1420\/sv\/det-har-gor-vi\/ungdomsutbytet\/vardfamilj-for-en-utbytesstudent\/"]}]},{"@type":"BreadcrumbList","@id":"https:\/\/rotary.fi\/d1420\/sv\/det-har-gor-vi\/ungdomsutbytet\/vardfamilj-for-en-utbytesstudent\/#breadcrumb","itemListElement":[{"@type":"ListItem","position":1,"name":"Home","item":"https:\/\/rotary.fi\/d1420\/"},{"@type":"ListItem","position":2,"name":"Det h\u00e4r g\u00f6r vi","item":"https:\/\/rotary.fi\/d1420\/sv\/det-har-gor-vi\/"},{"@type":"ListItem","position":3,"name":"Ungdomsutbytet","item":"https:\/\/rotary.fi\/d1420\/sv\/det-har-gor-vi\/ungdomsutbytet\/"},{"@type":"ListItem","position":4,"name":"Som v\u00e4rdfamilj f\u00f6r en utbytesstudent"}]},{"@type":"WebSite","@id":"https:\/\/rotary.fi\/d1420\/#website","url":"https:\/\/rotary.fi\/d1420\/","name":"Piiri 1420","description":"Suomen Rotary","potentialAction":[{"@type":"SearchAction","target":{"@type":"EntryPoint","urlTemplate":"https:\/\/rotary.fi\/d1420\/?s={search_term_string}"},"query-input":{"@type":"PropertyValueSpecification","valueRequired":true,"valueName":"search_term_string"}}],"inLanguage":"fi"}]}},"lang":"sv","translations":{"sv":14281,"et":14302,"fi":14100,"en":14292},"pll_sync_post":[],"_links":{"self":[{"href":"https:\/\/rotary.fi\/d1420\/wp-json\/wp\/v2\/pages\/14281","targetHints":{"allow":["GET"]}}],"collection":[{"href":"https:\/\/rotary.fi\/d1420\/wp-json\/wp\/v2\/pages"}],"about":[{"href":"https:\/\/rotary.fi\/d1420\/wp-json\/wp\/v2\/types\/page"}],"author":[{"embeddable":true,"href":"https:\/\/rotary.fi\/d1420\/wp-json\/wp\/v2\/users\/26"}],"replies":[{"embeddable":true,"href":"https:\/\/rotary.fi\/d1420\/wp-json\/wp\/v2\/comments?post=14281"}],"version-history":[{"count":5,"href":"https:\/\/rotary.fi\/d1420\/wp-json\/wp\/v2\/pages\/14281\/revisions"}],"predecessor-version":[{"id":14289,"href":"https:\/\/rotary.fi\/d1420\/wp-json\/wp\/v2\/pages\/14281\/revisions\/14289"}],"up":[{"embeddable":true,"href":"https:\/\/rotary.fi\/d1420\/wp-json\/wp\/v2\/pages\/2665"}],"wp:attachment":[{"href":"https:\/\/rotary.fi\/d1420\/wp-json\/wp\/v2\/media?parent=14281"}],"curies":[{"name":"wp","href":"https:\/\/api.w.org\/{rel}","templated":true}]}}